{"id":1069,"date":"2022-07-27T19:06:34","date_gmt":"2022-07-27T19:06:34","guid":{"rendered":"https:\/\/lojaopening.com.br\/shopp\/?page_id=1069"},"modified":"2022-08-11T14:08:07","modified_gmt":"2022-08-11T14:08:07","slug":"clientes","status":"publish","type":"page","link":"https:\/\/lojaopening.com.br\/shopp\/clientes\/","title":{"rendered":"Clientes"},"content":{"rendered":"\t\t<div data-elementor-type=\"wp-page\" data-elementor-id=\"1069\" class=\"elementor elementor-1069\">\n\t\t\t\t\t\t<section class=\"elementor-section elementor-top-section elementor-element elementor-element-8a75e7c elementor-section-boxed elementor-section-height-default elementor-section-height-default\" data-id=\"8a75e7c\" data-element_type=\"section\">\n\t\t\t\t\t\t<div class=\"elementor-container elementor-column-gap-default\">\n\t\t\t\t\t<div class=\"elementor-column elementor-col-100 elementor-top-column elementor-element elementor-element-e54c585\" data-id=\"e54c585\" data-element_type=\"column\">\n\t\t\t<div class=\"elementor-widget-wrap elementor-element-populated\">\n\t\t\t\t\t\t<div class=\"elementor-element elementor-element-0771ca2 elementor-widget elementor-widget-heading\" data-id=\"0771ca2\" data-element_type=\"widget\" data-widget_type=\"heading.default\">\n\t\t\t\t<div class=\"elementor-widget-container\">\n\t\t\t\t\t<p class=\"elementor-heading-title elementor-size-default\"><a href=\"https:\/\/lojaopening.com.br\/shopp\/contato\/\">Caso seja da \u00e1rea de compras de qualquer empresa abaixo, entre em contato conosco para realizar uma cota\u00e7\u00e3o.<\/a><\/p>\t\t\t\t<\/div>\n\t\t\t\t<\/div>\n\t\t\t\t<div class=\"elementor-element elementor-element-e590511 elementor-widget elementor-widget-image-gallery\" data-id=\"e590511\" data-element_type=\"widget\" data-widget_type=\"image-gallery.default\">\n\t\t\t\t<div class=\"elementor-widget-container\">\n\t\t\t\t\t\t\t<div class=\"elementor-image-gallery\">\n\t\t\t\n\t\t<style type=\"text\/css\">\n\t\t\t#gallery-1 {\n\t\t\t\tmargin: auto;\n\t\t\t}\n\t\t\t#gallery-1 .gallery-item {\n\t\t\t\tfloat: left;\n\t\t\t\tmargin-top: 10px;\n\t\t\t\ttext-align: center;\n\t\t\t\twidth: 33%;\n\t\t\t}\n\t\t\t#gallery-1 img {\n\t\t\t\tborder: 2px solid #cfcfcf;\n\t\t\t}\n\t\t\t#gallery-1 .gallery-caption {\n\t\t\t\tmargin-left: 0;\n\t\t\t}\n\t\t\t\/* see gallery_shortcode() in wp-includes\/media.php *\/\n\t\t<\/style>\n\t\t<div id='gallery-1' class='gallery galleryid-1069 gallery-columns-3 gallery-size-thumbnail'><dl class='gallery-item'>\n\t\t\t<dt class='gallery-icon landscape'>\n\t\t\t\t<a data-elementor-open-lightbox=\"yes\" data-elementor-lightbox-slideshow=\"e590511\" data-elementor-lightbox-title=\"lojaopening_clientes_mosaic\" data-e-action-hash=\"#elementor-action%3Aaction%3Dlightbox%26settings%3DeyJpZCI6MTA5OCwidXJsIjoiaHR0cHM6XC9cL2xvamFvcGVuaW5nLmNvbS5iclwvd3AtY29udGVudFwvdXBsb2Fkc1wvMjAyMlwvMDdcL2xvamFvcGVuaW5nX2NsaWVudGVzX21vc2FpYy5wbmciLCJzbGlkZXNob3ciOiJlNTkwNTExIn0%3D\" href='https:\/\/lojaopening.com.br\/wp-content\/uploads\/2022\/07\/lojaopening_clientes_mosaic.png'><img decoding=\"async\" width=\"150\" height=\"150\" src=\"https:\/\/lojaopening.com.br\/wp-content\/uploads\/2022\/07\/lojaopening_clientes_mosaic-150x150.png\" class=\"attachment-thumbnail size-thumbnail\" alt=\"Mosaic Fertilizantes\" srcset=\"https:\/\/lojaopening.com.br\/wp-content\/uploads\/2022\/07\/lojaopening_clientes_mosaic-150x150.png 150w, https:\/\/lojaopening.com.br\/wp-content\/uploads\/2022\/07\/lojaopening_clientes_mosaic-300x300.png 300w, https:\/\/lojaopening.com.br\/wp-content\/uploads\/2022\/07\/lojaopening_clientes_mosaic-1024x1024.png 1024w, https:\/\/lojaopening.com.br\/wp-content\/uploads\/2022\/07\/lojaopening_clientes_mosaic-768x768.png 768w\" sizes=\"(max-width: 150px) 100vw, 150px\" \/><\/a>\n\t\t\t<\/dt><\/dl><dl class='gallery-item'>\n\t\t\t<dt class='gallery-icon landscape'>\n\t\t\t\t<a data-elementor-open-lightbox=\"yes\" data-elementor-lightbox-slideshow=\"e590511\" data-elementor-lightbox-title=\"Usiminas\" data-e-action-hash=\"#elementor-action%3Aaction%3Dlightbox%26settings%3DeyJpZCI6MTEwMCwidXJsIjoiaHR0cHM6XC9cL2xvamFvcGVuaW5nLmNvbS5iclwvd3AtY29udGVudFwvdXBsb2Fkc1wvMjAyMlwvMDdcL2xvamFvcGVuaW5nX2NsaWVudGVzX3VzaW1pbmFzLnBuZyIsInNsaWRlc2hvdyI6ImU1OTA1MTEifQ%3D%3D\" data-elementor-lightbox-description=\"A Usiminas \u00e9 cliente da Opening World.\" href='https:\/\/lojaopening.com.br\/wp-content\/uploads\/2022\/07\/lojaopening_clientes_usiminas.png'><img decoding=\"async\" width=\"150\" height=\"150\" src=\"https:\/\/lojaopening.com.br\/wp-content\/uploads\/2022\/07\/lojaopening_clientes_usiminas-150x150.png\" class=\"attachment-thumbnail size-thumbnail\" alt=\"Usiminas\" srcset=\"https:\/\/lojaopening.com.br\/wp-content\/uploads\/2022\/07\/lojaopening_clientes_usiminas-150x150.png 150w, https:\/\/lojaopening.com.br\/wp-content\/uploads\/2022\/07\/lojaopening_clientes_usiminas-300x300.png 300w, https:\/\/lojaopening.com.br\/wp-content\/uploads\/2022\/07\/lojaopening_clientes_usiminas-1024x1024.png 1024w, https:\/\/lojaopening.com.br\/wp-content\/uploads\/2022\/07\/lojaopening_clientes_usiminas-768x768.png 768w, https:\/\/lojaopening.com.br\/wp-content\/uploads\/2022\/07\/lojaopening_clientes_usiminas-1536x1536.png 1536w, https:\/\/lojaopening.com.br\/wp-content\/uploads\/2022\/07\/lojaopening_clientes_usiminas-2048x2048.png 2048w, https:\/\/lojaopening.com.br\/wp-content\/uploads\/2022\/07\/lojaopening_clientes_usiminas-600x600.png 600w, https:\/\/lojaopening.com.br\/wp-content\/uploads\/2022\/07\/lojaopening_clientes_usiminas-100x100.png 100w\" sizes=\"(max-width: 150px) 100vw, 150px\" \/><\/a>\n\t\t\t<\/dt><\/dl><dl class='gallery-item'>\n\t\t\t<dt class='gallery-icon landscape'>\n\t\t\t\t<a data-elementor-open-lightbox=\"yes\" data-elementor-lightbox-slideshow=\"e590511\" data-elementor-lightbox-title=\"Vale\" data-e-action-hash=\"#elementor-action%3Aaction%3Dlightbox%26settings%3DeyJpZCI6MTEwMSwidXJsIjoiaHR0cHM6XC9cL2xvamFvcGVuaW5nLmNvbS5iclwvd3AtY29udGVudFwvdXBsb2Fkc1wvMjAyMlwvMDdcL2xvamFvcGVuaW5nX2NsaWVudGVzX3ZhbGUucG5nIiwic2xpZGVzaG93IjoiZTU5MDUxMSJ9\" data-elementor-lightbox-description=\"A Vale \u00e9 cliente da Opening World.\" href='https:\/\/lojaopening.com.br\/wp-content\/uploads\/2022\/07\/lojaopening_clientes_vale.png'><img decoding=\"async\" width=\"150\" height=\"150\" src=\"https:\/\/lojaopening.com.br\/wp-content\/uploads\/2022\/07\/lojaopening_clientes_vale-150x150.png\" class=\"attachment-thumbnail size-thumbnail\" alt=\"Vale\" srcset=\"https:\/\/lojaopening.com.br\/wp-content\/uploads\/2022\/07\/lojaopening_clientes_vale-150x150.png 150w, https:\/\/lojaopening.com.br\/wp-content\/uploads\/2022\/07\/lojaopening_clientes_vale-300x300.png 300w, https:\/\/lojaopening.com.br\/wp-content\/uploads\/2022\/07\/lojaopening_clientes_vale-1024x1024.png 1024w, https:\/\/lojaopening.com.br\/wp-content\/uploads\/2022\/07\/lojaopening_clientes_vale-768x768.png 768w, https:\/\/lojaopening.com.br\/wp-content\/uploads\/2022\/07\/lojaopening_clientes_vale-1536x1536.png 1536w, https:\/\/lojaopening.com.br\/wp-content\/uploads\/2022\/07\/lojaopening_clientes_vale-2048x2048.png 2048w, https:\/\/lojaopening.com.br\/wp-content\/uploads\/2022\/07\/lojaopening_clientes_vale-600x600.png 600w, https:\/\/lojaopening.com.br\/wp-content\/uploads\/2022\/07\/lojaopening_clientes_vale-100x100.png 100w\" sizes=\"(max-width: 150px) 100vw, 150px\" \/><\/a>\n\t\t\t<\/dt><\/dl><br style=\"clear: both\" \/><dl class='gallery-item'>\n\t\t\t<dt class='gallery-icon landscape'>\n\t\t\t\t<a data-elementor-open-lightbox=\"yes\" data-elementor-lightbox-slideshow=\"e590511\" data-elementor-lightbox-title=\"VLI\" data-e-action-hash=\"#elementor-action%3Aaction%3Dlightbox%26settings%3DeyJpZCI6MTEwMiwidXJsIjoiaHR0cHM6XC9cL2xvamFvcGVuaW5nLmNvbS5iclwvd3AtY29udGVudFwvdXBsb2Fkc1wvMjAyMlwvMDdcL2xvamFvcGVuaW5nX2NsaWVudGVzX3ZsaS5wbmciLCJzbGlkZXNob3ciOiJlNTkwNTExIn0%3D\" data-elementor-lightbox-description=\"A VLI \u00e9 cliente da Opening World.\" href='https:\/\/lojaopening.com.br\/wp-content\/uploads\/2022\/07\/lojaopening_clientes_vli.png'><img loading=\"lazy\" decoding=\"async\" width=\"150\" height=\"150\" src=\"https:\/\/lojaopening.com.br\/wp-content\/uploads\/2022\/07\/lojaopening_clientes_vli-150x150.png\" class=\"attachment-thumbnail size-thumbnail\" alt=\"VLI\" srcset=\"https:\/\/lojaopening.com.br\/wp-content\/uploads\/2022\/07\/lojaopening_clientes_vli-150x150.png 150w, https:\/\/lojaopening.com.br\/wp-content\/uploads\/2022\/07\/lojaopening_clientes_vli-300x300.png 300w, https:\/\/lojaopening.com.br\/wp-content\/uploads\/2022\/07\/lojaopening_clientes_vli-1024x1024.png 1024w, https:\/\/lojaopening.com.br\/wp-content\/uploads\/2022\/07\/lojaopening_clientes_vli-768x768.png 768w, https:\/\/lojaopening.com.br\/wp-content\/uploads\/2022\/07\/lojaopening_clientes_vli-1536x1536.png 1536w, https:\/\/lojaopening.com.br\/wp-content\/uploads\/2022\/07\/lojaopening_clientes_vli-2048x2048.png 2048w, https:\/\/lojaopening.com.br\/wp-content\/uploads\/2022\/07\/lojaopening_clientes_vli-600x600.png 600w, https:\/\/lojaopening.com.br\/wp-content\/uploads\/2022\/07\/lojaopening_clientes_vli-100x100.png 100w\" sizes=\"(max-width: 150px) 100vw, 150px\" \/><\/a>\n\t\t\t<\/dt><\/dl><dl class='gallery-item'>\n\t\t\t<dt class='gallery-icon portrait'>\n\t\t\t\t<a data-elementor-open-lightbox=\"yes\" data-elementor-lightbox-slideshow=\"e590511\" data-elementor-lightbox-title=\"Volkswagen\" data-e-action-hash=\"#elementor-action%3Aaction%3Dlightbox%26settings%3DeyJpZCI6MTEwMywidXJsIjoiaHR0cHM6XC9cL2xvamFvcGVuaW5nLmNvbS5iclwvd3AtY29udGVudFwvdXBsb2Fkc1wvMjAyMlwvMDdcL2xvamFvcGVuaW5nX2NsaWVudGVzX3ZvbGtzd2FnZW4ucG5nIiwic2xpZGVzaG93IjoiZTU5MDUxMSJ9\" data-elementor-lightbox-description=\"A Volkswagen \u00e9 cliente da Opening World.\" href='https:\/\/lojaopening.com.br\/wp-content\/uploads\/2022\/07\/lojaopening_clientes_volkswagen.png'><img loading=\"lazy\" decoding=\"async\" width=\"150\" height=\"150\" src=\"https:\/\/lojaopening.com.br\/wp-content\/uploads\/2022\/07\/lojaopening_clientes_volkswagen-150x150.png\" class=\"attachment-thumbnail size-thumbnail\" alt=\"Volkswagen\" srcset=\"https:\/\/lojaopening.com.br\/wp-content\/uploads\/2022\/07\/lojaopening_clientes_volkswagen-150x150.png 150w, https:\/\/lojaopening.com.br\/wp-content\/uploads\/2022\/07\/lojaopening_clientes_volkswagen-300x300.png 300w, https:\/\/lojaopening.com.br\/wp-content\/uploads\/2022\/07\/lojaopening_clientes_volkswagen-1024x1024.png 1024w, https:\/\/lojaopening.com.br\/wp-content\/uploads\/2022\/07\/lojaopening_clientes_volkswagen-768x768.png 768w, https:\/\/lojaopening.com.br\/wp-content\/uploads\/2022\/07\/lojaopening_clientes_volkswagen-1536x1536.png 1536w, https:\/\/lojaopening.com.br\/wp-content\/uploads\/2022\/07\/lojaopening_clientes_volkswagen-2048x2048.png 2048w, https:\/\/lojaopening.com.br\/wp-content\/uploads\/2022\/07\/lojaopening_clientes_volkswagen-600x600.png 600w, https:\/\/lojaopening.com.br\/wp-content\/uploads\/2022\/07\/lojaopening_clientes_volkswagen-100x100.png 100w\" sizes=\"(max-width: 150px) 100vw, 150px\" \/><\/a>\n\t\t\t<\/dt><\/dl>\n\t\t\t<br style='clear: both' \/>\n\t\t<\/div>\n\t\t<\/div>\n\t\t\t\t\t\t<\/div>\n\t\t\t\t<\/div>\n\t\t\t\t\t<\/div>\n\t\t<\/div>\n\t\t\t\t\t<\/div>\n\t\t<\/section>\n\t\t\t\t<\/div>\n\t\t","protected":false},"excerpt":{"rendered":"<p>Caso seja da \u00e1rea de compras de qualquer empresa abaixo, entre em contato conosco para realizar uma cota\u00e7\u00e3o.<\/p>\n","protected":false},"author":1,"featured_media":0,"parent":0,"menu_order":0,"comment_status":"closed","ping_status":"closed","template":"","meta":{"footnotes":""},"class_list":["post-1069","page","type-page","status-publish","hentry"],"yoast_head":"<!-- This site is optimized with the Yoast SEO plugin v27.2 - https:\/\/yoast.com\/product\/yoast-seo-wordpress\/ -->\n<title>Clientes - Loja Opening<\/title>\n<meta name=\"description\" content=\"A Opening World ajuda ind\u00fastrias como Vale, Usiminas, Volkswagen, Mosaic, e v\u00e1rias outras a encontrar o que precisam.\" \/>\n<meta name=\"robots\" content=\"index, follow, max-snippet:-1, max-image-preview:large, max-video-preview:-1\" \/>\n<link rel=\"canonical\" href=\"https:\/\/lojaopening.com.br\/shopp\/clientes\/\" \/>\n<meta property=\"og:locale\" content=\"pt_PT\" \/>\n<meta property=\"og:type\" content=\"article\" \/>\n<meta property=\"og:title\" content=\"Clientes - Loja Opening\" \/>\n<meta property=\"og:description\" content=\"A Opening World ajuda ind\u00fastrias como Vale, Usiminas, Volkswagen, Mosaic, e v\u00e1rias outras a encontrar o que precisam.\" \/>\n<meta property=\"og:url\" content=\"https:\/\/lojaopening.com.br\/shopp\/clientes\/\" \/>\n<meta property=\"og:site_name\" content=\"Loja Opening\" \/>\n<meta property=\"article:modified_time\" content=\"2022-08-11T14:08:07+00:00\" \/>\n<meta property=\"og:image\" content=\"https:\/\/lojaopening.com.br\/wp-content\/uploads\/2022\/07\/lojaopening_clientes_mosaic-150x150.png\" \/>\n<meta name=\"twitter:card\" content=\"summary_large_image\" \/>\n<meta name=\"twitter:label1\" content=\"Tempo estimado de leitura\" \/>\n\t<meta name=\"twitter:data1\" content=\"2 minutos\" \/>\n<script type=\"application\/ld+json\" class=\"yoast-schema-graph\">{\"@context\":\"https:\/\/schema.org\",\"@graph\":[{\"@type\":\"WebPage\",\"@id\":\"https:\/\/lojaopening.com.br\/shopp\/clientes\/\",\"url\":\"https:\/\/lojaopening.com.br\/shopp\/clientes\/\",\"name\":\"Clientes - Loja Opening\",\"isPartOf\":{\"@id\":\"https:\/\/lojaopening.com.br\/shopp\/#website\"},\"primaryImageOfPage\":{\"@id\":\"https:\/\/lojaopening.com.br\/shopp\/clientes\/#primaryimage\"},\"image\":{\"@id\":\"https:\/\/lojaopening.com.br\/shopp\/clientes\/#primaryimage\"},\"thumbnailUrl\":\"https:\/\/lojaopening.com.br\/wp-content\/uploads\/2022\/07\/lojaopening_clientes_mosaic-150x150.png\",\"datePublished\":\"2022-07-27T19:06:34+00:00\",\"dateModified\":\"2022-08-11T14:08:07+00:00\",\"description\":\"A Opening World ajuda ind\u00fastrias como Vale, Usiminas, Volkswagen, Mosaic, e v\u00e1rias outras a encontrar o que precisam.\",\"breadcrumb\":{\"@id\":\"https:\/\/lojaopening.com.br\/shopp\/clientes\/#breadcrumb\"},\"inLanguage\":\"pt-PT\",\"potentialAction\":[{\"@type\":\"ReadAction\",\"target\":[\"https:\/\/lojaopening.com.br\/shopp\/clientes\/\"]}]},{\"@type\":\"ImageObject\",\"inLanguage\":\"pt-PT\",\"@id\":\"https:\/\/lojaopening.com.br\/shopp\/clientes\/#primaryimage\",\"url\":\"https:\/\/lojaopening.com.br\/wp-content\/uploads\/2022\/07\/lojaopening_clientes_mosaic-150x150.png\",\"contentUrl\":\"https:\/\/lojaopening.com.br\/wp-content\/uploads\/2022\/07\/lojaopening_clientes_mosaic-150x150.png\"},{\"@type\":\"BreadcrumbList\",\"@id\":\"https:\/\/lojaopening.com.br\/shopp\/clientes\/#breadcrumb\",\"itemListElement\":[{\"@type\":\"ListItem\",\"position\":1,\"name\":\"In\u00edcio\",\"item\":\"https:\/\/lojaopening.com.br\/shopp\/\"},{\"@type\":\"ListItem\",\"position\":2,\"name\":\"Clientes\"}]},{\"@type\":\"WebSite\",\"@id\":\"https:\/\/lojaopening.com.br\/shopp\/#website\",\"url\":\"https:\/\/lojaopening.com.br\/shopp\/\",\"name\":\"Loja Opening\",\"description\":\"\",\"publisher\":{\"@id\":\"https:\/\/lojaopening.com.br\/shopp\/#organization\"},\"potentialAction\":[{\"@type\":\"SearchAction\",\"target\":{\"@type\":\"EntryPoint\",\"urlTemplate\":\"https:\/\/lojaopening.com.br\/shopp\/?s={search_term_string}\"},\"query-input\":{\"@type\":\"PropertyValueSpecification\",\"valueRequired\":true,\"valueName\":\"search_term_string\"}}],\"inLanguage\":\"pt-PT\"},{\"@type\":\"Organization\",\"@id\":\"https:\/\/lojaopening.com.br\/shopp\/#organization\",\"name\":\"Opening World Coml Import Export Ltda\",\"url\":\"https:\/\/lojaopening.com.br\/shopp\/\",\"logo\":{\"@type\":\"ImageObject\",\"inLanguage\":\"pt-PT\",\"@id\":\"https:\/\/lojaopening.com.br\/shopp\/#\/schema\/logo\/image\/\",\"url\":\"https:\/\/lojaopening.com.br\/wp-content\/uploads\/2020\/09\/logo_header.png\",\"contentUrl\":\"https:\/\/lojaopening.com.br\/wp-content\/uploads\/2020\/09\/logo_header.png\",\"width\":1279,\"height\":328,\"caption\":\"Opening World Coml Import Export Ltda\"},\"image\":{\"@id\":\"https:\/\/lojaopening.com.br\/shopp\/#\/schema\/logo\/image\/\"}}]}<\/script>\n<!-- \/ Yoast SEO plugin. -->","yoast_head_json":{"title":"Clientes - Loja Opening","description":"A Opening World ajuda ind\u00fastrias como Vale, Usiminas, Volkswagen, Mosaic, e v\u00e1rias outras a encontrar o que precisam.","robots":{"index":"index","follow":"follow","max-snippet":"max-snippet:-1","max-image-preview":"max-image-preview:large","max-video-preview":"max-video-preview:-1"},"canonical":"https:\/\/lojaopening.com.br\/shopp\/clientes\/","og_locale":"pt_PT","og_type":"article","og_title":"Clientes - Loja Opening","og_description":"A Opening World ajuda ind\u00fastrias como Vale, Usiminas, Volkswagen, Mosaic, e v\u00e1rias outras a encontrar o que precisam.","og_url":"https:\/\/lojaopening.com.br\/shopp\/clientes\/","og_site_name":"Loja Opening","article_modified_time":"2022-08-11T14:08:07+00:00","og_image":[{"url":"https:\/\/lojaopening.com.br\/wp-content\/uploads\/2022\/07\/lojaopening_clientes_mosaic-150x150.png","type":"","width":"","height":""}],"twitter_card":"summary_large_image","twitter_misc":{"Tempo estimado de leitura":"2 minutos"},"schema":{"@context":"https:\/\/schema.org","@graph":[{"@type":"WebPage","@id":"https:\/\/lojaopening.com.br\/shopp\/clientes\/","url":"https:\/\/lojaopening.com.br\/shopp\/clientes\/","name":"Clientes - Loja Opening","isPartOf":{"@id":"https:\/\/lojaopening.com.br\/shopp\/#website"},"primaryImageOfPage":{"@id":"https:\/\/lojaopening.com.br\/shopp\/clientes\/#primaryimage"},"image":{"@id":"https:\/\/lojaopening.com.br\/shopp\/clientes\/#primaryimage"},"thumbnailUrl":"https:\/\/lojaopening.com.br\/wp-content\/uploads\/2022\/07\/lojaopening_clientes_mosaic-150x150.png","datePublished":"2022-07-27T19:06:34+00:00","dateModified":"2022-08-11T14:08:07+00:00","description":"A Opening World ajuda ind\u00fastrias como Vale, Usiminas, Volkswagen, Mosaic, e v\u00e1rias outras a encontrar o que precisam.","breadcrumb":{"@id":"https:\/\/lojaopening.com.br\/shopp\/clientes\/#breadcrumb"},"inLanguage":"pt-PT","potentialAction":[{"@type":"ReadAction","target":["https:\/\/lojaopening.com.br\/shopp\/clientes\/"]}]},{"@type":"ImageObject","inLanguage":"pt-PT","@id":"https:\/\/lojaopening.com.br\/shopp\/clientes\/#primaryimage","url":"https:\/\/lojaopening.com.br\/wp-content\/uploads\/2022\/07\/lojaopening_clientes_mosaic-150x150.png","contentUrl":"https:\/\/lojaopening.com.br\/wp-content\/uploads\/2022\/07\/lojaopening_clientes_mosaic-150x150.png"},{"@type":"BreadcrumbList","@id":"https:\/\/lojaopening.com.br\/shopp\/clientes\/#breadcrumb","itemListElement":[{"@type":"ListItem","position":1,"name":"In\u00edcio","item":"https:\/\/lojaopening.com.br\/shopp\/"},{"@type":"ListItem","position":2,"name":"Clientes"}]},{"@type":"WebSite","@id":"https:\/\/lojaopening.com.br\/shopp\/#website","url":"https:\/\/lojaopening.com.br\/shopp\/","name":"Loja Opening","description":"","publisher":{"@id":"https:\/\/lojaopening.com.br\/shopp\/#organization"},"potentialAction":[{"@type":"SearchAction","target":{"@type":"EntryPoint","urlTemplate":"https:\/\/lojaopening.com.br\/shopp\/?s={search_term_string}"},"query-input":{"@type":"PropertyValueSpecification","valueRequired":true,"valueName":"search_term_string"}}],"inLanguage":"pt-PT"},{"@type":"Organization","@id":"https:\/\/lojaopening.com.br\/shopp\/#organization","name":"Opening World Coml Import Export Ltda","url":"https:\/\/lojaopening.com.br\/shopp\/","logo":{"@type":"ImageObject","inLanguage":"pt-PT","@id":"https:\/\/lojaopening.com.br\/shopp\/#\/schema\/logo\/image\/","url":"https:\/\/lojaopening.com.br\/wp-content\/uploads\/2020\/09\/logo_header.png","contentUrl":"https:\/\/lojaopening.com.br\/wp-content\/uploads\/2020\/09\/logo_header.png","width":1279,"height":328,"caption":"Opening World Coml Import Export Ltda"},"image":{"@id":"https:\/\/lojaopening.com.br\/shopp\/#\/schema\/logo\/image\/"}}]}},"_links":{"self":[{"href":"https:\/\/lojaopening.com.br\/shopp\/wp-json\/wp\/v2\/pages\/1069","targetHints":{"allow":["GET"]}}],"collection":[{"href":"https:\/\/lojaopening.com.br\/shopp\/wp-json\/wp\/v2\/pages"}],"about":[{"href":"https:\/\/lojaopening.com.br\/shopp\/wp-json\/wp\/v2\/types\/page"}],"author":[{"embeddable":true,"href":"https:\/\/lojaopening.com.br\/shopp\/wp-json\/wp\/v2\/users\/1"}],"replies":[{"embeddable":true,"href":"https:\/\/lojaopening.com.br\/shopp\/wp-json\/wp\/v2\/comments?post=1069"}],"version-history":[{"count":22,"href":"https:\/\/lojaopening.com.br\/shopp\/wp-json\/wp\/v2\/pages\/1069\/revisions"}],"predecessor-version":[{"id":1139,"href":"https:\/\/lojaopening.com.br\/shopp\/wp-json\/wp\/v2\/pages\/1069\/revisions\/1139"}],"wp:attachment":[{"href":"https:\/\/lojaopening.com.br\/shopp\/wp-json\/wp\/v2\/media?parent=1069"}],"curies":[{"name":"wp","href":"https:\/\/api.w.org\/{rel}","templated":true}]}}