{"id":789,"date":"2020-09-05T20:37:00","date_gmt":"2020-09-05T20:37:00","guid":{"rendered":"https:\/\/adsvance.me\/lojaopw\/?page_id=789"},"modified":"2022-08-05T19:58:56","modified_gmt":"2022-08-05T19:58:56","slug":"contato","status":"publish","type":"page","link":"https:\/\/lojaopening.com.br\/shopp\/contato\/","title":{"rendered":"Contato"},"content":{"rendered":"\t\t<div data-elementor-type=\"wp-page\" data-elementor-id=\"789\" class=\"elementor elementor-789\">\n\t\t\t\t\t\t<section class=\"elementor-section elementor-top-section elementor-element elementor-element-6ef2c57 elementor-section-boxed elementor-section-height-default elementor-section-height-default\" data-id=\"6ef2c57\" data-element_type=\"section\">\n\t\t\t\t\t\t<div class=\"elementor-container elementor-column-gap-default\">\n\t\t\t\t\t<div class=\"elementor-column elementor-col-100 elementor-top-column elementor-element elementor-element-06abccd\" data-id=\"06abccd\" data-element_type=\"column\">\n\t\t\t<div class=\"elementor-widget-wrap elementor-element-populated\">\n\t\t\t\t\t\t<div class=\"elementor-element elementor-element-191d15c elementor-widget elementor-widget-heading\" data-id=\"191d15c\" data-element_type=\"widget\" data-widget_type=\"heading.default\">\n\t\t\t\t<div class=\"elementor-widget-container\">\n\t\t\t\t\t<h3 class=\"elementor-heading-title elementor-size-default\">Desde 1993 Encontrando Solu\u00e7\u00f5es para Empresas<\/h3>\t\t\t\t<\/div>\n\t\t\t\t<\/div>\n\t\t\t\t<div class=\"elementor-element elementor-element-5277aba elementor-widget elementor-widget-text-editor\" data-id=\"5277aba\" data-element_type=\"widget\" data-widget_type=\"text-editor.default\">\n\t\t\t\t<div class=\"elementor-widget-container\">\n\t\t\t\t\t\t\t\t\t<p><span style=\"color: #a0a0a0; font-family: 'PT Sans', sans-serif; font-size: 16px;\">Estamos no mercado h\u00e1\u00a0<\/span><strong id=\"years_in_business\" style=\"color: #a0a0a0; font-family: 'PT Sans', sans-serif; font-size: 16px;\">29<\/strong> <span style=\"color: #a0a0a0; font-family: 'PT Sans', sans-serif; font-size: 16px;\">anos<\/span><span style=\"color: #a0a0a0; font-family: 'PT Sans', sans-serif; font-size: 16px;\">\u00a0com a miss\u00e3o de fornecer solu\u00e7\u00f5es para Ind\u00fastrias que procuram adquirir equipamentos com facilidade e menor pre\u00e7o, seja nacional ou importado.<\/span><\/p><p><span style=\"color: #a0a0a0; font-family: 'PT Sans', sans-serif; font-size: 16px;\">Adicione o produto que deseja no carrinho e complete com seus dados para enviar uma cota\u00e7\u00e3o.\u00a0<\/span><\/p><p><span style=\"color: #a0a0a0; font-family: 'PT Sans', sans-serif; font-size: 16px;\">Se n\u00e3o encontrou o que procurava, deseja importar\/exportar produtos do\/para o Brasil ou qualquer outra solicita\u00e7\u00e3o, entre em contato conosco atrav\u00e9s do formul\u00e1rio ou pelo email<\/span><\/p><p><strong><a href=\"mailto:openingworld@openingworld.com.br\"><span style=\"color: #a0a0a0; font-family: PT Sans, sans-serif;\">openingworld@openingworld.com.br<\/span><\/a><\/strong><\/p>\t\t\t\t\t\t\t\t<\/div>\n\t\t\t\t<\/div>\n\t\t\t\t\t<\/div>\n\t\t<\/div>\n\t\t\t\t<div class=\"elementor-column elementor-col-100 elementor-top-column elementor-element elementor-element-bf8ce49\" data-id=\"bf8ce49\" data-element_type=\"column\">\n\t\t\t<div class=\"elementor-widget-wrap elementor-element-populated\">\n\t\t\t\t\t\t<div class=\"elementor-element elementor-element-5918155 elementor-widget elementor-widget-html\" data-id=\"5918155\" data-element_type=\"widget\" data-widget_type=\"html.default\">\n\t\t\t\t<div class=\"elementor-widget-container\">\n\t\t\t\t\t\n<div class=\"wpcf7 no-js\" id=\"wpcf7-f1117-o1\" lang=\"pt-PT\" dir=\"ltr\" data-wpcf7-id=\"1117\">\n<div class=\"screen-reader-response\"><p role=\"status\" aria-live=\"polite\" aria-atomic=\"true\"><\/p> <ul><\/ul><\/div>\n<form action=\"\/shopp\/wp-json\/wp\/v2\/pages\/789#wpcf7-f1117-o1\" method=\"post\" class=\"wpcf7-form init\" aria-label=\"Formul\u00e1rio de contacto\" novalidate=\"novalidate\" data-status=\"init\">\n<div style=\"display: none;\">\n<input type=\"hidden\" name=\"_wpcf7\" value=\"1117\" \/>\n<input type=\"hidden\" name=\"_wpcf7_version\" value=\"6.0.6\" \/>\n<input type=\"hidden\" name=\"_wpcf7_locale\" value=\"pt_PT\" \/>\n<input type=\"hidden\" name=\"_wpcf7_unit_tag\" value=\"wpcf7-f1117-o1\" \/>\n<input type=\"hidden\" name=\"_wpcf7_container_post\" value=\"0\" \/>\n<input type=\"hidden\" name=\"_wpcf7_posted_data_hash\" value=\"\" \/>\n<\/div>\n<p><label> Seu nome<br \/>\n<span class=\"wpcf7-form-control-wrap\" data-name=\"your-name\"><input size=\"40\" maxlength=\"400\" class=\"wpcf7-form-control wpcf7-text\" aria-invalid=\"false\" value=\"\" type=\"text\" name=\"your-name\" \/><\/span> <\/label>\n<\/p>\n<p><label> Seu email<br \/>\n<span class=\"wpcf7-form-control-wrap\" data-name=\"your-email\"><input size=\"40\" maxlength=\"400\" class=\"wpcf7-form-control wpcf7-email wpcf7-validates-as-required wpcf7-text wpcf7-validates-as-email\" aria-required=\"true\" aria-invalid=\"false\" value=\"\" type=\"email\" name=\"your-email\" \/><\/span> <\/label>\n<\/p>\n<p><label> Seu estado<br \/>\n<span class=\"wpcf7-form-control-wrap\" data-name=\"your-state\"><select class=\"wpcf7-form-control wpcf7-select wpcf7-validates-as-required\" aria-required=\"true\" aria-invalid=\"false\" name=\"your-state\"><option value=\"\">&#8212;Por favor escolha uma op\u00e7\u00e3o&#8212;<\/option><option value=\"Acre (AC)\">Acre (AC)<\/option><option value=\"Alagoas (AL)\">Alagoas (AL)<\/option><option value=\"Amap\u00e1 (AP)\">Amap\u00e1 (AP)<\/option><option value=\"Amazonas (AM)\">Amazonas (AM)<\/option><option value=\"Bahia (BA)\">Bahia (BA)<\/option><option value=\"Cear\u00e1 (CE)\">Cear\u00e1 (CE)<\/option><option value=\"Distrito Federal (DF)\">Distrito Federal (DF)<\/option><option value=\"Esp\u00edrito Santo (ES)\">Esp\u00edrito Santo (ES)<\/option><option value=\"Goi\u00e1s (GO)\">Goi\u00e1s (GO)<\/option><option value=\"Maranh\u00e3o (MA)\">Maranh\u00e3o (MA)<\/option><option value=\"Mato Grosso (MT)\">Mato Grosso (MT)<\/option><option value=\"Mato Grosso do Sul (MS)\">Mato Grosso do Sul (MS)<\/option><option value=\"Minas Gerais (MG)\">Minas Gerais (MG)<\/option><option value=\"Par\u00e1 (PA)\">Par\u00e1 (PA)<\/option><option value=\"Para\u00edba (PB)\">Para\u00edba (PB)<\/option><option value=\"Paran\u00e1 (PR)\">Paran\u00e1 (PR)<\/option><option value=\"Pernambuco (PE)\">Pernambuco (PE)<\/option><option value=\"Piau\u00ed (PI)\">Piau\u00ed (PI)<\/option><option value=\"Rio de Janeiro (RJ)\">Rio de Janeiro (RJ)<\/option><option value=\"Rio Grande do Norte (RN)\">Rio Grande do Norte (RN)<\/option><option value=\"Rio Grande do Sul (RS)\">Rio Grande do Sul (RS)<\/option><option value=\"Rond\u00f4nia (RO)\">Rond\u00f4nia (RO)<\/option><option value=\"Roraima (RR)\">Roraima (RR)<\/option><option value=\"Santa Catarina (SC)\">Santa Catarina (SC)<\/option><option value=\"S\u00e3o Paulo (SP)\">S\u00e3o Paulo (SP)<\/option><option value=\"Sergipe (SE)\">Sergipe (SE)<\/option><option value=\"Tocantins (TO)\">Tocantins (TO)<\/option><option value=\"Outside Brazil\">Outside Brazil<\/option><\/select><\/span><\/label>\n<\/p>\n<p><label> Sua mensagem<br \/>\n<span class=\"wpcf7-form-control-wrap\" data-name=\"your-message\"><textarea cols=\"40\" rows=\"10\" maxlength=\"2000\" class=\"wpcf7-form-control wpcf7-textarea\" aria-invalid=\"false\" name=\"your-message\"><\/textarea><\/span> <\/label>\n<\/p>\n<p><input class=\"wpcf7-form-control wpcf7-submit has-spinner\" type=\"submit\" value=\"Enviar\" \/>\n<\/p><div class=\"wpcf7-response-output\" aria-hidden=\"true\"><\/div>\n<\/form>\n<\/div>\n\t\t\t\t<\/div>\n\t\t\t\t<\/div>\n\t\t\t\t\t<\/div>\n\t\t<\/div>\n\t\t\t\t\t<\/div>\n\t\t<\/section>\n\t\t\t\t<section class=\"elementor-section elementor-top-section elementor-element elementor-element-d5d8e8f elementor-section-boxed elementor-section-height-default elementor-section-height-default\" data-id=\"d5d8e8f\" data-element_type=\"section\">\n\t\t\t\t\t\t<div class=\"elementor-container elementor-column-gap-default\">\n\t\t\t\t\t\t<\/div>\n\t\t<\/section>\n\t\t\t\t<\/div>\n\t\t","protected":false},"excerpt":{"rendered":"<p>Desde 1993 Encontrando Solu\u00e7\u00f5es para Empresas Estamos no mercado h\u00e1\u00a029 anos\u00a0com a miss\u00e3o de fornecer solu\u00e7\u00f5es para Ind\u00fastrias que procuram&hellip;<\/p>\n","protected":false},"author":1,"featured_media":0,"parent":0,"menu_order":0,"comment_status":"closed","ping_status":"closed","template":"","meta":{"footnotes":""},"class_list":["post-789","page","type-page","status-publish","hentry"],"yoast_head":"<!-- This site is optimized with the Yoast SEO plugin v27.2 - https:\/\/yoast.com\/product\/yoast-seo-wordpress\/ -->\n<title>Contato - Loja Opening<\/title>\n<meta name=\"description\" content=\"Entre em contato com a Loja Opening. Fa\u00e7a sua cota\u00e7\u00e3o ou selecione produtos em nossa vitrine virtual para solicitar pre\u00e7os e prazos.\" \/>\n<meta name=\"robots\" content=\"index, follow, max-snippet:-1, max-image-preview:large, max-video-preview:-1\" \/>\n<link rel=\"canonical\" href=\"https:\/\/lojaopening.com.br\/shopp\/contato\/\" \/>\n<meta property=\"og:locale\" content=\"pt_PT\" \/>\n<meta property=\"og:type\" content=\"article\" \/>\n<meta property=\"og:title\" content=\"Contato - Loja Opening\" \/>\n<meta property=\"og:description\" content=\"Entre em contato com a Loja Opening. Fa\u00e7a sua cota\u00e7\u00e3o ou selecione produtos em nossa vitrine virtual para solicitar pre\u00e7os e prazos.\" \/>\n<meta property=\"og:url\" content=\"https:\/\/lojaopening.com.br\/shopp\/contato\/\" \/>\n<meta property=\"og:site_name\" content=\"Loja Opening\" \/>\n<meta property=\"article:modified_time\" content=\"2022-08-05T19:58:56+00:00\" \/>\n<meta name=\"twitter:card\" content=\"summary_large_image\" \/>\n<meta name=\"twitter:label1\" content=\"Tempo estimado de leitura\" \/>\n\t<meta name=\"twitter:data1\" content=\"1 minuto\" \/>\n<script type=\"application\/ld+json\" class=\"yoast-schema-graph\">{\"@context\":\"https:\/\/schema.org\",\"@graph\":[{\"@type\":\"WebPage\",\"@id\":\"https:\/\/lojaopening.com.br\/shopp\/contato\/\",\"url\":\"https:\/\/lojaopening.com.br\/shopp\/contato\/\",\"name\":\"Contato - Loja Opening\",\"isPartOf\":{\"@id\":\"https:\/\/lojaopening.com.br\/shopp\/#website\"},\"datePublished\":\"2020-09-05T20:37:00+00:00\",\"dateModified\":\"2022-08-05T19:58:56+00:00\",\"description\":\"Entre em contato com a Loja Opening. Fa\u00e7a sua cota\u00e7\u00e3o ou selecione produtos em nossa vitrine virtual para solicitar pre\u00e7os e prazos.\",\"breadcrumb\":{\"@id\":\"https:\/\/lojaopening.com.br\/shopp\/contato\/#breadcrumb\"},\"inLanguage\":\"pt-PT\",\"potentialAction\":[{\"@type\":\"ReadAction\",\"target\":[\"https:\/\/lojaopening.com.br\/shopp\/contato\/\"]}]},{\"@type\":\"BreadcrumbList\",\"@id\":\"https:\/\/lojaopening.com.br\/shopp\/contato\/#breadcrumb\",\"itemListElement\":[{\"@type\":\"ListItem\",\"position\":1,\"name\":\"In\u00edcio\",\"item\":\"https:\/\/lojaopening.com.br\/shopp\/\"},{\"@type\":\"ListItem\",\"position\":2,\"name\":\"Contato\"}]},{\"@type\":\"WebSite\",\"@id\":\"https:\/\/lojaopening.com.br\/shopp\/#website\",\"url\":\"https:\/\/lojaopening.com.br\/shopp\/\",\"name\":\"Loja Opening\",\"description\":\"\",\"publisher\":{\"@id\":\"https:\/\/lojaopening.com.br\/shopp\/#organization\"},\"potentialAction\":[{\"@type\":\"SearchAction\",\"target\":{\"@type\":\"EntryPoint\",\"urlTemplate\":\"https:\/\/lojaopening.com.br\/shopp\/?s={search_term_string}\"},\"query-input\":{\"@type\":\"PropertyValueSpecification\",\"valueRequired\":true,\"valueName\":\"search_term_string\"}}],\"inLanguage\":\"pt-PT\"},{\"@type\":\"Organization\",\"@id\":\"https:\/\/lojaopening.com.br\/shopp\/#organization\",\"name\":\"Opening World Coml Import Export Ltda\",\"url\":\"https:\/\/lojaopening.com.br\/shopp\/\",\"logo\":{\"@type\":\"ImageObject\",\"inLanguage\":\"pt-PT\",\"@id\":\"https:\/\/lojaopening.com.br\/shopp\/#\/schema\/logo\/image\/\",\"url\":\"https:\/\/lojaopening.com.br\/wp-content\/uploads\/2020\/09\/logo_header.png\",\"contentUrl\":\"https:\/\/lojaopening.com.br\/wp-content\/uploads\/2020\/09\/logo_header.png\",\"width\":1279,\"height\":328,\"caption\":\"Opening World Coml Import Export Ltda\"},\"image\":{\"@id\":\"https:\/\/lojaopening.com.br\/shopp\/#\/schema\/logo\/image\/\"}}]}<\/script>\n<!-- \/ Yoast SEO plugin. -->","yoast_head_json":{"title":"Contato - Loja Opening","description":"Entre em contato com a Loja Opening. Fa\u00e7a sua cota\u00e7\u00e3o ou selecione produtos em nossa vitrine virtual para solicitar pre\u00e7os e prazos.","robots":{"index":"index","follow":"follow","max-snippet":"max-snippet:-1","max-image-preview":"max-image-preview:large","max-video-preview":"max-video-preview:-1"},"canonical":"https:\/\/lojaopening.com.br\/shopp\/contato\/","og_locale":"pt_PT","og_type":"article","og_title":"Contato - Loja Opening","og_description":"Entre em contato com a Loja Opening. Fa\u00e7a sua cota\u00e7\u00e3o ou selecione produtos em nossa vitrine virtual para solicitar pre\u00e7os e prazos.","og_url":"https:\/\/lojaopening.com.br\/shopp\/contato\/","og_site_name":"Loja Opening","article_modified_time":"2022-08-05T19:58:56+00:00","twitter_card":"summary_large_image","twitter_misc":{"Tempo estimado de leitura":"1 minuto"},"schema":{"@context":"https:\/\/schema.org","@graph":[{"@type":"WebPage","@id":"https:\/\/lojaopening.com.br\/shopp\/contato\/","url":"https:\/\/lojaopening.com.br\/shopp\/contato\/","name":"Contato - Loja Opening","isPartOf":{"@id":"https:\/\/lojaopening.com.br\/shopp\/#website"},"datePublished":"2020-09-05T20:37:00+00:00","dateModified":"2022-08-05T19:58:56+00:00","description":"Entre em contato com a Loja Opening. Fa\u00e7a sua cota\u00e7\u00e3o ou selecione produtos em nossa vitrine virtual para solicitar pre\u00e7os e prazos.","breadcrumb":{"@id":"https:\/\/lojaopening.com.br\/shopp\/contato\/#breadcrumb"},"inLanguage":"pt-PT","potentialAction":[{"@type":"ReadAction","target":["https:\/\/lojaopening.com.br\/shopp\/contato\/"]}]},{"@type":"BreadcrumbList","@id":"https:\/\/lojaopening.com.br\/shopp\/contato\/#breadcrumb","itemListElement":[{"@type":"ListItem","position":1,"name":"In\u00edcio","item":"https:\/\/lojaopening.com.br\/shopp\/"},{"@type":"ListItem","position":2,"name":"Contato"}]},{"@type":"WebSite","@id":"https:\/\/lojaopening.com.br\/shopp\/#website","url":"https:\/\/lojaopening.com.br\/shopp\/","name":"Loja Opening","description":"","publisher":{"@id":"https:\/\/lojaopening.com.br\/shopp\/#organization"},"potentialAction":[{"@type":"SearchAction","target":{"@type":"EntryPoint","urlTemplate":"https:\/\/lojaopening.com.br\/shopp\/?s={search_term_string}"},"query-input":{"@type":"PropertyValueSpecification","valueRequired":true,"valueName":"search_term_string"}}],"inLanguage":"pt-PT"},{"@type":"Organization","@id":"https:\/\/lojaopening.com.br\/shopp\/#organization","name":"Opening World Coml Import Export Ltda","url":"https:\/\/lojaopening.com.br\/shopp\/","logo":{"@type":"ImageObject","inLanguage":"pt-PT","@id":"https:\/\/lojaopening.com.br\/shopp\/#\/schema\/logo\/image\/","url":"https:\/\/lojaopening.com.br\/wp-content\/uploads\/2020\/09\/logo_header.png","contentUrl":"https:\/\/lojaopening.com.br\/wp-content\/uploads\/2020\/09\/logo_header.png","width":1279,"height":328,"caption":"Opening World Coml Import Export Ltda"},"image":{"@id":"https:\/\/lojaopening.com.br\/shopp\/#\/schema\/logo\/image\/"}}]}},"_links":{"self":[{"href":"https:\/\/lojaopening.com.br\/shopp\/wp-json\/wp\/v2\/pages\/789","targetHints":{"allow":["GET"]}}],"collection":[{"href":"https:\/\/lojaopening.com.br\/shopp\/wp-json\/wp\/v2\/pages"}],"about":[{"href":"https:\/\/lojaopening.com.br\/shopp\/wp-json\/wp\/v2\/types\/page"}],"author":[{"embeddable":true,"href":"https:\/\/lojaopening.com.br\/shopp\/wp-json\/wp\/v2\/users\/1"}],"replies":[{"embeddable":true,"href":"https:\/\/lojaopening.com.br\/shopp\/wp-json\/wp\/v2\/comments?post=789"}],"version-history":[{"count":43,"href":"https:\/\/lojaopening.com.br\/shopp\/wp-json\/wp\/v2\/pages\/789\/revisions"}],"predecessor-version":[{"id":1132,"href":"https:\/\/lojaopening.com.br\/shopp\/wp-json\/wp\/v2\/pages\/789\/revisions\/1132"}],"wp:attachment":[{"href":"https:\/\/lojaopening.com.br\/shopp\/wp-json\/wp\/v2\/media?parent=789"}],"curies":[{"name":"wp","href":"https:\/\/api.w.org\/{rel}","templated":true}]}}