{"id":1053,"date":"2022-07-25T16:55:13","date_gmt":"2022-07-25T16:55:13","guid":{"rendered":"https:\/\/lojaopening.com.br\/shopp\/?post_type=product&#038;p=1053"},"modified":"2023-05-27T19:21:11","modified_gmt":"2023-05-27T19:21:11","slug":"motor-dc-escovado-serie-116-1-1-6-hansen-corporation","status":"publish","type":"product","link":"https:\/\/lojaopening.com.br\/shopp\/produto\/motor-dc-escovado-serie-116-1-1-6-hansen-corporation\/","title":{"rendered":"Motor DC Escovado S\u00e9rie 116-1 &#8211; 1.6&#8243; &#8211; Hansen Corporation"},"content":{"rendered":"<p><span class=\"JLqJ4b ChMk0b\" data-language-for-alternatives=\"pt\" data-language-to-translate-into=\"en\" data-phrase-index=\"0\" data-number-of-phrases=\"3\"><span class=\"Q4iAWc\">O motor DC escovado de \u00edm\u00e3 permanente da s\u00e9rie Hansen 116-1 (1,6&#8243; de di\u00e2metro) est\u00e1 dispon\u00edvel para atender aos mercados industrial, de instrumenta\u00e7\u00e3o e automotivo em aplica\u00e7\u00f5es de malha aberta ou de malha fechada sem <\/span><\/span><span class=\"JLqJ4b ChMk0b\" data-language-for-alternatives=\"pt\" data-language-to-translate-into=\"en\" data-phrase-index=\"1\" data-number-of-phrases=\"3\"><span class=\"Q4iAWc\">posi\u00e7\u00e3o preferida do rotor. As classifica\u00e7\u00f5es de torque de estol do cat\u00e1logo padr\u00e3o est\u00e3o na faixa de 19 a 78 oz-in, enquanto as velocidades sem carga variam de 1.700 a 8.000 rpm no m\u00e1ximo. Encoders com contagens de linha at\u00e9 2048 est\u00e3o dispon\u00edveis para fornecer informa\u00e7\u00f5es de feedback de velocidade e posi\u00e7\u00e3o<\/span><\/span><span class=\"JLqJ4b ChMk0b\" data-language-for-alternatives=\"pt\" data-language-to-translate-into=\"en\" data-phrase-index=\"2\" data-number-of-phrases=\"3\"><span class=\"Q4iAWc\">. A confiabilidade \u00e9 aprimorada ainda mais por rolamentos de esferas pr\u00e9-carregados de longa vida. Enrolamentos especiais, eixos e configura\u00e7\u00f5es de montagem est\u00e3o dispon\u00edveis para atender aos requisitos de aplica\u00e7\u00f5es personalizadas OEM.<\/span><\/span><\/p>\n<h2>Especifica\u00e7\u00f5es<\/h2>\n<p>Motor DC Escovado S\u00e9rie 116-1 &#8211; 1.6&#8243;<\/p>\n<p>Produto Novo<\/p>\n<p>Importado<\/p>\n<p><strong>Fabricante:<\/strong> Hansen Corporation<\/p>\n<p><strong>Pedido M\u00ednimo:<\/strong> 50 Pe\u00e7as<\/p>\n<p>Fabrica\u00e7\u00e3o sob encomenda. Entre em contato para realizar uma cota\u00e7\u00e3o com as especifica\u00e7\u00f5es necess\u00e1rias<\/p>\n<p><img fetchpriority=\"high\" decoding=\"async\" class=\"aligncenter wp-image-1056 size-large\" src=\"https:\/\/lojaopening.com.br\/wp-content\/uploads\/2022\/07\/dc-116-1-series-desenho-motor-escova-1024x393.png\" alt=\"\" width=\"1024\" height=\"393\" srcset=\"https:\/\/lojaopening.com.br\/wp-content\/uploads\/2022\/07\/dc-116-1-series-desenho-motor-escova-1024x393.png 1024w, https:\/\/lojaopening.com.br\/wp-content\/uploads\/2022\/07\/dc-116-1-series-desenho-motor-escova-300x115.png 300w, https:\/\/lojaopening.com.br\/wp-content\/uploads\/2022\/07\/dc-116-1-series-desenho-motor-escova-768x294.png 768w, https:\/\/lojaopening.com.br\/wp-content\/uploads\/2022\/07\/dc-116-1-series-desenho-motor-escova.png 1200w\" sizes=\"(max-width: 1024px) 100vw, 1024px\" \/><\/p>\n","protected":false},"excerpt":{"rendered":"<p>O motor DC escovado de \u00edm\u00e3 permanente da s\u00e9rie Hansen 116-1 (1,6&#8243; de di\u00e2metro) est\u00e1 dispon\u00edvel para atender aos mercados&hellip;<\/p>\n","protected":false},"featured_media":1055,"template":"","meta":[],"product_brand":[],"product_cat":[38,636],"product_tag":[640,641],"class_list":{"0":"post-1053","1":"product","2":"type-product","3":"status-publish","4":"has-post-thumbnail","6":"product_cat-automacao-industrial","7":"product_cat-hansen-corporation","8":"product_tag-motor-dc-escova","9":"product_tag-motor-dc-escovado","11":"first","12":"onbackorder","13":"shipping-taxable","14":"purchasable","15":"product-type-simple"},"yoast_head":"<!-- This site is optimized with the Yoast SEO plugin v27.2 - https:\/\/yoast.com\/product\/yoast-seo-wordpress\/ -->\n<title>Motor DC Escovado S\u00e9rie 116-1 - 1.6&quot; - Hansen Corporation - Loja Opening<\/title>\n<meta name=\"description\" content=\"O motor DC escovado de \u00edm\u00e3 permanente da s\u00e9rie Hansen 116-1 (1,6&quot; de di\u00e2metro) est\u00e1 dispon\u00edvel para atender aos mercados industrial, de instrumenta\u00e7\u00e3o e automotivo em aplica\u00e7\u00f5es de malha aberta ou de malha fechada sem posi\u00e7\u00e3o preferida do rotor.\" \/>\n<meta name=\"robots\" content=\"index, follow, max-snippet:-1, max-image-preview:large, max-video-preview:-1\" \/>\n<link rel=\"canonical\" href=\"https:\/\/lojaopening.com.br\/shopp\/produto\/motor-dc-escovado-serie-116-1-1-6-hansen-corporation\/\" \/>\n<meta property=\"og:locale\" content=\"pt_PT\" \/>\n<meta property=\"og:type\" content=\"article\" \/>\n<meta property=\"og:title\" content=\"Motor DC Escovado S\u00e9rie 116-1 - 1.6&quot; - Hansen Corporation - Loja Opening\" \/>\n<meta property=\"og:description\" content=\"O motor DC escovado de \u00edm\u00e3 permanente da s\u00e9rie Hansen 116-1 (1,6&quot; de di\u00e2metro) est\u00e1 dispon\u00edvel para atender aos mercados industrial, de instrumenta\u00e7\u00e3o e automotivo em aplica\u00e7\u00f5es de malha aberta ou de malha fechada sem posi\u00e7\u00e3o preferida do rotor.\" \/>\n<meta property=\"og:url\" content=\"https:\/\/lojaopening.com.br\/shopp\/produto\/motor-dc-escovado-serie-116-1-1-6-hansen-corporation\/\" \/>\n<meta property=\"og:site_name\" content=\"Loja Opening\" \/>\n<meta property=\"article:modified_time\" content=\"2023-05-27T19:21:11+00:00\" \/>\n<meta property=\"og:image\" content=\"https:\/\/lojaopening.com.br\/wp-content\/uploads\/2022\/07\/dc-116-1-series-motor-escova.png\" \/>\n\t<meta property=\"og:image:width\" content=\"484\" \/>\n\t<meta property=\"og:image:height\" content=\"443\" \/>\n\t<meta property=\"og:image:type\" content=\"image\/png\" \/>\n<meta name=\"twitter:card\" content=\"summary_large_image\" \/>\n<meta name=\"twitter:label1\" content=\"Tempo estimado de leitura\" \/>\n\t<meta name=\"twitter:data1\" content=\"2 minutos\" \/>\n<script type=\"application\/ld+json\" class=\"yoast-schema-graph\">{\"@context\":\"https:\/\/schema.org\",\"@graph\":[{\"@type\":\"WebPage\",\"@id\":\"https:\/\/lojaopening.com.br\/shopp\/produto\/motor-dc-escovado-serie-116-1-1-6-hansen-corporation\/\",\"url\":\"https:\/\/lojaopening.com.br\/shopp\/produto\/motor-dc-escovado-serie-116-1-1-6-hansen-corporation\/\",\"name\":\"Motor DC Escovado S\u00e9rie 116-1 - 1.6\\\" - Hansen Corporation - Loja Opening\",\"isPartOf\":{\"@id\":\"https:\/\/lojaopening.com.br\/shopp\/#website\"},\"primaryImageOfPage\":{\"@id\":\"https:\/\/lojaopening.com.br\/shopp\/produto\/motor-dc-escovado-serie-116-1-1-6-hansen-corporation\/#primaryimage\"},\"image\":{\"@id\":\"https:\/\/lojaopening.com.br\/shopp\/produto\/motor-dc-escovado-serie-116-1-1-6-hansen-corporation\/#primaryimage\"},\"thumbnailUrl\":\"https:\/\/lojaopening.com.br\/wp-content\/uploads\/2022\/07\/dc-116-1-series-motor-escova.png\",\"datePublished\":\"2022-07-25T16:55:13+00:00\",\"dateModified\":\"2023-05-27T19:21:11+00:00\",\"description\":\"O motor DC escovado de \u00edm\u00e3 permanente da s\u00e9rie Hansen 116-1 (1,6\\\" de di\u00e2metro) est\u00e1 dispon\u00edvel para atender aos mercados industrial, de instrumenta\u00e7\u00e3o e automotivo em aplica\u00e7\u00f5es de malha aberta ou de malha fechada sem posi\u00e7\u00e3o preferida do rotor.\",\"breadcrumb\":{\"@id\":\"https:\/\/lojaopening.com.br\/shopp\/produto\/motor-dc-escovado-serie-116-1-1-6-hansen-corporation\/#breadcrumb\"},\"inLanguage\":\"pt-PT\",\"potentialAction\":[{\"@type\":\"ReadAction\",\"target\":[\"https:\/\/lojaopening.com.br\/shopp\/produto\/motor-dc-escovado-serie-116-1-1-6-hansen-corporation\/\"]}]},{\"@type\":\"ImageObject\",\"inLanguage\":\"pt-PT\",\"@id\":\"https:\/\/lojaopening.com.br\/shopp\/produto\/motor-dc-escovado-serie-116-1-1-6-hansen-corporation\/#primaryimage\",\"url\":\"https:\/\/lojaopening.com.br\/wp-content\/uploads\/2022\/07\/dc-116-1-series-motor-escova.png\",\"contentUrl\":\"https:\/\/lojaopening.com.br\/wp-content\/uploads\/2022\/07\/dc-116-1-series-motor-escova.png\",\"width\":484,\"height\":443},{\"@type\":\"BreadcrumbList\",\"@id\":\"https:\/\/lojaopening.com.br\/shopp\/produto\/motor-dc-escovado-serie-116-1-1-6-hansen-corporation\/#breadcrumb\",\"itemListElement\":[{\"@type\":\"ListItem\",\"position\":1,\"name\":\"In\u00edcio\",\"item\":\"https:\/\/lojaopening.com.br\/shopp\/\"},{\"@type\":\"ListItem\",\"position\":2,\"name\":\"Shop\",\"item\":\"https:\/\/lojaopening.com.br\/shopp\/shopp\/\"},{\"@type\":\"ListItem\",\"position\":3,\"name\":\"Motor DC Escovado S\u00e9rie 116-1 &#8211; 1.6&#8243; &#8211; Hansen Corporation\"}]},{\"@type\":\"WebSite\",\"@id\":\"https:\/\/lojaopening.com.br\/shopp\/#website\",\"url\":\"https:\/\/lojaopening.com.br\/shopp\/\",\"name\":\"Loja Opening\",\"description\":\"\",\"publisher\":{\"@id\":\"https:\/\/lojaopening.com.br\/shopp\/#organization\"},\"potentialAction\":[{\"@type\":\"SearchAction\",\"target\":{\"@type\":\"EntryPoint\",\"urlTemplate\":\"https:\/\/lojaopening.com.br\/shopp\/?s={search_term_string}\"},\"query-input\":{\"@type\":\"PropertyValueSpecification\",\"valueRequired\":true,\"valueName\":\"search_term_string\"}}],\"inLanguage\":\"pt-PT\"},{\"@type\":\"Organization\",\"@id\":\"https:\/\/lojaopening.com.br\/shopp\/#organization\",\"name\":\"Opening World Coml Import Export Ltda\",\"url\":\"https:\/\/lojaopening.com.br\/shopp\/\",\"logo\":{\"@type\":\"ImageObject\",\"inLanguage\":\"pt-PT\",\"@id\":\"https:\/\/lojaopening.com.br\/shopp\/#\/schema\/logo\/image\/\",\"url\":\"https:\/\/lojaopening.com.br\/wp-content\/uploads\/2020\/09\/logo_header.png\",\"contentUrl\":\"https:\/\/lojaopening.com.br\/wp-content\/uploads\/2020\/09\/logo_header.png\",\"width\":1279,\"height\":328,\"caption\":\"Opening World Coml Import Export Ltda\"},\"image\":{\"@id\":\"https:\/\/lojaopening.com.br\/shopp\/#\/schema\/logo\/image\/\"}}]}<\/script>\n<!-- \/ Yoast SEO plugin. -->","yoast_head_json":{"title":"Motor DC Escovado S\u00e9rie 116-1 - 1.6\" - Hansen Corporation - Loja Opening","description":"O motor DC escovado de \u00edm\u00e3 permanente da s\u00e9rie Hansen 116-1 (1,6\" de di\u00e2metro) est\u00e1 dispon\u00edvel para atender aos mercados industrial, de instrumenta\u00e7\u00e3o e automotivo em aplica\u00e7\u00f5es de malha aberta ou de malha fechada sem posi\u00e7\u00e3o preferida do rotor.","robots":{"index":"index","follow":"follow","max-snippet":"max-snippet:-1","max-image-preview":"max-image-preview:large","max-video-preview":"max-video-preview:-1"},"canonical":"https:\/\/lojaopening.com.br\/shopp\/produto\/motor-dc-escovado-serie-116-1-1-6-hansen-corporation\/","og_locale":"pt_PT","og_type":"article","og_title":"Motor DC Escovado S\u00e9rie 116-1 - 1.6\" - Hansen Corporation - Loja Opening","og_description":"O motor DC escovado de \u00edm\u00e3 permanente da s\u00e9rie Hansen 116-1 (1,6\" de di\u00e2metro) est\u00e1 dispon\u00edvel para atender aos mercados industrial, de instrumenta\u00e7\u00e3o e automotivo em aplica\u00e7\u00f5es de malha aberta ou de malha fechada sem posi\u00e7\u00e3o preferida do rotor.","og_url":"https:\/\/lojaopening.com.br\/shopp\/produto\/motor-dc-escovado-serie-116-1-1-6-hansen-corporation\/","og_site_name":"Loja Opening","article_modified_time":"2023-05-27T19:21:11+00:00","og_image":[{"width":484,"height":443,"url":"https:\/\/lojaopening.com.br\/wp-content\/uploads\/2022\/07\/dc-116-1-series-motor-escova.png","type":"image\/png"}],"twitter_card":"summary_large_image","twitter_misc":{"Tempo estimado de leitura":"2 minutos"},"schema":{"@context":"https:\/\/schema.org","@graph":[{"@type":"WebPage","@id":"https:\/\/lojaopening.com.br\/shopp\/produto\/motor-dc-escovado-serie-116-1-1-6-hansen-corporation\/","url":"https:\/\/lojaopening.com.br\/shopp\/produto\/motor-dc-escovado-serie-116-1-1-6-hansen-corporation\/","name":"Motor DC Escovado S\u00e9rie 116-1 - 1.6\" - Hansen Corporation - Loja Opening","isPartOf":{"@id":"https:\/\/lojaopening.com.br\/shopp\/#website"},"primaryImageOfPage":{"@id":"https:\/\/lojaopening.com.br\/shopp\/produto\/motor-dc-escovado-serie-116-1-1-6-hansen-corporation\/#primaryimage"},"image":{"@id":"https:\/\/lojaopening.com.br\/shopp\/produto\/motor-dc-escovado-serie-116-1-1-6-hansen-corporation\/#primaryimage"},"thumbnailUrl":"https:\/\/lojaopening.com.br\/wp-content\/uploads\/2022\/07\/dc-116-1-series-motor-escova.png","datePublished":"2022-07-25T16:55:13+00:00","dateModified":"2023-05-27T19:21:11+00:00","description":"O motor DC escovado de \u00edm\u00e3 permanente da s\u00e9rie Hansen 116-1 (1,6\" de di\u00e2metro) est\u00e1 dispon\u00edvel para atender aos mercados industrial, de instrumenta\u00e7\u00e3o e automotivo em aplica\u00e7\u00f5es de malha aberta ou de malha fechada sem posi\u00e7\u00e3o preferida do rotor.","breadcrumb":{"@id":"https:\/\/lojaopening.com.br\/shopp\/produto\/motor-dc-escovado-serie-116-1-1-6-hansen-corporation\/#breadcrumb"},"inLanguage":"pt-PT","potentialAction":[{"@type":"ReadAction","target":["https:\/\/lojaopening.com.br\/shopp\/produto\/motor-dc-escovado-serie-116-1-1-6-hansen-corporation\/"]}]},{"@type":"ImageObject","inLanguage":"pt-PT","@id":"https:\/\/lojaopening.com.br\/shopp\/produto\/motor-dc-escovado-serie-116-1-1-6-hansen-corporation\/#primaryimage","url":"https:\/\/lojaopening.com.br\/wp-content\/uploads\/2022\/07\/dc-116-1-series-motor-escova.png","contentUrl":"https:\/\/lojaopening.com.br\/wp-content\/uploads\/2022\/07\/dc-116-1-series-motor-escova.png","width":484,"height":443},{"@type":"BreadcrumbList","@id":"https:\/\/lojaopening.com.br\/shopp\/produto\/motor-dc-escovado-serie-116-1-1-6-hansen-corporation\/#breadcrumb","itemListElement":[{"@type":"ListItem","position":1,"name":"In\u00edcio","item":"https:\/\/lojaopening.com.br\/shopp\/"},{"@type":"ListItem","position":2,"name":"Shop","item":"https:\/\/lojaopening.com.br\/shopp\/shopp\/"},{"@type":"ListItem","position":3,"name":"Motor DC Escovado S\u00e9rie 116-1 &#8211; 1.6&#8243; &#8211; Hansen Corporation"}]},{"@type":"WebSite","@id":"https:\/\/lojaopening.com.br\/shopp\/#website","url":"https:\/\/lojaopening.com.br\/shopp\/","name":"Loja Opening","description":"","publisher":{"@id":"https:\/\/lojaopening.com.br\/shopp\/#organization"},"potentialAction":[{"@type":"SearchAction","target":{"@type":"EntryPoint","urlTemplate":"https:\/\/lojaopening.com.br\/shopp\/?s={search_term_string}"},"query-input":{"@type":"PropertyValueSpecification","valueRequired":true,"valueName":"search_term_string"}}],"inLanguage":"pt-PT"},{"@type":"Organization","@id":"https:\/\/lojaopening.com.br\/shopp\/#organization","name":"Opening World Coml Import Export Ltda","url":"https:\/\/lojaopening.com.br\/shopp\/","logo":{"@type":"ImageObject","inLanguage":"pt-PT","@id":"https:\/\/lojaopening.com.br\/shopp\/#\/schema\/logo\/image\/","url":"https:\/\/lojaopening.com.br\/wp-content\/uploads\/2020\/09\/logo_header.png","contentUrl":"https:\/\/lojaopening.com.br\/wp-content\/uploads\/2020\/09\/logo_header.png","width":1279,"height":328,"caption":"Opening World Coml Import Export Ltda"},"image":{"@id":"https:\/\/lojaopening.com.br\/shopp\/#\/schema\/logo\/image\/"}}]}},"_links":{"self":[{"href":"https:\/\/lojaopening.com.br\/shopp\/wp-json\/wp\/v2\/product\/1053","targetHints":{"allow":["GET"]}}],"collection":[{"href":"https:\/\/lojaopening.com.br\/shopp\/wp-json\/wp\/v2\/product"}],"about":[{"href":"https:\/\/lojaopening.com.br\/shopp\/wp-json\/wp\/v2\/types\/product"}],"wp:featuredmedia":[{"embeddable":true,"href":"https:\/\/lojaopening.com.br\/shopp\/wp-json\/wp\/v2\/media\/1055"}],"wp:attachment":[{"href":"https:\/\/lojaopening.com.br\/shopp\/wp-json\/wp\/v2\/media?parent=1053"}],"wp:term":[{"taxonomy":"product_brand","embeddable":true,"href":"https:\/\/lojaopening.com.br\/shopp\/wp-json\/wp\/v2\/product_brand?post=1053"},{"taxonomy":"product_cat","embeddable":true,"href":"https:\/\/lojaopening.com.br\/shopp\/wp-json\/wp\/v2\/product_cat?post=1053"},{"taxonomy":"product_tag","embeddable":true,"href":"https:\/\/lojaopening.com.br\/shopp\/wp-json\/wp\/v2\/product_tag?post=1053"}],"curies":[{"name":"wp","href":"https:\/\/api.w.org\/{rel}","templated":true}]}}