{"id":1057,"date":"2022-07-25T17:01:04","date_gmt":"2022-07-25T17:01:04","guid":{"rendered":"https:\/\/lojaopening.com.br\/shopp\/?post_type=product&#038;p=1057"},"modified":"2023-05-27T19:21:11","modified_gmt":"2023-05-27T19:21:11","slug":"motor-de-passo-serie-123-1-tamanho-23-hansen-corporation","status":"publish","type":"product","link":"https:\/\/lojaopening.com.br\/shopp\/produto\/motor-de-passo-serie-123-1-tamanho-23-hansen-corporation\/","title":{"rendered":"Motor de Passo S\u00e9rie 123-1 Tamanho 23 &#8211; Hansen Corporation"},"content":{"rendered":"<p><span class=\"JLqJ4b ChMk0b\" data-language-for-alternatives=\"pt\" data-language-to-translate-into=\"en\" data-phrase-index=\"0\" data-number-of-phrases=\"2\"><span class=\"Q4iAWc\">Esses motores de engrenagem apresentam um motor de passo Hansen s\u00e9rie 123-1 em uma caixa de engrenagens de 2&#8243; redondos. Est\u00e3o dispon\u00edveis 4 rela\u00e7\u00f5es de transmiss\u00e3o, 12:1, 48:1, 192:1 e 768:1. A caixa de engrenagens para servi\u00e7o pesado pode lidar com at\u00e9 14 kg-pol<\/span><\/span><span class=\"JLqJ4b ChMk0b\" data-language-for-alternatives=\"pt\" data-language-to-translate-into=\"en\" data-phrase-index=\"1\" data-number-of-phrases=\"2\"><span class=\"Q4iAWc\"> intermitentemente e 7 kg-pol continuamente. Eixos de sa\u00edda personalizados est\u00e3o dispon\u00edveis.<\/span><\/span><\/p>\n<p>&nbsp;<\/p>\n<h2>Especifica\u00e7\u00f5es<\/h2>\n<p>Motor de Passo S\u00e9rie 123-1 Tamanho 23<\/p>\n<p>Produto Novo<\/p>\n<p>Importado<\/p>\n<p><strong>Fabricante:<\/strong> Hansen Corporation<\/p>\n<p><strong>Pedido M\u00ednimo:<\/strong> 50 Pe\u00e7as<\/p>\n<p>Fabrica\u00e7\u00e3o sob encomenda. Entre em contato para realizar uma cota\u00e7\u00e3o com as especifica\u00e7\u00f5es necess\u00e1rias<\/p>\n<p>&nbsp;<\/p>\n<p><img fetchpriority=\"high\" decoding=\"async\" class=\"aligncenter wp-image-1058 size-large\" src=\"https:\/\/lojaopening.com.br\/wp-content\/uploads\/2022\/07\/motor-de-passo-123-4-series-drawing-1024x678.png\" alt=\"\" width=\"1024\" height=\"678\" srcset=\"https:\/\/lojaopening.com.br\/wp-content\/uploads\/2022\/07\/motor-de-passo-123-4-series-drawing-1024x678.png 1024w, https:\/\/lojaopening.com.br\/wp-content\/uploads\/2022\/07\/motor-de-passo-123-4-series-drawing-300x199.png 300w, https:\/\/lojaopening.com.br\/wp-content\/uploads\/2022\/07\/motor-de-passo-123-4-series-drawing-768x508.png 768w, https:\/\/lojaopening.com.br\/wp-content\/uploads\/2022\/07\/motor-de-passo-123-4-series-drawing.png 1200w\" sizes=\"(max-width: 1024px) 100vw, 1024px\" \/><\/p>\n","protected":false},"excerpt":{"rendered":"<p>Esses motores de engrenagem apresentam um motor de passo Hansen s\u00e9rie 123-1 em uma caixa de engrenagens de 2&#8243; redondos.&hellip;<\/p>\n","protected":false},"featured_media":1060,"template":"","meta":[],"product_brand":[],"product_cat":[38,636],"product_tag":[642],"class_list":{"0":"post-1057","1":"product","2":"type-product","3":"status-publish","4":"has-post-thumbnail","6":"product_cat-automacao-industrial","7":"product_cat-hansen-corporation","8":"product_tag-motor-de-passo","10":"first","11":"onbackorder","12":"shipping-taxable","13":"purchasable","14":"product-type-simple"},"yoast_head":"<!-- This site is optimized with the Yoast SEO plugin v27.2 - https:\/\/yoast.com\/product\/yoast-seo-wordpress\/ -->\n<title>Motor de Passo S\u00e9rie 123-1 Tamanho 23 - Hansen Corporation - Loja Opening<\/title>\n<meta name=\"description\" content=\"Esses motores de engrenagem apresentam um motor de passo Hansen s\u00e9rie 123-1 em uma caixa de engrenagens de 2&quot; redondos. Est\u00e3o dispon\u00edveis 4 rela\u00e7\u00f5es de transmiss\u00e3o...\" \/>\n<meta name=\"robots\" content=\"index, follow, max-snippet:-1, max-image-preview:large, max-video-preview:-1\" \/>\n<link rel=\"canonical\" href=\"https:\/\/lojaopening.com.br\/shopp\/produto\/motor-de-passo-serie-123-1-tamanho-23-hansen-corporation\/\" \/>\n<meta property=\"og:locale\" content=\"pt_PT\" \/>\n<meta property=\"og:type\" content=\"article\" \/>\n<meta property=\"og:title\" content=\"Motor de Passo S\u00e9rie 123-1 Tamanho 23 - Hansen Corporation - Loja Opening\" \/>\n<meta property=\"og:description\" content=\"Esses motores de engrenagem apresentam um motor de passo Hansen s\u00e9rie 123-1 em uma caixa de engrenagens de 2&quot; redondos. Est\u00e3o dispon\u00edveis 4 rela\u00e7\u00f5es de transmiss\u00e3o...\" \/>\n<meta property=\"og:url\" content=\"https:\/\/lojaopening.com.br\/shopp\/produto\/motor-de-passo-serie-123-1-tamanho-23-hansen-corporation\/\" \/>\n<meta property=\"og:site_name\" content=\"Loja Opening\" \/>\n<meta property=\"article:modified_time\" content=\"2023-05-27T19:21:11+00:00\" \/>\n<meta property=\"og:image\" content=\"https:\/\/lojaopening.com.br\/wp-content\/uploads\/2022\/07\/motor-de-passo-series-123-4.png\" \/>\n\t<meta property=\"og:image:width\" content=\"504\" \/>\n\t<meta property=\"og:image:height\" content=\"436\" \/>\n\t<meta property=\"og:image:type\" content=\"image\/png\" \/>\n<meta name=\"twitter:card\" content=\"summary_large_image\" \/>\n<meta name=\"twitter:label1\" content=\"Tempo estimado de leitura\" \/>\n\t<meta name=\"twitter:data1\" content=\"1 minuto\" \/>\n<script type=\"application\/ld+json\" class=\"yoast-schema-graph\">{\"@context\":\"https:\/\/schema.org\",\"@graph\":[{\"@type\":\"WebPage\",\"@id\":\"https:\/\/lojaopening.com.br\/shopp\/produto\/motor-de-passo-serie-123-1-tamanho-23-hansen-corporation\/\",\"url\":\"https:\/\/lojaopening.com.br\/shopp\/produto\/motor-de-passo-serie-123-1-tamanho-23-hansen-corporation\/\",\"name\":\"Motor de Passo S\u00e9rie 123-1 Tamanho 23 - Hansen Corporation - Loja Opening\",\"isPartOf\":{\"@id\":\"https:\/\/lojaopening.com.br\/shopp\/#website\"},\"primaryImageOfPage\":{\"@id\":\"https:\/\/lojaopening.com.br\/shopp\/produto\/motor-de-passo-serie-123-1-tamanho-23-hansen-corporation\/#primaryimage\"},\"image\":{\"@id\":\"https:\/\/lojaopening.com.br\/shopp\/produto\/motor-de-passo-serie-123-1-tamanho-23-hansen-corporation\/#primaryimage\"},\"thumbnailUrl\":\"https:\/\/lojaopening.com.br\/wp-content\/uploads\/2022\/07\/motor-de-passo-series-123-4.png\",\"datePublished\":\"2022-07-25T17:01:04+00:00\",\"dateModified\":\"2023-05-27T19:21:11+00:00\",\"description\":\"Esses motores de engrenagem apresentam um motor de passo Hansen s\u00e9rie 123-1 em uma caixa de engrenagens de 2\\\" redondos. Est\u00e3o dispon\u00edveis 4 rela\u00e7\u00f5es de transmiss\u00e3o...\",\"breadcrumb\":{\"@id\":\"https:\/\/lojaopening.com.br\/shopp\/produto\/motor-de-passo-serie-123-1-tamanho-23-hansen-corporation\/#breadcrumb\"},\"inLanguage\":\"pt-PT\",\"potentialAction\":[{\"@type\":\"ReadAction\",\"target\":[\"https:\/\/lojaopening.com.br\/shopp\/produto\/motor-de-passo-serie-123-1-tamanho-23-hansen-corporation\/\"]}]},{\"@type\":\"ImageObject\",\"inLanguage\":\"pt-PT\",\"@id\":\"https:\/\/lojaopening.com.br\/shopp\/produto\/motor-de-passo-serie-123-1-tamanho-23-hansen-corporation\/#primaryimage\",\"url\":\"https:\/\/lojaopening.com.br\/wp-content\/uploads\/2022\/07\/motor-de-passo-series-123-4.png\",\"contentUrl\":\"https:\/\/lojaopening.com.br\/wp-content\/uploads\/2022\/07\/motor-de-passo-series-123-4.png\",\"width\":504,\"height\":436},{\"@type\":\"BreadcrumbList\",\"@id\":\"https:\/\/lojaopening.com.br\/shopp\/produto\/motor-de-passo-serie-123-1-tamanho-23-hansen-corporation\/#breadcrumb\",\"itemListElement\":[{\"@type\":\"ListItem\",\"position\":1,\"name\":\"In\u00edcio\",\"item\":\"https:\/\/lojaopening.com.br\/shopp\/\"},{\"@type\":\"ListItem\",\"position\":2,\"name\":\"Shop\",\"item\":\"https:\/\/lojaopening.com.br\/shopp\/shopp\/\"},{\"@type\":\"ListItem\",\"position\":3,\"name\":\"Motor de Passo S\u00e9rie 123-1 Tamanho 23 &#8211; Hansen Corporation\"}]},{\"@type\":\"WebSite\",\"@id\":\"https:\/\/lojaopening.com.br\/shopp\/#website\",\"url\":\"https:\/\/lojaopening.com.br\/shopp\/\",\"name\":\"Loja Opening\",\"description\":\"\",\"publisher\":{\"@id\":\"https:\/\/lojaopening.com.br\/shopp\/#organization\"},\"potentialAction\":[{\"@type\":\"SearchAction\",\"target\":{\"@type\":\"EntryPoint\",\"urlTemplate\":\"https:\/\/lojaopening.com.br\/shopp\/?s={search_term_string}\"},\"query-input\":{\"@type\":\"PropertyValueSpecification\",\"valueRequired\":true,\"valueName\":\"search_term_string\"}}],\"inLanguage\":\"pt-PT\"},{\"@type\":\"Organization\",\"@id\":\"https:\/\/lojaopening.com.br\/shopp\/#organization\",\"name\":\"Opening World Coml Import Export Ltda\",\"url\":\"https:\/\/lojaopening.com.br\/shopp\/\",\"logo\":{\"@type\":\"ImageObject\",\"inLanguage\":\"pt-PT\",\"@id\":\"https:\/\/lojaopening.com.br\/shopp\/#\/schema\/logo\/image\/\",\"url\":\"https:\/\/lojaopening.com.br\/wp-content\/uploads\/2020\/09\/logo_header.png\",\"contentUrl\":\"https:\/\/lojaopening.com.br\/wp-content\/uploads\/2020\/09\/logo_header.png\",\"width\":1279,\"height\":328,\"caption\":\"Opening World Coml Import Export Ltda\"},\"image\":{\"@id\":\"https:\/\/lojaopening.com.br\/shopp\/#\/schema\/logo\/image\/\"}}]}<\/script>\n<!-- \/ Yoast SEO plugin. -->","yoast_head_json":{"title":"Motor de Passo S\u00e9rie 123-1 Tamanho 23 - Hansen Corporation - Loja Opening","description":"Esses motores de engrenagem apresentam um motor de passo Hansen s\u00e9rie 123-1 em uma caixa de engrenagens de 2\" redondos. Est\u00e3o dispon\u00edveis 4 rela\u00e7\u00f5es de transmiss\u00e3o...","robots":{"index":"index","follow":"follow","max-snippet":"max-snippet:-1","max-image-preview":"max-image-preview:large","max-video-preview":"max-video-preview:-1"},"canonical":"https:\/\/lojaopening.com.br\/shopp\/produto\/motor-de-passo-serie-123-1-tamanho-23-hansen-corporation\/","og_locale":"pt_PT","og_type":"article","og_title":"Motor de Passo S\u00e9rie 123-1 Tamanho 23 - Hansen Corporation - Loja Opening","og_description":"Esses motores de engrenagem apresentam um motor de passo Hansen s\u00e9rie 123-1 em uma caixa de engrenagens de 2\" redondos. Est\u00e3o dispon\u00edveis 4 rela\u00e7\u00f5es de transmiss\u00e3o...","og_url":"https:\/\/lojaopening.com.br\/shopp\/produto\/motor-de-passo-serie-123-1-tamanho-23-hansen-corporation\/","og_site_name":"Loja Opening","article_modified_time":"2023-05-27T19:21:11+00:00","og_image":[{"width":504,"height":436,"url":"https:\/\/lojaopening.com.br\/wp-content\/uploads\/2022\/07\/motor-de-passo-series-123-4.png","type":"image\/png"}],"twitter_card":"summary_large_image","twitter_misc":{"Tempo estimado de leitura":"1 minuto"},"schema":{"@context":"https:\/\/schema.org","@graph":[{"@type":"WebPage","@id":"https:\/\/lojaopening.com.br\/shopp\/produto\/motor-de-passo-serie-123-1-tamanho-23-hansen-corporation\/","url":"https:\/\/lojaopening.com.br\/shopp\/produto\/motor-de-passo-serie-123-1-tamanho-23-hansen-corporation\/","name":"Motor de Passo S\u00e9rie 123-1 Tamanho 23 - Hansen Corporation - Loja Opening","isPartOf":{"@id":"https:\/\/lojaopening.com.br\/shopp\/#website"},"primaryImageOfPage":{"@id":"https:\/\/lojaopening.com.br\/shopp\/produto\/motor-de-passo-serie-123-1-tamanho-23-hansen-corporation\/#primaryimage"},"image":{"@id":"https:\/\/lojaopening.com.br\/shopp\/produto\/motor-de-passo-serie-123-1-tamanho-23-hansen-corporation\/#primaryimage"},"thumbnailUrl":"https:\/\/lojaopening.com.br\/wp-content\/uploads\/2022\/07\/motor-de-passo-series-123-4.png","datePublished":"2022-07-25T17:01:04+00:00","dateModified":"2023-05-27T19:21:11+00:00","description":"Esses motores de engrenagem apresentam um motor de passo Hansen s\u00e9rie 123-1 em uma caixa de engrenagens de 2\" redondos. Est\u00e3o dispon\u00edveis 4 rela\u00e7\u00f5es de transmiss\u00e3o...","breadcrumb":{"@id":"https:\/\/lojaopening.com.br\/shopp\/produto\/motor-de-passo-serie-123-1-tamanho-23-hansen-corporation\/#breadcrumb"},"inLanguage":"pt-PT","potentialAction":[{"@type":"ReadAction","target":["https:\/\/lojaopening.com.br\/shopp\/produto\/motor-de-passo-serie-123-1-tamanho-23-hansen-corporation\/"]}]},{"@type":"ImageObject","inLanguage":"pt-PT","@id":"https:\/\/lojaopening.com.br\/shopp\/produto\/motor-de-passo-serie-123-1-tamanho-23-hansen-corporation\/#primaryimage","url":"https:\/\/lojaopening.com.br\/wp-content\/uploads\/2022\/07\/motor-de-passo-series-123-4.png","contentUrl":"https:\/\/lojaopening.com.br\/wp-content\/uploads\/2022\/07\/motor-de-passo-series-123-4.png","width":504,"height":436},{"@type":"BreadcrumbList","@id":"https:\/\/lojaopening.com.br\/shopp\/produto\/motor-de-passo-serie-123-1-tamanho-23-hansen-corporation\/#breadcrumb","itemListElement":[{"@type":"ListItem","position":1,"name":"In\u00edcio","item":"https:\/\/lojaopening.com.br\/shopp\/"},{"@type":"ListItem","position":2,"name":"Shop","item":"https:\/\/lojaopening.com.br\/shopp\/shopp\/"},{"@type":"ListItem","position":3,"name":"Motor de Passo S\u00e9rie 123-1 Tamanho 23 &#8211; Hansen Corporation"}]},{"@type":"WebSite","@id":"https:\/\/lojaopening.com.br\/shopp\/#website","url":"https:\/\/lojaopening.com.br\/shopp\/","name":"Loja Opening","description":"","publisher":{"@id":"https:\/\/lojaopening.com.br\/shopp\/#organization"},"potentialAction":[{"@type":"SearchAction","target":{"@type":"EntryPoint","urlTemplate":"https:\/\/lojaopening.com.br\/shopp\/?s={search_term_string}"},"query-input":{"@type":"PropertyValueSpecification","valueRequired":true,"valueName":"search_term_string"}}],"inLanguage":"pt-PT"},{"@type":"Organization","@id":"https:\/\/lojaopening.com.br\/shopp\/#organization","name":"Opening World Coml Import Export Ltda","url":"https:\/\/lojaopening.com.br\/shopp\/","logo":{"@type":"ImageObject","inLanguage":"pt-PT","@id":"https:\/\/lojaopening.com.br\/shopp\/#\/schema\/logo\/image\/","url":"https:\/\/lojaopening.com.br\/wp-content\/uploads\/2020\/09\/logo_header.png","contentUrl":"https:\/\/lojaopening.com.br\/wp-content\/uploads\/2020\/09\/logo_header.png","width":1279,"height":328,"caption":"Opening World Coml Import Export Ltda"},"image":{"@id":"https:\/\/lojaopening.com.br\/shopp\/#\/schema\/logo\/image\/"}}]}},"_links":{"self":[{"href":"https:\/\/lojaopening.com.br\/shopp\/wp-json\/wp\/v2\/product\/1057","targetHints":{"allow":["GET"]}}],"collection":[{"href":"https:\/\/lojaopening.com.br\/shopp\/wp-json\/wp\/v2\/product"}],"about":[{"href":"https:\/\/lojaopening.com.br\/shopp\/wp-json\/wp\/v2\/types\/product"}],"wp:featuredmedia":[{"embeddable":true,"href":"https:\/\/lojaopening.com.br\/shopp\/wp-json\/wp\/v2\/media\/1060"}],"wp:attachment":[{"href":"https:\/\/lojaopening.com.br\/shopp\/wp-json\/wp\/v2\/media?parent=1057"}],"wp:term":[{"taxonomy":"product_brand","embeddable":true,"href":"https:\/\/lojaopening.com.br\/shopp\/wp-json\/wp\/v2\/product_brand?post=1057"},{"taxonomy":"product_cat","embeddable":true,"href":"https:\/\/lojaopening.com.br\/shopp\/wp-json\/wp\/v2\/product_cat?post=1057"},{"taxonomy":"product_tag","embeddable":true,"href":"https:\/\/lojaopening.com.br\/shopp\/wp-json\/wp\/v2\/product_tag?post=1057"}],"curies":[{"name":"wp","href":"https:\/\/api.w.org\/{rel}","templated":true}]}}