{"id":1141,"date":"2022-08-22T16:10:09","date_gmt":"2022-08-22T16:10:09","guid":{"rendered":"https:\/\/lojaopening.com.br\/shopp\/?post_type=product&#038;p=1141"},"modified":"2023-05-27T19:21:09","modified_gmt":"2023-05-27T19:21:09","slug":"cafeteira-eletrica-marchesoni-2-litros-automatica-220v","status":"publish","type":"product","link":"https:\/\/lojaopening.com.br\/shopp\/produto\/cafeteira-eletrica-marchesoni-2-litros-automatica-220v\/","title":{"rendered":"Cafeteira El\u00e9trica Marchesoni 2 Litros Autom\u00e1tica 220v CF.1.202"},"content":{"rendered":"<h2><span class=\"sc-kDTinF cVybho\" data-testid=\"product-detail-title\">Cafeteira Autom\u00e1tica 2 Litros Marchesoni El\u00e9trica<\/span><\/h2>\n<div class=\"sc-hKwDye hgwTDs sc-gwNMUz bPzsrD\" data-testid=\"product-detail-description\">\n<div>\n<h3><strong>Especifica\u00e7\u00f5es:<\/strong><\/h3>\n<p><strong>C\u00f3digo<\/strong><\/p>\n<p>CF.1.202<\/p>\n<p><strong>Capacidade<\/strong><br \/>\n2 litros<br \/>\n<strong>Consumo<\/strong><br \/>\n1000W \/ 1,00 kw\/h<br \/>\n<strong>Alimenta\u00e7\u00e3o<\/strong><br \/>\n220V<br \/>\n<strong>Dimens\u00f5es (CxLxA)<\/strong><br \/>\nProduto: 25 x 26 x 31 (cm)<br \/>\nEmbalagem: 25 x 25 x 34 (cm)<br \/>\n<strong>Peso l\u00edquido \/ bruto<\/strong><br \/>\n1,2 kg \/ 1,6 kg<\/p>\n<p><strong>Produto certificado de acordo com a portaria Inmetro no 371 de 2009.<\/strong><\/p>\n<p><strong>Descri\u00e7\u00e3o<\/strong><br \/>\nCesto coador, dispensa o uso de filtro de papel ou pano;<br \/>\nCorpo em a\u00e7o inox;<br \/>\nL\u00e2mpada indicadora de aquecimento;<br \/>\nPrepara e mant\u00e9m o caf\u00e9 aquecido;<br \/>\nIdeal para buffets, consult\u00f3rios, escrit\u00f3rios, com\u00e9rcio e at\u00e9 para o uso dom\u00e9stico;<br \/>\nModelo exclusivo: Pr\u00e1tica, compacta e econ\u00f4mica.<br \/>\nAutom\u00e1tica: Prepara o caf\u00e9 sozinha!<\/p>\n<p>As exclusivas cafeteiras da Linha Autom\u00e1tica Marchesoni s\u00e3o pr\u00e1ticas e eficientes.<\/p>\n<p>Elas s\u00e3o perfeitas para preparar o caf\u00e9 e mant\u00ea-lo aquecido na temperatura ideal para o consumo. S\u00e3o fabricadas em a\u00e7o inoxid\u00e1vel, possuem termostato autom\u00e1tico e torneira para autosservi\u00e7o.<\/p>\n<p>Como Funcionam as Cafeteiras Autom\u00e1ticas Marchesoni?<\/p>\n<p>As cafeteiras autom\u00e1ticas Marchesoni possuem um sistema de funcionamento exclusivo: Basta colocar \u00e1gua no reservat\u00f3rio, acrescentar o p\u00f3 de caf\u00e9 e ligar. A \u00e1gua sobe atrav\u00e9s do tubo condensador e cai diretamente no cesto de caf\u00e9. Neste momento inicia-se o processo de preparo. Em alguns minutos, a m\u00e1quina acender\u00e1 a l\u00e2mpada piloto indicando que o caf\u00e9 est\u00e1 pronto!<\/p>\n<p>Pr\u00e1tica e econ\u00f4mica!<\/p>\n<p>Autosservi\u00e7o;<br \/>\nDispensa o uso de filtro de pano;<br \/>\nResist\u00eancias de aquecimento \u00e0 seco.<\/p>\n<\/div>\n<\/div>\n","protected":false},"excerpt":{"rendered":"<p>Cafeteira Autom\u00e1tica 2 Litros Marchesoni El\u00e9trica Especifica\u00e7\u00f5es: C\u00f3digo CF.1.202 Capacidade 2 litros Consumo 1000W \/ 1,00 kw\/h Alimenta\u00e7\u00e3o 220V Dimens\u00f5es&hellip;<\/p>\n","protected":false},"featured_media":1142,"template":"","meta":[],"product_brand":[],"product_cat":[354],"product_tag":[651,650,655,649,652,654,664,653],"class_list":{"0":"post-1141","1":"product","2":"type-product","3":"status-publish","4":"has-post-thumbnail","6":"product_cat-marchesoni","7":"product_tag-cafeteira-220v","8":"product_tag-cafeteira-automatica","9":"product_tag-cafeteira-autosservico","10":"product_tag-cafeteira-eletrica","11":"product_tag-cafeteira-inox","12":"product_tag-cafeteira-sem-filtro","13":"product_tag-cf-1-202","14":"product_tag-marchesoni","16":"first","17":"onbackorder","18":"shipping-taxable","19":"purchasable","20":"product-type-simple"},"yoast_head":"<!-- This site is optimized with the Yoast SEO plugin v27.2 - https:\/\/yoast.com\/product\/yoast-seo-wordpress\/ -->\n<title>Cafeteira El\u00e9trica Marchesoni 2 Litros Autom\u00e1tica 220v CF.1.202 - Loja Opening<\/title>\n<meta name=\"description\" content=\"Cafeteira El\u00e9trica Marchesoni 2 Litros Autom\u00e1tica 220v CF.1.202. Venda exclusiva para empresas ou ind\u00fastrias. Envie sua cota\u00e7\u00e3o.\" \/>\n<meta name=\"robots\" content=\"index, follow, max-snippet:-1, max-image-preview:large, max-video-preview:-1\" \/>\n<link rel=\"canonical\" href=\"https:\/\/lojaopening.com.br\/shopp\/produto\/cafeteira-eletrica-marchesoni-2-litros-automatica-220v\/\" \/>\n<meta property=\"og:locale\" content=\"pt_PT\" \/>\n<meta property=\"og:type\" content=\"article\" \/>\n<meta property=\"og:title\" content=\"Cafeteira El\u00e9trica Marchesoni 2 Litros Autom\u00e1tica 220v CF.1.202 - Loja Opening\" \/>\n<meta property=\"og:description\" content=\"Cafeteira El\u00e9trica Marchesoni 2 Litros Autom\u00e1tica 220v CF.1.202. Venda exclusiva para empresas ou ind\u00fastrias. Envie sua cota\u00e7\u00e3o.\" \/>\n<meta property=\"og:url\" content=\"https:\/\/lojaopening.com.br\/shopp\/produto\/cafeteira-eletrica-marchesoni-2-litros-automatica-220v\/\" \/>\n<meta property=\"og:site_name\" content=\"Loja Opening\" \/>\n<meta property=\"article:modified_time\" content=\"2023-05-27T19:21:09+00:00\" \/>\n<meta property=\"og:image\" content=\"https:\/\/lojaopening.com.br\/wp-content\/uploads\/2022\/08\/cafeteira-eletrica-inox-2-litros-marchesoni-220-v.jpg\" \/>\n\t<meta property=\"og:image:width\" content=\"1000\" \/>\n\t<meta property=\"og:image:height\" content=\"1000\" \/>\n\t<meta property=\"og:image:type\" content=\"image\/jpeg\" \/>\n<meta name=\"twitter:card\" content=\"summary_large_image\" \/>\n<meta name=\"twitter:label1\" content=\"Tempo estimado de leitura\" \/>\n\t<meta name=\"twitter:data1\" content=\"2 minutos\" \/>\n<script type=\"application\/ld+json\" class=\"yoast-schema-graph\">{\"@context\":\"https:\/\/schema.org\",\"@graph\":[{\"@type\":\"WebPage\",\"@id\":\"https:\/\/lojaopening.com.br\/shopp\/produto\/cafeteira-eletrica-marchesoni-2-litros-automatica-220v\/\",\"url\":\"https:\/\/lojaopening.com.br\/shopp\/produto\/cafeteira-eletrica-marchesoni-2-litros-automatica-220v\/\",\"name\":\"Cafeteira El\u00e9trica Marchesoni 2 Litros Autom\u00e1tica 220v CF.1.202 - Loja Opening\",\"isPartOf\":{\"@id\":\"https:\/\/lojaopening.com.br\/shopp\/#website\"},\"primaryImageOfPage\":{\"@id\":\"https:\/\/lojaopening.com.br\/shopp\/produto\/cafeteira-eletrica-marchesoni-2-litros-automatica-220v\/#primaryimage\"},\"image\":{\"@id\":\"https:\/\/lojaopening.com.br\/shopp\/produto\/cafeteira-eletrica-marchesoni-2-litros-automatica-220v\/#primaryimage\"},\"thumbnailUrl\":\"https:\/\/lojaopening.com.br\/wp-content\/uploads\/2022\/08\/cafeteira-eletrica-inox-2-litros-marchesoni-220-v.jpg\",\"datePublished\":\"2022-08-22T16:10:09+00:00\",\"dateModified\":\"2023-05-27T19:21:09+00:00\",\"description\":\"Cafeteira El\u00e9trica Marchesoni 2 Litros Autom\u00e1tica 220v CF.1.202. Venda exclusiva para empresas ou ind\u00fastrias. Envie sua cota\u00e7\u00e3o.\",\"breadcrumb\":{\"@id\":\"https:\/\/lojaopening.com.br\/shopp\/produto\/cafeteira-eletrica-marchesoni-2-litros-automatica-220v\/#breadcrumb\"},\"inLanguage\":\"pt-PT\",\"potentialAction\":[{\"@type\":\"ReadAction\",\"target\":[\"https:\/\/lojaopening.com.br\/shopp\/produto\/cafeteira-eletrica-marchesoni-2-litros-automatica-220v\/\"]}]},{\"@type\":\"ImageObject\",\"inLanguage\":\"pt-PT\",\"@id\":\"https:\/\/lojaopening.com.br\/shopp\/produto\/cafeteira-eletrica-marchesoni-2-litros-automatica-220v\/#primaryimage\",\"url\":\"https:\/\/lojaopening.com.br\/wp-content\/uploads\/2022\/08\/cafeteira-eletrica-inox-2-litros-marchesoni-220-v.jpg\",\"contentUrl\":\"https:\/\/lojaopening.com.br\/wp-content\/uploads\/2022\/08\/cafeteira-eletrica-inox-2-litros-marchesoni-220-v.jpg\",\"width\":1000,\"height\":1000},{\"@type\":\"BreadcrumbList\",\"@id\":\"https:\/\/lojaopening.com.br\/shopp\/produto\/cafeteira-eletrica-marchesoni-2-litros-automatica-220v\/#breadcrumb\",\"itemListElement\":[{\"@type\":\"ListItem\",\"position\":1,\"name\":\"In\u00edcio\",\"item\":\"https:\/\/lojaopening.com.br\/shopp\/\"},{\"@type\":\"ListItem\",\"position\":2,\"name\":\"Shop\",\"item\":\"https:\/\/lojaopening.com.br\/shopp\/shopp\/\"},{\"@type\":\"ListItem\",\"position\":3,\"name\":\"Cafeteira El\u00e9trica Marchesoni 2 Litros Autom\u00e1tica 220v CF.1.202\"}]},{\"@type\":\"WebSite\",\"@id\":\"https:\/\/lojaopening.com.br\/shopp\/#website\",\"url\":\"https:\/\/lojaopening.com.br\/shopp\/\",\"name\":\"Loja Opening\",\"description\":\"\",\"publisher\":{\"@id\":\"https:\/\/lojaopening.com.br\/shopp\/#organization\"},\"potentialAction\":[{\"@type\":\"SearchAction\",\"target\":{\"@type\":\"EntryPoint\",\"urlTemplate\":\"https:\/\/lojaopening.com.br\/shopp\/?s={search_term_string}\"},\"query-input\":{\"@type\":\"PropertyValueSpecification\",\"valueRequired\":true,\"valueName\":\"search_term_string\"}}],\"inLanguage\":\"pt-PT\"},{\"@type\":\"Organization\",\"@id\":\"https:\/\/lojaopening.com.br\/shopp\/#organization\",\"name\":\"Opening World Coml Import Export Ltda\",\"url\":\"https:\/\/lojaopening.com.br\/shopp\/\",\"logo\":{\"@type\":\"ImageObject\",\"inLanguage\":\"pt-PT\",\"@id\":\"https:\/\/lojaopening.com.br\/shopp\/#\/schema\/logo\/image\/\",\"url\":\"https:\/\/lojaopening.com.br\/wp-content\/uploads\/2020\/09\/logo_header.png\",\"contentUrl\":\"https:\/\/lojaopening.com.br\/wp-content\/uploads\/2020\/09\/logo_header.png\",\"width\":1279,\"height\":328,\"caption\":\"Opening World Coml Import Export Ltda\"},\"image\":{\"@id\":\"https:\/\/lojaopening.com.br\/shopp\/#\/schema\/logo\/image\/\"}}]}<\/script>\n<!-- \/ Yoast SEO plugin. -->","yoast_head_json":{"title":"Cafeteira El\u00e9trica Marchesoni 2 Litros Autom\u00e1tica 220v CF.1.202 - Loja Opening","description":"Cafeteira El\u00e9trica Marchesoni 2 Litros Autom\u00e1tica 220v CF.1.202. Venda exclusiva para empresas ou ind\u00fastrias. Envie sua cota\u00e7\u00e3o.","robots":{"index":"index","follow":"follow","max-snippet":"max-snippet:-1","max-image-preview":"max-image-preview:large","max-video-preview":"max-video-preview:-1"},"canonical":"https:\/\/lojaopening.com.br\/shopp\/produto\/cafeteira-eletrica-marchesoni-2-litros-automatica-220v\/","og_locale":"pt_PT","og_type":"article","og_title":"Cafeteira El\u00e9trica Marchesoni 2 Litros Autom\u00e1tica 220v CF.1.202 - Loja Opening","og_description":"Cafeteira El\u00e9trica Marchesoni 2 Litros Autom\u00e1tica 220v CF.1.202. Venda exclusiva para empresas ou ind\u00fastrias. Envie sua cota\u00e7\u00e3o.","og_url":"https:\/\/lojaopening.com.br\/shopp\/produto\/cafeteira-eletrica-marchesoni-2-litros-automatica-220v\/","og_site_name":"Loja Opening","article_modified_time":"2023-05-27T19:21:09+00:00","og_image":[{"width":1000,"height":1000,"url":"https:\/\/lojaopening.com.br\/wp-content\/uploads\/2022\/08\/cafeteira-eletrica-inox-2-litros-marchesoni-220-v.jpg","type":"image\/jpeg"}],"twitter_card":"summary_large_image","twitter_misc":{"Tempo estimado de leitura":"2 minutos"},"schema":{"@context":"https:\/\/schema.org","@graph":[{"@type":"WebPage","@id":"https:\/\/lojaopening.com.br\/shopp\/produto\/cafeteira-eletrica-marchesoni-2-litros-automatica-220v\/","url":"https:\/\/lojaopening.com.br\/shopp\/produto\/cafeteira-eletrica-marchesoni-2-litros-automatica-220v\/","name":"Cafeteira El\u00e9trica Marchesoni 2 Litros Autom\u00e1tica 220v CF.1.202 - Loja Opening","isPartOf":{"@id":"https:\/\/lojaopening.com.br\/shopp\/#website"},"primaryImageOfPage":{"@id":"https:\/\/lojaopening.com.br\/shopp\/produto\/cafeteira-eletrica-marchesoni-2-litros-automatica-220v\/#primaryimage"},"image":{"@id":"https:\/\/lojaopening.com.br\/shopp\/produto\/cafeteira-eletrica-marchesoni-2-litros-automatica-220v\/#primaryimage"},"thumbnailUrl":"https:\/\/lojaopening.com.br\/wp-content\/uploads\/2022\/08\/cafeteira-eletrica-inox-2-litros-marchesoni-220-v.jpg","datePublished":"2022-08-22T16:10:09+00:00","dateModified":"2023-05-27T19:21:09+00:00","description":"Cafeteira El\u00e9trica Marchesoni 2 Litros Autom\u00e1tica 220v CF.1.202. Venda exclusiva para empresas ou ind\u00fastrias. Envie sua cota\u00e7\u00e3o.","breadcrumb":{"@id":"https:\/\/lojaopening.com.br\/shopp\/produto\/cafeteira-eletrica-marchesoni-2-litros-automatica-220v\/#breadcrumb"},"inLanguage":"pt-PT","potentialAction":[{"@type":"ReadAction","target":["https:\/\/lojaopening.com.br\/shopp\/produto\/cafeteira-eletrica-marchesoni-2-litros-automatica-220v\/"]}]},{"@type":"ImageObject","inLanguage":"pt-PT","@id":"https:\/\/lojaopening.com.br\/shopp\/produto\/cafeteira-eletrica-marchesoni-2-litros-automatica-220v\/#primaryimage","url":"https:\/\/lojaopening.com.br\/wp-content\/uploads\/2022\/08\/cafeteira-eletrica-inox-2-litros-marchesoni-220-v.jpg","contentUrl":"https:\/\/lojaopening.com.br\/wp-content\/uploads\/2022\/08\/cafeteira-eletrica-inox-2-litros-marchesoni-220-v.jpg","width":1000,"height":1000},{"@type":"BreadcrumbList","@id":"https:\/\/lojaopening.com.br\/shopp\/produto\/cafeteira-eletrica-marchesoni-2-litros-automatica-220v\/#breadcrumb","itemListElement":[{"@type":"ListItem","position":1,"name":"In\u00edcio","item":"https:\/\/lojaopening.com.br\/shopp\/"},{"@type":"ListItem","position":2,"name":"Shop","item":"https:\/\/lojaopening.com.br\/shopp\/shopp\/"},{"@type":"ListItem","position":3,"name":"Cafeteira El\u00e9trica Marchesoni 2 Litros Autom\u00e1tica 220v CF.1.202"}]},{"@type":"WebSite","@id":"https:\/\/lojaopening.com.br\/shopp\/#website","url":"https:\/\/lojaopening.com.br\/shopp\/","name":"Loja Opening","description":"","publisher":{"@id":"https:\/\/lojaopening.com.br\/shopp\/#organization"},"potentialAction":[{"@type":"SearchAction","target":{"@type":"EntryPoint","urlTemplate":"https:\/\/lojaopening.com.br\/shopp\/?s={search_term_string}"},"query-input":{"@type":"PropertyValueSpecification","valueRequired":true,"valueName":"search_term_string"}}],"inLanguage":"pt-PT"},{"@type":"Organization","@id":"https:\/\/lojaopening.com.br\/shopp\/#organization","name":"Opening World Coml Import Export Ltda","url":"https:\/\/lojaopening.com.br\/shopp\/","logo":{"@type":"ImageObject","inLanguage":"pt-PT","@id":"https:\/\/lojaopening.com.br\/shopp\/#\/schema\/logo\/image\/","url":"https:\/\/lojaopening.com.br\/wp-content\/uploads\/2020\/09\/logo_header.png","contentUrl":"https:\/\/lojaopening.com.br\/wp-content\/uploads\/2020\/09\/logo_header.png","width":1279,"height":328,"caption":"Opening World Coml Import Export Ltda"},"image":{"@id":"https:\/\/lojaopening.com.br\/shopp\/#\/schema\/logo\/image\/"}}]}},"_links":{"self":[{"href":"https:\/\/lojaopening.com.br\/shopp\/wp-json\/wp\/v2\/product\/1141","targetHints":{"allow":["GET"]}}],"collection":[{"href":"https:\/\/lojaopening.com.br\/shopp\/wp-json\/wp\/v2\/product"}],"about":[{"href":"https:\/\/lojaopening.com.br\/shopp\/wp-json\/wp\/v2\/types\/product"}],"wp:featuredmedia":[{"embeddable":true,"href":"https:\/\/lojaopening.com.br\/shopp\/wp-json\/wp\/v2\/media\/1142"}],"wp:attachment":[{"href":"https:\/\/lojaopening.com.br\/shopp\/wp-json\/wp\/v2\/media?parent=1141"}],"wp:term":[{"taxonomy":"product_brand","embeddable":true,"href":"https:\/\/lojaopening.com.br\/shopp\/wp-json\/wp\/v2\/product_brand?post=1141"},{"taxonomy":"product_cat","embeddable":true,"href":"https:\/\/lojaopening.com.br\/shopp\/wp-json\/wp\/v2\/product_cat?post=1141"},{"taxonomy":"product_tag","embeddable":true,"href":"https:\/\/lojaopening.com.br\/shopp\/wp-json\/wp\/v2\/product_tag?post=1141"}],"curies":[{"name":"wp","href":"https:\/\/api.w.org\/{rel}","templated":true}]}}