{"id":1177,"date":"2023-05-22T16:00:51","date_gmt":"2023-05-22T16:00:51","guid":{"rendered":"https:\/\/lojaopening.com.br\/shopp\/?post_type=product&#038;p=1177"},"modified":"2023-05-27T19:21:07","modified_gmt":"2023-05-27T19:21:07","slug":"rebocador-eletrico-extra-duty-powerpusher-para-ate-11-toneladas","status":"publish","type":"product","link":"https:\/\/lojaopening.com.br\/shopp\/produto\/rebocador-eletrico-extra-duty-powerpusher-para-ate-11-toneladas\/","title":{"rendered":"Rebocador El\u00e9trico Extra-Duty PowerPusher\u2122 para at\u00e9 11 Toneladas"},"content":{"rendered":"<p>O Extra-Duty PowerPusher\u2122, alimentado eletricamente, ajuda uma \u00fanica pessoa a manobrar cargas de at\u00e9 25.000 libras (11.340 kg) com total controle. Com uma ampla variedade de acess\u00f3rios padr\u00e3o ou personalizados dispon\u00edveis, esses rebocadores s\u00e3o uma solu\u00e7\u00e3o escal\u00e1vel e flex\u00edvel, constru\u00edda para atender aos requisitos de carga exigentes das empresas agr\u00edcolas, ferrovi\u00e1rias, de constru\u00e7\u00e3o e industriais.<\/p>\n<p><strong>Benef\u00edcios:<\/strong><\/p>\n<ul>\n<li>Melhora a seguran\u00e7a do operador.<\/li>\n<li>Reduz a necessidade de m\u00e3o de obra.<\/li>\n<li>Aumenta a produtividade no ch\u00e3o de f\u00e1brica com menos tempo de inatividade.<\/li>\n<li>Transporta cargas pesadas rapidamente e sem esfor\u00e7o.<\/li>\n<li>Substitui de forma acess\u00edvel empilhadeiras ou tratores caros.<\/li>\n<\/ul>\n<p><strong>Especifica\u00e7\u00f5es:<\/strong><\/p>\n<ul>\n<li>Tipo de motor: 24 volts CC, com pot\u00eancia de 200 W (capacidade de 4.000 libras-1.800kg) ou 400 W (capacidade de 25.000 libras-11.000 kg).<\/li>\n<li>Caixa de c\u00e2mbio: Caixa de redu\u00e7\u00e3o de uma \u00fanica velocidade, com diferencial.<\/li>\n<li>Mecanismo de transmiss\u00e3o: 2 correntes e engrenagens.<\/li>\n<li>Controlador: Totalmente program\u00e1vel, com recursos de diagn\u00f3stico.<\/li>\n<li>Baterias: Baterias mar\u00edtimas de ciclo profundo, modelo Group 27.<\/li>\n<li>Carregador de bateria: Embutido, com 3 est\u00e1gios e 2 circuitos de 10 Amp\u00e8res.<\/li>\n<li>Capacidade de empurrar\/puxar: At\u00e9 25.000 libras (sujeito \u00e0 resist\u00eancia de rolamento da carga).<\/li>\n<\/ul>\n<p><strong>Recursos e Benef\u00edcios:<\/strong><\/p>\n<ul>\n<li>O rebocador el\u00e9trico Extra-Duty PowerPusher possui um motor de 24 volts CC e 400 watts que oferece capacidade de empurrar\/puxar de at\u00e9 25.000 libras (11.000 kg) em opera\u00e7\u00f5es pesadas.<\/li>\n<li>O design do transaxle proporciona uma opera\u00e7\u00e3o est\u00e1vel em superf\u00edcies irregulares.<\/li>\n<li>Sistema de controle totalmente program\u00e1vel com recursos de diagn\u00f3stico para ajustar a velocidade e acelera\u00e7\u00e3o\/decelera\u00e7\u00e3o com base na carga e ambiente.<\/li>\n<li>Cabos ergon\u00f4micos com prote\u00e7\u00e3o das m\u00e3os aumentam o conforto e a seguran\u00e7a do operador ao utilizar o rebocador el\u00e9trico.<\/li>\n<li>Op\u00e7\u00f5es de pneus: pneum\u00e1ticos (padr\u00e3o), preenchidos com espuma, borracha maci\u00e7a ou borracha maci\u00e7a antirriscos.<\/li>\n<li>O rebocador el\u00e9trico \u00e9 alimentado por um carregador embutido, garantindo uma opera\u00e7\u00e3o eficiente e de longa dura\u00e7\u00e3o.<\/li>\n<li>Controles de f\u00e1cil alcance e tamanho compacto para facilitar a manobrabilidade e opera\u00e7\u00e3o do rebocador el\u00e9trico.<\/li>\n<\/ul>\n<p><strong>Opcionais:<\/strong><\/p>\n<ul>\n<li>Baterias isentas de manuten\u00e7\u00e3o.<\/li>\n<li>Sinalizador sonoro de movimento.<\/li>\n<li>Luz estrobosc\u00f3pica de movimento.<\/li>\n<li>Controle remoto.<\/li>\n<li>Op\u00e7\u00f5es de pneus: pneus pneum\u00e1ticos (padr\u00e3o), preenchidos com espuma, borracha maci\u00e7a e borracha maci\u00e7a antirriscos.<\/li>\n<li>A\u00e7o inoxid\u00e1vel.<\/li>\n<li>Cabos dobr\u00e1veis para ocupar menos espa\u00e7o.<\/li>\n<li>Acess\u00f3rios personalizados dispon\u00edveis.<\/li>\n<\/ul>\n<p><strong>Anexos Opcionais:<\/strong><\/p>\n<ul>\n<li>Anexo de ferro em \u00e2ngulo.<\/li>\n<li>Anexo de engate de bola.<\/li>\n<li>Anexo de rolo de papel e carretel de cabo.<\/li>\n<li>Anexo de pino.<\/li>\n<li>Anexo f\u00e1cil de travar, ajust\u00e1vel e estendido.<\/li>\n<li>Anexo f\u00e1cil de travar e ajust\u00e1vel.<\/li>\n<li>Anexo de almofada de empurr\u00e3o.<\/li>\n<li>Anexo de eixo ferrovi\u00e1rio.<\/li>\n<li>Anexo de libera\u00e7\u00e3o el\u00e9trica.<\/li>\n<li>Anexo de eleva\u00e7\u00e3o el\u00e9trica.<\/li>\n<li>Anexo de libera\u00e7\u00e3o remota.<\/li>\n<li>Anexo padr\u00e3o de quinta roda.<\/li>\n<li>Anexo de pegador de estrutura.<\/li>\n<li>Anexo de ferro em \u00e2ngulo.<\/li>\n<li>Anexo de lingueta e pino.<\/li>\n<li>Anexo de rolo de papel e carretel de cabo.<\/li>\n<\/ul>\n<p><strong>Depoimentos:<\/strong><\/p>\n<p>&#8220;Atualmente possu\u00edmos um rebocador de trailers de servi\u00e7o pesado. Estamos muito satisfeitos com o desempenho de nossa m\u00e1quina.&#8221; Danny B. &#8211; Contratado pelo Departamento de Energia dos EUA<\/p>\n<p>&#8220;O rebocador \u00e9 uma solu\u00e7\u00e3o segura e conveniente para mover alum\u00ednio em diversas formas, desde chapas planas at\u00e9 barcos conclu\u00eddos. N\u00e3o requer treinamento especial e nos economiza tempo e m\u00e3o de obra.&#8221; Anna D. &#8211; Alumacraft Boat Co.<\/p>\n<p><strong>Como a Opening World pode te ajudar:<\/strong><\/p>\n<p>A Opening World, importadora e exportadora do Brasil com mais de 10 anos de experi\u00eancia na importa\u00e7\u00e3o desse produto espec\u00edfico e mais de 29 anos de experi\u00eancia na importa\u00e7\u00e3o e exporta\u00e7\u00e3o de mercadorias, pode auxiliar qualquer empresa a melhorar sua produtividade com este produto. Com conhecimento e experi\u00eancia no mercado, a Opening World oferece servi\u00e7os de importa\u00e7\u00e3o eficientes e apoio especializado para atender \u00e0s necessidades individuais de cada empresa.<\/p>\n","protected":false},"excerpt":{"rendered":"<p>O Extra-Duty PowerPusher\u2122, alimentado eletricamente, ajuda uma \u00fanica pessoa a manobrar cargas de at\u00e9 25.000 libras (11.340 kg) com total&hellip;<\/p>\n","protected":false},"featured_media":1181,"template":"","meta":[],"product_brand":[],"product_cat":[38,629],"product_tag":[705,710,689,690,692,691,687,703,704,677,701,712,715,695,696,678,700,683,707,694,709,685,708,706,684,688,713,686,693,698,699,702,697,711,714],"class_list":{"0":"post-1177","1":"product","2":"type-product","3":"status-publish","4":"has-post-thumbnail","6":"product_cat-automacao-industrial","7":"product_cat-nu-star","8":"product_tag-acessorios-personalizados","9":"product_tag-alta-capacidade-de-empurrar-puxar","10":"product_tag-aplicacoes-agricolas","11":"product_tag-aplicacoes-ferroviarias","12":"product_tag-aplicacoes-industriais","13":"product_tag-aplicacoes-na-construcao","14":"product_tag-aumento-da-produtividade","15":"product_tag-baterias-de-ciclo-profundo","16":"product_tag-carregador-embutido","17":"product_tag-construcao-civil","18":"product_tag-controle-total","19":"product_tag-diagnostico","20":"product_tag-eficiencia-operacional","21":"product_tag-empurrar-e-puxar-cargas","22":"product_tag-equipamento-de-movimentacao","23":"product_tag-equipamentos-industriais","24":"product_tag-ergonomia","25":"product_tag-extra-duty-powerpusher","26":"product_tag-facil-manobrabilidade","27":"product_tag-manuseio-de-materiais","28":"product_tag-manutencao-simplificada","29":"product_tag-movimentacao-de-cargas-pesadas","30":"product_tag-otimizacao-do-espaco","31":"product_tag-pneus-resistentes","32":"product_tag-rebocador-eletrico","33":"product_tag-reducao-de-mao-de-obra","34":"product_tag-seguranca-do-ambiente-de-trabalho","35":"product_tag-seguranca-do-operador","36":"product_tag-solucao-flexivel","37":"product_tag-substituicao-de-empilhadeiras","38":"product_tag-substituicao-de-tratores","39":"product_tag-transaxle","40":"product_tag-transporte-de-cargas","41":"product_tag-velocidade-ajustavel","42":"product_tag-versatilidade","44":"first","45":"onbackorder","46":"shipping-taxable","47":"purchasable","48":"product-type-simple"},"yoast_head":"<!-- This site is optimized with the Yoast SEO plugin v27.2 - https:\/\/yoast.com\/product\/yoast-seo-wordpress\/ -->\n<title>Rebocador El\u00e9trico Extra-Duty PowerPusher\u2122 para at\u00e9 11 Toneladas<\/title>\n<meta name=\"description\" content=\"O Extra-Duty PowerPusher\u2122, alimentado eletricamente, ajuda uma \u00fanica pessoa a manobrar cargas de at\u00e9 25.000 libras (11.340 kg) com total controle.\" \/>\n<meta name=\"robots\" content=\"index, follow, max-snippet:-1, max-image-preview:large, max-video-preview:-1\" \/>\n<link rel=\"canonical\" href=\"https:\/\/lojaopening.com.br\/shopp\/produto\/rebocador-eletrico-extra-duty-powerpusher-para-ate-11-toneladas\/\" \/>\n<meta property=\"og:locale\" content=\"pt_PT\" \/>\n<meta property=\"og:type\" content=\"article\" \/>\n<meta property=\"og:title\" content=\"Rebocador El\u00e9trico Extra-Duty PowerPusher\u2122 para at\u00e9 11 Toneladas\" \/>\n<meta property=\"og:description\" content=\"O Extra-Duty PowerPusher\u2122, alimentado eletricamente, ajuda uma \u00fanica pessoa a manobrar cargas de at\u00e9 25.000 libras (11.340 kg) com total controle.\" \/>\n<meta property=\"og:url\" content=\"https:\/\/lojaopening.com.br\/shopp\/produto\/rebocador-eletrico-extra-duty-powerpusher-para-ate-11-toneladas\/\" \/>\n<meta property=\"og:site_name\" content=\"Loja Opening\" \/>\n<meta property=\"article:modified_time\" content=\"2023-05-27T19:21:07+00:00\" \/>\n<meta property=\"og:image\" content=\"https:\/\/lojaopening.com.br\/wp-content\/uploads\/2023\/05\/power_pusher_extra_duty.png\" \/>\n\t<meta property=\"og:image:width\" content=\"720\" \/>\n\t<meta property=\"og:image:height\" content=\"682\" \/>\n\t<meta property=\"og:image:type\" content=\"image\/png\" \/>\n<meta name=\"twitter:card\" content=\"summary_large_image\" \/>\n<meta name=\"twitter:label1\" content=\"Tempo estimado de leitura\" \/>\n\t<meta name=\"twitter:data1\" content=\"4 minutos\" \/>\n<script type=\"application\/ld+json\" class=\"yoast-schema-graph\">{\"@context\":\"https:\/\/schema.org\",\"@graph\":[{\"@type\":\"WebPage\",\"@id\":\"https:\/\/lojaopening.com.br\/shopp\/produto\/rebocador-eletrico-extra-duty-powerpusher-para-ate-11-toneladas\/\",\"url\":\"https:\/\/lojaopening.com.br\/shopp\/produto\/rebocador-eletrico-extra-duty-powerpusher-para-ate-11-toneladas\/\",\"name\":\"Rebocador El\u00e9trico Extra-Duty PowerPusher\u2122 para at\u00e9 11 Toneladas\",\"isPartOf\":{\"@id\":\"https:\/\/lojaopening.com.br\/shopp\/#website\"},\"primaryImageOfPage\":{\"@id\":\"https:\/\/lojaopening.com.br\/shopp\/produto\/rebocador-eletrico-extra-duty-powerpusher-para-ate-11-toneladas\/#primaryimage\"},\"image\":{\"@id\":\"https:\/\/lojaopening.com.br\/shopp\/produto\/rebocador-eletrico-extra-duty-powerpusher-para-ate-11-toneladas\/#primaryimage\"},\"thumbnailUrl\":\"https:\/\/lojaopening.com.br\/wp-content\/uploads\/2023\/05\/power_pusher_extra_duty.png\",\"datePublished\":\"2023-05-22T16:00:51+00:00\",\"dateModified\":\"2023-05-27T19:21:07+00:00\",\"description\":\"O Extra-Duty PowerPusher\u2122, alimentado eletricamente, ajuda uma \u00fanica pessoa a manobrar cargas de at\u00e9 25.000 libras (11.340 kg) com total controle.\",\"breadcrumb\":{\"@id\":\"https:\/\/lojaopening.com.br\/shopp\/produto\/rebocador-eletrico-extra-duty-powerpusher-para-ate-11-toneladas\/#breadcrumb\"},\"inLanguage\":\"pt-PT\",\"potentialAction\":[{\"@type\":\"ReadAction\",\"target\":[\"https:\/\/lojaopening.com.br\/shopp\/produto\/rebocador-eletrico-extra-duty-powerpusher-para-ate-11-toneladas\/\"]}]},{\"@type\":\"ImageObject\",\"inLanguage\":\"pt-PT\",\"@id\":\"https:\/\/lojaopening.com.br\/shopp\/produto\/rebocador-eletrico-extra-duty-powerpusher-para-ate-11-toneladas\/#primaryimage\",\"url\":\"https:\/\/lojaopening.com.br\/wp-content\/uploads\/2023\/05\/power_pusher_extra_duty.png\",\"contentUrl\":\"https:\/\/lojaopening.com.br\/wp-content\/uploads\/2023\/05\/power_pusher_extra_duty.png\",\"width\":720,\"height\":682},{\"@type\":\"BreadcrumbList\",\"@id\":\"https:\/\/lojaopening.com.br\/shopp\/produto\/rebocador-eletrico-extra-duty-powerpusher-para-ate-11-toneladas\/#breadcrumb\",\"itemListElement\":[{\"@type\":\"ListItem\",\"position\":1,\"name\":\"In\u00edcio\",\"item\":\"https:\/\/lojaopening.com.br\/shopp\/\"},{\"@type\":\"ListItem\",\"position\":2,\"name\":\"Shop\",\"item\":\"https:\/\/lojaopening.com.br\/shopp\/shopp\/\"},{\"@type\":\"ListItem\",\"position\":3,\"name\":\"Rebocador El\u00e9trico Extra-Duty PowerPusher\u2122 para at\u00e9 11 Toneladas\"}]},{\"@type\":\"WebSite\",\"@id\":\"https:\/\/lojaopening.com.br\/shopp\/#website\",\"url\":\"https:\/\/lojaopening.com.br\/shopp\/\",\"name\":\"Loja Opening\",\"description\":\"\",\"publisher\":{\"@id\":\"https:\/\/lojaopening.com.br\/shopp\/#organization\"},\"potentialAction\":[{\"@type\":\"SearchAction\",\"target\":{\"@type\":\"EntryPoint\",\"urlTemplate\":\"https:\/\/lojaopening.com.br\/shopp\/?s={search_term_string}\"},\"query-input\":{\"@type\":\"PropertyValueSpecification\",\"valueRequired\":true,\"valueName\":\"search_term_string\"}}],\"inLanguage\":\"pt-PT\"},{\"@type\":\"Organization\",\"@id\":\"https:\/\/lojaopening.com.br\/shopp\/#organization\",\"name\":\"Opening World Coml Import Export Ltda\",\"url\":\"https:\/\/lojaopening.com.br\/shopp\/\",\"logo\":{\"@type\":\"ImageObject\",\"inLanguage\":\"pt-PT\",\"@id\":\"https:\/\/lojaopening.com.br\/shopp\/#\/schema\/logo\/image\/\",\"url\":\"https:\/\/lojaopening.com.br\/wp-content\/uploads\/2020\/09\/logo_header.png\",\"contentUrl\":\"https:\/\/lojaopening.com.br\/wp-content\/uploads\/2020\/09\/logo_header.png\",\"width\":1279,\"height\":328,\"caption\":\"Opening World Coml Import Export Ltda\"},\"image\":{\"@id\":\"https:\/\/lojaopening.com.br\/shopp\/#\/schema\/logo\/image\/\"}}]}<\/script>\n<!-- \/ Yoast SEO plugin. -->","yoast_head_json":{"title":"Rebocador El\u00e9trico Extra-Duty PowerPusher\u2122 para at\u00e9 11 Toneladas","description":"O Extra-Duty PowerPusher\u2122, alimentado eletricamente, ajuda uma \u00fanica pessoa a manobrar cargas de at\u00e9 25.000 libras (11.340 kg) com total controle.","robots":{"index":"index","follow":"follow","max-snippet":"max-snippet:-1","max-image-preview":"max-image-preview:large","max-video-preview":"max-video-preview:-1"},"canonical":"https:\/\/lojaopening.com.br\/shopp\/produto\/rebocador-eletrico-extra-duty-powerpusher-para-ate-11-toneladas\/","og_locale":"pt_PT","og_type":"article","og_title":"Rebocador El\u00e9trico Extra-Duty PowerPusher\u2122 para at\u00e9 11 Toneladas","og_description":"O Extra-Duty PowerPusher\u2122, alimentado eletricamente, ajuda uma \u00fanica pessoa a manobrar cargas de at\u00e9 25.000 libras (11.340 kg) com total controle.","og_url":"https:\/\/lojaopening.com.br\/shopp\/produto\/rebocador-eletrico-extra-duty-powerpusher-para-ate-11-toneladas\/","og_site_name":"Loja Opening","article_modified_time":"2023-05-27T19:21:07+00:00","og_image":[{"width":720,"height":682,"url":"https:\/\/lojaopening.com.br\/wp-content\/uploads\/2023\/05\/power_pusher_extra_duty.png","type":"image\/png"}],"twitter_card":"summary_large_image","twitter_misc":{"Tempo estimado de leitura":"4 minutos"},"schema":{"@context":"https:\/\/schema.org","@graph":[{"@type":"WebPage","@id":"https:\/\/lojaopening.com.br\/shopp\/produto\/rebocador-eletrico-extra-duty-powerpusher-para-ate-11-toneladas\/","url":"https:\/\/lojaopening.com.br\/shopp\/produto\/rebocador-eletrico-extra-duty-powerpusher-para-ate-11-toneladas\/","name":"Rebocador El\u00e9trico Extra-Duty PowerPusher\u2122 para at\u00e9 11 Toneladas","isPartOf":{"@id":"https:\/\/lojaopening.com.br\/shopp\/#website"},"primaryImageOfPage":{"@id":"https:\/\/lojaopening.com.br\/shopp\/produto\/rebocador-eletrico-extra-duty-powerpusher-para-ate-11-toneladas\/#primaryimage"},"image":{"@id":"https:\/\/lojaopening.com.br\/shopp\/produto\/rebocador-eletrico-extra-duty-powerpusher-para-ate-11-toneladas\/#primaryimage"},"thumbnailUrl":"https:\/\/lojaopening.com.br\/wp-content\/uploads\/2023\/05\/power_pusher_extra_duty.png","datePublished":"2023-05-22T16:00:51+00:00","dateModified":"2023-05-27T19:21:07+00:00","description":"O Extra-Duty PowerPusher\u2122, alimentado eletricamente, ajuda uma \u00fanica pessoa a manobrar cargas de at\u00e9 25.000 libras (11.340 kg) com total controle.","breadcrumb":{"@id":"https:\/\/lojaopening.com.br\/shopp\/produto\/rebocador-eletrico-extra-duty-powerpusher-para-ate-11-toneladas\/#breadcrumb"},"inLanguage":"pt-PT","potentialAction":[{"@type":"ReadAction","target":["https:\/\/lojaopening.com.br\/shopp\/produto\/rebocador-eletrico-extra-duty-powerpusher-para-ate-11-toneladas\/"]}]},{"@type":"ImageObject","inLanguage":"pt-PT","@id":"https:\/\/lojaopening.com.br\/shopp\/produto\/rebocador-eletrico-extra-duty-powerpusher-para-ate-11-toneladas\/#primaryimage","url":"https:\/\/lojaopening.com.br\/wp-content\/uploads\/2023\/05\/power_pusher_extra_duty.png","contentUrl":"https:\/\/lojaopening.com.br\/wp-content\/uploads\/2023\/05\/power_pusher_extra_duty.png","width":720,"height":682},{"@type":"BreadcrumbList","@id":"https:\/\/lojaopening.com.br\/shopp\/produto\/rebocador-eletrico-extra-duty-powerpusher-para-ate-11-toneladas\/#breadcrumb","itemListElement":[{"@type":"ListItem","position":1,"name":"In\u00edcio","item":"https:\/\/lojaopening.com.br\/shopp\/"},{"@type":"ListItem","position":2,"name":"Shop","item":"https:\/\/lojaopening.com.br\/shopp\/shopp\/"},{"@type":"ListItem","position":3,"name":"Rebocador El\u00e9trico Extra-Duty PowerPusher\u2122 para at\u00e9 11 Toneladas"}]},{"@type":"WebSite","@id":"https:\/\/lojaopening.com.br\/shopp\/#website","url":"https:\/\/lojaopening.com.br\/shopp\/","name":"Loja Opening","description":"","publisher":{"@id":"https:\/\/lojaopening.com.br\/shopp\/#organization"},"potentialAction":[{"@type":"SearchAction","target":{"@type":"EntryPoint","urlTemplate":"https:\/\/lojaopening.com.br\/shopp\/?s={search_term_string}"},"query-input":{"@type":"PropertyValueSpecification","valueRequired":true,"valueName":"search_term_string"}}],"inLanguage":"pt-PT"},{"@type":"Organization","@id":"https:\/\/lojaopening.com.br\/shopp\/#organization","name":"Opening World Coml Import Export Ltda","url":"https:\/\/lojaopening.com.br\/shopp\/","logo":{"@type":"ImageObject","inLanguage":"pt-PT","@id":"https:\/\/lojaopening.com.br\/shopp\/#\/schema\/logo\/image\/","url":"https:\/\/lojaopening.com.br\/wp-content\/uploads\/2020\/09\/logo_header.png","contentUrl":"https:\/\/lojaopening.com.br\/wp-content\/uploads\/2020\/09\/logo_header.png","width":1279,"height":328,"caption":"Opening World Coml Import Export Ltda"},"image":{"@id":"https:\/\/lojaopening.com.br\/shopp\/#\/schema\/logo\/image\/"}}]}},"_links":{"self":[{"href":"https:\/\/lojaopening.com.br\/shopp\/wp-json\/wp\/v2\/product\/1177","targetHints":{"allow":["GET"]}}],"collection":[{"href":"https:\/\/lojaopening.com.br\/shopp\/wp-json\/wp\/v2\/product"}],"about":[{"href":"https:\/\/lojaopening.com.br\/shopp\/wp-json\/wp\/v2\/types\/product"}],"wp:featuredmedia":[{"embeddable":true,"href":"https:\/\/lojaopening.com.br\/shopp\/wp-json\/wp\/v2\/media\/1181"}],"wp:attachment":[{"href":"https:\/\/lojaopening.com.br\/shopp\/wp-json\/wp\/v2\/media?parent=1177"}],"wp:term":[{"taxonomy":"product_brand","embeddable":true,"href":"https:\/\/lojaopening.com.br\/shopp\/wp-json\/wp\/v2\/product_brand?post=1177"},{"taxonomy":"product_cat","embeddable":true,"href":"https:\/\/lojaopening.com.br\/shopp\/wp-json\/wp\/v2\/product_cat?post=1177"},{"taxonomy":"product_tag","embeddable":true,"href":"https:\/\/lojaopening.com.br\/shopp\/wp-json\/wp\/v2\/product_tag?post=1177"}],"curies":[{"name":"wp","href":"https:\/\/api.w.org\/{rel}","templated":true}]}}