{"id":1289,"date":"2023-05-22T22:19:42","date_gmt":"2023-05-22T22:19:42","guid":{"rendered":"https:\/\/lojaopening.com.br\/shopp\/produto\/filtro-membrana-nitrato-de-celulose-8%c2%b5m-800ml-min-cm%c2%b2-5psi-170%c2%b5m\/"},"modified":"2023-05-27T19:21:03","modified_gmt":"2023-05-27T19:21:03","slug":"filtro-membrana-nitrato-de-celulose-8%c2%b5m-800ml-min-cm%c2%b2-5psi-170%c2%b5m","status":"publish","type":"product","link":"https:\/\/lojaopening.com.br\/shopp\/produto\/filtro-membrana-nitrato-de-celulose-8%c2%b5m-800ml-min-cm%c2%b2-5psi-170%c2%b5m\/","title":{"rendered":"Filtro Membrana Nitrato de Celulose 8\u00b5m 800ml\/min\/cm\u00b2 5Psi 170\u00b5m"},"content":{"rendered":"<h1>Filtro Membrana Nitrato de Celulose 8\u00b5m 800ml\/min\/cm\u00b2 5Psi 170\u00b5m<\/h1>\n<p>O Filtro de Membrana Minipore \u00e9 um componente essencial para diversas aplica\u00e7\u00f5es de filtra\u00e7\u00e3o em diferentes setores industriais. Fabricado em Pol\u00edmero CN, esse filtro possui uma estrutura pl\u00e1stica fina e porosa com milh\u00f5es de poros por cent\u00edmetro quadrado, garantindo uma eficiente reten\u00e7\u00e3o de part\u00edculas indesejadas. Al\u00e9m disso, sua composi\u00e7\u00e3o biologicamente inerte assegura a integridade dos produtos filtrados.<\/p>\n<p>Com um tamanho de poro discreto, o Filtro de Membrana Minipore atende a uma ampla gama de usos e aplica\u00e7\u00f5es. Ele \u00e9 especialmente indicado para processos de filtra\u00e7\u00e3o convencional nas ind\u00fastrias farmac\u00eautica, eletr\u00f4nica, aliment\u00edcia e de bebidas. Sua versatilidade torna-o indispens\u00e1vel em diversos procedimentos, desde a esteriliza\u00e7\u00e3o de solu\u00e7\u00f5es parenterais at\u00e9 a clarifica\u00e7\u00e3o de solu\u00e7\u00f5es turvas.<\/p>\n<p>Al\u00e9m das aplica\u00e7\u00f5es mencionadas, o Filtro de Membrana Minipore tamb\u00e9m pode ser utilizado em:<\/p>\n<ul>\n<li>Esteriliza\u00e7\u00e3o de solu\u00e7\u00e3o parenteral<\/li>\n<li>Clarifica\u00e7\u00e3o de solu\u00e7\u00e3o turva<\/li>\n<li>Teste de esterilidade<\/li>\n<li>Clarifica\u00e7\u00e3o de soro<\/li>\n<li>Investiga\u00e7\u00e3o biol\u00f3gica de \u00e1gua e \u00e1guas residuais<\/li>\n<li>Exame citol\u00f3gico<\/li>\n<li>Colheita de c\u00e9lulas<\/li>\n<li>Hibridiza\u00e7\u00e3o de col\u00f4nias<\/li>\n<li>An\u00e1lise microbiol\u00f3gica<\/li>\n<\/ul>\n<h2>Especifica\u00e7\u00f5es:<\/h2>\n<ul>\n<li><b>Tipo de Membrana:<\/b>CN<\/li>\n<li><b>Di\u00e2metro do Poro (\u00b5m):<\/b>8<\/li>\n<li><b>Fluxo de \u00c1gua (ml\/min\/cm\u00b2):<\/b>800<\/li>\n<li><b>Ponto de Bolha (Psi):<\/b>5<\/li>\n<li><b>Espessura (\u00b5m)<\/b>:170<\/li>\n<\/ul>\n","protected":false},"excerpt":{"rendered":"<p>Filtro Membrana Nitrato de Celulose 8\u00b5m 800ml\/min\/cm\u00b2 5Psi 170\u00b5m O Filtro de Membrana Minipore \u00e9 um componente essencial para diversas&hellip;<\/p>\n","protected":false},"featured_media":1288,"template":"","meta":[],"product_brand":[],"product_cat":[45,716],"product_tag":[],"class_list":{"0":"post-1289","1":"product","2":"type-product","3":"status-publish","4":"has-post-thumbnail","6":"product_cat-laboratorio-industrial-cientifico","7":"product_cat-mmp","9":"first","10":"onbackorder","11":"shipping-taxable","12":"purchasable","13":"product-type-simple"},"yoast_head":"<!-- This site is optimized with the Yoast SEO plugin v27.2 - https:\/\/yoast.com\/product\/yoast-seo-wordpress\/ -->\n<title>Filtro Membrana Nitrato de Celulose 8\u00b5m 800ml\/min\/cm\u00b2 5Psi 170\u00b5m<\/title>\n<meta name=\"description\" content=\"O Filtro de Membrana \u00e9 um componente essencial para diversas aplica\u00e7\u00f5es de filtra\u00e7\u00e3o em diferentes setores industriais. 8\u00b5m 800ml\/min\/cm\u00b2 5Psi 170\u00b5m\" \/>\n<meta name=\"robots\" content=\"index, follow, max-snippet:-1, max-image-preview:large, max-video-preview:-1\" \/>\n<link rel=\"canonical\" href=\"https:\/\/lojaopening.com.br\/shopp\/produto\/filtro-membrana-nitrato-de-celulose-8\u00b5m-800ml-min-cm\u00b2-5psi-170\u00b5m\/\" \/>\n<meta property=\"og:locale\" content=\"pt_PT\" \/>\n<meta property=\"og:type\" content=\"article\" \/>\n<meta property=\"og:title\" content=\"Filtro Membrana Nitrato de Celulose 8\u00b5m 800ml\/min\/cm\u00b2 5Psi 170\u00b5m\" \/>\n<meta property=\"og:description\" content=\"O Filtro de Membrana \u00e9 um componente essencial para diversas aplica\u00e7\u00f5es de filtra\u00e7\u00e3o em diferentes setores industriais. 8\u00b5m 800ml\/min\/cm\u00b2 5Psi 170\u00b5m\" \/>\n<meta property=\"og:url\" content=\"https:\/\/lojaopening.com.br\/shopp\/produto\/filtro-membrana-nitrato-de-celulose-8\u00b5m-800ml-min-cm\u00b2-5psi-170\u00b5m\/\" \/>\n<meta property=\"og:site_name\" content=\"Loja Opening\" \/>\n<meta property=\"article:modified_time\" content=\"2023-05-27T19:21:03+00:00\" \/>\n<meta property=\"og:image\" content=\"https:\/\/lojaopening.com.br\/wp-content\/uploads\/2023\/05\/filtro-de-membrana-nitrato-de-celulose-mmp-46.png\" \/>\n\t<meta property=\"og:image:width\" content=\"248\" \/>\n\t<meta property=\"og:image:height\" content=\"228\" \/>\n\t<meta property=\"og:image:type\" content=\"image\/png\" \/>\n<meta name=\"twitter:card\" content=\"summary_large_image\" \/>\n<meta name=\"twitter:label1\" content=\"Tempo estimado de leitura\" \/>\n\t<meta name=\"twitter:data1\" content=\"1 minuto\" \/>\n<script type=\"application\/ld+json\" class=\"yoast-schema-graph\">{\"@context\":\"https:\/\/schema.org\",\"@graph\":[{\"@type\":\"WebPage\",\"@id\":\"https:\/\/lojaopening.com.br\/shopp\/produto\/filtro-membrana-nitrato-de-celulose-8%c2%b5m-800ml-min-cm%c2%b2-5psi-170%c2%b5m\/\",\"url\":\"https:\/\/lojaopening.com.br\/shopp\/produto\/filtro-membrana-nitrato-de-celulose-8%c2%b5m-800ml-min-cm%c2%b2-5psi-170%c2%b5m\/\",\"name\":\"Filtro Membrana Nitrato de Celulose 8\u00b5m 800ml\/min\/cm\u00b2 5Psi 170\u00b5m\",\"isPartOf\":{\"@id\":\"https:\/\/lojaopening.com.br\/shopp\/#website\"},\"primaryImageOfPage\":{\"@id\":\"https:\/\/lojaopening.com.br\/shopp\/produto\/filtro-membrana-nitrato-de-celulose-8%c2%b5m-800ml-min-cm%c2%b2-5psi-170%c2%b5m\/#primaryimage\"},\"image\":{\"@id\":\"https:\/\/lojaopening.com.br\/shopp\/produto\/filtro-membrana-nitrato-de-celulose-8%c2%b5m-800ml-min-cm%c2%b2-5psi-170%c2%b5m\/#primaryimage\"},\"thumbnailUrl\":\"https:\/\/lojaopening.com.br\/wp-content\/uploads\/2023\/05\/filtro-de-membrana-nitrato-de-celulose-mmp-46.png\",\"datePublished\":\"2023-05-22T22:19:42+00:00\",\"dateModified\":\"2023-05-27T19:21:03+00:00\",\"description\":\"O Filtro de Membrana \u00e9 um componente essencial para diversas aplica\u00e7\u00f5es de filtra\u00e7\u00e3o em diferentes setores industriais. 8\u00b5m 800ml\/min\/cm\u00b2 5Psi 170\u00b5m\",\"breadcrumb\":{\"@id\":\"https:\/\/lojaopening.com.br\/shopp\/produto\/filtro-membrana-nitrato-de-celulose-8%c2%b5m-800ml-min-cm%c2%b2-5psi-170%c2%b5m\/#breadcrumb\"},\"inLanguage\":\"pt-PT\",\"potentialAction\":[{\"@type\":\"ReadAction\",\"target\":[\"https:\/\/lojaopening.com.br\/shopp\/produto\/filtro-membrana-nitrato-de-celulose-8%c2%b5m-800ml-min-cm%c2%b2-5psi-170%c2%b5m\/\"]}]},{\"@type\":\"ImageObject\",\"inLanguage\":\"pt-PT\",\"@id\":\"https:\/\/lojaopening.com.br\/shopp\/produto\/filtro-membrana-nitrato-de-celulose-8%c2%b5m-800ml-min-cm%c2%b2-5psi-170%c2%b5m\/#primaryimage\",\"url\":\"https:\/\/lojaopening.com.br\/wp-content\/uploads\/2023\/05\/filtro-de-membrana-nitrato-de-celulose-mmp-46.png\",\"contentUrl\":\"https:\/\/lojaopening.com.br\/wp-content\/uploads\/2023\/05\/filtro-de-membrana-nitrato-de-celulose-mmp-46.png\",\"width\":248,\"height\":228},{\"@type\":\"BreadcrumbList\",\"@id\":\"https:\/\/lojaopening.com.br\/shopp\/produto\/filtro-membrana-nitrato-de-celulose-8%c2%b5m-800ml-min-cm%c2%b2-5psi-170%c2%b5m\/#breadcrumb\",\"itemListElement\":[{\"@type\":\"ListItem\",\"position\":1,\"name\":\"In\u00edcio\",\"item\":\"https:\/\/lojaopening.com.br\/shopp\/\"},{\"@type\":\"ListItem\",\"position\":2,\"name\":\"Shop\",\"item\":\"https:\/\/lojaopening.com.br\/shopp\/shopp\/\"},{\"@type\":\"ListItem\",\"position\":3,\"name\":\"Filtro Membrana Nitrato de Celulose 8\u00b5m 800ml\/min\/cm\u00b2 5Psi 170\u00b5m\"}]},{\"@type\":\"WebSite\",\"@id\":\"https:\/\/lojaopening.com.br\/shopp\/#website\",\"url\":\"https:\/\/lojaopening.com.br\/shopp\/\",\"name\":\"Loja Opening\",\"description\":\"\",\"publisher\":{\"@id\":\"https:\/\/lojaopening.com.br\/shopp\/#organization\"},\"potentialAction\":[{\"@type\":\"SearchAction\",\"target\":{\"@type\":\"EntryPoint\",\"urlTemplate\":\"https:\/\/lojaopening.com.br\/shopp\/?s={search_term_string}\"},\"query-input\":{\"@type\":\"PropertyValueSpecification\",\"valueRequired\":true,\"valueName\":\"search_term_string\"}}],\"inLanguage\":\"pt-PT\"},{\"@type\":\"Organization\",\"@id\":\"https:\/\/lojaopening.com.br\/shopp\/#organization\",\"name\":\"Opening World Coml Import Export Ltda\",\"url\":\"https:\/\/lojaopening.com.br\/shopp\/\",\"logo\":{\"@type\":\"ImageObject\",\"inLanguage\":\"pt-PT\",\"@id\":\"https:\/\/lojaopening.com.br\/shopp\/#\/schema\/logo\/image\/\",\"url\":\"https:\/\/lojaopening.com.br\/wp-content\/uploads\/2020\/09\/logo_header.png\",\"contentUrl\":\"https:\/\/lojaopening.com.br\/wp-content\/uploads\/2020\/09\/logo_header.png\",\"width\":1279,\"height\":328,\"caption\":\"Opening World Coml Import Export Ltda\"},\"image\":{\"@id\":\"https:\/\/lojaopening.com.br\/shopp\/#\/schema\/logo\/image\/\"}}]}<\/script>\n<!-- \/ Yoast SEO plugin. -->","yoast_head_json":{"title":"Filtro Membrana Nitrato de Celulose 8\u00b5m 800ml\/min\/cm\u00b2 5Psi 170\u00b5m","description":"O Filtro de Membrana \u00e9 um componente essencial para diversas aplica\u00e7\u00f5es de filtra\u00e7\u00e3o em diferentes setores industriais. 8\u00b5m 800ml\/min\/cm\u00b2 5Psi 170\u00b5m","robots":{"index":"index","follow":"follow","max-snippet":"max-snippet:-1","max-image-preview":"max-image-preview:large","max-video-preview":"max-video-preview:-1"},"canonical":"https:\/\/lojaopening.com.br\/shopp\/produto\/filtro-membrana-nitrato-de-celulose-8\u00b5m-800ml-min-cm\u00b2-5psi-170\u00b5m\/","og_locale":"pt_PT","og_type":"article","og_title":"Filtro Membrana Nitrato de Celulose 8\u00b5m 800ml\/min\/cm\u00b2 5Psi 170\u00b5m","og_description":"O Filtro de Membrana \u00e9 um componente essencial para diversas aplica\u00e7\u00f5es de filtra\u00e7\u00e3o em diferentes setores industriais. 8\u00b5m 800ml\/min\/cm\u00b2 5Psi 170\u00b5m","og_url":"https:\/\/lojaopening.com.br\/shopp\/produto\/filtro-membrana-nitrato-de-celulose-8\u00b5m-800ml-min-cm\u00b2-5psi-170\u00b5m\/","og_site_name":"Loja Opening","article_modified_time":"2023-05-27T19:21:03+00:00","og_image":[{"width":248,"height":228,"url":"https:\/\/lojaopening.com.br\/wp-content\/uploads\/2023\/05\/filtro-de-membrana-nitrato-de-celulose-mmp-46.png","type":"image\/png"}],"twitter_card":"summary_large_image","twitter_misc":{"Tempo estimado de leitura":"1 minuto"},"schema":{"@context":"https:\/\/schema.org","@graph":[{"@type":"WebPage","@id":"https:\/\/lojaopening.com.br\/shopp\/produto\/filtro-membrana-nitrato-de-celulose-8%c2%b5m-800ml-min-cm%c2%b2-5psi-170%c2%b5m\/","url":"https:\/\/lojaopening.com.br\/shopp\/produto\/filtro-membrana-nitrato-de-celulose-8%c2%b5m-800ml-min-cm%c2%b2-5psi-170%c2%b5m\/","name":"Filtro Membrana Nitrato de Celulose 8\u00b5m 800ml\/min\/cm\u00b2 5Psi 170\u00b5m","isPartOf":{"@id":"https:\/\/lojaopening.com.br\/shopp\/#website"},"primaryImageOfPage":{"@id":"https:\/\/lojaopening.com.br\/shopp\/produto\/filtro-membrana-nitrato-de-celulose-8%c2%b5m-800ml-min-cm%c2%b2-5psi-170%c2%b5m\/#primaryimage"},"image":{"@id":"https:\/\/lojaopening.com.br\/shopp\/produto\/filtro-membrana-nitrato-de-celulose-8%c2%b5m-800ml-min-cm%c2%b2-5psi-170%c2%b5m\/#primaryimage"},"thumbnailUrl":"https:\/\/lojaopening.com.br\/wp-content\/uploads\/2023\/05\/filtro-de-membrana-nitrato-de-celulose-mmp-46.png","datePublished":"2023-05-22T22:19:42+00:00","dateModified":"2023-05-27T19:21:03+00:00","description":"O Filtro de Membrana \u00e9 um componente essencial para diversas aplica\u00e7\u00f5es de filtra\u00e7\u00e3o em diferentes setores industriais. 8\u00b5m 800ml\/min\/cm\u00b2 5Psi 170\u00b5m","breadcrumb":{"@id":"https:\/\/lojaopening.com.br\/shopp\/produto\/filtro-membrana-nitrato-de-celulose-8%c2%b5m-800ml-min-cm%c2%b2-5psi-170%c2%b5m\/#breadcrumb"},"inLanguage":"pt-PT","potentialAction":[{"@type":"ReadAction","target":["https:\/\/lojaopening.com.br\/shopp\/produto\/filtro-membrana-nitrato-de-celulose-8%c2%b5m-800ml-min-cm%c2%b2-5psi-170%c2%b5m\/"]}]},{"@type":"ImageObject","inLanguage":"pt-PT","@id":"https:\/\/lojaopening.com.br\/shopp\/produto\/filtro-membrana-nitrato-de-celulose-8%c2%b5m-800ml-min-cm%c2%b2-5psi-170%c2%b5m\/#primaryimage","url":"https:\/\/lojaopening.com.br\/wp-content\/uploads\/2023\/05\/filtro-de-membrana-nitrato-de-celulose-mmp-46.png","contentUrl":"https:\/\/lojaopening.com.br\/wp-content\/uploads\/2023\/05\/filtro-de-membrana-nitrato-de-celulose-mmp-46.png","width":248,"height":228},{"@type":"BreadcrumbList","@id":"https:\/\/lojaopening.com.br\/shopp\/produto\/filtro-membrana-nitrato-de-celulose-8%c2%b5m-800ml-min-cm%c2%b2-5psi-170%c2%b5m\/#breadcrumb","itemListElement":[{"@type":"ListItem","position":1,"name":"In\u00edcio","item":"https:\/\/lojaopening.com.br\/shopp\/"},{"@type":"ListItem","position":2,"name":"Shop","item":"https:\/\/lojaopening.com.br\/shopp\/shopp\/"},{"@type":"ListItem","position":3,"name":"Filtro Membrana Nitrato de Celulose 8\u00b5m 800ml\/min\/cm\u00b2 5Psi 170\u00b5m"}]},{"@type":"WebSite","@id":"https:\/\/lojaopening.com.br\/shopp\/#website","url":"https:\/\/lojaopening.com.br\/shopp\/","name":"Loja Opening","description":"","publisher":{"@id":"https:\/\/lojaopening.com.br\/shopp\/#organization"},"potentialAction":[{"@type":"SearchAction","target":{"@type":"EntryPoint","urlTemplate":"https:\/\/lojaopening.com.br\/shopp\/?s={search_term_string}"},"query-input":{"@type":"PropertyValueSpecification","valueRequired":true,"valueName":"search_term_string"}}],"inLanguage":"pt-PT"},{"@type":"Organization","@id":"https:\/\/lojaopening.com.br\/shopp\/#organization","name":"Opening World Coml Import Export Ltda","url":"https:\/\/lojaopening.com.br\/shopp\/","logo":{"@type":"ImageObject","inLanguage":"pt-PT","@id":"https:\/\/lojaopening.com.br\/shopp\/#\/schema\/logo\/image\/","url":"https:\/\/lojaopening.com.br\/wp-content\/uploads\/2020\/09\/logo_header.png","contentUrl":"https:\/\/lojaopening.com.br\/wp-content\/uploads\/2020\/09\/logo_header.png","width":1279,"height":328,"caption":"Opening World Coml Import Export Ltda"},"image":{"@id":"https:\/\/lojaopening.com.br\/shopp\/#\/schema\/logo\/image\/"}}]}},"_links":{"self":[{"href":"https:\/\/lojaopening.com.br\/shopp\/wp-json\/wp\/v2\/product\/1289","targetHints":{"allow":["GET"]}}],"collection":[{"href":"https:\/\/lojaopening.com.br\/shopp\/wp-json\/wp\/v2\/product"}],"about":[{"href":"https:\/\/lojaopening.com.br\/shopp\/wp-json\/wp\/v2\/types\/product"}],"wp:featuredmedia":[{"embeddable":true,"href":"https:\/\/lojaopening.com.br\/shopp\/wp-json\/wp\/v2\/media\/1288"}],"wp:attachment":[{"href":"https:\/\/lojaopening.com.br\/shopp\/wp-json\/wp\/v2\/media?parent=1289"}],"wp:term":[{"taxonomy":"product_brand","embeddable":true,"href":"https:\/\/lojaopening.com.br\/shopp\/wp-json\/wp\/v2\/product_brand?post=1289"},{"taxonomy":"product_cat","embeddable":true,"href":"https:\/\/lojaopening.com.br\/shopp\/wp-json\/wp\/v2\/product_cat?post=1289"},{"taxonomy":"product_tag","embeddable":true,"href":"https:\/\/lojaopening.com.br\/shopp\/wp-json\/wp\/v2\/product_tag?post=1289"}],"curies":[{"name":"wp","href":"https:\/\/api.w.org\/{rel}","templated":true}]}}