{"id":1295,"date":"2023-05-22T22:50:18","date_gmt":"2023-05-22T22:50:18","guid":{"rendered":"https:\/\/lojaopening.com.br\/shopp\/produto\/discos-de-membrana-blotting-nitrato-de-celulose-cn-0-45%c2%b5m-142mm\/"},"modified":"2023-05-27T19:21:02","modified_gmt":"2023-05-27T19:21:02","slug":"discos-de-membrana-blotting-nitrato-de-celulose-cn-0-45%c2%b5m-142mm","status":"publish","type":"product","link":"https:\/\/lojaopening.com.br\/shopp\/produto\/discos-de-membrana-blotting-nitrato-de-celulose-cn-0-45%c2%b5m-142mm\/","title":{"rendered":"Discos de Membrana Blotting Nitrato de Celulose CN 0.45\u00b5m 142mm"},"content":{"rendered":"<h1>Discos de Membrana Blotting Nitrato de Celulose CN 0.45\u00b5m 142mm<\/h1>\n<p>A Membrana Blotting para Biologia Molecular \u00e9 um componente essencial para a transfer\u00eancia e hibridiza\u00e7\u00e3o de mol\u00e9culas biol\u00f3gicas. Essas membranas Minipore Blotting s\u00e3o estruturas uniformes, porosas, finas e brancas, projetadas especificamente para atender \u00e0s necessidades da biologia molecular.<\/p>\n<p>Feitas com um substrato de suporte que aumenta a resist\u00eancia mec\u00e2nica, as membranas de nitrato de celulose pura n\u00e3o suportadas est\u00e3o dispon\u00edveis em diferentes tamanhos. Cada etapa do processo de fabrica\u00e7\u00e3o \u00e9 realizada com rigoroso controle de qualidade, incluindo par\u00e2metros espec\u00edficos para garantir a m\u00e1xima qualidade e atender aos requisitos cr\u00edticos dos clientes.<\/p>\n<p><strong>Caracter\u00edsticas:<\/strong><\/p>\n<ul>\n<li>As membranas podem ser facilmente bloqueadas por um procedimento simples para evitar a liga\u00e7\u00e3o n\u00e3o espec\u00edfica.<\/li>\n<li>Transportam mol\u00e9culas de esp\u00e9cimes sem afetar sua natureza e propriedades.<\/li>\n<li>Apresentam alta rela\u00e7\u00e3o sinal-ru\u00eddo.<\/li>\n<li>Compat\u00edveis com m\u00e9todos de detec\u00e7\u00e3o calorim\u00e9trica, radionivelada, fluorescente e de colora\u00e7\u00e3o.<\/li>\n<\/ul>\n<p>Al\u00e9m das aplica\u00e7\u00f5es mencionadas, as Membranas Blotting para Biologia Molecular tamb\u00e9m podem ser utilizadas em outras \u00e1reas de pesquisa, como:<\/p>\n<ul>\n<li>An\u00e1lise de express\u00e3o g\u00eanica<\/li>\n<li>Identifica\u00e7\u00e3o de prote\u00ednas<\/li>\n<li>Sequenciamento de DNA<\/li>\n<li>An\u00e1lise de paternidade<\/li>\n<li>Estudos de gen\u00e9tica molecular<\/li>\n<\/ul>\n<h2>Especifica\u00e7\u00f5es:<\/h2>\n<ul>\n<li><b>Grau:<\/b>CN<\/li>\n<li><b>Tamanho do Poro (\u00b5m):<\/b>0.45<\/li>\n<li><b>Dimens\u00e3o do Disco:<\/b>142<\/li>\n<li><b>Quantidade:<\/b>100 pcs<\/li>\n<\/ul>\n<p>*Outros tamanhos tamb\u00e9m dispon\u00edveis sob consulta.<\/p>\n<p>Embalagem: A molhabilidade \u00e9 parte crucial de todo o exerc\u00edcio de blotting, nossa embalagem especial ajuda a manter uma boa molhabilidade por um per\u00edodo mais longo.<\/p>\n","protected":false},"excerpt":{"rendered":"<p>Discos de Membrana Blotting Nitrato de Celulose CN 0.45\u00b5m 142mm A Membrana Blotting para Biologia Molecular \u00e9 um componente essencial&hellip;<\/p>\n","protected":false},"featured_media":1294,"template":"","meta":[],"product_brand":[],"product_cat":[45,716],"product_tag":[],"class_list":{"0":"post-1295","1":"product","2":"type-product","3":"status-publish","4":"has-post-thumbnail","6":"product_cat-laboratorio-industrial-cientifico","7":"product_cat-mmp","9":"first","10":"onbackorder","11":"shipping-taxable","12":"purchasable","13":"product-type-simple"},"yoast_head":"<!-- This site is optimized with the Yoast SEO plugin v27.2 - https:\/\/yoast.com\/product\/yoast-seo-wordpress\/ -->\n<title>Discos de Membrana Blotting Nitrato de Celulose CN 0.45\u00b5m 142mm<\/title>\n<meta name=\"description\" content=\"A Membrana Blotting para Biologia Molecular \u00e9 um componente essencial para a transfer\u00eancia e hibridiza\u00e7\u00e3o de mol\u00e9culas biol\u00f3gicas. CN 0.45\u00b5m 142\" \/>\n<meta name=\"robots\" content=\"index, follow, max-snippet:-1, max-image-preview:large, max-video-preview:-1\" \/>\n<link rel=\"canonical\" href=\"https:\/\/lojaopening.com.br\/shopp\/produto\/discos-de-membrana-blotting-nitrato-de-celulose-cn-0-45\u00b5m-142mm\/\" \/>\n<meta property=\"og:locale\" content=\"pt_PT\" \/>\n<meta property=\"og:type\" content=\"article\" \/>\n<meta property=\"og:title\" content=\"Discos de Membrana Blotting Nitrato de Celulose CN 0.45\u00b5m 142mm\" \/>\n<meta property=\"og:description\" content=\"A Membrana Blotting para Biologia Molecular \u00e9 um componente essencial para a transfer\u00eancia e hibridiza\u00e7\u00e3o de mol\u00e9culas biol\u00f3gicas. CN 0.45\u00b5m 142\" \/>\n<meta property=\"og:url\" content=\"https:\/\/lojaopening.com.br\/shopp\/produto\/discos-de-membrana-blotting-nitrato-de-celulose-cn-0-45\u00b5m-142mm\/\" \/>\n<meta property=\"og:site_name\" content=\"Loja Opening\" \/>\n<meta property=\"article:modified_time\" content=\"2023-05-27T19:21:02+00:00\" \/>\n<meta property=\"og:image\" content=\"https:\/\/lojaopening.com.br\/wp-content\/uploads\/2023\/05\/membranablotting-2.png\" \/>\n\t<meta property=\"og:image:width\" content=\"627\" \/>\n\t<meta property=\"og:image:height\" content=\"634\" \/>\n\t<meta property=\"og:image:type\" content=\"image\/png\" \/>\n<meta name=\"twitter:card\" content=\"summary_large_image\" \/>\n<meta name=\"twitter:label1\" content=\"Tempo estimado de leitura\" \/>\n\t<meta name=\"twitter:data1\" content=\"1 minuto\" \/>\n<script type=\"application\/ld+json\" class=\"yoast-schema-graph\">{\"@context\":\"https:\/\/schema.org\",\"@graph\":[{\"@type\":\"WebPage\",\"@id\":\"https:\/\/lojaopening.com.br\/shopp\/produto\/discos-de-membrana-blotting-nitrato-de-celulose-cn-0-45%c2%b5m-142mm\/\",\"url\":\"https:\/\/lojaopening.com.br\/shopp\/produto\/discos-de-membrana-blotting-nitrato-de-celulose-cn-0-45%c2%b5m-142mm\/\",\"name\":\"Discos de Membrana Blotting Nitrato de Celulose CN 0.45\u00b5m 142mm\",\"isPartOf\":{\"@id\":\"https:\/\/lojaopening.com.br\/shopp\/#website\"},\"primaryImageOfPage\":{\"@id\":\"https:\/\/lojaopening.com.br\/shopp\/produto\/discos-de-membrana-blotting-nitrato-de-celulose-cn-0-45%c2%b5m-142mm\/#primaryimage\"},\"image\":{\"@id\":\"https:\/\/lojaopening.com.br\/shopp\/produto\/discos-de-membrana-blotting-nitrato-de-celulose-cn-0-45%c2%b5m-142mm\/#primaryimage\"},\"thumbnailUrl\":\"https:\/\/lojaopening.com.br\/wp-content\/uploads\/2023\/05\/membranablotting-2.png\",\"datePublished\":\"2023-05-22T22:50:18+00:00\",\"dateModified\":\"2023-05-27T19:21:02+00:00\",\"description\":\"A Membrana Blotting para Biologia Molecular \u00e9 um componente essencial para a transfer\u00eancia e hibridiza\u00e7\u00e3o de mol\u00e9culas biol\u00f3gicas. CN 0.45\u00b5m 142\",\"breadcrumb\":{\"@id\":\"https:\/\/lojaopening.com.br\/shopp\/produto\/discos-de-membrana-blotting-nitrato-de-celulose-cn-0-45%c2%b5m-142mm\/#breadcrumb\"},\"inLanguage\":\"pt-PT\",\"potentialAction\":[{\"@type\":\"ReadAction\",\"target\":[\"https:\/\/lojaopening.com.br\/shopp\/produto\/discos-de-membrana-blotting-nitrato-de-celulose-cn-0-45%c2%b5m-142mm\/\"]}]},{\"@type\":\"ImageObject\",\"inLanguage\":\"pt-PT\",\"@id\":\"https:\/\/lojaopening.com.br\/shopp\/produto\/discos-de-membrana-blotting-nitrato-de-celulose-cn-0-45%c2%b5m-142mm\/#primaryimage\",\"url\":\"https:\/\/lojaopening.com.br\/wp-content\/uploads\/2023\/05\/membranablotting-2.png\",\"contentUrl\":\"https:\/\/lojaopening.com.br\/wp-content\/uploads\/2023\/05\/membranablotting-2.png\",\"width\":627,\"height\":634},{\"@type\":\"BreadcrumbList\",\"@id\":\"https:\/\/lojaopening.com.br\/shopp\/produto\/discos-de-membrana-blotting-nitrato-de-celulose-cn-0-45%c2%b5m-142mm\/#breadcrumb\",\"itemListElement\":[{\"@type\":\"ListItem\",\"position\":1,\"name\":\"In\u00edcio\",\"item\":\"https:\/\/lojaopening.com.br\/shopp\/\"},{\"@type\":\"ListItem\",\"position\":2,\"name\":\"Shop\",\"item\":\"https:\/\/lojaopening.com.br\/shopp\/shopp\/\"},{\"@type\":\"ListItem\",\"position\":3,\"name\":\"Discos de Membrana Blotting Nitrato de Celulose CN 0.45\u00b5m 142mm\"}]},{\"@type\":\"WebSite\",\"@id\":\"https:\/\/lojaopening.com.br\/shopp\/#website\",\"url\":\"https:\/\/lojaopening.com.br\/shopp\/\",\"name\":\"Loja Opening\",\"description\":\"\",\"publisher\":{\"@id\":\"https:\/\/lojaopening.com.br\/shopp\/#organization\"},\"potentialAction\":[{\"@type\":\"SearchAction\",\"target\":{\"@type\":\"EntryPoint\",\"urlTemplate\":\"https:\/\/lojaopening.com.br\/shopp\/?s={search_term_string}\"},\"query-input\":{\"@type\":\"PropertyValueSpecification\",\"valueRequired\":true,\"valueName\":\"search_term_string\"}}],\"inLanguage\":\"pt-PT\"},{\"@type\":\"Organization\",\"@id\":\"https:\/\/lojaopening.com.br\/shopp\/#organization\",\"name\":\"Opening World Coml Import Export Ltda\",\"url\":\"https:\/\/lojaopening.com.br\/shopp\/\",\"logo\":{\"@type\":\"ImageObject\",\"inLanguage\":\"pt-PT\",\"@id\":\"https:\/\/lojaopening.com.br\/shopp\/#\/schema\/logo\/image\/\",\"url\":\"https:\/\/lojaopening.com.br\/wp-content\/uploads\/2020\/09\/logo_header.png\",\"contentUrl\":\"https:\/\/lojaopening.com.br\/wp-content\/uploads\/2020\/09\/logo_header.png\",\"width\":1279,\"height\":328,\"caption\":\"Opening World Coml Import Export Ltda\"},\"image\":{\"@id\":\"https:\/\/lojaopening.com.br\/shopp\/#\/schema\/logo\/image\/\"}}]}<\/script>\n<!-- \/ Yoast SEO plugin. -->","yoast_head_json":{"title":"Discos de Membrana Blotting Nitrato de Celulose CN 0.45\u00b5m 142mm","description":"A Membrana Blotting para Biologia Molecular \u00e9 um componente essencial para a transfer\u00eancia e hibridiza\u00e7\u00e3o de mol\u00e9culas biol\u00f3gicas. CN 0.45\u00b5m 142","robots":{"index":"index","follow":"follow","max-snippet":"max-snippet:-1","max-image-preview":"max-image-preview:large","max-video-preview":"max-video-preview:-1"},"canonical":"https:\/\/lojaopening.com.br\/shopp\/produto\/discos-de-membrana-blotting-nitrato-de-celulose-cn-0-45\u00b5m-142mm\/","og_locale":"pt_PT","og_type":"article","og_title":"Discos de Membrana Blotting Nitrato de Celulose CN 0.45\u00b5m 142mm","og_description":"A Membrana Blotting para Biologia Molecular \u00e9 um componente essencial para a transfer\u00eancia e hibridiza\u00e7\u00e3o de mol\u00e9culas biol\u00f3gicas. CN 0.45\u00b5m 142","og_url":"https:\/\/lojaopening.com.br\/shopp\/produto\/discos-de-membrana-blotting-nitrato-de-celulose-cn-0-45\u00b5m-142mm\/","og_site_name":"Loja Opening","article_modified_time":"2023-05-27T19:21:02+00:00","og_image":[{"width":627,"height":634,"url":"https:\/\/lojaopening.com.br\/wp-content\/uploads\/2023\/05\/membranablotting-2.png","type":"image\/png"}],"twitter_card":"summary_large_image","twitter_misc":{"Tempo estimado de leitura":"1 minuto"},"schema":{"@context":"https:\/\/schema.org","@graph":[{"@type":"WebPage","@id":"https:\/\/lojaopening.com.br\/shopp\/produto\/discos-de-membrana-blotting-nitrato-de-celulose-cn-0-45%c2%b5m-142mm\/","url":"https:\/\/lojaopening.com.br\/shopp\/produto\/discos-de-membrana-blotting-nitrato-de-celulose-cn-0-45%c2%b5m-142mm\/","name":"Discos de Membrana Blotting Nitrato de Celulose CN 0.45\u00b5m 142mm","isPartOf":{"@id":"https:\/\/lojaopening.com.br\/shopp\/#website"},"primaryImageOfPage":{"@id":"https:\/\/lojaopening.com.br\/shopp\/produto\/discos-de-membrana-blotting-nitrato-de-celulose-cn-0-45%c2%b5m-142mm\/#primaryimage"},"image":{"@id":"https:\/\/lojaopening.com.br\/shopp\/produto\/discos-de-membrana-blotting-nitrato-de-celulose-cn-0-45%c2%b5m-142mm\/#primaryimage"},"thumbnailUrl":"https:\/\/lojaopening.com.br\/wp-content\/uploads\/2023\/05\/membranablotting-2.png","datePublished":"2023-05-22T22:50:18+00:00","dateModified":"2023-05-27T19:21:02+00:00","description":"A Membrana Blotting para Biologia Molecular \u00e9 um componente essencial para a transfer\u00eancia e hibridiza\u00e7\u00e3o de mol\u00e9culas biol\u00f3gicas. CN 0.45\u00b5m 142","breadcrumb":{"@id":"https:\/\/lojaopening.com.br\/shopp\/produto\/discos-de-membrana-blotting-nitrato-de-celulose-cn-0-45%c2%b5m-142mm\/#breadcrumb"},"inLanguage":"pt-PT","potentialAction":[{"@type":"ReadAction","target":["https:\/\/lojaopening.com.br\/shopp\/produto\/discos-de-membrana-blotting-nitrato-de-celulose-cn-0-45%c2%b5m-142mm\/"]}]},{"@type":"ImageObject","inLanguage":"pt-PT","@id":"https:\/\/lojaopening.com.br\/shopp\/produto\/discos-de-membrana-blotting-nitrato-de-celulose-cn-0-45%c2%b5m-142mm\/#primaryimage","url":"https:\/\/lojaopening.com.br\/wp-content\/uploads\/2023\/05\/membranablotting-2.png","contentUrl":"https:\/\/lojaopening.com.br\/wp-content\/uploads\/2023\/05\/membranablotting-2.png","width":627,"height":634},{"@type":"BreadcrumbList","@id":"https:\/\/lojaopening.com.br\/shopp\/produto\/discos-de-membrana-blotting-nitrato-de-celulose-cn-0-45%c2%b5m-142mm\/#breadcrumb","itemListElement":[{"@type":"ListItem","position":1,"name":"In\u00edcio","item":"https:\/\/lojaopening.com.br\/shopp\/"},{"@type":"ListItem","position":2,"name":"Shop","item":"https:\/\/lojaopening.com.br\/shopp\/shopp\/"},{"@type":"ListItem","position":3,"name":"Discos de Membrana Blotting Nitrato de Celulose CN 0.45\u00b5m 142mm"}]},{"@type":"WebSite","@id":"https:\/\/lojaopening.com.br\/shopp\/#website","url":"https:\/\/lojaopening.com.br\/shopp\/","name":"Loja Opening","description":"","publisher":{"@id":"https:\/\/lojaopening.com.br\/shopp\/#organization"},"potentialAction":[{"@type":"SearchAction","target":{"@type":"EntryPoint","urlTemplate":"https:\/\/lojaopening.com.br\/shopp\/?s={search_term_string}"},"query-input":{"@type":"PropertyValueSpecification","valueRequired":true,"valueName":"search_term_string"}}],"inLanguage":"pt-PT"},{"@type":"Organization","@id":"https:\/\/lojaopening.com.br\/shopp\/#organization","name":"Opening World Coml Import Export Ltda","url":"https:\/\/lojaopening.com.br\/shopp\/","logo":{"@type":"ImageObject","inLanguage":"pt-PT","@id":"https:\/\/lojaopening.com.br\/shopp\/#\/schema\/logo\/image\/","url":"https:\/\/lojaopening.com.br\/wp-content\/uploads\/2020\/09\/logo_header.png","contentUrl":"https:\/\/lojaopening.com.br\/wp-content\/uploads\/2020\/09\/logo_header.png","width":1279,"height":328,"caption":"Opening World Coml Import Export Ltda"},"image":{"@id":"https:\/\/lojaopening.com.br\/shopp\/#\/schema\/logo\/image\/"}}]}},"_links":{"self":[{"href":"https:\/\/lojaopening.com.br\/shopp\/wp-json\/wp\/v2\/product\/1295","targetHints":{"allow":["GET"]}}],"collection":[{"href":"https:\/\/lojaopening.com.br\/shopp\/wp-json\/wp\/v2\/product"}],"about":[{"href":"https:\/\/lojaopening.com.br\/shopp\/wp-json\/wp\/v2\/types\/product"}],"wp:featuredmedia":[{"embeddable":true,"href":"https:\/\/lojaopening.com.br\/shopp\/wp-json\/wp\/v2\/media\/1294"}],"wp:attachment":[{"href":"https:\/\/lojaopening.com.br\/shopp\/wp-json\/wp\/v2\/media?parent=1295"}],"wp:term":[{"taxonomy":"product_brand","embeddable":true,"href":"https:\/\/lojaopening.com.br\/shopp\/wp-json\/wp\/v2\/product_brand?post=1295"},{"taxonomy":"product_cat","embeddable":true,"href":"https:\/\/lojaopening.com.br\/shopp\/wp-json\/wp\/v2\/product_cat?post=1295"},{"taxonomy":"product_tag","embeddable":true,"href":"https:\/\/lojaopening.com.br\/shopp\/wp-json\/wp\/v2\/product_tag?post=1295"}],"curies":[{"name":"wp","href":"https:\/\/api.w.org\/{rel}","templated":true}]}}