{"id":1354,"date":"2023-05-22T23:25:51","date_gmt":"2023-05-22T23:25:51","guid":{"rendered":"https:\/\/lojaopening.com.br\/shopp\/produto\/filtro-membrana-nitrato-de-celulose-borda-hidrofobica-esteril-simples-1-2%c2%b5m-47mm\/"},"modified":"2023-05-27T19:20:48","modified_gmt":"2023-05-27T19:20:48","slug":"filtro-membrana-nitrato-de-celulose-borda-hidrofobica-esteril-simples-1-2%c2%b5m-47mm","status":"publish","type":"product","link":"https:\/\/lojaopening.com.br\/shopp\/produto\/filtro-membrana-nitrato-de-celulose-borda-hidrofobica-esteril-simples-1-2%c2%b5m-47mm\/","title":{"rendered":"Filtro Membrana Nitrato de Celulose Borda Hidrof\u00f3bica Est\u00e9ril Simples 1.2\u00b5m 47mm"},"content":{"rendered":"<h1>Filtro Membrana Nitrato de Celulose Borda Hidrof\u00f3bica Est\u00e9ril Simples 1.2\u00b5m 47mm<\/h1>\n<p>Os Filtros de Membrana de Nitrato de Celulose com Borda Hidrof\u00f3bica s\u00e3o especialmente projetados para contagem de col\u00f4nias e teste de esterilidade de drogas. A membrana possui uma borda hidrof\u00f3bica que impede o fluxo lateral, evitando que produtos que afetem o crescimento microbiano se espalhem para \u00e1reas indesejadas. Isso garante que o f\u00e1rmaco n\u00e3o seja capaz de penetrar na \u00e1rea de veda\u00e7\u00e3o do porta-filtro. Durante a incuba\u00e7\u00e3o, os microrganismos crescem bem na \u00e1rea efetiva de filtra\u00e7\u00e3o, enquanto os res\u00edduos do f\u00e1rmaco s\u00e3o completamente removidos por meio de enx\u00e1gues consistentes.<\/p>\n<p><strong>Especifica\u00e7\u00f5es:<\/strong><\/p>\n<ul>\n<li>Tamanho do Bloco: 3.1mm\u00b2<\/li>\n<li>Crescimento por teste de movimento conforme ASTMD-4200-82: As membranas s\u00e3o testadas e validadas para nenhum aprimoramento ou inibi\u00e7\u00e3o pelas linhas de grade devido a produtos qu\u00edmicos extra\u00edveis.<\/li>\n<li>Estabilidade t\u00e9rmica: 121\u00b0C<\/li>\n<li>Irradia\u00e7\u00e3o gama: 26.59 K.gray<\/li>\n<\/ul>\n<h2>Informa\u00e7\u00f5es adicionais:<\/h2>\n<ul>\n<li><b>Grau:<\/b>PS<\/li>\n<li><b>Tamanho do Poro (\u00b5m):<\/b>1.2<\/li>\n<li><b>Di\u00e2metro (mm):<\/b>47<\/li>\n<li><b>Pacote:<\/b>100pcs<\/li>\n<\/ul>\n<p>*Outros tamanhos tamb\u00e9m dispon\u00edveis sob consulta.<\/p>\n","protected":false},"excerpt":{"rendered":"<p>Filtro Membrana Nitrato de Celulose Borda Hidrof\u00f3bica Est\u00e9ril Simples 1.2\u00b5m 47mm Os Filtros de Membrana de Nitrato de Celulose com&hellip;<\/p>\n","protected":false},"featured_media":1353,"template":"","meta":[],"product_brand":[],"product_cat":[45,716],"product_tag":[],"class_list":{"0":"post-1354","1":"product","2":"type-product","3":"status-publish","4":"has-post-thumbnail","6":"product_cat-laboratorio-industrial-cientifico","7":"product_cat-mmp","9":"first","10":"onbackorder","11":"shipping-taxable","12":"purchasable","13":"product-type-simple"},"yoast_head":"<!-- This site is optimized with the Yoast SEO plugin v27.2 - https:\/\/yoast.com\/product\/yoast-seo-wordpress\/ -->\n<title>Filtro Membrana Nitrato de Celulose Borda Hidrof\u00f3bica Est\u00e9ril Simples 1.2\u00b5m 47mm<\/title>\n<meta name=\"description\" content=\"Filtro Membrana Nitrato de Celulose Borda Hidrof\u00f3bica Est\u00e9ril Simples 1.2\u00b5m 47mm para microbiologia de \u00e1gua de rotina, controle de qualidade, e mais\" \/>\n<meta name=\"robots\" content=\"index, follow, max-snippet:-1, max-image-preview:large, max-video-preview:-1\" \/>\n<link rel=\"canonical\" href=\"https:\/\/lojaopening.com.br\/shopp\/produto\/filtro-membrana-nitrato-de-celulose-borda-hidrofobica-esteril-simples-1-2\u00b5m-47mm\/\" \/>\n<meta property=\"og:locale\" content=\"pt_PT\" \/>\n<meta property=\"og:type\" content=\"article\" \/>\n<meta property=\"og:title\" content=\"Filtro Membrana Nitrato de Celulose Borda Hidrof\u00f3bica Est\u00e9ril Simples 1.2\u00b5m 47mm\" \/>\n<meta property=\"og:description\" content=\"Filtro Membrana Nitrato de Celulose Borda Hidrof\u00f3bica Est\u00e9ril Simples 1.2\u00b5m 47mm para microbiologia de \u00e1gua de rotina, controle de qualidade, e mais\" \/>\n<meta property=\"og:url\" content=\"https:\/\/lojaopening.com.br\/shopp\/produto\/filtro-membrana-nitrato-de-celulose-borda-hidrofobica-esteril-simples-1-2\u00b5m-47mm\/\" \/>\n<meta property=\"og:site_name\" content=\"Loja Opening\" \/>\n<meta property=\"article:modified_time\" content=\"2023-05-27T19:20:48+00:00\" \/>\n<meta property=\"og:image\" content=\"https:\/\/lojaopening.com.br\/wp-content\/uploads\/2023\/05\/nitrato-de-celulose-borda-hidrofobica-4.png\" \/>\n\t<meta property=\"og:image:width\" content=\"480\" \/>\n\t<meta property=\"og:image:height\" content=\"449\" \/>\n\t<meta property=\"og:image:type\" content=\"image\/png\" \/>\n<meta name=\"twitter:card\" content=\"summary_large_image\" \/>\n<meta name=\"twitter:label1\" content=\"Tempo estimado de leitura\" \/>\n\t<meta name=\"twitter:data1\" content=\"1 minuto\" \/>\n<script type=\"application\/ld+json\" class=\"yoast-schema-graph\">{\"@context\":\"https:\/\/schema.org\",\"@graph\":[{\"@type\":\"WebPage\",\"@id\":\"https:\/\/lojaopening.com.br\/shopp\/produto\/filtro-membrana-nitrato-de-celulose-borda-hidrofobica-esteril-simples-1-2%c2%b5m-47mm\/\",\"url\":\"https:\/\/lojaopening.com.br\/shopp\/produto\/filtro-membrana-nitrato-de-celulose-borda-hidrofobica-esteril-simples-1-2%c2%b5m-47mm\/\",\"name\":\"Filtro Membrana Nitrato de Celulose Borda Hidrof\u00f3bica Est\u00e9ril Simples 1.2\u00b5m 47mm\",\"isPartOf\":{\"@id\":\"https:\/\/lojaopening.com.br\/shopp\/#website\"},\"primaryImageOfPage\":{\"@id\":\"https:\/\/lojaopening.com.br\/shopp\/produto\/filtro-membrana-nitrato-de-celulose-borda-hidrofobica-esteril-simples-1-2%c2%b5m-47mm\/#primaryimage\"},\"image\":{\"@id\":\"https:\/\/lojaopening.com.br\/shopp\/produto\/filtro-membrana-nitrato-de-celulose-borda-hidrofobica-esteril-simples-1-2%c2%b5m-47mm\/#primaryimage\"},\"thumbnailUrl\":\"https:\/\/lojaopening.com.br\/wp-content\/uploads\/2023\/05\/nitrato-de-celulose-borda-hidrofobica-4.png\",\"datePublished\":\"2023-05-22T23:25:51+00:00\",\"dateModified\":\"2023-05-27T19:20:48+00:00\",\"description\":\"Filtro Membrana Nitrato de Celulose Borda Hidrof\u00f3bica Est\u00e9ril Simples 1.2\u00b5m 47mm para microbiologia de \u00e1gua de rotina, controle de qualidade, e mais\",\"breadcrumb\":{\"@id\":\"https:\/\/lojaopening.com.br\/shopp\/produto\/filtro-membrana-nitrato-de-celulose-borda-hidrofobica-esteril-simples-1-2%c2%b5m-47mm\/#breadcrumb\"},\"inLanguage\":\"pt-PT\",\"potentialAction\":[{\"@type\":\"ReadAction\",\"target\":[\"https:\/\/lojaopening.com.br\/shopp\/produto\/filtro-membrana-nitrato-de-celulose-borda-hidrofobica-esteril-simples-1-2%c2%b5m-47mm\/\"]}]},{\"@type\":\"ImageObject\",\"inLanguage\":\"pt-PT\",\"@id\":\"https:\/\/lojaopening.com.br\/shopp\/produto\/filtro-membrana-nitrato-de-celulose-borda-hidrofobica-esteril-simples-1-2%c2%b5m-47mm\/#primaryimage\",\"url\":\"https:\/\/lojaopening.com.br\/wp-content\/uploads\/2023\/05\/nitrato-de-celulose-borda-hidrofobica-4.png\",\"contentUrl\":\"https:\/\/lojaopening.com.br\/wp-content\/uploads\/2023\/05\/nitrato-de-celulose-borda-hidrofobica-4.png\",\"width\":480,\"height\":449},{\"@type\":\"BreadcrumbList\",\"@id\":\"https:\/\/lojaopening.com.br\/shopp\/produto\/filtro-membrana-nitrato-de-celulose-borda-hidrofobica-esteril-simples-1-2%c2%b5m-47mm\/#breadcrumb\",\"itemListElement\":[{\"@type\":\"ListItem\",\"position\":1,\"name\":\"In\u00edcio\",\"item\":\"https:\/\/lojaopening.com.br\/shopp\/\"},{\"@type\":\"ListItem\",\"position\":2,\"name\":\"Shop\",\"item\":\"https:\/\/lojaopening.com.br\/shopp\/shopp\/\"},{\"@type\":\"ListItem\",\"position\":3,\"name\":\"Filtro Membrana Nitrato de Celulose Borda Hidrof\u00f3bica Est\u00e9ril Simples 1.2\u00b5m 47mm\"}]},{\"@type\":\"WebSite\",\"@id\":\"https:\/\/lojaopening.com.br\/shopp\/#website\",\"url\":\"https:\/\/lojaopening.com.br\/shopp\/\",\"name\":\"Loja Opening\",\"description\":\"\",\"publisher\":{\"@id\":\"https:\/\/lojaopening.com.br\/shopp\/#organization\"},\"potentialAction\":[{\"@type\":\"SearchAction\",\"target\":{\"@type\":\"EntryPoint\",\"urlTemplate\":\"https:\/\/lojaopening.com.br\/shopp\/?s={search_term_string}\"},\"query-input\":{\"@type\":\"PropertyValueSpecification\",\"valueRequired\":true,\"valueName\":\"search_term_string\"}}],\"inLanguage\":\"pt-PT\"},{\"@type\":\"Organization\",\"@id\":\"https:\/\/lojaopening.com.br\/shopp\/#organization\",\"name\":\"Opening World Coml Import Export Ltda\",\"url\":\"https:\/\/lojaopening.com.br\/shopp\/\",\"logo\":{\"@type\":\"ImageObject\",\"inLanguage\":\"pt-PT\",\"@id\":\"https:\/\/lojaopening.com.br\/shopp\/#\/schema\/logo\/image\/\",\"url\":\"https:\/\/lojaopening.com.br\/wp-content\/uploads\/2020\/09\/logo_header.png\",\"contentUrl\":\"https:\/\/lojaopening.com.br\/wp-content\/uploads\/2020\/09\/logo_header.png\",\"width\":1279,\"height\":328,\"caption\":\"Opening World Coml Import Export Ltda\"},\"image\":{\"@id\":\"https:\/\/lojaopening.com.br\/shopp\/#\/schema\/logo\/image\/\"}}]}<\/script>\n<!-- \/ Yoast SEO plugin. -->","yoast_head_json":{"title":"Filtro Membrana Nitrato de Celulose Borda Hidrof\u00f3bica Est\u00e9ril Simples 1.2\u00b5m 47mm","description":"Filtro Membrana Nitrato de Celulose Borda Hidrof\u00f3bica Est\u00e9ril Simples 1.2\u00b5m 47mm para microbiologia de \u00e1gua de rotina, controle de qualidade, e mais","robots":{"index":"index","follow":"follow","max-snippet":"max-snippet:-1","max-image-preview":"max-image-preview:large","max-video-preview":"max-video-preview:-1"},"canonical":"https:\/\/lojaopening.com.br\/shopp\/produto\/filtro-membrana-nitrato-de-celulose-borda-hidrofobica-esteril-simples-1-2\u00b5m-47mm\/","og_locale":"pt_PT","og_type":"article","og_title":"Filtro Membrana Nitrato de Celulose Borda Hidrof\u00f3bica Est\u00e9ril Simples 1.2\u00b5m 47mm","og_description":"Filtro Membrana Nitrato de Celulose Borda Hidrof\u00f3bica Est\u00e9ril Simples 1.2\u00b5m 47mm para microbiologia de \u00e1gua de rotina, controle de qualidade, e mais","og_url":"https:\/\/lojaopening.com.br\/shopp\/produto\/filtro-membrana-nitrato-de-celulose-borda-hidrofobica-esteril-simples-1-2\u00b5m-47mm\/","og_site_name":"Loja Opening","article_modified_time":"2023-05-27T19:20:48+00:00","og_image":[{"width":480,"height":449,"url":"https:\/\/lojaopening.com.br\/wp-content\/uploads\/2023\/05\/nitrato-de-celulose-borda-hidrofobica-4.png","type":"image\/png"}],"twitter_card":"summary_large_image","twitter_misc":{"Tempo estimado de leitura":"1 minuto"},"schema":{"@context":"https:\/\/schema.org","@graph":[{"@type":"WebPage","@id":"https:\/\/lojaopening.com.br\/shopp\/produto\/filtro-membrana-nitrato-de-celulose-borda-hidrofobica-esteril-simples-1-2%c2%b5m-47mm\/","url":"https:\/\/lojaopening.com.br\/shopp\/produto\/filtro-membrana-nitrato-de-celulose-borda-hidrofobica-esteril-simples-1-2%c2%b5m-47mm\/","name":"Filtro Membrana Nitrato de Celulose Borda Hidrof\u00f3bica Est\u00e9ril Simples 1.2\u00b5m 47mm","isPartOf":{"@id":"https:\/\/lojaopening.com.br\/shopp\/#website"},"primaryImageOfPage":{"@id":"https:\/\/lojaopening.com.br\/shopp\/produto\/filtro-membrana-nitrato-de-celulose-borda-hidrofobica-esteril-simples-1-2%c2%b5m-47mm\/#primaryimage"},"image":{"@id":"https:\/\/lojaopening.com.br\/shopp\/produto\/filtro-membrana-nitrato-de-celulose-borda-hidrofobica-esteril-simples-1-2%c2%b5m-47mm\/#primaryimage"},"thumbnailUrl":"https:\/\/lojaopening.com.br\/wp-content\/uploads\/2023\/05\/nitrato-de-celulose-borda-hidrofobica-4.png","datePublished":"2023-05-22T23:25:51+00:00","dateModified":"2023-05-27T19:20:48+00:00","description":"Filtro Membrana Nitrato de Celulose Borda Hidrof\u00f3bica Est\u00e9ril Simples 1.2\u00b5m 47mm para microbiologia de \u00e1gua de rotina, controle de qualidade, e mais","breadcrumb":{"@id":"https:\/\/lojaopening.com.br\/shopp\/produto\/filtro-membrana-nitrato-de-celulose-borda-hidrofobica-esteril-simples-1-2%c2%b5m-47mm\/#breadcrumb"},"inLanguage":"pt-PT","potentialAction":[{"@type":"ReadAction","target":["https:\/\/lojaopening.com.br\/shopp\/produto\/filtro-membrana-nitrato-de-celulose-borda-hidrofobica-esteril-simples-1-2%c2%b5m-47mm\/"]}]},{"@type":"ImageObject","inLanguage":"pt-PT","@id":"https:\/\/lojaopening.com.br\/shopp\/produto\/filtro-membrana-nitrato-de-celulose-borda-hidrofobica-esteril-simples-1-2%c2%b5m-47mm\/#primaryimage","url":"https:\/\/lojaopening.com.br\/wp-content\/uploads\/2023\/05\/nitrato-de-celulose-borda-hidrofobica-4.png","contentUrl":"https:\/\/lojaopening.com.br\/wp-content\/uploads\/2023\/05\/nitrato-de-celulose-borda-hidrofobica-4.png","width":480,"height":449},{"@type":"BreadcrumbList","@id":"https:\/\/lojaopening.com.br\/shopp\/produto\/filtro-membrana-nitrato-de-celulose-borda-hidrofobica-esteril-simples-1-2%c2%b5m-47mm\/#breadcrumb","itemListElement":[{"@type":"ListItem","position":1,"name":"In\u00edcio","item":"https:\/\/lojaopening.com.br\/shopp\/"},{"@type":"ListItem","position":2,"name":"Shop","item":"https:\/\/lojaopening.com.br\/shopp\/shopp\/"},{"@type":"ListItem","position":3,"name":"Filtro Membrana Nitrato de Celulose Borda Hidrof\u00f3bica Est\u00e9ril Simples 1.2\u00b5m 47mm"}]},{"@type":"WebSite","@id":"https:\/\/lojaopening.com.br\/shopp\/#website","url":"https:\/\/lojaopening.com.br\/shopp\/","name":"Loja Opening","description":"","publisher":{"@id":"https:\/\/lojaopening.com.br\/shopp\/#organization"},"potentialAction":[{"@type":"SearchAction","target":{"@type":"EntryPoint","urlTemplate":"https:\/\/lojaopening.com.br\/shopp\/?s={search_term_string}"},"query-input":{"@type":"PropertyValueSpecification","valueRequired":true,"valueName":"search_term_string"}}],"inLanguage":"pt-PT"},{"@type":"Organization","@id":"https:\/\/lojaopening.com.br\/shopp\/#organization","name":"Opening World Coml Import Export Ltda","url":"https:\/\/lojaopening.com.br\/shopp\/","logo":{"@type":"ImageObject","inLanguage":"pt-PT","@id":"https:\/\/lojaopening.com.br\/shopp\/#\/schema\/logo\/image\/","url":"https:\/\/lojaopening.com.br\/wp-content\/uploads\/2020\/09\/logo_header.png","contentUrl":"https:\/\/lojaopening.com.br\/wp-content\/uploads\/2020\/09\/logo_header.png","width":1279,"height":328,"caption":"Opening World Coml Import Export Ltda"},"image":{"@id":"https:\/\/lojaopening.com.br\/shopp\/#\/schema\/logo\/image\/"}}]}},"_links":{"self":[{"href":"https:\/\/lojaopening.com.br\/shopp\/wp-json\/wp\/v2\/product\/1354","targetHints":{"allow":["GET"]}}],"collection":[{"href":"https:\/\/lojaopening.com.br\/shopp\/wp-json\/wp\/v2\/product"}],"about":[{"href":"https:\/\/lojaopening.com.br\/shopp\/wp-json\/wp\/v2\/types\/product"}],"wp:featuredmedia":[{"embeddable":true,"href":"https:\/\/lojaopening.com.br\/shopp\/wp-json\/wp\/v2\/media\/1353"}],"wp:attachment":[{"href":"https:\/\/lojaopening.com.br\/shopp\/wp-json\/wp\/v2\/media?parent=1354"}],"wp:term":[{"taxonomy":"product_brand","embeddable":true,"href":"https:\/\/lojaopening.com.br\/shopp\/wp-json\/wp\/v2\/product_brand?post=1354"},{"taxonomy":"product_cat","embeddable":true,"href":"https:\/\/lojaopening.com.br\/shopp\/wp-json\/wp\/v2\/product_cat?post=1354"},{"taxonomy":"product_tag","embeddable":true,"href":"https:\/\/lojaopening.com.br\/shopp\/wp-json\/wp\/v2\/product_tag?post=1354"}],"curies":[{"name":"wp","href":"https:\/\/api.w.org\/{rel}","templated":true}]}}