{"id":1450,"date":"2023-05-23T00:00:26","date_gmt":"2023-05-23T00:00:26","guid":{"rendered":"https:\/\/lojaopening.com.br\/shopp\/produto\/pre-filtro-de-membrana-micro-fibra-de-vidro-25mm-pf1-1-5%c2%b5m-1250ml-min-cm%c2%b2-450%c2%b5m\/"},"modified":"2023-05-23T00:44:29","modified_gmt":"2023-05-23T00:44:29","slug":"pre-filtro-de-membrana-micro-fibra-de-vidro-25mm-pf1-1-5%c2%b5m-1250ml-min-cm%c2%b2-450%c2%b5m","status":"publish","type":"product","link":"https:\/\/lojaopening.com.br\/shopp\/produto\/pre-filtro-de-membrana-micro-fibra-de-vidro-25mm-pf1-1-5%c2%b5m-1250ml-min-cm%c2%b2-450%c2%b5m\/","title":{"rendered":"Pr\u00e9-Filtro de Membrana Micro Fibra de Vidro 25mm PF1 1.5\u00b5m 1250ml\/min\/cm\u00b2 450\u00b5m"},"content":{"rendered":"<h1>Pr\u00e9-Filtro de Membrana Micro Fibra de Vidro 25mm PF1 1.5\u00b5m 1250ml\/min\/cm\u00b2 450\u00b5m<\/h1>\n<p>O Pr\u00e9-Filtro de Membrana de Fibra de Vidro Borossilicato Puro, fabricado pela Minipore, \u00e9 uma solu\u00e7\u00e3o confi\u00e1vel para pr\u00e9-filtragem em diversas aplica\u00e7\u00f5es. Esse pr\u00e9-filtro \u00e9 composto por uma matriz de fibra de vidro borossilicato puro, colada com resina acr\u00edlica, proporcionando uma superf\u00edcie do filtro com uma estrutura de colinas e vales. Essa configura\u00e7\u00e3o exclusiva oferece uma alta capacidade de reten\u00e7\u00e3o de p\u00f3, o que resulta em uma maior vida \u00fatil da membrana principal. Al\u00e9m de ser utilizado como pr\u00e9-filtro, quando \u00e9 necess\u00e1ria uma filtra\u00e7\u00e3o nominal ou mais grossa, este pr\u00e9-filtro tamb\u00e9m pode ser utilizado como filtro final em determinadas aplica\u00e7\u00f5es.<\/p>\n<p><strong>Outros usos:<\/strong><\/p>\n<ul>\n<li>Purifica\u00e7\u00e3o de l\u00edquidos em laborat\u00f3rios.<\/li>\n<li>Prepara\u00e7\u00e3o de amostras para an\u00e1lises qu\u00edmicas.<\/li>\n<li>Filtragem de part\u00edculas em processos industriais.<\/li>\n<li>Prote\u00e7\u00e3o de membranas mais sens\u00edveis contra entupimento precoce.<\/li>\n<\/ul>\n<h2>Informa\u00e7\u00f5es adicionais:<\/h2>\n<ul>\n<li><b>Di\u00e2metro:<\/b>25<\/li>\n<li><b>Tamanho do Poro (\u00b5m):<\/b>1.5<\/li>\n<li><b>Fluxo (ml\/min\/cm\u00b2):<\/b>1250<\/li>\n<li><b>Espessura (\u00b5m):<\/b>450<\/li>\n<li><b>Grau:<\/b>PF1<\/li>\n<\/ul>\n","protected":false},"excerpt":{"rendered":"<p>Pr\u00e9-Filtro de Membrana Micro Fibra de Vidro 25mm PF1 1.5\u00b5m 1250ml\/min\/cm\u00b2 450\u00b5m O Pr\u00e9-Filtro de Membrana de Fibra de Vidro&hellip;<\/p>\n","protected":false},"featured_media":1449,"template":"","meta":[],"product_brand":[],"product_cat":[45,716],"product_tag":[],"class_list":{"0":"post-1450","1":"product","2":"type-product","3":"status-publish","4":"has-post-thumbnail","6":"product_cat-laboratorio-industrial-cientifico","7":"product_cat-mmp","9":"first","10":"onbackorder","11":"shipping-taxable","12":"product-type-simple"},"yoast_head":"<!-- This site is optimized with the Yoast SEO plugin v27.2 - https:\/\/yoast.com\/product\/yoast-seo-wordpress\/ -->\n<title>Pr\u00e9-Filtro de Membrana Micro Fibra de Vidro 25mm PF1 1.5\u00b5m 1250ml\/min\/cm\u00b2 450\u00b5m<\/title>\n<meta name=\"description\" content=\"Pr\u00e9-Filtro de Membrana Micro Fibra de Vidro 25mm PF1 1.5\u00b5m 1250ml\/min\/cm\u00b2 450\u00b5m \u00e9 uma solu\u00e7\u00e3o confi\u00e1vel para pr\u00e9-filtragem em diversas aplica\u00e7\u00f5es.\" \/>\n<meta name=\"robots\" content=\"index, follow, max-snippet:-1, max-image-preview:large, max-video-preview:-1\" \/>\n<link rel=\"canonical\" href=\"https:\/\/lojaopening.com.br\/shopp\/produto\/pre-filtro-de-membrana-micro-fibra-de-vidro-25mm-pf1-1-5\u00b5m-1250ml-min-cm\u00b2-450\u00b5m\/\" \/>\n<meta property=\"og:locale\" content=\"pt_PT\" \/>\n<meta property=\"og:type\" content=\"article\" \/>\n<meta property=\"og:title\" content=\"Pr\u00e9-Filtro de Membrana Micro Fibra de Vidro 25mm PF1 1.5\u00b5m 1250ml\/min\/cm\u00b2 450\u00b5m\" \/>\n<meta property=\"og:description\" content=\"Pr\u00e9-Filtro de Membrana Micro Fibra de Vidro 25mm PF1 1.5\u00b5m 1250ml\/min\/cm\u00b2 450\u00b5m \u00e9 uma solu\u00e7\u00e3o confi\u00e1vel para pr\u00e9-filtragem em diversas aplica\u00e7\u00f5es.\" \/>\n<meta property=\"og:url\" content=\"https:\/\/lojaopening.com.br\/shopp\/produto\/pre-filtro-de-membrana-micro-fibra-de-vidro-25mm-pf1-1-5\u00b5m-1250ml-min-cm\u00b2-450\u00b5m\/\" \/>\n<meta property=\"og:site_name\" content=\"Loja Opening\" \/>\n<meta property=\"article:modified_time\" content=\"2023-05-23T00:44:29+00:00\" \/>\n<meta property=\"og:image\" content=\"https:\/\/lojaopening.com.br\/wp-content\/uploads\/2023\/05\/pre-filtro-micro-fibra-de-vidro-19.png\" \/>\n\t<meta property=\"og:image:width\" content=\"554\" \/>\n\t<meta property=\"og:image:height\" content=\"495\" \/>\n\t<meta property=\"og:image:type\" content=\"image\/png\" \/>\n<meta name=\"twitter:card\" content=\"summary_large_image\" \/>\n<meta name=\"twitter:label1\" content=\"Tempo estimado de leitura\" \/>\n\t<meta name=\"twitter:data1\" content=\"1 minuto\" \/>\n<script type=\"application\/ld+json\" class=\"yoast-schema-graph\">{\"@context\":\"https:\/\/schema.org\",\"@graph\":[{\"@type\":\"WebPage\",\"@id\":\"https:\/\/lojaopening.com.br\/shopp\/produto\/pre-filtro-de-membrana-micro-fibra-de-vidro-25mm-pf1-1-5%c2%b5m-1250ml-min-cm%c2%b2-450%c2%b5m\/\",\"url\":\"https:\/\/lojaopening.com.br\/shopp\/produto\/pre-filtro-de-membrana-micro-fibra-de-vidro-25mm-pf1-1-5%c2%b5m-1250ml-min-cm%c2%b2-450%c2%b5m\/\",\"name\":\"Pr\u00e9-Filtro de Membrana Micro Fibra de Vidro 25mm PF1 1.5\u00b5m 1250ml\/min\/cm\u00b2 450\u00b5m\",\"isPartOf\":{\"@id\":\"https:\/\/lojaopening.com.br\/shopp\/#website\"},\"primaryImageOfPage\":{\"@id\":\"https:\/\/lojaopening.com.br\/shopp\/produto\/pre-filtro-de-membrana-micro-fibra-de-vidro-25mm-pf1-1-5%c2%b5m-1250ml-min-cm%c2%b2-450%c2%b5m\/#primaryimage\"},\"image\":{\"@id\":\"https:\/\/lojaopening.com.br\/shopp\/produto\/pre-filtro-de-membrana-micro-fibra-de-vidro-25mm-pf1-1-5%c2%b5m-1250ml-min-cm%c2%b2-450%c2%b5m\/#primaryimage\"},\"thumbnailUrl\":\"https:\/\/lojaopening.com.br\/wp-content\/uploads\/2023\/05\/pre-filtro-micro-fibra-de-vidro-19.png\",\"datePublished\":\"2023-05-23T00:00:26+00:00\",\"dateModified\":\"2023-05-23T00:44:29+00:00\",\"description\":\"Pr\u00e9-Filtro de Membrana Micro Fibra de Vidro 25mm PF1 1.5\u00b5m 1250ml\/min\/cm\u00b2 450\u00b5m \u00e9 uma solu\u00e7\u00e3o confi\u00e1vel para pr\u00e9-filtragem em diversas aplica\u00e7\u00f5es.\",\"breadcrumb\":{\"@id\":\"https:\/\/lojaopening.com.br\/shopp\/produto\/pre-filtro-de-membrana-micro-fibra-de-vidro-25mm-pf1-1-5%c2%b5m-1250ml-min-cm%c2%b2-450%c2%b5m\/#breadcrumb\"},\"inLanguage\":\"pt-PT\",\"potentialAction\":[{\"@type\":\"ReadAction\",\"target\":[\"https:\/\/lojaopening.com.br\/shopp\/produto\/pre-filtro-de-membrana-micro-fibra-de-vidro-25mm-pf1-1-5%c2%b5m-1250ml-min-cm%c2%b2-450%c2%b5m\/\"]}]},{\"@type\":\"ImageObject\",\"inLanguage\":\"pt-PT\",\"@id\":\"https:\/\/lojaopening.com.br\/shopp\/produto\/pre-filtro-de-membrana-micro-fibra-de-vidro-25mm-pf1-1-5%c2%b5m-1250ml-min-cm%c2%b2-450%c2%b5m\/#primaryimage\",\"url\":\"https:\/\/lojaopening.com.br\/wp-content\/uploads\/2023\/05\/pre-filtro-micro-fibra-de-vidro-19.png\",\"contentUrl\":\"https:\/\/lojaopening.com.br\/wp-content\/uploads\/2023\/05\/pre-filtro-micro-fibra-de-vidro-19.png\",\"width\":554,\"height\":495},{\"@type\":\"BreadcrumbList\",\"@id\":\"https:\/\/lojaopening.com.br\/shopp\/produto\/pre-filtro-de-membrana-micro-fibra-de-vidro-25mm-pf1-1-5%c2%b5m-1250ml-min-cm%c2%b2-450%c2%b5m\/#breadcrumb\",\"itemListElement\":[{\"@type\":\"ListItem\",\"position\":1,\"name\":\"In\u00edcio\",\"item\":\"https:\/\/lojaopening.com.br\/shopp\/\"},{\"@type\":\"ListItem\",\"position\":2,\"name\":\"Shop\",\"item\":\"https:\/\/lojaopening.com.br\/shopp\/shopp\/\"},{\"@type\":\"ListItem\",\"position\":3,\"name\":\"Pr\u00e9-Filtro de Membrana Micro Fibra de Vidro 25mm PF1 1.5\u00b5m 1250ml\/min\/cm\u00b2 450\u00b5m\"}]},{\"@type\":\"WebSite\",\"@id\":\"https:\/\/lojaopening.com.br\/shopp\/#website\",\"url\":\"https:\/\/lojaopening.com.br\/shopp\/\",\"name\":\"Loja Opening\",\"description\":\"\",\"publisher\":{\"@id\":\"https:\/\/lojaopening.com.br\/shopp\/#organization\"},\"potentialAction\":[{\"@type\":\"SearchAction\",\"target\":{\"@type\":\"EntryPoint\",\"urlTemplate\":\"https:\/\/lojaopening.com.br\/shopp\/?s={search_term_string}\"},\"query-input\":{\"@type\":\"PropertyValueSpecification\",\"valueRequired\":true,\"valueName\":\"search_term_string\"}}],\"inLanguage\":\"pt-PT\"},{\"@type\":\"Organization\",\"@id\":\"https:\/\/lojaopening.com.br\/shopp\/#organization\",\"name\":\"Opening World Coml Import Export Ltda\",\"url\":\"https:\/\/lojaopening.com.br\/shopp\/\",\"logo\":{\"@type\":\"ImageObject\",\"inLanguage\":\"pt-PT\",\"@id\":\"https:\/\/lojaopening.com.br\/shopp\/#\/schema\/logo\/image\/\",\"url\":\"https:\/\/lojaopening.com.br\/wp-content\/uploads\/2020\/09\/logo_header.png\",\"contentUrl\":\"https:\/\/lojaopening.com.br\/wp-content\/uploads\/2020\/09\/logo_header.png\",\"width\":1279,\"height\":328,\"caption\":\"Opening World Coml Import Export Ltda\"},\"image\":{\"@id\":\"https:\/\/lojaopening.com.br\/shopp\/#\/schema\/logo\/image\/\"}}]}<\/script>\n<!-- \/ Yoast SEO plugin. -->","yoast_head_json":{"title":"Pr\u00e9-Filtro de Membrana Micro Fibra de Vidro 25mm PF1 1.5\u00b5m 1250ml\/min\/cm\u00b2 450\u00b5m","description":"Pr\u00e9-Filtro de Membrana Micro Fibra de Vidro 25mm PF1 1.5\u00b5m 1250ml\/min\/cm\u00b2 450\u00b5m \u00e9 uma solu\u00e7\u00e3o confi\u00e1vel para pr\u00e9-filtragem em diversas aplica\u00e7\u00f5es.","robots":{"index":"index","follow":"follow","max-snippet":"max-snippet:-1","max-image-preview":"max-image-preview:large","max-video-preview":"max-video-preview:-1"},"canonical":"https:\/\/lojaopening.com.br\/shopp\/produto\/pre-filtro-de-membrana-micro-fibra-de-vidro-25mm-pf1-1-5\u00b5m-1250ml-min-cm\u00b2-450\u00b5m\/","og_locale":"pt_PT","og_type":"article","og_title":"Pr\u00e9-Filtro de Membrana Micro Fibra de Vidro 25mm PF1 1.5\u00b5m 1250ml\/min\/cm\u00b2 450\u00b5m","og_description":"Pr\u00e9-Filtro de Membrana Micro Fibra de Vidro 25mm PF1 1.5\u00b5m 1250ml\/min\/cm\u00b2 450\u00b5m \u00e9 uma solu\u00e7\u00e3o confi\u00e1vel para pr\u00e9-filtragem em diversas aplica\u00e7\u00f5es.","og_url":"https:\/\/lojaopening.com.br\/shopp\/produto\/pre-filtro-de-membrana-micro-fibra-de-vidro-25mm-pf1-1-5\u00b5m-1250ml-min-cm\u00b2-450\u00b5m\/","og_site_name":"Loja Opening","article_modified_time":"2023-05-23T00:44:29+00:00","og_image":[{"width":554,"height":495,"url":"https:\/\/lojaopening.com.br\/wp-content\/uploads\/2023\/05\/pre-filtro-micro-fibra-de-vidro-19.png","type":"image\/png"}],"twitter_card":"summary_large_image","twitter_misc":{"Tempo estimado de leitura":"1 minuto"},"schema":{"@context":"https:\/\/schema.org","@graph":[{"@type":"WebPage","@id":"https:\/\/lojaopening.com.br\/shopp\/produto\/pre-filtro-de-membrana-micro-fibra-de-vidro-25mm-pf1-1-5%c2%b5m-1250ml-min-cm%c2%b2-450%c2%b5m\/","url":"https:\/\/lojaopening.com.br\/shopp\/produto\/pre-filtro-de-membrana-micro-fibra-de-vidro-25mm-pf1-1-5%c2%b5m-1250ml-min-cm%c2%b2-450%c2%b5m\/","name":"Pr\u00e9-Filtro de Membrana Micro Fibra de Vidro 25mm PF1 1.5\u00b5m 1250ml\/min\/cm\u00b2 450\u00b5m","isPartOf":{"@id":"https:\/\/lojaopening.com.br\/shopp\/#website"},"primaryImageOfPage":{"@id":"https:\/\/lojaopening.com.br\/shopp\/produto\/pre-filtro-de-membrana-micro-fibra-de-vidro-25mm-pf1-1-5%c2%b5m-1250ml-min-cm%c2%b2-450%c2%b5m\/#primaryimage"},"image":{"@id":"https:\/\/lojaopening.com.br\/shopp\/produto\/pre-filtro-de-membrana-micro-fibra-de-vidro-25mm-pf1-1-5%c2%b5m-1250ml-min-cm%c2%b2-450%c2%b5m\/#primaryimage"},"thumbnailUrl":"https:\/\/lojaopening.com.br\/wp-content\/uploads\/2023\/05\/pre-filtro-micro-fibra-de-vidro-19.png","datePublished":"2023-05-23T00:00:26+00:00","dateModified":"2023-05-23T00:44:29+00:00","description":"Pr\u00e9-Filtro de Membrana Micro Fibra de Vidro 25mm PF1 1.5\u00b5m 1250ml\/min\/cm\u00b2 450\u00b5m \u00e9 uma solu\u00e7\u00e3o confi\u00e1vel para pr\u00e9-filtragem em diversas aplica\u00e7\u00f5es.","breadcrumb":{"@id":"https:\/\/lojaopening.com.br\/shopp\/produto\/pre-filtro-de-membrana-micro-fibra-de-vidro-25mm-pf1-1-5%c2%b5m-1250ml-min-cm%c2%b2-450%c2%b5m\/#breadcrumb"},"inLanguage":"pt-PT","potentialAction":[{"@type":"ReadAction","target":["https:\/\/lojaopening.com.br\/shopp\/produto\/pre-filtro-de-membrana-micro-fibra-de-vidro-25mm-pf1-1-5%c2%b5m-1250ml-min-cm%c2%b2-450%c2%b5m\/"]}]},{"@type":"ImageObject","inLanguage":"pt-PT","@id":"https:\/\/lojaopening.com.br\/shopp\/produto\/pre-filtro-de-membrana-micro-fibra-de-vidro-25mm-pf1-1-5%c2%b5m-1250ml-min-cm%c2%b2-450%c2%b5m\/#primaryimage","url":"https:\/\/lojaopening.com.br\/wp-content\/uploads\/2023\/05\/pre-filtro-micro-fibra-de-vidro-19.png","contentUrl":"https:\/\/lojaopening.com.br\/wp-content\/uploads\/2023\/05\/pre-filtro-micro-fibra-de-vidro-19.png","width":554,"height":495},{"@type":"BreadcrumbList","@id":"https:\/\/lojaopening.com.br\/shopp\/produto\/pre-filtro-de-membrana-micro-fibra-de-vidro-25mm-pf1-1-5%c2%b5m-1250ml-min-cm%c2%b2-450%c2%b5m\/#breadcrumb","itemListElement":[{"@type":"ListItem","position":1,"name":"In\u00edcio","item":"https:\/\/lojaopening.com.br\/shopp\/"},{"@type":"ListItem","position":2,"name":"Shop","item":"https:\/\/lojaopening.com.br\/shopp\/shopp\/"},{"@type":"ListItem","position":3,"name":"Pr\u00e9-Filtro de Membrana Micro Fibra de Vidro 25mm PF1 1.5\u00b5m 1250ml\/min\/cm\u00b2 450\u00b5m"}]},{"@type":"WebSite","@id":"https:\/\/lojaopening.com.br\/shopp\/#website","url":"https:\/\/lojaopening.com.br\/shopp\/","name":"Loja Opening","description":"","publisher":{"@id":"https:\/\/lojaopening.com.br\/shopp\/#organization"},"potentialAction":[{"@type":"SearchAction","target":{"@type":"EntryPoint","urlTemplate":"https:\/\/lojaopening.com.br\/shopp\/?s={search_term_string}"},"query-input":{"@type":"PropertyValueSpecification","valueRequired":true,"valueName":"search_term_string"}}],"inLanguage":"pt-PT"},{"@type":"Organization","@id":"https:\/\/lojaopening.com.br\/shopp\/#organization","name":"Opening World Coml Import Export Ltda","url":"https:\/\/lojaopening.com.br\/shopp\/","logo":{"@type":"ImageObject","inLanguage":"pt-PT","@id":"https:\/\/lojaopening.com.br\/shopp\/#\/schema\/logo\/image\/","url":"https:\/\/lojaopening.com.br\/wp-content\/uploads\/2020\/09\/logo_header.png","contentUrl":"https:\/\/lojaopening.com.br\/wp-content\/uploads\/2020\/09\/logo_header.png","width":1279,"height":328,"caption":"Opening World Coml Import Export Ltda"},"image":{"@id":"https:\/\/lojaopening.com.br\/shopp\/#\/schema\/logo\/image\/"}}]}},"_links":{"self":[{"href":"https:\/\/lojaopening.com.br\/shopp\/wp-json\/wp\/v2\/product\/1450","targetHints":{"allow":["GET"]}}],"collection":[{"href":"https:\/\/lojaopening.com.br\/shopp\/wp-json\/wp\/v2\/product"}],"about":[{"href":"https:\/\/lojaopening.com.br\/shopp\/wp-json\/wp\/v2\/types\/product"}],"wp:featuredmedia":[{"embeddable":true,"href":"https:\/\/lojaopening.com.br\/shopp\/wp-json\/wp\/v2\/media\/1449"}],"wp:attachment":[{"href":"https:\/\/lojaopening.com.br\/shopp\/wp-json\/wp\/v2\/media?parent=1450"}],"wp:term":[{"taxonomy":"product_brand","embeddable":true,"href":"https:\/\/lojaopening.com.br\/shopp\/wp-json\/wp\/v2\/product_brand?post=1450"},{"taxonomy":"product_cat","embeddable":true,"href":"https:\/\/lojaopening.com.br\/shopp\/wp-json\/wp\/v2\/product_cat?post=1450"},{"taxonomy":"product_tag","embeddable":true,"href":"https:\/\/lojaopening.com.br\/shopp\/wp-json\/wp\/v2\/product_tag?post=1450"}],"curies":[{"name":"wp","href":"https:\/\/api.w.org\/{rel}","templated":true}]}}