{"id":1529,"date":"2023-05-23T18:34:20","date_gmt":"2023-05-23T18:34:20","guid":{"rendered":"https:\/\/lojaopening.com.br\/shopp\/produto\/filtro-de-cartucho-midia-plissada-10pol-1%c2%b5m-polipropileno\/"},"modified":"2023-05-23T23:04:22","modified_gmt":"2023-05-23T23:04:22","slug":"filtro-de-cartucho-midia-plissada-10pol-1%c2%b5m-polipropileno","status":"publish","type":"product","link":"https:\/\/lojaopening.com.br\/shopp\/produto\/filtro-de-cartucho-midia-plissada-10pol-1%c2%b5m-polipropileno\/","title":{"rendered":"Filtro de Cartucho M\u00eddia Plissada 10pol 1\u00b5m Polipropileno"},"content":{"rendered":"<h1>Filtro de Cartucho M\u00eddia Plissada 10pol 1\u00b5m Polipropileno<\/h1>\n<p>Os Filtros de Cartucho M\u00eddia Plissada s\u00e3o ideais para aplica\u00e7\u00f5es que exigem alta qualidade de filtragem em solu\u00e7\u00f5es aquosas de baixa viscosidade. Esses cartuchos s\u00e3o constru\u00eddos completamente em polipropileno, com uma superf\u00edcie externa e interna suportada por m\u00eddia de polipropileno, o que ajuda a evitar a migra\u00e7\u00e3o da m\u00eddia. As tampas de extremidade s\u00e3o seladas a quente ao n\u00facleo e \u00e0 m\u00eddia, garantindo a veda\u00e7\u00e3o adequada e evitando problemas de lixivia\u00e7\u00e3o. Sua constru\u00e7\u00e3o de encaixe DOE exclui a necessidade de adaptadores. Al\u00e9m disso, os filtros possuem boa resist\u00eancia qu\u00edmica e t\u00e9rmica, proporcionando ampla aplicabilidade.<\/p>\n<p><strong>Aplica\u00e7\u00f5es:<\/strong><\/p>\n<ol>\n<li>Ind\u00fastria de LCD e chapeamento: Ideal para garantir a qualidade da \u00e1gua de alimenta\u00e7\u00e3o, excedendo os padr\u00f5es dos produtos finais.<\/li>\n<li>Ind\u00fastria de alimentos e bebidas: Muito adequado para o processo de tratamento de \u00e1gua pot\u00e1vel e mistura de \u00e1gua na ind\u00fastria de alimentos e bebidas.<\/li>\n<li>Ind\u00fastria Farmac\u00eautica: Utilizado para pr\u00e9-filtragem, filtra\u00e7\u00e3o final de \u00e1gua de processo, ar, medicamentos a granel, \u00e1gua e solvente.<\/li>\n<li>Ind\u00fastria Eletr\u00f4nica: Atende \u00e0 demanda por uma grande quantidade de \u00e1gua limpa no processo eletr\u00f4nico. O filtro \u00e9 ideal para remo\u00e7\u00e3o absoluta de part\u00edculas, sendo comumente utilizado em plantas de osmose reversa (RO), plantas de desmineraliza\u00e7\u00e3o (DM), pr\u00e9-filtro, processo e \u00e1gua de lavagem.<\/li>\n<\/ol>\n<li><b>Material:<\/b>Polipropileno<\/li>\n<li><b>Tipo:<\/b>PPCF<\/li>\n<li><b>Tamanho (pol):<\/b>10<\/li>\n<li><b>Tamanho do Poro (\u00b5m):<\/b>1<\/li>\n<li><b>Tampa Final:<\/b>SOE(Code-7) ou DOE<\/li>\n<li><b>Temperatura de Opera\u00e7\u00e3o M\u00e1xima (\u00b0C):<\/b>80<\/li>\n<li><b>Junta:<\/b>silicone ou neoprene<\/li>\n<li><b>Anel O-Ring:<\/b>silicone, neoprene ou borracha<\/li>\n<\/ul>\n","protected":false},"excerpt":{"rendered":"<p>Filtro de Cartucho M\u00eddia Plissada 10pol 1\u00b5m Polipropileno Os Filtros de Cartucho M\u00eddia Plissada s\u00e3o ideais para aplica\u00e7\u00f5es que exigem&hellip;<\/p>\n","protected":false},"featured_media":1528,"template":"","meta":[],"product_brand":[],"product_cat":[45,716],"product_tag":[],"class_list":{"0":"post-1529","1":"product","2":"type-product","3":"status-publish","4":"has-post-thumbnail","6":"product_cat-laboratorio-industrial-cientifico","7":"product_cat-mmp","9":"first","10":"onbackorder","11":"shipping-taxable","12":"product-type-simple"},"yoast_head":"<!-- This site is optimized with the Yoast SEO plugin v27.2 - https:\/\/yoast.com\/product\/yoast-seo-wordpress\/ -->\n<title>Filtro de Cartucho M\u00eddia Plissada 10pol 1\u00b5m Polipropileno<\/title>\n<meta name=\"description\" content=\"Filtro de Cartucho M\u00eddia Plissada 10pol 1\u00b5m Polipropileno ideal para aplica\u00e7\u00f5es que exigem alta qualidade de filtragem em solu\u00e7\u00f5es aquosas de baixa viscosidade.\" \/>\n<meta name=\"robots\" content=\"index, follow, max-snippet:-1, max-image-preview:large, max-video-preview:-1\" \/>\n<link rel=\"canonical\" href=\"https:\/\/lojaopening.com.br\/shopp\/produto\/filtro-de-cartucho-midia-plissada-10pol-1\u00b5m-polipropileno\/\" \/>\n<meta property=\"og:locale\" content=\"pt_PT\" \/>\n<meta property=\"og:type\" content=\"article\" \/>\n<meta property=\"og:title\" content=\"Filtro de Cartucho M\u00eddia Plissada 10pol 1\u00b5m Polipropileno\" \/>\n<meta property=\"og:description\" content=\"Filtro de Cartucho M\u00eddia Plissada 10pol 1\u00b5m Polipropileno ideal para aplica\u00e7\u00f5es que exigem alta qualidade de filtragem em solu\u00e7\u00f5es aquosas de baixa viscosidade.\" \/>\n<meta property=\"og:url\" content=\"https:\/\/lojaopening.com.br\/shopp\/produto\/filtro-de-cartucho-midia-plissada-10pol-1\u00b5m-polipropileno\/\" \/>\n<meta property=\"og:site_name\" content=\"Loja Opening\" \/>\n<meta property=\"article:modified_time\" content=\"2023-05-23T23:04:22+00:00\" \/>\n<meta property=\"og:image\" content=\"https:\/\/lojaopening.com.br\/wp-content\/uploads\/2023\/05\/filtro-de-cartuchos-midia-plissada-13.png\" \/>\n\t<meta property=\"og:image:width\" content=\"570\" \/>\n\t<meta property=\"og:image:height\" content=\"539\" \/>\n\t<meta property=\"og:image:type\" content=\"image\/png\" \/>\n<meta name=\"twitter:card\" content=\"summary_large_image\" \/>\n<meta name=\"twitter:label1\" content=\"Tempo estimado de leitura\" \/>\n\t<meta name=\"twitter:data1\" content=\"1 minuto\" \/>\n<script type=\"application\/ld+json\" class=\"yoast-schema-graph\">{\"@context\":\"https:\/\/schema.org\",\"@graph\":[{\"@type\":\"WebPage\",\"@id\":\"https:\/\/lojaopening.com.br\/shopp\/produto\/filtro-de-cartucho-midia-plissada-10pol-1%c2%b5m-polipropileno\/\",\"url\":\"https:\/\/lojaopening.com.br\/shopp\/produto\/filtro-de-cartucho-midia-plissada-10pol-1%c2%b5m-polipropileno\/\",\"name\":\"Filtro de Cartucho M\u00eddia Plissada 10pol 1\u00b5m Polipropileno\",\"isPartOf\":{\"@id\":\"https:\/\/lojaopening.com.br\/shopp\/#website\"},\"primaryImageOfPage\":{\"@id\":\"https:\/\/lojaopening.com.br\/shopp\/produto\/filtro-de-cartucho-midia-plissada-10pol-1%c2%b5m-polipropileno\/#primaryimage\"},\"image\":{\"@id\":\"https:\/\/lojaopening.com.br\/shopp\/produto\/filtro-de-cartucho-midia-plissada-10pol-1%c2%b5m-polipropileno\/#primaryimage\"},\"thumbnailUrl\":\"https:\/\/lojaopening.com.br\/wp-content\/uploads\/2023\/05\/filtro-de-cartuchos-midia-plissada-13.png\",\"datePublished\":\"2023-05-23T18:34:20+00:00\",\"dateModified\":\"2023-05-23T23:04:22+00:00\",\"description\":\"Filtro de Cartucho M\u00eddia Plissada 10pol 1\u00b5m Polipropileno ideal para aplica\u00e7\u00f5es que exigem alta qualidade de filtragem em solu\u00e7\u00f5es aquosas de baixa viscosidade.\",\"breadcrumb\":{\"@id\":\"https:\/\/lojaopening.com.br\/shopp\/produto\/filtro-de-cartucho-midia-plissada-10pol-1%c2%b5m-polipropileno\/#breadcrumb\"},\"inLanguage\":\"pt-PT\",\"potentialAction\":[{\"@type\":\"ReadAction\",\"target\":[\"https:\/\/lojaopening.com.br\/shopp\/produto\/filtro-de-cartucho-midia-plissada-10pol-1%c2%b5m-polipropileno\/\"]}]},{\"@type\":\"ImageObject\",\"inLanguage\":\"pt-PT\",\"@id\":\"https:\/\/lojaopening.com.br\/shopp\/produto\/filtro-de-cartucho-midia-plissada-10pol-1%c2%b5m-polipropileno\/#primaryimage\",\"url\":\"https:\/\/lojaopening.com.br\/wp-content\/uploads\/2023\/05\/filtro-de-cartuchos-midia-plissada-13.png\",\"contentUrl\":\"https:\/\/lojaopening.com.br\/wp-content\/uploads\/2023\/05\/filtro-de-cartuchos-midia-plissada-13.png\",\"width\":570,\"height\":539},{\"@type\":\"BreadcrumbList\",\"@id\":\"https:\/\/lojaopening.com.br\/shopp\/produto\/filtro-de-cartucho-midia-plissada-10pol-1%c2%b5m-polipropileno\/#breadcrumb\",\"itemListElement\":[{\"@type\":\"ListItem\",\"position\":1,\"name\":\"In\u00edcio\",\"item\":\"https:\/\/lojaopening.com.br\/shopp\/\"},{\"@type\":\"ListItem\",\"position\":2,\"name\":\"Shop\",\"item\":\"https:\/\/lojaopening.com.br\/shopp\/shopp\/\"},{\"@type\":\"ListItem\",\"position\":3,\"name\":\"Filtro de Cartucho M\u00eddia Plissada 10pol 1\u00b5m Polipropileno\"}]},{\"@type\":\"WebSite\",\"@id\":\"https:\/\/lojaopening.com.br\/shopp\/#website\",\"url\":\"https:\/\/lojaopening.com.br\/shopp\/\",\"name\":\"Loja Opening\",\"description\":\"\",\"publisher\":{\"@id\":\"https:\/\/lojaopening.com.br\/shopp\/#organization\"},\"potentialAction\":[{\"@type\":\"SearchAction\",\"target\":{\"@type\":\"EntryPoint\",\"urlTemplate\":\"https:\/\/lojaopening.com.br\/shopp\/?s={search_term_string}\"},\"query-input\":{\"@type\":\"PropertyValueSpecification\",\"valueRequired\":true,\"valueName\":\"search_term_string\"}}],\"inLanguage\":\"pt-PT\"},{\"@type\":\"Organization\",\"@id\":\"https:\/\/lojaopening.com.br\/shopp\/#organization\",\"name\":\"Opening World Coml Import Export Ltda\",\"url\":\"https:\/\/lojaopening.com.br\/shopp\/\",\"logo\":{\"@type\":\"ImageObject\",\"inLanguage\":\"pt-PT\",\"@id\":\"https:\/\/lojaopening.com.br\/shopp\/#\/schema\/logo\/image\/\",\"url\":\"https:\/\/lojaopening.com.br\/wp-content\/uploads\/2020\/09\/logo_header.png\",\"contentUrl\":\"https:\/\/lojaopening.com.br\/wp-content\/uploads\/2020\/09\/logo_header.png\",\"width\":1279,\"height\":328,\"caption\":\"Opening World Coml Import Export Ltda\"},\"image\":{\"@id\":\"https:\/\/lojaopening.com.br\/shopp\/#\/schema\/logo\/image\/\"}}]}<\/script>\n<!-- \/ Yoast SEO plugin. -->","yoast_head_json":{"title":"Filtro de Cartucho M\u00eddia Plissada 10pol 1\u00b5m Polipropileno","description":"Filtro de Cartucho M\u00eddia Plissada 10pol 1\u00b5m Polipropileno ideal para aplica\u00e7\u00f5es que exigem alta qualidade de filtragem em solu\u00e7\u00f5es aquosas de baixa viscosidade.","robots":{"index":"index","follow":"follow","max-snippet":"max-snippet:-1","max-image-preview":"max-image-preview:large","max-video-preview":"max-video-preview:-1"},"canonical":"https:\/\/lojaopening.com.br\/shopp\/produto\/filtro-de-cartucho-midia-plissada-10pol-1\u00b5m-polipropileno\/","og_locale":"pt_PT","og_type":"article","og_title":"Filtro de Cartucho M\u00eddia Plissada 10pol 1\u00b5m Polipropileno","og_description":"Filtro de Cartucho M\u00eddia Plissada 10pol 1\u00b5m Polipropileno ideal para aplica\u00e7\u00f5es que exigem alta qualidade de filtragem em solu\u00e7\u00f5es aquosas de baixa viscosidade.","og_url":"https:\/\/lojaopening.com.br\/shopp\/produto\/filtro-de-cartucho-midia-plissada-10pol-1\u00b5m-polipropileno\/","og_site_name":"Loja Opening","article_modified_time":"2023-05-23T23:04:22+00:00","og_image":[{"width":570,"height":539,"url":"https:\/\/lojaopening.com.br\/wp-content\/uploads\/2023\/05\/filtro-de-cartuchos-midia-plissada-13.png","type":"image\/png"}],"twitter_card":"summary_large_image","twitter_misc":{"Tempo estimado de leitura":"1 minuto"},"schema":{"@context":"https:\/\/schema.org","@graph":[{"@type":"WebPage","@id":"https:\/\/lojaopening.com.br\/shopp\/produto\/filtro-de-cartucho-midia-plissada-10pol-1%c2%b5m-polipropileno\/","url":"https:\/\/lojaopening.com.br\/shopp\/produto\/filtro-de-cartucho-midia-plissada-10pol-1%c2%b5m-polipropileno\/","name":"Filtro de Cartucho M\u00eddia Plissada 10pol 1\u00b5m Polipropileno","isPartOf":{"@id":"https:\/\/lojaopening.com.br\/shopp\/#website"},"primaryImageOfPage":{"@id":"https:\/\/lojaopening.com.br\/shopp\/produto\/filtro-de-cartucho-midia-plissada-10pol-1%c2%b5m-polipropileno\/#primaryimage"},"image":{"@id":"https:\/\/lojaopening.com.br\/shopp\/produto\/filtro-de-cartucho-midia-plissada-10pol-1%c2%b5m-polipropileno\/#primaryimage"},"thumbnailUrl":"https:\/\/lojaopening.com.br\/wp-content\/uploads\/2023\/05\/filtro-de-cartuchos-midia-plissada-13.png","datePublished":"2023-05-23T18:34:20+00:00","dateModified":"2023-05-23T23:04:22+00:00","description":"Filtro de Cartucho M\u00eddia Plissada 10pol 1\u00b5m Polipropileno ideal para aplica\u00e7\u00f5es que exigem alta qualidade de filtragem em solu\u00e7\u00f5es aquosas de baixa viscosidade.","breadcrumb":{"@id":"https:\/\/lojaopening.com.br\/shopp\/produto\/filtro-de-cartucho-midia-plissada-10pol-1%c2%b5m-polipropileno\/#breadcrumb"},"inLanguage":"pt-PT","potentialAction":[{"@type":"ReadAction","target":["https:\/\/lojaopening.com.br\/shopp\/produto\/filtro-de-cartucho-midia-plissada-10pol-1%c2%b5m-polipropileno\/"]}]},{"@type":"ImageObject","inLanguage":"pt-PT","@id":"https:\/\/lojaopening.com.br\/shopp\/produto\/filtro-de-cartucho-midia-plissada-10pol-1%c2%b5m-polipropileno\/#primaryimage","url":"https:\/\/lojaopening.com.br\/wp-content\/uploads\/2023\/05\/filtro-de-cartuchos-midia-plissada-13.png","contentUrl":"https:\/\/lojaopening.com.br\/wp-content\/uploads\/2023\/05\/filtro-de-cartuchos-midia-plissada-13.png","width":570,"height":539},{"@type":"BreadcrumbList","@id":"https:\/\/lojaopening.com.br\/shopp\/produto\/filtro-de-cartucho-midia-plissada-10pol-1%c2%b5m-polipropileno\/#breadcrumb","itemListElement":[{"@type":"ListItem","position":1,"name":"In\u00edcio","item":"https:\/\/lojaopening.com.br\/shopp\/"},{"@type":"ListItem","position":2,"name":"Shop","item":"https:\/\/lojaopening.com.br\/shopp\/shopp\/"},{"@type":"ListItem","position":3,"name":"Filtro de Cartucho M\u00eddia Plissada 10pol 1\u00b5m Polipropileno"}]},{"@type":"WebSite","@id":"https:\/\/lojaopening.com.br\/shopp\/#website","url":"https:\/\/lojaopening.com.br\/shopp\/","name":"Loja Opening","description":"","publisher":{"@id":"https:\/\/lojaopening.com.br\/shopp\/#organization"},"potentialAction":[{"@type":"SearchAction","target":{"@type":"EntryPoint","urlTemplate":"https:\/\/lojaopening.com.br\/shopp\/?s={search_term_string}"},"query-input":{"@type":"PropertyValueSpecification","valueRequired":true,"valueName":"search_term_string"}}],"inLanguage":"pt-PT"},{"@type":"Organization","@id":"https:\/\/lojaopening.com.br\/shopp\/#organization","name":"Opening World Coml Import Export Ltda","url":"https:\/\/lojaopening.com.br\/shopp\/","logo":{"@type":"ImageObject","inLanguage":"pt-PT","@id":"https:\/\/lojaopening.com.br\/shopp\/#\/schema\/logo\/image\/","url":"https:\/\/lojaopening.com.br\/wp-content\/uploads\/2020\/09\/logo_header.png","contentUrl":"https:\/\/lojaopening.com.br\/wp-content\/uploads\/2020\/09\/logo_header.png","width":1279,"height":328,"caption":"Opening World Coml Import Export Ltda"},"image":{"@id":"https:\/\/lojaopening.com.br\/shopp\/#\/schema\/logo\/image\/"}}]}},"_links":{"self":[{"href":"https:\/\/lojaopening.com.br\/shopp\/wp-json\/wp\/v2\/product\/1529","targetHints":{"allow":["GET"]}}],"collection":[{"href":"https:\/\/lojaopening.com.br\/shopp\/wp-json\/wp\/v2\/product"}],"about":[{"href":"https:\/\/lojaopening.com.br\/shopp\/wp-json\/wp\/v2\/types\/product"}],"wp:featuredmedia":[{"embeddable":true,"href":"https:\/\/lojaopening.com.br\/shopp\/wp-json\/wp\/v2\/media\/1528"}],"wp:attachment":[{"href":"https:\/\/lojaopening.com.br\/shopp\/wp-json\/wp\/v2\/media?parent=1529"}],"wp:term":[{"taxonomy":"product_brand","embeddable":true,"href":"https:\/\/lojaopening.com.br\/shopp\/wp-json\/wp\/v2\/product_brand?post=1529"},{"taxonomy":"product_cat","embeddable":true,"href":"https:\/\/lojaopening.com.br\/shopp\/wp-json\/wp\/v2\/product_cat?post=1529"},{"taxonomy":"product_tag","embeddable":true,"href":"https:\/\/lojaopening.com.br\/shopp\/wp-json\/wp\/v2\/product_tag?post=1529"}],"curies":[{"name":"wp","href":"https:\/\/api.w.org\/{rel}","templated":true}]}}