{"id":1580,"date":"2023-05-23T18:49:17","date_gmt":"2023-05-23T18:49:17","guid":{"rendered":"https:\/\/lojaopening.com.br\/shopp\/produto\/filtro-disco-de-membrana-nylon-66-25mm-0-22%c2%b5-12ml-min-cm%c2%b2-52psi-80c\/"},"modified":"2023-05-27T20:06:43","modified_gmt":"2023-05-27T20:06:43","slug":"filtro-disco-de-membrana-nylon-66-25mm-0-22%c2%b5-12ml-min-cm%c2%b2-52psi-80c","status":"publish","type":"product","link":"https:\/\/lojaopening.com.br\/shopp\/produto\/filtro-disco-de-membrana-nylon-66-25mm-0-22%c2%b5-12ml-min-cm%c2%b2-52psi-80c\/","title":{"rendered":"Filtro Disco de Membrana Nylon-66 25mm 0.22\u00b5 12ml\/min\/cm\u00b2 52Psi 80\u00b0C"},"content":{"rendered":"<h1>Filtro Disco de Membrana Nylon-66 25mm 0.22\u00b5 12ml\/min\/cm\u00b2 52Psi 80\u00b0C<\/h1>\n<p>Os Filtros de Membrana Nylon-66 s\u00e3o discos de membrana fina e uniforme feitos de uma estrutura pl\u00e1stica. Esses filtros possuem excelente compatibilidade qu\u00edmica com \u00e9steres, cetonas, \u00e1lcoois e bases. A membrana de dupla camada padr\u00e3o \u00e9 especialmente eficiente na reten\u00e7\u00e3o de part\u00edculas. A alta pureza do material utilizado garante resultados repet\u00edveis e consistentes. Al\u00e9m disso, a membrana \u00e9 naturalmente hidrof\u00edlica, sem a necessidade de adi\u00e7\u00e3o de plastificantes.<\/p>\n<p><strong>Recursos:<\/strong><\/p>\n<ul>\n<li>Ampla gama de compatibilidade com produtos qu\u00edmicos.<\/li>\n<li>Extra\u00edvel muito baixo.<\/li>\n<li>Alta estabilidade t\u00e9rmica.<\/li>\n<\/ul>\n<p><strong>Aplica\u00e7\u00e3o:<\/strong><\/p>\n<ul>\n<li>Filtra\u00e7\u00f5es de drogas parenterais.<\/li>\n<li>Aplica\u00e7\u00f5es microbiol\u00f3gicas.<\/li>\n<li>HPLC (cromatografia l\u00edquida de alta efici\u00eancia), estudo de Ci\u00eancias da Vida.<\/li>\n<\/ul>\n<h2>Informa\u00e7\u00f5es adicionais:<\/h2>\n<ul>\n<li><b>Di\u00e2metro:<\/b>25<\/li>\n<li><b>Tamanho do Poro (\u00b5m):<\/b>0.22<\/li>\n<li><b>Fluxo de \u00c1gua (ml\/min\/cm\u00b2):<\/b>12<\/li>\n<li><b>Ponto de Bolha (Psi):<\/b>52<\/li>\n<li><b>Temperatura de Opera\u00e7\u00e3o M\u00e1xima (\u00b0C):<\/b>80<\/li>\n<\/ul>\n","protected":false},"excerpt":{"rendered":"<p>Filtro Disco de Membrana Nylon-66 25mm 0.22\u00b5 12ml\/min\/cm\u00b2 52Psi 80\u00b0C Os Filtros de Membrana Nylon-66 s\u00e3o discos de membrana fina&hellip;<\/p>\n","protected":false},"featured_media":1579,"template":"","meta":[],"product_brand":[],"product_cat":[45,716],"product_tag":[],"class_list":{"0":"post-1580","1":"product","2":"type-product","3":"status-publish","4":"has-post-thumbnail","6":"product_cat-laboratorio-industrial-cientifico","7":"product_cat-mmp","9":"first","10":"onbackorder","11":"shipping-taxable","12":"product-type-simple"},"yoast_head":"<!-- This site is optimized with the Yoast SEO plugin v27.2 - https:\/\/yoast.com\/product\/yoast-seo-wordpress\/ -->\n<title>Filtro Disco de Membrana Nylon-66 25mm 0.22\u00b5 12ml\/min\/cm\u00b2 52Psi 80\u00b0C<\/title>\n<meta name=\"description\" content=\"Filtro Disco de Membrana Nylon-66 25mm 0.22\u00b5 12ml\/min\/cm\u00b2 52Psi 80\u00b0C para filtra\u00e7\u00f5es, aplica\u00e7\u00e3o microbiologica e estudo de Ci\u00eancias da Vida\" \/>\n<meta name=\"robots\" content=\"index, follow, max-snippet:-1, max-image-preview:large, max-video-preview:-1\" \/>\n<link rel=\"canonical\" href=\"https:\/\/lojaopening.com.br\/shopp\/produto\/filtro-disco-de-membrana-nylon-66-25mm-0-22\u00b5-12ml-min-cm\u00b2-52psi-80c\/\" \/>\n<meta property=\"og:locale\" content=\"pt_PT\" \/>\n<meta property=\"og:type\" content=\"article\" \/>\n<meta property=\"og:title\" content=\"Filtro Disco de Membrana Nylon-66 25mm 0.22\u00b5 12ml\/min\/cm\u00b2 52Psi 80\u00b0C\" \/>\n<meta property=\"og:description\" content=\"Filtro Disco de Membrana Nylon-66 25mm 0.22\u00b5 12ml\/min\/cm\u00b2 52Psi 80\u00b0C para filtra\u00e7\u00f5es, aplica\u00e7\u00e3o microbiologica e estudo de Ci\u00eancias da Vida\" \/>\n<meta property=\"og:url\" content=\"https:\/\/lojaopening.com.br\/shopp\/produto\/filtro-disco-de-membrana-nylon-66-25mm-0-22\u00b5-12ml-min-cm\u00b2-52psi-80c\/\" \/>\n<meta property=\"og:site_name\" content=\"Loja Opening\" \/>\n<meta property=\"article:modified_time\" content=\"2023-05-27T20:06:43+00:00\" \/>\n<meta property=\"og:image\" content=\"https:\/\/lojaopening.com.br\/wp-content\/uploads\/2023\/05\/filtros-de-membrana-nylon-66-65.png\" \/>\n\t<meta property=\"og:image:width\" content=\"508\" \/>\n\t<meta property=\"og:image:height\" content=\"478\" \/>\n\t<meta property=\"og:image:type\" content=\"image\/png\" \/>\n<meta name=\"twitter:card\" content=\"summary_large_image\" \/>\n<meta name=\"twitter:label1\" content=\"Tempo estimado de leitura\" \/>\n\t<meta name=\"twitter:data1\" content=\"1 minuto\" \/>\n<script type=\"application\/ld+json\" class=\"yoast-schema-graph\">{\"@context\":\"https:\/\/schema.org\",\"@graph\":[{\"@type\":\"WebPage\",\"@id\":\"https:\/\/lojaopening.com.br\/shopp\/produto\/filtro-disco-de-membrana-nylon-66-25mm-0-22%c2%b5-12ml-min-cm%c2%b2-52psi-80c\/\",\"url\":\"https:\/\/lojaopening.com.br\/shopp\/produto\/filtro-disco-de-membrana-nylon-66-25mm-0-22%c2%b5-12ml-min-cm%c2%b2-52psi-80c\/\",\"name\":\"Filtro Disco de Membrana Nylon-66 25mm 0.22\u00b5 12ml\/min\/cm\u00b2 52Psi 80\u00b0C\",\"isPartOf\":{\"@id\":\"https:\/\/lojaopening.com.br\/shopp\/#website\"},\"primaryImageOfPage\":{\"@id\":\"https:\/\/lojaopening.com.br\/shopp\/produto\/filtro-disco-de-membrana-nylon-66-25mm-0-22%c2%b5-12ml-min-cm%c2%b2-52psi-80c\/#primaryimage\"},\"image\":{\"@id\":\"https:\/\/lojaopening.com.br\/shopp\/produto\/filtro-disco-de-membrana-nylon-66-25mm-0-22%c2%b5-12ml-min-cm%c2%b2-52psi-80c\/#primaryimage\"},\"thumbnailUrl\":\"https:\/\/lojaopening.com.br\/wp-content\/uploads\/2023\/05\/filtros-de-membrana-nylon-66-65.png\",\"datePublished\":\"2023-05-23T18:49:17+00:00\",\"dateModified\":\"2023-05-27T20:06:43+00:00\",\"description\":\"Filtro Disco de Membrana Nylon-66 25mm 0.22\u00b5 12ml\/min\/cm\u00b2 52Psi 80\u00b0C para filtra\u00e7\u00f5es, aplica\u00e7\u00e3o microbiologica e estudo de Ci\u00eancias da Vida\",\"breadcrumb\":{\"@id\":\"https:\/\/lojaopening.com.br\/shopp\/produto\/filtro-disco-de-membrana-nylon-66-25mm-0-22%c2%b5-12ml-min-cm%c2%b2-52psi-80c\/#breadcrumb\"},\"inLanguage\":\"pt-PT\",\"potentialAction\":[{\"@type\":\"ReadAction\",\"target\":[\"https:\/\/lojaopening.com.br\/shopp\/produto\/filtro-disco-de-membrana-nylon-66-25mm-0-22%c2%b5-12ml-min-cm%c2%b2-52psi-80c\/\"]}]},{\"@type\":\"ImageObject\",\"inLanguage\":\"pt-PT\",\"@id\":\"https:\/\/lojaopening.com.br\/shopp\/produto\/filtro-disco-de-membrana-nylon-66-25mm-0-22%c2%b5-12ml-min-cm%c2%b2-52psi-80c\/#primaryimage\",\"url\":\"https:\/\/lojaopening.com.br\/wp-content\/uploads\/2023\/05\/filtros-de-membrana-nylon-66-65.png\",\"contentUrl\":\"https:\/\/lojaopening.com.br\/wp-content\/uploads\/2023\/05\/filtros-de-membrana-nylon-66-65.png\",\"width\":508,\"height\":478},{\"@type\":\"BreadcrumbList\",\"@id\":\"https:\/\/lojaopening.com.br\/shopp\/produto\/filtro-disco-de-membrana-nylon-66-25mm-0-22%c2%b5-12ml-min-cm%c2%b2-52psi-80c\/#breadcrumb\",\"itemListElement\":[{\"@type\":\"ListItem\",\"position\":1,\"name\":\"In\u00edcio\",\"item\":\"https:\/\/lojaopening.com.br\/shopp\/\"},{\"@type\":\"ListItem\",\"position\":2,\"name\":\"Shop\",\"item\":\"https:\/\/lojaopening.com.br\/shopp\/shopp\/\"},{\"@type\":\"ListItem\",\"position\":3,\"name\":\"Filtro Disco de Membrana Nylon-66 25mm 0.22\u00b5 12ml\/min\/cm\u00b2 52Psi 80\u00b0C\"}]},{\"@type\":\"WebSite\",\"@id\":\"https:\/\/lojaopening.com.br\/shopp\/#website\",\"url\":\"https:\/\/lojaopening.com.br\/shopp\/\",\"name\":\"Loja Opening\",\"description\":\"\",\"publisher\":{\"@id\":\"https:\/\/lojaopening.com.br\/shopp\/#organization\"},\"potentialAction\":[{\"@type\":\"SearchAction\",\"target\":{\"@type\":\"EntryPoint\",\"urlTemplate\":\"https:\/\/lojaopening.com.br\/shopp\/?s={search_term_string}\"},\"query-input\":{\"@type\":\"PropertyValueSpecification\",\"valueRequired\":true,\"valueName\":\"search_term_string\"}}],\"inLanguage\":\"pt-PT\"},{\"@type\":\"Organization\",\"@id\":\"https:\/\/lojaopening.com.br\/shopp\/#organization\",\"name\":\"Opening World Coml Import Export Ltda\",\"url\":\"https:\/\/lojaopening.com.br\/shopp\/\",\"logo\":{\"@type\":\"ImageObject\",\"inLanguage\":\"pt-PT\",\"@id\":\"https:\/\/lojaopening.com.br\/shopp\/#\/schema\/logo\/image\/\",\"url\":\"https:\/\/lojaopening.com.br\/wp-content\/uploads\/2020\/09\/logo_header.png\",\"contentUrl\":\"https:\/\/lojaopening.com.br\/wp-content\/uploads\/2020\/09\/logo_header.png\",\"width\":1279,\"height\":328,\"caption\":\"Opening World Coml Import Export Ltda\"},\"image\":{\"@id\":\"https:\/\/lojaopening.com.br\/shopp\/#\/schema\/logo\/image\/\"}}]}<\/script>\n<!-- \/ Yoast SEO plugin. -->","yoast_head_json":{"title":"Filtro Disco de Membrana Nylon-66 25mm 0.22\u00b5 12ml\/min\/cm\u00b2 52Psi 80\u00b0C","description":"Filtro Disco de Membrana Nylon-66 25mm 0.22\u00b5 12ml\/min\/cm\u00b2 52Psi 80\u00b0C para filtra\u00e7\u00f5es, aplica\u00e7\u00e3o microbiologica e estudo de Ci\u00eancias da Vida","robots":{"index":"index","follow":"follow","max-snippet":"max-snippet:-1","max-image-preview":"max-image-preview:large","max-video-preview":"max-video-preview:-1"},"canonical":"https:\/\/lojaopening.com.br\/shopp\/produto\/filtro-disco-de-membrana-nylon-66-25mm-0-22\u00b5-12ml-min-cm\u00b2-52psi-80c\/","og_locale":"pt_PT","og_type":"article","og_title":"Filtro Disco de Membrana Nylon-66 25mm 0.22\u00b5 12ml\/min\/cm\u00b2 52Psi 80\u00b0C","og_description":"Filtro Disco de Membrana Nylon-66 25mm 0.22\u00b5 12ml\/min\/cm\u00b2 52Psi 80\u00b0C para filtra\u00e7\u00f5es, aplica\u00e7\u00e3o microbiologica e estudo de Ci\u00eancias da Vida","og_url":"https:\/\/lojaopening.com.br\/shopp\/produto\/filtro-disco-de-membrana-nylon-66-25mm-0-22\u00b5-12ml-min-cm\u00b2-52psi-80c\/","og_site_name":"Loja Opening","article_modified_time":"2023-05-27T20:06:43+00:00","og_image":[{"width":508,"height":478,"url":"https:\/\/lojaopening.com.br\/wp-content\/uploads\/2023\/05\/filtros-de-membrana-nylon-66-65.png","type":"image\/png"}],"twitter_card":"summary_large_image","twitter_misc":{"Tempo estimado de leitura":"1 minuto"},"schema":{"@context":"https:\/\/schema.org","@graph":[{"@type":"WebPage","@id":"https:\/\/lojaopening.com.br\/shopp\/produto\/filtro-disco-de-membrana-nylon-66-25mm-0-22%c2%b5-12ml-min-cm%c2%b2-52psi-80c\/","url":"https:\/\/lojaopening.com.br\/shopp\/produto\/filtro-disco-de-membrana-nylon-66-25mm-0-22%c2%b5-12ml-min-cm%c2%b2-52psi-80c\/","name":"Filtro Disco de Membrana Nylon-66 25mm 0.22\u00b5 12ml\/min\/cm\u00b2 52Psi 80\u00b0C","isPartOf":{"@id":"https:\/\/lojaopening.com.br\/shopp\/#website"},"primaryImageOfPage":{"@id":"https:\/\/lojaopening.com.br\/shopp\/produto\/filtro-disco-de-membrana-nylon-66-25mm-0-22%c2%b5-12ml-min-cm%c2%b2-52psi-80c\/#primaryimage"},"image":{"@id":"https:\/\/lojaopening.com.br\/shopp\/produto\/filtro-disco-de-membrana-nylon-66-25mm-0-22%c2%b5-12ml-min-cm%c2%b2-52psi-80c\/#primaryimage"},"thumbnailUrl":"https:\/\/lojaopening.com.br\/wp-content\/uploads\/2023\/05\/filtros-de-membrana-nylon-66-65.png","datePublished":"2023-05-23T18:49:17+00:00","dateModified":"2023-05-27T20:06:43+00:00","description":"Filtro Disco de Membrana Nylon-66 25mm 0.22\u00b5 12ml\/min\/cm\u00b2 52Psi 80\u00b0C para filtra\u00e7\u00f5es, aplica\u00e7\u00e3o microbiologica e estudo de Ci\u00eancias da Vida","breadcrumb":{"@id":"https:\/\/lojaopening.com.br\/shopp\/produto\/filtro-disco-de-membrana-nylon-66-25mm-0-22%c2%b5-12ml-min-cm%c2%b2-52psi-80c\/#breadcrumb"},"inLanguage":"pt-PT","potentialAction":[{"@type":"ReadAction","target":["https:\/\/lojaopening.com.br\/shopp\/produto\/filtro-disco-de-membrana-nylon-66-25mm-0-22%c2%b5-12ml-min-cm%c2%b2-52psi-80c\/"]}]},{"@type":"ImageObject","inLanguage":"pt-PT","@id":"https:\/\/lojaopening.com.br\/shopp\/produto\/filtro-disco-de-membrana-nylon-66-25mm-0-22%c2%b5-12ml-min-cm%c2%b2-52psi-80c\/#primaryimage","url":"https:\/\/lojaopening.com.br\/wp-content\/uploads\/2023\/05\/filtros-de-membrana-nylon-66-65.png","contentUrl":"https:\/\/lojaopening.com.br\/wp-content\/uploads\/2023\/05\/filtros-de-membrana-nylon-66-65.png","width":508,"height":478},{"@type":"BreadcrumbList","@id":"https:\/\/lojaopening.com.br\/shopp\/produto\/filtro-disco-de-membrana-nylon-66-25mm-0-22%c2%b5-12ml-min-cm%c2%b2-52psi-80c\/#breadcrumb","itemListElement":[{"@type":"ListItem","position":1,"name":"In\u00edcio","item":"https:\/\/lojaopening.com.br\/shopp\/"},{"@type":"ListItem","position":2,"name":"Shop","item":"https:\/\/lojaopening.com.br\/shopp\/shopp\/"},{"@type":"ListItem","position":3,"name":"Filtro Disco de Membrana Nylon-66 25mm 0.22\u00b5 12ml\/min\/cm\u00b2 52Psi 80\u00b0C"}]},{"@type":"WebSite","@id":"https:\/\/lojaopening.com.br\/shopp\/#website","url":"https:\/\/lojaopening.com.br\/shopp\/","name":"Loja Opening","description":"","publisher":{"@id":"https:\/\/lojaopening.com.br\/shopp\/#organization"},"potentialAction":[{"@type":"SearchAction","target":{"@type":"EntryPoint","urlTemplate":"https:\/\/lojaopening.com.br\/shopp\/?s={search_term_string}"},"query-input":{"@type":"PropertyValueSpecification","valueRequired":true,"valueName":"search_term_string"}}],"inLanguage":"pt-PT"},{"@type":"Organization","@id":"https:\/\/lojaopening.com.br\/shopp\/#organization","name":"Opening World Coml Import Export Ltda","url":"https:\/\/lojaopening.com.br\/shopp\/","logo":{"@type":"ImageObject","inLanguage":"pt-PT","@id":"https:\/\/lojaopening.com.br\/shopp\/#\/schema\/logo\/image\/","url":"https:\/\/lojaopening.com.br\/wp-content\/uploads\/2020\/09\/logo_header.png","contentUrl":"https:\/\/lojaopening.com.br\/wp-content\/uploads\/2020\/09\/logo_header.png","width":1279,"height":328,"caption":"Opening World Coml Import Export Ltda"},"image":{"@id":"https:\/\/lojaopening.com.br\/shopp\/#\/schema\/logo\/image\/"}}]}},"_links":{"self":[{"href":"https:\/\/lojaopening.com.br\/shopp\/wp-json\/wp\/v2\/product\/1580","targetHints":{"allow":["GET"]}}],"collection":[{"href":"https:\/\/lojaopening.com.br\/shopp\/wp-json\/wp\/v2\/product"}],"about":[{"href":"https:\/\/lojaopening.com.br\/shopp\/wp-json\/wp\/v2\/types\/product"}],"wp:featuredmedia":[{"embeddable":true,"href":"https:\/\/lojaopening.com.br\/shopp\/wp-json\/wp\/v2\/media\/1579"}],"wp:attachment":[{"href":"https:\/\/lojaopening.com.br\/shopp\/wp-json\/wp\/v2\/media?parent=1580"}],"wp:term":[{"taxonomy":"product_brand","embeddable":true,"href":"https:\/\/lojaopening.com.br\/shopp\/wp-json\/wp\/v2\/product_brand?post=1580"},{"taxonomy":"product_cat","embeddable":true,"href":"https:\/\/lojaopening.com.br\/shopp\/wp-json\/wp\/v2\/product_cat?post=1580"},{"taxonomy":"product_tag","embeddable":true,"href":"https:\/\/lojaopening.com.br\/shopp\/wp-json\/wp\/v2\/product_tag?post=1580"}],"curies":[{"name":"wp","href":"https:\/\/api.w.org\/{rel}","templated":true}]}}