{"id":1604,"date":"2023-05-23T19:06:22","date_gmt":"2023-05-23T19:06:22","guid":{"rendered":"https:\/\/lojaopening.com.br\/shopp\/produto\/rolo-fitas-de-filtro-saida-de-ar-40mm-30m-gf-t-2\/"},"modified":"2023-05-27T20:06:37","modified_gmt":"2023-05-27T20:06:37","slug":"rolo-fitas-de-filtro-saida-de-ar-40mm-30m-gf-t-2","status":"publish","type":"product","link":"https:\/\/lojaopening.com.br\/shopp\/produto\/rolo-fitas-de-filtro-saida-de-ar-40mm-30m-gf-t-2\/","title":{"rendered":"Rolo Fitas de Filtro Sa\u00edda de Ar 40mm\/30m GF T\/2"},"content":{"rendered":"<h1>Rolo Fitas de Filtro Sa\u00edda de Ar 40mm\/30m GF T\/2<\/h1>\n<p>O Rolo Fitas de Filtro Sa\u00edda de Ar \u00e9 fabricado com a fita de filtro de fibra de vidro Minipore Micro, um material biologicamente e quimicamente inerte. Feito a partir de fibra de micro vidro de borosilicato puro, possui uma matriz orientada aleatoriamente e ligada com aglutinante org\u00e2nico. Essa fita \u00e9 um meio de filtro de profundidade hidrof\u00f3bico, com alta capacidade de reten\u00e7\u00e3o de sujeira. \u00c9 projetada para fornecer reten\u00e7\u00e3o de part\u00edculas relevantes de at\u00e9 0,3 m\u00edcron. Seu mecanismo de reten\u00e7\u00e3o baseado na profundidade de filtragem ajuda a garantir a limpeza do ar e a ventila\u00e7\u00e3o eficaz.<\/p>\n<p><strong>Caracter\u00edsticas:<\/strong><\/p>\n<ul>\n<li>Resist\u00eancia \u00e0 tra\u00e7\u00e3o testada em tiras de filtro de 25x10mm.<\/li>\n<li>Teste de espessura realizado por cm\u00b2, sem aplica\u00e7\u00e3o de press\u00e3o externa.<\/li>\n<\/ul>\n<li><b>Tipo:<\/b>GF T\/2<\/li>\n<li><b>Largura (mm):<\/b>40<\/li>\n<li><b>Comprimento (m):<\/b>30<\/li>\n<li><b>Peso B\u00e1sico (g\/m\u00b2):<\/b>75<\/li>\n<li><b>Resist\u00eancia:<\/b>Muito Baixa<\/li>\n<li><b>pH:<\/b>Neutro<\/li>\n<li><b>Espessura (m\u00edcron):<\/b>500<\/li>\n<li><b>Cabe\u00e7a Hidrof\u00f3bica (mm):<\/b>&gt;900<\/li>\n<\/ul>\n<p>*Consulte-nos para outros tamanhos<\/p>\n","protected":false},"excerpt":{"rendered":"<p>Rolo Fitas de Filtro Sa\u00edda de Ar 40mm\/30m GF T\/2 O Rolo Fitas de Filtro Sa\u00edda de Ar \u00e9 fabricado&hellip;<\/p>\n","protected":false},"featured_media":1603,"template":"","meta":[],"product_brand":[],"product_cat":[45,716],"product_tag":[],"class_list":{"0":"post-1604","1":"product","2":"type-product","3":"status-publish","4":"has-post-thumbnail","6":"product_cat-laboratorio-industrial-cientifico","7":"product_cat-mmp","9":"first","10":"onbackorder","11":"shipping-taxable","12":"product-type-simple"},"yoast_head":"<!-- This site is optimized with the Yoast SEO plugin v27.2 - https:\/\/yoast.com\/product\/yoast-seo-wordpress\/ -->\n<title>Rolo Fitas de Filtro Sa\u00edda de Ar 40mm\/30m GF T\/2<\/title>\n<meta name=\"description\" content=\"Rolo Fitas de Filtro Sa\u00edda de Ar 40mm\/30m GF T\/2 ajuda a garantir a limpeza do ar e a ventila\u00e7\u00e3o eficaz.\" \/>\n<meta name=\"robots\" content=\"index, follow, max-snippet:-1, max-image-preview:large, max-video-preview:-1\" \/>\n<link rel=\"canonical\" href=\"https:\/\/lojaopening.com.br\/shopp\/produto\/rolo-fitas-de-filtro-saida-de-ar-40mm-30m-gf-t-2\/\" \/>\n<meta property=\"og:locale\" content=\"pt_PT\" \/>\n<meta property=\"og:type\" content=\"article\" \/>\n<meta property=\"og:title\" content=\"Rolo Fitas de Filtro Sa\u00edda de Ar 40mm\/30m GF T\/2\" \/>\n<meta property=\"og:description\" content=\"Rolo Fitas de Filtro Sa\u00edda de Ar 40mm\/30m GF T\/2 ajuda a garantir a limpeza do ar e a ventila\u00e7\u00e3o eficaz.\" \/>\n<meta property=\"og:url\" content=\"https:\/\/lojaopening.com.br\/shopp\/produto\/rolo-fitas-de-filtro-saida-de-ar-40mm-30m-gf-t-2\/\" \/>\n<meta property=\"og:site_name\" content=\"Loja Opening\" \/>\n<meta property=\"article:modified_time\" content=\"2023-05-27T20:06:37+00:00\" \/>\n<meta property=\"og:image\" content=\"https:\/\/lojaopening.com.br\/wp-content\/uploads\/2023\/05\/rolo-fitas-filtro-saida-de-ar-4.png\" \/>\n\t<meta property=\"og:image:width\" content=\"511\" \/>\n\t<meta property=\"og:image:height\" content=\"464\" \/>\n\t<meta property=\"og:image:type\" content=\"image\/png\" \/>\n<meta name=\"twitter:card\" content=\"summary_large_image\" \/>\n<meta name=\"twitter:label1\" content=\"Tempo estimado de leitura\" \/>\n\t<meta name=\"twitter:data1\" content=\"1 minuto\" \/>\n<script type=\"application\/ld+json\" class=\"yoast-schema-graph\">{\"@context\":\"https:\/\/schema.org\",\"@graph\":[{\"@type\":\"WebPage\",\"@id\":\"https:\/\/lojaopening.com.br\/shopp\/produto\/rolo-fitas-de-filtro-saida-de-ar-40mm-30m-gf-t-2\/\",\"url\":\"https:\/\/lojaopening.com.br\/shopp\/produto\/rolo-fitas-de-filtro-saida-de-ar-40mm-30m-gf-t-2\/\",\"name\":\"Rolo Fitas de Filtro Sa\u00edda de Ar 40mm\/30m GF T\/2\",\"isPartOf\":{\"@id\":\"https:\/\/lojaopening.com.br\/shopp\/#website\"},\"primaryImageOfPage\":{\"@id\":\"https:\/\/lojaopening.com.br\/shopp\/produto\/rolo-fitas-de-filtro-saida-de-ar-40mm-30m-gf-t-2\/#primaryimage\"},\"image\":{\"@id\":\"https:\/\/lojaopening.com.br\/shopp\/produto\/rolo-fitas-de-filtro-saida-de-ar-40mm-30m-gf-t-2\/#primaryimage\"},\"thumbnailUrl\":\"https:\/\/lojaopening.com.br\/wp-content\/uploads\/2023\/05\/rolo-fitas-filtro-saida-de-ar-4.png\",\"datePublished\":\"2023-05-23T19:06:22+00:00\",\"dateModified\":\"2023-05-27T20:06:37+00:00\",\"description\":\"Rolo Fitas de Filtro Sa\u00edda de Ar 40mm\/30m GF T\/2 ajuda a garantir a limpeza do ar e a ventila\u00e7\u00e3o eficaz.\",\"breadcrumb\":{\"@id\":\"https:\/\/lojaopening.com.br\/shopp\/produto\/rolo-fitas-de-filtro-saida-de-ar-40mm-30m-gf-t-2\/#breadcrumb\"},\"inLanguage\":\"pt-PT\",\"potentialAction\":[{\"@type\":\"ReadAction\",\"target\":[\"https:\/\/lojaopening.com.br\/shopp\/produto\/rolo-fitas-de-filtro-saida-de-ar-40mm-30m-gf-t-2\/\"]}]},{\"@type\":\"ImageObject\",\"inLanguage\":\"pt-PT\",\"@id\":\"https:\/\/lojaopening.com.br\/shopp\/produto\/rolo-fitas-de-filtro-saida-de-ar-40mm-30m-gf-t-2\/#primaryimage\",\"url\":\"https:\/\/lojaopening.com.br\/wp-content\/uploads\/2023\/05\/rolo-fitas-filtro-saida-de-ar-4.png\",\"contentUrl\":\"https:\/\/lojaopening.com.br\/wp-content\/uploads\/2023\/05\/rolo-fitas-filtro-saida-de-ar-4.png\",\"width\":511,\"height\":464},{\"@type\":\"BreadcrumbList\",\"@id\":\"https:\/\/lojaopening.com.br\/shopp\/produto\/rolo-fitas-de-filtro-saida-de-ar-40mm-30m-gf-t-2\/#breadcrumb\",\"itemListElement\":[{\"@type\":\"ListItem\",\"position\":1,\"name\":\"In\u00edcio\",\"item\":\"https:\/\/lojaopening.com.br\/shopp\/\"},{\"@type\":\"ListItem\",\"position\":2,\"name\":\"Shop\",\"item\":\"https:\/\/lojaopening.com.br\/shopp\/shopp\/\"},{\"@type\":\"ListItem\",\"position\":3,\"name\":\"Rolo Fitas de Filtro Sa\u00edda de Ar 40mm\/30m GF T\/2\"}]},{\"@type\":\"WebSite\",\"@id\":\"https:\/\/lojaopening.com.br\/shopp\/#website\",\"url\":\"https:\/\/lojaopening.com.br\/shopp\/\",\"name\":\"Loja Opening\",\"description\":\"\",\"publisher\":{\"@id\":\"https:\/\/lojaopening.com.br\/shopp\/#organization\"},\"potentialAction\":[{\"@type\":\"SearchAction\",\"target\":{\"@type\":\"EntryPoint\",\"urlTemplate\":\"https:\/\/lojaopening.com.br\/shopp\/?s={search_term_string}\"},\"query-input\":{\"@type\":\"PropertyValueSpecification\",\"valueRequired\":true,\"valueName\":\"search_term_string\"}}],\"inLanguage\":\"pt-PT\"},{\"@type\":\"Organization\",\"@id\":\"https:\/\/lojaopening.com.br\/shopp\/#organization\",\"name\":\"Opening World Coml Import Export Ltda\",\"url\":\"https:\/\/lojaopening.com.br\/shopp\/\",\"logo\":{\"@type\":\"ImageObject\",\"inLanguage\":\"pt-PT\",\"@id\":\"https:\/\/lojaopening.com.br\/shopp\/#\/schema\/logo\/image\/\",\"url\":\"https:\/\/lojaopening.com.br\/wp-content\/uploads\/2020\/09\/logo_header.png\",\"contentUrl\":\"https:\/\/lojaopening.com.br\/wp-content\/uploads\/2020\/09\/logo_header.png\",\"width\":1279,\"height\":328,\"caption\":\"Opening World Coml Import Export Ltda\"},\"image\":{\"@id\":\"https:\/\/lojaopening.com.br\/shopp\/#\/schema\/logo\/image\/\"}}]}<\/script>\n<!-- \/ Yoast SEO plugin. -->","yoast_head_json":{"title":"Rolo Fitas de Filtro Sa\u00edda de Ar 40mm\/30m GF T\/2","description":"Rolo Fitas de Filtro Sa\u00edda de Ar 40mm\/30m GF T\/2 ajuda a garantir a limpeza do ar e a ventila\u00e7\u00e3o eficaz.","robots":{"index":"index","follow":"follow","max-snippet":"max-snippet:-1","max-image-preview":"max-image-preview:large","max-video-preview":"max-video-preview:-1"},"canonical":"https:\/\/lojaopening.com.br\/shopp\/produto\/rolo-fitas-de-filtro-saida-de-ar-40mm-30m-gf-t-2\/","og_locale":"pt_PT","og_type":"article","og_title":"Rolo Fitas de Filtro Sa\u00edda de Ar 40mm\/30m GF T\/2","og_description":"Rolo Fitas de Filtro Sa\u00edda de Ar 40mm\/30m GF T\/2 ajuda a garantir a limpeza do ar e a ventila\u00e7\u00e3o eficaz.","og_url":"https:\/\/lojaopening.com.br\/shopp\/produto\/rolo-fitas-de-filtro-saida-de-ar-40mm-30m-gf-t-2\/","og_site_name":"Loja Opening","article_modified_time":"2023-05-27T20:06:37+00:00","og_image":[{"width":511,"height":464,"url":"https:\/\/lojaopening.com.br\/wp-content\/uploads\/2023\/05\/rolo-fitas-filtro-saida-de-ar-4.png","type":"image\/png"}],"twitter_card":"summary_large_image","twitter_misc":{"Tempo estimado de leitura":"1 minuto"},"schema":{"@context":"https:\/\/schema.org","@graph":[{"@type":"WebPage","@id":"https:\/\/lojaopening.com.br\/shopp\/produto\/rolo-fitas-de-filtro-saida-de-ar-40mm-30m-gf-t-2\/","url":"https:\/\/lojaopening.com.br\/shopp\/produto\/rolo-fitas-de-filtro-saida-de-ar-40mm-30m-gf-t-2\/","name":"Rolo Fitas de Filtro Sa\u00edda de Ar 40mm\/30m GF T\/2","isPartOf":{"@id":"https:\/\/lojaopening.com.br\/shopp\/#website"},"primaryImageOfPage":{"@id":"https:\/\/lojaopening.com.br\/shopp\/produto\/rolo-fitas-de-filtro-saida-de-ar-40mm-30m-gf-t-2\/#primaryimage"},"image":{"@id":"https:\/\/lojaopening.com.br\/shopp\/produto\/rolo-fitas-de-filtro-saida-de-ar-40mm-30m-gf-t-2\/#primaryimage"},"thumbnailUrl":"https:\/\/lojaopening.com.br\/wp-content\/uploads\/2023\/05\/rolo-fitas-filtro-saida-de-ar-4.png","datePublished":"2023-05-23T19:06:22+00:00","dateModified":"2023-05-27T20:06:37+00:00","description":"Rolo Fitas de Filtro Sa\u00edda de Ar 40mm\/30m GF T\/2 ajuda a garantir a limpeza do ar e a ventila\u00e7\u00e3o eficaz.","breadcrumb":{"@id":"https:\/\/lojaopening.com.br\/shopp\/produto\/rolo-fitas-de-filtro-saida-de-ar-40mm-30m-gf-t-2\/#breadcrumb"},"inLanguage":"pt-PT","potentialAction":[{"@type":"ReadAction","target":["https:\/\/lojaopening.com.br\/shopp\/produto\/rolo-fitas-de-filtro-saida-de-ar-40mm-30m-gf-t-2\/"]}]},{"@type":"ImageObject","inLanguage":"pt-PT","@id":"https:\/\/lojaopening.com.br\/shopp\/produto\/rolo-fitas-de-filtro-saida-de-ar-40mm-30m-gf-t-2\/#primaryimage","url":"https:\/\/lojaopening.com.br\/wp-content\/uploads\/2023\/05\/rolo-fitas-filtro-saida-de-ar-4.png","contentUrl":"https:\/\/lojaopening.com.br\/wp-content\/uploads\/2023\/05\/rolo-fitas-filtro-saida-de-ar-4.png","width":511,"height":464},{"@type":"BreadcrumbList","@id":"https:\/\/lojaopening.com.br\/shopp\/produto\/rolo-fitas-de-filtro-saida-de-ar-40mm-30m-gf-t-2\/#breadcrumb","itemListElement":[{"@type":"ListItem","position":1,"name":"In\u00edcio","item":"https:\/\/lojaopening.com.br\/shopp\/"},{"@type":"ListItem","position":2,"name":"Shop","item":"https:\/\/lojaopening.com.br\/shopp\/shopp\/"},{"@type":"ListItem","position":3,"name":"Rolo Fitas de Filtro Sa\u00edda de Ar 40mm\/30m GF T\/2"}]},{"@type":"WebSite","@id":"https:\/\/lojaopening.com.br\/shopp\/#website","url":"https:\/\/lojaopening.com.br\/shopp\/","name":"Loja Opening","description":"","publisher":{"@id":"https:\/\/lojaopening.com.br\/shopp\/#organization"},"potentialAction":[{"@type":"SearchAction","target":{"@type":"EntryPoint","urlTemplate":"https:\/\/lojaopening.com.br\/shopp\/?s={search_term_string}"},"query-input":{"@type":"PropertyValueSpecification","valueRequired":true,"valueName":"search_term_string"}}],"inLanguage":"pt-PT"},{"@type":"Organization","@id":"https:\/\/lojaopening.com.br\/shopp\/#organization","name":"Opening World Coml Import Export Ltda","url":"https:\/\/lojaopening.com.br\/shopp\/","logo":{"@type":"ImageObject","inLanguage":"pt-PT","@id":"https:\/\/lojaopening.com.br\/shopp\/#\/schema\/logo\/image\/","url":"https:\/\/lojaopening.com.br\/wp-content\/uploads\/2020\/09\/logo_header.png","contentUrl":"https:\/\/lojaopening.com.br\/wp-content\/uploads\/2020\/09\/logo_header.png","width":1279,"height":328,"caption":"Opening World Coml Import Export Ltda"},"image":{"@id":"https:\/\/lojaopening.com.br\/shopp\/#\/schema\/logo\/image\/"}}]}},"_links":{"self":[{"href":"https:\/\/lojaopening.com.br\/shopp\/wp-json\/wp\/v2\/product\/1604","targetHints":{"allow":["GET"]}}],"collection":[{"href":"https:\/\/lojaopening.com.br\/shopp\/wp-json\/wp\/v2\/product"}],"about":[{"href":"https:\/\/lojaopening.com.br\/shopp\/wp-json\/wp\/v2\/types\/product"}],"wp:featuredmedia":[{"embeddable":true,"href":"https:\/\/lojaopening.com.br\/shopp\/wp-json\/wp\/v2\/media\/1603"}],"wp:attachment":[{"href":"https:\/\/lojaopening.com.br\/shopp\/wp-json\/wp\/v2\/media?parent=1604"}],"wp:term":[{"taxonomy":"product_brand","embeddable":true,"href":"https:\/\/lojaopening.com.br\/shopp\/wp-json\/wp\/v2\/product_brand?post=1604"},{"taxonomy":"product_cat","embeddable":true,"href":"https:\/\/lojaopening.com.br\/shopp\/wp-json\/wp\/v2\/product_cat?post=1604"},{"taxonomy":"product_tag","embeddable":true,"href":"https:\/\/lojaopening.com.br\/shopp\/wp-json\/wp\/v2\/product_tag?post=1604"}],"curies":[{"name":"wp","href":"https:\/\/api.w.org\/{rel}","templated":true}]}}