{"id":1610,"date":"2023-05-23T23:08:28","date_gmt":"2023-05-23T23:08:28","guid":{"rendered":"https:\/\/lojaopening.com.br\/shopp\/?post_type=product&#038;p=1610"},"modified":"2023-05-27T20:06:36","modified_gmt":"2023-05-27T20:06:36","slug":"folhas-de-fibra-de-vidro-203mm-x-254mm-8x10-pol-borossilicato-de-alta-qualidade","status":"publish","type":"product","link":"https:\/\/lojaopening.com.br\/shopp\/produto\/folhas-de-fibra-de-vidro-203mm-x-254mm-8x10-pol-borossilicato-de-alta-qualidade\/","title":{"rendered":"Folhas de Fibra de Vidro GF\/1 203mm x 254mm (8&#8243;x10&#8243; pol) Borossilicato de Alta Qualidade"},"content":{"rendered":"<h1>Folhas de Fibra de Vidro GF\/1 203mm x 254mm (8&#8243;x10&#8243; pol) Borossilicato de Alta Qualidade<\/h1>\n<p>As Folhas de Fibra de Vidro Tipo GF\/1 s\u00e3o filtros de micro fibra de vidro fabricados com fibra de vidro 100% borossilicato de alta qualidade. Nenhum aglutinante \u00e9 usado em sua produ\u00e7\u00e3o, o que minimiza a libera\u00e7\u00e3o de impurezas e materiais estranhos em an\u00e1lises cr\u00edticas. Esses filtros Minipore tipo GF\/1 em formato de c\u00edrculos s\u00e3o ideais para o teste de s\u00f3lidos em suspens\u00e3o na gest\u00e3o de \u00e1guas residuais e an\u00e1lise gravim\u00e9trica de monitoramento da polui\u00e7\u00e3o do ar\/g\u00e1s.<\/p>\n<p><strong>Caracter\u00edsticas:<\/strong><\/p>\n<ul>\n<li>Resistente a produtos qu\u00edmicos.<\/li>\n<li>Ideal para filtra\u00e7\u00e3o de g\u00e1s\/solvente org\u00e2nico.<\/li>\n<li>Permite a determina\u00e7\u00e3o gravim\u00e9trica com massa de tara.<\/li>\n<li>Quimicamente inerte e livre de aglutinantes.<\/li>\n<li>Temperatura m\u00e1xima de opera\u00e7\u00e3o de 550\u00b0C.<\/li>\n<\/ul>\n<p><strong>Especifica\u00e7\u00f5es:<\/strong><\/p>\n<ul>\n<li>Reten\u00e7\u00e3o de aerossol 2 DOP: 99,99% a 32lpm \/ 100cm2.<\/li>\n<li>Resist\u00eancia \u00e0 tra\u00e7\u00e3o testada em tiras de filtro de 25&#215;150 mm.<\/li>\n<li>Queda de press\u00e3o a 32 LPM com \u00e1rea efetiva de 100 cm2.<\/li>\n<li>Minipore GF\/1 \u00e9 equivalente a GF\/A.<\/li>\n<\/ul>\n<p><strong>Aplica\u00e7\u00e3o:<\/strong><\/p>\n<ul>\n<li>Monitoramento de SPM (part\u00edculas em suspens\u00e3o).<\/li>\n<li>An\u00e1lise de biocarga.<\/li>\n<\/ul>\n<p><strong>Caracter\u00edsticas:<\/strong><\/p>\n<p>&nbsp;<\/p>\n<ul>\n<li><b>Grau:<\/b>GF\/1<\/li>\n<li><b>Peso B\u00e1sico (g\/m\u00b2):52<\/b><\/li>\n<li><b>Reten\u00e7\u00e3o de Part\u00edcula L\u00edquida (\u00b5m):<\/b>1.6<\/li>\n<li><b>Velocidade de Filtra\u00e7\u00e3o Herzberg (es):<\/b>62<\/li>\n<li><b>Espessura (\u00b5m):<\/b>260<\/li>\n<li><b>Queda de Press\u00e3o (CmH2O):<\/b>3.5<\/li>\n<li><b>Fluxo de ar (s\/100 mL\/in\u00b2):4.3<\/b><\/li>\n<li><b>For\u00e7a da Tra\u00e7\u00e3o (g):<\/b>410<\/li>\n<li><strong>Quantidade no Pacote (pcs):<\/strong> 100<\/li>\n<\/ul>\n<p>*Consulte-nos para outros tamanhos<\/p>\n","protected":false},"excerpt":{"rendered":"<p>Folhas de Fibra de Vidro GF\/1 203mm x 254mm (8&#8243;x10&#8243; pol) Borossilicato de Alta Qualidade As Folhas de Fibra de&hellip;<\/p>\n","protected":false},"featured_media":1609,"template":"","meta":[],"product_brand":[],"product_cat":[45,716],"product_tag":[],"class_list":{"0":"post-1610","1":"product","2":"type-product","3":"status-publish","4":"has-post-thumbnail","6":"product_cat-laboratorio-industrial-cientifico","7":"product_cat-mmp","9":"first","10":"onbackorder","11":"shipping-taxable","12":"product-type-simple"},"yoast_head":"<!-- This site is optimized with the Yoast SEO plugin v27.2 - https:\/\/yoast.com\/product\/yoast-seo-wordpress\/ -->\n<title>Folhas de Fibra de Vidro GF\/1 203mm x 254mm (8&quot;x10&quot; pol)<\/title>\n<meta name=\"description\" content=\"As Folhas de Fibra de Vidro Tipo GF\/1 s\u00e3o filtros de micro fibra de vidro fabricados com fibra de vidro 100% borossilicato de alta qualidade.\" \/>\n<meta name=\"robots\" content=\"index, follow, max-snippet:-1, max-image-preview:large, max-video-preview:-1\" \/>\n<link rel=\"canonical\" href=\"https:\/\/lojaopening.com.br\/shopp\/produto\/folhas-de-fibra-de-vidro-203mm-x-254mm-8x10-pol-borossilicato-de-alta-qualidade\/\" \/>\n<meta property=\"og:locale\" content=\"pt_PT\" \/>\n<meta property=\"og:type\" content=\"article\" \/>\n<meta property=\"og:title\" content=\"Folhas de Fibra de Vidro GF\/1 203mm x 254mm (8&quot;x10&quot; pol)\" \/>\n<meta property=\"og:description\" content=\"As Folhas de Fibra de Vidro Tipo GF\/1 s\u00e3o filtros de micro fibra de vidro fabricados com fibra de vidro 100% borossilicato de alta qualidade.\" \/>\n<meta property=\"og:url\" content=\"https:\/\/lojaopening.com.br\/shopp\/produto\/folhas-de-fibra-de-vidro-203mm-x-254mm-8x10-pol-borossilicato-de-alta-qualidade\/\" \/>\n<meta property=\"og:site_name\" content=\"Loja Opening\" \/>\n<meta property=\"article:modified_time\" content=\"2023-05-27T20:06:36+00:00\" \/>\n<meta property=\"og:image\" content=\"https:\/\/lojaopening.com.br\/wp-content\/uploads\/2023\/05\/discos-e-folhas-fibra-de-vidro.png\" \/>\n\t<meta property=\"og:image:width\" content=\"502\" \/>\n\t<meta property=\"og:image:height\" content=\"503\" \/>\n\t<meta property=\"og:image:type\" content=\"image\/png\" \/>\n<meta name=\"twitter:card\" content=\"summary_large_image\" \/>\n<meta name=\"twitter:label1\" content=\"Tempo estimado de leitura\" \/>\n\t<meta name=\"twitter:data1\" content=\"2 minutos\" \/>\n<script type=\"application\/ld+json\" class=\"yoast-schema-graph\">{\"@context\":\"https:\/\/schema.org\",\"@graph\":[{\"@type\":\"WebPage\",\"@id\":\"https:\/\/lojaopening.com.br\/shopp\/produto\/folhas-de-fibra-de-vidro-203mm-x-254mm-8x10-pol-borossilicato-de-alta-qualidade\/\",\"url\":\"https:\/\/lojaopening.com.br\/shopp\/produto\/folhas-de-fibra-de-vidro-203mm-x-254mm-8x10-pol-borossilicato-de-alta-qualidade\/\",\"name\":\"Folhas de Fibra de Vidro GF\/1 203mm x 254mm (8\\\"x10\\\" pol)\",\"isPartOf\":{\"@id\":\"https:\/\/lojaopening.com.br\/shopp\/#website\"},\"primaryImageOfPage\":{\"@id\":\"https:\/\/lojaopening.com.br\/shopp\/produto\/folhas-de-fibra-de-vidro-203mm-x-254mm-8x10-pol-borossilicato-de-alta-qualidade\/#primaryimage\"},\"image\":{\"@id\":\"https:\/\/lojaopening.com.br\/shopp\/produto\/folhas-de-fibra-de-vidro-203mm-x-254mm-8x10-pol-borossilicato-de-alta-qualidade\/#primaryimage\"},\"thumbnailUrl\":\"https:\/\/lojaopening.com.br\/wp-content\/uploads\/2023\/05\/discos-e-folhas-fibra-de-vidro.png\",\"datePublished\":\"2023-05-23T23:08:28+00:00\",\"dateModified\":\"2023-05-27T20:06:36+00:00\",\"description\":\"As Folhas de Fibra de Vidro Tipo GF\/1 s\u00e3o filtros de micro fibra de vidro fabricados com fibra de vidro 100% borossilicato de alta qualidade.\",\"breadcrumb\":{\"@id\":\"https:\/\/lojaopening.com.br\/shopp\/produto\/folhas-de-fibra-de-vidro-203mm-x-254mm-8x10-pol-borossilicato-de-alta-qualidade\/#breadcrumb\"},\"inLanguage\":\"pt-PT\",\"potentialAction\":[{\"@type\":\"ReadAction\",\"target\":[\"https:\/\/lojaopening.com.br\/shopp\/produto\/folhas-de-fibra-de-vidro-203mm-x-254mm-8x10-pol-borossilicato-de-alta-qualidade\/\"]}]},{\"@type\":\"ImageObject\",\"inLanguage\":\"pt-PT\",\"@id\":\"https:\/\/lojaopening.com.br\/shopp\/produto\/folhas-de-fibra-de-vidro-203mm-x-254mm-8x10-pol-borossilicato-de-alta-qualidade\/#primaryimage\",\"url\":\"https:\/\/lojaopening.com.br\/wp-content\/uploads\/2023\/05\/discos-e-folhas-fibra-de-vidro.png\",\"contentUrl\":\"https:\/\/lojaopening.com.br\/wp-content\/uploads\/2023\/05\/discos-e-folhas-fibra-de-vidro.png\",\"width\":502,\"height\":503},{\"@type\":\"BreadcrumbList\",\"@id\":\"https:\/\/lojaopening.com.br\/shopp\/produto\/folhas-de-fibra-de-vidro-203mm-x-254mm-8x10-pol-borossilicato-de-alta-qualidade\/#breadcrumb\",\"itemListElement\":[{\"@type\":\"ListItem\",\"position\":1,\"name\":\"In\u00edcio\",\"item\":\"https:\/\/lojaopening.com.br\/shopp\/\"},{\"@type\":\"ListItem\",\"position\":2,\"name\":\"Shop\",\"item\":\"https:\/\/lojaopening.com.br\/shopp\/shopp\/\"},{\"@type\":\"ListItem\",\"position\":3,\"name\":\"Folhas de Fibra de Vidro GF\/1 203mm x 254mm (8&#8243;x10&#8243; pol) Borossilicato de Alta Qualidade\"}]},{\"@type\":\"WebSite\",\"@id\":\"https:\/\/lojaopening.com.br\/shopp\/#website\",\"url\":\"https:\/\/lojaopening.com.br\/shopp\/\",\"name\":\"Loja Opening\",\"description\":\"\",\"publisher\":{\"@id\":\"https:\/\/lojaopening.com.br\/shopp\/#organization\"},\"potentialAction\":[{\"@type\":\"SearchAction\",\"target\":{\"@type\":\"EntryPoint\",\"urlTemplate\":\"https:\/\/lojaopening.com.br\/shopp\/?s={search_term_string}\"},\"query-input\":{\"@type\":\"PropertyValueSpecification\",\"valueRequired\":true,\"valueName\":\"search_term_string\"}}],\"inLanguage\":\"pt-PT\"},{\"@type\":\"Organization\",\"@id\":\"https:\/\/lojaopening.com.br\/shopp\/#organization\",\"name\":\"Opening World Coml Import Export Ltda\",\"url\":\"https:\/\/lojaopening.com.br\/shopp\/\",\"logo\":{\"@type\":\"ImageObject\",\"inLanguage\":\"pt-PT\",\"@id\":\"https:\/\/lojaopening.com.br\/shopp\/#\/schema\/logo\/image\/\",\"url\":\"https:\/\/lojaopening.com.br\/wp-content\/uploads\/2020\/09\/logo_header.png\",\"contentUrl\":\"https:\/\/lojaopening.com.br\/wp-content\/uploads\/2020\/09\/logo_header.png\",\"width\":1279,\"height\":328,\"caption\":\"Opening World Coml Import Export Ltda\"},\"image\":{\"@id\":\"https:\/\/lojaopening.com.br\/shopp\/#\/schema\/logo\/image\/\"}}]}<\/script>\n<!-- \/ Yoast SEO plugin. -->","yoast_head_json":{"title":"Folhas de Fibra de Vidro GF\/1 203mm x 254mm (8\"x10\" pol)","description":"As Folhas de Fibra de Vidro Tipo GF\/1 s\u00e3o filtros de micro fibra de vidro fabricados com fibra de vidro 100% borossilicato de alta qualidade.","robots":{"index":"index","follow":"follow","max-snippet":"max-snippet:-1","max-image-preview":"max-image-preview:large","max-video-preview":"max-video-preview:-1"},"canonical":"https:\/\/lojaopening.com.br\/shopp\/produto\/folhas-de-fibra-de-vidro-203mm-x-254mm-8x10-pol-borossilicato-de-alta-qualidade\/","og_locale":"pt_PT","og_type":"article","og_title":"Folhas de Fibra de Vidro GF\/1 203mm x 254mm (8\"x10\" pol)","og_description":"As Folhas de Fibra de Vidro Tipo GF\/1 s\u00e3o filtros de micro fibra de vidro fabricados com fibra de vidro 100% borossilicato de alta qualidade.","og_url":"https:\/\/lojaopening.com.br\/shopp\/produto\/folhas-de-fibra-de-vidro-203mm-x-254mm-8x10-pol-borossilicato-de-alta-qualidade\/","og_site_name":"Loja Opening","article_modified_time":"2023-05-27T20:06:36+00:00","og_image":[{"width":502,"height":503,"url":"https:\/\/lojaopening.com.br\/wp-content\/uploads\/2023\/05\/discos-e-folhas-fibra-de-vidro.png","type":"image\/png"}],"twitter_card":"summary_large_image","twitter_misc":{"Tempo estimado de leitura":"2 minutos"},"schema":{"@context":"https:\/\/schema.org","@graph":[{"@type":"WebPage","@id":"https:\/\/lojaopening.com.br\/shopp\/produto\/folhas-de-fibra-de-vidro-203mm-x-254mm-8x10-pol-borossilicato-de-alta-qualidade\/","url":"https:\/\/lojaopening.com.br\/shopp\/produto\/folhas-de-fibra-de-vidro-203mm-x-254mm-8x10-pol-borossilicato-de-alta-qualidade\/","name":"Folhas de Fibra de Vidro GF\/1 203mm x 254mm (8\"x10\" pol)","isPartOf":{"@id":"https:\/\/lojaopening.com.br\/shopp\/#website"},"primaryImageOfPage":{"@id":"https:\/\/lojaopening.com.br\/shopp\/produto\/folhas-de-fibra-de-vidro-203mm-x-254mm-8x10-pol-borossilicato-de-alta-qualidade\/#primaryimage"},"image":{"@id":"https:\/\/lojaopening.com.br\/shopp\/produto\/folhas-de-fibra-de-vidro-203mm-x-254mm-8x10-pol-borossilicato-de-alta-qualidade\/#primaryimage"},"thumbnailUrl":"https:\/\/lojaopening.com.br\/wp-content\/uploads\/2023\/05\/discos-e-folhas-fibra-de-vidro.png","datePublished":"2023-05-23T23:08:28+00:00","dateModified":"2023-05-27T20:06:36+00:00","description":"As Folhas de Fibra de Vidro Tipo GF\/1 s\u00e3o filtros de micro fibra de vidro fabricados com fibra de vidro 100% borossilicato de alta qualidade.","breadcrumb":{"@id":"https:\/\/lojaopening.com.br\/shopp\/produto\/folhas-de-fibra-de-vidro-203mm-x-254mm-8x10-pol-borossilicato-de-alta-qualidade\/#breadcrumb"},"inLanguage":"pt-PT","potentialAction":[{"@type":"ReadAction","target":["https:\/\/lojaopening.com.br\/shopp\/produto\/folhas-de-fibra-de-vidro-203mm-x-254mm-8x10-pol-borossilicato-de-alta-qualidade\/"]}]},{"@type":"ImageObject","inLanguage":"pt-PT","@id":"https:\/\/lojaopening.com.br\/shopp\/produto\/folhas-de-fibra-de-vidro-203mm-x-254mm-8x10-pol-borossilicato-de-alta-qualidade\/#primaryimage","url":"https:\/\/lojaopening.com.br\/wp-content\/uploads\/2023\/05\/discos-e-folhas-fibra-de-vidro.png","contentUrl":"https:\/\/lojaopening.com.br\/wp-content\/uploads\/2023\/05\/discos-e-folhas-fibra-de-vidro.png","width":502,"height":503},{"@type":"BreadcrumbList","@id":"https:\/\/lojaopening.com.br\/shopp\/produto\/folhas-de-fibra-de-vidro-203mm-x-254mm-8x10-pol-borossilicato-de-alta-qualidade\/#breadcrumb","itemListElement":[{"@type":"ListItem","position":1,"name":"In\u00edcio","item":"https:\/\/lojaopening.com.br\/shopp\/"},{"@type":"ListItem","position":2,"name":"Shop","item":"https:\/\/lojaopening.com.br\/shopp\/shopp\/"},{"@type":"ListItem","position":3,"name":"Folhas de Fibra de Vidro GF\/1 203mm x 254mm (8&#8243;x10&#8243; pol) Borossilicato de Alta Qualidade"}]},{"@type":"WebSite","@id":"https:\/\/lojaopening.com.br\/shopp\/#website","url":"https:\/\/lojaopening.com.br\/shopp\/","name":"Loja Opening","description":"","publisher":{"@id":"https:\/\/lojaopening.com.br\/shopp\/#organization"},"potentialAction":[{"@type":"SearchAction","target":{"@type":"EntryPoint","urlTemplate":"https:\/\/lojaopening.com.br\/shopp\/?s={search_term_string}"},"query-input":{"@type":"PropertyValueSpecification","valueRequired":true,"valueName":"search_term_string"}}],"inLanguage":"pt-PT"},{"@type":"Organization","@id":"https:\/\/lojaopening.com.br\/shopp\/#organization","name":"Opening World Coml Import Export Ltda","url":"https:\/\/lojaopening.com.br\/shopp\/","logo":{"@type":"ImageObject","inLanguage":"pt-PT","@id":"https:\/\/lojaopening.com.br\/shopp\/#\/schema\/logo\/image\/","url":"https:\/\/lojaopening.com.br\/wp-content\/uploads\/2020\/09\/logo_header.png","contentUrl":"https:\/\/lojaopening.com.br\/wp-content\/uploads\/2020\/09\/logo_header.png","width":1279,"height":328,"caption":"Opening World Coml Import Export Ltda"},"image":{"@id":"https:\/\/lojaopening.com.br\/shopp\/#\/schema\/logo\/image\/"}}]}},"_links":{"self":[{"href":"https:\/\/lojaopening.com.br\/shopp\/wp-json\/wp\/v2\/product\/1610","targetHints":{"allow":["GET"]}}],"collection":[{"href":"https:\/\/lojaopening.com.br\/shopp\/wp-json\/wp\/v2\/product"}],"about":[{"href":"https:\/\/lojaopening.com.br\/shopp\/wp-json\/wp\/v2\/types\/product"}],"wp:featuredmedia":[{"embeddable":true,"href":"https:\/\/lojaopening.com.br\/shopp\/wp-json\/wp\/v2\/media\/1609"}],"wp:attachment":[{"href":"https:\/\/lojaopening.com.br\/shopp\/wp-json\/wp\/v2\/media?parent=1610"}],"wp:term":[{"taxonomy":"product_brand","embeddable":true,"href":"https:\/\/lojaopening.com.br\/shopp\/wp-json\/wp\/v2\/product_brand?post=1610"},{"taxonomy":"product_cat","embeddable":true,"href":"https:\/\/lojaopening.com.br\/shopp\/wp-json\/wp\/v2\/product_cat?post=1610"},{"taxonomy":"product_tag","embeddable":true,"href":"https:\/\/lojaopening.com.br\/shopp\/wp-json\/wp\/v2\/product_tag?post=1610"}],"curies":[{"name":"wp","href":"https:\/\/api.w.org\/{rel}","templated":true}]}}