{"id":1623,"date":"2023-05-23T23:39:42","date_gmt":"2023-05-23T23:39:42","guid":{"rendered":"https:\/\/lojaopening.com.br\/shopp\/produto\/discos-tipo-gf-2-fibra-de-vidro-70mm\/"},"modified":"2023-05-27T20:06:33","modified_gmt":"2023-05-27T20:06:33","slug":"discos-tipo-gf-2-fibra-de-vidro-70mm","status":"publish","type":"product","link":"https:\/\/lojaopening.com.br\/shopp\/produto\/discos-tipo-gf-2-fibra-de-vidro-70mm\/","title":{"rendered":"Discos Tipo GF\/2 Fibra de Vidro 70mm"},"content":{"rendered":"<h1>Discos Tipo GF\/2 Fibra de Vidro 70mm<\/h1>\n<p>Os Discos de Fibra de Vidro Tipo GF\/2 s\u00e3o fabricados pela Minipore a partir de fibra de vidro 100% borossilicato. Esses discos s\u00e3o amplamente utilizados como filtros padr\u00e3o para a determina\u00e7\u00e3o de s\u00f3lidos suspensos em \u00e1gua. Al\u00e9m disso, s\u00e3o frequentemente empregados em bioqu\u00edmica para colheita de c\u00e9lulas e ensaios de liga\u00e7\u00e3o.<\/p>\n<p><strong>Caracter\u00edsticas:<\/strong><\/p>\n<ul>\n<li>Livre de aglutinantes.<\/li>\n<li>Alto fluxo de filtra\u00e7\u00e3o.<\/li>\n<\/ul>\n<p><strong>Especifica\u00e7\u00f5es:<\/strong><\/p>\n<ul>\n<li>Resist\u00eancia \u00e0 tra\u00e7\u00e3o testada em tiras de filtro de 25&#215;150 mm.<\/li>\n<li>Teste de espessura realizado sem press\u00e3o externa.<\/li>\n<li>Reten\u00e7\u00e3o de aerossol 2 DOP: 99,99% a 32 LPM \/ 100 cm2.<\/li>\n<li>Minipore GF\/2 \u00e9 equivalente a GF\/C.<\/li>\n<\/ul>\n<p><strong>Aplica\u00e7\u00e3o:<\/strong><\/p>\n<ul>\n<li>Teste de s\u00f3lidos suspensos em \u00e1guas residuais.<\/li>\n<li>Colheita de c\u00e9lulas.<\/li>\n<li>Ensaio de aglutina\u00e7\u00e3o.<\/li>\n<\/ul>\n<li><b>Grau:<\/b>GF\/2<\/li>\n<li><b>Tamanho (mm):<\/b>70<\/li>\n<li><b>Peso B\u00e1sico (g\/m\u00b2):<\/b>53<\/li>\n<li><b>Reten\u00e7\u00e3o de Part\u00edcula L\u00edquida (\u00b5m)<\/b>1.2<\/li>\n<li><b>Fluxo de \u00c1gua (Ml\/min\/cm\u00b2 at 10 psi):<\/b>3.5<\/li>\n<li><b>Temperatura de Opera\u00e7\u00e3o M\u00e1xima (\u00b0C):<\/b>550<\/li>\n<li><b>For\u00e7a de Tra\u00e7\u00e3o (g):<\/b>500<\/li>\n<li><b>Espessura (\u00b5m):<\/b>260<\/li>\n<li><b>Quantidade no Pacote (pcs):<\/b>100<\/li>\n<\/ul>\n<p>*Consulte-nos para outros tamanhos<\/p>\n","protected":false},"excerpt":{"rendered":"<p>Discos Tipo GF\/2 Fibra de Vidro 70mm Os Discos de Fibra de Vidro Tipo GF\/2 s\u00e3o fabricados pela Minipore a&hellip;<\/p>\n","protected":false},"featured_media":1622,"template":"","meta":[],"product_brand":[],"product_cat":[45,716],"product_tag":[],"class_list":{"0":"post-1623","1":"product","2":"type-product","3":"status-publish","4":"has-post-thumbnail","6":"product_cat-laboratorio-industrial-cientifico","7":"product_cat-mmp","9":"first","10":"onbackorder","11":"shipping-taxable","12":"product-type-simple"},"yoast_head":"<!-- This site is optimized with the Yoast SEO plugin v27.2 - https:\/\/yoast.com\/product\/yoast-seo-wordpress\/ -->\n<title>Discos Tipo GF\/2 Fibra de Vidro 70mm<\/title>\n<meta name=\"description\" content=\"Discos Tipo GF\/2 Fibra de Vidro 70mm, fabricados com fibra de vidro 100% borossilicato.\" \/>\n<meta name=\"robots\" content=\"index, follow, max-snippet:-1, max-image-preview:large, max-video-preview:-1\" \/>\n<link rel=\"canonical\" href=\"https:\/\/lojaopening.com.br\/shopp\/produto\/discos-tipo-gf-2-fibra-de-vidro-70mm\/\" \/>\n<meta property=\"og:locale\" content=\"pt_PT\" \/>\n<meta property=\"og:type\" content=\"article\" \/>\n<meta property=\"og:title\" content=\"Discos Tipo GF\/2 Fibra de Vidro 70mm\" \/>\n<meta property=\"og:description\" content=\"Discos Tipo GF\/2 Fibra de Vidro 70mm, fabricados com fibra de vidro 100% borossilicato.\" \/>\n<meta property=\"og:url\" content=\"https:\/\/lojaopening.com.br\/shopp\/produto\/discos-tipo-gf-2-fibra-de-vidro-70mm\/\" \/>\n<meta property=\"og:site_name\" content=\"Loja Opening\" \/>\n<meta property=\"article:modified_time\" content=\"2023-05-27T20:06:33+00:00\" \/>\n<meta property=\"og:image\" content=\"https:\/\/lojaopening.com.br\/wp-content\/uploads\/2023\/05\/discos-e-folhas-fibra-de-vidro-gf2-3.png\" \/>\n\t<meta property=\"og:image:width\" content=\"506\" \/>\n\t<meta property=\"og:image:height\" content=\"500\" \/>\n\t<meta property=\"og:image:type\" content=\"image\/png\" \/>\n<meta name=\"twitter:card\" content=\"summary_large_image\" \/>\n<meta name=\"twitter:label1\" content=\"Tempo estimado de leitura\" \/>\n\t<meta name=\"twitter:data1\" content=\"1 minuto\" \/>\n<script type=\"application\/ld+json\" class=\"yoast-schema-graph\">{\"@context\":\"https:\/\/schema.org\",\"@graph\":[{\"@type\":\"WebPage\",\"@id\":\"https:\/\/lojaopening.com.br\/shopp\/produto\/discos-tipo-gf-2-fibra-de-vidro-70mm\/\",\"url\":\"https:\/\/lojaopening.com.br\/shopp\/produto\/discos-tipo-gf-2-fibra-de-vidro-70mm\/\",\"name\":\"Discos Tipo GF\/2 Fibra de Vidro 70mm\",\"isPartOf\":{\"@id\":\"https:\/\/lojaopening.com.br\/shopp\/#website\"},\"primaryImageOfPage\":{\"@id\":\"https:\/\/lojaopening.com.br\/shopp\/produto\/discos-tipo-gf-2-fibra-de-vidro-70mm\/#primaryimage\"},\"image\":{\"@id\":\"https:\/\/lojaopening.com.br\/shopp\/produto\/discos-tipo-gf-2-fibra-de-vidro-70mm\/#primaryimage\"},\"thumbnailUrl\":\"https:\/\/lojaopening.com.br\/wp-content\/uploads\/2023\/05\/discos-e-folhas-fibra-de-vidro-gf2-3.png\",\"datePublished\":\"2023-05-23T23:39:42+00:00\",\"dateModified\":\"2023-05-27T20:06:33+00:00\",\"description\":\"Discos Tipo GF\/2 Fibra de Vidro 70mm, fabricados com fibra de vidro 100% borossilicato.\",\"breadcrumb\":{\"@id\":\"https:\/\/lojaopening.com.br\/shopp\/produto\/discos-tipo-gf-2-fibra-de-vidro-70mm\/#breadcrumb\"},\"inLanguage\":\"pt-PT\",\"potentialAction\":[{\"@type\":\"ReadAction\",\"target\":[\"https:\/\/lojaopening.com.br\/shopp\/produto\/discos-tipo-gf-2-fibra-de-vidro-70mm\/\"]}]},{\"@type\":\"ImageObject\",\"inLanguage\":\"pt-PT\",\"@id\":\"https:\/\/lojaopening.com.br\/shopp\/produto\/discos-tipo-gf-2-fibra-de-vidro-70mm\/#primaryimage\",\"url\":\"https:\/\/lojaopening.com.br\/wp-content\/uploads\/2023\/05\/discos-e-folhas-fibra-de-vidro-gf2-3.png\",\"contentUrl\":\"https:\/\/lojaopening.com.br\/wp-content\/uploads\/2023\/05\/discos-e-folhas-fibra-de-vidro-gf2-3.png\",\"width\":506,\"height\":500},{\"@type\":\"BreadcrumbList\",\"@id\":\"https:\/\/lojaopening.com.br\/shopp\/produto\/discos-tipo-gf-2-fibra-de-vidro-70mm\/#breadcrumb\",\"itemListElement\":[{\"@type\":\"ListItem\",\"position\":1,\"name\":\"In\u00edcio\",\"item\":\"https:\/\/lojaopening.com.br\/shopp\/\"},{\"@type\":\"ListItem\",\"position\":2,\"name\":\"Shop\",\"item\":\"https:\/\/lojaopening.com.br\/shopp\/shopp\/\"},{\"@type\":\"ListItem\",\"position\":3,\"name\":\"Discos Tipo GF\/2 Fibra de Vidro 70mm\"}]},{\"@type\":\"WebSite\",\"@id\":\"https:\/\/lojaopening.com.br\/shopp\/#website\",\"url\":\"https:\/\/lojaopening.com.br\/shopp\/\",\"name\":\"Loja Opening\",\"description\":\"\",\"publisher\":{\"@id\":\"https:\/\/lojaopening.com.br\/shopp\/#organization\"},\"potentialAction\":[{\"@type\":\"SearchAction\",\"target\":{\"@type\":\"EntryPoint\",\"urlTemplate\":\"https:\/\/lojaopening.com.br\/shopp\/?s={search_term_string}\"},\"query-input\":{\"@type\":\"PropertyValueSpecification\",\"valueRequired\":true,\"valueName\":\"search_term_string\"}}],\"inLanguage\":\"pt-PT\"},{\"@type\":\"Organization\",\"@id\":\"https:\/\/lojaopening.com.br\/shopp\/#organization\",\"name\":\"Opening World Coml Import Export Ltda\",\"url\":\"https:\/\/lojaopening.com.br\/shopp\/\",\"logo\":{\"@type\":\"ImageObject\",\"inLanguage\":\"pt-PT\",\"@id\":\"https:\/\/lojaopening.com.br\/shopp\/#\/schema\/logo\/image\/\",\"url\":\"https:\/\/lojaopening.com.br\/wp-content\/uploads\/2020\/09\/logo_header.png\",\"contentUrl\":\"https:\/\/lojaopening.com.br\/wp-content\/uploads\/2020\/09\/logo_header.png\",\"width\":1279,\"height\":328,\"caption\":\"Opening World Coml Import Export Ltda\"},\"image\":{\"@id\":\"https:\/\/lojaopening.com.br\/shopp\/#\/schema\/logo\/image\/\"}}]}<\/script>\n<!-- \/ Yoast SEO plugin. -->","yoast_head_json":{"title":"Discos Tipo GF\/2 Fibra de Vidro 70mm","description":"Discos Tipo GF\/2 Fibra de Vidro 70mm, fabricados com fibra de vidro 100% borossilicato.","robots":{"index":"index","follow":"follow","max-snippet":"max-snippet:-1","max-image-preview":"max-image-preview:large","max-video-preview":"max-video-preview:-1"},"canonical":"https:\/\/lojaopening.com.br\/shopp\/produto\/discos-tipo-gf-2-fibra-de-vidro-70mm\/","og_locale":"pt_PT","og_type":"article","og_title":"Discos Tipo GF\/2 Fibra de Vidro 70mm","og_description":"Discos Tipo GF\/2 Fibra de Vidro 70mm, fabricados com fibra de vidro 100% borossilicato.","og_url":"https:\/\/lojaopening.com.br\/shopp\/produto\/discos-tipo-gf-2-fibra-de-vidro-70mm\/","og_site_name":"Loja Opening","article_modified_time":"2023-05-27T20:06:33+00:00","og_image":[{"width":506,"height":500,"url":"https:\/\/lojaopening.com.br\/wp-content\/uploads\/2023\/05\/discos-e-folhas-fibra-de-vidro-gf2-3.png","type":"image\/png"}],"twitter_card":"summary_large_image","twitter_misc":{"Tempo estimado de leitura":"1 minuto"},"schema":{"@context":"https:\/\/schema.org","@graph":[{"@type":"WebPage","@id":"https:\/\/lojaopening.com.br\/shopp\/produto\/discos-tipo-gf-2-fibra-de-vidro-70mm\/","url":"https:\/\/lojaopening.com.br\/shopp\/produto\/discos-tipo-gf-2-fibra-de-vidro-70mm\/","name":"Discos Tipo GF\/2 Fibra de Vidro 70mm","isPartOf":{"@id":"https:\/\/lojaopening.com.br\/shopp\/#website"},"primaryImageOfPage":{"@id":"https:\/\/lojaopening.com.br\/shopp\/produto\/discos-tipo-gf-2-fibra-de-vidro-70mm\/#primaryimage"},"image":{"@id":"https:\/\/lojaopening.com.br\/shopp\/produto\/discos-tipo-gf-2-fibra-de-vidro-70mm\/#primaryimage"},"thumbnailUrl":"https:\/\/lojaopening.com.br\/wp-content\/uploads\/2023\/05\/discos-e-folhas-fibra-de-vidro-gf2-3.png","datePublished":"2023-05-23T23:39:42+00:00","dateModified":"2023-05-27T20:06:33+00:00","description":"Discos Tipo GF\/2 Fibra de Vidro 70mm, fabricados com fibra de vidro 100% borossilicato.","breadcrumb":{"@id":"https:\/\/lojaopening.com.br\/shopp\/produto\/discos-tipo-gf-2-fibra-de-vidro-70mm\/#breadcrumb"},"inLanguage":"pt-PT","potentialAction":[{"@type":"ReadAction","target":["https:\/\/lojaopening.com.br\/shopp\/produto\/discos-tipo-gf-2-fibra-de-vidro-70mm\/"]}]},{"@type":"ImageObject","inLanguage":"pt-PT","@id":"https:\/\/lojaopening.com.br\/shopp\/produto\/discos-tipo-gf-2-fibra-de-vidro-70mm\/#primaryimage","url":"https:\/\/lojaopening.com.br\/wp-content\/uploads\/2023\/05\/discos-e-folhas-fibra-de-vidro-gf2-3.png","contentUrl":"https:\/\/lojaopening.com.br\/wp-content\/uploads\/2023\/05\/discos-e-folhas-fibra-de-vidro-gf2-3.png","width":506,"height":500},{"@type":"BreadcrumbList","@id":"https:\/\/lojaopening.com.br\/shopp\/produto\/discos-tipo-gf-2-fibra-de-vidro-70mm\/#breadcrumb","itemListElement":[{"@type":"ListItem","position":1,"name":"In\u00edcio","item":"https:\/\/lojaopening.com.br\/shopp\/"},{"@type":"ListItem","position":2,"name":"Shop","item":"https:\/\/lojaopening.com.br\/shopp\/shopp\/"},{"@type":"ListItem","position":3,"name":"Discos Tipo GF\/2 Fibra de Vidro 70mm"}]},{"@type":"WebSite","@id":"https:\/\/lojaopening.com.br\/shopp\/#website","url":"https:\/\/lojaopening.com.br\/shopp\/","name":"Loja Opening","description":"","publisher":{"@id":"https:\/\/lojaopening.com.br\/shopp\/#organization"},"potentialAction":[{"@type":"SearchAction","target":{"@type":"EntryPoint","urlTemplate":"https:\/\/lojaopening.com.br\/shopp\/?s={search_term_string}"},"query-input":{"@type":"PropertyValueSpecification","valueRequired":true,"valueName":"search_term_string"}}],"inLanguage":"pt-PT"},{"@type":"Organization","@id":"https:\/\/lojaopening.com.br\/shopp\/#organization","name":"Opening World Coml Import Export Ltda","url":"https:\/\/lojaopening.com.br\/shopp\/","logo":{"@type":"ImageObject","inLanguage":"pt-PT","@id":"https:\/\/lojaopening.com.br\/shopp\/#\/schema\/logo\/image\/","url":"https:\/\/lojaopening.com.br\/wp-content\/uploads\/2020\/09\/logo_header.png","contentUrl":"https:\/\/lojaopening.com.br\/wp-content\/uploads\/2020\/09\/logo_header.png","width":1279,"height":328,"caption":"Opening World Coml Import Export Ltda"},"image":{"@id":"https:\/\/lojaopening.com.br\/shopp\/#\/schema\/logo\/image\/"}}]}},"_links":{"self":[{"href":"https:\/\/lojaopening.com.br\/shopp\/wp-json\/wp\/v2\/product\/1623","targetHints":{"allow":["GET"]}}],"collection":[{"href":"https:\/\/lojaopening.com.br\/shopp\/wp-json\/wp\/v2\/product"}],"about":[{"href":"https:\/\/lojaopening.com.br\/shopp\/wp-json\/wp\/v2\/types\/product"}],"wp:featuredmedia":[{"embeddable":true,"href":"https:\/\/lojaopening.com.br\/shopp\/wp-json\/wp\/v2\/media\/1622"}],"wp:attachment":[{"href":"https:\/\/lojaopening.com.br\/shopp\/wp-json\/wp\/v2\/media?parent=1623"}],"wp:term":[{"taxonomy":"product_brand","embeddable":true,"href":"https:\/\/lojaopening.com.br\/shopp\/wp-json\/wp\/v2\/product_brand?post=1623"},{"taxonomy":"product_cat","embeddable":true,"href":"https:\/\/lojaopening.com.br\/shopp\/wp-json\/wp\/v2\/product_cat?post=1623"},{"taxonomy":"product_tag","embeddable":true,"href":"https:\/\/lojaopening.com.br\/shopp\/wp-json\/wp\/v2\/product_tag?post=1623"}],"curies":[{"name":"wp","href":"https:\/\/api.w.org\/{rel}","templated":true}]}}