{"id":1631,"date":"2023-05-23T23:52:31","date_gmt":"2023-05-23T23:52:31","guid":{"rendered":"https:\/\/lojaopening.com.br\/shopp\/?post_type=product&#038;p=1631"},"modified":"2023-05-27T20:06:30","modified_gmt":"2023-05-27T20:06:30","slug":"dedais-de-microfibra-de-vidro-19mmx90mm-com-25","status":"publish","type":"product","link":"https:\/\/lojaopening.com.br\/shopp\/produto\/dedais-de-microfibra-de-vidro-19mmx90mm-com-25\/","title":{"rendered":"Dedais de Microfibra de Vidro 19mmx90mm com 25"},"content":{"rendered":"<h1>Dedais de Microfibra de Vidro 19mmx90mm com 25<\/h1>\n<p>Os Dedais de Microfibra de Vidro s\u00e3o amplamente utilizados no monitoramento de emiss\u00f5es de pilhas. Eles s\u00e3o altamente convenientes e ideais para a coleta de poeira, devido ao seu formato que minimiza a perda de impurezas durante o manuseio. Os dedais s\u00e3o fabricados com fibra de vidro 100% borossilicato, proporcionando uma estrutura livre de ligantes e evitando a lixivia\u00e7\u00e3o de subst\u00e2ncias durante an\u00e1lises cr\u00edticas. Sua alta capacidade de reten\u00e7\u00e3o de poeira permite obter um alto rendimento na coleta. Ao contr\u00e1rio dos dedais de celulose, os dedais de microfibra de vidro podem ser utilizados em temperaturas mais elevadas (500\u00b0C).<\/p>\n<p><strong>Recursos:<\/strong><\/p>\n<ul>\n<li>Estrutura livre de aglutinantes.<\/li>\n<li>Alta capacidade de reten\u00e7\u00e3o de poeira.<\/li>\n<li>Alta efici\u00eancia de reten\u00e7\u00e3o.<\/li>\n<\/ul>\n<p><strong>Especifica\u00e7\u00e3o:<\/strong><\/p>\n<ul>\n<li>Queda de press\u00e3o (mm H2O) @ Fluxo 5,0 Lpm por dedal.<\/li>\n<li>Peso (g\/unidade) para dedais de tamanho 19&#215;90 mm.<\/li>\n<\/ul>\n<p><strong>Aplica\u00e7\u00e3o:<\/strong><\/p>\n<ul>\n<li><b>Grau:<\/b>GFT<\/li>\n<li><strong>Tamanho (Di\u00e2metro Interno X Comprimento Externo) (mm)<\/strong>: 19&#215;90<\/li>\n<li><b>Peso (g\/pc):<\/b>1.6<\/li>\n<li><b>Classifica\u00e7\u00e3o nominal (\u00b5m):<\/b>1.0<\/li>\n<li><b>Queda de press\u00e3o (mm): <\/b>25<\/li>\n<li><b>% Efici\u00eancia Reten\u00e7\u00e3o<\/b>: &gt;99.9<\/li>\n<li><b><b>Temperatura de Opera\u00e7\u00e3o (<\/b><\/b><strong>\u00b0C<\/strong><b>)<\/b>: 500<\/li>\n<li><b>Espessura:<\/b>1500<\/li>\n<\/ul>\n<p>*Consulte-nos para outros tamanhos<\/p>\n","protected":false},"excerpt":{"rendered":"<p>Dedais de Microfibra de Vidro 19mmx90mm com 25 Os Dedais de Microfibra de Vidro s\u00e3o amplamente utilizados no monitoramento de&hellip;<\/p>\n","protected":false},"featured_media":1632,"template":"","meta":[],"product_brand":[],"product_cat":[45,716],"product_tag":[],"class_list":{"0":"post-1631","1":"product","2":"type-product","3":"status-publish","4":"has-post-thumbnail","6":"product_cat-laboratorio-industrial-cientifico","7":"product_cat-mmp","9":"first","10":"onbackorder","11":"shipping-taxable","12":"product-type-simple"},"yoast_head":"<!-- This site is optimized with the Yoast SEO plugin v27.2 - https:\/\/yoast.com\/product\/yoast-seo-wordpress\/ -->\n<title>Dedais de Microfibra de Vidro 19mmx90mm com 25<\/title>\n<meta name=\"description\" content=\"Dedais de Microfibra de Vidro 19mmx90mm s\u00e3o convenientes e ideais para a coleta de poeira, com formato que minimiza perda de impurezas durante o manuseio.\" \/>\n<meta name=\"robots\" content=\"index, follow, max-snippet:-1, max-image-preview:large, max-video-preview:-1\" \/>\n<link rel=\"canonical\" href=\"https:\/\/lojaopening.com.br\/shopp\/produto\/dedais-de-microfibra-de-vidro-19mmx90mm-com-25\/\" \/>\n<meta property=\"og:locale\" content=\"pt_PT\" \/>\n<meta property=\"og:type\" content=\"article\" \/>\n<meta property=\"og:title\" content=\"Dedais de Microfibra de Vidro 19mmx90mm com 25\" \/>\n<meta property=\"og:description\" content=\"Dedais de Microfibra de Vidro 19mmx90mm s\u00e3o convenientes e ideais para a coleta de poeira, com formato que minimiza perda de impurezas durante o manuseio.\" \/>\n<meta property=\"og:url\" content=\"https:\/\/lojaopening.com.br\/shopp\/produto\/dedais-de-microfibra-de-vidro-19mmx90mm-com-25\/\" \/>\n<meta property=\"og:site_name\" content=\"Loja Opening\" \/>\n<meta property=\"article:modified_time\" content=\"2023-05-27T20:06:30+00:00\" \/>\n<meta property=\"og:image\" content=\"https:\/\/lojaopening.com.br\/wp-content\/uploads\/2023\/05\/dedais-de-microfibra-de-vidro.png\" \/>\n\t<meta property=\"og:image:width\" content=\"503\" \/>\n\t<meta property=\"og:image:height\" content=\"501\" \/>\n\t<meta property=\"og:image:type\" content=\"image\/png\" \/>\n<meta name=\"twitter:card\" content=\"summary_large_image\" \/>\n<meta name=\"twitter:label1\" content=\"Tempo estimado de leitura\" \/>\n\t<meta name=\"twitter:data1\" content=\"1 minuto\" \/>\n<script type=\"application\/ld+json\" class=\"yoast-schema-graph\">{\"@context\":\"https:\/\/schema.org\",\"@graph\":[{\"@type\":\"WebPage\",\"@id\":\"https:\/\/lojaopening.com.br\/shopp\/produto\/dedais-de-microfibra-de-vidro-19mmx90mm-com-25\/\",\"url\":\"https:\/\/lojaopening.com.br\/shopp\/produto\/dedais-de-microfibra-de-vidro-19mmx90mm-com-25\/\",\"name\":\"Dedais de Microfibra de Vidro 19mmx90mm com 25\",\"isPartOf\":{\"@id\":\"https:\/\/lojaopening.com.br\/shopp\/#website\"},\"primaryImageOfPage\":{\"@id\":\"https:\/\/lojaopening.com.br\/shopp\/produto\/dedais-de-microfibra-de-vidro-19mmx90mm-com-25\/#primaryimage\"},\"image\":{\"@id\":\"https:\/\/lojaopening.com.br\/shopp\/produto\/dedais-de-microfibra-de-vidro-19mmx90mm-com-25\/#primaryimage\"},\"thumbnailUrl\":\"https:\/\/lojaopening.com.br\/wp-content\/uploads\/2023\/05\/dedais-de-microfibra-de-vidro.png\",\"datePublished\":\"2023-05-23T23:52:31+00:00\",\"dateModified\":\"2023-05-27T20:06:30+00:00\",\"description\":\"Dedais de Microfibra de Vidro 19mmx90mm s\u00e3o convenientes e ideais para a coleta de poeira, com formato que minimiza perda de impurezas durante o manuseio.\",\"breadcrumb\":{\"@id\":\"https:\/\/lojaopening.com.br\/shopp\/produto\/dedais-de-microfibra-de-vidro-19mmx90mm-com-25\/#breadcrumb\"},\"inLanguage\":\"pt-PT\",\"potentialAction\":[{\"@type\":\"ReadAction\",\"target\":[\"https:\/\/lojaopening.com.br\/shopp\/produto\/dedais-de-microfibra-de-vidro-19mmx90mm-com-25\/\"]}]},{\"@type\":\"ImageObject\",\"inLanguage\":\"pt-PT\",\"@id\":\"https:\/\/lojaopening.com.br\/shopp\/produto\/dedais-de-microfibra-de-vidro-19mmx90mm-com-25\/#primaryimage\",\"url\":\"https:\/\/lojaopening.com.br\/wp-content\/uploads\/2023\/05\/dedais-de-microfibra-de-vidro.png\",\"contentUrl\":\"https:\/\/lojaopening.com.br\/wp-content\/uploads\/2023\/05\/dedais-de-microfibra-de-vidro.png\",\"width\":503,\"height\":501},{\"@type\":\"BreadcrumbList\",\"@id\":\"https:\/\/lojaopening.com.br\/shopp\/produto\/dedais-de-microfibra-de-vidro-19mmx90mm-com-25\/#breadcrumb\",\"itemListElement\":[{\"@type\":\"ListItem\",\"position\":1,\"name\":\"In\u00edcio\",\"item\":\"https:\/\/lojaopening.com.br\/shopp\/\"},{\"@type\":\"ListItem\",\"position\":2,\"name\":\"Shop\",\"item\":\"https:\/\/lojaopening.com.br\/shopp\/shopp\/\"},{\"@type\":\"ListItem\",\"position\":3,\"name\":\"Dedais de Microfibra de Vidro 19mmx90mm com 25\"}]},{\"@type\":\"WebSite\",\"@id\":\"https:\/\/lojaopening.com.br\/shopp\/#website\",\"url\":\"https:\/\/lojaopening.com.br\/shopp\/\",\"name\":\"Loja Opening\",\"description\":\"\",\"publisher\":{\"@id\":\"https:\/\/lojaopening.com.br\/shopp\/#organization\"},\"potentialAction\":[{\"@type\":\"SearchAction\",\"target\":{\"@type\":\"EntryPoint\",\"urlTemplate\":\"https:\/\/lojaopening.com.br\/shopp\/?s={search_term_string}\"},\"query-input\":{\"@type\":\"PropertyValueSpecification\",\"valueRequired\":true,\"valueName\":\"search_term_string\"}}],\"inLanguage\":\"pt-PT\"},{\"@type\":\"Organization\",\"@id\":\"https:\/\/lojaopening.com.br\/shopp\/#organization\",\"name\":\"Opening World Coml Import Export Ltda\",\"url\":\"https:\/\/lojaopening.com.br\/shopp\/\",\"logo\":{\"@type\":\"ImageObject\",\"inLanguage\":\"pt-PT\",\"@id\":\"https:\/\/lojaopening.com.br\/shopp\/#\/schema\/logo\/image\/\",\"url\":\"https:\/\/lojaopening.com.br\/wp-content\/uploads\/2020\/09\/logo_header.png\",\"contentUrl\":\"https:\/\/lojaopening.com.br\/wp-content\/uploads\/2020\/09\/logo_header.png\",\"width\":1279,\"height\":328,\"caption\":\"Opening World Coml Import Export Ltda\"},\"image\":{\"@id\":\"https:\/\/lojaopening.com.br\/shopp\/#\/schema\/logo\/image\/\"}}]}<\/script>\n<!-- \/ Yoast SEO plugin. -->","yoast_head_json":{"title":"Dedais de Microfibra de Vidro 19mmx90mm com 25","description":"Dedais de Microfibra de Vidro 19mmx90mm s\u00e3o convenientes e ideais para a coleta de poeira, com formato que minimiza perda de impurezas durante o manuseio.","robots":{"index":"index","follow":"follow","max-snippet":"max-snippet:-1","max-image-preview":"max-image-preview:large","max-video-preview":"max-video-preview:-1"},"canonical":"https:\/\/lojaopening.com.br\/shopp\/produto\/dedais-de-microfibra-de-vidro-19mmx90mm-com-25\/","og_locale":"pt_PT","og_type":"article","og_title":"Dedais de Microfibra de Vidro 19mmx90mm com 25","og_description":"Dedais de Microfibra de Vidro 19mmx90mm s\u00e3o convenientes e ideais para a coleta de poeira, com formato que minimiza perda de impurezas durante o manuseio.","og_url":"https:\/\/lojaopening.com.br\/shopp\/produto\/dedais-de-microfibra-de-vidro-19mmx90mm-com-25\/","og_site_name":"Loja Opening","article_modified_time":"2023-05-27T20:06:30+00:00","og_image":[{"width":503,"height":501,"url":"https:\/\/lojaopening.com.br\/wp-content\/uploads\/2023\/05\/dedais-de-microfibra-de-vidro.png","type":"image\/png"}],"twitter_card":"summary_large_image","twitter_misc":{"Tempo estimado de leitura":"1 minuto"},"schema":{"@context":"https:\/\/schema.org","@graph":[{"@type":"WebPage","@id":"https:\/\/lojaopening.com.br\/shopp\/produto\/dedais-de-microfibra-de-vidro-19mmx90mm-com-25\/","url":"https:\/\/lojaopening.com.br\/shopp\/produto\/dedais-de-microfibra-de-vidro-19mmx90mm-com-25\/","name":"Dedais de Microfibra de Vidro 19mmx90mm com 25","isPartOf":{"@id":"https:\/\/lojaopening.com.br\/shopp\/#website"},"primaryImageOfPage":{"@id":"https:\/\/lojaopening.com.br\/shopp\/produto\/dedais-de-microfibra-de-vidro-19mmx90mm-com-25\/#primaryimage"},"image":{"@id":"https:\/\/lojaopening.com.br\/shopp\/produto\/dedais-de-microfibra-de-vidro-19mmx90mm-com-25\/#primaryimage"},"thumbnailUrl":"https:\/\/lojaopening.com.br\/wp-content\/uploads\/2023\/05\/dedais-de-microfibra-de-vidro.png","datePublished":"2023-05-23T23:52:31+00:00","dateModified":"2023-05-27T20:06:30+00:00","description":"Dedais de Microfibra de Vidro 19mmx90mm s\u00e3o convenientes e ideais para a coleta de poeira, com formato que minimiza perda de impurezas durante o manuseio.","breadcrumb":{"@id":"https:\/\/lojaopening.com.br\/shopp\/produto\/dedais-de-microfibra-de-vidro-19mmx90mm-com-25\/#breadcrumb"},"inLanguage":"pt-PT","potentialAction":[{"@type":"ReadAction","target":["https:\/\/lojaopening.com.br\/shopp\/produto\/dedais-de-microfibra-de-vidro-19mmx90mm-com-25\/"]}]},{"@type":"ImageObject","inLanguage":"pt-PT","@id":"https:\/\/lojaopening.com.br\/shopp\/produto\/dedais-de-microfibra-de-vidro-19mmx90mm-com-25\/#primaryimage","url":"https:\/\/lojaopening.com.br\/wp-content\/uploads\/2023\/05\/dedais-de-microfibra-de-vidro.png","contentUrl":"https:\/\/lojaopening.com.br\/wp-content\/uploads\/2023\/05\/dedais-de-microfibra-de-vidro.png","width":503,"height":501},{"@type":"BreadcrumbList","@id":"https:\/\/lojaopening.com.br\/shopp\/produto\/dedais-de-microfibra-de-vidro-19mmx90mm-com-25\/#breadcrumb","itemListElement":[{"@type":"ListItem","position":1,"name":"In\u00edcio","item":"https:\/\/lojaopening.com.br\/shopp\/"},{"@type":"ListItem","position":2,"name":"Shop","item":"https:\/\/lojaopening.com.br\/shopp\/shopp\/"},{"@type":"ListItem","position":3,"name":"Dedais de Microfibra de Vidro 19mmx90mm com 25"}]},{"@type":"WebSite","@id":"https:\/\/lojaopening.com.br\/shopp\/#website","url":"https:\/\/lojaopening.com.br\/shopp\/","name":"Loja Opening","description":"","publisher":{"@id":"https:\/\/lojaopening.com.br\/shopp\/#organization"},"potentialAction":[{"@type":"SearchAction","target":{"@type":"EntryPoint","urlTemplate":"https:\/\/lojaopening.com.br\/shopp\/?s={search_term_string}"},"query-input":{"@type":"PropertyValueSpecification","valueRequired":true,"valueName":"search_term_string"}}],"inLanguage":"pt-PT"},{"@type":"Organization","@id":"https:\/\/lojaopening.com.br\/shopp\/#organization","name":"Opening World Coml Import Export Ltda","url":"https:\/\/lojaopening.com.br\/shopp\/","logo":{"@type":"ImageObject","inLanguage":"pt-PT","@id":"https:\/\/lojaopening.com.br\/shopp\/#\/schema\/logo\/image\/","url":"https:\/\/lojaopening.com.br\/wp-content\/uploads\/2020\/09\/logo_header.png","contentUrl":"https:\/\/lojaopening.com.br\/wp-content\/uploads\/2020\/09\/logo_header.png","width":1279,"height":328,"caption":"Opening World Coml Import Export Ltda"},"image":{"@id":"https:\/\/lojaopening.com.br\/shopp\/#\/schema\/logo\/image\/"}}]}},"_links":{"self":[{"href":"https:\/\/lojaopening.com.br\/shopp\/wp-json\/wp\/v2\/product\/1631","targetHints":{"allow":["GET"]}}],"collection":[{"href":"https:\/\/lojaopening.com.br\/shopp\/wp-json\/wp\/v2\/product"}],"about":[{"href":"https:\/\/lojaopening.com.br\/shopp\/wp-json\/wp\/v2\/types\/product"}],"wp:featuredmedia":[{"embeddable":true,"href":"https:\/\/lojaopening.com.br\/shopp\/wp-json\/wp\/v2\/media\/1632"}],"wp:attachment":[{"href":"https:\/\/lojaopening.com.br\/shopp\/wp-json\/wp\/v2\/media?parent=1631"}],"wp:term":[{"taxonomy":"product_brand","embeddable":true,"href":"https:\/\/lojaopening.com.br\/shopp\/wp-json\/wp\/v2\/product_brand?post=1631"},{"taxonomy":"product_cat","embeddable":true,"href":"https:\/\/lojaopening.com.br\/shopp\/wp-json\/wp\/v2\/product_cat?post=1631"},{"taxonomy":"product_tag","embeddable":true,"href":"https:\/\/lojaopening.com.br\/shopp\/wp-json\/wp\/v2\/product_tag?post=1631"}],"curies":[{"name":"wp","href":"https:\/\/api.w.org\/{rel}","templated":true}]}}