{"id":1639,"date":"2023-05-24T00:11:54","date_gmt":"2023-05-24T00:11:54","guid":{"rendered":"https:\/\/lojaopening.com.br\/shopp\/produto\/dedais-de-extracao-de-celulose-25x80mm-cft\/"},"modified":"2023-05-27T20:06:28","modified_gmt":"2023-05-27T20:06:28","slug":"dedais-de-extracao-de-celulose-25x80mm-cft","status":"publish","type":"product","link":"https:\/\/lojaopening.com.br\/shopp\/produto\/dedais-de-extracao-de-celulose-25x80mm-cft\/","title":{"rendered":"Dedais de Extra\u00e7\u00e3o de Celulose 25x80mm CFT"},"content":{"rendered":"<h1>Dedais de Extra\u00e7\u00e3o de Celulose 25x80mm CFT<\/h1>\n<p>Os Dedais de Extra\u00e7\u00e3o de Celulose s\u00e3o fabricados com celulose de alta qualidade, utilizando apenas material virgem. Sua estrutura sem costura proporciona excelente reten\u00e7\u00e3o e resist\u00eancia mec\u00e2nica. O material de alta pureza garante resultados reproduz\u00edveis. Os dedais s\u00e3o amplamente utilizados para quantificar componentes individuais em alimentos, pl\u00e1sticos e ar.<\/p>\n<p><strong>Recursos:<\/strong><\/p>\n<ul>\n<li>Livre de aglutinante.<\/li>\n<li>Alto fluxo.<\/li>\n<li>Alta efici\u00eancia de reten\u00e7\u00e3o.<\/li>\n<\/ul>\n<li><b>Grau:<\/b>CFT<\/li>\n<li><b>Tamanho (mm):<\/b>25&#215;80<\/li>\n<li><b>Queda de Press\u00e3o (mm H2O@5lpm):<\/b>9<\/li>\n<li><b>Efici\u00eancia de Reten\u00e7\u00e3o:<\/b>89%<\/li>\n<li><b>Nominal (\u00b5m):<\/b>7<\/li>\n<li><b>Temperatura M\u00e1xima de Opera\u00e7\u00e3o (\u00b0C):<\/b>undefined<\/li>\n<\/ul>\n<p>*Consulte-nos para outros tamanhos<\/p>\n","protected":false},"excerpt":{"rendered":"<p>Dedais de Extra\u00e7\u00e3o de Celulose 25x80mm CFT Os Dedais de Extra\u00e7\u00e3o de Celulose s\u00e3o fabricados com celulose de alta qualidade,&hellip;<\/p>\n","protected":false},"featured_media":1638,"template":"","meta":[],"product_brand":[],"product_cat":[45,716],"product_tag":[],"class_list":{"0":"post-1639","1":"product","2":"type-product","3":"status-publish","4":"has-post-thumbnail","6":"product_cat-laboratorio-industrial-cientifico","7":"product_cat-mmp","9":"first","10":"onbackorder","11":"shipping-taxable","12":"product-type-simple"},"yoast_head":"<!-- This site is optimized with the Yoast SEO plugin v27.2 - https:\/\/yoast.com\/product\/yoast-seo-wordpress\/ -->\n<title>Dedais de Extra\u00e7\u00e3o de Celulose 25x80mm CFT<\/title>\n<meta name=\"description\" content=\"Dedais de Extra\u00e7\u00e3o de Celulose 25x80mm CFT ajuda a garantir a limpeza do ar e a ventila\u00e7\u00e3o eficaz.\" \/>\n<meta name=\"robots\" content=\"index, follow, max-snippet:-1, max-image-preview:large, max-video-preview:-1\" \/>\n<link rel=\"canonical\" href=\"https:\/\/lojaopening.com.br\/shopp\/produto\/dedais-de-extracao-de-celulose-25x80mm-cft\/\" \/>\n<meta property=\"og:locale\" content=\"pt_PT\" \/>\n<meta property=\"og:type\" content=\"article\" \/>\n<meta property=\"og:title\" content=\"Dedais de Extra\u00e7\u00e3o de Celulose 25x80mm CFT\" \/>\n<meta property=\"og:description\" content=\"Dedais de Extra\u00e7\u00e3o de Celulose 25x80mm CFT ajuda a garantir a limpeza do ar e a ventila\u00e7\u00e3o eficaz.\" \/>\n<meta property=\"og:url\" content=\"https:\/\/lojaopening.com.br\/shopp\/produto\/dedais-de-extracao-de-celulose-25x80mm-cft\/\" \/>\n<meta property=\"og:site_name\" content=\"Loja Opening\" \/>\n<meta property=\"article:modified_time\" content=\"2023-05-27T20:06:28+00:00\" \/>\n<meta property=\"og:image\" content=\"https:\/\/lojaopening.com.br\/wp-content\/uploads\/2023\/05\/dedais-de-extracao-de-celulose-2.png\" \/>\n\t<meta property=\"og:image:width\" content=\"506\" \/>\n\t<meta property=\"og:image:height\" content=\"492\" \/>\n\t<meta property=\"og:image:type\" content=\"image\/png\" \/>\n<meta name=\"twitter:card\" content=\"summary_large_image\" \/>\n<meta name=\"twitter:label1\" content=\"Tempo estimado de leitura\" \/>\n\t<meta name=\"twitter:data1\" content=\"1 minuto\" \/>\n<script type=\"application\/ld+json\" class=\"yoast-schema-graph\">{\"@context\":\"https:\/\/schema.org\",\"@graph\":[{\"@type\":\"WebPage\",\"@id\":\"https:\/\/lojaopening.com.br\/shopp\/produto\/dedais-de-extracao-de-celulose-25x80mm-cft\/\",\"url\":\"https:\/\/lojaopening.com.br\/shopp\/produto\/dedais-de-extracao-de-celulose-25x80mm-cft\/\",\"name\":\"Dedais de Extra\u00e7\u00e3o de Celulose 25x80mm CFT\",\"isPartOf\":{\"@id\":\"https:\/\/lojaopening.com.br\/shopp\/#website\"},\"primaryImageOfPage\":{\"@id\":\"https:\/\/lojaopening.com.br\/shopp\/produto\/dedais-de-extracao-de-celulose-25x80mm-cft\/#primaryimage\"},\"image\":{\"@id\":\"https:\/\/lojaopening.com.br\/shopp\/produto\/dedais-de-extracao-de-celulose-25x80mm-cft\/#primaryimage\"},\"thumbnailUrl\":\"https:\/\/lojaopening.com.br\/wp-content\/uploads\/2023\/05\/dedais-de-extracao-de-celulose-2.png\",\"datePublished\":\"2023-05-24T00:11:54+00:00\",\"dateModified\":\"2023-05-27T20:06:28+00:00\",\"description\":\"Dedais de Extra\u00e7\u00e3o de Celulose 25x80mm CFT ajuda a garantir a limpeza do ar e a ventila\u00e7\u00e3o eficaz.\",\"breadcrumb\":{\"@id\":\"https:\/\/lojaopening.com.br\/shopp\/produto\/dedais-de-extracao-de-celulose-25x80mm-cft\/#breadcrumb\"},\"inLanguage\":\"pt-PT\",\"potentialAction\":[{\"@type\":\"ReadAction\",\"target\":[\"https:\/\/lojaopening.com.br\/shopp\/produto\/dedais-de-extracao-de-celulose-25x80mm-cft\/\"]}]},{\"@type\":\"ImageObject\",\"inLanguage\":\"pt-PT\",\"@id\":\"https:\/\/lojaopening.com.br\/shopp\/produto\/dedais-de-extracao-de-celulose-25x80mm-cft\/#primaryimage\",\"url\":\"https:\/\/lojaopening.com.br\/wp-content\/uploads\/2023\/05\/dedais-de-extracao-de-celulose-2.png\",\"contentUrl\":\"https:\/\/lojaopening.com.br\/wp-content\/uploads\/2023\/05\/dedais-de-extracao-de-celulose-2.png\",\"width\":506,\"height\":492},{\"@type\":\"BreadcrumbList\",\"@id\":\"https:\/\/lojaopening.com.br\/shopp\/produto\/dedais-de-extracao-de-celulose-25x80mm-cft\/#breadcrumb\",\"itemListElement\":[{\"@type\":\"ListItem\",\"position\":1,\"name\":\"In\u00edcio\",\"item\":\"https:\/\/lojaopening.com.br\/shopp\/\"},{\"@type\":\"ListItem\",\"position\":2,\"name\":\"Shop\",\"item\":\"https:\/\/lojaopening.com.br\/shopp\/shopp\/\"},{\"@type\":\"ListItem\",\"position\":3,\"name\":\"Dedais de Extra\u00e7\u00e3o de Celulose 25x80mm CFT\"}]},{\"@type\":\"WebSite\",\"@id\":\"https:\/\/lojaopening.com.br\/shopp\/#website\",\"url\":\"https:\/\/lojaopening.com.br\/shopp\/\",\"name\":\"Loja Opening\",\"description\":\"\",\"publisher\":{\"@id\":\"https:\/\/lojaopening.com.br\/shopp\/#organization\"},\"potentialAction\":[{\"@type\":\"SearchAction\",\"target\":{\"@type\":\"EntryPoint\",\"urlTemplate\":\"https:\/\/lojaopening.com.br\/shopp\/?s={search_term_string}\"},\"query-input\":{\"@type\":\"PropertyValueSpecification\",\"valueRequired\":true,\"valueName\":\"search_term_string\"}}],\"inLanguage\":\"pt-PT\"},{\"@type\":\"Organization\",\"@id\":\"https:\/\/lojaopening.com.br\/shopp\/#organization\",\"name\":\"Opening World Coml Import Export Ltda\",\"url\":\"https:\/\/lojaopening.com.br\/shopp\/\",\"logo\":{\"@type\":\"ImageObject\",\"inLanguage\":\"pt-PT\",\"@id\":\"https:\/\/lojaopening.com.br\/shopp\/#\/schema\/logo\/image\/\",\"url\":\"https:\/\/lojaopening.com.br\/wp-content\/uploads\/2020\/09\/logo_header.png\",\"contentUrl\":\"https:\/\/lojaopening.com.br\/wp-content\/uploads\/2020\/09\/logo_header.png\",\"width\":1279,\"height\":328,\"caption\":\"Opening World Coml Import Export Ltda\"},\"image\":{\"@id\":\"https:\/\/lojaopening.com.br\/shopp\/#\/schema\/logo\/image\/\"}}]}<\/script>\n<!-- \/ Yoast SEO plugin. -->","yoast_head_json":{"title":"Dedais de Extra\u00e7\u00e3o de Celulose 25x80mm CFT","description":"Dedais de Extra\u00e7\u00e3o de Celulose 25x80mm CFT ajuda a garantir a limpeza do ar e a ventila\u00e7\u00e3o eficaz.","robots":{"index":"index","follow":"follow","max-snippet":"max-snippet:-1","max-image-preview":"max-image-preview:large","max-video-preview":"max-video-preview:-1"},"canonical":"https:\/\/lojaopening.com.br\/shopp\/produto\/dedais-de-extracao-de-celulose-25x80mm-cft\/","og_locale":"pt_PT","og_type":"article","og_title":"Dedais de Extra\u00e7\u00e3o de Celulose 25x80mm CFT","og_description":"Dedais de Extra\u00e7\u00e3o de Celulose 25x80mm CFT ajuda a garantir a limpeza do ar e a ventila\u00e7\u00e3o eficaz.","og_url":"https:\/\/lojaopening.com.br\/shopp\/produto\/dedais-de-extracao-de-celulose-25x80mm-cft\/","og_site_name":"Loja Opening","article_modified_time":"2023-05-27T20:06:28+00:00","og_image":[{"width":506,"height":492,"url":"https:\/\/lojaopening.com.br\/wp-content\/uploads\/2023\/05\/dedais-de-extracao-de-celulose-2.png","type":"image\/png"}],"twitter_card":"summary_large_image","twitter_misc":{"Tempo estimado de leitura":"1 minuto"},"schema":{"@context":"https:\/\/schema.org","@graph":[{"@type":"WebPage","@id":"https:\/\/lojaopening.com.br\/shopp\/produto\/dedais-de-extracao-de-celulose-25x80mm-cft\/","url":"https:\/\/lojaopening.com.br\/shopp\/produto\/dedais-de-extracao-de-celulose-25x80mm-cft\/","name":"Dedais de Extra\u00e7\u00e3o de Celulose 25x80mm CFT","isPartOf":{"@id":"https:\/\/lojaopening.com.br\/shopp\/#website"},"primaryImageOfPage":{"@id":"https:\/\/lojaopening.com.br\/shopp\/produto\/dedais-de-extracao-de-celulose-25x80mm-cft\/#primaryimage"},"image":{"@id":"https:\/\/lojaopening.com.br\/shopp\/produto\/dedais-de-extracao-de-celulose-25x80mm-cft\/#primaryimage"},"thumbnailUrl":"https:\/\/lojaopening.com.br\/wp-content\/uploads\/2023\/05\/dedais-de-extracao-de-celulose-2.png","datePublished":"2023-05-24T00:11:54+00:00","dateModified":"2023-05-27T20:06:28+00:00","description":"Dedais de Extra\u00e7\u00e3o de Celulose 25x80mm CFT ajuda a garantir a limpeza do ar e a ventila\u00e7\u00e3o eficaz.","breadcrumb":{"@id":"https:\/\/lojaopening.com.br\/shopp\/produto\/dedais-de-extracao-de-celulose-25x80mm-cft\/#breadcrumb"},"inLanguage":"pt-PT","potentialAction":[{"@type":"ReadAction","target":["https:\/\/lojaopening.com.br\/shopp\/produto\/dedais-de-extracao-de-celulose-25x80mm-cft\/"]}]},{"@type":"ImageObject","inLanguage":"pt-PT","@id":"https:\/\/lojaopening.com.br\/shopp\/produto\/dedais-de-extracao-de-celulose-25x80mm-cft\/#primaryimage","url":"https:\/\/lojaopening.com.br\/wp-content\/uploads\/2023\/05\/dedais-de-extracao-de-celulose-2.png","contentUrl":"https:\/\/lojaopening.com.br\/wp-content\/uploads\/2023\/05\/dedais-de-extracao-de-celulose-2.png","width":506,"height":492},{"@type":"BreadcrumbList","@id":"https:\/\/lojaopening.com.br\/shopp\/produto\/dedais-de-extracao-de-celulose-25x80mm-cft\/#breadcrumb","itemListElement":[{"@type":"ListItem","position":1,"name":"In\u00edcio","item":"https:\/\/lojaopening.com.br\/shopp\/"},{"@type":"ListItem","position":2,"name":"Shop","item":"https:\/\/lojaopening.com.br\/shopp\/shopp\/"},{"@type":"ListItem","position":3,"name":"Dedais de Extra\u00e7\u00e3o de Celulose 25x80mm CFT"}]},{"@type":"WebSite","@id":"https:\/\/lojaopening.com.br\/shopp\/#website","url":"https:\/\/lojaopening.com.br\/shopp\/","name":"Loja Opening","description":"","publisher":{"@id":"https:\/\/lojaopening.com.br\/shopp\/#organization"},"potentialAction":[{"@type":"SearchAction","target":{"@type":"EntryPoint","urlTemplate":"https:\/\/lojaopening.com.br\/shopp\/?s={search_term_string}"},"query-input":{"@type":"PropertyValueSpecification","valueRequired":true,"valueName":"search_term_string"}}],"inLanguage":"pt-PT"},{"@type":"Organization","@id":"https:\/\/lojaopening.com.br\/shopp\/#organization","name":"Opening World Coml Import Export Ltda","url":"https:\/\/lojaopening.com.br\/shopp\/","logo":{"@type":"ImageObject","inLanguage":"pt-PT","@id":"https:\/\/lojaopening.com.br\/shopp\/#\/schema\/logo\/image\/","url":"https:\/\/lojaopening.com.br\/wp-content\/uploads\/2020\/09\/logo_header.png","contentUrl":"https:\/\/lojaopening.com.br\/wp-content\/uploads\/2020\/09\/logo_header.png","width":1279,"height":328,"caption":"Opening World Coml Import Export Ltda"},"image":{"@id":"https:\/\/lojaopening.com.br\/shopp\/#\/schema\/logo\/image\/"}}]}},"_links":{"self":[{"href":"https:\/\/lojaopening.com.br\/shopp\/wp-json\/wp\/v2\/product\/1639","targetHints":{"allow":["GET"]}}],"collection":[{"href":"https:\/\/lojaopening.com.br\/shopp\/wp-json\/wp\/v2\/product"}],"about":[{"href":"https:\/\/lojaopening.com.br\/shopp\/wp-json\/wp\/v2\/types\/product"}],"wp:featuredmedia":[{"embeddable":true,"href":"https:\/\/lojaopening.com.br\/shopp\/wp-json\/wp\/v2\/media\/1638"}],"wp:attachment":[{"href":"https:\/\/lojaopening.com.br\/shopp\/wp-json\/wp\/v2\/media?parent=1639"}],"wp:term":[{"taxonomy":"product_brand","embeddable":true,"href":"https:\/\/lojaopening.com.br\/shopp\/wp-json\/wp\/v2\/product_brand?post=1639"},{"taxonomy":"product_cat","embeddable":true,"href":"https:\/\/lojaopening.com.br\/shopp\/wp-json\/wp\/v2\/product_cat?post=1639"},{"taxonomy":"product_tag","embeddable":true,"href":"https:\/\/lojaopening.com.br\/shopp\/wp-json\/wp\/v2\/product_tag?post=1639"}],"curies":[{"name":"wp","href":"https:\/\/api.w.org\/{rel}","templated":true}]}}