{"id":1662,"date":"2023-05-24T00:30:40","date_gmt":"2023-05-24T00:30:40","guid":{"rendered":"https:\/\/lojaopening.com.br\/shopp\/?post_type=product&#038;p=1662"},"modified":"2023-05-27T20:06:23","modified_gmt":"2023-05-27T20:06:23","slug":"filtro-de-membrana-ptfe-46-2mm-pm-2-5-pt204602","status":"publish","type":"product","link":"https:\/\/lojaopening.com.br\/shopp\/produto\/filtro-de-membrana-ptfe-46-2mm-pm-2-5-pt204602\/","title":{"rendered":"Filtro de Membrana PTFE 46.2mm PM 2.5 PT204602"},"content":{"rendered":"<h1>Filtro de Membrana PTFE 46.2mm PM 2.5 PT204602<\/h1>\n<p>O Filtro de Membrana PTFE PM2.5 da Minipore \u00e9 uma estrutura pl\u00e1stica fina e uniforme projetada para atender \u00e0s necessidades de monitoramento de material particulado do ambiente, com um tamanho de poro de 2,0 \u00b5 ou menor. Cada membrana \u00e9 numerada individualmente em ordem crescente, garantindo rastreabilidade e confiabilidade. A fabrica\u00e7\u00e3o e os testes do filtro PM2.5 est\u00e3o em conformidade com os crit\u00e9rios de aceita\u00e7\u00e3o da EPA (Ag\u00eancia de Prote\u00e7\u00e3o Ambiental).<\/p>\n<p><strong>Recursos:<\/strong><\/p>\n<ul>\n<li>Resist\u00eancia qu\u00edmica.<\/li>\n<li>Baixo fundo qu\u00edmico.<\/li>\n<li>Termicamente est\u00e1vel.<\/li>\n<li>Integridade test\u00e1vel.<\/li>\n<li>Alta pureza de MOC (Material de Origem Controlada).<\/li>\n<\/ul>\n<p><strong>Aplica\u00e7\u00e3o:<\/strong><\/p>\n<ul>\n<li><b>M\u00eddia do filtro:<\/b>PTFE<\/li>\n<li><strong>Espessura (\u00b5m)<\/strong>: 40 &#8211; <strong>Varia\u00e7\u00e3o:<\/strong> \u00b1 10<\/li>\n<li><b>Di\u00e2metro (mm):<\/b>46.2 &#8211;\u00a0<strong>Varia\u00e7\u00e3o: <\/strong>\u00b1 0.25<\/li>\n<li><strong>Tamanho do Poro (\u00b5m):<\/strong>2.0 &#8211;\u00a0<strong>Varia\u00e7\u00e3o:<\/strong> M\u00e1ximo<\/li>\n<li><strong>Largura do Anel de Suporte (mm):<\/strong>3.68 &#8211;\u00a0<strong>Varia\u00e7\u00e3o:<\/strong>\u00b1 0.51<\/li>\n<li><strong>Suporte de m\u00eddia de anel<\/strong><strong>:<\/strong>Polipropileno<\/li>\n<li><b>Espessura total do anel de suporte (mm):0.38<\/b> &#8211;\u00a0<strong>Varia\u00e7\u00e3o:<\/strong>\u00b1 0.04<\/li>\n<li><strong>Efici\u00eancia de reten\u00e7\u00e3o (DOP) (%): <\/strong>99.70 &#8211;\u00a0<strong>Varia\u00e7\u00e3o:\u00a0<\/strong>M\u00ednimo<\/li>\n<li><strong>Queda de Press\u00e3o (0.3 \u00b5m) (mm<\/strong> wc):30 &#8211;\u00a0<strong>Varia\u00e7\u00e3o:\u00a0<\/strong>M\u00e1ximo<\/li>\n<li><strong>Alcalinidade (\u00b5eq\/g de filtro) :<\/strong>&lt;25 &#8211;\u00a0<strong>Varia\u00e7\u00e3o:<\/strong> M\u00e1ximo<\/li>\n<li><strong>Estabilidade Perda de Peso Temperatura (\u00b5g):<\/strong> &lt;20 &#8211;\u00a0<strong>Varia\u00e7\u00e3o:<\/strong> M\u00e1ximo<\/li>\n<li><strong>Teste de queda. Estabilidade de Perda de Peso (\u00b5g):<\/strong> &lt;20 &#8211;\u00a0<strong>Varia\u00e7\u00e3o:<\/strong> M\u00e1ximo<\/li>\n<li><strong>Estabilidade de Ganho de Peso Umidade (\u00b5g):<\/strong> &lt;10 &#8211; <strong>Varia\u00e7\u00e3o:<\/strong> M\u00e1ximo<\/li>\n<\/ul>\n<p>&nbsp;<\/p>\n<p>\u2022 Reten\u00e7\u00e3o de Aerosol DOP (ASTM D2986-95a)<br \/>\n\u2022 Queda de Press\u00e3o @ 16.6 LPM (Ar Limpo)<br \/>\n\u2022 PDetermina\u00e7\u00e3o de Tamanho de Poro (ASTMF316-94)<br \/>\n\u2022 WC (Coluna de \u00c1gua)<br \/>\n\u2022 Alcalinidade (Se\u00e7\u00e3o 2.12, EPA\/600\/R-94\/038b)<br \/>\n\u2022 Estabilidade Perda de Peso Temperatura (Section 2.12, EPA\/600\/R-94\/038b)<br \/>\n\u2022 Teste de queda. Estabilidade de Perda de Peso (Section 2.12, EPA\/600\/R-94\/038b)<br \/>\n\u2022 Estabilidade de Ganho de Peso Umidade (Section 2.12, EPA\/600\/R-94\/038b)<\/p>\n<p>&nbsp;<\/p>\n<p>*Consulte-nos para outros tamanhos<\/p>\n","protected":false},"excerpt":{"rendered":"<p>Filtro de Membrana PTFE 46.2mm PM 2.5 PT204602 O Filtro de Membrana PTFE PM2.5 da Minipore \u00e9 uma estrutura pl\u00e1stica&hellip;<\/p>\n","protected":false},"featured_media":1663,"template":"","meta":[],"product_brand":[],"product_cat":[45,716],"product_tag":[],"class_list":{"0":"post-1662","1":"product","2":"type-product","3":"status-publish","4":"has-post-thumbnail","6":"product_cat-laboratorio-industrial-cientifico","7":"product_cat-mmp","9":"first","10":"onbackorder","11":"shipping-taxable","12":"product-type-simple"},"yoast_head":"<!-- This site is optimized with the Yoast SEO plugin v27.2 - https:\/\/yoast.com\/product\/yoast-seo-wordpress\/ -->\n<title>Filtro de Membrana PTFE 46.2mm PM 2.5 PT204602<\/title>\n<meta name=\"description\" content=\"Filtro de Membrana PTFE 46.2mm PM 2.5 PT204602 \u00e9 uma estrutura pl\u00e1stica fina e uniforme projetada para atender \u00e0s necessidades de monitoramento de material particulado do ambiente.\" \/>\n<meta name=\"robots\" content=\"index, follow, max-snippet:-1, max-image-preview:large, max-video-preview:-1\" \/>\n<link rel=\"canonical\" href=\"https:\/\/lojaopening.com.br\/shopp\/produto\/filtro-de-membrana-ptfe-46-2mm-pm-2-5-pt204602\/\" \/>\n<meta property=\"og:locale\" content=\"pt_PT\" \/>\n<meta property=\"og:type\" content=\"article\" \/>\n<meta property=\"og:title\" content=\"Filtro de Membrana PTFE 46.2mm PM 2.5 PT204602\" \/>\n<meta property=\"og:description\" content=\"Filtro de Membrana PTFE 46.2mm PM 2.5 PT204602 \u00e9 uma estrutura pl\u00e1stica fina e uniforme projetada para atender \u00e0s necessidades de monitoramento de material particulado do ambiente.\" \/>\n<meta property=\"og:url\" content=\"https:\/\/lojaopening.com.br\/shopp\/produto\/filtro-de-membrana-ptfe-46-2mm-pm-2-5-pt204602\/\" \/>\n<meta property=\"og:site_name\" content=\"Loja Opening\" \/>\n<meta property=\"article:modified_time\" content=\"2023-05-27T20:06:23+00:00\" \/>\n<meta property=\"og:image\" content=\"https:\/\/lojaopening.com.br\/wp-content\/uploads\/2023\/05\/filtro-membrana-ptfe-pm-25.png\" \/>\n\t<meta property=\"og:image:width\" content=\"512\" \/>\n\t<meta property=\"og:image:height\" content=\"503\" \/>\n\t<meta property=\"og:image:type\" content=\"image\/png\" \/>\n<meta name=\"twitter:card\" content=\"summary_large_image\" \/>\n<meta name=\"twitter:label1\" content=\"Tempo estimado de leitura\" \/>\n\t<meta name=\"twitter:data1\" content=\"2 minutos\" \/>\n<script type=\"application\/ld+json\" class=\"yoast-schema-graph\">{\"@context\":\"https:\/\/schema.org\",\"@graph\":[{\"@type\":\"WebPage\",\"@id\":\"https:\/\/lojaopening.com.br\/shopp\/produto\/filtro-de-membrana-ptfe-46-2mm-pm-2-5-pt204602\/\",\"url\":\"https:\/\/lojaopening.com.br\/shopp\/produto\/filtro-de-membrana-ptfe-46-2mm-pm-2-5-pt204602\/\",\"name\":\"Filtro de Membrana PTFE 46.2mm PM 2.5 PT204602\",\"isPartOf\":{\"@id\":\"https:\/\/lojaopening.com.br\/shopp\/#website\"},\"primaryImageOfPage\":{\"@id\":\"https:\/\/lojaopening.com.br\/shopp\/produto\/filtro-de-membrana-ptfe-46-2mm-pm-2-5-pt204602\/#primaryimage\"},\"image\":{\"@id\":\"https:\/\/lojaopening.com.br\/shopp\/produto\/filtro-de-membrana-ptfe-46-2mm-pm-2-5-pt204602\/#primaryimage\"},\"thumbnailUrl\":\"https:\/\/lojaopening.com.br\/wp-content\/uploads\/2023\/05\/filtro-membrana-ptfe-pm-25.png\",\"datePublished\":\"2023-05-24T00:30:40+00:00\",\"dateModified\":\"2023-05-27T20:06:23+00:00\",\"description\":\"Filtro de Membrana PTFE 46.2mm PM 2.5 PT204602 \u00e9 uma estrutura pl\u00e1stica fina e uniforme projetada para atender \u00e0s necessidades de monitoramento de material particulado do ambiente.\",\"breadcrumb\":{\"@id\":\"https:\/\/lojaopening.com.br\/shopp\/produto\/filtro-de-membrana-ptfe-46-2mm-pm-2-5-pt204602\/#breadcrumb\"},\"inLanguage\":\"pt-PT\",\"potentialAction\":[{\"@type\":\"ReadAction\",\"target\":[\"https:\/\/lojaopening.com.br\/shopp\/produto\/filtro-de-membrana-ptfe-46-2mm-pm-2-5-pt204602\/\"]}]},{\"@type\":\"ImageObject\",\"inLanguage\":\"pt-PT\",\"@id\":\"https:\/\/lojaopening.com.br\/shopp\/produto\/filtro-de-membrana-ptfe-46-2mm-pm-2-5-pt204602\/#primaryimage\",\"url\":\"https:\/\/lojaopening.com.br\/wp-content\/uploads\/2023\/05\/filtro-membrana-ptfe-pm-25.png\",\"contentUrl\":\"https:\/\/lojaopening.com.br\/wp-content\/uploads\/2023\/05\/filtro-membrana-ptfe-pm-25.png\",\"width\":512,\"height\":503},{\"@type\":\"BreadcrumbList\",\"@id\":\"https:\/\/lojaopening.com.br\/shopp\/produto\/filtro-de-membrana-ptfe-46-2mm-pm-2-5-pt204602\/#breadcrumb\",\"itemListElement\":[{\"@type\":\"ListItem\",\"position\":1,\"name\":\"In\u00edcio\",\"item\":\"https:\/\/lojaopening.com.br\/shopp\/\"},{\"@type\":\"ListItem\",\"position\":2,\"name\":\"Shop\",\"item\":\"https:\/\/lojaopening.com.br\/shopp\/shopp\/\"},{\"@type\":\"ListItem\",\"position\":3,\"name\":\"Filtro de Membrana PTFE 46.2mm PM 2.5 PT204602\"}]},{\"@type\":\"WebSite\",\"@id\":\"https:\/\/lojaopening.com.br\/shopp\/#website\",\"url\":\"https:\/\/lojaopening.com.br\/shopp\/\",\"name\":\"Loja Opening\",\"description\":\"\",\"publisher\":{\"@id\":\"https:\/\/lojaopening.com.br\/shopp\/#organization\"},\"potentialAction\":[{\"@type\":\"SearchAction\",\"target\":{\"@type\":\"EntryPoint\",\"urlTemplate\":\"https:\/\/lojaopening.com.br\/shopp\/?s={search_term_string}\"},\"query-input\":{\"@type\":\"PropertyValueSpecification\",\"valueRequired\":true,\"valueName\":\"search_term_string\"}}],\"inLanguage\":\"pt-PT\"},{\"@type\":\"Organization\",\"@id\":\"https:\/\/lojaopening.com.br\/shopp\/#organization\",\"name\":\"Opening World Coml Import Export Ltda\",\"url\":\"https:\/\/lojaopening.com.br\/shopp\/\",\"logo\":{\"@type\":\"ImageObject\",\"inLanguage\":\"pt-PT\",\"@id\":\"https:\/\/lojaopening.com.br\/shopp\/#\/schema\/logo\/image\/\",\"url\":\"https:\/\/lojaopening.com.br\/wp-content\/uploads\/2020\/09\/logo_header.png\",\"contentUrl\":\"https:\/\/lojaopening.com.br\/wp-content\/uploads\/2020\/09\/logo_header.png\",\"width\":1279,\"height\":328,\"caption\":\"Opening World Coml Import Export Ltda\"},\"image\":{\"@id\":\"https:\/\/lojaopening.com.br\/shopp\/#\/schema\/logo\/image\/\"}}]}<\/script>\n<!-- \/ Yoast SEO plugin. -->","yoast_head_json":{"title":"Filtro de Membrana PTFE 46.2mm PM 2.5 PT204602","description":"Filtro de Membrana PTFE 46.2mm PM 2.5 PT204602 \u00e9 uma estrutura pl\u00e1stica fina e uniforme projetada para atender \u00e0s necessidades de monitoramento de material particulado do ambiente.","robots":{"index":"index","follow":"follow","max-snippet":"max-snippet:-1","max-image-preview":"max-image-preview:large","max-video-preview":"max-video-preview:-1"},"canonical":"https:\/\/lojaopening.com.br\/shopp\/produto\/filtro-de-membrana-ptfe-46-2mm-pm-2-5-pt204602\/","og_locale":"pt_PT","og_type":"article","og_title":"Filtro de Membrana PTFE 46.2mm PM 2.5 PT204602","og_description":"Filtro de Membrana PTFE 46.2mm PM 2.5 PT204602 \u00e9 uma estrutura pl\u00e1stica fina e uniforme projetada para atender \u00e0s necessidades de monitoramento de material particulado do ambiente.","og_url":"https:\/\/lojaopening.com.br\/shopp\/produto\/filtro-de-membrana-ptfe-46-2mm-pm-2-5-pt204602\/","og_site_name":"Loja Opening","article_modified_time":"2023-05-27T20:06:23+00:00","og_image":[{"width":512,"height":503,"url":"https:\/\/lojaopening.com.br\/wp-content\/uploads\/2023\/05\/filtro-membrana-ptfe-pm-25.png","type":"image\/png"}],"twitter_card":"summary_large_image","twitter_misc":{"Tempo estimado de leitura":"2 minutos"},"schema":{"@context":"https:\/\/schema.org","@graph":[{"@type":"WebPage","@id":"https:\/\/lojaopening.com.br\/shopp\/produto\/filtro-de-membrana-ptfe-46-2mm-pm-2-5-pt204602\/","url":"https:\/\/lojaopening.com.br\/shopp\/produto\/filtro-de-membrana-ptfe-46-2mm-pm-2-5-pt204602\/","name":"Filtro de Membrana PTFE 46.2mm PM 2.5 PT204602","isPartOf":{"@id":"https:\/\/lojaopening.com.br\/shopp\/#website"},"primaryImageOfPage":{"@id":"https:\/\/lojaopening.com.br\/shopp\/produto\/filtro-de-membrana-ptfe-46-2mm-pm-2-5-pt204602\/#primaryimage"},"image":{"@id":"https:\/\/lojaopening.com.br\/shopp\/produto\/filtro-de-membrana-ptfe-46-2mm-pm-2-5-pt204602\/#primaryimage"},"thumbnailUrl":"https:\/\/lojaopening.com.br\/wp-content\/uploads\/2023\/05\/filtro-membrana-ptfe-pm-25.png","datePublished":"2023-05-24T00:30:40+00:00","dateModified":"2023-05-27T20:06:23+00:00","description":"Filtro de Membrana PTFE 46.2mm PM 2.5 PT204602 \u00e9 uma estrutura pl\u00e1stica fina e uniforme projetada para atender \u00e0s necessidades de monitoramento de material particulado do ambiente.","breadcrumb":{"@id":"https:\/\/lojaopening.com.br\/shopp\/produto\/filtro-de-membrana-ptfe-46-2mm-pm-2-5-pt204602\/#breadcrumb"},"inLanguage":"pt-PT","potentialAction":[{"@type":"ReadAction","target":["https:\/\/lojaopening.com.br\/shopp\/produto\/filtro-de-membrana-ptfe-46-2mm-pm-2-5-pt204602\/"]}]},{"@type":"ImageObject","inLanguage":"pt-PT","@id":"https:\/\/lojaopening.com.br\/shopp\/produto\/filtro-de-membrana-ptfe-46-2mm-pm-2-5-pt204602\/#primaryimage","url":"https:\/\/lojaopening.com.br\/wp-content\/uploads\/2023\/05\/filtro-membrana-ptfe-pm-25.png","contentUrl":"https:\/\/lojaopening.com.br\/wp-content\/uploads\/2023\/05\/filtro-membrana-ptfe-pm-25.png","width":512,"height":503},{"@type":"BreadcrumbList","@id":"https:\/\/lojaopening.com.br\/shopp\/produto\/filtro-de-membrana-ptfe-46-2mm-pm-2-5-pt204602\/#breadcrumb","itemListElement":[{"@type":"ListItem","position":1,"name":"In\u00edcio","item":"https:\/\/lojaopening.com.br\/shopp\/"},{"@type":"ListItem","position":2,"name":"Shop","item":"https:\/\/lojaopening.com.br\/shopp\/shopp\/"},{"@type":"ListItem","position":3,"name":"Filtro de Membrana PTFE 46.2mm PM 2.5 PT204602"}]},{"@type":"WebSite","@id":"https:\/\/lojaopening.com.br\/shopp\/#website","url":"https:\/\/lojaopening.com.br\/shopp\/","name":"Loja Opening","description":"","publisher":{"@id":"https:\/\/lojaopening.com.br\/shopp\/#organization"},"potentialAction":[{"@type":"SearchAction","target":{"@type":"EntryPoint","urlTemplate":"https:\/\/lojaopening.com.br\/shopp\/?s={search_term_string}"},"query-input":{"@type":"PropertyValueSpecification","valueRequired":true,"valueName":"search_term_string"}}],"inLanguage":"pt-PT"},{"@type":"Organization","@id":"https:\/\/lojaopening.com.br\/shopp\/#organization","name":"Opening World Coml Import Export Ltda","url":"https:\/\/lojaopening.com.br\/shopp\/","logo":{"@type":"ImageObject","inLanguage":"pt-PT","@id":"https:\/\/lojaopening.com.br\/shopp\/#\/schema\/logo\/image\/","url":"https:\/\/lojaopening.com.br\/wp-content\/uploads\/2020\/09\/logo_header.png","contentUrl":"https:\/\/lojaopening.com.br\/wp-content\/uploads\/2020\/09\/logo_header.png","width":1279,"height":328,"caption":"Opening World Coml Import Export Ltda"},"image":{"@id":"https:\/\/lojaopening.com.br\/shopp\/#\/schema\/logo\/image\/"}}]}},"_links":{"self":[{"href":"https:\/\/lojaopening.com.br\/shopp\/wp-json\/wp\/v2\/product\/1662","targetHints":{"allow":["GET"]}}],"collection":[{"href":"https:\/\/lojaopening.com.br\/shopp\/wp-json\/wp\/v2\/product"}],"about":[{"href":"https:\/\/lojaopening.com.br\/shopp\/wp-json\/wp\/v2\/types\/product"}],"wp:featuredmedia":[{"embeddable":true,"href":"https:\/\/lojaopening.com.br\/shopp\/wp-json\/wp\/v2\/media\/1663"}],"wp:attachment":[{"href":"https:\/\/lojaopening.com.br\/shopp\/wp-json\/wp\/v2\/media?parent=1662"}],"wp:term":[{"taxonomy":"product_brand","embeddable":true,"href":"https:\/\/lojaopening.com.br\/shopp\/wp-json\/wp\/v2\/product_brand?post=1662"},{"taxonomy":"product_cat","embeddable":true,"href":"https:\/\/lojaopening.com.br\/shopp\/wp-json\/wp\/v2\/product_cat?post=1662"},{"taxonomy":"product_tag","embeddable":true,"href":"https:\/\/lojaopening.com.br\/shopp\/wp-json\/wp\/v2\/product_tag?post=1662"}],"curies":[{"name":"wp","href":"https:\/\/api.w.org\/{rel}","templated":true}]}}