{"id":1672,"date":"2023-05-24T00:54:11","date_gmt":"2023-05-24T00:54:11","guid":{"rendered":"https:\/\/lojaopening.com.br\/shopp\/?post_type=product&#038;p=1672"},"modified":"2023-05-27T20:06:20","modified_gmt":"2023-05-27T20:06:20","slug":"rolo-de-fita-de-filtro-40mm-x-42m-gf-10-com-aglutinante-organico","status":"publish","type":"product","link":"https:\/\/lojaopening.com.br\/shopp\/produto\/rolo-de-fita-de-filtro-40mm-x-42m-gf-10-com-aglutinante-organico\/","title":{"rendered":"Rolo de Fita de Filtro 40mm x 42m GF\/10 com Aglutinante Org\u00e2nico"},"content":{"rendered":"<h1>Rolo de Fita de Filtro 40mm x 42m GF\/10 com Aglutinante Org\u00e2nico<\/h1>\n<p>O Rolo de Fita de Filtro para monitoramento cont\u00ednuo da qualidade do ar ambiente \u00e9 um produto essencial para o monitoramento e an\u00e1lise da qualidade do ar. Esse rolo de fita de filtro \u00e9 projetado para uso em monitores autom\u00e1ticos de monitoramento ambiental. Fabricado com aglutinante org\u00e2nico, o rolo de fita possui alta estabilidade mec\u00e2nica e resist\u00eancia a temperaturas de at\u00e9 180\u00b0C. \u00c9 especialmente adequado para coleta de poeira PM10 e PM2.5 em monitores on-line que trabalham com o princ\u00edpio de atenua\u00e7\u00e3o de raios beta ou outras t\u00e9cnicas de medi\u00e7\u00e3o de concentra\u00e7\u00e3o de poeira.<\/p>\n<p><strong>Recursos:<\/strong><\/p>\n<ul>\n<li>Com Aglutinante Org\u00e2nico, garantindo uma reten\u00e7\u00e3o eficiente de part\u00edculas.<\/li>\n<li>An\u00e1lise detalhada de tra\u00e7o poluente, permitindo a identifica\u00e7\u00e3o e monitoramento preciso de poluentes presentes no ar.<\/li>\n<li>Baixo fundo qu\u00edmico, garantindo resultados confi\u00e1veis e livres de interfer\u00eancias.<\/li>\n<li>Compat\u00edvel com diversos modelos de monitores, incluindo Metone BAM1020, Thermofisher, Environment SA, Durag, DKK, entre outros.<\/li>\n<\/ul>\n<p><strong>Aplica\u00e7\u00e3o:<\/strong><\/p>\n<ul>\n<li><b>Grau:<\/b>GF\/10<\/li>\n<li><b>Peso B\u00e1sico(g\/m\u00b2):\u00a0<\/b>55<\/li>\n<li><strong>Espessura T\u00edpica (\u00b5m):\u00a0<\/strong>250<\/li>\n<li><strong>Resist\u00eancia \u00e0 trac\u00e7\u00e3o (g):\u00a0<\/strong>700<\/li>\n<li><strong>Tamanho:\u00a0<\/strong>40mm x 42m<\/li>\n<\/ul>\n<p>&nbsp;<\/p>\n<p>*Consulte-nos para outros tamanhos<\/p>\n","protected":false},"excerpt":{"rendered":"<p>Rolo de Fita de Filtro 40mm x 42m GF\/10 com Aglutinante Org\u00e2nico O Rolo de Fita de Filtro para monitoramento&hellip;<\/p>\n","protected":false},"featured_media":1668,"template":"","meta":[],"product_brand":[],"product_cat":[45,716],"product_tag":[],"class_list":{"0":"post-1672","1":"product","2":"type-product","3":"status-publish","4":"has-post-thumbnail","6":"product_cat-laboratorio-industrial-cientifico","7":"product_cat-mmp","9":"first","10":"onbackorder","11":"shipping-taxable","12":"product-type-simple"},"yoast_head":"<!-- This site is optimized with the Yoast SEO plugin v27.2 - https:\/\/yoast.com\/product\/yoast-seo-wordpress\/ -->\n<title>Rolo de Fita de Filtro 40mm x 42m GF\/10 com Aglutinante Org\u00e2nico<\/title>\n<meta name=\"description\" content=\"Rolo de Fita de Filtro 40mm x 42m GF\/10 para monitoramento cont\u00ednuo da qualidade do ar ambiente \u00e9 um produto essencial para o monitorar a qualidade do ar.\" \/>\n<meta name=\"robots\" content=\"index, follow, max-snippet:-1, max-image-preview:large, max-video-preview:-1\" \/>\n<link rel=\"canonical\" href=\"https:\/\/lojaopening.com.br\/shopp\/produto\/rolo-de-fita-de-filtro-40mm-x-42m-gf-10-com-aglutinante-organico\/\" \/>\n<meta property=\"og:locale\" content=\"pt_PT\" \/>\n<meta property=\"og:type\" content=\"article\" \/>\n<meta property=\"og:title\" content=\"Rolo de Fita de Filtro 40mm x 42m GF\/10 com Aglutinante Org\u00e2nico\" \/>\n<meta property=\"og:description\" content=\"Rolo de Fita de Filtro 40mm x 42m GF\/10 para monitoramento cont\u00ednuo da qualidade do ar ambiente \u00e9 um produto essencial para o monitorar a qualidade do ar.\" \/>\n<meta property=\"og:url\" content=\"https:\/\/lojaopening.com.br\/shopp\/produto\/rolo-de-fita-de-filtro-40mm-x-42m-gf-10-com-aglutinante-organico\/\" \/>\n<meta property=\"og:site_name\" content=\"Loja Opening\" \/>\n<meta property=\"article:modified_time\" content=\"2023-05-27T20:06:20+00:00\" \/>\n<meta property=\"og:image\" content=\"https:\/\/lojaopening.com.br\/wp-content\/uploads\/2023\/05\/rolo-de-fita-de-filtro-com-aglutinante-organico-para-monitoramento-continuo-do-ar.png\" \/>\n\t<meta property=\"og:image:width\" content=\"501\" \/>\n\t<meta property=\"og:image:height\" content=\"508\" \/>\n\t<meta property=\"og:image:type\" content=\"image\/png\" \/>\n<meta name=\"twitter:card\" content=\"summary_large_image\" \/>\n<meta name=\"twitter:label1\" content=\"Tempo estimado de leitura\" \/>\n\t<meta name=\"twitter:data1\" content=\"1 minuto\" \/>\n<script type=\"application\/ld+json\" class=\"yoast-schema-graph\">{\"@context\":\"https:\/\/schema.org\",\"@graph\":[{\"@type\":\"WebPage\",\"@id\":\"https:\/\/lojaopening.com.br\/shopp\/produto\/rolo-de-fita-de-filtro-40mm-x-42m-gf-10-com-aglutinante-organico\/\",\"url\":\"https:\/\/lojaopening.com.br\/shopp\/produto\/rolo-de-fita-de-filtro-40mm-x-42m-gf-10-com-aglutinante-organico\/\",\"name\":\"Rolo de Fita de Filtro 40mm x 42m GF\/10 com Aglutinante Org\u00e2nico\",\"isPartOf\":{\"@id\":\"https:\/\/lojaopening.com.br\/shopp\/#website\"},\"primaryImageOfPage\":{\"@id\":\"https:\/\/lojaopening.com.br\/shopp\/produto\/rolo-de-fita-de-filtro-40mm-x-42m-gf-10-com-aglutinante-organico\/#primaryimage\"},\"image\":{\"@id\":\"https:\/\/lojaopening.com.br\/shopp\/produto\/rolo-de-fita-de-filtro-40mm-x-42m-gf-10-com-aglutinante-organico\/#primaryimage\"},\"thumbnailUrl\":\"https:\/\/lojaopening.com.br\/wp-content\/uploads\/2023\/05\/rolo-de-fita-de-filtro-com-aglutinante-organico-para-monitoramento-continuo-do-ar.png\",\"datePublished\":\"2023-05-24T00:54:11+00:00\",\"dateModified\":\"2023-05-27T20:06:20+00:00\",\"description\":\"Rolo de Fita de Filtro 40mm x 42m GF\/10 para monitoramento cont\u00ednuo da qualidade do ar ambiente \u00e9 um produto essencial para o monitorar a qualidade do ar.\",\"breadcrumb\":{\"@id\":\"https:\/\/lojaopening.com.br\/shopp\/produto\/rolo-de-fita-de-filtro-40mm-x-42m-gf-10-com-aglutinante-organico\/#breadcrumb\"},\"inLanguage\":\"pt-PT\",\"potentialAction\":[{\"@type\":\"ReadAction\",\"target\":[\"https:\/\/lojaopening.com.br\/shopp\/produto\/rolo-de-fita-de-filtro-40mm-x-42m-gf-10-com-aglutinante-organico\/\"]}]},{\"@type\":\"ImageObject\",\"inLanguage\":\"pt-PT\",\"@id\":\"https:\/\/lojaopening.com.br\/shopp\/produto\/rolo-de-fita-de-filtro-40mm-x-42m-gf-10-com-aglutinante-organico\/#primaryimage\",\"url\":\"https:\/\/lojaopening.com.br\/wp-content\/uploads\/2023\/05\/rolo-de-fita-de-filtro-com-aglutinante-organico-para-monitoramento-continuo-do-ar.png\",\"contentUrl\":\"https:\/\/lojaopening.com.br\/wp-content\/uploads\/2023\/05\/rolo-de-fita-de-filtro-com-aglutinante-organico-para-monitoramento-continuo-do-ar.png\",\"width\":501,\"height\":508},{\"@type\":\"BreadcrumbList\",\"@id\":\"https:\/\/lojaopening.com.br\/shopp\/produto\/rolo-de-fita-de-filtro-40mm-x-42m-gf-10-com-aglutinante-organico\/#breadcrumb\",\"itemListElement\":[{\"@type\":\"ListItem\",\"position\":1,\"name\":\"In\u00edcio\",\"item\":\"https:\/\/lojaopening.com.br\/shopp\/\"},{\"@type\":\"ListItem\",\"position\":2,\"name\":\"Shop\",\"item\":\"https:\/\/lojaopening.com.br\/shopp\/shopp\/\"},{\"@type\":\"ListItem\",\"position\":3,\"name\":\"Rolo de Fita de Filtro 40mm x 42m GF\/10 com Aglutinante Org\u00e2nico\"}]},{\"@type\":\"WebSite\",\"@id\":\"https:\/\/lojaopening.com.br\/shopp\/#website\",\"url\":\"https:\/\/lojaopening.com.br\/shopp\/\",\"name\":\"Loja Opening\",\"description\":\"\",\"publisher\":{\"@id\":\"https:\/\/lojaopening.com.br\/shopp\/#organization\"},\"potentialAction\":[{\"@type\":\"SearchAction\",\"target\":{\"@type\":\"EntryPoint\",\"urlTemplate\":\"https:\/\/lojaopening.com.br\/shopp\/?s={search_term_string}\"},\"query-input\":{\"@type\":\"PropertyValueSpecification\",\"valueRequired\":true,\"valueName\":\"search_term_string\"}}],\"inLanguage\":\"pt-PT\"},{\"@type\":\"Organization\",\"@id\":\"https:\/\/lojaopening.com.br\/shopp\/#organization\",\"name\":\"Opening World Coml Import Export Ltda\",\"url\":\"https:\/\/lojaopening.com.br\/shopp\/\",\"logo\":{\"@type\":\"ImageObject\",\"inLanguage\":\"pt-PT\",\"@id\":\"https:\/\/lojaopening.com.br\/shopp\/#\/schema\/logo\/image\/\",\"url\":\"https:\/\/lojaopening.com.br\/wp-content\/uploads\/2020\/09\/logo_header.png\",\"contentUrl\":\"https:\/\/lojaopening.com.br\/wp-content\/uploads\/2020\/09\/logo_header.png\",\"width\":1279,\"height\":328,\"caption\":\"Opening World Coml Import Export Ltda\"},\"image\":{\"@id\":\"https:\/\/lojaopening.com.br\/shopp\/#\/schema\/logo\/image\/\"}}]}<\/script>\n<!-- \/ Yoast SEO plugin. -->","yoast_head_json":{"title":"Rolo de Fita de Filtro 40mm x 42m GF\/10 com Aglutinante Org\u00e2nico","description":"Rolo de Fita de Filtro 40mm x 42m GF\/10 para monitoramento cont\u00ednuo da qualidade do ar ambiente \u00e9 um produto essencial para o monitorar a qualidade do ar.","robots":{"index":"index","follow":"follow","max-snippet":"max-snippet:-1","max-image-preview":"max-image-preview:large","max-video-preview":"max-video-preview:-1"},"canonical":"https:\/\/lojaopening.com.br\/shopp\/produto\/rolo-de-fita-de-filtro-40mm-x-42m-gf-10-com-aglutinante-organico\/","og_locale":"pt_PT","og_type":"article","og_title":"Rolo de Fita de Filtro 40mm x 42m GF\/10 com Aglutinante Org\u00e2nico","og_description":"Rolo de Fita de Filtro 40mm x 42m GF\/10 para monitoramento cont\u00ednuo da qualidade do ar ambiente \u00e9 um produto essencial para o monitorar a qualidade do ar.","og_url":"https:\/\/lojaopening.com.br\/shopp\/produto\/rolo-de-fita-de-filtro-40mm-x-42m-gf-10-com-aglutinante-organico\/","og_site_name":"Loja Opening","article_modified_time":"2023-05-27T20:06:20+00:00","og_image":[{"width":501,"height":508,"url":"https:\/\/lojaopening.com.br\/wp-content\/uploads\/2023\/05\/rolo-de-fita-de-filtro-com-aglutinante-organico-para-monitoramento-continuo-do-ar.png","type":"image\/png"}],"twitter_card":"summary_large_image","twitter_misc":{"Tempo estimado de leitura":"1 minuto"},"schema":{"@context":"https:\/\/schema.org","@graph":[{"@type":"WebPage","@id":"https:\/\/lojaopening.com.br\/shopp\/produto\/rolo-de-fita-de-filtro-40mm-x-42m-gf-10-com-aglutinante-organico\/","url":"https:\/\/lojaopening.com.br\/shopp\/produto\/rolo-de-fita-de-filtro-40mm-x-42m-gf-10-com-aglutinante-organico\/","name":"Rolo de Fita de Filtro 40mm x 42m GF\/10 com Aglutinante Org\u00e2nico","isPartOf":{"@id":"https:\/\/lojaopening.com.br\/shopp\/#website"},"primaryImageOfPage":{"@id":"https:\/\/lojaopening.com.br\/shopp\/produto\/rolo-de-fita-de-filtro-40mm-x-42m-gf-10-com-aglutinante-organico\/#primaryimage"},"image":{"@id":"https:\/\/lojaopening.com.br\/shopp\/produto\/rolo-de-fita-de-filtro-40mm-x-42m-gf-10-com-aglutinante-organico\/#primaryimage"},"thumbnailUrl":"https:\/\/lojaopening.com.br\/wp-content\/uploads\/2023\/05\/rolo-de-fita-de-filtro-com-aglutinante-organico-para-monitoramento-continuo-do-ar.png","datePublished":"2023-05-24T00:54:11+00:00","dateModified":"2023-05-27T20:06:20+00:00","description":"Rolo de Fita de Filtro 40mm x 42m GF\/10 para monitoramento cont\u00ednuo da qualidade do ar ambiente \u00e9 um produto essencial para o monitorar a qualidade do ar.","breadcrumb":{"@id":"https:\/\/lojaopening.com.br\/shopp\/produto\/rolo-de-fita-de-filtro-40mm-x-42m-gf-10-com-aglutinante-organico\/#breadcrumb"},"inLanguage":"pt-PT","potentialAction":[{"@type":"ReadAction","target":["https:\/\/lojaopening.com.br\/shopp\/produto\/rolo-de-fita-de-filtro-40mm-x-42m-gf-10-com-aglutinante-organico\/"]}]},{"@type":"ImageObject","inLanguage":"pt-PT","@id":"https:\/\/lojaopening.com.br\/shopp\/produto\/rolo-de-fita-de-filtro-40mm-x-42m-gf-10-com-aglutinante-organico\/#primaryimage","url":"https:\/\/lojaopening.com.br\/wp-content\/uploads\/2023\/05\/rolo-de-fita-de-filtro-com-aglutinante-organico-para-monitoramento-continuo-do-ar.png","contentUrl":"https:\/\/lojaopening.com.br\/wp-content\/uploads\/2023\/05\/rolo-de-fita-de-filtro-com-aglutinante-organico-para-monitoramento-continuo-do-ar.png","width":501,"height":508},{"@type":"BreadcrumbList","@id":"https:\/\/lojaopening.com.br\/shopp\/produto\/rolo-de-fita-de-filtro-40mm-x-42m-gf-10-com-aglutinante-organico\/#breadcrumb","itemListElement":[{"@type":"ListItem","position":1,"name":"In\u00edcio","item":"https:\/\/lojaopening.com.br\/shopp\/"},{"@type":"ListItem","position":2,"name":"Shop","item":"https:\/\/lojaopening.com.br\/shopp\/shopp\/"},{"@type":"ListItem","position":3,"name":"Rolo de Fita de Filtro 40mm x 42m GF\/10 com Aglutinante Org\u00e2nico"}]},{"@type":"WebSite","@id":"https:\/\/lojaopening.com.br\/shopp\/#website","url":"https:\/\/lojaopening.com.br\/shopp\/","name":"Loja Opening","description":"","publisher":{"@id":"https:\/\/lojaopening.com.br\/shopp\/#organization"},"potentialAction":[{"@type":"SearchAction","target":{"@type":"EntryPoint","urlTemplate":"https:\/\/lojaopening.com.br\/shopp\/?s={search_term_string}"},"query-input":{"@type":"PropertyValueSpecification","valueRequired":true,"valueName":"search_term_string"}}],"inLanguage":"pt-PT"},{"@type":"Organization","@id":"https:\/\/lojaopening.com.br\/shopp\/#organization","name":"Opening World Coml Import Export Ltda","url":"https:\/\/lojaopening.com.br\/shopp\/","logo":{"@type":"ImageObject","inLanguage":"pt-PT","@id":"https:\/\/lojaopening.com.br\/shopp\/#\/schema\/logo\/image\/","url":"https:\/\/lojaopening.com.br\/wp-content\/uploads\/2020\/09\/logo_header.png","contentUrl":"https:\/\/lojaopening.com.br\/wp-content\/uploads\/2020\/09\/logo_header.png","width":1279,"height":328,"caption":"Opening World Coml Import Export Ltda"},"image":{"@id":"https:\/\/lojaopening.com.br\/shopp\/#\/schema\/logo\/image\/"}}]}},"_links":{"self":[{"href":"https:\/\/lojaopening.com.br\/shopp\/wp-json\/wp\/v2\/product\/1672","targetHints":{"allow":["GET"]}}],"collection":[{"href":"https:\/\/lojaopening.com.br\/shopp\/wp-json\/wp\/v2\/product"}],"about":[{"href":"https:\/\/lojaopening.com.br\/shopp\/wp-json\/wp\/v2\/types\/product"}],"wp:featuredmedia":[{"embeddable":true,"href":"https:\/\/lojaopening.com.br\/shopp\/wp-json\/wp\/v2\/media\/1668"}],"wp:attachment":[{"href":"https:\/\/lojaopening.com.br\/shopp\/wp-json\/wp\/v2\/media?parent=1672"}],"wp:term":[{"taxonomy":"product_brand","embeddable":true,"href":"https:\/\/lojaopening.com.br\/shopp\/wp-json\/wp\/v2\/product_brand?post=1672"},{"taxonomy":"product_cat","embeddable":true,"href":"https:\/\/lojaopening.com.br\/shopp\/wp-json\/wp\/v2\/product_cat?post=1672"},{"taxonomy":"product_tag","embeddable":true,"href":"https:\/\/lojaopening.com.br\/shopp\/wp-json\/wp\/v2\/product_tag?post=1672"}],"curies":[{"name":"wp","href":"https:\/\/api.w.org\/{rel}","templated":true}]}}