{"id":1673,"date":"2023-05-24T00:57:17","date_gmt":"2023-05-24T00:57:17","guid":{"rendered":"https:\/\/lojaopening.com.br\/shopp\/?post_type=product&#038;p=1673"},"modified":"2023-05-27T20:06:20","modified_gmt":"2023-05-27T20:06:20","slug":"filtro-de-papel-quantitativo-sem-cinzas-grau-40m-90mm-com-100","status":"publish","type":"product","link":"https:\/\/lojaopening.com.br\/shopp\/produto\/filtro-de-papel-quantitativo-sem-cinzas-grau-40m-90mm-com-100\/","title":{"rendered":"Filtro de Papel Quantitativo Sem Cinzas Grau 40M 90mm com 100"},"content":{"rendered":"<h1>Filtro de Papel Quantitativo Sem Cinzas Grau 40M 90mm com 100<\/h1>\n<p>Os Filtros Quantitativos Minipore s\u00e3o especialmente projetados para an\u00e1lise gravim\u00e9trica e prepara\u00e7\u00e3o de amostras para an\u00e1lise instrumental. S\u00e3o filtros de papel de alta qualidade que oferecem velocidade e reten\u00e7\u00e3o m\u00e9dias.<\/p>\n<p>O Grau 40M \u00e9 um papel de filtro cl\u00e1ssico sem cinzas, adequado para uso geral. Ele apresenta uma velocidade de filtra\u00e7\u00e3o m\u00e9dia e reten\u00e7\u00e3o m\u00e9dia. Suas aplica\u00e7\u00f5es t\u00edpicas incluem an\u00e1lise gravim\u00e9trica para v\u00e1rios componentes em cimentos, argilas, produtos de ferro e a\u00e7o. Al\u00e9m disso, \u00e9 utilizado como filtro prim\u00e1rio para separar mat\u00e9ria s\u00f3lida de extratos aquosos em an\u00e1lises gerais de solo.<\/p>\n<p><strong>Recursos:<\/strong><\/p>\n<ul>\n<li>Cobre uma faixa de filtra\u00e7\u00e3o lenta, m\u00e9dia e r\u00e1pida, adaptando-se a diferentes necessidades e velocidades de filtra\u00e7\u00e3o.<\/li>\n<li>\u00c9 adequado para a reten\u00e7\u00e3o de precipitados anal\u00edticos t\u00edpicos, como sulfato de b\u00e1rio e dispers\u00e3o coloidal.<\/li>\n<li>Possui uma faixa de cobertura de part\u00edculas de 5,0 a 20 m\u00edcrons, garantindo uma filtra\u00e7\u00e3o eficiente.<\/li>\n<\/ul>\n<p><strong>Aplica\u00e7\u00e3o:<\/strong><\/p>\n<ul>\n<li><b>Grau:<\/b>40M<\/li>\n<li><strong>Tamanho (mm):<\/strong> 90<\/li>\n<li><b>Reten\u00e7\u00e3o de Part\u00edcula L\u00edquida (<strong>\u00b5m<\/strong>): <\/b>8<\/li>\n<li><strong>Descri\u00e7\u00e3o:<\/strong> M\u00e9dio<\/li>\n<li><strong>Velocidade de Filtra\u00e7\u00e3o Herzbeg (s):\u00a0<\/strong>340<\/li>\n<li><strong>Cinza (%) (<b>\u00b5m):<\/b><\/strong>0.007<\/li>\n<li><strong>Espessura T\u00edpica:<\/strong>210<\/li>\n<li><strong>Peso B\u00e1sico:<\/strong>92<\/li>\n<li><strong>Explos\u00e3o \u00damida (psi):\u00a0<\/strong>0.5<\/li>\n<li><strong>Explos\u00e3o Seca (psi):\u00a0<\/strong>16<\/li>\n<li><strong>Tra\u00e7\u00e3o (N\/15mm):<\/strong>46.7<\/li>\n<li><strong>Quantidade no Pacote (pcs):<\/strong> 100<\/li>\n<\/ul>\n<p>*Consulte-nos para outros tamanhos<\/p>\n","protected":false},"excerpt":{"rendered":"<p>Filtro de Papel Quantitativo Sem Cinzas Grau 40M 90mm com 100 Os Filtros Quantitativos Minipore s\u00e3o especialmente projetados para an\u00e1lise&hellip;<\/p>\n","protected":false},"featured_media":1675,"template":"","meta":[],"product_brand":[],"product_cat":[45,716],"product_tag":[],"class_list":{"0":"post-1673","1":"product","2":"type-product","3":"status-publish","4":"has-post-thumbnail","6":"product_cat-laboratorio-industrial-cientifico","7":"product_cat-mmp","9":"first","10":"onbackorder","11":"shipping-taxable","12":"product-type-simple"},"yoast_head":"<!-- This site is optimized with the Yoast SEO plugin v27.2 - https:\/\/yoast.com\/product\/yoast-seo-wordpress\/ -->\n<title>Filtro de Papel Quantitativo Sem Cinzas Grau 40M 90mm com 100<\/title>\n<meta name=\"description\" content=\"Filtro de Papel Quantitativo Sem Cinzas Grau 40M 90mm. Projetados para an\u00e1lise gravim\u00e9trica e prepara\u00e7\u00e3o de amostras para an\u00e1lise instrumental.\" \/>\n<meta name=\"robots\" content=\"index, follow, max-snippet:-1, max-image-preview:large, max-video-preview:-1\" \/>\n<link rel=\"canonical\" href=\"https:\/\/lojaopening.com.br\/shopp\/produto\/filtro-de-papel-quantitativo-sem-cinzas-grau-40m-90mm-com-100\/\" \/>\n<meta property=\"og:locale\" content=\"pt_PT\" \/>\n<meta property=\"og:type\" content=\"article\" \/>\n<meta property=\"og:title\" content=\"Filtro de Papel Quantitativo Sem Cinzas Grau 40M 90mm com 100\" \/>\n<meta property=\"og:description\" content=\"Filtro de Papel Quantitativo Sem Cinzas Grau 40M 90mm. Projetados para an\u00e1lise gravim\u00e9trica e prepara\u00e7\u00e3o de amostras para an\u00e1lise instrumental.\" \/>\n<meta property=\"og:url\" content=\"https:\/\/lojaopening.com.br\/shopp\/produto\/filtro-de-papel-quantitativo-sem-cinzas-grau-40m-90mm-com-100\/\" \/>\n<meta property=\"og:site_name\" content=\"Loja Opening\" \/>\n<meta property=\"article:modified_time\" content=\"2023-05-27T20:06:20+00:00\" \/>\n<meta property=\"og:image\" content=\"https:\/\/lojaopening.com.br\/wp-content\/uploads\/2023\/05\/filtro-de-papel-quantitativo-sem-cinzas-40m.png\" \/>\n\t<meta property=\"og:image:width\" content=\"513\" \/>\n\t<meta property=\"og:image:height\" content=\"506\" \/>\n\t<meta property=\"og:image:type\" content=\"image\/png\" \/>\n<meta name=\"twitter:card\" content=\"summary_large_image\" \/>\n<meta name=\"twitter:label1\" content=\"Tempo estimado de leitura\" \/>\n\t<meta name=\"twitter:data1\" content=\"2 minutos\" \/>\n<script type=\"application\/ld+json\" class=\"yoast-schema-graph\">{\"@context\":\"https:\/\/schema.org\",\"@graph\":[{\"@type\":\"WebPage\",\"@id\":\"https:\/\/lojaopening.com.br\/shopp\/produto\/filtro-de-papel-quantitativo-sem-cinzas-grau-40m-90mm-com-100\/\",\"url\":\"https:\/\/lojaopening.com.br\/shopp\/produto\/filtro-de-papel-quantitativo-sem-cinzas-grau-40m-90mm-com-100\/\",\"name\":\"Filtro de Papel Quantitativo Sem Cinzas Grau 40M 90mm com 100\",\"isPartOf\":{\"@id\":\"https:\/\/lojaopening.com.br\/shopp\/#website\"},\"primaryImageOfPage\":{\"@id\":\"https:\/\/lojaopening.com.br\/shopp\/produto\/filtro-de-papel-quantitativo-sem-cinzas-grau-40m-90mm-com-100\/#primaryimage\"},\"image\":{\"@id\":\"https:\/\/lojaopening.com.br\/shopp\/produto\/filtro-de-papel-quantitativo-sem-cinzas-grau-40m-90mm-com-100\/#primaryimage\"},\"thumbnailUrl\":\"https:\/\/lojaopening.com.br\/wp-content\/uploads\/2023\/05\/filtro-de-papel-quantitativo-sem-cinzas-40m.png\",\"datePublished\":\"2023-05-24T00:57:17+00:00\",\"dateModified\":\"2023-05-27T20:06:20+00:00\",\"description\":\"Filtro de Papel Quantitativo Sem Cinzas Grau 40M 90mm. Projetados para an\u00e1lise gravim\u00e9trica e prepara\u00e7\u00e3o de amostras para an\u00e1lise instrumental.\",\"breadcrumb\":{\"@id\":\"https:\/\/lojaopening.com.br\/shopp\/produto\/filtro-de-papel-quantitativo-sem-cinzas-grau-40m-90mm-com-100\/#breadcrumb\"},\"inLanguage\":\"pt-PT\",\"potentialAction\":[{\"@type\":\"ReadAction\",\"target\":[\"https:\/\/lojaopening.com.br\/shopp\/produto\/filtro-de-papel-quantitativo-sem-cinzas-grau-40m-90mm-com-100\/\"]}]},{\"@type\":\"ImageObject\",\"inLanguage\":\"pt-PT\",\"@id\":\"https:\/\/lojaopening.com.br\/shopp\/produto\/filtro-de-papel-quantitativo-sem-cinzas-grau-40m-90mm-com-100\/#primaryimage\",\"url\":\"https:\/\/lojaopening.com.br\/wp-content\/uploads\/2023\/05\/filtro-de-papel-quantitativo-sem-cinzas-40m.png\",\"contentUrl\":\"https:\/\/lojaopening.com.br\/wp-content\/uploads\/2023\/05\/filtro-de-papel-quantitativo-sem-cinzas-40m.png\",\"width\":513,\"height\":506},{\"@type\":\"BreadcrumbList\",\"@id\":\"https:\/\/lojaopening.com.br\/shopp\/produto\/filtro-de-papel-quantitativo-sem-cinzas-grau-40m-90mm-com-100\/#breadcrumb\",\"itemListElement\":[{\"@type\":\"ListItem\",\"position\":1,\"name\":\"In\u00edcio\",\"item\":\"https:\/\/lojaopening.com.br\/shopp\/\"},{\"@type\":\"ListItem\",\"position\":2,\"name\":\"Shop\",\"item\":\"https:\/\/lojaopening.com.br\/shopp\/shopp\/\"},{\"@type\":\"ListItem\",\"position\":3,\"name\":\"Filtro de Papel Quantitativo Sem Cinzas Grau 40M 90mm com 100\"}]},{\"@type\":\"WebSite\",\"@id\":\"https:\/\/lojaopening.com.br\/shopp\/#website\",\"url\":\"https:\/\/lojaopening.com.br\/shopp\/\",\"name\":\"Loja Opening\",\"description\":\"\",\"publisher\":{\"@id\":\"https:\/\/lojaopening.com.br\/shopp\/#organization\"},\"potentialAction\":[{\"@type\":\"SearchAction\",\"target\":{\"@type\":\"EntryPoint\",\"urlTemplate\":\"https:\/\/lojaopening.com.br\/shopp\/?s={search_term_string}\"},\"query-input\":{\"@type\":\"PropertyValueSpecification\",\"valueRequired\":true,\"valueName\":\"search_term_string\"}}],\"inLanguage\":\"pt-PT\"},{\"@type\":\"Organization\",\"@id\":\"https:\/\/lojaopening.com.br\/shopp\/#organization\",\"name\":\"Opening World Coml Import Export Ltda\",\"url\":\"https:\/\/lojaopening.com.br\/shopp\/\",\"logo\":{\"@type\":\"ImageObject\",\"inLanguage\":\"pt-PT\",\"@id\":\"https:\/\/lojaopening.com.br\/shopp\/#\/schema\/logo\/image\/\",\"url\":\"https:\/\/lojaopening.com.br\/wp-content\/uploads\/2020\/09\/logo_header.png\",\"contentUrl\":\"https:\/\/lojaopening.com.br\/wp-content\/uploads\/2020\/09\/logo_header.png\",\"width\":1279,\"height\":328,\"caption\":\"Opening World Coml Import Export Ltda\"},\"image\":{\"@id\":\"https:\/\/lojaopening.com.br\/shopp\/#\/schema\/logo\/image\/\"}}]}<\/script>\n<!-- \/ Yoast SEO plugin. -->","yoast_head_json":{"title":"Filtro de Papel Quantitativo Sem Cinzas Grau 40M 90mm com 100","description":"Filtro de Papel Quantitativo Sem Cinzas Grau 40M 90mm. Projetados para an\u00e1lise gravim\u00e9trica e prepara\u00e7\u00e3o de amostras para an\u00e1lise instrumental.","robots":{"index":"index","follow":"follow","max-snippet":"max-snippet:-1","max-image-preview":"max-image-preview:large","max-video-preview":"max-video-preview:-1"},"canonical":"https:\/\/lojaopening.com.br\/shopp\/produto\/filtro-de-papel-quantitativo-sem-cinzas-grau-40m-90mm-com-100\/","og_locale":"pt_PT","og_type":"article","og_title":"Filtro de Papel Quantitativo Sem Cinzas Grau 40M 90mm com 100","og_description":"Filtro de Papel Quantitativo Sem Cinzas Grau 40M 90mm. Projetados para an\u00e1lise gravim\u00e9trica e prepara\u00e7\u00e3o de amostras para an\u00e1lise instrumental.","og_url":"https:\/\/lojaopening.com.br\/shopp\/produto\/filtro-de-papel-quantitativo-sem-cinzas-grau-40m-90mm-com-100\/","og_site_name":"Loja Opening","article_modified_time":"2023-05-27T20:06:20+00:00","og_image":[{"width":513,"height":506,"url":"https:\/\/lojaopening.com.br\/wp-content\/uploads\/2023\/05\/filtro-de-papel-quantitativo-sem-cinzas-40m.png","type":"image\/png"}],"twitter_card":"summary_large_image","twitter_misc":{"Tempo estimado de leitura":"2 minutos"},"schema":{"@context":"https:\/\/schema.org","@graph":[{"@type":"WebPage","@id":"https:\/\/lojaopening.com.br\/shopp\/produto\/filtro-de-papel-quantitativo-sem-cinzas-grau-40m-90mm-com-100\/","url":"https:\/\/lojaopening.com.br\/shopp\/produto\/filtro-de-papel-quantitativo-sem-cinzas-grau-40m-90mm-com-100\/","name":"Filtro de Papel Quantitativo Sem Cinzas Grau 40M 90mm com 100","isPartOf":{"@id":"https:\/\/lojaopening.com.br\/shopp\/#website"},"primaryImageOfPage":{"@id":"https:\/\/lojaopening.com.br\/shopp\/produto\/filtro-de-papel-quantitativo-sem-cinzas-grau-40m-90mm-com-100\/#primaryimage"},"image":{"@id":"https:\/\/lojaopening.com.br\/shopp\/produto\/filtro-de-papel-quantitativo-sem-cinzas-grau-40m-90mm-com-100\/#primaryimage"},"thumbnailUrl":"https:\/\/lojaopening.com.br\/wp-content\/uploads\/2023\/05\/filtro-de-papel-quantitativo-sem-cinzas-40m.png","datePublished":"2023-05-24T00:57:17+00:00","dateModified":"2023-05-27T20:06:20+00:00","description":"Filtro de Papel Quantitativo Sem Cinzas Grau 40M 90mm. Projetados para an\u00e1lise gravim\u00e9trica e prepara\u00e7\u00e3o de amostras para an\u00e1lise instrumental.","breadcrumb":{"@id":"https:\/\/lojaopening.com.br\/shopp\/produto\/filtro-de-papel-quantitativo-sem-cinzas-grau-40m-90mm-com-100\/#breadcrumb"},"inLanguage":"pt-PT","potentialAction":[{"@type":"ReadAction","target":["https:\/\/lojaopening.com.br\/shopp\/produto\/filtro-de-papel-quantitativo-sem-cinzas-grau-40m-90mm-com-100\/"]}]},{"@type":"ImageObject","inLanguage":"pt-PT","@id":"https:\/\/lojaopening.com.br\/shopp\/produto\/filtro-de-papel-quantitativo-sem-cinzas-grau-40m-90mm-com-100\/#primaryimage","url":"https:\/\/lojaopening.com.br\/wp-content\/uploads\/2023\/05\/filtro-de-papel-quantitativo-sem-cinzas-40m.png","contentUrl":"https:\/\/lojaopening.com.br\/wp-content\/uploads\/2023\/05\/filtro-de-papel-quantitativo-sem-cinzas-40m.png","width":513,"height":506},{"@type":"BreadcrumbList","@id":"https:\/\/lojaopening.com.br\/shopp\/produto\/filtro-de-papel-quantitativo-sem-cinzas-grau-40m-90mm-com-100\/#breadcrumb","itemListElement":[{"@type":"ListItem","position":1,"name":"In\u00edcio","item":"https:\/\/lojaopening.com.br\/shopp\/"},{"@type":"ListItem","position":2,"name":"Shop","item":"https:\/\/lojaopening.com.br\/shopp\/shopp\/"},{"@type":"ListItem","position":3,"name":"Filtro de Papel Quantitativo Sem Cinzas Grau 40M 90mm com 100"}]},{"@type":"WebSite","@id":"https:\/\/lojaopening.com.br\/shopp\/#website","url":"https:\/\/lojaopening.com.br\/shopp\/","name":"Loja Opening","description":"","publisher":{"@id":"https:\/\/lojaopening.com.br\/shopp\/#organization"},"potentialAction":[{"@type":"SearchAction","target":{"@type":"EntryPoint","urlTemplate":"https:\/\/lojaopening.com.br\/shopp\/?s={search_term_string}"},"query-input":{"@type":"PropertyValueSpecification","valueRequired":true,"valueName":"search_term_string"}}],"inLanguage":"pt-PT"},{"@type":"Organization","@id":"https:\/\/lojaopening.com.br\/shopp\/#organization","name":"Opening World Coml Import Export Ltda","url":"https:\/\/lojaopening.com.br\/shopp\/","logo":{"@type":"ImageObject","inLanguage":"pt-PT","@id":"https:\/\/lojaopening.com.br\/shopp\/#\/schema\/logo\/image\/","url":"https:\/\/lojaopening.com.br\/wp-content\/uploads\/2020\/09\/logo_header.png","contentUrl":"https:\/\/lojaopening.com.br\/wp-content\/uploads\/2020\/09\/logo_header.png","width":1279,"height":328,"caption":"Opening World Coml Import Export Ltda"},"image":{"@id":"https:\/\/lojaopening.com.br\/shopp\/#\/schema\/logo\/image\/"}}]}},"_links":{"self":[{"href":"https:\/\/lojaopening.com.br\/shopp\/wp-json\/wp\/v2\/product\/1673","targetHints":{"allow":["GET"]}}],"collection":[{"href":"https:\/\/lojaopening.com.br\/shopp\/wp-json\/wp\/v2\/product"}],"about":[{"href":"https:\/\/lojaopening.com.br\/shopp\/wp-json\/wp\/v2\/types\/product"}],"wp:featuredmedia":[{"embeddable":true,"href":"https:\/\/lojaopening.com.br\/shopp\/wp-json\/wp\/v2\/media\/1675"}],"wp:attachment":[{"href":"https:\/\/lojaopening.com.br\/shopp\/wp-json\/wp\/v2\/media?parent=1673"}],"wp:term":[{"taxonomy":"product_brand","embeddable":true,"href":"https:\/\/lojaopening.com.br\/shopp\/wp-json\/wp\/v2\/product_brand?post=1673"},{"taxonomy":"product_cat","embeddable":true,"href":"https:\/\/lojaopening.com.br\/shopp\/wp-json\/wp\/v2\/product_cat?post=1673"},{"taxonomy":"product_tag","embeddable":true,"href":"https:\/\/lojaopening.com.br\/shopp\/wp-json\/wp\/v2\/product_tag?post=1673"}],"curies":[{"name":"wp","href":"https:\/\/api.w.org\/{rel}","templated":true}]}}