{"id":1808,"date":"2023-09-28T17:51:39","date_gmt":"2023-09-28T17:51:39","guid":{"rendered":"https:\/\/lojaopening.com.br\/shopp\/?post_type=product&#038;p=1808"},"modified":"2024-06-14T23:11:16","modified_gmt":"2024-06-14T23:11:16","slug":"empurrador-e-puxador-de-reboques-engate-e-750-ate-34-toneladas-e-750-trailer-mover","status":"publish","type":"product","link":"https:\/\/lojaopening.com.br\/shopp\/produto\/empurrador-e-puxador-de-reboques-engate-e-750-ate-34-toneladas-e-750-trailer-mover\/","title":{"rendered":"Empurrador e Puxador de Reboques Engate E-750 at\u00e9 3,4 Toneladas E-750 Trailer Mover\u2122"},"content":{"rendered":"<p>O E-750 Trailer Mover\u2122 foi projetado para mover com seguran\u00e7a reboques de uso geral e muito mais, proporcionando uma capacidade de empurrar\/puxar de at\u00e9 7.500 libras (cerca de 3.402 quilogramas) em pneus e rod\u00edzios. O motor el\u00e9trico e o design compacto permitem mover reboques em locais apertados onde n\u00e3o \u00e9 vi\u00e1vel usar um caminh\u00e3o ou carro e onde motores a gasolina ou diesel n\u00e3o s\u00e3o apropriados. Um \u00fanico operador pode fazer o trabalho de 3 a 5 pessoas, aumentando a produtividade e reduzindo o risco de les\u00f5es.<\/p>\n<p><strong>Caracter\u00edsticas e Benef\u00edcios:<\/strong><\/p>\n<ul>\n<li>Este movimentador de reboques el\u00e9trico \u00e9 alimentado por um motor de 24 volts DC com 1200 watts de pot\u00eancia para uma capacidade de empurrar\/puxar de 7.500 libras (cerca de 3.402 quilogramas) em pneus ou rod\u00edzios e 15.000 libras (cerca de 6.804 quilogramas) em trilhos.<\/li>\n<li>Configur\u00e1vel com engate de esfera, gancho tipo pino, engate combo e receptor de l\u00edngua e pino.<\/li>\n<li>O motor el\u00e9trico \u00e9 silencioso, sem emiss\u00f5es, ideal para uso interno ou externo. Capacidade de l\u00edngua de 1.000 libras (cerca de 454 quilogramas).<\/li>\n<\/ul>\n<p><strong>Especifica\u00e7\u00f5es:<\/strong><\/p>\n<p>Motor: Alimentado por bateria 1200W, 24V DC com controlador program\u00e1vel de 125A<\/p>\n<p>Baterias: 2 baterias marinhas de ciclo profundo do Grupo 27 recarreg\u00e1veis de 12 volts<\/p>\n<p>Carregador de bateria: Embutido, IP68, entrada de voltagem m\u00faltipla, sa\u00edda de 2 x 10A<\/p>\n<p>Rodas\/Pneus: Pneus preenchidos com espuma, \u00e0 prova de perfura\u00e7\u00f5es, 16&#215;6.5-8<\/p>\n<p>Freios: Regenerativos e eletromagn\u00e9ticos como padr\u00e3o<\/p>\n<p>Outras caracter\u00edsticas: Chave liga\/desliga, acelerador frente\/ r\u00e9, parada de emerg\u00eancia, buzina, indicador de bateria<\/p>\n<p><strong>Descri\u00e7\u00e3o do Produto:<\/strong><\/p>\n<p>O E-750 Trailer Mover \u00e9 a solu\u00e7\u00e3o ideal para quem precisa mover carros, tratores ou reboques de at\u00e9 7.500 libras com facilidade. Seu motor el\u00e9trico silencioso e livre de emiss\u00f5es torna-o adequado para uso tanto em ambientes internos quanto externos. Com capacidade de l\u00edngua de 1.000 libras (cerca de 454 quilogramas), este movimentador de reboques \u00e9 configur\u00e1vel com diversos tipos de engates, proporcionando versatilidade para atender \u00e0s suas necessidades.<\/p>\n<p>Convidamos voc\u00ea a aproveitar todas as vantagens do E-750 Trailer Mover\u2122 para simplificar suas opera\u00e7\u00f5es de transporte. Seja voc\u00ea um profissional da log\u00edstica, um agricultor, ou algu\u00e9m que necessita movimentar reboques e ve\u00edculos de at\u00e9 3 toneladas de forma eficiente e silenciosa, estamos aqui para atender \u00e0s suas necessidades. Entre em contato conosco agora mesmo para obter um or\u00e7amento personalizado e descubra como podemos ajudar a tornar o seu transporte mais f\u00e1cil e produtivo. Envie-nos uma mensagem para solicitar sua cota\u00e7\u00e3o e leve a efici\u00eancia do E-750 Trailer Mover para o pr\u00f3ximo n\u00edvel.<\/p>\n<p>&nbsp;<\/p>\n","protected":false},"excerpt":{"rendered":"<p>O E-750 Trailer Mover\u2122 foi projetado para mover com seguran\u00e7a reboques de uso geral e muito mais, proporcionando uma capacidade&hellip;<\/p>\n","protected":false},"featured_media":1810,"template":"","meta":[],"product_brand":[],"product_cat":[38,629],"product_tag":[705,710,689,690,692,691,687,703,704,677,701,712,715,695,696,678,700,683,707,694,709,685,708,706,684,688,713,686,693,698,699,702,697,711,714],"class_list":{"0":"post-1808","1":"product","2":"type-product","3":"status-publish","4":"has-post-thumbnail","6":"product_cat-automacao-industrial","7":"product_cat-nu-star","8":"product_tag-acessorios-personalizados","9":"product_tag-alta-capacidade-de-empurrar-puxar","10":"product_tag-aplicacoes-agricolas","11":"product_tag-aplicacoes-ferroviarias","12":"product_tag-aplicacoes-industriais","13":"product_tag-aplicacoes-na-construcao","14":"product_tag-aumento-da-produtividade","15":"product_tag-baterias-de-ciclo-profundo","16":"product_tag-carregador-embutido","17":"product_tag-construcao-civil","18":"product_tag-controle-total","19":"product_tag-diagnostico","20":"product_tag-eficiencia-operacional","21":"product_tag-empurrar-e-puxar-cargas","22":"product_tag-equipamento-de-movimentacao","23":"product_tag-equipamentos-industriais","24":"product_tag-ergonomia","25":"product_tag-extra-duty-powerpusher","26":"product_tag-facil-manobrabilidade","27":"product_tag-manuseio-de-materiais","28":"product_tag-manutencao-simplificada","29":"product_tag-movimentacao-de-cargas-pesadas","30":"product_tag-otimizacao-do-espaco","31":"product_tag-pneus-resistentes","32":"product_tag-rebocador-eletrico","33":"product_tag-reducao-de-mao-de-obra","34":"product_tag-seguranca-do-ambiente-de-trabalho","35":"product_tag-seguranca-do-operador","36":"product_tag-solucao-flexivel","37":"product_tag-substituicao-de-empilhadeiras","38":"product_tag-substituicao-de-tratores","39":"product_tag-transaxle","40":"product_tag-transporte-de-cargas","41":"product_tag-velocidade-ajustavel","42":"product_tag-versatilidade","44":"first","45":"onbackorder","46":"shipping-taxable","47":"purchasable","48":"product-type-simple"},"yoast_head":"<!-- This site is optimized with the Yoast SEO plugin v27.2 - https:\/\/yoast.com\/product\/yoast-seo-wordpress\/ -->\n<title>Empurrador e Puxador de Reboques Engate E-750 at\u00e9 3,4 Toneladas E-750 Trailer Mover\u2122<\/title>\n<meta name=\"description\" content=\"Empurrador e Puxador de Reboques E-750. Mova reboques e ve\u00edculos de at\u00e9 3 toneladas com facilidade com o E-750 Trailer Mover. Clique aqui e saiba mais.\" \/>\n<meta name=\"robots\" content=\"index, follow, max-snippet:-1, max-image-preview:large, max-video-preview:-1\" \/>\n<link rel=\"canonical\" href=\"https:\/\/lojaopening.com.br\/shopp\/produto\/empurrador-e-puxador-de-reboques-engate-e-750-ate-34-toneladas-e-750-trailer-mover\/\" \/>\n<meta property=\"og:locale\" content=\"pt_PT\" \/>\n<meta property=\"og:type\" content=\"article\" \/>\n<meta property=\"og:title\" content=\"Empurrador e Puxador de Reboques Engate E-750 at\u00e9 3,4 Toneladas E-750 Trailer Mover\u2122\" \/>\n<meta property=\"og:description\" content=\"Empurrador e Puxador de Reboques E-750. Mova reboques e ve\u00edculos de at\u00e9 3 toneladas com facilidade com o E-750 Trailer Mover. Clique aqui e saiba mais.\" \/>\n<meta property=\"og:url\" content=\"https:\/\/lojaopening.com.br\/shopp\/produto\/empurrador-e-puxador-de-reboques-engate-e-750-ate-34-toneladas-e-750-trailer-mover\/\" \/>\n<meta property=\"og:site_name\" content=\"Loja Opening\" \/>\n<meta property=\"article:modified_time\" content=\"2024-06-14T23:11:16+00:00\" \/>\n<meta property=\"og:image\" content=\"https:\/\/lojaopening.com.br\/wp-content\/uploads\/2023\/09\/e-750-trailer-mover.png.webp\" \/>\n\t<meta property=\"og:image:width\" content=\"422\" \/>\n\t<meta property=\"og:image:height\" content=\"400\" \/>\n\t<meta property=\"og:image:type\" content=\"image\/webp\" \/>\n<meta name=\"twitter:card\" content=\"summary_large_image\" \/>\n<meta name=\"twitter:label1\" content=\"Tempo estimado de leitura\" \/>\n\t<meta name=\"twitter:data1\" content=\"3 minutos\" \/>\n<script type=\"application\/ld+json\" class=\"yoast-schema-graph\">{\"@context\":\"https:\/\/schema.org\",\"@graph\":[{\"@type\":\"WebPage\",\"@id\":\"https:\/\/lojaopening.com.br\/shopp\/produto\/empurrador-e-puxador-de-reboques-engate-e-750-ate-34-toneladas-e-750-trailer-mover\/\",\"url\":\"https:\/\/lojaopening.com.br\/shopp\/produto\/empurrador-e-puxador-de-reboques-engate-e-750-ate-34-toneladas-e-750-trailer-mover\/\",\"name\":\"Empurrador e Puxador de Reboques Engate E-750 at\u00e9 3,4 Toneladas E-750 Trailer Mover\u2122\",\"isPartOf\":{\"@id\":\"https:\/\/lojaopening.com.br\/shopp\/#website\"},\"primaryImageOfPage\":{\"@id\":\"https:\/\/lojaopening.com.br\/shopp\/produto\/empurrador-e-puxador-de-reboques-engate-e-750-ate-34-toneladas-e-750-trailer-mover\/#primaryimage\"},\"image\":{\"@id\":\"https:\/\/lojaopening.com.br\/shopp\/produto\/empurrador-e-puxador-de-reboques-engate-e-750-ate-34-toneladas-e-750-trailer-mover\/#primaryimage\"},\"thumbnailUrl\":\"https:\/\/lojaopening.com.br\/wp-content\/uploads\/2023\/09\/e-750-trailer-mover.png.webp\",\"datePublished\":\"2023-09-28T17:51:39+00:00\",\"dateModified\":\"2024-06-14T23:11:16+00:00\",\"description\":\"Empurrador e Puxador de Reboques E-750. Mova reboques e ve\u00edculos de at\u00e9 3 toneladas com facilidade com o E-750 Trailer Mover. Clique aqui e saiba mais.\",\"breadcrumb\":{\"@id\":\"https:\/\/lojaopening.com.br\/shopp\/produto\/empurrador-e-puxador-de-reboques-engate-e-750-ate-34-toneladas-e-750-trailer-mover\/#breadcrumb\"},\"inLanguage\":\"pt-PT\",\"potentialAction\":[{\"@type\":\"ReadAction\",\"target\":[\"https:\/\/lojaopening.com.br\/shopp\/produto\/empurrador-e-puxador-de-reboques-engate-e-750-ate-34-toneladas-e-750-trailer-mover\/\"]}]},{\"@type\":\"ImageObject\",\"inLanguage\":\"pt-PT\",\"@id\":\"https:\/\/lojaopening.com.br\/shopp\/produto\/empurrador-e-puxador-de-reboques-engate-e-750-ate-34-toneladas-e-750-trailer-mover\/#primaryimage\",\"url\":\"https:\/\/lojaopening.com.br\/wp-content\/uploads\/2023\/09\/e-750-trailer-mover.png.webp\",\"contentUrl\":\"https:\/\/lojaopening.com.br\/wp-content\/uploads\/2023\/09\/e-750-trailer-mover.png.webp\",\"width\":422,\"height\":400},{\"@type\":\"BreadcrumbList\",\"@id\":\"https:\/\/lojaopening.com.br\/shopp\/produto\/empurrador-e-puxador-de-reboques-engate-e-750-ate-34-toneladas-e-750-trailer-mover\/#breadcrumb\",\"itemListElement\":[{\"@type\":\"ListItem\",\"position\":1,\"name\":\"In\u00edcio\",\"item\":\"https:\/\/lojaopening.com.br\/shopp\/\"},{\"@type\":\"ListItem\",\"position\":2,\"name\":\"Shop\",\"item\":\"https:\/\/lojaopening.com.br\/shopp\/shopp\/\"},{\"@type\":\"ListItem\",\"position\":3,\"name\":\"Empurrador e Puxador de Reboques Engate E-750 at\u00e9 3,4 Toneladas E-750 Trailer Mover\u2122\"}]},{\"@type\":\"WebSite\",\"@id\":\"https:\/\/lojaopening.com.br\/shopp\/#website\",\"url\":\"https:\/\/lojaopening.com.br\/shopp\/\",\"name\":\"Loja Opening\",\"description\":\"\",\"publisher\":{\"@id\":\"https:\/\/lojaopening.com.br\/shopp\/#organization\"},\"potentialAction\":[{\"@type\":\"SearchAction\",\"target\":{\"@type\":\"EntryPoint\",\"urlTemplate\":\"https:\/\/lojaopening.com.br\/shopp\/?s={search_term_string}\"},\"query-input\":{\"@type\":\"PropertyValueSpecification\",\"valueRequired\":true,\"valueName\":\"search_term_string\"}}],\"inLanguage\":\"pt-PT\"},{\"@type\":\"Organization\",\"@id\":\"https:\/\/lojaopening.com.br\/shopp\/#organization\",\"name\":\"Opening World Coml Import Export Ltda\",\"url\":\"https:\/\/lojaopening.com.br\/shopp\/\",\"logo\":{\"@type\":\"ImageObject\",\"inLanguage\":\"pt-PT\",\"@id\":\"https:\/\/lojaopening.com.br\/shopp\/#\/schema\/logo\/image\/\",\"url\":\"https:\/\/lojaopening.com.br\/wp-content\/uploads\/2020\/09\/logo_header.png\",\"contentUrl\":\"https:\/\/lojaopening.com.br\/wp-content\/uploads\/2020\/09\/logo_header.png\",\"width\":1279,\"height\":328,\"caption\":\"Opening World Coml Import Export Ltda\"},\"image\":{\"@id\":\"https:\/\/lojaopening.com.br\/shopp\/#\/schema\/logo\/image\/\"}}]}<\/script>\n<!-- \/ Yoast SEO plugin. -->","yoast_head_json":{"title":"Empurrador e Puxador de Reboques Engate E-750 at\u00e9 3,4 Toneladas E-750 Trailer Mover\u2122","description":"Empurrador e Puxador de Reboques E-750. Mova reboques e ve\u00edculos de at\u00e9 3 toneladas com facilidade com o E-750 Trailer Mover. Clique aqui e saiba mais.","robots":{"index":"index","follow":"follow","max-snippet":"max-snippet:-1","max-image-preview":"max-image-preview:large","max-video-preview":"max-video-preview:-1"},"canonical":"https:\/\/lojaopening.com.br\/shopp\/produto\/empurrador-e-puxador-de-reboques-engate-e-750-ate-34-toneladas-e-750-trailer-mover\/","og_locale":"pt_PT","og_type":"article","og_title":"Empurrador e Puxador de Reboques Engate E-750 at\u00e9 3,4 Toneladas E-750 Trailer Mover\u2122","og_description":"Empurrador e Puxador de Reboques E-750. Mova reboques e ve\u00edculos de at\u00e9 3 toneladas com facilidade com o E-750 Trailer Mover. Clique aqui e saiba mais.","og_url":"https:\/\/lojaopening.com.br\/shopp\/produto\/empurrador-e-puxador-de-reboques-engate-e-750-ate-34-toneladas-e-750-trailer-mover\/","og_site_name":"Loja Opening","article_modified_time":"2024-06-14T23:11:16+00:00","og_image":[{"width":422,"height":400,"url":"https:\/\/lojaopening.com.br\/wp-content\/uploads\/2023\/09\/e-750-trailer-mover.png.webp","type":"image\/webp"}],"twitter_card":"summary_large_image","twitter_misc":{"Tempo estimado de leitura":"3 minutos"},"schema":{"@context":"https:\/\/schema.org","@graph":[{"@type":"WebPage","@id":"https:\/\/lojaopening.com.br\/shopp\/produto\/empurrador-e-puxador-de-reboques-engate-e-750-ate-34-toneladas-e-750-trailer-mover\/","url":"https:\/\/lojaopening.com.br\/shopp\/produto\/empurrador-e-puxador-de-reboques-engate-e-750-ate-34-toneladas-e-750-trailer-mover\/","name":"Empurrador e Puxador de Reboques Engate E-750 at\u00e9 3,4 Toneladas E-750 Trailer Mover\u2122","isPartOf":{"@id":"https:\/\/lojaopening.com.br\/shopp\/#website"},"primaryImageOfPage":{"@id":"https:\/\/lojaopening.com.br\/shopp\/produto\/empurrador-e-puxador-de-reboques-engate-e-750-ate-34-toneladas-e-750-trailer-mover\/#primaryimage"},"image":{"@id":"https:\/\/lojaopening.com.br\/shopp\/produto\/empurrador-e-puxador-de-reboques-engate-e-750-ate-34-toneladas-e-750-trailer-mover\/#primaryimage"},"thumbnailUrl":"https:\/\/lojaopening.com.br\/wp-content\/uploads\/2023\/09\/e-750-trailer-mover.png.webp","datePublished":"2023-09-28T17:51:39+00:00","dateModified":"2024-06-14T23:11:16+00:00","description":"Empurrador e Puxador de Reboques E-750. Mova reboques e ve\u00edculos de at\u00e9 3 toneladas com facilidade com o E-750 Trailer Mover. Clique aqui e saiba mais.","breadcrumb":{"@id":"https:\/\/lojaopening.com.br\/shopp\/produto\/empurrador-e-puxador-de-reboques-engate-e-750-ate-34-toneladas-e-750-trailer-mover\/#breadcrumb"},"inLanguage":"pt-PT","potentialAction":[{"@type":"ReadAction","target":["https:\/\/lojaopening.com.br\/shopp\/produto\/empurrador-e-puxador-de-reboques-engate-e-750-ate-34-toneladas-e-750-trailer-mover\/"]}]},{"@type":"ImageObject","inLanguage":"pt-PT","@id":"https:\/\/lojaopening.com.br\/shopp\/produto\/empurrador-e-puxador-de-reboques-engate-e-750-ate-34-toneladas-e-750-trailer-mover\/#primaryimage","url":"https:\/\/lojaopening.com.br\/wp-content\/uploads\/2023\/09\/e-750-trailer-mover.png.webp","contentUrl":"https:\/\/lojaopening.com.br\/wp-content\/uploads\/2023\/09\/e-750-trailer-mover.png.webp","width":422,"height":400},{"@type":"BreadcrumbList","@id":"https:\/\/lojaopening.com.br\/shopp\/produto\/empurrador-e-puxador-de-reboques-engate-e-750-ate-34-toneladas-e-750-trailer-mover\/#breadcrumb","itemListElement":[{"@type":"ListItem","position":1,"name":"In\u00edcio","item":"https:\/\/lojaopening.com.br\/shopp\/"},{"@type":"ListItem","position":2,"name":"Shop","item":"https:\/\/lojaopening.com.br\/shopp\/shopp\/"},{"@type":"ListItem","position":3,"name":"Empurrador e Puxador de Reboques Engate E-750 at\u00e9 3,4 Toneladas E-750 Trailer Mover\u2122"}]},{"@type":"WebSite","@id":"https:\/\/lojaopening.com.br\/shopp\/#website","url":"https:\/\/lojaopening.com.br\/shopp\/","name":"Loja Opening","description":"","publisher":{"@id":"https:\/\/lojaopening.com.br\/shopp\/#organization"},"potentialAction":[{"@type":"SearchAction","target":{"@type":"EntryPoint","urlTemplate":"https:\/\/lojaopening.com.br\/shopp\/?s={search_term_string}"},"query-input":{"@type":"PropertyValueSpecification","valueRequired":true,"valueName":"search_term_string"}}],"inLanguage":"pt-PT"},{"@type":"Organization","@id":"https:\/\/lojaopening.com.br\/shopp\/#organization","name":"Opening World Coml Import Export Ltda","url":"https:\/\/lojaopening.com.br\/shopp\/","logo":{"@type":"ImageObject","inLanguage":"pt-PT","@id":"https:\/\/lojaopening.com.br\/shopp\/#\/schema\/logo\/image\/","url":"https:\/\/lojaopening.com.br\/wp-content\/uploads\/2020\/09\/logo_header.png","contentUrl":"https:\/\/lojaopening.com.br\/wp-content\/uploads\/2020\/09\/logo_header.png","width":1279,"height":328,"caption":"Opening World Coml Import Export Ltda"},"image":{"@id":"https:\/\/lojaopening.com.br\/shopp\/#\/schema\/logo\/image\/"}}]}},"_links":{"self":[{"href":"https:\/\/lojaopening.com.br\/shopp\/wp-json\/wp\/v2\/product\/1808","targetHints":{"allow":["GET"]}}],"collection":[{"href":"https:\/\/lojaopening.com.br\/shopp\/wp-json\/wp\/v2\/product"}],"about":[{"href":"https:\/\/lojaopening.com.br\/shopp\/wp-json\/wp\/v2\/types\/product"}],"wp:featuredmedia":[{"embeddable":true,"href":"https:\/\/lojaopening.com.br\/shopp\/wp-json\/wp\/v2\/media\/1810"}],"wp:attachment":[{"href":"https:\/\/lojaopening.com.br\/shopp\/wp-json\/wp\/v2\/media?parent=1808"}],"wp:term":[{"taxonomy":"product_brand","embeddable":true,"href":"https:\/\/lojaopening.com.br\/shopp\/wp-json\/wp\/v2\/product_brand?post=1808"},{"taxonomy":"product_cat","embeddable":true,"href":"https:\/\/lojaopening.com.br\/shopp\/wp-json\/wp\/v2\/product_cat?post=1808"},{"taxonomy":"product_tag","embeddable":true,"href":"https:\/\/lojaopening.com.br\/shopp\/wp-json\/wp\/v2\/product_tag?post=1808"}],"curies":[{"name":"wp","href":"https:\/\/api.w.org\/{rel}","templated":true}]}}