{"id":1814,"date":"2023-10-31T00:10:23","date_gmt":"2023-10-31T00:10:23","guid":{"rendered":"https:\/\/lojaopening.com.br\/shopp\/?post_type=product&#038;p=1814"},"modified":"2023-10-31T00:50:50","modified_gmt":"2023-10-31T00:50:50","slug":"cortador-automatico-de-vegetais-industrial-nilma-rg","status":"publish","type":"product","link":"https:\/\/lojaopening.com.br\/shopp\/produto\/cortador-automatico-de-vegetais-industrial-nilma-rg\/","title":{"rendered":"Cortador Autom\u00e1tico de Vegetais Industrial Nilma RG"},"content":{"rendered":"<h1>Cortador Autom\u00e1tico de Vegetais Industrial Nilma RG<\/h1>\n<p>&nbsp;<\/p>\n<p>As m\u00e1quinas de prepara\u00e7\u00e3o de vegetais RG s\u00e3o a escolha definitiva para profissionais da culin\u00e1ria que buscam otimizar a prepara\u00e7\u00e3o de vegetais e adicionar qualidade \u00e0s suas refei\u00e7\u00f5es. Com modelos que atendem a uma variedade de necessidades, a linha RG oferece a solu\u00e7\u00e3o perfeita para economizar tempo e atender aos padr\u00f5es mais exigentes de higiene.<\/p>\n<p><strong>Recursos Destacados:<\/strong><\/p>\n<ul>\n<li><em>Rapidez e Versatilidade<\/em>: As m\u00e1quinas RG cortam, fatiam, ralam e desfiam uma ampla gama de ingredientes, incluindo vegetais, ra\u00edzes, frutas frescas, nozes, p\u00e3es e queijos.<\/li>\n<li><em>Carregamento Simples<\/em>: Os funis de alimenta\u00e7\u00e3o pr\u00e1ticos facilitam o carregamento dos ingredientes, economizando tempo e esfor\u00e7o.<\/li>\n<li><em>Corte Preciso<\/em>: Gra\u00e7as \u00e0 variedade de ferramentas de corte dispon\u00edveis, voc\u00ea obt\u00e9m o formato e a espessura desejados, mesmo com produtos delicados e suculentos.<\/li>\n<\/ul>\n<p><strong>Aplica\u00e7\u00f5es Ideais:<\/strong><\/p>\n<ul>\n<li>Canteens<\/li>\n<li>Hot\u00e9is<\/li>\n<li>Restaurantes<\/li>\n<li>Institui\u00e7\u00f5es<\/li>\n<li>Cozinhas centralizadas<\/li>\n<li>Produ\u00e7\u00e3o de alimentos industriais<\/li>\n<li>Plantas de processamento de Quarta Gama<\/li>\n<\/ul>\n<p>Escolha o modelo RG que melhor atende \u00e0s suas necessidades:<\/p>\n<ul>\n<li><strong>RG100<\/strong>: Ideal para 50 a 200 refei\u00e7\u00f5es.<\/li>\n<li><strong>RG200<\/strong>: Ideal para 200 a 400 refei\u00e7\u00f5es.<\/li>\n<li><strong>RG250<\/strong>: Ideal para 400 a 600 refei\u00e7\u00f5es.<\/li>\n<li><strong>G350<\/strong>: Ideal para 600 a 1.000 refei\u00e7\u00f5es.<\/li>\n<li><strong>RG400i<\/strong>: Ideal para 1.000 a 5.000 refei\u00e7\u00f5es e para produ\u00e7\u00e3o de alimentos industriais e plantas de processamento de Quarta Gama.<\/li>\n<\/ul>\n<p>&nbsp;<\/p>\n<p><span class=\"YrbPuc WGKbId BBwThe\"><strong>Fabricante:<\/strong>\u00a0<\/span><span class=\"wHYlTd z8gr9e\">NILMA &#8211; IT\u00c1LIA<\/span><\/p>\n<p><span class=\"YrbPuc WGKbId BBwThe\"><strong>Data de entrega:<\/strong>\u00a0<\/span><span class=\"wHYlTd z8gr9e\">Sob encomenda<\/span><\/p>\n<p><strong>Local de entrega:<\/strong> Ex-Works &#8211; Belo Horizonte-MG &#8211; Informar transportadora de sua prefer\u00eancia<\/p>\n<p><strong>ICMS:<\/strong> 18% incluso &#8211; V\u00e1lido para Minas Gerais ( outros Estados converter para a al\u00edquota de ICMS de 4% conforme RESOLU\u00c7\u00c3O SENDADO FEDERAL 13\/2012)<\/p>\n<p><strong>PIS:<\/strong> 0,65% &#8211; Incluso<\/p>\n<p><strong>COFINS:<\/strong> 3%\u00a0 Incluso<\/p>\n<p><strong>IRPJ:<\/strong> 1% Incluso<\/p>\n<p><strong>CSSL:<\/strong> 1,2% Incluso<\/p>\n<p><strong>IPI:<\/strong> 0% &#8211; N\u00e3o Incidente<\/p>\n<p><strong>Condi\u00e7\u00f5es de Pagamento:<\/strong> A NEGOCIAR DE ACORDO COM O VOLUME DE COMPRAS &#8211;\u00a0 mediante aprova\u00e7\u00e3o Cadastral contra dep\u00f3sito no Banco do Brasil S\/A<\/p>\n<p><strong>Origem do Produto:<\/strong> Importado, Importa\u00e7\u00e3o Direta &#8211; CST-100<\/p>\n<p><strong>CNPJ de faturamento:<\/strong> 71.347.934\/0001-42 &#8211;\u00a0 Opening World Coml Import Export Ltda<\/p>\n<p>PRE\u00c7OS V\u00c1LIDOS PARA FATURAMENTO PARA\u00a0EMPRESAS COM CNPJ ATIVO, CONSUMIDOR FINAL. CONTRIBUINTE, PARA USO E CONSUMO PR\u00d3PRIO\/ATIVO NO ESTADO DE MINAS GERAIS. PARA OUTROS ESTADOS SOLICITE SUA COTA\u00c7\u00c3O PARA RECEBIMENTO DAS CONDI\u00c7\u00d5ES COMERCIAIS<\/p>\n<p><strong>Clique em Cotar para receber cota\u00e7\u00e3o t\u00e9cnica e comercial<\/strong><\/p>\n<p><iframe title=\"YouTube video player\" src=\"https:\/\/www.youtube.com\/embed\/AtxGVOhCsnE?si=Z1Sgr-2ZyYstQsDd&amp;start=8\" width=\"560\" height=\"315\" frameborder=\"0\" allowfullscreen=\"allowfullscreen\"><\/iframe><\/p>\n","protected":false},"excerpt":{"rendered":"<p>Abridor El\u00e9trico Autom\u00e1tico de Latas Industrial em a\u00e7o inox modelo Apribox83802010<\/p>\n","protected":false},"featured_media":1818,"template":"","meta":[],"product_brand":[],"product_cat":[39,443],"product_tag":[718,717,719],"class_list":{"0":"post-1814","1":"product","2":"type-product","3":"status-publish","4":"has-post-thumbnail","6":"product_cat-cozinha-industrial","7":"product_cat-nilma","8":"product_tag-cortador-automatico-de-vegetais","9":"product_tag-cozinha-industrial","10":"product_tag-nilma","12":"first","13":"onbackorder","14":"featured","15":"shipping-taxable","16":"purchasable","17":"product-type-simple"},"yoast_head":"<!-- This site is optimized with the Yoast SEO plugin v27.2 - https:\/\/yoast.com\/product\/yoast-seo-wordpress\/ -->\n<title>Cortador Autom\u00e1tico de Vegetais Industrial Nilma RG<\/title>\n<meta name=\"description\" content=\"Cortador Autom\u00e1tico de Vegetais Industrial Nilma RG para Hot\u00e9is, Restaurantes, Cozinhas Industriais, Institui\u00e7\u00f5es e Pequenos Neg\u00f3cios\" \/>\n<meta name=\"robots\" content=\"index, follow, max-snippet:-1, max-image-preview:large, max-video-preview:-1\" \/>\n<link rel=\"canonical\" href=\"https:\/\/lojaopening.com.br\/shopp\/produto\/cortador-automatico-de-vegetais-industrial-nilma-rg\/\" \/>\n<meta property=\"og:locale\" content=\"pt_PT\" \/>\n<meta property=\"og:type\" content=\"article\" \/>\n<meta property=\"og:title\" content=\"Cortador Autom\u00e1tico de Vegetais Industrial Nilma RG\" \/>\n<meta property=\"og:description\" content=\"Cortador Autom\u00e1tico de Vegetais Industrial Nilma RG para Hot\u00e9is, Restaurantes, Cozinhas Industriais, Institui\u00e7\u00f5es e Pequenos Neg\u00f3cios\" \/>\n<meta property=\"og:url\" content=\"https:\/\/lojaopening.com.br\/shopp\/produto\/cortador-automatico-de-vegetais-industrial-nilma-rg\/\" \/>\n<meta property=\"og:site_name\" content=\"Loja Opening\" \/>\n<meta property=\"article:modified_time\" content=\"2023-10-31T00:50:50+00:00\" \/>\n<meta property=\"og:image\" content=\"https:\/\/lojaopening.com.br\/wp-content\/uploads\/2023\/10\/rg400-1.png.webp\" \/>\n\t<meta property=\"og:image:width\" content=\"653\" \/>\n\t<meta property=\"og:image:height\" content=\"800\" \/>\n\t<meta property=\"og:image:type\" content=\"image\/webp\" \/>\n<meta name=\"twitter:card\" content=\"summary_large_image\" \/>\n<meta name=\"twitter:label1\" content=\"Tempo estimado de leitura\" \/>\n\t<meta name=\"twitter:data1\" content=\"2 minutos\" \/>\n<script type=\"application\/ld+json\" class=\"yoast-schema-graph\">{\"@context\":\"https:\/\/schema.org\",\"@graph\":[{\"@type\":\"WebPage\",\"@id\":\"https:\/\/lojaopening.com.br\/shopp\/produto\/cortador-automatico-de-vegetais-industrial-nilma-rg\/\",\"url\":\"https:\/\/lojaopening.com.br\/shopp\/produto\/cortador-automatico-de-vegetais-industrial-nilma-rg\/\",\"name\":\"Cortador Autom\u00e1tico de Vegetais Industrial Nilma RG\",\"isPartOf\":{\"@id\":\"https:\/\/lojaopening.com.br\/shopp\/#website\"},\"primaryImageOfPage\":{\"@id\":\"https:\/\/lojaopening.com.br\/shopp\/produto\/cortador-automatico-de-vegetais-industrial-nilma-rg\/#primaryimage\"},\"image\":{\"@id\":\"https:\/\/lojaopening.com.br\/shopp\/produto\/cortador-automatico-de-vegetais-industrial-nilma-rg\/#primaryimage\"},\"thumbnailUrl\":\"https:\/\/lojaopening.com.br\/wp-content\/uploads\/2023\/10\/rg400-1.png.webp\",\"datePublished\":\"2023-10-31T00:10:23+00:00\",\"dateModified\":\"2023-10-31T00:50:50+00:00\",\"description\":\"Cortador Autom\u00e1tico de Vegetais Industrial Nilma RG para Hot\u00e9is, Restaurantes, Cozinhas Industriais, Institui\u00e7\u00f5es e Pequenos Neg\u00f3cios\",\"breadcrumb\":{\"@id\":\"https:\/\/lojaopening.com.br\/shopp\/produto\/cortador-automatico-de-vegetais-industrial-nilma-rg\/#breadcrumb\"},\"inLanguage\":\"pt-PT\",\"potentialAction\":[{\"@type\":\"ReadAction\",\"target\":[\"https:\/\/lojaopening.com.br\/shopp\/produto\/cortador-automatico-de-vegetais-industrial-nilma-rg\/\"]}]},{\"@type\":\"ImageObject\",\"inLanguage\":\"pt-PT\",\"@id\":\"https:\/\/lojaopening.com.br\/shopp\/produto\/cortador-automatico-de-vegetais-industrial-nilma-rg\/#primaryimage\",\"url\":\"https:\/\/lojaopening.com.br\/wp-content\/uploads\/2023\/10\/rg400-1.png.webp\",\"contentUrl\":\"https:\/\/lojaopening.com.br\/wp-content\/uploads\/2023\/10\/rg400-1.png.webp\",\"width\":653,\"height\":800},{\"@type\":\"BreadcrumbList\",\"@id\":\"https:\/\/lojaopening.com.br\/shopp\/produto\/cortador-automatico-de-vegetais-industrial-nilma-rg\/#breadcrumb\",\"itemListElement\":[{\"@type\":\"ListItem\",\"position\":1,\"name\":\"In\u00edcio\",\"item\":\"https:\/\/lojaopening.com.br\/shopp\/\"},{\"@type\":\"ListItem\",\"position\":2,\"name\":\"Shop\",\"item\":\"https:\/\/lojaopening.com.br\/shopp\/shopp\/\"},{\"@type\":\"ListItem\",\"position\":3,\"name\":\"Cortador Autom\u00e1tico de Vegetais Industrial Nilma RG\"}]},{\"@type\":\"WebSite\",\"@id\":\"https:\/\/lojaopening.com.br\/shopp\/#website\",\"url\":\"https:\/\/lojaopening.com.br\/shopp\/\",\"name\":\"Loja Opening\",\"description\":\"\",\"publisher\":{\"@id\":\"https:\/\/lojaopening.com.br\/shopp\/#organization\"},\"potentialAction\":[{\"@type\":\"SearchAction\",\"target\":{\"@type\":\"EntryPoint\",\"urlTemplate\":\"https:\/\/lojaopening.com.br\/shopp\/?s={search_term_string}\"},\"query-input\":{\"@type\":\"PropertyValueSpecification\",\"valueRequired\":true,\"valueName\":\"search_term_string\"}}],\"inLanguage\":\"pt-PT\"},{\"@type\":\"Organization\",\"@id\":\"https:\/\/lojaopening.com.br\/shopp\/#organization\",\"name\":\"Opening World Coml Import Export Ltda\",\"url\":\"https:\/\/lojaopening.com.br\/shopp\/\",\"logo\":{\"@type\":\"ImageObject\",\"inLanguage\":\"pt-PT\",\"@id\":\"https:\/\/lojaopening.com.br\/shopp\/#\/schema\/logo\/image\/\",\"url\":\"https:\/\/lojaopening.com.br\/wp-content\/uploads\/2020\/09\/logo_header.png\",\"contentUrl\":\"https:\/\/lojaopening.com.br\/wp-content\/uploads\/2020\/09\/logo_header.png\",\"width\":1279,\"height\":328,\"caption\":\"Opening World Coml Import Export Ltda\"},\"image\":{\"@id\":\"https:\/\/lojaopening.com.br\/shopp\/#\/schema\/logo\/image\/\"}}]}<\/script>\n<!-- \/ Yoast SEO plugin. -->","yoast_head_json":{"title":"Cortador Autom\u00e1tico de Vegetais Industrial Nilma RG","description":"Cortador Autom\u00e1tico de Vegetais Industrial Nilma RG para Hot\u00e9is, Restaurantes, Cozinhas Industriais, Institui\u00e7\u00f5es e Pequenos Neg\u00f3cios","robots":{"index":"index","follow":"follow","max-snippet":"max-snippet:-1","max-image-preview":"max-image-preview:large","max-video-preview":"max-video-preview:-1"},"canonical":"https:\/\/lojaopening.com.br\/shopp\/produto\/cortador-automatico-de-vegetais-industrial-nilma-rg\/","og_locale":"pt_PT","og_type":"article","og_title":"Cortador Autom\u00e1tico de Vegetais Industrial Nilma RG","og_description":"Cortador Autom\u00e1tico de Vegetais Industrial Nilma RG para Hot\u00e9is, Restaurantes, Cozinhas Industriais, Institui\u00e7\u00f5es e Pequenos Neg\u00f3cios","og_url":"https:\/\/lojaopening.com.br\/shopp\/produto\/cortador-automatico-de-vegetais-industrial-nilma-rg\/","og_site_name":"Loja Opening","article_modified_time":"2023-10-31T00:50:50+00:00","og_image":[{"width":653,"height":800,"url":"https:\/\/lojaopening.com.br\/wp-content\/uploads\/2023\/10\/rg400-1.png.webp","type":"image\/webp"}],"twitter_card":"summary_large_image","twitter_misc":{"Tempo estimado de leitura":"2 minutos"},"schema":{"@context":"https:\/\/schema.org","@graph":[{"@type":"WebPage","@id":"https:\/\/lojaopening.com.br\/shopp\/produto\/cortador-automatico-de-vegetais-industrial-nilma-rg\/","url":"https:\/\/lojaopening.com.br\/shopp\/produto\/cortador-automatico-de-vegetais-industrial-nilma-rg\/","name":"Cortador Autom\u00e1tico de Vegetais Industrial Nilma RG","isPartOf":{"@id":"https:\/\/lojaopening.com.br\/shopp\/#website"},"primaryImageOfPage":{"@id":"https:\/\/lojaopening.com.br\/shopp\/produto\/cortador-automatico-de-vegetais-industrial-nilma-rg\/#primaryimage"},"image":{"@id":"https:\/\/lojaopening.com.br\/shopp\/produto\/cortador-automatico-de-vegetais-industrial-nilma-rg\/#primaryimage"},"thumbnailUrl":"https:\/\/lojaopening.com.br\/wp-content\/uploads\/2023\/10\/rg400-1.png.webp","datePublished":"2023-10-31T00:10:23+00:00","dateModified":"2023-10-31T00:50:50+00:00","description":"Cortador Autom\u00e1tico de Vegetais Industrial Nilma RG para Hot\u00e9is, Restaurantes, Cozinhas Industriais, Institui\u00e7\u00f5es e Pequenos Neg\u00f3cios","breadcrumb":{"@id":"https:\/\/lojaopening.com.br\/shopp\/produto\/cortador-automatico-de-vegetais-industrial-nilma-rg\/#breadcrumb"},"inLanguage":"pt-PT","potentialAction":[{"@type":"ReadAction","target":["https:\/\/lojaopening.com.br\/shopp\/produto\/cortador-automatico-de-vegetais-industrial-nilma-rg\/"]}]},{"@type":"ImageObject","inLanguage":"pt-PT","@id":"https:\/\/lojaopening.com.br\/shopp\/produto\/cortador-automatico-de-vegetais-industrial-nilma-rg\/#primaryimage","url":"https:\/\/lojaopening.com.br\/wp-content\/uploads\/2023\/10\/rg400-1.png.webp","contentUrl":"https:\/\/lojaopening.com.br\/wp-content\/uploads\/2023\/10\/rg400-1.png.webp","width":653,"height":800},{"@type":"BreadcrumbList","@id":"https:\/\/lojaopening.com.br\/shopp\/produto\/cortador-automatico-de-vegetais-industrial-nilma-rg\/#breadcrumb","itemListElement":[{"@type":"ListItem","position":1,"name":"In\u00edcio","item":"https:\/\/lojaopening.com.br\/shopp\/"},{"@type":"ListItem","position":2,"name":"Shop","item":"https:\/\/lojaopening.com.br\/shopp\/shopp\/"},{"@type":"ListItem","position":3,"name":"Cortador Autom\u00e1tico de Vegetais Industrial Nilma RG"}]},{"@type":"WebSite","@id":"https:\/\/lojaopening.com.br\/shopp\/#website","url":"https:\/\/lojaopening.com.br\/shopp\/","name":"Loja Opening","description":"","publisher":{"@id":"https:\/\/lojaopening.com.br\/shopp\/#organization"},"potentialAction":[{"@type":"SearchAction","target":{"@type":"EntryPoint","urlTemplate":"https:\/\/lojaopening.com.br\/shopp\/?s={search_term_string}"},"query-input":{"@type":"PropertyValueSpecification","valueRequired":true,"valueName":"search_term_string"}}],"inLanguage":"pt-PT"},{"@type":"Organization","@id":"https:\/\/lojaopening.com.br\/shopp\/#organization","name":"Opening World Coml Import Export Ltda","url":"https:\/\/lojaopening.com.br\/shopp\/","logo":{"@type":"ImageObject","inLanguage":"pt-PT","@id":"https:\/\/lojaopening.com.br\/shopp\/#\/schema\/logo\/image\/","url":"https:\/\/lojaopening.com.br\/wp-content\/uploads\/2020\/09\/logo_header.png","contentUrl":"https:\/\/lojaopening.com.br\/wp-content\/uploads\/2020\/09\/logo_header.png","width":1279,"height":328,"caption":"Opening World Coml Import Export Ltda"},"image":{"@id":"https:\/\/lojaopening.com.br\/shopp\/#\/schema\/logo\/image\/"}}]}},"_links":{"self":[{"href":"https:\/\/lojaopening.com.br\/shopp\/wp-json\/wp\/v2\/product\/1814","targetHints":{"allow":["GET"]}}],"collection":[{"href":"https:\/\/lojaopening.com.br\/shopp\/wp-json\/wp\/v2\/product"}],"about":[{"href":"https:\/\/lojaopening.com.br\/shopp\/wp-json\/wp\/v2\/types\/product"}],"wp:featuredmedia":[{"embeddable":true,"href":"https:\/\/lojaopening.com.br\/shopp\/wp-json\/wp\/v2\/media\/1818"}],"wp:attachment":[{"href":"https:\/\/lojaopening.com.br\/shopp\/wp-json\/wp\/v2\/media?parent=1814"}],"wp:term":[{"taxonomy":"product_brand","embeddable":true,"href":"https:\/\/lojaopening.com.br\/shopp\/wp-json\/wp\/v2\/product_brand?post=1814"},{"taxonomy":"product_cat","embeddable":true,"href":"https:\/\/lojaopening.com.br\/shopp\/wp-json\/wp\/v2\/product_cat?post=1814"},{"taxonomy":"product_tag","embeddable":true,"href":"https:\/\/lojaopening.com.br\/shopp\/wp-json\/wp\/v2\/product_tag?post=1814"}],"curies":[{"name":"wp","href":"https:\/\/api.w.org\/{rel}","templated":true}]}}