{"id":1819,"date":"2023-10-31T01:01:02","date_gmt":"2023-10-31T01:01:02","guid":{"rendered":"https:\/\/lojaopening.com.br\/shopp\/?post_type=product&#038;p=1819"},"modified":"2023-10-31T01:07:50","modified_gmt":"2023-10-31T01:07:50","slug":"moldadora-automatica-de-hamburguer-e-almondega-ms-4-inox-nilma","status":"publish","type":"product","link":"https:\/\/lojaopening.com.br\/shopp\/produto\/moldadora-automatica-de-hamburguer-e-almondega-ms-4-inox-nilma\/","title":{"rendered":"Moldadora Autom\u00e1tica de Hamb\u00farguer e Alm\u00f4ndega MS\/4 Inox Nilma"},"content":{"rendered":"<h1>Moldadora Autom\u00e1tica de Hamb\u00farguer e Alm\u00f4ndega MS\/4 Inox Nilma<\/h1>\n<p>&nbsp;<\/p>\n<p>A m\u00e1quina MS\/4 INOX \u00e9 a solu\u00e7\u00e3o ideal para a produ\u00e7\u00e3o eficiente de hamb\u00fargueres e alm\u00f4ndegas em sua cozinha comercial. Moldar centenas desses deliciosos pratos manualmente \u00e9 demorado, trabalhoso e envolve riscos de higiene. A MS\/4 INOX resolve esses desafios, permitindo que voc\u00ea:<\/p>\n<ul>\n<li>Molde hamb\u00fargueres e alm\u00f4ndegas uniformes e compactos.<\/li>\n<li>Garanta que cada pe\u00e7a tenha o peso exato desejado.<\/li>\n<li>Apresente um produto perfeito.<\/li>\n<li>Alcance alta produ\u00e7\u00e3o com apenas um trabalhador.<\/li>\n<li>Garanta higiene impec\u00e1vel, pois n\u00e3o h\u00e1 contato manual com a comida.<\/li>\n<\/ul>\n<p>Al\u00e9m disso, a MS\/4 INOX possui dois discos intercambi\u00e1veis que podem produzir alm\u00f4ndegas com 40 mm de di\u00e2metro ou hamb\u00fargueres com 90 mm de di\u00e2metro, com espessura ajust\u00e1vel de at\u00e9 22 mm. Constru\u00edda em a\u00e7o inoxid\u00e1vel AISI 304, \u00e9 resistente e f\u00e1cil de limpar, pois a tigela, as p\u00e1s e o disco modelador s\u00e3o remov\u00edveis e lav\u00e1veis na lava-lou\u00e7as.<\/p>\n<p>A opera\u00e7\u00e3o da MS\/4 INOX \u00e9 autom\u00e1tica: basta colocar a carne mo\u00edda na tigela e ajustar a espessura desejada para obter uma produ\u00e7\u00e3o de alta velocidade, com capacidade de at\u00e9 1.200 hamb\u00fargueres ou 2.400 alm\u00f4ndegas por hora.<\/p>\n<p>Liberte-se do trabalho manual e ganhe mais tempo para outras tarefas em sua cozinha comercial com a MS\/4 INOX.<\/p>\n<p>&nbsp;<\/p>\n<p><span class=\"YrbPuc WGKbId BBwThe\"><strong>Fabricante:<\/strong>\u00a0<\/span><span class=\"wHYlTd z8gr9e\">NILMA &#8211; IT\u00c1LIA<\/span><\/p>\n<p><span class=\"YrbPuc WGKbId BBwThe\"><strong>Data de entrega:<\/strong>\u00a0<\/span><span class=\"wHYlTd z8gr9e\">Sob encomenda<\/span><\/p>\n<p><strong>Local de entrega:<\/strong> Ex-Works &#8211; Belo Horizonte-MG &#8211; Informar transportadora de sua prefer\u00eancia<\/p>\n<p><strong>ICMS:<\/strong> 18% incluso &#8211; V\u00e1lido para Minas Gerais ( outros Estados converter para a al\u00edquota de ICMS de 4% conforme RESOLU\u00c7\u00c3O SENDADO FEDERAL 13\/2012)<\/p>\n<p><strong>PIS:<\/strong> 0,65% &#8211; Incluso<\/p>\n<p><strong>COFINS:<\/strong> 3%\u00a0 Incluso<\/p>\n<p><strong>IRPJ:<\/strong> 1% Incluso<\/p>\n<p><strong>CSSL:<\/strong> 1,2% Incluso<\/p>\n<p><strong>IPI:<\/strong> 0% &#8211; N\u00e3o Incidente<\/p>\n<p><strong>Condi\u00e7\u00f5es de Pagamento:<\/strong> A NEGOCIAR DE ACORDO COM O VOLUME DE COMPRAS &#8211;\u00a0 mediante aprova\u00e7\u00e3o Cadastral contra dep\u00f3sito no Banco do Brasil S\/A<\/p>\n<p><strong>Origem do Produto:<\/strong> Importado, Importa\u00e7\u00e3o Direta &#8211; CST-100<\/p>\n<p><strong>CNPJ de faturamento:<\/strong> 71.347.934\/0001-42 &#8211;\u00a0 Opening World Coml Import Export Ltda<\/p>\n<p>PRE\u00c7OS V\u00c1LIDOS PARA FATURAMENTO PARA\u00a0EMPRESAS COM CNPJ ATIVO, CONSUMIDOR FINAL. CONTRIBUINTE, PARA USO E CONSUMO PR\u00d3PRIO\/ATIVO NO ESTADO DE MINAS GERAIS. PARA OUTROS ESTADOS SOLICITE SUA COTA\u00c7\u00c3O PARA RECEBIMENTO DAS CONDI\u00c7\u00d5ES COMERCIAIS<\/p>\n<p><strong>Clique em Cotar para receber cota\u00e7\u00e3o t\u00e9cnica e comercial<\/strong><\/p>\n<p><iframe title=\"YouTube video player\" src=\"https:\/\/www.youtube.com\/embed\/AtxGVOhCsnE?si=Z1Sgr-2ZyYstQsDd&amp;start=8\" width=\"560\" height=\"315\" frameborder=\"0\" allowfullscreen=\"allowfullscreen\"><\/iframe><\/p>\n","protected":false},"excerpt":{"rendered":"<p>Abridor El\u00e9trico Autom\u00e1tico de Latas Industrial em a\u00e7o inox modelo Apribox83802010<\/p>\n","protected":false},"featured_media":1820,"template":"","meta":[],"product_brand":[],"product_cat":[39,443],"product_tag":[717,720],"class_list":{"0":"post-1819","1":"product","2":"type-product","3":"status-publish","4":"has-post-thumbnail","6":"product_cat-cozinha-industrial","7":"product_cat-nilma","8":"product_tag-cozinha-industrial","9":"product_tag-modeladora-de-hamburguer","11":"first","12":"onbackorder","13":"featured","14":"shipping-taxable","15":"purchasable","16":"product-type-simple"},"yoast_head":"<!-- This site is optimized with the Yoast SEO plugin v27.2 - https:\/\/yoast.com\/product\/yoast-seo-wordpress\/ -->\n<title>Moldadora Autom\u00e1tica de Hamb\u00farguer e Alm\u00f4ndega MS\/4 Inox Nilma<\/title>\n<meta name=\"description\" content=\"Moldadora Autom\u00e1tica de Hamb\u00farguer e Alm\u00f4ndega MS\/4 Nilma para Burguerias e Restaurantes. Modele at\u00e9 1200 hamb\u00fargueres por hora.\" \/>\n<meta name=\"robots\" content=\"index, follow, max-snippet:-1, max-image-preview:large, max-video-preview:-1\" \/>\n<link rel=\"canonical\" href=\"https:\/\/lojaopening.com.br\/shopp\/produto\/moldadora-automatica-de-hamburguer-e-almondega-ms-4-inox-nilma\/\" \/>\n<meta property=\"og:locale\" content=\"pt_PT\" \/>\n<meta property=\"og:type\" content=\"article\" \/>\n<meta property=\"og:title\" content=\"Moldadora Autom\u00e1tica de Hamb\u00farguer e Alm\u00f4ndega MS\/4 Inox Nilma\" \/>\n<meta property=\"og:description\" content=\"Moldadora Autom\u00e1tica de Hamb\u00farguer e Alm\u00f4ndega MS\/4 Nilma para Burguerias e Restaurantes. Modele at\u00e9 1200 hamb\u00fargueres por hora.\" \/>\n<meta property=\"og:url\" content=\"https:\/\/lojaopening.com.br\/shopp\/produto\/moldadora-automatica-de-hamburguer-e-almondega-ms-4-inox-nilma\/\" \/>\n<meta property=\"og:site_name\" content=\"Loja Opening\" \/>\n<meta property=\"article:modified_time\" content=\"2023-10-31T01:07:50+00:00\" \/>\n<meta property=\"og:image\" content=\"https:\/\/lojaopening.com.br\/wp-content\/uploads\/2023\/10\/moldador_automatica_de_hamburguer.png.webp\" \/>\n\t<meta property=\"og:image:width\" content=\"653\" \/>\n\t<meta property=\"og:image:height\" content=\"800\" \/>\n\t<meta property=\"og:image:type\" content=\"image\/webp\" \/>\n<meta name=\"twitter:card\" content=\"summary_large_image\" \/>\n<meta name=\"twitter:label1\" content=\"Tempo estimado de leitura\" \/>\n\t<meta name=\"twitter:data1\" content=\"2 minutos\" \/>\n<script type=\"application\/ld+json\" class=\"yoast-schema-graph\">{\"@context\":\"https:\/\/schema.org\",\"@graph\":[{\"@type\":\"WebPage\",\"@id\":\"https:\/\/lojaopening.com.br\/shopp\/produto\/moldadora-automatica-de-hamburguer-e-almondega-ms-4-inox-nilma\/\",\"url\":\"https:\/\/lojaopening.com.br\/shopp\/produto\/moldadora-automatica-de-hamburguer-e-almondega-ms-4-inox-nilma\/\",\"name\":\"Moldadora Autom\u00e1tica de Hamb\u00farguer e Alm\u00f4ndega MS\/4 Inox Nilma\",\"isPartOf\":{\"@id\":\"https:\/\/lojaopening.com.br\/shopp\/#website\"},\"primaryImageOfPage\":{\"@id\":\"https:\/\/lojaopening.com.br\/shopp\/produto\/moldadora-automatica-de-hamburguer-e-almondega-ms-4-inox-nilma\/#primaryimage\"},\"image\":{\"@id\":\"https:\/\/lojaopening.com.br\/shopp\/produto\/moldadora-automatica-de-hamburguer-e-almondega-ms-4-inox-nilma\/#primaryimage\"},\"thumbnailUrl\":\"https:\/\/lojaopening.com.br\/wp-content\/uploads\/2023\/10\/moldador_automatica_de_hamburguer.png.webp\",\"datePublished\":\"2023-10-31T01:01:02+00:00\",\"dateModified\":\"2023-10-31T01:07:50+00:00\",\"description\":\"Moldadora Autom\u00e1tica de Hamb\u00farguer e Alm\u00f4ndega MS\/4 Nilma para Burguerias e Restaurantes. Modele at\u00e9 1200 hamb\u00fargueres por hora.\",\"breadcrumb\":{\"@id\":\"https:\/\/lojaopening.com.br\/shopp\/produto\/moldadora-automatica-de-hamburguer-e-almondega-ms-4-inox-nilma\/#breadcrumb\"},\"inLanguage\":\"pt-PT\",\"potentialAction\":[{\"@type\":\"ReadAction\",\"target\":[\"https:\/\/lojaopening.com.br\/shopp\/produto\/moldadora-automatica-de-hamburguer-e-almondega-ms-4-inox-nilma\/\"]}]},{\"@type\":\"ImageObject\",\"inLanguage\":\"pt-PT\",\"@id\":\"https:\/\/lojaopening.com.br\/shopp\/produto\/moldadora-automatica-de-hamburguer-e-almondega-ms-4-inox-nilma\/#primaryimage\",\"url\":\"https:\/\/lojaopening.com.br\/wp-content\/uploads\/2023\/10\/moldador_automatica_de_hamburguer.png.webp\",\"contentUrl\":\"https:\/\/lojaopening.com.br\/wp-content\/uploads\/2023\/10\/moldador_automatica_de_hamburguer.png.webp\",\"width\":653,\"height\":800},{\"@type\":\"BreadcrumbList\",\"@id\":\"https:\/\/lojaopening.com.br\/shopp\/produto\/moldadora-automatica-de-hamburguer-e-almondega-ms-4-inox-nilma\/#breadcrumb\",\"itemListElement\":[{\"@type\":\"ListItem\",\"position\":1,\"name\":\"In\u00edcio\",\"item\":\"https:\/\/lojaopening.com.br\/shopp\/\"},{\"@type\":\"ListItem\",\"position\":2,\"name\":\"Shop\",\"item\":\"https:\/\/lojaopening.com.br\/shopp\/shopp\/\"},{\"@type\":\"ListItem\",\"position\":3,\"name\":\"Moldadora Autom\u00e1tica de Hamb\u00farguer e Alm\u00f4ndega MS\/4 Inox Nilma\"}]},{\"@type\":\"WebSite\",\"@id\":\"https:\/\/lojaopening.com.br\/shopp\/#website\",\"url\":\"https:\/\/lojaopening.com.br\/shopp\/\",\"name\":\"Loja Opening\",\"description\":\"\",\"publisher\":{\"@id\":\"https:\/\/lojaopening.com.br\/shopp\/#organization\"},\"potentialAction\":[{\"@type\":\"SearchAction\",\"target\":{\"@type\":\"EntryPoint\",\"urlTemplate\":\"https:\/\/lojaopening.com.br\/shopp\/?s={search_term_string}\"},\"query-input\":{\"@type\":\"PropertyValueSpecification\",\"valueRequired\":true,\"valueName\":\"search_term_string\"}}],\"inLanguage\":\"pt-PT\"},{\"@type\":\"Organization\",\"@id\":\"https:\/\/lojaopening.com.br\/shopp\/#organization\",\"name\":\"Opening World Coml Import Export Ltda\",\"url\":\"https:\/\/lojaopening.com.br\/shopp\/\",\"logo\":{\"@type\":\"ImageObject\",\"inLanguage\":\"pt-PT\",\"@id\":\"https:\/\/lojaopening.com.br\/shopp\/#\/schema\/logo\/image\/\",\"url\":\"https:\/\/lojaopening.com.br\/wp-content\/uploads\/2020\/09\/logo_header.png\",\"contentUrl\":\"https:\/\/lojaopening.com.br\/wp-content\/uploads\/2020\/09\/logo_header.png\",\"width\":1279,\"height\":328,\"caption\":\"Opening World Coml Import Export Ltda\"},\"image\":{\"@id\":\"https:\/\/lojaopening.com.br\/shopp\/#\/schema\/logo\/image\/\"}}]}<\/script>\n<!-- \/ Yoast SEO plugin. -->","yoast_head_json":{"title":"Moldadora Autom\u00e1tica de Hamb\u00farguer e Alm\u00f4ndega MS\/4 Inox Nilma","description":"Moldadora Autom\u00e1tica de Hamb\u00farguer e Alm\u00f4ndega MS\/4 Nilma para Burguerias e Restaurantes. Modele at\u00e9 1200 hamb\u00fargueres por hora.","robots":{"index":"index","follow":"follow","max-snippet":"max-snippet:-1","max-image-preview":"max-image-preview:large","max-video-preview":"max-video-preview:-1"},"canonical":"https:\/\/lojaopening.com.br\/shopp\/produto\/moldadora-automatica-de-hamburguer-e-almondega-ms-4-inox-nilma\/","og_locale":"pt_PT","og_type":"article","og_title":"Moldadora Autom\u00e1tica de Hamb\u00farguer e Alm\u00f4ndega MS\/4 Inox Nilma","og_description":"Moldadora Autom\u00e1tica de Hamb\u00farguer e Alm\u00f4ndega MS\/4 Nilma para Burguerias e Restaurantes. Modele at\u00e9 1200 hamb\u00fargueres por hora.","og_url":"https:\/\/lojaopening.com.br\/shopp\/produto\/moldadora-automatica-de-hamburguer-e-almondega-ms-4-inox-nilma\/","og_site_name":"Loja Opening","article_modified_time":"2023-10-31T01:07:50+00:00","og_image":[{"width":653,"height":800,"url":"https:\/\/lojaopening.com.br\/wp-content\/uploads\/2023\/10\/moldador_automatica_de_hamburguer.png.webp","type":"image\/webp"}],"twitter_card":"summary_large_image","twitter_misc":{"Tempo estimado de leitura":"2 minutos"},"schema":{"@context":"https:\/\/schema.org","@graph":[{"@type":"WebPage","@id":"https:\/\/lojaopening.com.br\/shopp\/produto\/moldadora-automatica-de-hamburguer-e-almondega-ms-4-inox-nilma\/","url":"https:\/\/lojaopening.com.br\/shopp\/produto\/moldadora-automatica-de-hamburguer-e-almondega-ms-4-inox-nilma\/","name":"Moldadora Autom\u00e1tica de Hamb\u00farguer e Alm\u00f4ndega MS\/4 Inox Nilma","isPartOf":{"@id":"https:\/\/lojaopening.com.br\/shopp\/#website"},"primaryImageOfPage":{"@id":"https:\/\/lojaopening.com.br\/shopp\/produto\/moldadora-automatica-de-hamburguer-e-almondega-ms-4-inox-nilma\/#primaryimage"},"image":{"@id":"https:\/\/lojaopening.com.br\/shopp\/produto\/moldadora-automatica-de-hamburguer-e-almondega-ms-4-inox-nilma\/#primaryimage"},"thumbnailUrl":"https:\/\/lojaopening.com.br\/wp-content\/uploads\/2023\/10\/moldador_automatica_de_hamburguer.png.webp","datePublished":"2023-10-31T01:01:02+00:00","dateModified":"2023-10-31T01:07:50+00:00","description":"Moldadora Autom\u00e1tica de Hamb\u00farguer e Alm\u00f4ndega MS\/4 Nilma para Burguerias e Restaurantes. Modele at\u00e9 1200 hamb\u00fargueres por hora.","breadcrumb":{"@id":"https:\/\/lojaopening.com.br\/shopp\/produto\/moldadora-automatica-de-hamburguer-e-almondega-ms-4-inox-nilma\/#breadcrumb"},"inLanguage":"pt-PT","potentialAction":[{"@type":"ReadAction","target":["https:\/\/lojaopening.com.br\/shopp\/produto\/moldadora-automatica-de-hamburguer-e-almondega-ms-4-inox-nilma\/"]}]},{"@type":"ImageObject","inLanguage":"pt-PT","@id":"https:\/\/lojaopening.com.br\/shopp\/produto\/moldadora-automatica-de-hamburguer-e-almondega-ms-4-inox-nilma\/#primaryimage","url":"https:\/\/lojaopening.com.br\/wp-content\/uploads\/2023\/10\/moldador_automatica_de_hamburguer.png.webp","contentUrl":"https:\/\/lojaopening.com.br\/wp-content\/uploads\/2023\/10\/moldador_automatica_de_hamburguer.png.webp","width":653,"height":800},{"@type":"BreadcrumbList","@id":"https:\/\/lojaopening.com.br\/shopp\/produto\/moldadora-automatica-de-hamburguer-e-almondega-ms-4-inox-nilma\/#breadcrumb","itemListElement":[{"@type":"ListItem","position":1,"name":"In\u00edcio","item":"https:\/\/lojaopening.com.br\/shopp\/"},{"@type":"ListItem","position":2,"name":"Shop","item":"https:\/\/lojaopening.com.br\/shopp\/shopp\/"},{"@type":"ListItem","position":3,"name":"Moldadora Autom\u00e1tica de Hamb\u00farguer e Alm\u00f4ndega MS\/4 Inox Nilma"}]},{"@type":"WebSite","@id":"https:\/\/lojaopening.com.br\/shopp\/#website","url":"https:\/\/lojaopening.com.br\/shopp\/","name":"Loja Opening","description":"","publisher":{"@id":"https:\/\/lojaopening.com.br\/shopp\/#organization"},"potentialAction":[{"@type":"SearchAction","target":{"@type":"EntryPoint","urlTemplate":"https:\/\/lojaopening.com.br\/shopp\/?s={search_term_string}"},"query-input":{"@type":"PropertyValueSpecification","valueRequired":true,"valueName":"search_term_string"}}],"inLanguage":"pt-PT"},{"@type":"Organization","@id":"https:\/\/lojaopening.com.br\/shopp\/#organization","name":"Opening World Coml Import Export Ltda","url":"https:\/\/lojaopening.com.br\/shopp\/","logo":{"@type":"ImageObject","inLanguage":"pt-PT","@id":"https:\/\/lojaopening.com.br\/shopp\/#\/schema\/logo\/image\/","url":"https:\/\/lojaopening.com.br\/wp-content\/uploads\/2020\/09\/logo_header.png","contentUrl":"https:\/\/lojaopening.com.br\/wp-content\/uploads\/2020\/09\/logo_header.png","width":1279,"height":328,"caption":"Opening World Coml Import Export Ltda"},"image":{"@id":"https:\/\/lojaopening.com.br\/shopp\/#\/schema\/logo\/image\/"}}]}},"_links":{"self":[{"href":"https:\/\/lojaopening.com.br\/shopp\/wp-json\/wp\/v2\/product\/1819","targetHints":{"allow":["GET"]}}],"collection":[{"href":"https:\/\/lojaopening.com.br\/shopp\/wp-json\/wp\/v2\/product"}],"about":[{"href":"https:\/\/lojaopening.com.br\/shopp\/wp-json\/wp\/v2\/types\/product"}],"wp:featuredmedia":[{"embeddable":true,"href":"https:\/\/lojaopening.com.br\/shopp\/wp-json\/wp\/v2\/media\/1820"}],"wp:attachment":[{"href":"https:\/\/lojaopening.com.br\/shopp\/wp-json\/wp\/v2\/media?parent=1819"}],"wp:term":[{"taxonomy":"product_brand","embeddable":true,"href":"https:\/\/lojaopening.com.br\/shopp\/wp-json\/wp\/v2\/product_brand?post=1819"},{"taxonomy":"product_cat","embeddable":true,"href":"https:\/\/lojaopening.com.br\/shopp\/wp-json\/wp\/v2\/product_cat?post=1819"},{"taxonomy":"product_tag","embeddable":true,"href":"https:\/\/lojaopening.com.br\/shopp\/wp-json\/wp\/v2\/product_tag?post=1819"}],"curies":[{"name":"wp","href":"https:\/\/api.w.org\/{rel}","templated":true}]}}