{"id":681,"date":"2020-09-04T03:54:14","date_gmt":"2020-09-04T03:54:14","guid":{"rendered":"https:\/\/adsvance.me\/lojaopw\/produto\/poltrona-fixa-fibra-e-madeira-com-eco-blindage-terrazo-tramontina-10981-076\/"},"modified":"2023-05-27T19:49:44","modified_gmt":"2023-05-27T19:49:44","slug":"poltrona-fixa-fibra-e-madeira-com-eco-blindage-terrazo-tramontina","status":"publish","type":"product","link":"https:\/\/lojaopening.com.br\/shopp\/produto\/poltrona-fixa-fibra-e-madeira-com-eco-blindage-terrazo-tramontina\/","title":{"rendered":"Poltrona fixa fibra e madeira com Eco Blindage Terrazo Tramontina 10981\/076"},"content":{"rendered":"<p>FIBRA Poltrona fixa fibra e madeira com Eco Blindage Terrazo Tramontina Design: Edi &amp; Paolo Ciani. Terrazzo FIBRA combinam a nobreza da madeira tropical Jatob\u00e1 e a praticidade da fibra sint\u00e9tica para ambientar tanto \u00e1reas internas [indoor] como externas [outdoor]. Cadeira, poltrona, banco, mesa de apoio e espregui\u00e7adeira comp\u00f5em a cole\u00e7\u00e3o FIBRA. ACABAMENTO ECO BLINDAGE Impregnante para madeira, com a\u00e7\u00e3o inseticida e fungicida, repelente \u00e0 \u00e1gua e com filtro solar. Com elevada elasticidade, o produto agrega durabilidade e prote\u00e7\u00e3o ao m\u00f3vel penetrando na madeira e real\u00e7ando os veios &#8211; sem formar filme. Ecologicamente correto por excluir conte\u00fados nocivos a sa\u00fade, utiliza produtos a base d\u00b4\u00e1gua. Ideal para ambientes com forte agressividade e baixa umidade do ar. Com o passar do tempo ser\u00e1 necess\u00e1rio reaplicar o produto. Classifica\u00e7\u00e3o Fiscal: (NCM) : 9401.69.00 C\u00f3digo de Barras: 7896403739349 <\/p>\n","protected":false},"excerpt":{"rendered":"<p>Poltrona fixa fibra e madeira com Eco Blindage Terrazo Tramontina10981\/076<\/p>\n","protected":false},"featured_media":899,"template":"","meta":[],"product_brand":[],"product_cat":[39,96],"product_tag":[],"class_list":{"0":"post-681","1":"product","2":"type-product","3":"status-publish","4":"has-post-thumbnail","6":"product_cat-cozinha-industrial","7":"product_cat-tramontina","9":"first","10":"onbackorder","11":"shipping-taxable","12":"purchasable","13":"product-type-simple"},"yoast_head":"<!-- This site is optimized with the Yoast SEO plugin v27.2 - https:\/\/yoast.com\/product\/yoast-seo-wordpress\/ -->\n<title>Poltrona fixa fibra e madeira com Eco Blindage Terrazo Tramontina 10981\/076 - Loja Opening<\/title>\n<meta name=\"robots\" content=\"index, follow, max-snippet:-1, max-image-preview:large, max-video-preview:-1\" \/>\n<link rel=\"canonical\" href=\"https:\/\/lojaopening.com.br\/shopp\/produto\/poltrona-fixa-fibra-e-madeira-com-eco-blindage-terrazo-tramontina\/\" \/>\n<meta property=\"og:locale\" content=\"pt_PT\" \/>\n<meta property=\"og:type\" content=\"article\" \/>\n<meta property=\"og:title\" content=\"Poltrona fixa fibra e madeira com Eco Blindage Terrazo Tramontina 10981\/076 - Loja Opening\" \/>\n<meta property=\"og:description\" content=\"Poltrona fixa fibra e madeira com Eco Blindage Terrazo Tramontina10981\/076\" \/>\n<meta property=\"og:url\" content=\"https:\/\/lojaopening.com.br\/shopp\/produto\/poltrona-fixa-fibra-e-madeira-com-eco-blindage-terrazo-tramontina\/\" \/>\n<meta property=\"og:site_name\" content=\"Loja Opening\" \/>\n<meta property=\"article:modified_time\" content=\"2023-05-27T19:49:44+00:00\" \/>\n<meta property=\"og:image\" content=\"https:\/\/lojaopening.com.br\/wp-content\/uploads\/2020\/09\/Poltrona-fixa-fibra-e-madeira-com-Eco-Blindage-Terrazo-Tramontina.jpg\" \/>\n\t<meta property=\"og:image:width\" content=\"370\" \/>\n\t<meta property=\"og:image:height\" content=\"486\" \/>\n\t<meta property=\"og:image:type\" content=\"image\/jpeg\" \/>\n<meta name=\"twitter:card\" content=\"summary_large_image\" \/>\n<meta name=\"twitter:label1\" content=\"Tempo estimado de leitura\" \/>\n\t<meta name=\"twitter:data1\" content=\"1 minuto\" \/>\n<script type=\"application\/ld+json\" class=\"yoast-schema-graph\">{\"@context\":\"https:\/\/schema.org\",\"@graph\":[{\"@type\":\"WebPage\",\"@id\":\"https:\/\/lojaopening.com.br\/shopp\/produto\/poltrona-fixa-fibra-e-madeira-com-eco-blindage-terrazo-tramontina\/\",\"url\":\"https:\/\/lojaopening.com.br\/shopp\/produto\/poltrona-fixa-fibra-e-madeira-com-eco-blindage-terrazo-tramontina\/\",\"name\":\"Poltrona fixa fibra e madeira com Eco Blindage Terrazo Tramontina 10981\/076 - Loja Opening\",\"isPartOf\":{\"@id\":\"https:\/\/lojaopening.com.br\/shopp\/#website\"},\"primaryImageOfPage\":{\"@id\":\"https:\/\/lojaopening.com.br\/shopp\/produto\/poltrona-fixa-fibra-e-madeira-com-eco-blindage-terrazo-tramontina\/#primaryimage\"},\"image\":{\"@id\":\"https:\/\/lojaopening.com.br\/shopp\/produto\/poltrona-fixa-fibra-e-madeira-com-eco-blindage-terrazo-tramontina\/#primaryimage\"},\"thumbnailUrl\":\"https:\/\/lojaopening.com.br\/wp-content\/uploads\/2020\/09\/Poltrona-fixa-fibra-e-madeira-com-Eco-Blindage-Terrazo-Tramontina.jpg\",\"datePublished\":\"2020-09-04T03:54:14+00:00\",\"dateModified\":\"2023-05-27T19:49:44+00:00\",\"breadcrumb\":{\"@id\":\"https:\/\/lojaopening.com.br\/shopp\/produto\/poltrona-fixa-fibra-e-madeira-com-eco-blindage-terrazo-tramontina\/#breadcrumb\"},\"inLanguage\":\"pt-PT\",\"potentialAction\":[{\"@type\":\"ReadAction\",\"target\":[\"https:\/\/lojaopening.com.br\/shopp\/produto\/poltrona-fixa-fibra-e-madeira-com-eco-blindage-terrazo-tramontina\/\"]}]},{\"@type\":\"ImageObject\",\"inLanguage\":\"pt-PT\",\"@id\":\"https:\/\/lojaopening.com.br\/shopp\/produto\/poltrona-fixa-fibra-e-madeira-com-eco-blindage-terrazo-tramontina\/#primaryimage\",\"url\":\"https:\/\/lojaopening.com.br\/wp-content\/uploads\/2020\/09\/Poltrona-fixa-fibra-e-madeira-com-Eco-Blindage-Terrazo-Tramontina.jpg\",\"contentUrl\":\"https:\/\/lojaopening.com.br\/wp-content\/uploads\/2020\/09\/Poltrona-fixa-fibra-e-madeira-com-Eco-Blindage-Terrazo-Tramontina.jpg\",\"width\":370,\"height\":486},{\"@type\":\"BreadcrumbList\",\"@id\":\"https:\/\/lojaopening.com.br\/shopp\/produto\/poltrona-fixa-fibra-e-madeira-com-eco-blindage-terrazo-tramontina\/#breadcrumb\",\"itemListElement\":[{\"@type\":\"ListItem\",\"position\":1,\"name\":\"In\u00edcio\",\"item\":\"https:\/\/lojaopening.com.br\/shopp\/\"},{\"@type\":\"ListItem\",\"position\":2,\"name\":\"Shop\",\"item\":\"https:\/\/lojaopening.com.br\/shopp\/shopp\/\"},{\"@type\":\"ListItem\",\"position\":3,\"name\":\"Poltrona fixa fibra e madeira com Eco Blindage Terrazo Tramontina 10981\/076\"}]},{\"@type\":\"WebSite\",\"@id\":\"https:\/\/lojaopening.com.br\/shopp\/#website\",\"url\":\"https:\/\/lojaopening.com.br\/shopp\/\",\"name\":\"Loja Opening\",\"description\":\"\",\"publisher\":{\"@id\":\"https:\/\/lojaopening.com.br\/shopp\/#organization\"},\"potentialAction\":[{\"@type\":\"SearchAction\",\"target\":{\"@type\":\"EntryPoint\",\"urlTemplate\":\"https:\/\/lojaopening.com.br\/shopp\/?s={search_term_string}\"},\"query-input\":{\"@type\":\"PropertyValueSpecification\",\"valueRequired\":true,\"valueName\":\"search_term_string\"}}],\"inLanguage\":\"pt-PT\"},{\"@type\":\"Organization\",\"@id\":\"https:\/\/lojaopening.com.br\/shopp\/#organization\",\"name\":\"Opening World Coml Import Export Ltda\",\"url\":\"https:\/\/lojaopening.com.br\/shopp\/\",\"logo\":{\"@type\":\"ImageObject\",\"inLanguage\":\"pt-PT\",\"@id\":\"https:\/\/lojaopening.com.br\/shopp\/#\/schema\/logo\/image\/\",\"url\":\"https:\/\/lojaopening.com.br\/wp-content\/uploads\/2020\/09\/logo_header.png\",\"contentUrl\":\"https:\/\/lojaopening.com.br\/wp-content\/uploads\/2020\/09\/logo_header.png\",\"width\":1279,\"height\":328,\"caption\":\"Opening World Coml Import Export Ltda\"},\"image\":{\"@id\":\"https:\/\/lojaopening.com.br\/shopp\/#\/schema\/logo\/image\/\"}}]}<\/script>\n<!-- \/ Yoast SEO plugin. -->","yoast_head_json":{"title":"Poltrona fixa fibra e madeira com Eco Blindage Terrazo Tramontina 10981\/076 - Loja Opening","robots":{"index":"index","follow":"follow","max-snippet":"max-snippet:-1","max-image-preview":"max-image-preview:large","max-video-preview":"max-video-preview:-1"},"canonical":"https:\/\/lojaopening.com.br\/shopp\/produto\/poltrona-fixa-fibra-e-madeira-com-eco-blindage-terrazo-tramontina\/","og_locale":"pt_PT","og_type":"article","og_title":"Poltrona fixa fibra e madeira com Eco Blindage Terrazo Tramontina 10981\/076 - Loja Opening","og_description":"Poltrona fixa fibra e madeira com Eco Blindage Terrazo Tramontina10981\/076","og_url":"https:\/\/lojaopening.com.br\/shopp\/produto\/poltrona-fixa-fibra-e-madeira-com-eco-blindage-terrazo-tramontina\/","og_site_name":"Loja Opening","article_modified_time":"2023-05-27T19:49:44+00:00","og_image":[{"width":370,"height":486,"url":"https:\/\/lojaopening.com.br\/wp-content\/uploads\/2020\/09\/Poltrona-fixa-fibra-e-madeira-com-Eco-Blindage-Terrazo-Tramontina.jpg","type":"image\/jpeg"}],"twitter_card":"summary_large_image","twitter_misc":{"Tempo estimado de leitura":"1 minuto"},"schema":{"@context":"https:\/\/schema.org","@graph":[{"@type":"WebPage","@id":"https:\/\/lojaopening.com.br\/shopp\/produto\/poltrona-fixa-fibra-e-madeira-com-eco-blindage-terrazo-tramontina\/","url":"https:\/\/lojaopening.com.br\/shopp\/produto\/poltrona-fixa-fibra-e-madeira-com-eco-blindage-terrazo-tramontina\/","name":"Poltrona fixa fibra e madeira com Eco Blindage Terrazo Tramontina 10981\/076 - Loja Opening","isPartOf":{"@id":"https:\/\/lojaopening.com.br\/shopp\/#website"},"primaryImageOfPage":{"@id":"https:\/\/lojaopening.com.br\/shopp\/produto\/poltrona-fixa-fibra-e-madeira-com-eco-blindage-terrazo-tramontina\/#primaryimage"},"image":{"@id":"https:\/\/lojaopening.com.br\/shopp\/produto\/poltrona-fixa-fibra-e-madeira-com-eco-blindage-terrazo-tramontina\/#primaryimage"},"thumbnailUrl":"https:\/\/lojaopening.com.br\/wp-content\/uploads\/2020\/09\/Poltrona-fixa-fibra-e-madeira-com-Eco-Blindage-Terrazo-Tramontina.jpg","datePublished":"2020-09-04T03:54:14+00:00","dateModified":"2023-05-27T19:49:44+00:00","breadcrumb":{"@id":"https:\/\/lojaopening.com.br\/shopp\/produto\/poltrona-fixa-fibra-e-madeira-com-eco-blindage-terrazo-tramontina\/#breadcrumb"},"inLanguage":"pt-PT","potentialAction":[{"@type":"ReadAction","target":["https:\/\/lojaopening.com.br\/shopp\/produto\/poltrona-fixa-fibra-e-madeira-com-eco-blindage-terrazo-tramontina\/"]}]},{"@type":"ImageObject","inLanguage":"pt-PT","@id":"https:\/\/lojaopening.com.br\/shopp\/produto\/poltrona-fixa-fibra-e-madeira-com-eco-blindage-terrazo-tramontina\/#primaryimage","url":"https:\/\/lojaopening.com.br\/wp-content\/uploads\/2020\/09\/Poltrona-fixa-fibra-e-madeira-com-Eco-Blindage-Terrazo-Tramontina.jpg","contentUrl":"https:\/\/lojaopening.com.br\/wp-content\/uploads\/2020\/09\/Poltrona-fixa-fibra-e-madeira-com-Eco-Blindage-Terrazo-Tramontina.jpg","width":370,"height":486},{"@type":"BreadcrumbList","@id":"https:\/\/lojaopening.com.br\/shopp\/produto\/poltrona-fixa-fibra-e-madeira-com-eco-blindage-terrazo-tramontina\/#breadcrumb","itemListElement":[{"@type":"ListItem","position":1,"name":"In\u00edcio","item":"https:\/\/lojaopening.com.br\/shopp\/"},{"@type":"ListItem","position":2,"name":"Shop","item":"https:\/\/lojaopening.com.br\/shopp\/shopp\/"},{"@type":"ListItem","position":3,"name":"Poltrona fixa fibra e madeira com Eco Blindage Terrazo Tramontina 10981\/076"}]},{"@type":"WebSite","@id":"https:\/\/lojaopening.com.br\/shopp\/#website","url":"https:\/\/lojaopening.com.br\/shopp\/","name":"Loja Opening","description":"","publisher":{"@id":"https:\/\/lojaopening.com.br\/shopp\/#organization"},"potentialAction":[{"@type":"SearchAction","target":{"@type":"EntryPoint","urlTemplate":"https:\/\/lojaopening.com.br\/shopp\/?s={search_term_string}"},"query-input":{"@type":"PropertyValueSpecification","valueRequired":true,"valueName":"search_term_string"}}],"inLanguage":"pt-PT"},{"@type":"Organization","@id":"https:\/\/lojaopening.com.br\/shopp\/#organization","name":"Opening World Coml Import Export Ltda","url":"https:\/\/lojaopening.com.br\/shopp\/","logo":{"@type":"ImageObject","inLanguage":"pt-PT","@id":"https:\/\/lojaopening.com.br\/shopp\/#\/schema\/logo\/image\/","url":"https:\/\/lojaopening.com.br\/wp-content\/uploads\/2020\/09\/logo_header.png","contentUrl":"https:\/\/lojaopening.com.br\/wp-content\/uploads\/2020\/09\/logo_header.png","width":1279,"height":328,"caption":"Opening World Coml Import Export Ltda"},"image":{"@id":"https:\/\/lojaopening.com.br\/shopp\/#\/schema\/logo\/image\/"}}]}},"_links":{"self":[{"href":"https:\/\/lojaopening.com.br\/shopp\/wp-json\/wp\/v2\/product\/681","targetHints":{"allow":["GET"]}}],"collection":[{"href":"https:\/\/lojaopening.com.br\/shopp\/wp-json\/wp\/v2\/product"}],"about":[{"href":"https:\/\/lojaopening.com.br\/shopp\/wp-json\/wp\/v2\/types\/product"}],"wp:featuredmedia":[{"embeddable":true,"href":"https:\/\/lojaopening.com.br\/shopp\/wp-json\/wp\/v2\/media\/899"}],"wp:attachment":[{"href":"https:\/\/lojaopening.com.br\/shopp\/wp-json\/wp\/v2\/media?parent=681"}],"wp:term":[{"taxonomy":"product_brand","embeddable":true,"href":"https:\/\/lojaopening.com.br\/shopp\/wp-json\/wp\/v2\/product_brand?post=681"},{"taxonomy":"product_cat","embeddable":true,"href":"https:\/\/lojaopening.com.br\/shopp\/wp-json\/wp\/v2\/product_cat?post=681"},{"taxonomy":"product_tag","embeddable":true,"href":"https:\/\/lojaopening.com.br\/shopp\/wp-json\/wp\/v2\/product_tag?post=681"}],"curies":[{"name":"wp","href":"https:\/\/api.w.org\/{rel}","templated":true}]}}