{"id":684,"date":"2020-09-04T03:54:54","date_gmt":"2020-09-04T03:54:54","guid":{"rendered":"https:\/\/adsvance.me\/lojaopw\/produto\/fita-laminada-para-rotuladora-brother-pt-1880-preto-sobre-branco-18mm-x-8-metros-tze-241\/"},"modified":"2023-05-27T19:49:43","modified_gmt":"2023-05-27T19:49:43","slug":"fita-laminada-para-rotuladora-brother-pt%252d1880-%252d-preto-sobre-branco-%252d-18mm-x-8-metros","status":"publish","type":"product","link":"https:\/\/lojaopening.com.br\/shopp\/produto\/fita-laminada-para-rotuladora-brother-pt%252d1880-%252d-preto-sobre-branco-%252d-18mm-x-8-metros\/","title":{"rendered":"Fita laminada para rotuladora Brother PT-1880 &#8211; Preto sobre Branco &#8211; 18mm x 8 metros TZe-241"},"content":{"rendered":"<p>\u00a0 As fitas laminadas convencionais TZE est\u00e3o dispon\u00edveis em v\u00e1rias cores, estilos e tamanhos para o uso do dia a dia, em escrit\u00f3rios e outras necessidades com a mesma tecnologia de lamina\u00e7\u00e3o Brother.Com adesivo padr\u00e3o, a fita TZE Convencional \u00e9 designada para superf\u00edcies planas como:\u00a0 . papel;\u00a0 . pastas; \u00a0 . arm\u00e1rios. O outras superf\u00edcies n\u00e3o texturizadas como:\u00a0 . metal;\u00a0 . pl\u00e1stico;\u00a0 . vidro. Tamb\u00e9m podem ser usadas em ambientes de calor e frio extremo, assim como em \u00e1reas externas.\u00a0<\/p>\n","protected":false},"excerpt":{"rendered":"<p>Fita laminada para rotuladora Brother PT-1880 &#8211; Preto sobre Branco &#8211; 18mm x 8 metrosTZe-241<\/p>\n","protected":false},"featured_media":895,"template":"","meta":[],"product_brand":[],"product_cat":[37,196],"product_tag":[],"class_list":{"0":"post-684","1":"product","2":"type-product","3":"status-publish","4":"has-post-thumbnail","6":"product_cat-automacao-comercial","7":"product_cat-brother","9":"first","10":"onbackorder","11":"shipping-taxable","12":"purchasable","13":"product-type-simple"},"yoast_head":"<!-- This site is optimized with the Yoast SEO plugin v27.2 - https:\/\/yoast.com\/product\/yoast-seo-wordpress\/ -->\n<title>Fita laminada para rotuladora Brother PT-1880 - Preto sobre Branco - 18mm x 8 metros TZe-241 - Loja Opening<\/title>\n<meta name=\"robots\" content=\"index, follow, max-snippet:-1, max-image-preview:large, max-video-preview:-1\" \/>\n<link rel=\"canonical\" href=\"https:\/\/lojaopening.com.br\/shopp\/produto\/fita-laminada-para-rotuladora-brother-pt%2d1880-%2d-preto-sobre-branco-%2d-18mm-x-8-metros\/\" \/>\n<meta property=\"og:locale\" content=\"pt_PT\" \/>\n<meta property=\"og:type\" content=\"article\" \/>\n<meta property=\"og:title\" content=\"Fita laminada para rotuladora Brother PT-1880 - Preto sobre Branco - 18mm x 8 metros TZe-241 - Loja Opening\" \/>\n<meta property=\"og:description\" content=\"Fita laminada para rotuladora Brother PT-1880 - Preto sobre Branco - 18mm x 8 metrosTZe-241\" \/>\n<meta property=\"og:url\" content=\"https:\/\/lojaopening.com.br\/shopp\/produto\/fita-laminada-para-rotuladora-brother-pt%2d1880-%2d-preto-sobre-branco-%2d-18mm-x-8-metros\/\" \/>\n<meta property=\"og:site_name\" content=\"Loja Opening\" \/>\n<meta property=\"article:modified_time\" content=\"2023-05-27T19:49:43+00:00\" \/>\n<meta property=\"og:image\" content=\"https:\/\/lojaopening.com.br\/wp-content\/uploads\/2020\/09\/Fita-laminada-para-rotuladora-Brother-PT252d1880-252d-Preto-sobre-Branco-252d-18mm-x-8-metros.jpg\" \/>\n\t<meta property=\"og:image:width\" content=\"214\" \/>\n\t<meta property=\"og:image:height\" content=\"199\" \/>\n\t<meta property=\"og:image:type\" content=\"image\/jpeg\" \/>\n<meta name=\"twitter:card\" content=\"summary_large_image\" \/>\n<script type=\"application\/ld+json\" class=\"yoast-schema-graph\">{\"@context\":\"https:\/\/schema.org\",\"@graph\":[{\"@type\":\"WebPage\",\"@id\":\"https:\/\/lojaopening.com.br\/shopp\/produto\/fita-laminada-para-rotuladora-brother-pt%252d1880-%252d-preto-sobre-branco-%252d-18mm-x-8-metros\/\",\"url\":\"https:\/\/lojaopening.com.br\/shopp\/produto\/fita-laminada-para-rotuladora-brother-pt%252d1880-%252d-preto-sobre-branco-%252d-18mm-x-8-metros\/\",\"name\":\"Fita laminada para rotuladora Brother PT-1880 - Preto sobre Branco - 18mm x 8 metros TZe-241 - Loja Opening\",\"isPartOf\":{\"@id\":\"https:\/\/lojaopening.com.br\/shopp\/#website\"},\"primaryImageOfPage\":{\"@id\":\"https:\/\/lojaopening.com.br\/shopp\/produto\/fita-laminada-para-rotuladora-brother-pt%252d1880-%252d-preto-sobre-branco-%252d-18mm-x-8-metros\/#primaryimage\"},\"image\":{\"@id\":\"https:\/\/lojaopening.com.br\/shopp\/produto\/fita-laminada-para-rotuladora-brother-pt%252d1880-%252d-preto-sobre-branco-%252d-18mm-x-8-metros\/#primaryimage\"},\"thumbnailUrl\":\"https:\/\/lojaopening.com.br\/wp-content\/uploads\/2020\/09\/Fita-laminada-para-rotuladora-Brother-PT252d1880-252d-Preto-sobre-Branco-252d-18mm-x-8-metros.jpg\",\"datePublished\":\"2020-09-04T03:54:54+00:00\",\"dateModified\":\"2023-05-27T19:49:43+00:00\",\"breadcrumb\":{\"@id\":\"https:\/\/lojaopening.com.br\/shopp\/produto\/fita-laminada-para-rotuladora-brother-pt%252d1880-%252d-preto-sobre-branco-%252d-18mm-x-8-metros\/#breadcrumb\"},\"inLanguage\":\"pt-PT\",\"potentialAction\":[{\"@type\":\"ReadAction\",\"target\":[\"https:\/\/lojaopening.com.br\/shopp\/produto\/fita-laminada-para-rotuladora-brother-pt%252d1880-%252d-preto-sobre-branco-%252d-18mm-x-8-metros\/\"]}]},{\"@type\":\"ImageObject\",\"inLanguage\":\"pt-PT\",\"@id\":\"https:\/\/lojaopening.com.br\/shopp\/produto\/fita-laminada-para-rotuladora-brother-pt%252d1880-%252d-preto-sobre-branco-%252d-18mm-x-8-metros\/#primaryimage\",\"url\":\"https:\/\/lojaopening.com.br\/wp-content\/uploads\/2020\/09\/Fita-laminada-para-rotuladora-Brother-PT252d1880-252d-Preto-sobre-Branco-252d-18mm-x-8-metros.jpg\",\"contentUrl\":\"https:\/\/lojaopening.com.br\/wp-content\/uploads\/2020\/09\/Fita-laminada-para-rotuladora-Brother-PT252d1880-252d-Preto-sobre-Branco-252d-18mm-x-8-metros.jpg\",\"width\":214,\"height\":199},{\"@type\":\"BreadcrumbList\",\"@id\":\"https:\/\/lojaopening.com.br\/shopp\/produto\/fita-laminada-para-rotuladora-brother-pt%252d1880-%252d-preto-sobre-branco-%252d-18mm-x-8-metros\/#breadcrumb\",\"itemListElement\":[{\"@type\":\"ListItem\",\"position\":1,\"name\":\"In\u00edcio\",\"item\":\"https:\/\/lojaopening.com.br\/shopp\/\"},{\"@type\":\"ListItem\",\"position\":2,\"name\":\"Shop\",\"item\":\"https:\/\/lojaopening.com.br\/shopp\/shopp\/\"},{\"@type\":\"ListItem\",\"position\":3,\"name\":\"Fita laminada para rotuladora Brother PT-1880 &#8211; Preto sobre Branco &#8211; 18mm x 8 metros TZe-241\"}]},{\"@type\":\"WebSite\",\"@id\":\"https:\/\/lojaopening.com.br\/shopp\/#website\",\"url\":\"https:\/\/lojaopening.com.br\/shopp\/\",\"name\":\"Loja Opening\",\"description\":\"\",\"publisher\":{\"@id\":\"https:\/\/lojaopening.com.br\/shopp\/#organization\"},\"potentialAction\":[{\"@type\":\"SearchAction\",\"target\":{\"@type\":\"EntryPoint\",\"urlTemplate\":\"https:\/\/lojaopening.com.br\/shopp\/?s={search_term_string}\"},\"query-input\":{\"@type\":\"PropertyValueSpecification\",\"valueRequired\":true,\"valueName\":\"search_term_string\"}}],\"inLanguage\":\"pt-PT\"},{\"@type\":\"Organization\",\"@id\":\"https:\/\/lojaopening.com.br\/shopp\/#organization\",\"name\":\"Opening World Coml Import Export Ltda\",\"url\":\"https:\/\/lojaopening.com.br\/shopp\/\",\"logo\":{\"@type\":\"ImageObject\",\"inLanguage\":\"pt-PT\",\"@id\":\"https:\/\/lojaopening.com.br\/shopp\/#\/schema\/logo\/image\/\",\"url\":\"https:\/\/lojaopening.com.br\/wp-content\/uploads\/2020\/09\/logo_header.png\",\"contentUrl\":\"https:\/\/lojaopening.com.br\/wp-content\/uploads\/2020\/09\/logo_header.png\",\"width\":1279,\"height\":328,\"caption\":\"Opening World Coml Import Export Ltda\"},\"image\":{\"@id\":\"https:\/\/lojaopening.com.br\/shopp\/#\/schema\/logo\/image\/\"}}]}<\/script>\n<!-- \/ Yoast SEO plugin. -->","yoast_head_json":{"title":"Fita laminada para rotuladora Brother PT-1880 - Preto sobre Branco - 18mm x 8 metros TZe-241 - Loja Opening","robots":{"index":"index","follow":"follow","max-snippet":"max-snippet:-1","max-image-preview":"max-image-preview:large","max-video-preview":"max-video-preview:-1"},"canonical":"https:\/\/lojaopening.com.br\/shopp\/produto\/fita-laminada-para-rotuladora-brother-pt%2d1880-%2d-preto-sobre-branco-%2d-18mm-x-8-metros\/","og_locale":"pt_PT","og_type":"article","og_title":"Fita laminada para rotuladora Brother PT-1880 - Preto sobre Branco - 18mm x 8 metros TZe-241 - Loja Opening","og_description":"Fita laminada para rotuladora Brother PT-1880 - Preto sobre Branco - 18mm x 8 metrosTZe-241","og_url":"https:\/\/lojaopening.com.br\/shopp\/produto\/fita-laminada-para-rotuladora-brother-pt%2d1880-%2d-preto-sobre-branco-%2d-18mm-x-8-metros\/","og_site_name":"Loja Opening","article_modified_time":"2023-05-27T19:49:43+00:00","og_image":[{"width":214,"height":199,"url":"https:\/\/lojaopening.com.br\/wp-content\/uploads\/2020\/09\/Fita-laminada-para-rotuladora-Brother-PT252d1880-252d-Preto-sobre-Branco-252d-18mm-x-8-metros.jpg","type":"image\/jpeg"}],"twitter_card":"summary_large_image","schema":{"@context":"https:\/\/schema.org","@graph":[{"@type":"WebPage","@id":"https:\/\/lojaopening.com.br\/shopp\/produto\/fita-laminada-para-rotuladora-brother-pt%252d1880-%252d-preto-sobre-branco-%252d-18mm-x-8-metros\/","url":"https:\/\/lojaopening.com.br\/shopp\/produto\/fita-laminada-para-rotuladora-brother-pt%252d1880-%252d-preto-sobre-branco-%252d-18mm-x-8-metros\/","name":"Fita laminada para rotuladora Brother PT-1880 - Preto sobre Branco - 18mm x 8 metros TZe-241 - Loja Opening","isPartOf":{"@id":"https:\/\/lojaopening.com.br\/shopp\/#website"},"primaryImageOfPage":{"@id":"https:\/\/lojaopening.com.br\/shopp\/produto\/fita-laminada-para-rotuladora-brother-pt%252d1880-%252d-preto-sobre-branco-%252d-18mm-x-8-metros\/#primaryimage"},"image":{"@id":"https:\/\/lojaopening.com.br\/shopp\/produto\/fita-laminada-para-rotuladora-brother-pt%252d1880-%252d-preto-sobre-branco-%252d-18mm-x-8-metros\/#primaryimage"},"thumbnailUrl":"https:\/\/lojaopening.com.br\/wp-content\/uploads\/2020\/09\/Fita-laminada-para-rotuladora-Brother-PT252d1880-252d-Preto-sobre-Branco-252d-18mm-x-8-metros.jpg","datePublished":"2020-09-04T03:54:54+00:00","dateModified":"2023-05-27T19:49:43+00:00","breadcrumb":{"@id":"https:\/\/lojaopening.com.br\/shopp\/produto\/fita-laminada-para-rotuladora-brother-pt%252d1880-%252d-preto-sobre-branco-%252d-18mm-x-8-metros\/#breadcrumb"},"inLanguage":"pt-PT","potentialAction":[{"@type":"ReadAction","target":["https:\/\/lojaopening.com.br\/shopp\/produto\/fita-laminada-para-rotuladora-brother-pt%252d1880-%252d-preto-sobre-branco-%252d-18mm-x-8-metros\/"]}]},{"@type":"ImageObject","inLanguage":"pt-PT","@id":"https:\/\/lojaopening.com.br\/shopp\/produto\/fita-laminada-para-rotuladora-brother-pt%252d1880-%252d-preto-sobre-branco-%252d-18mm-x-8-metros\/#primaryimage","url":"https:\/\/lojaopening.com.br\/wp-content\/uploads\/2020\/09\/Fita-laminada-para-rotuladora-Brother-PT252d1880-252d-Preto-sobre-Branco-252d-18mm-x-8-metros.jpg","contentUrl":"https:\/\/lojaopening.com.br\/wp-content\/uploads\/2020\/09\/Fita-laminada-para-rotuladora-Brother-PT252d1880-252d-Preto-sobre-Branco-252d-18mm-x-8-metros.jpg","width":214,"height":199},{"@type":"BreadcrumbList","@id":"https:\/\/lojaopening.com.br\/shopp\/produto\/fita-laminada-para-rotuladora-brother-pt%252d1880-%252d-preto-sobre-branco-%252d-18mm-x-8-metros\/#breadcrumb","itemListElement":[{"@type":"ListItem","position":1,"name":"In\u00edcio","item":"https:\/\/lojaopening.com.br\/shopp\/"},{"@type":"ListItem","position":2,"name":"Shop","item":"https:\/\/lojaopening.com.br\/shopp\/shopp\/"},{"@type":"ListItem","position":3,"name":"Fita laminada para rotuladora Brother PT-1880 &#8211; Preto sobre Branco &#8211; 18mm x 8 metros TZe-241"}]},{"@type":"WebSite","@id":"https:\/\/lojaopening.com.br\/shopp\/#website","url":"https:\/\/lojaopening.com.br\/shopp\/","name":"Loja Opening","description":"","publisher":{"@id":"https:\/\/lojaopening.com.br\/shopp\/#organization"},"potentialAction":[{"@type":"SearchAction","target":{"@type":"EntryPoint","urlTemplate":"https:\/\/lojaopening.com.br\/shopp\/?s={search_term_string}"},"query-input":{"@type":"PropertyValueSpecification","valueRequired":true,"valueName":"search_term_string"}}],"inLanguage":"pt-PT"},{"@type":"Organization","@id":"https:\/\/lojaopening.com.br\/shopp\/#organization","name":"Opening World Coml Import Export Ltda","url":"https:\/\/lojaopening.com.br\/shopp\/","logo":{"@type":"ImageObject","inLanguage":"pt-PT","@id":"https:\/\/lojaopening.com.br\/shopp\/#\/schema\/logo\/image\/","url":"https:\/\/lojaopening.com.br\/wp-content\/uploads\/2020\/09\/logo_header.png","contentUrl":"https:\/\/lojaopening.com.br\/wp-content\/uploads\/2020\/09\/logo_header.png","width":1279,"height":328,"caption":"Opening World Coml Import Export Ltda"},"image":{"@id":"https:\/\/lojaopening.com.br\/shopp\/#\/schema\/logo\/image\/"}}]}},"_links":{"self":[{"href":"https:\/\/lojaopening.com.br\/shopp\/wp-json\/wp\/v2\/product\/684","targetHints":{"allow":["GET"]}}],"collection":[{"href":"https:\/\/lojaopening.com.br\/shopp\/wp-json\/wp\/v2\/product"}],"about":[{"href":"https:\/\/lojaopening.com.br\/shopp\/wp-json\/wp\/v2\/types\/product"}],"wp:featuredmedia":[{"embeddable":true,"href":"https:\/\/lojaopening.com.br\/shopp\/wp-json\/wp\/v2\/media\/895"}],"wp:attachment":[{"href":"https:\/\/lojaopening.com.br\/shopp\/wp-json\/wp\/v2\/media?parent=684"}],"wp:term":[{"taxonomy":"product_brand","embeddable":true,"href":"https:\/\/lojaopening.com.br\/shopp\/wp-json\/wp\/v2\/product_brand?post=684"},{"taxonomy":"product_cat","embeddable":true,"href":"https:\/\/lojaopening.com.br\/shopp\/wp-json\/wp\/v2\/product_cat?post=684"},{"taxonomy":"product_tag","embeddable":true,"href":"https:\/\/lojaopening.com.br\/shopp\/wp-json\/wp\/v2\/product_tag?post=684"}],"curies":[{"name":"wp","href":"https:\/\/api.w.org\/{rel}","templated":true}]}}