{"id":688,"date":"2020-09-04T03:55:35","date_gmt":"2020-09-04T03:55:35","guid":{"rendered":"https:\/\/adsvance.me\/lojaopw\/produto\/aspirador-electrolux-gt3000-pro-professional-gt30n\/"},"modified":"2023-05-27T19:49:42","modified_gmt":"2023-05-27T19:49:42","slug":"aspirador-electrolux-gt3000-pro-professional-gt30n","status":"publish","type":"product","link":"https:\/\/lojaopening.com.br\/shopp\/produto\/aspirador-electrolux-gt3000-pro-professional-gt30n\/","title":{"rendered":"Aspirador Electrolux GT3000 Pro Professional GT30N"},"content":{"rendered":"<p>Informa\u00e7\u00f5es T\u00e9cnicas \u00a0 \u00a0 \u00a0 Aspirador de alta capacidade para eliminar p\u00f3 e l\u00edquidos indesejados (exceto inflam\u00e1veis) . Serve tamb\u00e9m para aspirar lama e pode auxiliar a desentupir pias, j\u00e1 que carrega pot\u00eancia de 1200W. Os rod\u00edzios e acess\u00f3rios ajudam muito nas tarefas. H\u00e1 um Bocal para pisos outro para cantos e frestas e tamb\u00e9m Tubos prolongadores pl\u00e1sticos. O controle de suc\u00e7\u00e3o ajuda na limpeza de objetos e tecidos delicados para que estes n\u00e3o sejam danificados. S\u00e3o 20 litros de capacidade para \u00e1gua e 13 litros para p\u00f3, pesando apenas 4,2Kg, com 5 metros cabo el\u00e9trico. \u00a0 \u00a0 \u00a0 Caracter\u00edsticas Gerais \u00a0 Descri\u00e7\u00e3o Aspirador Electrolux GT3000 Pro Professional GT30N Modelo GT30N Tipo \u00c1gua e P\u00f3 Port\u00e1til (Sem Fio) N\u00e3o Enrolador de Cabo Autom\u00e1tico N\u00e3o Capacidade do reservat\u00f3rio (L) 20 L \u00e1gua 13 L p\u00f3 Rod\u00edzios Sim Controle de Suc\u00e7\u00e3o Sim Comprimento do fio 5 m Tens\u00e3o\u00a0\u00a0\u00a0\u00a0\u00a0\u00a0\u00a0\u00a0\u00a0\u00a0\u00a0\u00a0\u00a0\u00a0\u00a0\u00a0\u00a0\u00a0\u00a0\u00a0\u00a0\u00a0\u00a0\u00a0\u00a0\u00a0\u00a0\u00a0\u00a0\u00a0\u00a0\u00a0\u00a0\u00a0\u00a0\u00a0\u00a0\u00a0\u00a0\u00a0\u00a0\u00a0\u00a0\u00a0\u00a0\u00a0\u00a0 \u00a0 Pot\u00eancia (W) 110V ou 220V \u00a0 1200W Cor Amarelo e preto Altura (cm) 60,2 Largura (cm) 35 Profundidade (cm) 33,5 Peso Aproximado 4.2 Kg Conte\u00fado da Embalagem Bocal para pisos, Bocal para cantos e frestas e Tubos prolongadores pl\u00e1sticos Garantia 1 ano (ofertada pelo fabricante) SAC &#8211; Fornecedor \u00a0 Fornecedor Electrolux Telefone 0800 728 8778 \u00a0 NCM: 8508.11.00 ICMS-ST\u00a0: pago anteriormente por substitui\u00e7\u00e3o tribut\u00e1ria NA CONDI\u00c7\u00c3O DE CONTRIBUINTE SUBSTITU\u00cdDO CFOP: 5.405 CST: 060 Pre\u00e7os v\u00e1lidos para faturamento para empresas com CNPJ ativo, CONSUMIDOR FINAL, CONTRIBUINTE para uso e consumo pr\u00f3prio\/ATIVO no estado de Minas Gerais. Para outros Estados, solicite sua cota\u00e7\u00e3o para receber as condi\u00e7\u00f5es comerciais<\/p>\n","protected":false},"excerpt":{"rendered":"<p>Aspirador Electrolux GT3000 Pro Professional GT30NGT30N<\/p>\n","protected":false},"featured_media":888,"template":"","meta":[],"product_brand":[],"product_cat":[38,76],"product_tag":[],"class_list":{"0":"post-688","1":"product","2":"type-product","3":"status-publish","4":"has-post-thumbnail","6":"product_cat-automacao-industrial","7":"product_cat-electrolux","9":"first","10":"onbackorder","11":"shipping-taxable","12":"purchasable","13":"product-type-simple"},"yoast_head":"<!-- This site is optimized with the Yoast SEO plugin v27.2 - https:\/\/yoast.com\/product\/yoast-seo-wordpress\/ -->\n<title>Aspirador Electrolux GT3000 Pro Professional GT30N - Loja Opening<\/title>\n<meta name=\"robots\" content=\"index, follow, max-snippet:-1, max-image-preview:large, max-video-preview:-1\" \/>\n<link rel=\"canonical\" href=\"https:\/\/lojaopening.com.br\/shopp\/produto\/aspirador-electrolux-gt3000-pro-professional-gt30n\/\" \/>\n<meta property=\"og:locale\" content=\"pt_PT\" \/>\n<meta property=\"og:type\" content=\"article\" \/>\n<meta property=\"og:title\" content=\"Aspirador Electrolux GT3000 Pro Professional GT30N - Loja Opening\" \/>\n<meta property=\"og:description\" content=\"Aspirador Electrolux GT3000 Pro Professional GT30NGT30N\" \/>\n<meta property=\"og:url\" content=\"https:\/\/lojaopening.com.br\/shopp\/produto\/aspirador-electrolux-gt3000-pro-professional-gt30n\/\" \/>\n<meta property=\"og:site_name\" content=\"Loja Opening\" \/>\n<meta property=\"article:modified_time\" content=\"2023-05-27T19:49:42+00:00\" \/>\n<meta property=\"og:image\" content=\"https:\/\/lojaopening.com.br\/wp-content\/uploads\/2020\/09\/Aspirador-Electrolux-GT3000-Pro-Professional-GT30N.jpg\" \/>\n\t<meta property=\"og:image:width\" content=\"400\" \/>\n\t<meta property=\"og:image:height\" content=\"407\" \/>\n\t<meta property=\"og:image:type\" content=\"image\/jpeg\" \/>\n<meta name=\"twitter:card\" content=\"summary_large_image\" \/>\n<meta name=\"twitter:label1\" content=\"Tempo estimado de leitura\" \/>\n\t<meta name=\"twitter:data1\" content=\"1 minuto\" \/>\n<script type=\"application\/ld+json\" class=\"yoast-schema-graph\">{\"@context\":\"https:\/\/schema.org\",\"@graph\":[{\"@type\":\"WebPage\",\"@id\":\"https:\/\/lojaopening.com.br\/shopp\/produto\/aspirador-electrolux-gt3000-pro-professional-gt30n\/\",\"url\":\"https:\/\/lojaopening.com.br\/shopp\/produto\/aspirador-electrolux-gt3000-pro-professional-gt30n\/\",\"name\":\"Aspirador Electrolux GT3000 Pro Professional GT30N - Loja Opening\",\"isPartOf\":{\"@id\":\"https:\/\/lojaopening.com.br\/shopp\/#website\"},\"primaryImageOfPage\":{\"@id\":\"https:\/\/lojaopening.com.br\/shopp\/produto\/aspirador-electrolux-gt3000-pro-professional-gt30n\/#primaryimage\"},\"image\":{\"@id\":\"https:\/\/lojaopening.com.br\/shopp\/produto\/aspirador-electrolux-gt3000-pro-professional-gt30n\/#primaryimage\"},\"thumbnailUrl\":\"https:\/\/lojaopening.com.br\/wp-content\/uploads\/2020\/09\/Aspirador-Electrolux-GT3000-Pro-Professional-GT30N.jpg\",\"datePublished\":\"2020-09-04T03:55:35+00:00\",\"dateModified\":\"2023-05-27T19:49:42+00:00\",\"breadcrumb\":{\"@id\":\"https:\/\/lojaopening.com.br\/shopp\/produto\/aspirador-electrolux-gt3000-pro-professional-gt30n\/#breadcrumb\"},\"inLanguage\":\"pt-PT\",\"potentialAction\":[{\"@type\":\"ReadAction\",\"target\":[\"https:\/\/lojaopening.com.br\/shopp\/produto\/aspirador-electrolux-gt3000-pro-professional-gt30n\/\"]}]},{\"@type\":\"ImageObject\",\"inLanguage\":\"pt-PT\",\"@id\":\"https:\/\/lojaopening.com.br\/shopp\/produto\/aspirador-electrolux-gt3000-pro-professional-gt30n\/#primaryimage\",\"url\":\"https:\/\/lojaopening.com.br\/wp-content\/uploads\/2020\/09\/Aspirador-Electrolux-GT3000-Pro-Professional-GT30N.jpg\",\"contentUrl\":\"https:\/\/lojaopening.com.br\/wp-content\/uploads\/2020\/09\/Aspirador-Electrolux-GT3000-Pro-Professional-GT30N.jpg\",\"width\":400,\"height\":407},{\"@type\":\"BreadcrumbList\",\"@id\":\"https:\/\/lojaopening.com.br\/shopp\/produto\/aspirador-electrolux-gt3000-pro-professional-gt30n\/#breadcrumb\",\"itemListElement\":[{\"@type\":\"ListItem\",\"position\":1,\"name\":\"In\u00edcio\",\"item\":\"https:\/\/lojaopening.com.br\/shopp\/\"},{\"@type\":\"ListItem\",\"position\":2,\"name\":\"Shop\",\"item\":\"https:\/\/lojaopening.com.br\/shopp\/shopp\/\"},{\"@type\":\"ListItem\",\"position\":3,\"name\":\"Aspirador Electrolux GT3000 Pro Professional GT30N\"}]},{\"@type\":\"WebSite\",\"@id\":\"https:\/\/lojaopening.com.br\/shopp\/#website\",\"url\":\"https:\/\/lojaopening.com.br\/shopp\/\",\"name\":\"Loja Opening\",\"description\":\"\",\"publisher\":{\"@id\":\"https:\/\/lojaopening.com.br\/shopp\/#organization\"},\"potentialAction\":[{\"@type\":\"SearchAction\",\"target\":{\"@type\":\"EntryPoint\",\"urlTemplate\":\"https:\/\/lojaopening.com.br\/shopp\/?s={search_term_string}\"},\"query-input\":{\"@type\":\"PropertyValueSpecification\",\"valueRequired\":true,\"valueName\":\"search_term_string\"}}],\"inLanguage\":\"pt-PT\"},{\"@type\":\"Organization\",\"@id\":\"https:\/\/lojaopening.com.br\/shopp\/#organization\",\"name\":\"Opening World Coml Import Export Ltda\",\"url\":\"https:\/\/lojaopening.com.br\/shopp\/\",\"logo\":{\"@type\":\"ImageObject\",\"inLanguage\":\"pt-PT\",\"@id\":\"https:\/\/lojaopening.com.br\/shopp\/#\/schema\/logo\/image\/\",\"url\":\"https:\/\/lojaopening.com.br\/wp-content\/uploads\/2020\/09\/logo_header.png\",\"contentUrl\":\"https:\/\/lojaopening.com.br\/wp-content\/uploads\/2020\/09\/logo_header.png\",\"width\":1279,\"height\":328,\"caption\":\"Opening World Coml Import Export Ltda\"},\"image\":{\"@id\":\"https:\/\/lojaopening.com.br\/shopp\/#\/schema\/logo\/image\/\"}}]}<\/script>\n<!-- \/ Yoast SEO plugin. -->","yoast_head_json":{"title":"Aspirador Electrolux GT3000 Pro Professional GT30N - Loja Opening","robots":{"index":"index","follow":"follow","max-snippet":"max-snippet:-1","max-image-preview":"max-image-preview:large","max-video-preview":"max-video-preview:-1"},"canonical":"https:\/\/lojaopening.com.br\/shopp\/produto\/aspirador-electrolux-gt3000-pro-professional-gt30n\/","og_locale":"pt_PT","og_type":"article","og_title":"Aspirador Electrolux GT3000 Pro Professional GT30N - Loja Opening","og_description":"Aspirador Electrolux GT3000 Pro Professional GT30NGT30N","og_url":"https:\/\/lojaopening.com.br\/shopp\/produto\/aspirador-electrolux-gt3000-pro-professional-gt30n\/","og_site_name":"Loja Opening","article_modified_time":"2023-05-27T19:49:42+00:00","og_image":[{"width":400,"height":407,"url":"https:\/\/lojaopening.com.br\/wp-content\/uploads\/2020\/09\/Aspirador-Electrolux-GT3000-Pro-Professional-GT30N.jpg","type":"image\/jpeg"}],"twitter_card":"summary_large_image","twitter_misc":{"Tempo estimado de leitura":"1 minuto"},"schema":{"@context":"https:\/\/schema.org","@graph":[{"@type":"WebPage","@id":"https:\/\/lojaopening.com.br\/shopp\/produto\/aspirador-electrolux-gt3000-pro-professional-gt30n\/","url":"https:\/\/lojaopening.com.br\/shopp\/produto\/aspirador-electrolux-gt3000-pro-professional-gt30n\/","name":"Aspirador Electrolux GT3000 Pro Professional GT30N - Loja Opening","isPartOf":{"@id":"https:\/\/lojaopening.com.br\/shopp\/#website"},"primaryImageOfPage":{"@id":"https:\/\/lojaopening.com.br\/shopp\/produto\/aspirador-electrolux-gt3000-pro-professional-gt30n\/#primaryimage"},"image":{"@id":"https:\/\/lojaopening.com.br\/shopp\/produto\/aspirador-electrolux-gt3000-pro-professional-gt30n\/#primaryimage"},"thumbnailUrl":"https:\/\/lojaopening.com.br\/wp-content\/uploads\/2020\/09\/Aspirador-Electrolux-GT3000-Pro-Professional-GT30N.jpg","datePublished":"2020-09-04T03:55:35+00:00","dateModified":"2023-05-27T19:49:42+00:00","breadcrumb":{"@id":"https:\/\/lojaopening.com.br\/shopp\/produto\/aspirador-electrolux-gt3000-pro-professional-gt30n\/#breadcrumb"},"inLanguage":"pt-PT","potentialAction":[{"@type":"ReadAction","target":["https:\/\/lojaopening.com.br\/shopp\/produto\/aspirador-electrolux-gt3000-pro-professional-gt30n\/"]}]},{"@type":"ImageObject","inLanguage":"pt-PT","@id":"https:\/\/lojaopening.com.br\/shopp\/produto\/aspirador-electrolux-gt3000-pro-professional-gt30n\/#primaryimage","url":"https:\/\/lojaopening.com.br\/wp-content\/uploads\/2020\/09\/Aspirador-Electrolux-GT3000-Pro-Professional-GT30N.jpg","contentUrl":"https:\/\/lojaopening.com.br\/wp-content\/uploads\/2020\/09\/Aspirador-Electrolux-GT3000-Pro-Professional-GT30N.jpg","width":400,"height":407},{"@type":"BreadcrumbList","@id":"https:\/\/lojaopening.com.br\/shopp\/produto\/aspirador-electrolux-gt3000-pro-professional-gt30n\/#breadcrumb","itemListElement":[{"@type":"ListItem","position":1,"name":"In\u00edcio","item":"https:\/\/lojaopening.com.br\/shopp\/"},{"@type":"ListItem","position":2,"name":"Shop","item":"https:\/\/lojaopening.com.br\/shopp\/shopp\/"},{"@type":"ListItem","position":3,"name":"Aspirador Electrolux GT3000 Pro Professional GT30N"}]},{"@type":"WebSite","@id":"https:\/\/lojaopening.com.br\/shopp\/#website","url":"https:\/\/lojaopening.com.br\/shopp\/","name":"Loja Opening","description":"","publisher":{"@id":"https:\/\/lojaopening.com.br\/shopp\/#organization"},"potentialAction":[{"@type":"SearchAction","target":{"@type":"EntryPoint","urlTemplate":"https:\/\/lojaopening.com.br\/shopp\/?s={search_term_string}"},"query-input":{"@type":"PropertyValueSpecification","valueRequired":true,"valueName":"search_term_string"}}],"inLanguage":"pt-PT"},{"@type":"Organization","@id":"https:\/\/lojaopening.com.br\/shopp\/#organization","name":"Opening World Coml Import Export Ltda","url":"https:\/\/lojaopening.com.br\/shopp\/","logo":{"@type":"ImageObject","inLanguage":"pt-PT","@id":"https:\/\/lojaopening.com.br\/shopp\/#\/schema\/logo\/image\/","url":"https:\/\/lojaopening.com.br\/wp-content\/uploads\/2020\/09\/logo_header.png","contentUrl":"https:\/\/lojaopening.com.br\/wp-content\/uploads\/2020\/09\/logo_header.png","width":1279,"height":328,"caption":"Opening World Coml Import Export Ltda"},"image":{"@id":"https:\/\/lojaopening.com.br\/shopp\/#\/schema\/logo\/image\/"}}]}},"_links":{"self":[{"href":"https:\/\/lojaopening.com.br\/shopp\/wp-json\/wp\/v2\/product\/688","targetHints":{"allow":["GET"]}}],"collection":[{"href":"https:\/\/lojaopening.com.br\/shopp\/wp-json\/wp\/v2\/product"}],"about":[{"href":"https:\/\/lojaopening.com.br\/shopp\/wp-json\/wp\/v2\/types\/product"}],"wp:featuredmedia":[{"embeddable":true,"href":"https:\/\/lojaopening.com.br\/shopp\/wp-json\/wp\/v2\/media\/888"}],"wp:attachment":[{"href":"https:\/\/lojaopening.com.br\/shopp\/wp-json\/wp\/v2\/media?parent=688"}],"wp:term":[{"taxonomy":"product_brand","embeddable":true,"href":"https:\/\/lojaopening.com.br\/shopp\/wp-json\/wp\/v2\/product_brand?post=688"},{"taxonomy":"product_cat","embeddable":true,"href":"https:\/\/lojaopening.com.br\/shopp\/wp-json\/wp\/v2\/product_cat?post=688"},{"taxonomy":"product_tag","embeddable":true,"href":"https:\/\/lojaopening.com.br\/shopp\/wp-json\/wp\/v2\/product_tag?post=688"}],"curies":[{"name":"wp","href":"https:\/\/api.w.org\/{rel}","templated":true}]}}