{"id":692,"date":"2020-09-04T03:57:20","date_gmt":"2020-09-04T03:57:20","guid":{"rendered":"https:\/\/adsvance.me\/lojaopw\/produto\/cantil-isotermico-safari-1l-soprano-090033100\/"},"modified":"2023-05-27T19:49:40","modified_gmt":"2023-05-27T19:49:40","slug":"cantil-isotermico-safari-1l-soprano-090033100","status":"publish","type":"product","link":"https:\/\/lojaopening.com.br\/shopp\/produto\/cantil-isotermico-safari-1l-soprano-090033100\/","title":{"rendered":"Cantil Isot\u00e9rmico Safari 1L &#8211; Soprano 090033100"},"content":{"rendered":"<div class=\"divTabArea on\" id=\"div2\">\n<h3><span style=\"font-family: 'HelveticaNeue57Condensed','serif'; color: #1a346d;\"><span style=\"font-size: large;\"><span style=\"font-family: arial,helvetica,sans-serif;\">Cantil Isot\u00e9rmico Safari 1 Litro<\/span><\/span><\/span><\/h3>\n<p class=\"mb20\"><strong><span style=\"font-family: 'HelveticaNeue57Condensed','serif'; color: #414141;\"><span style=\"font-size: small;\">C\u00f3d. 090033100<\/span><\/span><\/strong><\/p>\n<p><span style=\"font-family: 'HelveticaNeue57Condensed','serif'; color: #414141;\"><span style=\"font-size: small;\">Embalagem com 6 unidades<\/span><\/span><\/p>\n<p><strong><span style=\"font-family: 'Arial','sans-serif'; color: #656565;\"><span style=\"font-size: small;\">Caracter\u00edsticas do produto<\/span><\/span><\/strong><\/p>\n<ul>\n<li><span style=\"font-family: 'Arial','sans-serif'; color: #414141;\"><span style=\"font-size: small;\">Cores dispon\u00edveis : Verde e Vermelho;<\/span><\/span><\/li>\n<li><span style=\"font-family: 'Arial','sans-serif'; color: #414141;\"><span style=\"font-size: small;\">Ampola pl\u00e1stica resistente a impactos; <\/span><\/span><\/li>\n<li><span style=\"font-family: 'Arial','sans-serif'; color: #414141;\"><span style=\"font-size: small;\">Capacidade de 1 litro; <\/span><\/span><\/li>\n<li><span style=\"font-family: 'Arial','sans-serif'; color: #414141;\"><span style=\"font-size: small;\">Somente para l\u00edquidos frios; <\/span><\/span><\/li>\n<li><span style=\"font-family: 'Arial','sans-serif'; color: #414141;\"><span style=\"font-size: small;\">Leve e pr\u00e1tico; <\/span><\/span><\/li>\n<li><span style=\"font-family: 'Arial','sans-serif'; color: #414141;\"><span style=\"font-size: small;\">Al\u00e7a tiracolo com regulagem de comprimento; <\/span><\/span><\/li>\n<li><span style=\"font-family: 'Arial','sans-serif'; color: #414141;\"><span style=\"font-size: small;\">Tampa com novo design apta ao uso de mosquet\u00e3o ( que permite pendurar em qualquer lugar);<\/span><\/span><\/li>\n<li><span style=\"font-family: 'Arial','sans-serif'; color: #414141;\"><span style=\"font-size: small;\">Ideal para caminhadas, escaladas, e todo tipo de esporte radical;<\/span><\/span><\/li>\n<li><span style=\"font-family: 'Arial','sans-serif'; color: #414141;\"><span style=\"font-size: small;\">Para l\u00edquidos e frios<\/span><\/span><\/li>\n<li><span lang=\"PT\" style=\"font-size: 12pt;\">NCM: 3923.90.00<\/span><span lang=\"PT\" style=\"font-size: 12pt;\"> <\/span><\/li>\n<li><span lang=\"PT\" style=\"font-size: 12pt;\">ICMS incluso: 18%<\/span><span lang=\"PT\" style=\"font-size: 12pt;\"> <\/span><\/li>\n<li><span lang=\"PT\" style=\"font-size: 12pt;\">CST: 000<\/span><span lang=\"PT\" style=\"font-size: 12pt;\"> <\/span><\/li>\n<li><em><span style=\"font-size: 12pt;\">Pre\u00e7os v\u00e1lidos para faturamento para empresas com CNPJ ativo, CONSUMIDOR FINAL, CONTRIBUINTE para uso e consumo pr\u00f3prio\/Ativo<\/span><\/em><\/li>\n<\/ul>\n<p><span style=\"font-size: 12pt;\">&nbsp;<\/span><\/p>\n<div class=\"Block Moveable Panel\" id=\"ProductWarranty\">\n<h3>Informa\u00e7\u00f5es sobre garantia<\/h3>\n<div class=\"ProductWarrantyContainer\">\n\t\tOs produtos Soprano possuem 90 dias de garantia contra defeitos de<br \/>\nmaterial e fabrica\u00e7\u00e3o. N\u00e3o cobre, portanto, problemas ocasionados por<br \/>\nuso indevido do produto ou manuseio inadequado. Para troca do<br \/>\nproduto, dentro dos termos de garantia, entre em contato conosco,informando o n\u00ba da NF-e de compra, para efetuar a troca. Em caso de d\u00favidas,sugest\u00f5es, reclama\u00e7\u00f5es manter contato , e-mail: openingworld@openingworld.com.br, ou pelo Telefone: (31) 3411-7030<\/p><\/div>\n<hr style=\"\" class=\"ProductSectionSeparator\">\n<\/div>\n<\/p><\/div>\n","protected":false},"excerpt":{"rendered":"<p>Cantil Isot\u00e9rmico Safari 1L &#8211; Soprano090033100<\/p>\n","protected":false},"featured_media":960,"template":"","meta":[],"product_brand":[],"product_cat":[267,53],"product_tag":[],"class_list":{"0":"post-692","1":"product","2":"type-product","3":"status-publish","4":"has-post-thumbnail","6":"product_cat-soprano","7":"product_cat-utilidades-domesticas","9":"first","10":"onbackorder","11":"shipping-taxable","12":"purchasable","13":"product-type-simple"},"yoast_head":"<!-- This site is optimized with the Yoast SEO plugin v27.2 - https:\/\/yoast.com\/product\/yoast-seo-wordpress\/ -->\n<title>Cantil Isot\u00e9rmico Safari 1L - Soprano 090033100 - Loja Opening<\/title>\n<meta name=\"robots\" content=\"index, follow, max-snippet:-1, max-image-preview:large, max-video-preview:-1\" \/>\n<link rel=\"canonical\" href=\"https:\/\/lojaopening.com.br\/shopp\/produto\/cantil-isotermico-safari-1l-soprano-090033100\/\" \/>\n<meta property=\"og:locale\" content=\"pt_PT\" \/>\n<meta property=\"og:type\" content=\"article\" \/>\n<meta property=\"og:title\" content=\"Cantil Isot\u00e9rmico Safari 1L - Soprano 090033100 - Loja Opening\" \/>\n<meta property=\"og:description\" content=\"Cantil Isot\u00e9rmico Safari 1L - Soprano090033100\" \/>\n<meta property=\"og:url\" content=\"https:\/\/lojaopening.com.br\/shopp\/produto\/cantil-isotermico-safari-1l-soprano-090033100\/\" \/>\n<meta property=\"og:site_name\" content=\"Loja Opening\" \/>\n<meta property=\"article:modified_time\" content=\"2023-05-27T19:49:40+00:00\" \/>\n<meta property=\"og:image\" content=\"https:\/\/lojaopening.com.br\/wp-content\/uploads\/2020\/09\/cantil-isotermico-safari-1l-soprano-090033100.png\" \/>\n\t<meta property=\"og:image:width\" content=\"3334\" \/>\n\t<meta property=\"og:image:height\" content=\"3335\" \/>\n\t<meta property=\"og:image:type\" content=\"image\/png\" \/>\n<meta name=\"twitter:card\" content=\"summary_large_image\" \/>\n<meta name=\"twitter:label1\" content=\"Tempo estimado de leitura\" \/>\n\t<meta name=\"twitter:data1\" content=\"1 minuto\" \/>\n<script type=\"application\/ld+json\" class=\"yoast-schema-graph\">{\"@context\":\"https:\/\/schema.org\",\"@graph\":[{\"@type\":\"WebPage\",\"@id\":\"https:\/\/lojaopening.com.br\/shopp\/produto\/cantil-isotermico-safari-1l-soprano-090033100\/\",\"url\":\"https:\/\/lojaopening.com.br\/shopp\/produto\/cantil-isotermico-safari-1l-soprano-090033100\/\",\"name\":\"Cantil Isot\u00e9rmico Safari 1L - Soprano 090033100 - Loja Opening\",\"isPartOf\":{\"@id\":\"https:\/\/lojaopening.com.br\/shopp\/#website\"},\"primaryImageOfPage\":{\"@id\":\"https:\/\/lojaopening.com.br\/shopp\/produto\/cantil-isotermico-safari-1l-soprano-090033100\/#primaryimage\"},\"image\":{\"@id\":\"https:\/\/lojaopening.com.br\/shopp\/produto\/cantil-isotermico-safari-1l-soprano-090033100\/#primaryimage\"},\"thumbnailUrl\":\"https:\/\/lojaopening.com.br\/wp-content\/uploads\/2020\/09\/cantil-isotermico-safari-1l-soprano-090033100.png\",\"datePublished\":\"2020-09-04T03:57:20+00:00\",\"dateModified\":\"2023-05-27T19:49:40+00:00\",\"breadcrumb\":{\"@id\":\"https:\/\/lojaopening.com.br\/shopp\/produto\/cantil-isotermico-safari-1l-soprano-090033100\/#breadcrumb\"},\"inLanguage\":\"pt-PT\",\"potentialAction\":[{\"@type\":\"ReadAction\",\"target\":[\"https:\/\/lojaopening.com.br\/shopp\/produto\/cantil-isotermico-safari-1l-soprano-090033100\/\"]}]},{\"@type\":\"ImageObject\",\"inLanguage\":\"pt-PT\",\"@id\":\"https:\/\/lojaopening.com.br\/shopp\/produto\/cantil-isotermico-safari-1l-soprano-090033100\/#primaryimage\",\"url\":\"https:\/\/lojaopening.com.br\/wp-content\/uploads\/2020\/09\/cantil-isotermico-safari-1l-soprano-090033100.png\",\"contentUrl\":\"https:\/\/lojaopening.com.br\/wp-content\/uploads\/2020\/09\/cantil-isotermico-safari-1l-soprano-090033100.png\",\"width\":3334,\"height\":3335},{\"@type\":\"BreadcrumbList\",\"@id\":\"https:\/\/lojaopening.com.br\/shopp\/produto\/cantil-isotermico-safari-1l-soprano-090033100\/#breadcrumb\",\"itemListElement\":[{\"@type\":\"ListItem\",\"position\":1,\"name\":\"In\u00edcio\",\"item\":\"https:\/\/lojaopening.com.br\/shopp\/\"},{\"@type\":\"ListItem\",\"position\":2,\"name\":\"Shop\",\"item\":\"https:\/\/lojaopening.com.br\/shopp\/shopp\/\"},{\"@type\":\"ListItem\",\"position\":3,\"name\":\"Cantil Isot\u00e9rmico Safari 1L &#8211; Soprano 090033100\"}]},{\"@type\":\"WebSite\",\"@id\":\"https:\/\/lojaopening.com.br\/shopp\/#website\",\"url\":\"https:\/\/lojaopening.com.br\/shopp\/\",\"name\":\"Loja Opening\",\"description\":\"\",\"publisher\":{\"@id\":\"https:\/\/lojaopening.com.br\/shopp\/#organization\"},\"potentialAction\":[{\"@type\":\"SearchAction\",\"target\":{\"@type\":\"EntryPoint\",\"urlTemplate\":\"https:\/\/lojaopening.com.br\/shopp\/?s={search_term_string}\"},\"query-input\":{\"@type\":\"PropertyValueSpecification\",\"valueRequired\":true,\"valueName\":\"search_term_string\"}}],\"inLanguage\":\"pt-PT\"},{\"@type\":\"Organization\",\"@id\":\"https:\/\/lojaopening.com.br\/shopp\/#organization\",\"name\":\"Opening World Coml Import Export Ltda\",\"url\":\"https:\/\/lojaopening.com.br\/shopp\/\",\"logo\":{\"@type\":\"ImageObject\",\"inLanguage\":\"pt-PT\",\"@id\":\"https:\/\/lojaopening.com.br\/shopp\/#\/schema\/logo\/image\/\",\"url\":\"https:\/\/lojaopening.com.br\/wp-content\/uploads\/2020\/09\/logo_header.png\",\"contentUrl\":\"https:\/\/lojaopening.com.br\/wp-content\/uploads\/2020\/09\/logo_header.png\",\"width\":1279,\"height\":328,\"caption\":\"Opening World Coml Import Export Ltda\"},\"image\":{\"@id\":\"https:\/\/lojaopening.com.br\/shopp\/#\/schema\/logo\/image\/\"}}]}<\/script>\n<!-- \/ Yoast SEO plugin. -->","yoast_head_json":{"title":"Cantil Isot\u00e9rmico Safari 1L - Soprano 090033100 - Loja Opening","robots":{"index":"index","follow":"follow","max-snippet":"max-snippet:-1","max-image-preview":"max-image-preview:large","max-video-preview":"max-video-preview:-1"},"canonical":"https:\/\/lojaopening.com.br\/shopp\/produto\/cantil-isotermico-safari-1l-soprano-090033100\/","og_locale":"pt_PT","og_type":"article","og_title":"Cantil Isot\u00e9rmico Safari 1L - Soprano 090033100 - Loja Opening","og_description":"Cantil Isot\u00e9rmico Safari 1L - Soprano090033100","og_url":"https:\/\/lojaopening.com.br\/shopp\/produto\/cantil-isotermico-safari-1l-soprano-090033100\/","og_site_name":"Loja Opening","article_modified_time":"2023-05-27T19:49:40+00:00","og_image":[{"width":3334,"height":3335,"url":"https:\/\/lojaopening.com.br\/wp-content\/uploads\/2020\/09\/cantil-isotermico-safari-1l-soprano-090033100.png","type":"image\/png"}],"twitter_card":"summary_large_image","twitter_misc":{"Tempo estimado de leitura":"1 minuto"},"schema":{"@context":"https:\/\/schema.org","@graph":[{"@type":"WebPage","@id":"https:\/\/lojaopening.com.br\/shopp\/produto\/cantil-isotermico-safari-1l-soprano-090033100\/","url":"https:\/\/lojaopening.com.br\/shopp\/produto\/cantil-isotermico-safari-1l-soprano-090033100\/","name":"Cantil Isot\u00e9rmico Safari 1L - Soprano 090033100 - Loja Opening","isPartOf":{"@id":"https:\/\/lojaopening.com.br\/shopp\/#website"},"primaryImageOfPage":{"@id":"https:\/\/lojaopening.com.br\/shopp\/produto\/cantil-isotermico-safari-1l-soprano-090033100\/#primaryimage"},"image":{"@id":"https:\/\/lojaopening.com.br\/shopp\/produto\/cantil-isotermico-safari-1l-soprano-090033100\/#primaryimage"},"thumbnailUrl":"https:\/\/lojaopening.com.br\/wp-content\/uploads\/2020\/09\/cantil-isotermico-safari-1l-soprano-090033100.png","datePublished":"2020-09-04T03:57:20+00:00","dateModified":"2023-05-27T19:49:40+00:00","breadcrumb":{"@id":"https:\/\/lojaopening.com.br\/shopp\/produto\/cantil-isotermico-safari-1l-soprano-090033100\/#breadcrumb"},"inLanguage":"pt-PT","potentialAction":[{"@type":"ReadAction","target":["https:\/\/lojaopening.com.br\/shopp\/produto\/cantil-isotermico-safari-1l-soprano-090033100\/"]}]},{"@type":"ImageObject","inLanguage":"pt-PT","@id":"https:\/\/lojaopening.com.br\/shopp\/produto\/cantil-isotermico-safari-1l-soprano-090033100\/#primaryimage","url":"https:\/\/lojaopening.com.br\/wp-content\/uploads\/2020\/09\/cantil-isotermico-safari-1l-soprano-090033100.png","contentUrl":"https:\/\/lojaopening.com.br\/wp-content\/uploads\/2020\/09\/cantil-isotermico-safari-1l-soprano-090033100.png","width":3334,"height":3335},{"@type":"BreadcrumbList","@id":"https:\/\/lojaopening.com.br\/shopp\/produto\/cantil-isotermico-safari-1l-soprano-090033100\/#breadcrumb","itemListElement":[{"@type":"ListItem","position":1,"name":"In\u00edcio","item":"https:\/\/lojaopening.com.br\/shopp\/"},{"@type":"ListItem","position":2,"name":"Shop","item":"https:\/\/lojaopening.com.br\/shopp\/shopp\/"},{"@type":"ListItem","position":3,"name":"Cantil Isot\u00e9rmico Safari 1L &#8211; Soprano 090033100"}]},{"@type":"WebSite","@id":"https:\/\/lojaopening.com.br\/shopp\/#website","url":"https:\/\/lojaopening.com.br\/shopp\/","name":"Loja Opening","description":"","publisher":{"@id":"https:\/\/lojaopening.com.br\/shopp\/#organization"},"potentialAction":[{"@type":"SearchAction","target":{"@type":"EntryPoint","urlTemplate":"https:\/\/lojaopening.com.br\/shopp\/?s={search_term_string}"},"query-input":{"@type":"PropertyValueSpecification","valueRequired":true,"valueName":"search_term_string"}}],"inLanguage":"pt-PT"},{"@type":"Organization","@id":"https:\/\/lojaopening.com.br\/shopp\/#organization","name":"Opening World Coml Import Export Ltda","url":"https:\/\/lojaopening.com.br\/shopp\/","logo":{"@type":"ImageObject","inLanguage":"pt-PT","@id":"https:\/\/lojaopening.com.br\/shopp\/#\/schema\/logo\/image\/","url":"https:\/\/lojaopening.com.br\/wp-content\/uploads\/2020\/09\/logo_header.png","contentUrl":"https:\/\/lojaopening.com.br\/wp-content\/uploads\/2020\/09\/logo_header.png","width":1279,"height":328,"caption":"Opening World Coml Import Export Ltda"},"image":{"@id":"https:\/\/lojaopening.com.br\/shopp\/#\/schema\/logo\/image\/"}}]}},"_links":{"self":[{"href":"https:\/\/lojaopening.com.br\/shopp\/wp-json\/wp\/v2\/product\/692","targetHints":{"allow":["GET"]}}],"collection":[{"href":"https:\/\/lojaopening.com.br\/shopp\/wp-json\/wp\/v2\/product"}],"about":[{"href":"https:\/\/lojaopening.com.br\/shopp\/wp-json\/wp\/v2\/types\/product"}],"wp:featuredmedia":[{"embeddable":true,"href":"https:\/\/lojaopening.com.br\/shopp\/wp-json\/wp\/v2\/media\/960"}],"wp:attachment":[{"href":"https:\/\/lojaopening.com.br\/shopp\/wp-json\/wp\/v2\/media?parent=692"}],"wp:term":[{"taxonomy":"product_brand","embeddable":true,"href":"https:\/\/lojaopening.com.br\/shopp\/wp-json\/wp\/v2\/product_brand?post=692"},{"taxonomy":"product_cat","embeddable":true,"href":"https:\/\/lojaopening.com.br\/shopp\/wp-json\/wp\/v2\/product_cat?post=692"},{"taxonomy":"product_tag","embeddable":true,"href":"https:\/\/lojaopening.com.br\/shopp\/wp-json\/wp\/v2\/product_tag?post=692"}],"curies":[{"name":"wp","href":"https:\/\/api.w.org\/{rel}","templated":true}]}}