{"id":693,"date":"2020-09-04T03:57:24","date_gmt":"2020-09-04T03:57:24","guid":{"rendered":"https:\/\/adsvance.me\/lojaopw\/produto\/ribbon-datacard-534000-003-ymckt-colorido-500-impressoes\/"},"modified":"2023-05-27T19:49:40","modified_gmt":"2023-05-27T19:49:40","slug":"ribbon-datacard-534000%252d003-ymckt-colorido-%252d-500-impress%f5es","status":"publish","type":"product","link":"https:\/\/lojaopening.com.br\/shopp\/produto\/ribbon-datacard-534000%252d003-ymckt-colorido-%252d-500-impress%f5es\/","title":{"rendered":"Ribbon Datacard 534000-003 YMCKT colorido &#8211; 500 impress\u00f5es"},"content":{"rendered":"<p>Ribbon Datacard 534000-003 YMCKT colorido &#8211; 500 impress\u00f5es \u00a0 O Ribbon YMCKT Datacard c\u00f3d. 534000-003 \u00e9 usado nas impressoras Datacard SD260 e Datacard SD360 que faz impress\u00e3o de uma combina\u00e7\u00e3o de imagens coloridas e texto de uma cor ou c\u00f3digo de barras. \u00a0 Este produto substitui o 552854-504 (Produ\u00e7\u00e3o descontinuada).Para uso com as impressoras de identifica\u00e7\u00e3o Datacard SP35, SP35 Plus, SP55, SP55 Plus, SP75 &amp; SP75 Plus (com atualiza\u00e7\u00e3o firmaware) \u00a0Go Green (Em portugu\u00eas) \u00a0 NCM: 9612.10.90 ICMS incluso: 18% CST: 200 ( PRODUTO IMPORTADO) Pre\u00e7os v\u00e1lidos para faturamento para empresas com CNPJ ativo, CONSUMIDOR FINAL, CONTRIBUINTE para uso e consumo pr\u00f3prio\/ATIVO \u00a0 Garantia: 90 DIAS \u00a0 Acompanha : \u00a0\u00a0 1 Fita de impress\u00e3o colorida 1 cart\u00e3o de limpeza (isopropanol cleaning card) 1 rolete de limpeza (adhesive cleaning sleeve) \u00a0 Ribbon Datacard 534000-003 YMCKT colorido &#8211; 500 impress\u00f5es O Ribbon YMCKT Datacard c\u00f3d. 534000-003 \u00e9 usado nas impressoras Datacard SD260 e Datacard SD360 que faz impress\u00e3o de uma combina\u00e7\u00e3o de imagens coloridas e texto de uma cor ou c\u00f3digo de barras. Este produto substitui o 552854-504 (Produ\u00e7\u00e3o descontinuada).Para uso com as impressoras de identifica\u00e7\u00e3o Datacard SP35, SP35 Plus, SP55, SP55 Plus, SP75 &amp; SP75 Plus (com atualiza\u00e7\u00e3o firmaware) \u00a0Go Green (Em portugu\u00eas) Produto Importado Classifica\u00e7\u00e3o Fiscal : 9612.10.90 Garantia: 12 meses Acompanha : 1 Fita de impress\u00e3o colorida 1 cart\u00e3o de limpeza (isopropanol cleaning card) 1 rolete de limpeza (adhesive cleaning sleeve)<\/p>\n","protected":false},"excerpt":{"rendered":"<p>Ribbon Datacard 534000-003 YMCKT colorido &#8211; 500 impress\u00f5es534000-003<\/p>\n","protected":false},"featured_media":854,"template":"","meta":[],"product_brand":[],"product_cat":[37,58],"product_tag":[],"class_list":{"0":"post-693","1":"product","2":"type-product","3":"status-publish","4":"has-post-thumbnail","6":"product_cat-automacao-comercial","7":"product_cat-datacard","9":"first","10":"onbackorder","11":"shipping-taxable","12":"purchasable","13":"product-type-simple"},"yoast_head":"<!-- This site is optimized with the Yoast SEO plugin v27.2 - https:\/\/yoast.com\/product\/yoast-seo-wordpress\/ -->\n<title>Ribbon Datacard 534000-003 YMCKT colorido - 500 impress\u00f5es - Loja Opening<\/title>\n<meta name=\"robots\" content=\"index, follow, max-snippet:-1, max-image-preview:large, max-video-preview:-1\" \/>\n<link rel=\"canonical\" href=\"https:\/\/lojaopening.com.br\/shopp\/produto\/ribbon-datacard-534000%2d003-ymckt-colorido-%2d-500-impress?es\/\" \/>\n<meta property=\"og:locale\" content=\"pt_PT\" \/>\n<meta property=\"og:type\" content=\"article\" \/>\n<meta property=\"og:title\" content=\"Ribbon Datacard 534000-003 YMCKT colorido - 500 impress\u00f5es - Loja Opening\" \/>\n<meta property=\"og:description\" content=\"Ribbon Datacard 534000-003 YMCKT colorido - 500 impress\u00f5es534000-003\" \/>\n<meta property=\"og:url\" content=\"\" \/>\n<meta property=\"og:site_name\" content=\"Loja Opening\" \/>\n<meta property=\"article:modified_time\" content=\"2023-05-27T19:49:40+00:00\" \/>\n<meta property=\"og:image\" content=\"https:\/\/lojaopening.com.br\/wp-content\/uploads\/2020\/09\/Ribbon-Datacard-534000252d003-YMCKT-colorido-252d-500-impressF5es.jpg\" \/>\n\t<meta property=\"og:image:width\" content=\"269\" \/>\n\t<meta property=\"og:image:height\" content=\"263\" \/>\n\t<meta property=\"og:image:type\" content=\"image\/jpeg\" \/>\n<meta name=\"twitter:card\" content=\"summary_large_image\" \/>\n<meta name=\"twitter:label1\" content=\"Tempo estimado de leitura\" \/>\n\t<meta name=\"twitter:data1\" content=\"1 minuto\" \/>\n<script type=\"application\/ld+json\" class=\"yoast-schema-graph\">{\"@context\":\"https:\/\/schema.org\",\"@graph\":[{\"@type\":\"WebPage\",\"@id\":\"https:\/\/lojaopening.com.br\/shopp\/produto\/ribbon-datacard-534000%252d003-ymckt-colorido-%252d-500-impress%f5es\/\",\"url\":\"https:\/\/lojaopening.com.br\/shopp\/produto\/ribbon-datacard-534000%252d003-ymckt-colorido-%252d-500-impress%f5es\/\",\"name\":\"Ribbon Datacard 534000-003 YMCKT colorido - 500 impress\u00f5es - Loja Opening\",\"isPartOf\":{\"@id\":\"https:\/\/lojaopening.com.br\/shopp\/#website\"},\"primaryImageOfPage\":{\"@id\":\"https:\/\/lojaopening.com.br\/shopp\/produto\/ribbon-datacard-534000%252d003-ymckt-colorido-%252d-500-impress%f5es\/#primaryimage\"},\"image\":{\"@id\":\"https:\/\/lojaopening.com.br\/shopp\/produto\/ribbon-datacard-534000%252d003-ymckt-colorido-%252d-500-impress%f5es\/#primaryimage\"},\"thumbnailUrl\":\"https:\/\/lojaopening.com.br\/wp-content\/uploads\/2020\/09\/Ribbon-Datacard-534000252d003-YMCKT-colorido-252d-500-impressF5es.jpg\",\"datePublished\":\"2020-09-04T03:57:24+00:00\",\"dateModified\":\"2023-05-27T19:49:40+00:00\",\"breadcrumb\":{\"@id\":\"https:\/\/lojaopening.com.br\/shopp\/produto\/ribbon-datacard-534000%252d003-ymckt-colorido-%252d-500-impress%f5es\/#breadcrumb\"},\"inLanguage\":\"pt-PT\",\"potentialAction\":[{\"@type\":\"ReadAction\",\"target\":[\"https:\/\/lojaopening.com.br\/shopp\/produto\/ribbon-datacard-534000%252d003-ymckt-colorido-%252d-500-impress%f5es\/\"]}]},{\"@type\":\"ImageObject\",\"inLanguage\":\"pt-PT\",\"@id\":\"https:\/\/lojaopening.com.br\/shopp\/produto\/ribbon-datacard-534000%252d003-ymckt-colorido-%252d-500-impress%f5es\/#primaryimage\",\"url\":\"https:\/\/lojaopening.com.br\/wp-content\/uploads\/2020\/09\/Ribbon-Datacard-534000252d003-YMCKT-colorido-252d-500-impressF5es.jpg\",\"contentUrl\":\"https:\/\/lojaopening.com.br\/wp-content\/uploads\/2020\/09\/Ribbon-Datacard-534000252d003-YMCKT-colorido-252d-500-impressF5es.jpg\",\"width\":269,\"height\":263},{\"@type\":\"BreadcrumbList\",\"@id\":\"https:\/\/lojaopening.com.br\/shopp\/produto\/ribbon-datacard-534000%252d003-ymckt-colorido-%252d-500-impress%f5es\/#breadcrumb\",\"itemListElement\":[{\"@type\":\"ListItem\",\"position\":1,\"name\":\"In\u00edcio\",\"item\":\"https:\/\/lojaopening.com.br\/shopp\/\"},{\"@type\":\"ListItem\",\"position\":2,\"name\":\"Shop\",\"item\":\"https:\/\/lojaopening.com.br\/shopp\/shopp\/\"},{\"@type\":\"ListItem\",\"position\":3,\"name\":\"Ribbon Datacard 534000-003 YMCKT colorido &#8211; 500 impress\u00f5es\"}]},{\"@type\":\"WebSite\",\"@id\":\"https:\/\/lojaopening.com.br\/shopp\/#website\",\"url\":\"https:\/\/lojaopening.com.br\/shopp\/\",\"name\":\"Loja Opening\",\"description\":\"\",\"publisher\":{\"@id\":\"https:\/\/lojaopening.com.br\/shopp\/#organization\"},\"potentialAction\":[{\"@type\":\"SearchAction\",\"target\":{\"@type\":\"EntryPoint\",\"urlTemplate\":\"https:\/\/lojaopening.com.br\/shopp\/?s={search_term_string}\"},\"query-input\":{\"@type\":\"PropertyValueSpecification\",\"valueRequired\":true,\"valueName\":\"search_term_string\"}}],\"inLanguage\":\"pt-PT\"},{\"@type\":\"Organization\",\"@id\":\"https:\/\/lojaopening.com.br\/shopp\/#organization\",\"name\":\"Opening World Coml Import Export Ltda\",\"url\":\"https:\/\/lojaopening.com.br\/shopp\/\",\"logo\":{\"@type\":\"ImageObject\",\"inLanguage\":\"pt-PT\",\"@id\":\"https:\/\/lojaopening.com.br\/shopp\/#\/schema\/logo\/image\/\",\"url\":\"https:\/\/lojaopening.com.br\/wp-content\/uploads\/2020\/09\/logo_header.png\",\"contentUrl\":\"https:\/\/lojaopening.com.br\/wp-content\/uploads\/2020\/09\/logo_header.png\",\"width\":1279,\"height\":328,\"caption\":\"Opening World Coml Import Export Ltda\"},\"image\":{\"@id\":\"https:\/\/lojaopening.com.br\/shopp\/#\/schema\/logo\/image\/\"}}]}<\/script>\n<!-- \/ Yoast SEO plugin. -->","yoast_head_json":{"title":"Ribbon Datacard 534000-003 YMCKT colorido - 500 impress\u00f5es - Loja Opening","robots":{"index":"index","follow":"follow","max-snippet":"max-snippet:-1","max-image-preview":"max-image-preview:large","max-video-preview":"max-video-preview:-1"},"canonical":"https:\/\/lojaopening.com.br\/shopp\/produto\/ribbon-datacard-534000%2d003-ymckt-colorido-%2d-500-impress?es\/","og_locale":"pt_PT","og_type":"article","og_title":"Ribbon Datacard 534000-003 YMCKT colorido - 500 impress\u00f5es - Loja Opening","og_description":"Ribbon Datacard 534000-003 YMCKT colorido - 500 impress\u00f5es534000-003","og_url":"https:\/\/lojaopening.com.br\/shopp\/produto\/ribbon-datacard-534000%2d003-ymckt-colorido-%2d-500-impress?es\/","og_site_name":"Loja Opening","article_modified_time":"2023-05-27T19:49:40+00:00","og_image":[{"width":269,"height":263,"url":"https:\/\/lojaopening.com.br\/wp-content\/uploads\/2020\/09\/Ribbon-Datacard-534000252d003-YMCKT-colorido-252d-500-impressF5es.jpg","type":"image\/jpeg"}],"twitter_card":"summary_large_image","twitter_misc":{"Tempo estimado de leitura":"1 minuto"},"schema":{"@context":"https:\/\/schema.org","@graph":[{"@type":"WebPage","@id":"https:\/\/lojaopening.com.br\/shopp\/produto\/ribbon-datacard-534000%252d003-ymckt-colorido-%252d-500-impress%f5es\/","url":"https:\/\/lojaopening.com.br\/shopp\/produto\/ribbon-datacard-534000%252d003-ymckt-colorido-%252d-500-impress%f5es\/","name":"Ribbon Datacard 534000-003 YMCKT colorido - 500 impress\u00f5es - Loja Opening","isPartOf":{"@id":"https:\/\/lojaopening.com.br\/shopp\/#website"},"primaryImageOfPage":{"@id":"https:\/\/lojaopening.com.br\/shopp\/produto\/ribbon-datacard-534000%252d003-ymckt-colorido-%252d-500-impress%f5es\/#primaryimage"},"image":{"@id":"https:\/\/lojaopening.com.br\/shopp\/produto\/ribbon-datacard-534000%252d003-ymckt-colorido-%252d-500-impress%f5es\/#primaryimage"},"thumbnailUrl":"https:\/\/lojaopening.com.br\/wp-content\/uploads\/2020\/09\/Ribbon-Datacard-534000252d003-YMCKT-colorido-252d-500-impressF5es.jpg","datePublished":"2020-09-04T03:57:24+00:00","dateModified":"2023-05-27T19:49:40+00:00","breadcrumb":{"@id":"https:\/\/lojaopening.com.br\/shopp\/produto\/ribbon-datacard-534000%252d003-ymckt-colorido-%252d-500-impress%f5es\/#breadcrumb"},"inLanguage":"pt-PT","potentialAction":[{"@type":"ReadAction","target":["https:\/\/lojaopening.com.br\/shopp\/produto\/ribbon-datacard-534000%252d003-ymckt-colorido-%252d-500-impress%f5es\/"]}]},{"@type":"ImageObject","inLanguage":"pt-PT","@id":"https:\/\/lojaopening.com.br\/shopp\/produto\/ribbon-datacard-534000%252d003-ymckt-colorido-%252d-500-impress%f5es\/#primaryimage","url":"https:\/\/lojaopening.com.br\/wp-content\/uploads\/2020\/09\/Ribbon-Datacard-534000252d003-YMCKT-colorido-252d-500-impressF5es.jpg","contentUrl":"https:\/\/lojaopening.com.br\/wp-content\/uploads\/2020\/09\/Ribbon-Datacard-534000252d003-YMCKT-colorido-252d-500-impressF5es.jpg","width":269,"height":263},{"@type":"BreadcrumbList","@id":"https:\/\/lojaopening.com.br\/shopp\/produto\/ribbon-datacard-534000%252d003-ymckt-colorido-%252d-500-impress%f5es\/#breadcrumb","itemListElement":[{"@type":"ListItem","position":1,"name":"In\u00edcio","item":"https:\/\/lojaopening.com.br\/shopp\/"},{"@type":"ListItem","position":2,"name":"Shop","item":"https:\/\/lojaopening.com.br\/shopp\/shopp\/"},{"@type":"ListItem","position":3,"name":"Ribbon Datacard 534000-003 YMCKT colorido &#8211; 500 impress\u00f5es"}]},{"@type":"WebSite","@id":"https:\/\/lojaopening.com.br\/shopp\/#website","url":"https:\/\/lojaopening.com.br\/shopp\/","name":"Loja Opening","description":"","publisher":{"@id":"https:\/\/lojaopening.com.br\/shopp\/#organization"},"potentialAction":[{"@type":"SearchAction","target":{"@type":"EntryPoint","urlTemplate":"https:\/\/lojaopening.com.br\/shopp\/?s={search_term_string}"},"query-input":{"@type":"PropertyValueSpecification","valueRequired":true,"valueName":"search_term_string"}}],"inLanguage":"pt-PT"},{"@type":"Organization","@id":"https:\/\/lojaopening.com.br\/shopp\/#organization","name":"Opening World Coml Import Export Ltda","url":"https:\/\/lojaopening.com.br\/shopp\/","logo":{"@type":"ImageObject","inLanguage":"pt-PT","@id":"https:\/\/lojaopening.com.br\/shopp\/#\/schema\/logo\/image\/","url":"https:\/\/lojaopening.com.br\/wp-content\/uploads\/2020\/09\/logo_header.png","contentUrl":"https:\/\/lojaopening.com.br\/wp-content\/uploads\/2020\/09\/logo_header.png","width":1279,"height":328,"caption":"Opening World Coml Import Export Ltda"},"image":{"@id":"https:\/\/lojaopening.com.br\/shopp\/#\/schema\/logo\/image\/"}}]}},"_links":{"self":[{"href":"https:\/\/lojaopening.com.br\/shopp\/wp-json\/wp\/v2\/product\/693","targetHints":{"allow":["GET"]}}],"collection":[{"href":"https:\/\/lojaopening.com.br\/shopp\/wp-json\/wp\/v2\/product"}],"about":[{"href":"https:\/\/lojaopening.com.br\/shopp\/wp-json\/wp\/v2\/types\/product"}],"wp:featuredmedia":[{"embeddable":true,"href":"https:\/\/lojaopening.com.br\/shopp\/wp-json\/wp\/v2\/media\/854"}],"wp:attachment":[{"href":"https:\/\/lojaopening.com.br\/shopp\/wp-json\/wp\/v2\/media?parent=693"}],"wp:term":[{"taxonomy":"product_brand","embeddable":true,"href":"https:\/\/lojaopening.com.br\/shopp\/wp-json\/wp\/v2\/product_brand?post=693"},{"taxonomy":"product_cat","embeddable":true,"href":"https:\/\/lojaopening.com.br\/shopp\/wp-json\/wp\/v2\/product_cat?post=693"},{"taxonomy":"product_tag","embeddable":true,"href":"https:\/\/lojaopening.com.br\/shopp\/wp-json\/wp\/v2\/product_tag?post=693"}],"curies":[{"name":"wp","href":"https:\/\/api.w.org\/{rel}","templated":true}]}}