{"id":694,"date":"2020-09-04T03:57:35","date_gmt":"2020-09-04T03:57:35","guid":{"rendered":"https:\/\/adsvance.me\/lojaopw\/produto\/hd-seagate-barracuda-st3500418as-500-gb-interno\/"},"modified":"2023-05-27T19:49:39","modified_gmt":"2023-05-27T19:49:39","slug":"hd-seagate-barracuda-st3500418as-500-gb-interno","status":"publish","type":"product","link":"https:\/\/lojaopening.com.br\/shopp\/produto\/hd-seagate-barracuda-st3500418as-500-gb-interno\/","title":{"rendered":"HD Seagate Barracuda ST3500418AS 500 Gb Interno"},"content":{"rendered":"<p>Caracter\u00edsticas t\u00e9cnicas: C\u00f3digo do produto: ST3500418AS Capacidade: 500GB Interface: Serial ATA II (SATA II) Buffer: 16MB Cache Setores garantidos: 976773168 Dimens\u00f5es: 14,5\/10\/1,9cm Peso: 415g \u00a0 Performance: Tempo m\u00e9dio latente: 4,16ms Tempo m\u00e9dio grava\u00e7\u00e3o: &lt;9,5ms Tempo m\u00e9dio leitura &lt;8,5ms Rota\u00e7\u00e3o: 7200RPM \u00a0 Incluso: HD Seagate Barracuda 7200.12 500GB ST3500418AS \u00a0 NCM: 8471.70.12  ICMS incluso: 12%  CST: 200  Pre\u00e7os v\u00e1lidos para faturamento para empresas com CNPJ ativo, CONSUMIDOR FINAL, CONTRIBUINTE para uso e consumo pr\u00f3prio\/ATIVO \u00a0<\/p>\n","protected":false},"excerpt":{"rendered":"<p>HD Seagate Barracuda ST3500418AS 500 Gb InternoST3500418AS<\/p>\n","protected":false},"featured_media":0,"template":"","meta":[],"product_brand":[],"product_cat":[43,287],"product_tag":[],"class_list":{"0":"post-694","1":"product","2":"type-product","3":"status-publish","5":"product_cat-informatica","6":"product_cat-seagate","8":"first","9":"onbackorder","10":"shipping-taxable","11":"purchasable","12":"product-type-simple"},"yoast_head":"<!-- This site is optimized with the Yoast SEO plugin v27.2 - https:\/\/yoast.com\/product\/yoast-seo-wordpress\/ -->\n<title>HD Seagate Barracuda ST3500418AS 500 Gb Interno - Loja Opening<\/title>\n<meta name=\"robots\" content=\"index, follow, max-snippet:-1, max-image-preview:large, max-video-preview:-1\" \/>\n<link rel=\"canonical\" href=\"https:\/\/lojaopening.com.br\/shopp\/produto\/hd-seagate-barracuda-st3500418as-500-gb-interno\/\" \/>\n<meta property=\"og:locale\" content=\"pt_PT\" \/>\n<meta property=\"og:type\" content=\"article\" \/>\n<meta property=\"og:title\" content=\"HD Seagate Barracuda ST3500418AS 500 Gb Interno - Loja Opening\" \/>\n<meta property=\"og:description\" content=\"HD Seagate Barracuda ST3500418AS 500 Gb InternoST3500418AS\" \/>\n<meta property=\"og:url\" content=\"https:\/\/lojaopening.com.br\/shopp\/produto\/hd-seagate-barracuda-st3500418as-500-gb-interno\/\" \/>\n<meta property=\"og:site_name\" content=\"Loja Opening\" \/>\n<meta property=\"article:modified_time\" content=\"2023-05-27T19:49:39+00:00\" \/>\n<meta name=\"twitter:card\" content=\"summary_large_image\" \/>\n<script type=\"application\/ld+json\" class=\"yoast-schema-graph\">{\"@context\":\"https:\/\/schema.org\",\"@graph\":[{\"@type\":\"WebPage\",\"@id\":\"https:\/\/lojaopening.com.br\/shopp\/produto\/hd-seagate-barracuda-st3500418as-500-gb-interno\/\",\"url\":\"https:\/\/lojaopening.com.br\/shopp\/produto\/hd-seagate-barracuda-st3500418as-500-gb-interno\/\",\"name\":\"HD Seagate Barracuda ST3500418AS 500 Gb Interno - Loja Opening\",\"isPartOf\":{\"@id\":\"https:\/\/lojaopening.com.br\/shopp\/#website\"},\"datePublished\":\"2020-09-04T03:57:35+00:00\",\"dateModified\":\"2023-05-27T19:49:39+00:00\",\"breadcrumb\":{\"@id\":\"https:\/\/lojaopening.com.br\/shopp\/produto\/hd-seagate-barracuda-st3500418as-500-gb-interno\/#breadcrumb\"},\"inLanguage\":\"pt-PT\",\"potentialAction\":[{\"@type\":\"ReadAction\",\"target\":[\"https:\/\/lojaopening.com.br\/shopp\/produto\/hd-seagate-barracuda-st3500418as-500-gb-interno\/\"]}]},{\"@type\":\"BreadcrumbList\",\"@id\":\"https:\/\/lojaopening.com.br\/shopp\/produto\/hd-seagate-barracuda-st3500418as-500-gb-interno\/#breadcrumb\",\"itemListElement\":[{\"@type\":\"ListItem\",\"position\":1,\"name\":\"In\u00edcio\",\"item\":\"https:\/\/lojaopening.com.br\/shopp\/\"},{\"@type\":\"ListItem\",\"position\":2,\"name\":\"Shop\",\"item\":\"https:\/\/lojaopening.com.br\/shopp\/shopp\/\"},{\"@type\":\"ListItem\",\"position\":3,\"name\":\"HD Seagate Barracuda ST3500418AS 500 Gb Interno\"}]},{\"@type\":\"WebSite\",\"@id\":\"https:\/\/lojaopening.com.br\/shopp\/#website\",\"url\":\"https:\/\/lojaopening.com.br\/shopp\/\",\"name\":\"Loja Opening\",\"description\":\"\",\"publisher\":{\"@id\":\"https:\/\/lojaopening.com.br\/shopp\/#organization\"},\"potentialAction\":[{\"@type\":\"SearchAction\",\"target\":{\"@type\":\"EntryPoint\",\"urlTemplate\":\"https:\/\/lojaopening.com.br\/shopp\/?s={search_term_string}\"},\"query-input\":{\"@type\":\"PropertyValueSpecification\",\"valueRequired\":true,\"valueName\":\"search_term_string\"}}],\"inLanguage\":\"pt-PT\"},{\"@type\":\"Organization\",\"@id\":\"https:\/\/lojaopening.com.br\/shopp\/#organization\",\"name\":\"Opening World Coml Import Export Ltda\",\"url\":\"https:\/\/lojaopening.com.br\/shopp\/\",\"logo\":{\"@type\":\"ImageObject\",\"inLanguage\":\"pt-PT\",\"@id\":\"https:\/\/lojaopening.com.br\/shopp\/#\/schema\/logo\/image\/\",\"url\":\"https:\/\/lojaopening.com.br\/wp-content\/uploads\/2020\/09\/logo_header.png\",\"contentUrl\":\"https:\/\/lojaopening.com.br\/wp-content\/uploads\/2020\/09\/logo_header.png\",\"width\":1279,\"height\":328,\"caption\":\"Opening World Coml Import Export Ltda\"},\"image\":{\"@id\":\"https:\/\/lojaopening.com.br\/shopp\/#\/schema\/logo\/image\/\"}}]}<\/script>\n<!-- \/ Yoast SEO plugin. -->","yoast_head_json":{"title":"HD Seagate Barracuda ST3500418AS 500 Gb Interno - Loja Opening","robots":{"index":"index","follow":"follow","max-snippet":"max-snippet:-1","max-image-preview":"max-image-preview:large","max-video-preview":"max-video-preview:-1"},"canonical":"https:\/\/lojaopening.com.br\/shopp\/produto\/hd-seagate-barracuda-st3500418as-500-gb-interno\/","og_locale":"pt_PT","og_type":"article","og_title":"HD Seagate Barracuda ST3500418AS 500 Gb Interno - Loja Opening","og_description":"HD Seagate Barracuda ST3500418AS 500 Gb InternoST3500418AS","og_url":"https:\/\/lojaopening.com.br\/shopp\/produto\/hd-seagate-barracuda-st3500418as-500-gb-interno\/","og_site_name":"Loja Opening","article_modified_time":"2023-05-27T19:49:39+00:00","twitter_card":"summary_large_image","schema":{"@context":"https:\/\/schema.org","@graph":[{"@type":"WebPage","@id":"https:\/\/lojaopening.com.br\/shopp\/produto\/hd-seagate-barracuda-st3500418as-500-gb-interno\/","url":"https:\/\/lojaopening.com.br\/shopp\/produto\/hd-seagate-barracuda-st3500418as-500-gb-interno\/","name":"HD Seagate Barracuda ST3500418AS 500 Gb Interno - Loja Opening","isPartOf":{"@id":"https:\/\/lojaopening.com.br\/shopp\/#website"},"datePublished":"2020-09-04T03:57:35+00:00","dateModified":"2023-05-27T19:49:39+00:00","breadcrumb":{"@id":"https:\/\/lojaopening.com.br\/shopp\/produto\/hd-seagate-barracuda-st3500418as-500-gb-interno\/#breadcrumb"},"inLanguage":"pt-PT","potentialAction":[{"@type":"ReadAction","target":["https:\/\/lojaopening.com.br\/shopp\/produto\/hd-seagate-barracuda-st3500418as-500-gb-interno\/"]}]},{"@type":"BreadcrumbList","@id":"https:\/\/lojaopening.com.br\/shopp\/produto\/hd-seagate-barracuda-st3500418as-500-gb-interno\/#breadcrumb","itemListElement":[{"@type":"ListItem","position":1,"name":"In\u00edcio","item":"https:\/\/lojaopening.com.br\/shopp\/"},{"@type":"ListItem","position":2,"name":"Shop","item":"https:\/\/lojaopening.com.br\/shopp\/shopp\/"},{"@type":"ListItem","position":3,"name":"HD Seagate Barracuda ST3500418AS 500 Gb Interno"}]},{"@type":"WebSite","@id":"https:\/\/lojaopening.com.br\/shopp\/#website","url":"https:\/\/lojaopening.com.br\/shopp\/","name":"Loja Opening","description":"","publisher":{"@id":"https:\/\/lojaopening.com.br\/shopp\/#organization"},"potentialAction":[{"@type":"SearchAction","target":{"@type":"EntryPoint","urlTemplate":"https:\/\/lojaopening.com.br\/shopp\/?s={search_term_string}"},"query-input":{"@type":"PropertyValueSpecification","valueRequired":true,"valueName":"search_term_string"}}],"inLanguage":"pt-PT"},{"@type":"Organization","@id":"https:\/\/lojaopening.com.br\/shopp\/#organization","name":"Opening World Coml Import Export Ltda","url":"https:\/\/lojaopening.com.br\/shopp\/","logo":{"@type":"ImageObject","inLanguage":"pt-PT","@id":"https:\/\/lojaopening.com.br\/shopp\/#\/schema\/logo\/image\/","url":"https:\/\/lojaopening.com.br\/wp-content\/uploads\/2020\/09\/logo_header.png","contentUrl":"https:\/\/lojaopening.com.br\/wp-content\/uploads\/2020\/09\/logo_header.png","width":1279,"height":328,"caption":"Opening World Coml Import Export Ltda"},"image":{"@id":"https:\/\/lojaopening.com.br\/shopp\/#\/schema\/logo\/image\/"}}]}},"_links":{"self":[{"href":"https:\/\/lojaopening.com.br\/shopp\/wp-json\/wp\/v2\/product\/694","targetHints":{"allow":["GET"]}}],"collection":[{"href":"https:\/\/lojaopening.com.br\/shopp\/wp-json\/wp\/v2\/product"}],"about":[{"href":"https:\/\/lojaopening.com.br\/shopp\/wp-json\/wp\/v2\/types\/product"}],"wp:attachment":[{"href":"https:\/\/lojaopening.com.br\/shopp\/wp-json\/wp\/v2\/media?parent=694"}],"wp:term":[{"taxonomy":"product_brand","embeddable":true,"href":"https:\/\/lojaopening.com.br\/shopp\/wp-json\/wp\/v2\/product_brand?post=694"},{"taxonomy":"product_cat","embeddable":true,"href":"https:\/\/lojaopening.com.br\/shopp\/wp-json\/wp\/v2\/product_cat?post=694"},{"taxonomy":"product_tag","embeddable":true,"href":"https:\/\/lojaopening.com.br\/shopp\/wp-json\/wp\/v2\/product_tag?post=694"}],"curies":[{"name":"wp","href":"https:\/\/api.w.org\/{rel}","templated":true}]}}