{"id":695,"date":"2020-09-04T03:57:44","date_gmt":"2020-09-04T03:57:44","guid":{"rendered":"https:\/\/adsvance.me\/lojaopw\/produto\/fonte-de-alimentacao-mean-well-sd-1000l-24-960w-conversor-dc-dc-sd-1000l24\/"},"modified":"2023-05-27T19:49:39","modified_gmt":"2023-05-27T19:49:39","slug":"fonte-de-alimenta%e7ao-mean-well-sd%252d1000l%252d24-960w-conversor-dc%252ddc","status":"publish","type":"product","link":"https:\/\/lojaopening.com.br\/shopp\/produto\/fonte-de-alimenta%e7ao-mean-well-sd%252d1000l%252d24-960w-conversor-dc%252ddc\/","title":{"rendered":"Fonte de alimenta\u00e7ao Mean Well SD-1000L-24 960W Conversor DC-DC SD-1000L24"},"content":{"rendered":"<p>Fonte de alimenta\u00e7\u00e3o Mean Well SD-1000L-24 960W Conversor DC-DC \u00a0 Densidade m\u00e1xima de for\u00e7a: 10.7w\/inch3 Isolamento 2000VAC I\/O Prote\u00e7\u00f5es: Curto circuito, Overload, Voltagem alta, alta temperatura Sinal Output OK Controle remoto integrado ON-OFF Fun\u00e7\u00e3o remota de sensor integrado Ventila\u00e7\u00e3o for\u00e7ada de ar por ventilador embutido, DC com controle de velocidade do ventilador 12V, 0,25 A sa\u00edda auxiliar 3 anos de garantia \u00a0 Veja datasheet em: http:\/\/www.mouser.com\/ds\/2\/260\/sd-1000-spec-52364.pdf \u00a0 NCM: 8504.40.29 ICMS incluso: 0% &#8211; PAGO ANTERIORMENTE POR SUBSTITUI\u00c7\u00c3O TRIBUT\u00c1RIA\u00a0 CST: 260 Pre\u00e7os v\u00e1lidos para faturamento para empresas com CNPJ ativo, CONSUMIDOR FINAL, CONTRIBUINTE para uso e consumo pr\u00f3prio\/ATIVO<\/p>\n","protected":false},"excerpt":{"rendered":"<p>Fonte de alimenta\u00e7ao Mean Well SD-1000L-24 960W Conversor DC-DCSD-1000L24<\/p>\n","protected":false},"featured_media":845,"template":"","meta":[],"product_brand":[],"product_cat":[44,519],"product_tag":[],"class_list":{"0":"post-695","1":"product","2":"type-product","3":"status-publish","4":"has-post-thumbnail","6":"product_cat-informatica-industrial","7":"product_cat-mean-well","9":"first","10":"onbackorder","11":"shipping-taxable","12":"purchasable","13":"product-type-simple"},"yoast_head":"<!-- This site is optimized with the Yoast SEO plugin v27.2 - https:\/\/yoast.com\/product\/yoast-seo-wordpress\/ -->\n<title>Fonte de alimenta\u00e7ao Mean Well SD-1000L-24 960W Conversor DC-DC SD-1000L24 - Loja Opening<\/title>\n<meta name=\"robots\" content=\"index, follow, max-snippet:-1, max-image-preview:large, max-video-preview:-1\" \/>\n<link rel=\"canonical\" href=\"https:\/\/lojaopening.com.br\/shopp\/produto\/fonte-de-alimenta?ao-mean-well-sd%2d1000l%2d24-960w-conversor-dc%2ddc\/\" \/>\n<meta property=\"og:locale\" content=\"pt_PT\" \/>\n<meta property=\"og:type\" content=\"article\" \/>\n<meta property=\"og:title\" content=\"Fonte de alimenta\u00e7ao Mean Well SD-1000L-24 960W Conversor DC-DC SD-1000L24 - Loja Opening\" \/>\n<meta property=\"og:description\" content=\"Fonte de alimenta\u00e7ao Mean Well SD-1000L-24 960W Conversor DC-DCSD-1000L24\" \/>\n<meta property=\"og:url\" content=\"\" \/>\n<meta property=\"og:site_name\" content=\"Loja Opening\" \/>\n<meta property=\"article:modified_time\" content=\"2023-05-27T19:49:39+00:00\" \/>\n<meta property=\"og:image\" content=\"https:\/\/lojaopening.com.br\/wp-content\/uploads\/2020\/09\/Fonte-de-alimentaE7ao-Mean-Well-SD252d1000L252d24-960W-Conversor-DC252dDC.jpg\" \/>\n\t<meta property=\"og:image:width\" content=\"800\" \/>\n\t<meta property=\"og:image:height\" content=\"600\" \/>\n\t<meta property=\"og:image:type\" content=\"image\/jpeg\" \/>\n<meta name=\"twitter:card\" content=\"summary_large_image\" \/>\n<meta name=\"twitter:label1\" content=\"Tempo estimado de leitura\" \/>\n\t<meta name=\"twitter:data1\" content=\"1 minuto\" \/>\n<script type=\"application\/ld+json\" class=\"yoast-schema-graph\">{\"@context\":\"https:\/\/schema.org\",\"@graph\":[{\"@type\":\"WebPage\",\"@id\":\"https:\/\/lojaopening.com.br\/shopp\/produto\/fonte-de-alimenta%e7ao-mean-well-sd%252d1000l%252d24-960w-conversor-dc%252ddc\/\",\"url\":\"https:\/\/lojaopening.com.br\/shopp\/produto\/fonte-de-alimenta%e7ao-mean-well-sd%252d1000l%252d24-960w-conversor-dc%252ddc\/\",\"name\":\"Fonte de alimenta\u00e7ao Mean Well SD-1000L-24 960W Conversor DC-DC SD-1000L24 - Loja Opening\",\"isPartOf\":{\"@id\":\"https:\/\/lojaopening.com.br\/shopp\/#website\"},\"primaryImageOfPage\":{\"@id\":\"https:\/\/lojaopening.com.br\/shopp\/produto\/fonte-de-alimenta%e7ao-mean-well-sd%252d1000l%252d24-960w-conversor-dc%252ddc\/#primaryimage\"},\"image\":{\"@id\":\"https:\/\/lojaopening.com.br\/shopp\/produto\/fonte-de-alimenta%e7ao-mean-well-sd%252d1000l%252d24-960w-conversor-dc%252ddc\/#primaryimage\"},\"thumbnailUrl\":\"https:\/\/lojaopening.com.br\/wp-content\/uploads\/2020\/09\/Fonte-de-alimentaE7ao-Mean-Well-SD252d1000L252d24-960W-Conversor-DC252dDC.jpg\",\"datePublished\":\"2020-09-04T03:57:44+00:00\",\"dateModified\":\"2023-05-27T19:49:39+00:00\",\"breadcrumb\":{\"@id\":\"https:\/\/lojaopening.com.br\/shopp\/produto\/fonte-de-alimenta%e7ao-mean-well-sd%252d1000l%252d24-960w-conversor-dc%252ddc\/#breadcrumb\"},\"inLanguage\":\"pt-PT\",\"potentialAction\":[{\"@type\":\"ReadAction\",\"target\":[\"https:\/\/lojaopening.com.br\/shopp\/produto\/fonte-de-alimenta%e7ao-mean-well-sd%252d1000l%252d24-960w-conversor-dc%252ddc\/\"]}]},{\"@type\":\"ImageObject\",\"inLanguage\":\"pt-PT\",\"@id\":\"https:\/\/lojaopening.com.br\/shopp\/produto\/fonte-de-alimenta%e7ao-mean-well-sd%252d1000l%252d24-960w-conversor-dc%252ddc\/#primaryimage\",\"url\":\"https:\/\/lojaopening.com.br\/wp-content\/uploads\/2020\/09\/Fonte-de-alimentaE7ao-Mean-Well-SD252d1000L252d24-960W-Conversor-DC252dDC.jpg\",\"contentUrl\":\"https:\/\/lojaopening.com.br\/wp-content\/uploads\/2020\/09\/Fonte-de-alimentaE7ao-Mean-Well-SD252d1000L252d24-960W-Conversor-DC252dDC.jpg\",\"width\":800,\"height\":600},{\"@type\":\"BreadcrumbList\",\"@id\":\"https:\/\/lojaopening.com.br\/shopp\/produto\/fonte-de-alimenta%e7ao-mean-well-sd%252d1000l%252d24-960w-conversor-dc%252ddc\/#breadcrumb\",\"itemListElement\":[{\"@type\":\"ListItem\",\"position\":1,\"name\":\"In\u00edcio\",\"item\":\"https:\/\/lojaopening.com.br\/shopp\/\"},{\"@type\":\"ListItem\",\"position\":2,\"name\":\"Shop\",\"item\":\"https:\/\/lojaopening.com.br\/shopp\/shopp\/\"},{\"@type\":\"ListItem\",\"position\":3,\"name\":\"Fonte de alimenta\u00e7ao Mean Well SD-1000L-24 960W Conversor DC-DC SD-1000L24\"}]},{\"@type\":\"WebSite\",\"@id\":\"https:\/\/lojaopening.com.br\/shopp\/#website\",\"url\":\"https:\/\/lojaopening.com.br\/shopp\/\",\"name\":\"Loja Opening\",\"description\":\"\",\"publisher\":{\"@id\":\"https:\/\/lojaopening.com.br\/shopp\/#organization\"},\"potentialAction\":[{\"@type\":\"SearchAction\",\"target\":{\"@type\":\"EntryPoint\",\"urlTemplate\":\"https:\/\/lojaopening.com.br\/shopp\/?s={search_term_string}\"},\"query-input\":{\"@type\":\"PropertyValueSpecification\",\"valueRequired\":true,\"valueName\":\"search_term_string\"}}],\"inLanguage\":\"pt-PT\"},{\"@type\":\"Organization\",\"@id\":\"https:\/\/lojaopening.com.br\/shopp\/#organization\",\"name\":\"Opening World Coml Import Export Ltda\",\"url\":\"https:\/\/lojaopening.com.br\/shopp\/\",\"logo\":{\"@type\":\"ImageObject\",\"inLanguage\":\"pt-PT\",\"@id\":\"https:\/\/lojaopening.com.br\/shopp\/#\/schema\/logo\/image\/\",\"url\":\"https:\/\/lojaopening.com.br\/wp-content\/uploads\/2020\/09\/logo_header.png\",\"contentUrl\":\"https:\/\/lojaopening.com.br\/wp-content\/uploads\/2020\/09\/logo_header.png\",\"width\":1279,\"height\":328,\"caption\":\"Opening World Coml Import Export Ltda\"},\"image\":{\"@id\":\"https:\/\/lojaopening.com.br\/shopp\/#\/schema\/logo\/image\/\"}}]}<\/script>\n<!-- \/ Yoast SEO plugin. -->","yoast_head_json":{"title":"Fonte de alimenta\u00e7ao Mean Well SD-1000L-24 960W Conversor DC-DC SD-1000L24 - Loja Opening","robots":{"index":"index","follow":"follow","max-snippet":"max-snippet:-1","max-image-preview":"max-image-preview:large","max-video-preview":"max-video-preview:-1"},"canonical":"https:\/\/lojaopening.com.br\/shopp\/produto\/fonte-de-alimenta?ao-mean-well-sd%2d1000l%2d24-960w-conversor-dc%2ddc\/","og_locale":"pt_PT","og_type":"article","og_title":"Fonte de alimenta\u00e7ao Mean Well SD-1000L-24 960W Conversor DC-DC SD-1000L24 - Loja Opening","og_description":"Fonte de alimenta\u00e7ao Mean Well SD-1000L-24 960W Conversor DC-DCSD-1000L24","og_url":"https:\/\/lojaopening.com.br\/shopp\/produto\/fonte-de-alimenta?ao-mean-well-sd%2d1000l%2d24-960w-conversor-dc%2ddc\/","og_site_name":"Loja Opening","article_modified_time":"2023-05-27T19:49:39+00:00","og_image":[{"width":800,"height":600,"url":"https:\/\/lojaopening.com.br\/wp-content\/uploads\/2020\/09\/Fonte-de-alimentaE7ao-Mean-Well-SD252d1000L252d24-960W-Conversor-DC252dDC.jpg","type":"image\/jpeg"}],"twitter_card":"summary_large_image","twitter_misc":{"Tempo estimado de leitura":"1 minuto"},"schema":{"@context":"https:\/\/schema.org","@graph":[{"@type":"WebPage","@id":"https:\/\/lojaopening.com.br\/shopp\/produto\/fonte-de-alimenta%e7ao-mean-well-sd%252d1000l%252d24-960w-conversor-dc%252ddc\/","url":"https:\/\/lojaopening.com.br\/shopp\/produto\/fonte-de-alimenta%e7ao-mean-well-sd%252d1000l%252d24-960w-conversor-dc%252ddc\/","name":"Fonte de alimenta\u00e7ao Mean Well SD-1000L-24 960W Conversor DC-DC SD-1000L24 - Loja Opening","isPartOf":{"@id":"https:\/\/lojaopening.com.br\/shopp\/#website"},"primaryImageOfPage":{"@id":"https:\/\/lojaopening.com.br\/shopp\/produto\/fonte-de-alimenta%e7ao-mean-well-sd%252d1000l%252d24-960w-conversor-dc%252ddc\/#primaryimage"},"image":{"@id":"https:\/\/lojaopening.com.br\/shopp\/produto\/fonte-de-alimenta%e7ao-mean-well-sd%252d1000l%252d24-960w-conversor-dc%252ddc\/#primaryimage"},"thumbnailUrl":"https:\/\/lojaopening.com.br\/wp-content\/uploads\/2020\/09\/Fonte-de-alimentaE7ao-Mean-Well-SD252d1000L252d24-960W-Conversor-DC252dDC.jpg","datePublished":"2020-09-04T03:57:44+00:00","dateModified":"2023-05-27T19:49:39+00:00","breadcrumb":{"@id":"https:\/\/lojaopening.com.br\/shopp\/produto\/fonte-de-alimenta%e7ao-mean-well-sd%252d1000l%252d24-960w-conversor-dc%252ddc\/#breadcrumb"},"inLanguage":"pt-PT","potentialAction":[{"@type":"ReadAction","target":["https:\/\/lojaopening.com.br\/shopp\/produto\/fonte-de-alimenta%e7ao-mean-well-sd%252d1000l%252d24-960w-conversor-dc%252ddc\/"]}]},{"@type":"ImageObject","inLanguage":"pt-PT","@id":"https:\/\/lojaopening.com.br\/shopp\/produto\/fonte-de-alimenta%e7ao-mean-well-sd%252d1000l%252d24-960w-conversor-dc%252ddc\/#primaryimage","url":"https:\/\/lojaopening.com.br\/wp-content\/uploads\/2020\/09\/Fonte-de-alimentaE7ao-Mean-Well-SD252d1000L252d24-960W-Conversor-DC252dDC.jpg","contentUrl":"https:\/\/lojaopening.com.br\/wp-content\/uploads\/2020\/09\/Fonte-de-alimentaE7ao-Mean-Well-SD252d1000L252d24-960W-Conversor-DC252dDC.jpg","width":800,"height":600},{"@type":"BreadcrumbList","@id":"https:\/\/lojaopening.com.br\/shopp\/produto\/fonte-de-alimenta%e7ao-mean-well-sd%252d1000l%252d24-960w-conversor-dc%252ddc\/#breadcrumb","itemListElement":[{"@type":"ListItem","position":1,"name":"In\u00edcio","item":"https:\/\/lojaopening.com.br\/shopp\/"},{"@type":"ListItem","position":2,"name":"Shop","item":"https:\/\/lojaopening.com.br\/shopp\/shopp\/"},{"@type":"ListItem","position":3,"name":"Fonte de alimenta\u00e7ao Mean Well SD-1000L-24 960W Conversor DC-DC SD-1000L24"}]},{"@type":"WebSite","@id":"https:\/\/lojaopening.com.br\/shopp\/#website","url":"https:\/\/lojaopening.com.br\/shopp\/","name":"Loja Opening","description":"","publisher":{"@id":"https:\/\/lojaopening.com.br\/shopp\/#organization"},"potentialAction":[{"@type":"SearchAction","target":{"@type":"EntryPoint","urlTemplate":"https:\/\/lojaopening.com.br\/shopp\/?s={search_term_string}"},"query-input":{"@type":"PropertyValueSpecification","valueRequired":true,"valueName":"search_term_string"}}],"inLanguage":"pt-PT"},{"@type":"Organization","@id":"https:\/\/lojaopening.com.br\/shopp\/#organization","name":"Opening World Coml Import Export Ltda","url":"https:\/\/lojaopening.com.br\/shopp\/","logo":{"@type":"ImageObject","inLanguage":"pt-PT","@id":"https:\/\/lojaopening.com.br\/shopp\/#\/schema\/logo\/image\/","url":"https:\/\/lojaopening.com.br\/wp-content\/uploads\/2020\/09\/logo_header.png","contentUrl":"https:\/\/lojaopening.com.br\/wp-content\/uploads\/2020\/09\/logo_header.png","width":1279,"height":328,"caption":"Opening World Coml Import Export Ltda"},"image":{"@id":"https:\/\/lojaopening.com.br\/shopp\/#\/schema\/logo\/image\/"}}]}},"_links":{"self":[{"href":"https:\/\/lojaopening.com.br\/shopp\/wp-json\/wp\/v2\/product\/695","targetHints":{"allow":["GET"]}}],"collection":[{"href":"https:\/\/lojaopening.com.br\/shopp\/wp-json\/wp\/v2\/product"}],"about":[{"href":"https:\/\/lojaopening.com.br\/shopp\/wp-json\/wp\/v2\/types\/product"}],"wp:featuredmedia":[{"embeddable":true,"href":"https:\/\/lojaopening.com.br\/shopp\/wp-json\/wp\/v2\/media\/845"}],"wp:attachment":[{"href":"https:\/\/lojaopening.com.br\/shopp\/wp-json\/wp\/v2\/media?parent=695"}],"wp:term":[{"taxonomy":"product_brand","embeddable":true,"href":"https:\/\/lojaopening.com.br\/shopp\/wp-json\/wp\/v2\/product_brand?post=695"},{"taxonomy":"product_cat","embeddable":true,"href":"https:\/\/lojaopening.com.br\/shopp\/wp-json\/wp\/v2\/product_cat?post=695"},{"taxonomy":"product_tag","embeddable":true,"href":"https:\/\/lojaopening.com.br\/shopp\/wp-json\/wp\/v2\/product_tag?post=695"}],"curies":[{"name":"wp","href":"https:\/\/api.w.org\/{rel}","templated":true}]}}