{"id":696,"date":"2020-09-04T03:57:54","date_gmt":"2020-09-04T03:57:54","guid":{"rendered":"https:\/\/adsvance.me\/lojaopw\/produto\/kit-wired-desktop-500-teclado-ps2-mouse-ps2-usb-microsoft\/"},"modified":"2023-05-27T19:49:38","modified_gmt":"2023-05-27T19:49:38","slug":"kit-wired-desktop-500-teclado-ps2-%252b-mouse-ps2%7b47%7dusb-microsoft","status":"publish","type":"product","link":"https:\/\/lojaopening.com.br\/shopp\/produto\/kit-wired-desktop-500-teclado-ps2-%252b-mouse-ps2%7b47%7dusb-microsoft\/","title":{"rendered":"Kit Wired Desktop 500 Teclado PS2 + Mouse PS2\/USB Microsoft"},"content":{"rendered":"<p>Qualidade acess\u00edvel em um teclado compacto e um mouse \u00f3ptico. O Microsoft Wired Desktop apresenta uma solu\u00e7\u00e3o completa para suas necessidades. O teclado oferece acesso direto ao e-mail, \u00e0 Web e aos recursos mais utilizados do Windows. O design compacto e dur\u00e1vel do teclado adapta-se facilmente \u00e0 maioria das bandejas para teclado e libera mais espa\u00e7o na sua \u00e1rea de trabalho. O Microsoft Basic Optical Mouse adiciona grande funcionalidade ao conjunto. Excelente valor em teclado compacto e mouse \u00f3ptico.\u00a0Design resistente a derramamento de l\u00edquidosCanais integrados escoam o l\u00edquido do teclado.Tecnologia \u00d3pticaO Basic Optical Mouse oferece a Tecnologia \u00d3ptica da Microsoft no produto mais acess\u00edvel da linha.Conforto para as m\u00e3os direita e esquerdaQuer voc\u00ea controle o mouse com a m\u00e3o direita ou esquerda, ele foi desenhado para dar maior conforto.Teclas de acesso r\u00e1pido ao e-mail e a InternetVerifique seu e-mail ou abra o navegador da Web com apenas o toque de um bot\u00e3o.\u00a0Design resistente a derramamento de l\u00edquidosCanais integrados escoam o l\u00edquido do teclado.\u00a0Teclas de acesso r\u00e1pido do WindowsAs teclas de acesso Meu Computador e Calcular oferecem acesso direto aos recursos que voc\u00ea mais usa.\u00a0Roda de rolagemMovimente-se com rapidez por seus documentos sem precisar clicar na barra de rolagem.\u00a0Teclado padr\u00e3o ABNT (tecla \u00c7)\u00a0<\/p>\n","protected":false},"excerpt":{"rendered":"<p>Kit Wired Desktop 500 Teclado PS2 + Mouse PS2\/USB Microsoft<\/p>\n","protected":false},"featured_media":864,"template":"","meta":[],"product_brand":[],"product_cat":[43,85],"product_tag":[],"class_list":{"0":"post-696","1":"product","2":"type-product","3":"status-publish","4":"has-post-thumbnail","6":"product_cat-informatica","7":"product_cat-microsoft","9":"first","10":"onbackorder","11":"shipping-taxable","12":"purchasable","13":"product-type-simple"},"yoast_head":"<!-- This site is optimized with the Yoast SEO plugin v27.2 - https:\/\/yoast.com\/product\/yoast-seo-wordpress\/ -->\n<title>Kit Wired Desktop 500 Teclado PS2 + Mouse PS2\/USB Microsoft - Loja Opening<\/title>\n<meta name=\"robots\" content=\"index, follow, max-snippet:-1, max-image-preview:large, max-video-preview:-1\" \/>\n<link rel=\"canonical\" href=\"https:\/\/lojaopening.com.br\/shopp\/produto\/kit-wired-desktop-500-teclado-ps2-%2b-mouse-ps247usb-microsoft\/\" \/>\n<meta property=\"og:locale\" content=\"pt_PT\" \/>\n<meta property=\"og:type\" content=\"article\" \/>\n<meta property=\"og:title\" content=\"Kit Wired Desktop 500 Teclado PS2 + Mouse PS2\/USB Microsoft - Loja Opening\" \/>\n<meta property=\"og:description\" content=\"Kit Wired Desktop 500 Teclado PS2 + Mouse PS2\/USB Microsoft\" \/>\n<meta property=\"og:url\" content=\"https:\/\/lojaopening.com.br\/shopp\/produto\/kit-wired-desktop-500-teclado-ps2-%2b-mouse-ps2{47}usb-microsoft\/\" \/>\n<meta property=\"og:site_name\" content=\"Loja Opening\" \/>\n<meta property=\"article:modified_time\" content=\"2023-05-27T19:49:38+00:00\" \/>\n<meta property=\"og:image\" content=\"https:\/\/lojaopening.com.br\/wp-content\/uploads\/2020\/09\/Kit-Wired-Desktop-500-Teclado-PS2-252b-Mouse-PS27B477DUSB-Microsoft.jpg\" \/>\n\t<meta property=\"og:image:width\" content=\"1024\" \/>\n\t<meta property=\"og:image:height\" content=\"476\" \/>\n\t<meta property=\"og:image:type\" content=\"image\/jpeg\" \/>\n<meta name=\"twitter:card\" content=\"summary_large_image\" \/>\n<meta name=\"twitter:label1\" content=\"Tempo estimado de leitura\" \/>\n\t<meta name=\"twitter:data1\" content=\"1 minuto\" \/>\n<script type=\"application\/ld+json\" class=\"yoast-schema-graph\">{\"@context\":\"https:\/\/schema.org\",\"@graph\":[{\"@type\":\"WebPage\",\"@id\":\"https:\/\/lojaopening.com.br\/shopp\/produto\/kit-wired-desktop-500-teclado-ps2-%252b-mouse-ps2%7b47%7dusb-microsoft\/\",\"url\":\"https:\/\/lojaopening.com.br\/shopp\/produto\/kit-wired-desktop-500-teclado-ps2-%252b-mouse-ps2%7b47%7dusb-microsoft\/\",\"name\":\"Kit Wired Desktop 500 Teclado PS2 + Mouse PS2\/USB Microsoft - Loja Opening\",\"isPartOf\":{\"@id\":\"https:\/\/lojaopening.com.br\/shopp\/#website\"},\"primaryImageOfPage\":{\"@id\":\"https:\/\/lojaopening.com.br\/shopp\/produto\/kit-wired-desktop-500-teclado-ps2-%252b-mouse-ps2%7b47%7dusb-microsoft\/#primaryimage\"},\"image\":{\"@id\":\"https:\/\/lojaopening.com.br\/shopp\/produto\/kit-wired-desktop-500-teclado-ps2-%252b-mouse-ps2%7b47%7dusb-microsoft\/#primaryimage\"},\"thumbnailUrl\":\"https:\/\/lojaopening.com.br\/wp-content\/uploads\/2020\/09\/Kit-Wired-Desktop-500-Teclado-PS2-252b-Mouse-PS27B477DUSB-Microsoft.jpg\",\"datePublished\":\"2020-09-04T03:57:54+00:00\",\"dateModified\":\"2023-05-27T19:49:38+00:00\",\"breadcrumb\":{\"@id\":\"https:\/\/lojaopening.com.br\/shopp\/produto\/kit-wired-desktop-500-teclado-ps2-%252b-mouse-ps2%7b47%7dusb-microsoft\/#breadcrumb\"},\"inLanguage\":\"pt-PT\",\"potentialAction\":[{\"@type\":\"ReadAction\",\"target\":[\"https:\/\/lojaopening.com.br\/shopp\/produto\/kit-wired-desktop-500-teclado-ps2-%252b-mouse-ps2%7b47%7dusb-microsoft\/\"]}]},{\"@type\":\"ImageObject\",\"inLanguage\":\"pt-PT\",\"@id\":\"https:\/\/lojaopening.com.br\/shopp\/produto\/kit-wired-desktop-500-teclado-ps2-%252b-mouse-ps2%7b47%7dusb-microsoft\/#primaryimage\",\"url\":\"https:\/\/lojaopening.com.br\/wp-content\/uploads\/2020\/09\/Kit-Wired-Desktop-500-Teclado-PS2-252b-Mouse-PS27B477DUSB-Microsoft.jpg\",\"contentUrl\":\"https:\/\/lojaopening.com.br\/wp-content\/uploads\/2020\/09\/Kit-Wired-Desktop-500-Teclado-PS2-252b-Mouse-PS27B477DUSB-Microsoft.jpg\",\"width\":1024,\"height\":476},{\"@type\":\"BreadcrumbList\",\"@id\":\"https:\/\/lojaopening.com.br\/shopp\/produto\/kit-wired-desktop-500-teclado-ps2-%252b-mouse-ps2%7b47%7dusb-microsoft\/#breadcrumb\",\"itemListElement\":[{\"@type\":\"ListItem\",\"position\":1,\"name\":\"In\u00edcio\",\"item\":\"https:\/\/lojaopening.com.br\/shopp\/\"},{\"@type\":\"ListItem\",\"position\":2,\"name\":\"Shop\",\"item\":\"https:\/\/lojaopening.com.br\/shopp\/shopp\/\"},{\"@type\":\"ListItem\",\"position\":3,\"name\":\"Kit Wired Desktop 500 Teclado PS2 + Mouse PS2\/USB Microsoft\"}]},{\"@type\":\"WebSite\",\"@id\":\"https:\/\/lojaopening.com.br\/shopp\/#website\",\"url\":\"https:\/\/lojaopening.com.br\/shopp\/\",\"name\":\"Loja Opening\",\"description\":\"\",\"publisher\":{\"@id\":\"https:\/\/lojaopening.com.br\/shopp\/#organization\"},\"potentialAction\":[{\"@type\":\"SearchAction\",\"target\":{\"@type\":\"EntryPoint\",\"urlTemplate\":\"https:\/\/lojaopening.com.br\/shopp\/?s={search_term_string}\"},\"query-input\":{\"@type\":\"PropertyValueSpecification\",\"valueRequired\":true,\"valueName\":\"search_term_string\"}}],\"inLanguage\":\"pt-PT\"},{\"@type\":\"Organization\",\"@id\":\"https:\/\/lojaopening.com.br\/shopp\/#organization\",\"name\":\"Opening World Coml Import Export Ltda\",\"url\":\"https:\/\/lojaopening.com.br\/shopp\/\",\"logo\":{\"@type\":\"ImageObject\",\"inLanguage\":\"pt-PT\",\"@id\":\"https:\/\/lojaopening.com.br\/shopp\/#\/schema\/logo\/image\/\",\"url\":\"https:\/\/lojaopening.com.br\/wp-content\/uploads\/2020\/09\/logo_header.png\",\"contentUrl\":\"https:\/\/lojaopening.com.br\/wp-content\/uploads\/2020\/09\/logo_header.png\",\"width\":1279,\"height\":328,\"caption\":\"Opening World Coml Import Export Ltda\"},\"image\":{\"@id\":\"https:\/\/lojaopening.com.br\/shopp\/#\/schema\/logo\/image\/\"}}]}<\/script>\n<!-- \/ Yoast SEO plugin. -->","yoast_head_json":{"title":"Kit Wired Desktop 500 Teclado PS2 + Mouse PS2\/USB Microsoft - Loja Opening","robots":{"index":"index","follow":"follow","max-snippet":"max-snippet:-1","max-image-preview":"max-image-preview:large","max-video-preview":"max-video-preview:-1"},"canonical":"https:\/\/lojaopening.com.br\/shopp\/produto\/kit-wired-desktop-500-teclado-ps2-%2b-mouse-ps2{47}usb-microsoft\/","og_locale":"pt_PT","og_type":"article","og_title":"Kit Wired Desktop 500 Teclado PS2 + Mouse PS2\/USB Microsoft - Loja Opening","og_description":"Kit Wired Desktop 500 Teclado PS2 + Mouse PS2\/USB Microsoft","og_url":"https:\/\/lojaopening.com.br\/shopp\/produto\/kit-wired-desktop-500-teclado-ps2-%2b-mouse-ps2{47}usb-microsoft\/","og_site_name":"Loja Opening","article_modified_time":"2023-05-27T19:49:38+00:00","og_image":[{"width":1024,"height":476,"url":"https:\/\/lojaopening.com.br\/wp-content\/uploads\/2020\/09\/Kit-Wired-Desktop-500-Teclado-PS2-252b-Mouse-PS27B477DUSB-Microsoft.jpg","type":"image\/jpeg"}],"twitter_card":"summary_large_image","twitter_misc":{"Tempo estimado de leitura":"1 minuto"},"schema":{"@context":"https:\/\/schema.org","@graph":[{"@type":"WebPage","@id":"https:\/\/lojaopening.com.br\/shopp\/produto\/kit-wired-desktop-500-teclado-ps2-%252b-mouse-ps2%7b47%7dusb-microsoft\/","url":"https:\/\/lojaopening.com.br\/shopp\/produto\/kit-wired-desktop-500-teclado-ps2-%252b-mouse-ps2%7b47%7dusb-microsoft\/","name":"Kit Wired Desktop 500 Teclado PS2 + Mouse PS2\/USB Microsoft - Loja Opening","isPartOf":{"@id":"https:\/\/lojaopening.com.br\/shopp\/#website"},"primaryImageOfPage":{"@id":"https:\/\/lojaopening.com.br\/shopp\/produto\/kit-wired-desktop-500-teclado-ps2-%252b-mouse-ps2%7b47%7dusb-microsoft\/#primaryimage"},"image":{"@id":"https:\/\/lojaopening.com.br\/shopp\/produto\/kit-wired-desktop-500-teclado-ps2-%252b-mouse-ps2%7b47%7dusb-microsoft\/#primaryimage"},"thumbnailUrl":"https:\/\/lojaopening.com.br\/wp-content\/uploads\/2020\/09\/Kit-Wired-Desktop-500-Teclado-PS2-252b-Mouse-PS27B477DUSB-Microsoft.jpg","datePublished":"2020-09-04T03:57:54+00:00","dateModified":"2023-05-27T19:49:38+00:00","breadcrumb":{"@id":"https:\/\/lojaopening.com.br\/shopp\/produto\/kit-wired-desktop-500-teclado-ps2-%252b-mouse-ps2%7b47%7dusb-microsoft\/#breadcrumb"},"inLanguage":"pt-PT","potentialAction":[{"@type":"ReadAction","target":["https:\/\/lojaopening.com.br\/shopp\/produto\/kit-wired-desktop-500-teclado-ps2-%252b-mouse-ps2%7b47%7dusb-microsoft\/"]}]},{"@type":"ImageObject","inLanguage":"pt-PT","@id":"https:\/\/lojaopening.com.br\/shopp\/produto\/kit-wired-desktop-500-teclado-ps2-%252b-mouse-ps2%7b47%7dusb-microsoft\/#primaryimage","url":"https:\/\/lojaopening.com.br\/wp-content\/uploads\/2020\/09\/Kit-Wired-Desktop-500-Teclado-PS2-252b-Mouse-PS27B477DUSB-Microsoft.jpg","contentUrl":"https:\/\/lojaopening.com.br\/wp-content\/uploads\/2020\/09\/Kit-Wired-Desktop-500-Teclado-PS2-252b-Mouse-PS27B477DUSB-Microsoft.jpg","width":1024,"height":476},{"@type":"BreadcrumbList","@id":"https:\/\/lojaopening.com.br\/shopp\/produto\/kit-wired-desktop-500-teclado-ps2-%252b-mouse-ps2%7b47%7dusb-microsoft\/#breadcrumb","itemListElement":[{"@type":"ListItem","position":1,"name":"In\u00edcio","item":"https:\/\/lojaopening.com.br\/shopp\/"},{"@type":"ListItem","position":2,"name":"Shop","item":"https:\/\/lojaopening.com.br\/shopp\/shopp\/"},{"@type":"ListItem","position":3,"name":"Kit Wired Desktop 500 Teclado PS2 + Mouse PS2\/USB Microsoft"}]},{"@type":"WebSite","@id":"https:\/\/lojaopening.com.br\/shopp\/#website","url":"https:\/\/lojaopening.com.br\/shopp\/","name":"Loja Opening","description":"","publisher":{"@id":"https:\/\/lojaopening.com.br\/shopp\/#organization"},"potentialAction":[{"@type":"SearchAction","target":{"@type":"EntryPoint","urlTemplate":"https:\/\/lojaopening.com.br\/shopp\/?s={search_term_string}"},"query-input":{"@type":"PropertyValueSpecification","valueRequired":true,"valueName":"search_term_string"}}],"inLanguage":"pt-PT"},{"@type":"Organization","@id":"https:\/\/lojaopening.com.br\/shopp\/#organization","name":"Opening World Coml Import Export Ltda","url":"https:\/\/lojaopening.com.br\/shopp\/","logo":{"@type":"ImageObject","inLanguage":"pt-PT","@id":"https:\/\/lojaopening.com.br\/shopp\/#\/schema\/logo\/image\/","url":"https:\/\/lojaopening.com.br\/wp-content\/uploads\/2020\/09\/logo_header.png","contentUrl":"https:\/\/lojaopening.com.br\/wp-content\/uploads\/2020\/09\/logo_header.png","width":1279,"height":328,"caption":"Opening World Coml Import Export Ltda"},"image":{"@id":"https:\/\/lojaopening.com.br\/shopp\/#\/schema\/logo\/image\/"}}]}},"_links":{"self":[{"href":"https:\/\/lojaopening.com.br\/shopp\/wp-json\/wp\/v2\/product\/696","targetHints":{"allow":["GET"]}}],"collection":[{"href":"https:\/\/lojaopening.com.br\/shopp\/wp-json\/wp\/v2\/product"}],"about":[{"href":"https:\/\/lojaopening.com.br\/shopp\/wp-json\/wp\/v2\/types\/product"}],"wp:featuredmedia":[{"embeddable":true,"href":"https:\/\/lojaopening.com.br\/shopp\/wp-json\/wp\/v2\/media\/864"}],"wp:attachment":[{"href":"https:\/\/lojaopening.com.br\/shopp\/wp-json\/wp\/v2\/media?parent=696"}],"wp:term":[{"taxonomy":"product_brand","embeddable":true,"href":"https:\/\/lojaopening.com.br\/shopp\/wp-json\/wp\/v2\/product_brand?post=696"},{"taxonomy":"product_cat","embeddable":true,"href":"https:\/\/lojaopening.com.br\/shopp\/wp-json\/wp\/v2\/product_cat?post=696"},{"taxonomy":"product_tag","embeddable":true,"href":"https:\/\/lojaopening.com.br\/shopp\/wp-json\/wp\/v2\/product_tag?post=696"}],"curies":[{"name":"wp","href":"https:\/\/api.w.org\/{rel}","templated":true}]}}