{"id":698,"date":"2020-09-04T03:58:14","date_gmt":"2020-09-04T03:58:14","guid":{"rendered":"https:\/\/adsvance.me\/lojaopw\/produto\/mouse-optico-ps2-ergonomico-800dpi-preto-3560-leadership\/"},"modified":"2023-05-27T19:49:37","modified_gmt":"2023-05-27T19:49:37","slug":"mouse-optico-ps2-ergonomico-800dpi-preto-3560-leadership","status":"publish","type":"product","link":"https:\/\/lojaopening.com.br\/shopp\/produto\/mouse-optico-ps2-ergonomico-800dpi-preto-3560-leadership\/","title":{"rendered":"Mouse \u00d3ptico PS2 Ergon\u00f4mico 800dpi Preto 3560 Leadership"},"content":{"rendered":"<p>Descri\u00e7\u00e3o:O mouse \u00d3tico Ergon\u00f4mico Leadership foi desenvolvido para proporcionar o m\u00e1ximo em comodidade e conforto para o usu\u00e1rio. Seu design ergon\u00f4mico previne les\u00f5es musculares, minimizando os danos causados pelo esfor\u00e7o repetitivo. Sem esfera, deslizamento atrav\u00e9s de sensor \u00f3tico. Dispensa o uso de mouse pads e cuidados com manuten\u00e7\u00e3o. Informa\u00e7\u00f5es T\u00e9cnicas: Resolu\u00e7\u00e3o: 800 dpi.  Tecnologia: Deslizamento Optical (\u00d3tico).  Conex\u00e3o: PS\/2.  Bot\u00f5es: 3 bot\u00f5es incluindo o sistema wheel que facilita a rolagem de telas da internet ou textos.  Cor: Preto.  Totalmente Plug &amp; Play (PnP). Conte\u00fado da embalagem: 1 Mouse \u00d3tico Ergon\u00f4mico.  1 Certificado de Garantia. Requerimentos do sistema: Computador PC.  1 Porta PS\/2 dispon\u00edvel.  Windows 98SE\/2000\/ME\/XP\/VISTA. <\/p>\n","protected":false},"excerpt":{"rendered":"<p>Mouse \u00d3ptico PS2 Ergon\u00f4mico 800dpi Preto 3560 Leadership<\/p>\n","protected":false},"featured_media":0,"template":"","meta":[],"product_brand":[],"product_cat":[142,50],"product_tag":[],"class_list":{"0":"post-698","1":"product","2":"type-product","3":"status-publish","5":"product_cat-leadership","6":"product_cat-perifericos","8":"first","9":"onbackorder","10":"shipping-taxable","11":"purchasable","12":"product-type-simple"},"yoast_head":"<!-- This site is optimized with the Yoast SEO plugin v27.2 - https:\/\/yoast.com\/product\/yoast-seo-wordpress\/ -->\n<title>Mouse \u00d3ptico PS2 Ergon\u00f4mico 800dpi Preto 3560 Leadership - Loja Opening<\/title>\n<meta name=\"robots\" content=\"index, follow, max-snippet:-1, max-image-preview:large, max-video-preview:-1\" \/>\n<link rel=\"canonical\" href=\"https:\/\/lojaopening.com.br\/shopp\/produto\/mouse-optico-ps2-ergonomico-800dpi-preto-3560-leadership\/\" \/>\n<meta property=\"og:locale\" content=\"pt_PT\" \/>\n<meta property=\"og:type\" content=\"article\" \/>\n<meta property=\"og:title\" content=\"Mouse \u00d3ptico PS2 Ergon\u00f4mico 800dpi Preto 3560 Leadership - Loja Opening\" \/>\n<meta property=\"og:description\" content=\"Mouse \u00d3ptico PS2 Ergon\u00f4mico 800dpi Preto 3560 Leadership\" \/>\n<meta property=\"og:url\" content=\"https:\/\/lojaopening.com.br\/shopp\/produto\/mouse-optico-ps2-ergonomico-800dpi-preto-3560-leadership\/\" \/>\n<meta property=\"og:site_name\" content=\"Loja Opening\" \/>\n<meta property=\"article:modified_time\" content=\"2023-05-27T19:49:37+00:00\" \/>\n<meta name=\"twitter:card\" content=\"summary_large_image\" \/>\n<meta name=\"twitter:label1\" content=\"Tempo estimado de leitura\" \/>\n\t<meta name=\"twitter:data1\" content=\"1 minuto\" \/>\n<script type=\"application\/ld+json\" class=\"yoast-schema-graph\">{\"@context\":\"https:\/\/schema.org\",\"@graph\":[{\"@type\":\"WebPage\",\"@id\":\"https:\/\/lojaopening.com.br\/shopp\/produto\/mouse-optico-ps2-ergonomico-800dpi-preto-3560-leadership\/\",\"url\":\"https:\/\/lojaopening.com.br\/shopp\/produto\/mouse-optico-ps2-ergonomico-800dpi-preto-3560-leadership\/\",\"name\":\"Mouse \u00d3ptico PS2 Ergon\u00f4mico 800dpi Preto 3560 Leadership - Loja Opening\",\"isPartOf\":{\"@id\":\"https:\/\/lojaopening.com.br\/shopp\/#website\"},\"datePublished\":\"2020-09-04T03:58:14+00:00\",\"dateModified\":\"2023-05-27T19:49:37+00:00\",\"breadcrumb\":{\"@id\":\"https:\/\/lojaopening.com.br\/shopp\/produto\/mouse-optico-ps2-ergonomico-800dpi-preto-3560-leadership\/#breadcrumb\"},\"inLanguage\":\"pt-PT\",\"potentialAction\":[{\"@type\":\"ReadAction\",\"target\":[\"https:\/\/lojaopening.com.br\/shopp\/produto\/mouse-optico-ps2-ergonomico-800dpi-preto-3560-leadership\/\"]}]},{\"@type\":\"BreadcrumbList\",\"@id\":\"https:\/\/lojaopening.com.br\/shopp\/produto\/mouse-optico-ps2-ergonomico-800dpi-preto-3560-leadership\/#breadcrumb\",\"itemListElement\":[{\"@type\":\"ListItem\",\"position\":1,\"name\":\"In\u00edcio\",\"item\":\"https:\/\/lojaopening.com.br\/shopp\/\"},{\"@type\":\"ListItem\",\"position\":2,\"name\":\"Shop\",\"item\":\"https:\/\/lojaopening.com.br\/shopp\/shopp\/\"},{\"@type\":\"ListItem\",\"position\":3,\"name\":\"Mouse \u00d3ptico PS2 Ergon\u00f4mico 800dpi Preto 3560 Leadership\"}]},{\"@type\":\"WebSite\",\"@id\":\"https:\/\/lojaopening.com.br\/shopp\/#website\",\"url\":\"https:\/\/lojaopening.com.br\/shopp\/\",\"name\":\"Loja Opening\",\"description\":\"\",\"publisher\":{\"@id\":\"https:\/\/lojaopening.com.br\/shopp\/#organization\"},\"potentialAction\":[{\"@type\":\"SearchAction\",\"target\":{\"@type\":\"EntryPoint\",\"urlTemplate\":\"https:\/\/lojaopening.com.br\/shopp\/?s={search_term_string}\"},\"query-input\":{\"@type\":\"PropertyValueSpecification\",\"valueRequired\":true,\"valueName\":\"search_term_string\"}}],\"inLanguage\":\"pt-PT\"},{\"@type\":\"Organization\",\"@id\":\"https:\/\/lojaopening.com.br\/shopp\/#organization\",\"name\":\"Opening World Coml Import Export Ltda\",\"url\":\"https:\/\/lojaopening.com.br\/shopp\/\",\"logo\":{\"@type\":\"ImageObject\",\"inLanguage\":\"pt-PT\",\"@id\":\"https:\/\/lojaopening.com.br\/shopp\/#\/schema\/logo\/image\/\",\"url\":\"https:\/\/lojaopening.com.br\/wp-content\/uploads\/2020\/09\/logo_header.png\",\"contentUrl\":\"https:\/\/lojaopening.com.br\/wp-content\/uploads\/2020\/09\/logo_header.png\",\"width\":1279,\"height\":328,\"caption\":\"Opening World Coml Import Export Ltda\"},\"image\":{\"@id\":\"https:\/\/lojaopening.com.br\/shopp\/#\/schema\/logo\/image\/\"}}]}<\/script>\n<!-- \/ Yoast SEO plugin. -->","yoast_head_json":{"title":"Mouse \u00d3ptico PS2 Ergon\u00f4mico 800dpi Preto 3560 Leadership - Loja Opening","robots":{"index":"index","follow":"follow","max-snippet":"max-snippet:-1","max-image-preview":"max-image-preview:large","max-video-preview":"max-video-preview:-1"},"canonical":"https:\/\/lojaopening.com.br\/shopp\/produto\/mouse-optico-ps2-ergonomico-800dpi-preto-3560-leadership\/","og_locale":"pt_PT","og_type":"article","og_title":"Mouse \u00d3ptico PS2 Ergon\u00f4mico 800dpi Preto 3560 Leadership - Loja Opening","og_description":"Mouse \u00d3ptico PS2 Ergon\u00f4mico 800dpi Preto 3560 Leadership","og_url":"https:\/\/lojaopening.com.br\/shopp\/produto\/mouse-optico-ps2-ergonomico-800dpi-preto-3560-leadership\/","og_site_name":"Loja Opening","article_modified_time":"2023-05-27T19:49:37+00:00","twitter_card":"summary_large_image","twitter_misc":{"Tempo estimado de leitura":"1 minuto"},"schema":{"@context":"https:\/\/schema.org","@graph":[{"@type":"WebPage","@id":"https:\/\/lojaopening.com.br\/shopp\/produto\/mouse-optico-ps2-ergonomico-800dpi-preto-3560-leadership\/","url":"https:\/\/lojaopening.com.br\/shopp\/produto\/mouse-optico-ps2-ergonomico-800dpi-preto-3560-leadership\/","name":"Mouse \u00d3ptico PS2 Ergon\u00f4mico 800dpi Preto 3560 Leadership - Loja Opening","isPartOf":{"@id":"https:\/\/lojaopening.com.br\/shopp\/#website"},"datePublished":"2020-09-04T03:58:14+00:00","dateModified":"2023-05-27T19:49:37+00:00","breadcrumb":{"@id":"https:\/\/lojaopening.com.br\/shopp\/produto\/mouse-optico-ps2-ergonomico-800dpi-preto-3560-leadership\/#breadcrumb"},"inLanguage":"pt-PT","potentialAction":[{"@type":"ReadAction","target":["https:\/\/lojaopening.com.br\/shopp\/produto\/mouse-optico-ps2-ergonomico-800dpi-preto-3560-leadership\/"]}]},{"@type":"BreadcrumbList","@id":"https:\/\/lojaopening.com.br\/shopp\/produto\/mouse-optico-ps2-ergonomico-800dpi-preto-3560-leadership\/#breadcrumb","itemListElement":[{"@type":"ListItem","position":1,"name":"In\u00edcio","item":"https:\/\/lojaopening.com.br\/shopp\/"},{"@type":"ListItem","position":2,"name":"Shop","item":"https:\/\/lojaopening.com.br\/shopp\/shopp\/"},{"@type":"ListItem","position":3,"name":"Mouse \u00d3ptico PS2 Ergon\u00f4mico 800dpi Preto 3560 Leadership"}]},{"@type":"WebSite","@id":"https:\/\/lojaopening.com.br\/shopp\/#website","url":"https:\/\/lojaopening.com.br\/shopp\/","name":"Loja Opening","description":"","publisher":{"@id":"https:\/\/lojaopening.com.br\/shopp\/#organization"},"potentialAction":[{"@type":"SearchAction","target":{"@type":"EntryPoint","urlTemplate":"https:\/\/lojaopening.com.br\/shopp\/?s={search_term_string}"},"query-input":{"@type":"PropertyValueSpecification","valueRequired":true,"valueName":"search_term_string"}}],"inLanguage":"pt-PT"},{"@type":"Organization","@id":"https:\/\/lojaopening.com.br\/shopp\/#organization","name":"Opening World Coml Import Export Ltda","url":"https:\/\/lojaopening.com.br\/shopp\/","logo":{"@type":"ImageObject","inLanguage":"pt-PT","@id":"https:\/\/lojaopening.com.br\/shopp\/#\/schema\/logo\/image\/","url":"https:\/\/lojaopening.com.br\/wp-content\/uploads\/2020\/09\/logo_header.png","contentUrl":"https:\/\/lojaopening.com.br\/wp-content\/uploads\/2020\/09\/logo_header.png","width":1279,"height":328,"caption":"Opening World Coml Import Export Ltda"},"image":{"@id":"https:\/\/lojaopening.com.br\/shopp\/#\/schema\/logo\/image\/"}}]}},"_links":{"self":[{"href":"https:\/\/lojaopening.com.br\/shopp\/wp-json\/wp\/v2\/product\/698","targetHints":{"allow":["GET"]}}],"collection":[{"href":"https:\/\/lojaopening.com.br\/shopp\/wp-json\/wp\/v2\/product"}],"about":[{"href":"https:\/\/lojaopening.com.br\/shopp\/wp-json\/wp\/v2\/types\/product"}],"wp:attachment":[{"href":"https:\/\/lojaopening.com.br\/shopp\/wp-json\/wp\/v2\/media?parent=698"}],"wp:term":[{"taxonomy":"product_brand","embeddable":true,"href":"https:\/\/lojaopening.com.br\/shopp\/wp-json\/wp\/v2\/product_brand?post=698"},{"taxonomy":"product_cat","embeddable":true,"href":"https:\/\/lojaopening.com.br\/shopp\/wp-json\/wp\/v2\/product_cat?post=698"},{"taxonomy":"product_tag","embeddable":true,"href":"https:\/\/lojaopening.com.br\/shopp\/wp-json\/wp\/v2\/product_tag?post=698"}],"curies":[{"name":"wp","href":"https:\/\/api.w.org\/{rel}","templated":true}]}}