{"id":702,"date":"2020-09-04T03:58:54","date_gmt":"2020-09-04T03:58:54","guid":{"rendered":"https:\/\/adsvance.me\/lojaopw\/produto\/graco-flex-plus-gun-246468\/"},"modified":"2023-05-27T19:49:35","modified_gmt":"2023-05-27T19:49:35","slug":"graco-flex-plus-gun-246468","status":"publish","type":"product","link":"https:\/\/lojaopening.com.br\/shopp\/produto\/graco-flex-plus-gun-246468\/","title":{"rendered":"Graco Flex Plus Gun 246468"},"content":{"rendered":"<p>Pistola de pulveriza\u00e7\u00e3o airless manual Leve e ergon\u00f3mico para pulveriza\u00e7\u00e3o do dia-a-dia Ligue a mangueira diretamente \u00e0 arma atrav\u00e9s do protetor da mola para a flexibilidade m\u00e1xima.Flex Plus da Graco \u00e9 a pistola mais leve dispon\u00edvel para airless e aplica\u00e7\u00f5es de linha de distribui\u00e7\u00e3o. Esta \u00e9 a pistola mais popular que \u00e9 usado em stripers Graco LineLazer, e \u00e9 inclu\u00eddo com praticamente todas as compras striper Graco. A mangueira liga-se directamente para o pulverizador da pistola atrav\u00e9s de um suporte de guarda de mola sobre a base de pega para proteger as extremidades da mangueira. Al\u00e9m disso, ao contr\u00e1rio da maioria das pistolas de pulveriza\u00e7\u00e3o (com a excep\u00e7\u00e3o de o Plus Silver), n\u00e3o h\u00e1 \u00a0filtro, portanto, \u00e9 capaz de lidar com materiais mais pesados. Caracter\u00edsticas: Al\u00e7a ergon\u00f4mica reduz a fadiga e aumenta o conforto Sem ajuste da agulha faz-se reparos r\u00e1pidos e f\u00e1ceis Design da agulha patenteado aumenta o tempo de uso Passagem de fluido grande reduz o entupimento \u00a0Acompanha:\u00a0 1 Protetor de bico Rac X 1 Bico 517\u00a0Rac X\u00a0\u00a0<\/p>\n","protected":false},"excerpt":{"rendered":"<p>Graco Flex Plus Gun 246468<\/p>\n","protected":false},"featured_media":898,"template":"","meta":[],"product_brand":[],"product_cat":[38,619],"product_tag":[],"class_list":{"0":"post-702","1":"product","2":"type-product","3":"status-publish","4":"has-post-thumbnail","6":"product_cat-automacao-industrial","7":"product_cat-graco","9":"first","10":"onbackorder","11":"shipping-taxable","12":"purchasable","13":"product-type-simple"},"yoast_head":"<!-- This site is optimized with the Yoast SEO plugin v27.2 - https:\/\/yoast.com\/product\/yoast-seo-wordpress\/ -->\n<title>Graco Flex Plus Gun 246468 - Loja Opening<\/title>\n<meta name=\"robots\" content=\"index, follow, max-snippet:-1, max-image-preview:large, max-video-preview:-1\" \/>\n<link rel=\"canonical\" href=\"https:\/\/lojaopening.com.br\/shopp\/produto\/graco-flex-plus-gun-246468\/\" \/>\n<meta property=\"og:locale\" content=\"pt_PT\" \/>\n<meta property=\"og:type\" content=\"article\" \/>\n<meta property=\"og:title\" content=\"Graco Flex Plus Gun 246468 - Loja Opening\" \/>\n<meta property=\"og:description\" content=\"Graco Flex Plus Gun 246468\" \/>\n<meta property=\"og:url\" content=\"https:\/\/lojaopening.com.br\/shopp\/produto\/graco-flex-plus-gun-246468\/\" \/>\n<meta property=\"og:site_name\" content=\"Loja Opening\" \/>\n<meta property=\"article:modified_time\" content=\"2023-05-27T19:49:35+00:00\" \/>\n<meta property=\"og:image\" content=\"https:\/\/lojaopening.com.br\/wp-content\/uploads\/2020\/09\/Graco-Flex-Plus-Gun-246468.gif\" \/>\n\t<meta property=\"og:image:width\" content=\"180\" \/>\n\t<meta property=\"og:image:height\" content=\"180\" \/>\n\t<meta property=\"og:image:type\" content=\"image\/gif\" \/>\n<meta name=\"twitter:card\" content=\"summary_large_image\" \/>\n<meta name=\"twitter:label1\" content=\"Tempo estimado de leitura\" \/>\n\t<meta name=\"twitter:data1\" content=\"1 minuto\" \/>\n<script type=\"application\/ld+json\" class=\"yoast-schema-graph\">{\"@context\":\"https:\/\/schema.org\",\"@graph\":[{\"@type\":\"WebPage\",\"@id\":\"https:\/\/lojaopening.com.br\/shopp\/produto\/graco-flex-plus-gun-246468\/\",\"url\":\"https:\/\/lojaopening.com.br\/shopp\/produto\/graco-flex-plus-gun-246468\/\",\"name\":\"Graco Flex Plus Gun 246468 - Loja Opening\",\"isPartOf\":{\"@id\":\"https:\/\/lojaopening.com.br\/shopp\/#website\"},\"primaryImageOfPage\":{\"@id\":\"https:\/\/lojaopening.com.br\/shopp\/produto\/graco-flex-plus-gun-246468\/#primaryimage\"},\"image\":{\"@id\":\"https:\/\/lojaopening.com.br\/shopp\/produto\/graco-flex-plus-gun-246468\/#primaryimage\"},\"thumbnailUrl\":\"https:\/\/lojaopening.com.br\/wp-content\/uploads\/2020\/09\/Graco-Flex-Plus-Gun-246468.gif\",\"datePublished\":\"2020-09-04T03:58:54+00:00\",\"dateModified\":\"2023-05-27T19:49:35+00:00\",\"breadcrumb\":{\"@id\":\"https:\/\/lojaopening.com.br\/shopp\/produto\/graco-flex-plus-gun-246468\/#breadcrumb\"},\"inLanguage\":\"pt-PT\",\"potentialAction\":[{\"@type\":\"ReadAction\",\"target\":[\"https:\/\/lojaopening.com.br\/shopp\/produto\/graco-flex-plus-gun-246468\/\"]}]},{\"@type\":\"ImageObject\",\"inLanguage\":\"pt-PT\",\"@id\":\"https:\/\/lojaopening.com.br\/shopp\/produto\/graco-flex-plus-gun-246468\/#primaryimage\",\"url\":\"https:\/\/lojaopening.com.br\/wp-content\/uploads\/2020\/09\/Graco-Flex-Plus-Gun-246468.gif\",\"contentUrl\":\"https:\/\/lojaopening.com.br\/wp-content\/uploads\/2020\/09\/Graco-Flex-Plus-Gun-246468.gif\",\"width\":180,\"height\":180},{\"@type\":\"BreadcrumbList\",\"@id\":\"https:\/\/lojaopening.com.br\/shopp\/produto\/graco-flex-plus-gun-246468\/#breadcrumb\",\"itemListElement\":[{\"@type\":\"ListItem\",\"position\":1,\"name\":\"In\u00edcio\",\"item\":\"https:\/\/lojaopening.com.br\/shopp\/\"},{\"@type\":\"ListItem\",\"position\":2,\"name\":\"Shop\",\"item\":\"https:\/\/lojaopening.com.br\/shopp\/shopp\/\"},{\"@type\":\"ListItem\",\"position\":3,\"name\":\"Graco Flex Plus Gun 246468\"}]},{\"@type\":\"WebSite\",\"@id\":\"https:\/\/lojaopening.com.br\/shopp\/#website\",\"url\":\"https:\/\/lojaopening.com.br\/shopp\/\",\"name\":\"Loja Opening\",\"description\":\"\",\"publisher\":{\"@id\":\"https:\/\/lojaopening.com.br\/shopp\/#organization\"},\"potentialAction\":[{\"@type\":\"SearchAction\",\"target\":{\"@type\":\"EntryPoint\",\"urlTemplate\":\"https:\/\/lojaopening.com.br\/shopp\/?s={search_term_string}\"},\"query-input\":{\"@type\":\"PropertyValueSpecification\",\"valueRequired\":true,\"valueName\":\"search_term_string\"}}],\"inLanguage\":\"pt-PT\"},{\"@type\":\"Organization\",\"@id\":\"https:\/\/lojaopening.com.br\/shopp\/#organization\",\"name\":\"Opening World Coml Import Export Ltda\",\"url\":\"https:\/\/lojaopening.com.br\/shopp\/\",\"logo\":{\"@type\":\"ImageObject\",\"inLanguage\":\"pt-PT\",\"@id\":\"https:\/\/lojaopening.com.br\/shopp\/#\/schema\/logo\/image\/\",\"url\":\"https:\/\/lojaopening.com.br\/wp-content\/uploads\/2020\/09\/logo_header.png\",\"contentUrl\":\"https:\/\/lojaopening.com.br\/wp-content\/uploads\/2020\/09\/logo_header.png\",\"width\":1279,\"height\":328,\"caption\":\"Opening World Coml Import Export Ltda\"},\"image\":{\"@id\":\"https:\/\/lojaopening.com.br\/shopp\/#\/schema\/logo\/image\/\"}}]}<\/script>\n<!-- \/ Yoast SEO plugin. -->","yoast_head_json":{"title":"Graco Flex Plus Gun 246468 - Loja Opening","robots":{"index":"index","follow":"follow","max-snippet":"max-snippet:-1","max-image-preview":"max-image-preview:large","max-video-preview":"max-video-preview:-1"},"canonical":"https:\/\/lojaopening.com.br\/shopp\/produto\/graco-flex-plus-gun-246468\/","og_locale":"pt_PT","og_type":"article","og_title":"Graco Flex Plus Gun 246468 - Loja Opening","og_description":"Graco Flex Plus Gun 246468","og_url":"https:\/\/lojaopening.com.br\/shopp\/produto\/graco-flex-plus-gun-246468\/","og_site_name":"Loja Opening","article_modified_time":"2023-05-27T19:49:35+00:00","og_image":[{"width":180,"height":180,"url":"https:\/\/lojaopening.com.br\/wp-content\/uploads\/2020\/09\/Graco-Flex-Plus-Gun-246468.gif","type":"image\/gif"}],"twitter_card":"summary_large_image","twitter_misc":{"Tempo estimado de leitura":"1 minuto"},"schema":{"@context":"https:\/\/schema.org","@graph":[{"@type":"WebPage","@id":"https:\/\/lojaopening.com.br\/shopp\/produto\/graco-flex-plus-gun-246468\/","url":"https:\/\/lojaopening.com.br\/shopp\/produto\/graco-flex-plus-gun-246468\/","name":"Graco Flex Plus Gun 246468 - Loja Opening","isPartOf":{"@id":"https:\/\/lojaopening.com.br\/shopp\/#website"},"primaryImageOfPage":{"@id":"https:\/\/lojaopening.com.br\/shopp\/produto\/graco-flex-plus-gun-246468\/#primaryimage"},"image":{"@id":"https:\/\/lojaopening.com.br\/shopp\/produto\/graco-flex-plus-gun-246468\/#primaryimage"},"thumbnailUrl":"https:\/\/lojaopening.com.br\/wp-content\/uploads\/2020\/09\/Graco-Flex-Plus-Gun-246468.gif","datePublished":"2020-09-04T03:58:54+00:00","dateModified":"2023-05-27T19:49:35+00:00","breadcrumb":{"@id":"https:\/\/lojaopening.com.br\/shopp\/produto\/graco-flex-plus-gun-246468\/#breadcrumb"},"inLanguage":"pt-PT","potentialAction":[{"@type":"ReadAction","target":["https:\/\/lojaopening.com.br\/shopp\/produto\/graco-flex-plus-gun-246468\/"]}]},{"@type":"ImageObject","inLanguage":"pt-PT","@id":"https:\/\/lojaopening.com.br\/shopp\/produto\/graco-flex-plus-gun-246468\/#primaryimage","url":"https:\/\/lojaopening.com.br\/wp-content\/uploads\/2020\/09\/Graco-Flex-Plus-Gun-246468.gif","contentUrl":"https:\/\/lojaopening.com.br\/wp-content\/uploads\/2020\/09\/Graco-Flex-Plus-Gun-246468.gif","width":180,"height":180},{"@type":"BreadcrumbList","@id":"https:\/\/lojaopening.com.br\/shopp\/produto\/graco-flex-plus-gun-246468\/#breadcrumb","itemListElement":[{"@type":"ListItem","position":1,"name":"In\u00edcio","item":"https:\/\/lojaopening.com.br\/shopp\/"},{"@type":"ListItem","position":2,"name":"Shop","item":"https:\/\/lojaopening.com.br\/shopp\/shopp\/"},{"@type":"ListItem","position":3,"name":"Graco Flex Plus Gun 246468"}]},{"@type":"WebSite","@id":"https:\/\/lojaopening.com.br\/shopp\/#website","url":"https:\/\/lojaopening.com.br\/shopp\/","name":"Loja Opening","description":"","publisher":{"@id":"https:\/\/lojaopening.com.br\/shopp\/#organization"},"potentialAction":[{"@type":"SearchAction","target":{"@type":"EntryPoint","urlTemplate":"https:\/\/lojaopening.com.br\/shopp\/?s={search_term_string}"},"query-input":{"@type":"PropertyValueSpecification","valueRequired":true,"valueName":"search_term_string"}}],"inLanguage":"pt-PT"},{"@type":"Organization","@id":"https:\/\/lojaopening.com.br\/shopp\/#organization","name":"Opening World Coml Import Export Ltda","url":"https:\/\/lojaopening.com.br\/shopp\/","logo":{"@type":"ImageObject","inLanguage":"pt-PT","@id":"https:\/\/lojaopening.com.br\/shopp\/#\/schema\/logo\/image\/","url":"https:\/\/lojaopening.com.br\/wp-content\/uploads\/2020\/09\/logo_header.png","contentUrl":"https:\/\/lojaopening.com.br\/wp-content\/uploads\/2020\/09\/logo_header.png","width":1279,"height":328,"caption":"Opening World Coml Import Export Ltda"},"image":{"@id":"https:\/\/lojaopening.com.br\/shopp\/#\/schema\/logo\/image\/"}}]}},"_links":{"self":[{"href":"https:\/\/lojaopening.com.br\/shopp\/wp-json\/wp\/v2\/product\/702","targetHints":{"allow":["GET"]}}],"collection":[{"href":"https:\/\/lojaopening.com.br\/shopp\/wp-json\/wp\/v2\/product"}],"about":[{"href":"https:\/\/lojaopening.com.br\/shopp\/wp-json\/wp\/v2\/types\/product"}],"wp:featuredmedia":[{"embeddable":true,"href":"https:\/\/lojaopening.com.br\/shopp\/wp-json\/wp\/v2\/media\/898"}],"wp:attachment":[{"href":"https:\/\/lojaopening.com.br\/shopp\/wp-json\/wp\/v2\/media?parent=702"}],"wp:term":[{"taxonomy":"product_brand","embeddable":true,"href":"https:\/\/lojaopening.com.br\/shopp\/wp-json\/wp\/v2\/product_brand?post=702"},{"taxonomy":"product_cat","embeddable":true,"href":"https:\/\/lojaopening.com.br\/shopp\/wp-json\/wp\/v2\/product_cat?post=702"},{"taxonomy":"product_tag","embeddable":true,"href":"https:\/\/lojaopening.com.br\/shopp\/wp-json\/wp\/v2\/product_tag?post=702"}],"curies":[{"name":"wp","href":"https:\/\/api.w.org\/{rel}","templated":true}]}}