{"id":703,"date":"2020-09-04T03:59:04","date_gmt":"2020-09-04T03:59:04","guid":{"rendered":"https:\/\/adsvance.me\/lojaopw\/produto\/placa-de-rede-d-link-10-100-pci-adapter-dfe-520tx\/"},"modified":"2023-05-27T19:49:34","modified_gmt":"2023-05-27T19:49:34","slug":"placa-de-rede-d%252dlink-10%7b47%7d100-pci-adapter-dfe%252d520tx","status":"publish","type":"product","link":"https:\/\/lojaopening.com.br\/shopp\/produto\/placa-de-rede-d%252dlink-10%7b47%7d100-pci-adapter-dfe%252d520tx\/","title":{"rendered":"Placa de rede D-Link 10\/100 PCI Adapter DFE-520TX"},"content":{"rendered":"<p>O adaptador de rede DFE-520TX \u00e9 uma placa de alta performance e baixo custo, com auto-negocia\u00e7\u00e3o de velocidade 10\/100Mbps, que pode ser instalada em PC#s com slot de expans\u00e3o PCI. Este adaptador faz uso extensivo em PCs que tenham tecnologia para somente um chip, e est\u00e1 equipado com mem\u00f3ria FIFO.- Performance PCI Bus Master Esta placa conectada, dentro dos PC#s no slot PCI, \u00e9 automaticamente configurada pela BIOS do PC. Quando operar em modo bus Master 32bits, este adaptador fornece garantia de desempenho dos PC#s da rede, transferindo dados diretamente entre a placa e o PC, liberando a carga da CPU. Isto permite ao computador priorizar as aplica\u00e7\u00f5es mais importantes, ao inv\u00e9s das tarefas da rede.Conex\u00e3o 10\/100Mbps- Este adaptador disp\u00f5e de uma porta RJ-45 que auto-negocia a conex\u00e3o entre 10BASE-T Ethernet e 100BASE-TX Fast Ethernet, em modo Half ou Full Duplex, sem a necesidade de configura\u00e7\u00e3o por parte do usu\u00e1rioControle de Fluxo para Transmiss\u00e3o Segura 802.3x- Esta fun\u00e7\u00e3o fornecida pela placa DFE-520TX, protege os usu\u00e1rios contra poss\u00edveis perdas de dados. Quando esta placa se conectar a um Switch LAN que suportar controle de fluxo, ela receber\u00e1 sinais do Switch (quando os buffers de dados estiverem pr\u00f3ximos de alcan\u00e7ar sua capacidade m\u00e1xima de armazenamento durante os periodos de tr\u00e1fego m\u00e1ximo) com o qual evita a perda de dados. Esta placa, aguarda a transmiss\u00e3o at\u00e9 que o Switch esteja novamente pronto para a recep\u00e7\u00e3o de dados.- Auto-detec\u00e7\u00e3o de velocidades 10Mbps a 100Mbps- Suporta 802.1x (somente MD5)- Opera no modo bus Master de 32 bits.- Opera\u00e7\u00e3o Full\/Half duplex- Atende aos padr\u00f5es IEEE 802.3 e IEEE802.3u- Controle de Fluxo\u00a0 \u00a0 \u00a0 <\/p>\n","protected":false},"excerpt":{"rendered":"<p>Placa de rede D-Link 10\/100 PCI Adapter DFE-520TX<\/p>\n","protected":false},"featured_media":871,"template":"","meta":[],"product_brand":[],"product_cat":[455,43],"product_tag":[],"class_list":{"0":"post-703","1":"product","2":"type-product","3":"status-publish","4":"has-post-thumbnail","6":"product_cat-d-link","7":"product_cat-informatica","9":"first","10":"onbackorder","11":"shipping-taxable","12":"purchasable","13":"product-type-simple"},"yoast_head":"<!-- This site is optimized with the Yoast SEO plugin v27.2 - https:\/\/yoast.com\/product\/yoast-seo-wordpress\/ -->\n<title>Placa de rede D-Link 10\/100 PCI Adapter DFE-520TX - Loja Opening<\/title>\n<meta name=\"robots\" content=\"index, follow, max-snippet:-1, max-image-preview:large, max-video-preview:-1\" \/>\n<link rel=\"canonical\" href=\"https:\/\/lojaopening.com.br\/shopp\/produto\/placa-de-rede-d%2dlink-1047100-pci-adapter-dfe%2d520tx\/\" \/>\n<meta property=\"og:locale\" content=\"pt_PT\" \/>\n<meta property=\"og:type\" content=\"article\" \/>\n<meta property=\"og:title\" content=\"Placa de rede D-Link 10\/100 PCI Adapter DFE-520TX - Loja Opening\" \/>\n<meta property=\"og:description\" content=\"Placa de rede D-Link 10\/100 PCI Adapter DFE-520TX\" \/>\n<meta property=\"og:url\" content=\"https:\/\/lojaopening.com.br\/shopp\/produto\/placa-de-rede-d%2dlink-10{47}100-pci-adapter-dfe%2d520tx\/\" \/>\n<meta property=\"og:site_name\" content=\"Loja Opening\" \/>\n<meta property=\"article:modified_time\" content=\"2023-05-27T19:49:34+00:00\" \/>\n<meta property=\"og:image\" content=\"https:\/\/lojaopening.com.br\/wp-content\/uploads\/2020\/09\/Placa-de-rede-D252dLink-107B477D100-PCI-Adapter-DFE252d520TX.jpg\" \/>\n\t<meta property=\"og:image:width\" content=\"400\" \/>\n\t<meta property=\"og:image:height\" content=\"205\" \/>\n\t<meta property=\"og:image:type\" content=\"image\/jpeg\" \/>\n<meta name=\"twitter:card\" content=\"summary_large_image\" \/>\n<meta name=\"twitter:label1\" content=\"Tempo estimado de leitura\" \/>\n\t<meta name=\"twitter:data1\" content=\"1 minuto\" \/>\n<script type=\"application\/ld+json\" class=\"yoast-schema-graph\">{\"@context\":\"https:\/\/schema.org\",\"@graph\":[{\"@type\":\"WebPage\",\"@id\":\"https:\/\/lojaopening.com.br\/shopp\/produto\/placa-de-rede-d%252dlink-10%7b47%7d100-pci-adapter-dfe%252d520tx\/\",\"url\":\"https:\/\/lojaopening.com.br\/shopp\/produto\/placa-de-rede-d%252dlink-10%7b47%7d100-pci-adapter-dfe%252d520tx\/\",\"name\":\"Placa de rede D-Link 10\/100 PCI Adapter DFE-520TX - Loja Opening\",\"isPartOf\":{\"@id\":\"https:\/\/lojaopening.com.br\/shopp\/#website\"},\"primaryImageOfPage\":{\"@id\":\"https:\/\/lojaopening.com.br\/shopp\/produto\/placa-de-rede-d%252dlink-10%7b47%7d100-pci-adapter-dfe%252d520tx\/#primaryimage\"},\"image\":{\"@id\":\"https:\/\/lojaopening.com.br\/shopp\/produto\/placa-de-rede-d%252dlink-10%7b47%7d100-pci-adapter-dfe%252d520tx\/#primaryimage\"},\"thumbnailUrl\":\"https:\/\/lojaopening.com.br\/wp-content\/uploads\/2020\/09\/Placa-de-rede-D252dLink-107B477D100-PCI-Adapter-DFE252d520TX.jpg\",\"datePublished\":\"2020-09-04T03:59:04+00:00\",\"dateModified\":\"2023-05-27T19:49:34+00:00\",\"breadcrumb\":{\"@id\":\"https:\/\/lojaopening.com.br\/shopp\/produto\/placa-de-rede-d%252dlink-10%7b47%7d100-pci-adapter-dfe%252d520tx\/#breadcrumb\"},\"inLanguage\":\"pt-PT\",\"potentialAction\":[{\"@type\":\"ReadAction\",\"target\":[\"https:\/\/lojaopening.com.br\/shopp\/produto\/placa-de-rede-d%252dlink-10%7b47%7d100-pci-adapter-dfe%252d520tx\/\"]}]},{\"@type\":\"ImageObject\",\"inLanguage\":\"pt-PT\",\"@id\":\"https:\/\/lojaopening.com.br\/shopp\/produto\/placa-de-rede-d%252dlink-10%7b47%7d100-pci-adapter-dfe%252d520tx\/#primaryimage\",\"url\":\"https:\/\/lojaopening.com.br\/wp-content\/uploads\/2020\/09\/Placa-de-rede-D252dLink-107B477D100-PCI-Adapter-DFE252d520TX.jpg\",\"contentUrl\":\"https:\/\/lojaopening.com.br\/wp-content\/uploads\/2020\/09\/Placa-de-rede-D252dLink-107B477D100-PCI-Adapter-DFE252d520TX.jpg\",\"width\":400,\"height\":205},{\"@type\":\"BreadcrumbList\",\"@id\":\"https:\/\/lojaopening.com.br\/shopp\/produto\/placa-de-rede-d%252dlink-10%7b47%7d100-pci-adapter-dfe%252d520tx\/#breadcrumb\",\"itemListElement\":[{\"@type\":\"ListItem\",\"position\":1,\"name\":\"In\u00edcio\",\"item\":\"https:\/\/lojaopening.com.br\/shopp\/\"},{\"@type\":\"ListItem\",\"position\":2,\"name\":\"Shop\",\"item\":\"https:\/\/lojaopening.com.br\/shopp\/shopp\/\"},{\"@type\":\"ListItem\",\"position\":3,\"name\":\"Placa de rede D-Link 10\/100 PCI Adapter DFE-520TX\"}]},{\"@type\":\"WebSite\",\"@id\":\"https:\/\/lojaopening.com.br\/shopp\/#website\",\"url\":\"https:\/\/lojaopening.com.br\/shopp\/\",\"name\":\"Loja Opening\",\"description\":\"\",\"publisher\":{\"@id\":\"https:\/\/lojaopening.com.br\/shopp\/#organization\"},\"potentialAction\":[{\"@type\":\"SearchAction\",\"target\":{\"@type\":\"EntryPoint\",\"urlTemplate\":\"https:\/\/lojaopening.com.br\/shopp\/?s={search_term_string}\"},\"query-input\":{\"@type\":\"PropertyValueSpecification\",\"valueRequired\":true,\"valueName\":\"search_term_string\"}}],\"inLanguage\":\"pt-PT\"},{\"@type\":\"Organization\",\"@id\":\"https:\/\/lojaopening.com.br\/shopp\/#organization\",\"name\":\"Opening World Coml Import Export Ltda\",\"url\":\"https:\/\/lojaopening.com.br\/shopp\/\",\"logo\":{\"@type\":\"ImageObject\",\"inLanguage\":\"pt-PT\",\"@id\":\"https:\/\/lojaopening.com.br\/shopp\/#\/schema\/logo\/image\/\",\"url\":\"https:\/\/lojaopening.com.br\/wp-content\/uploads\/2020\/09\/logo_header.png\",\"contentUrl\":\"https:\/\/lojaopening.com.br\/wp-content\/uploads\/2020\/09\/logo_header.png\",\"width\":1279,\"height\":328,\"caption\":\"Opening World Coml Import Export Ltda\"},\"image\":{\"@id\":\"https:\/\/lojaopening.com.br\/shopp\/#\/schema\/logo\/image\/\"}}]}<\/script>\n<!-- \/ Yoast SEO plugin. -->","yoast_head_json":{"title":"Placa de rede D-Link 10\/100 PCI Adapter DFE-520TX - Loja Opening","robots":{"index":"index","follow":"follow","max-snippet":"max-snippet:-1","max-image-preview":"max-image-preview:large","max-video-preview":"max-video-preview:-1"},"canonical":"https:\/\/lojaopening.com.br\/shopp\/produto\/placa-de-rede-d%2dlink-10{47}100-pci-adapter-dfe%2d520tx\/","og_locale":"pt_PT","og_type":"article","og_title":"Placa de rede D-Link 10\/100 PCI Adapter DFE-520TX - Loja Opening","og_description":"Placa de rede D-Link 10\/100 PCI Adapter DFE-520TX","og_url":"https:\/\/lojaopening.com.br\/shopp\/produto\/placa-de-rede-d%2dlink-10{47}100-pci-adapter-dfe%2d520tx\/","og_site_name":"Loja Opening","article_modified_time":"2023-05-27T19:49:34+00:00","og_image":[{"width":400,"height":205,"url":"https:\/\/lojaopening.com.br\/wp-content\/uploads\/2020\/09\/Placa-de-rede-D252dLink-107B477D100-PCI-Adapter-DFE252d520TX.jpg","type":"image\/jpeg"}],"twitter_card":"summary_large_image","twitter_misc":{"Tempo estimado de leitura":"1 minuto"},"schema":{"@context":"https:\/\/schema.org","@graph":[{"@type":"WebPage","@id":"https:\/\/lojaopening.com.br\/shopp\/produto\/placa-de-rede-d%252dlink-10%7b47%7d100-pci-adapter-dfe%252d520tx\/","url":"https:\/\/lojaopening.com.br\/shopp\/produto\/placa-de-rede-d%252dlink-10%7b47%7d100-pci-adapter-dfe%252d520tx\/","name":"Placa de rede D-Link 10\/100 PCI Adapter DFE-520TX - Loja Opening","isPartOf":{"@id":"https:\/\/lojaopening.com.br\/shopp\/#website"},"primaryImageOfPage":{"@id":"https:\/\/lojaopening.com.br\/shopp\/produto\/placa-de-rede-d%252dlink-10%7b47%7d100-pci-adapter-dfe%252d520tx\/#primaryimage"},"image":{"@id":"https:\/\/lojaopening.com.br\/shopp\/produto\/placa-de-rede-d%252dlink-10%7b47%7d100-pci-adapter-dfe%252d520tx\/#primaryimage"},"thumbnailUrl":"https:\/\/lojaopening.com.br\/wp-content\/uploads\/2020\/09\/Placa-de-rede-D252dLink-107B477D100-PCI-Adapter-DFE252d520TX.jpg","datePublished":"2020-09-04T03:59:04+00:00","dateModified":"2023-05-27T19:49:34+00:00","breadcrumb":{"@id":"https:\/\/lojaopening.com.br\/shopp\/produto\/placa-de-rede-d%252dlink-10%7b47%7d100-pci-adapter-dfe%252d520tx\/#breadcrumb"},"inLanguage":"pt-PT","potentialAction":[{"@type":"ReadAction","target":["https:\/\/lojaopening.com.br\/shopp\/produto\/placa-de-rede-d%252dlink-10%7b47%7d100-pci-adapter-dfe%252d520tx\/"]}]},{"@type":"ImageObject","inLanguage":"pt-PT","@id":"https:\/\/lojaopening.com.br\/shopp\/produto\/placa-de-rede-d%252dlink-10%7b47%7d100-pci-adapter-dfe%252d520tx\/#primaryimage","url":"https:\/\/lojaopening.com.br\/wp-content\/uploads\/2020\/09\/Placa-de-rede-D252dLink-107B477D100-PCI-Adapter-DFE252d520TX.jpg","contentUrl":"https:\/\/lojaopening.com.br\/wp-content\/uploads\/2020\/09\/Placa-de-rede-D252dLink-107B477D100-PCI-Adapter-DFE252d520TX.jpg","width":400,"height":205},{"@type":"BreadcrumbList","@id":"https:\/\/lojaopening.com.br\/shopp\/produto\/placa-de-rede-d%252dlink-10%7b47%7d100-pci-adapter-dfe%252d520tx\/#breadcrumb","itemListElement":[{"@type":"ListItem","position":1,"name":"In\u00edcio","item":"https:\/\/lojaopening.com.br\/shopp\/"},{"@type":"ListItem","position":2,"name":"Shop","item":"https:\/\/lojaopening.com.br\/shopp\/shopp\/"},{"@type":"ListItem","position":3,"name":"Placa de rede D-Link 10\/100 PCI Adapter DFE-520TX"}]},{"@type":"WebSite","@id":"https:\/\/lojaopening.com.br\/shopp\/#website","url":"https:\/\/lojaopening.com.br\/shopp\/","name":"Loja Opening","description":"","publisher":{"@id":"https:\/\/lojaopening.com.br\/shopp\/#organization"},"potentialAction":[{"@type":"SearchAction","target":{"@type":"EntryPoint","urlTemplate":"https:\/\/lojaopening.com.br\/shopp\/?s={search_term_string}"},"query-input":{"@type":"PropertyValueSpecification","valueRequired":true,"valueName":"search_term_string"}}],"inLanguage":"pt-PT"},{"@type":"Organization","@id":"https:\/\/lojaopening.com.br\/shopp\/#organization","name":"Opening World Coml Import Export Ltda","url":"https:\/\/lojaopening.com.br\/shopp\/","logo":{"@type":"ImageObject","inLanguage":"pt-PT","@id":"https:\/\/lojaopening.com.br\/shopp\/#\/schema\/logo\/image\/","url":"https:\/\/lojaopening.com.br\/wp-content\/uploads\/2020\/09\/logo_header.png","contentUrl":"https:\/\/lojaopening.com.br\/wp-content\/uploads\/2020\/09\/logo_header.png","width":1279,"height":328,"caption":"Opening World Coml Import Export Ltda"},"image":{"@id":"https:\/\/lojaopening.com.br\/shopp\/#\/schema\/logo\/image\/"}}]}},"_links":{"self":[{"href":"https:\/\/lojaopening.com.br\/shopp\/wp-json\/wp\/v2\/product\/703","targetHints":{"allow":["GET"]}}],"collection":[{"href":"https:\/\/lojaopening.com.br\/shopp\/wp-json\/wp\/v2\/product"}],"about":[{"href":"https:\/\/lojaopening.com.br\/shopp\/wp-json\/wp\/v2\/types\/product"}],"wp:featuredmedia":[{"embeddable":true,"href":"https:\/\/lojaopening.com.br\/shopp\/wp-json\/wp\/v2\/media\/871"}],"wp:attachment":[{"href":"https:\/\/lojaopening.com.br\/shopp\/wp-json\/wp\/v2\/media?parent=703"}],"wp:term":[{"taxonomy":"product_brand","embeddable":true,"href":"https:\/\/lojaopening.com.br\/shopp\/wp-json\/wp\/v2\/product_brand?post=703"},{"taxonomy":"product_cat","embeddable":true,"href":"https:\/\/lojaopening.com.br\/shopp\/wp-json\/wp\/v2\/product_cat?post=703"},{"taxonomy":"product_tag","embeddable":true,"href":"https:\/\/lojaopening.com.br\/shopp\/wp-json\/wp\/v2\/product_tag?post=703"}],"curies":[{"name":"wp","href":"https:\/\/api.w.org\/{rel}","templated":true}]}}