{"id":704,"date":"2020-09-04T03:59:14","date_gmt":"2020-09-04T03:59:14","guid":{"rendered":"https:\/\/adsvance.me\/lojaopw\/produto\/modem-adsl2-ethernet-dsl-500b-d-link\/"},"modified":"2023-05-27T19:49:34","modified_gmt":"2023-05-27T19:49:34","slug":"modem-adsl2-ethernet-dsl-500b-d-link","status":"publish","type":"product","link":"https:\/\/lojaopening.com.br\/shopp\/produto\/modem-adsl2-ethernet-dsl-500b-d-link\/","title":{"rendered":"Modem ADSL2+ Ethernet DSL-500B D-Link"},"content":{"rendered":"<p>Roteador Ethernet ADSL externo da D-Link, DSL-500B, foi produzido para acessar a Internet ou a uma conex\u00e3o remota por meio de uma via de comunica\u00e7\u00e3o mais r\u00e1pida, a partir de uma resid\u00eancia, escrit\u00f3rio ou empresa. Tamb\u00e9m foi produzido para conectar-se a um PC ou a uma rede LAN atrav\u00e9s de uma linha ADSL conectados por interm\u00e9dio da porta Ethernet existente. Oferece aos usu\u00e1rios uma conectividade superior aos tradicionais modems anal\u00f3gicos ou ISDN e suas caracter\u00edsticas permitem proporcionar um acesso at\u00e9 8 Megabits por segundo para aplica\u00e7\u00f5es como v\u00eddeo interativo, alta velocidade em comunica\u00e7\u00e3o de dados e acesso a Internet. \u00a0 Ficha t\u00e9cnica Interfaces WAN:  Suporte a G.dmt full rate: velocidades de at\u00e9 8Mbps\/640Kbps para Downstream\/Upstream  Interfaces de Rede Local:  Suporte a G.lite: velocidades de at\u00e9 1.5Mbps\/512Kbps para Downstream\/Upstream  Porta de Expans\u00e3o:  1xRJ-11 para conex\u00e3o telef\u00f4nica; 1xRJ-45 10\/100Base-T para conex\u00f5es Ethernet <\/p>\n","protected":false},"excerpt":{"rendered":"<p>Modem ADSL2+ Ethernet DSL-500B D-Link<\/p>\n","protected":false},"featured_media":0,"template":"","meta":[],"product_brand":[],"product_cat":[455,43],"product_tag":[],"class_list":{"0":"post-704","1":"product","2":"type-product","3":"status-publish","5":"product_cat-d-link","6":"product_cat-informatica","8":"first","9":"onbackorder","10":"shipping-taxable","11":"purchasable","12":"product-type-simple"},"yoast_head":"<!-- This site is optimized with the Yoast SEO plugin v27.2 - https:\/\/yoast.com\/product\/yoast-seo-wordpress\/ -->\n<title>Modem ADSL2+ Ethernet DSL-500B D-Link - Loja Opening<\/title>\n<meta name=\"robots\" content=\"index, follow, max-snippet:-1, max-image-preview:large, max-video-preview:-1\" \/>\n<link rel=\"canonical\" href=\"https:\/\/lojaopening.com.br\/shopp\/produto\/modem-adsl2-ethernet-dsl-500b-d-link\/\" \/>\n<meta property=\"og:locale\" content=\"pt_PT\" \/>\n<meta property=\"og:type\" content=\"article\" \/>\n<meta property=\"og:title\" content=\"Modem ADSL2+ Ethernet DSL-500B D-Link - Loja Opening\" \/>\n<meta property=\"og:description\" content=\"Modem ADSL2+ Ethernet DSL-500B D-Link\" \/>\n<meta property=\"og:url\" content=\"https:\/\/lojaopening.com.br\/shopp\/produto\/modem-adsl2-ethernet-dsl-500b-d-link\/\" \/>\n<meta property=\"og:site_name\" content=\"Loja Opening\" \/>\n<meta property=\"article:modified_time\" content=\"2023-05-27T19:49:34+00:00\" \/>\n<meta name=\"twitter:card\" content=\"summary_large_image\" \/>\n<meta name=\"twitter:label1\" content=\"Tempo estimado de leitura\" \/>\n\t<meta name=\"twitter:data1\" content=\"1 minuto\" \/>\n<script type=\"application\/ld+json\" class=\"yoast-schema-graph\">{\"@context\":\"https:\/\/schema.org\",\"@graph\":[{\"@type\":\"WebPage\",\"@id\":\"https:\/\/lojaopening.com.br\/shopp\/produto\/modem-adsl2-ethernet-dsl-500b-d-link\/\",\"url\":\"https:\/\/lojaopening.com.br\/shopp\/produto\/modem-adsl2-ethernet-dsl-500b-d-link\/\",\"name\":\"Modem ADSL2+ Ethernet DSL-500B D-Link - Loja Opening\",\"isPartOf\":{\"@id\":\"https:\/\/lojaopening.com.br\/shopp\/#website\"},\"datePublished\":\"2020-09-04T03:59:14+00:00\",\"dateModified\":\"2023-05-27T19:49:34+00:00\",\"breadcrumb\":{\"@id\":\"https:\/\/lojaopening.com.br\/shopp\/produto\/modem-adsl2-ethernet-dsl-500b-d-link\/#breadcrumb\"},\"inLanguage\":\"pt-PT\",\"potentialAction\":[{\"@type\":\"ReadAction\",\"target\":[\"https:\/\/lojaopening.com.br\/shopp\/produto\/modem-adsl2-ethernet-dsl-500b-d-link\/\"]}]},{\"@type\":\"BreadcrumbList\",\"@id\":\"https:\/\/lojaopening.com.br\/shopp\/produto\/modem-adsl2-ethernet-dsl-500b-d-link\/#breadcrumb\",\"itemListElement\":[{\"@type\":\"ListItem\",\"position\":1,\"name\":\"In\u00edcio\",\"item\":\"https:\/\/lojaopening.com.br\/shopp\/\"},{\"@type\":\"ListItem\",\"position\":2,\"name\":\"Shop\",\"item\":\"https:\/\/lojaopening.com.br\/shopp\/shopp\/\"},{\"@type\":\"ListItem\",\"position\":3,\"name\":\"Modem ADSL2+ Ethernet DSL-500B D-Link\"}]},{\"@type\":\"WebSite\",\"@id\":\"https:\/\/lojaopening.com.br\/shopp\/#website\",\"url\":\"https:\/\/lojaopening.com.br\/shopp\/\",\"name\":\"Loja Opening\",\"description\":\"\",\"publisher\":{\"@id\":\"https:\/\/lojaopening.com.br\/shopp\/#organization\"},\"potentialAction\":[{\"@type\":\"SearchAction\",\"target\":{\"@type\":\"EntryPoint\",\"urlTemplate\":\"https:\/\/lojaopening.com.br\/shopp\/?s={search_term_string}\"},\"query-input\":{\"@type\":\"PropertyValueSpecification\",\"valueRequired\":true,\"valueName\":\"search_term_string\"}}],\"inLanguage\":\"pt-PT\"},{\"@type\":\"Organization\",\"@id\":\"https:\/\/lojaopening.com.br\/shopp\/#organization\",\"name\":\"Opening World Coml Import Export Ltda\",\"url\":\"https:\/\/lojaopening.com.br\/shopp\/\",\"logo\":{\"@type\":\"ImageObject\",\"inLanguage\":\"pt-PT\",\"@id\":\"https:\/\/lojaopening.com.br\/shopp\/#\/schema\/logo\/image\/\",\"url\":\"https:\/\/lojaopening.com.br\/wp-content\/uploads\/2020\/09\/logo_header.png\",\"contentUrl\":\"https:\/\/lojaopening.com.br\/wp-content\/uploads\/2020\/09\/logo_header.png\",\"width\":1279,\"height\":328,\"caption\":\"Opening World Coml Import Export Ltda\"},\"image\":{\"@id\":\"https:\/\/lojaopening.com.br\/shopp\/#\/schema\/logo\/image\/\"}}]}<\/script>\n<!-- \/ Yoast SEO plugin. -->","yoast_head_json":{"title":"Modem ADSL2+ Ethernet DSL-500B D-Link - Loja Opening","robots":{"index":"index","follow":"follow","max-snippet":"max-snippet:-1","max-image-preview":"max-image-preview:large","max-video-preview":"max-video-preview:-1"},"canonical":"https:\/\/lojaopening.com.br\/shopp\/produto\/modem-adsl2-ethernet-dsl-500b-d-link\/","og_locale":"pt_PT","og_type":"article","og_title":"Modem ADSL2+ Ethernet DSL-500B D-Link - Loja Opening","og_description":"Modem ADSL2+ Ethernet DSL-500B D-Link","og_url":"https:\/\/lojaopening.com.br\/shopp\/produto\/modem-adsl2-ethernet-dsl-500b-d-link\/","og_site_name":"Loja Opening","article_modified_time":"2023-05-27T19:49:34+00:00","twitter_card":"summary_large_image","twitter_misc":{"Tempo estimado de leitura":"1 minuto"},"schema":{"@context":"https:\/\/schema.org","@graph":[{"@type":"WebPage","@id":"https:\/\/lojaopening.com.br\/shopp\/produto\/modem-adsl2-ethernet-dsl-500b-d-link\/","url":"https:\/\/lojaopening.com.br\/shopp\/produto\/modem-adsl2-ethernet-dsl-500b-d-link\/","name":"Modem ADSL2+ Ethernet DSL-500B D-Link - Loja Opening","isPartOf":{"@id":"https:\/\/lojaopening.com.br\/shopp\/#website"},"datePublished":"2020-09-04T03:59:14+00:00","dateModified":"2023-05-27T19:49:34+00:00","breadcrumb":{"@id":"https:\/\/lojaopening.com.br\/shopp\/produto\/modem-adsl2-ethernet-dsl-500b-d-link\/#breadcrumb"},"inLanguage":"pt-PT","potentialAction":[{"@type":"ReadAction","target":["https:\/\/lojaopening.com.br\/shopp\/produto\/modem-adsl2-ethernet-dsl-500b-d-link\/"]}]},{"@type":"BreadcrumbList","@id":"https:\/\/lojaopening.com.br\/shopp\/produto\/modem-adsl2-ethernet-dsl-500b-d-link\/#breadcrumb","itemListElement":[{"@type":"ListItem","position":1,"name":"In\u00edcio","item":"https:\/\/lojaopening.com.br\/shopp\/"},{"@type":"ListItem","position":2,"name":"Shop","item":"https:\/\/lojaopening.com.br\/shopp\/shopp\/"},{"@type":"ListItem","position":3,"name":"Modem ADSL2+ Ethernet DSL-500B D-Link"}]},{"@type":"WebSite","@id":"https:\/\/lojaopening.com.br\/shopp\/#website","url":"https:\/\/lojaopening.com.br\/shopp\/","name":"Loja Opening","description":"","publisher":{"@id":"https:\/\/lojaopening.com.br\/shopp\/#organization"},"potentialAction":[{"@type":"SearchAction","target":{"@type":"EntryPoint","urlTemplate":"https:\/\/lojaopening.com.br\/shopp\/?s={search_term_string}"},"query-input":{"@type":"PropertyValueSpecification","valueRequired":true,"valueName":"search_term_string"}}],"inLanguage":"pt-PT"},{"@type":"Organization","@id":"https:\/\/lojaopening.com.br\/shopp\/#organization","name":"Opening World Coml Import Export Ltda","url":"https:\/\/lojaopening.com.br\/shopp\/","logo":{"@type":"ImageObject","inLanguage":"pt-PT","@id":"https:\/\/lojaopening.com.br\/shopp\/#\/schema\/logo\/image\/","url":"https:\/\/lojaopening.com.br\/wp-content\/uploads\/2020\/09\/logo_header.png","contentUrl":"https:\/\/lojaopening.com.br\/wp-content\/uploads\/2020\/09\/logo_header.png","width":1279,"height":328,"caption":"Opening World Coml Import Export Ltda"},"image":{"@id":"https:\/\/lojaopening.com.br\/shopp\/#\/schema\/logo\/image\/"}}]}},"_links":{"self":[{"href":"https:\/\/lojaopening.com.br\/shopp\/wp-json\/wp\/v2\/product\/704","targetHints":{"allow":["GET"]}}],"collection":[{"href":"https:\/\/lojaopening.com.br\/shopp\/wp-json\/wp\/v2\/product"}],"about":[{"href":"https:\/\/lojaopening.com.br\/shopp\/wp-json\/wp\/v2\/types\/product"}],"wp:attachment":[{"href":"https:\/\/lojaopening.com.br\/shopp\/wp-json\/wp\/v2\/media?parent=704"}],"wp:term":[{"taxonomy":"product_brand","embeddable":true,"href":"https:\/\/lojaopening.com.br\/shopp\/wp-json\/wp\/v2\/product_brand?post=704"},{"taxonomy":"product_cat","embeddable":true,"href":"https:\/\/lojaopening.com.br\/shopp\/wp-json\/wp\/v2\/product_cat?post=704"},{"taxonomy":"product_tag","embeddable":true,"href":"https:\/\/lojaopening.com.br\/shopp\/wp-json\/wp\/v2\/product_tag?post=704"}],"curies":[{"name":"wp","href":"https:\/\/api.w.org\/{rel}","templated":true}]}}