{"id":706,"date":"2020-09-04T03:59:35","date_gmt":"2020-09-04T03:59:35","guid":{"rendered":"https:\/\/adsvance.me\/lojaopw\/produto\/cabo-polaris-plantronics-reposicao-27190-01\/"},"modified":"2023-05-27T19:49:33","modified_gmt":"2023-05-27T19:49:33","slug":"cabo-polaris-plantronics-reposi%e7%e3o-27190%252d01","status":"publish","type":"product","link":"https:\/\/lojaopening.com.br\/shopp\/produto\/cabo-polaris-plantronics-reposi%e7%e3o-27190%252d01\/","title":{"rendered":"Cabo Polaris Plantronics Reposi\u00e7\u00e3o 27190-01"},"content":{"rendered":"<p>R\u00e1pida desconex\u00e3o para modular plug macho. Os fones de ouvido Polaris Plantronics\u00a0s\u00e3o usados \u200b\u200bem telefones equipados com amplificadores embutidos. Cabo Polaris 27190-01 de reposi\u00e7\u00e3o.<\/p>\n","protected":false},"excerpt":{"rendered":"<p>Cabo Polaris Plantronics Reposi\u00e7\u00e3o 27190-01<\/p>\n","protected":false},"featured_media":889,"template":"","meta":[],"product_brand":[],"product_cat":[50,91],"product_tag":[],"class_list":{"0":"post-706","1":"product","2":"type-product","3":"status-publish","4":"has-post-thumbnail","6":"product_cat-perifericos","7":"product_cat-plantronics","9":"first","10":"onbackorder","11":"shipping-taxable","12":"purchasable","13":"product-type-simple"},"yoast_head":"<!-- This site is optimized with the Yoast SEO plugin v27.2 - https:\/\/yoast.com\/product\/yoast-seo-wordpress\/ -->\n<title>Cabo Polaris Plantronics Reposi\u00e7\u00e3o 27190-01 - Loja Opening<\/title>\n<meta name=\"robots\" content=\"index, follow, max-snippet:-1, max-image-preview:large, max-video-preview:-1\" \/>\n<link rel=\"canonical\" href=\"https:\/\/lojaopening.com.br\/shopp\/produto\/cabo-polaris-plantronics-reposi??o-27190%2d01\/\" \/>\n<meta property=\"og:locale\" content=\"pt_PT\" \/>\n<meta property=\"og:type\" content=\"article\" \/>\n<meta property=\"og:title\" content=\"Cabo Polaris Plantronics Reposi\u00e7\u00e3o 27190-01 - Loja Opening\" \/>\n<meta property=\"og:description\" content=\"Cabo Polaris Plantronics Reposi\u00e7\u00e3o 27190-01\" \/>\n<meta property=\"og:url\" content=\"\" \/>\n<meta property=\"og:site_name\" content=\"Loja Opening\" \/>\n<meta property=\"article:modified_time\" content=\"2023-05-27T19:49:33+00:00\" \/>\n<meta property=\"og:image\" content=\"https:\/\/lojaopening.com.br\/wp-content\/uploads\/2020\/09\/Cabo-Polaris-Plantronics-ReposiE7E3o-27190252d01.jpg\" \/>\n\t<meta property=\"og:image:width\" content=\"500\" \/>\n\t<meta property=\"og:image:height\" content=\"500\" \/>\n\t<meta property=\"og:image:type\" content=\"image\/jpeg\" \/>\n<meta name=\"twitter:card\" content=\"summary_large_image\" \/>\n<script type=\"application\/ld+json\" class=\"yoast-schema-graph\">{\"@context\":\"https:\/\/schema.org\",\"@graph\":[{\"@type\":\"WebPage\",\"@id\":\"https:\/\/lojaopening.com.br\/shopp\/produto\/cabo-polaris-plantronics-reposi%e7%e3o-27190%252d01\/\",\"url\":\"https:\/\/lojaopening.com.br\/shopp\/produto\/cabo-polaris-plantronics-reposi%e7%e3o-27190%252d01\/\",\"name\":\"Cabo Polaris Plantronics Reposi\u00e7\u00e3o 27190-01 - Loja Opening\",\"isPartOf\":{\"@id\":\"https:\/\/lojaopening.com.br\/shopp\/#website\"},\"primaryImageOfPage\":{\"@id\":\"https:\/\/lojaopening.com.br\/shopp\/produto\/cabo-polaris-plantronics-reposi%e7%e3o-27190%252d01\/#primaryimage\"},\"image\":{\"@id\":\"https:\/\/lojaopening.com.br\/shopp\/produto\/cabo-polaris-plantronics-reposi%e7%e3o-27190%252d01\/#primaryimage\"},\"thumbnailUrl\":\"https:\/\/lojaopening.com.br\/wp-content\/uploads\/2020\/09\/Cabo-Polaris-Plantronics-ReposiE7E3o-27190252d01.jpg\",\"datePublished\":\"2020-09-04T03:59:35+00:00\",\"dateModified\":\"2023-05-27T19:49:33+00:00\",\"breadcrumb\":{\"@id\":\"https:\/\/lojaopening.com.br\/shopp\/produto\/cabo-polaris-plantronics-reposi%e7%e3o-27190%252d01\/#breadcrumb\"},\"inLanguage\":\"pt-PT\",\"potentialAction\":[{\"@type\":\"ReadAction\",\"target\":[\"https:\/\/lojaopening.com.br\/shopp\/produto\/cabo-polaris-plantronics-reposi%e7%e3o-27190%252d01\/\"]}]},{\"@type\":\"ImageObject\",\"inLanguage\":\"pt-PT\",\"@id\":\"https:\/\/lojaopening.com.br\/shopp\/produto\/cabo-polaris-plantronics-reposi%e7%e3o-27190%252d01\/#primaryimage\",\"url\":\"https:\/\/lojaopening.com.br\/wp-content\/uploads\/2020\/09\/Cabo-Polaris-Plantronics-ReposiE7E3o-27190252d01.jpg\",\"contentUrl\":\"https:\/\/lojaopening.com.br\/wp-content\/uploads\/2020\/09\/Cabo-Polaris-Plantronics-ReposiE7E3o-27190252d01.jpg\",\"width\":500,\"height\":500},{\"@type\":\"BreadcrumbList\",\"@id\":\"https:\/\/lojaopening.com.br\/shopp\/produto\/cabo-polaris-plantronics-reposi%e7%e3o-27190%252d01\/#breadcrumb\",\"itemListElement\":[{\"@type\":\"ListItem\",\"position\":1,\"name\":\"In\u00edcio\",\"item\":\"https:\/\/lojaopening.com.br\/shopp\/\"},{\"@type\":\"ListItem\",\"position\":2,\"name\":\"Shop\",\"item\":\"https:\/\/lojaopening.com.br\/shopp\/shopp\/\"},{\"@type\":\"ListItem\",\"position\":3,\"name\":\"Cabo Polaris Plantronics Reposi\u00e7\u00e3o 27190-01\"}]},{\"@type\":\"WebSite\",\"@id\":\"https:\/\/lojaopening.com.br\/shopp\/#website\",\"url\":\"https:\/\/lojaopening.com.br\/shopp\/\",\"name\":\"Loja Opening\",\"description\":\"\",\"publisher\":{\"@id\":\"https:\/\/lojaopening.com.br\/shopp\/#organization\"},\"potentialAction\":[{\"@type\":\"SearchAction\",\"target\":{\"@type\":\"EntryPoint\",\"urlTemplate\":\"https:\/\/lojaopening.com.br\/shopp\/?s={search_term_string}\"},\"query-input\":{\"@type\":\"PropertyValueSpecification\",\"valueRequired\":true,\"valueName\":\"search_term_string\"}}],\"inLanguage\":\"pt-PT\"},{\"@type\":\"Organization\",\"@id\":\"https:\/\/lojaopening.com.br\/shopp\/#organization\",\"name\":\"Opening World Coml Import Export Ltda\",\"url\":\"https:\/\/lojaopening.com.br\/shopp\/\",\"logo\":{\"@type\":\"ImageObject\",\"inLanguage\":\"pt-PT\",\"@id\":\"https:\/\/lojaopening.com.br\/shopp\/#\/schema\/logo\/image\/\",\"url\":\"https:\/\/lojaopening.com.br\/wp-content\/uploads\/2020\/09\/logo_header.png\",\"contentUrl\":\"https:\/\/lojaopening.com.br\/wp-content\/uploads\/2020\/09\/logo_header.png\",\"width\":1279,\"height\":328,\"caption\":\"Opening World Coml Import Export Ltda\"},\"image\":{\"@id\":\"https:\/\/lojaopening.com.br\/shopp\/#\/schema\/logo\/image\/\"}}]}<\/script>\n<!-- \/ Yoast SEO plugin. -->","yoast_head_json":{"title":"Cabo Polaris Plantronics Reposi\u00e7\u00e3o 27190-01 - Loja Opening","robots":{"index":"index","follow":"follow","max-snippet":"max-snippet:-1","max-image-preview":"max-image-preview:large","max-video-preview":"max-video-preview:-1"},"canonical":"https:\/\/lojaopening.com.br\/shopp\/produto\/cabo-polaris-plantronics-reposi??o-27190%2d01\/","og_locale":"pt_PT","og_type":"article","og_title":"Cabo Polaris Plantronics Reposi\u00e7\u00e3o 27190-01 - Loja Opening","og_description":"Cabo Polaris Plantronics Reposi\u00e7\u00e3o 27190-01","og_url":"https:\/\/lojaopening.com.br\/shopp\/produto\/cabo-polaris-plantronics-reposi??o-27190%2d01\/","og_site_name":"Loja Opening","article_modified_time":"2023-05-27T19:49:33+00:00","og_image":[{"width":500,"height":500,"url":"https:\/\/lojaopening.com.br\/wp-content\/uploads\/2020\/09\/Cabo-Polaris-Plantronics-ReposiE7E3o-27190252d01.jpg","type":"image\/jpeg"}],"twitter_card":"summary_large_image","schema":{"@context":"https:\/\/schema.org","@graph":[{"@type":"WebPage","@id":"https:\/\/lojaopening.com.br\/shopp\/produto\/cabo-polaris-plantronics-reposi%e7%e3o-27190%252d01\/","url":"https:\/\/lojaopening.com.br\/shopp\/produto\/cabo-polaris-plantronics-reposi%e7%e3o-27190%252d01\/","name":"Cabo Polaris Plantronics Reposi\u00e7\u00e3o 27190-01 - Loja Opening","isPartOf":{"@id":"https:\/\/lojaopening.com.br\/shopp\/#website"},"primaryImageOfPage":{"@id":"https:\/\/lojaopening.com.br\/shopp\/produto\/cabo-polaris-plantronics-reposi%e7%e3o-27190%252d01\/#primaryimage"},"image":{"@id":"https:\/\/lojaopening.com.br\/shopp\/produto\/cabo-polaris-plantronics-reposi%e7%e3o-27190%252d01\/#primaryimage"},"thumbnailUrl":"https:\/\/lojaopening.com.br\/wp-content\/uploads\/2020\/09\/Cabo-Polaris-Plantronics-ReposiE7E3o-27190252d01.jpg","datePublished":"2020-09-04T03:59:35+00:00","dateModified":"2023-05-27T19:49:33+00:00","breadcrumb":{"@id":"https:\/\/lojaopening.com.br\/shopp\/produto\/cabo-polaris-plantronics-reposi%e7%e3o-27190%252d01\/#breadcrumb"},"inLanguage":"pt-PT","potentialAction":[{"@type":"ReadAction","target":["https:\/\/lojaopening.com.br\/shopp\/produto\/cabo-polaris-plantronics-reposi%e7%e3o-27190%252d01\/"]}]},{"@type":"ImageObject","inLanguage":"pt-PT","@id":"https:\/\/lojaopening.com.br\/shopp\/produto\/cabo-polaris-plantronics-reposi%e7%e3o-27190%252d01\/#primaryimage","url":"https:\/\/lojaopening.com.br\/wp-content\/uploads\/2020\/09\/Cabo-Polaris-Plantronics-ReposiE7E3o-27190252d01.jpg","contentUrl":"https:\/\/lojaopening.com.br\/wp-content\/uploads\/2020\/09\/Cabo-Polaris-Plantronics-ReposiE7E3o-27190252d01.jpg","width":500,"height":500},{"@type":"BreadcrumbList","@id":"https:\/\/lojaopening.com.br\/shopp\/produto\/cabo-polaris-plantronics-reposi%e7%e3o-27190%252d01\/#breadcrumb","itemListElement":[{"@type":"ListItem","position":1,"name":"In\u00edcio","item":"https:\/\/lojaopening.com.br\/shopp\/"},{"@type":"ListItem","position":2,"name":"Shop","item":"https:\/\/lojaopening.com.br\/shopp\/shopp\/"},{"@type":"ListItem","position":3,"name":"Cabo Polaris Plantronics Reposi\u00e7\u00e3o 27190-01"}]},{"@type":"WebSite","@id":"https:\/\/lojaopening.com.br\/shopp\/#website","url":"https:\/\/lojaopening.com.br\/shopp\/","name":"Loja Opening","description":"","publisher":{"@id":"https:\/\/lojaopening.com.br\/shopp\/#organization"},"potentialAction":[{"@type":"SearchAction","target":{"@type":"EntryPoint","urlTemplate":"https:\/\/lojaopening.com.br\/shopp\/?s={search_term_string}"},"query-input":{"@type":"PropertyValueSpecification","valueRequired":true,"valueName":"search_term_string"}}],"inLanguage":"pt-PT"},{"@type":"Organization","@id":"https:\/\/lojaopening.com.br\/shopp\/#organization","name":"Opening World Coml Import Export Ltda","url":"https:\/\/lojaopening.com.br\/shopp\/","logo":{"@type":"ImageObject","inLanguage":"pt-PT","@id":"https:\/\/lojaopening.com.br\/shopp\/#\/schema\/logo\/image\/","url":"https:\/\/lojaopening.com.br\/wp-content\/uploads\/2020\/09\/logo_header.png","contentUrl":"https:\/\/lojaopening.com.br\/wp-content\/uploads\/2020\/09\/logo_header.png","width":1279,"height":328,"caption":"Opening World Coml Import Export Ltda"},"image":{"@id":"https:\/\/lojaopening.com.br\/shopp\/#\/schema\/logo\/image\/"}}]}},"_links":{"self":[{"href":"https:\/\/lojaopening.com.br\/shopp\/wp-json\/wp\/v2\/product\/706","targetHints":{"allow":["GET"]}}],"collection":[{"href":"https:\/\/lojaopening.com.br\/shopp\/wp-json\/wp\/v2\/product"}],"about":[{"href":"https:\/\/lojaopening.com.br\/shopp\/wp-json\/wp\/v2\/types\/product"}],"wp:featuredmedia":[{"embeddable":true,"href":"https:\/\/lojaopening.com.br\/shopp\/wp-json\/wp\/v2\/media\/889"}],"wp:attachment":[{"href":"https:\/\/lojaopening.com.br\/shopp\/wp-json\/wp\/v2\/media?parent=706"}],"wp:term":[{"taxonomy":"product_brand","embeddable":true,"href":"https:\/\/lojaopening.com.br\/shopp\/wp-json\/wp\/v2\/product_brand?post=706"},{"taxonomy":"product_cat","embeddable":true,"href":"https:\/\/lojaopening.com.br\/shopp\/wp-json\/wp\/v2\/product_cat?post=706"},{"taxonomy":"product_tag","embeddable":true,"href":"https:\/\/lojaopening.com.br\/shopp\/wp-json\/wp\/v2\/product_tag?post=706"}],"curies":[{"name":"wp","href":"https:\/\/api.w.org\/{rel}","templated":true}]}}