{"id":707,"date":"2020-09-04T03:59:44","date_gmt":"2020-09-04T03:59:44","guid":{"rendered":"https:\/\/adsvance.me\/lojaopw\/produto\/secador-de-cabelo-de-parede-panther-kmy-67220\/"},"modified":"2023-05-27T19:49:32","modified_gmt":"2023-05-27T19:49:32","slug":"secador-de-cabelo-de-parede-panther-kmy-67220","status":"publish","type":"product","link":"https:\/\/lojaopening.com.br\/shopp\/produto\/secador-de-cabelo-de-parede-panther-kmy-67220\/","title":{"rendered":"Secador de cabelo de parede Panther KMY-67220"},"content":{"rendered":"<p>Secador de cabelo de parede com 1.200W de pot\u00eancia, sistema de seguran\u00e7a contra superaquecimento, motor silencioso e de longa dura\u00e7\u00e3o. &#8211; Voltagem:\u00a0127V ou 220V- Velocidades: duas (m\u00edn.\/max.)- Cor: branco- Dimens\u00f5es: L 9 cm x A 14,7 cm Acompanha buchas e parafusos. \u00a0 NCM: 8516.31.00  ICMS incluso: 18%  CST: 000  Pre\u00e7os v\u00e1lidos para faturamento para empresas com CNPJ ativo, CONSUMIDOR FINAL, CONTRIBUINTE para uso e consumo pr\u00f3prio <\/p>\n","protected":false},"excerpt":{"rendered":"<p>Secador de cabelo de parede Panther KMY-67220KMY-67220<\/p>\n","protected":false},"featured_media":0,"template":"","meta":[],"product_brand":[],"product_cat":[42,611],"product_tag":[],"class_list":{"0":"post-707","1":"product","2":"type-product","3":"status-publish","5":"product_cat-hotelaria","6":"product_cat-panther","8":"first","9":"onbackorder","10":"shipping-taxable","11":"purchasable","12":"product-type-simple"},"yoast_head":"<!-- This site is optimized with the Yoast SEO plugin v27.2 - https:\/\/yoast.com\/product\/yoast-seo-wordpress\/ -->\n<title>Secador de cabelo de parede Panther KMY-67220 - Loja Opening<\/title>\n<meta name=\"robots\" content=\"index, follow, max-snippet:-1, max-image-preview:large, max-video-preview:-1\" \/>\n<link rel=\"canonical\" href=\"https:\/\/lojaopening.com.br\/shopp\/produto\/secador-de-cabelo-de-parede-panther-kmy-67220\/\" \/>\n<meta property=\"og:locale\" content=\"pt_PT\" \/>\n<meta property=\"og:type\" content=\"article\" \/>\n<meta property=\"og:title\" content=\"Secador de cabelo de parede Panther KMY-67220 - Loja Opening\" \/>\n<meta property=\"og:description\" content=\"Secador de cabelo de parede Panther KMY-67220KMY-67220\" \/>\n<meta property=\"og:url\" content=\"https:\/\/lojaopening.com.br\/shopp\/produto\/secador-de-cabelo-de-parede-panther-kmy-67220\/\" \/>\n<meta property=\"og:site_name\" content=\"Loja Opening\" \/>\n<meta property=\"article:modified_time\" content=\"2023-05-27T19:49:32+00:00\" \/>\n<meta name=\"twitter:card\" content=\"summary_large_image\" \/>\n<script type=\"application\/ld+json\" class=\"yoast-schema-graph\">{\"@context\":\"https:\/\/schema.org\",\"@graph\":[{\"@type\":\"WebPage\",\"@id\":\"https:\/\/lojaopening.com.br\/shopp\/produto\/secador-de-cabelo-de-parede-panther-kmy-67220\/\",\"url\":\"https:\/\/lojaopening.com.br\/shopp\/produto\/secador-de-cabelo-de-parede-panther-kmy-67220\/\",\"name\":\"Secador de cabelo de parede Panther KMY-67220 - Loja Opening\",\"isPartOf\":{\"@id\":\"https:\/\/lojaopening.com.br\/shopp\/#website\"},\"datePublished\":\"2020-09-04T03:59:44+00:00\",\"dateModified\":\"2023-05-27T19:49:32+00:00\",\"breadcrumb\":{\"@id\":\"https:\/\/lojaopening.com.br\/shopp\/produto\/secador-de-cabelo-de-parede-panther-kmy-67220\/#breadcrumb\"},\"inLanguage\":\"pt-PT\",\"potentialAction\":[{\"@type\":\"ReadAction\",\"target\":[\"https:\/\/lojaopening.com.br\/shopp\/produto\/secador-de-cabelo-de-parede-panther-kmy-67220\/\"]}]},{\"@type\":\"BreadcrumbList\",\"@id\":\"https:\/\/lojaopening.com.br\/shopp\/produto\/secador-de-cabelo-de-parede-panther-kmy-67220\/#breadcrumb\",\"itemListElement\":[{\"@type\":\"ListItem\",\"position\":1,\"name\":\"In\u00edcio\",\"item\":\"https:\/\/lojaopening.com.br\/shopp\/\"},{\"@type\":\"ListItem\",\"position\":2,\"name\":\"Shop\",\"item\":\"https:\/\/lojaopening.com.br\/shopp\/shopp\/\"},{\"@type\":\"ListItem\",\"position\":3,\"name\":\"Secador de cabelo de parede Panther KMY-67220\"}]},{\"@type\":\"WebSite\",\"@id\":\"https:\/\/lojaopening.com.br\/shopp\/#website\",\"url\":\"https:\/\/lojaopening.com.br\/shopp\/\",\"name\":\"Loja Opening\",\"description\":\"\",\"publisher\":{\"@id\":\"https:\/\/lojaopening.com.br\/shopp\/#organization\"},\"potentialAction\":[{\"@type\":\"SearchAction\",\"target\":{\"@type\":\"EntryPoint\",\"urlTemplate\":\"https:\/\/lojaopening.com.br\/shopp\/?s={search_term_string}\"},\"query-input\":{\"@type\":\"PropertyValueSpecification\",\"valueRequired\":true,\"valueName\":\"search_term_string\"}}],\"inLanguage\":\"pt-PT\"},{\"@type\":\"Organization\",\"@id\":\"https:\/\/lojaopening.com.br\/shopp\/#organization\",\"name\":\"Opening World Coml Import Export Ltda\",\"url\":\"https:\/\/lojaopening.com.br\/shopp\/\",\"logo\":{\"@type\":\"ImageObject\",\"inLanguage\":\"pt-PT\",\"@id\":\"https:\/\/lojaopening.com.br\/shopp\/#\/schema\/logo\/image\/\",\"url\":\"https:\/\/lojaopening.com.br\/wp-content\/uploads\/2020\/09\/logo_header.png\",\"contentUrl\":\"https:\/\/lojaopening.com.br\/wp-content\/uploads\/2020\/09\/logo_header.png\",\"width\":1279,\"height\":328,\"caption\":\"Opening World Coml Import Export Ltda\"},\"image\":{\"@id\":\"https:\/\/lojaopening.com.br\/shopp\/#\/schema\/logo\/image\/\"}}]}<\/script>\n<!-- \/ Yoast SEO plugin. -->","yoast_head_json":{"title":"Secador de cabelo de parede Panther KMY-67220 - Loja Opening","robots":{"index":"index","follow":"follow","max-snippet":"max-snippet:-1","max-image-preview":"max-image-preview:large","max-video-preview":"max-video-preview:-1"},"canonical":"https:\/\/lojaopening.com.br\/shopp\/produto\/secador-de-cabelo-de-parede-panther-kmy-67220\/","og_locale":"pt_PT","og_type":"article","og_title":"Secador de cabelo de parede Panther KMY-67220 - Loja Opening","og_description":"Secador de cabelo de parede Panther KMY-67220KMY-67220","og_url":"https:\/\/lojaopening.com.br\/shopp\/produto\/secador-de-cabelo-de-parede-panther-kmy-67220\/","og_site_name":"Loja Opening","article_modified_time":"2023-05-27T19:49:32+00:00","twitter_card":"summary_large_image","schema":{"@context":"https:\/\/schema.org","@graph":[{"@type":"WebPage","@id":"https:\/\/lojaopening.com.br\/shopp\/produto\/secador-de-cabelo-de-parede-panther-kmy-67220\/","url":"https:\/\/lojaopening.com.br\/shopp\/produto\/secador-de-cabelo-de-parede-panther-kmy-67220\/","name":"Secador de cabelo de parede Panther KMY-67220 - Loja Opening","isPartOf":{"@id":"https:\/\/lojaopening.com.br\/shopp\/#website"},"datePublished":"2020-09-04T03:59:44+00:00","dateModified":"2023-05-27T19:49:32+00:00","breadcrumb":{"@id":"https:\/\/lojaopening.com.br\/shopp\/produto\/secador-de-cabelo-de-parede-panther-kmy-67220\/#breadcrumb"},"inLanguage":"pt-PT","potentialAction":[{"@type":"ReadAction","target":["https:\/\/lojaopening.com.br\/shopp\/produto\/secador-de-cabelo-de-parede-panther-kmy-67220\/"]}]},{"@type":"BreadcrumbList","@id":"https:\/\/lojaopening.com.br\/shopp\/produto\/secador-de-cabelo-de-parede-panther-kmy-67220\/#breadcrumb","itemListElement":[{"@type":"ListItem","position":1,"name":"In\u00edcio","item":"https:\/\/lojaopening.com.br\/shopp\/"},{"@type":"ListItem","position":2,"name":"Shop","item":"https:\/\/lojaopening.com.br\/shopp\/shopp\/"},{"@type":"ListItem","position":3,"name":"Secador de cabelo de parede Panther KMY-67220"}]},{"@type":"WebSite","@id":"https:\/\/lojaopening.com.br\/shopp\/#website","url":"https:\/\/lojaopening.com.br\/shopp\/","name":"Loja Opening","description":"","publisher":{"@id":"https:\/\/lojaopening.com.br\/shopp\/#organization"},"potentialAction":[{"@type":"SearchAction","target":{"@type":"EntryPoint","urlTemplate":"https:\/\/lojaopening.com.br\/shopp\/?s={search_term_string}"},"query-input":{"@type":"PropertyValueSpecification","valueRequired":true,"valueName":"search_term_string"}}],"inLanguage":"pt-PT"},{"@type":"Organization","@id":"https:\/\/lojaopening.com.br\/shopp\/#organization","name":"Opening World Coml Import Export Ltda","url":"https:\/\/lojaopening.com.br\/shopp\/","logo":{"@type":"ImageObject","inLanguage":"pt-PT","@id":"https:\/\/lojaopening.com.br\/shopp\/#\/schema\/logo\/image\/","url":"https:\/\/lojaopening.com.br\/wp-content\/uploads\/2020\/09\/logo_header.png","contentUrl":"https:\/\/lojaopening.com.br\/wp-content\/uploads\/2020\/09\/logo_header.png","width":1279,"height":328,"caption":"Opening World Coml Import Export Ltda"},"image":{"@id":"https:\/\/lojaopening.com.br\/shopp\/#\/schema\/logo\/image\/"}}]}},"_links":{"self":[{"href":"https:\/\/lojaopening.com.br\/shopp\/wp-json\/wp\/v2\/product\/707","targetHints":{"allow":["GET"]}}],"collection":[{"href":"https:\/\/lojaopening.com.br\/shopp\/wp-json\/wp\/v2\/product"}],"about":[{"href":"https:\/\/lojaopening.com.br\/shopp\/wp-json\/wp\/v2\/types\/product"}],"wp:attachment":[{"href":"https:\/\/lojaopening.com.br\/shopp\/wp-json\/wp\/v2\/media?parent=707"}],"wp:term":[{"taxonomy":"product_brand","embeddable":true,"href":"https:\/\/lojaopening.com.br\/shopp\/wp-json\/wp\/v2\/product_brand?post=707"},{"taxonomy":"product_cat","embeddable":true,"href":"https:\/\/lojaopening.com.br\/shopp\/wp-json\/wp\/v2\/product_cat?post=707"},{"taxonomy":"product_tag","embeddable":true,"href":"https:\/\/lojaopening.com.br\/shopp\/wp-json\/wp\/v2\/product_tag?post=707"}],"curies":[{"name":"wp","href":"https:\/\/api.w.org\/{rel}","templated":true}]}}