{"id":708,"date":"2020-09-04T03:59:54","date_gmt":"2020-09-04T03:59:54","guid":{"rendered":"https:\/\/adsvance.me\/lojaopw\/produto\/lapis-prismacolor-verithin-746-1-2-tuscan-red-sanford-caixa-c-12-lapis-vt-746-1-2\/"},"modified":"2023-05-27T19:49:32","modified_gmt":"2023-05-27T19:49:32","slug":"lapis-prismacolor-verithin-746-1%7b47%7d2-tuscan-red-sanford-%252d-caixa-c%7b47%7d-12-l%c1pis","status":"publish","type":"product","link":"https:\/\/lojaopening.com.br\/shopp\/produto\/lapis-prismacolor-verithin-746-1%7b47%7d2-tuscan-red-sanford-%252d-caixa-c%7b47%7d-12-l%c1pis\/","title":{"rendered":"Lapis Prismacolor Verithin 746 1\/2 Tuscan Red SANFORD &#8211;  CAIXA C\/ 12 L\u00c1PIS VT 746 1\/2"},"content":{"rendered":"<p>L\u00e1pis de cor Prismacolor VerithinEstes l\u00e1pis s\u00e3o brilhantemente coloridos e pode ser\u00a0apontada para um ponto muito bom com nenhum desmoronamento.\u00a0Os pigmentos firmes e\u00a0insol\u00faveis transferem suavemente ao papel. Cada l\u00e1pis \u00e9 hexagonal, e a madeira \u00e9 codificada por cores. L\u00e1pis s\u00e3o vendidos sem ponta. Fabricados no Mexico Vendidos em m\u00faltiplos de 12 *Caixa cont\u00e9m 12 l\u00e1pis Contate nosso Departamento Comercial e solicite a Cota\u00e7\u00e3o para este produto<\/p>\n","protected":false},"excerpt":{"rendered":"<p>Lapis Prismacolor Verithin 746 1\/2 Tuscan Red SANFORD &#8211; CAIXA C\/ 12 L\u00c1PISVT 746 1\/2<\/p>\n","protected":false},"featured_media":836,"template":"","meta":[],"product_brand":[],"product_cat":[40,620],"product_tag":[],"class_list":{"0":"post-708","1":"product","2":"type-product","3":"status-publish","4":"has-post-thumbnail","6":"product_cat-design-automotivo","7":"product_cat-prismacolor","9":"first","10":"onbackorder","11":"shipping-taxable","12":"purchasable","13":"product-type-simple"},"yoast_head":"<!-- This site is optimized with the Yoast SEO plugin v27.2 - https:\/\/yoast.com\/product\/yoast-seo-wordpress\/ -->\n<title>Lapis Prismacolor Verithin 746 1\/2 Tuscan Red SANFORD - CAIXA C\/ 12 L\u00c1PIS VT 746 1\/2 - Loja Opening<\/title>\n<meta name=\"robots\" content=\"index, follow, max-snippet:-1, max-image-preview:large, max-video-preview:-1\" \/>\n<link rel=\"canonical\" href=\"https:\/\/lojaopening.com.br\/shopp\/produto\/lapis-prismacolor-verithin-746-1472-tuscan-red-sanford-%2d-caixa-c47-12-l?pis\/\" \/>\n<meta property=\"og:locale\" content=\"pt_PT\" \/>\n<meta property=\"og:type\" content=\"article\" \/>\n<meta property=\"og:title\" content=\"Lapis Prismacolor Verithin 746 1\/2 Tuscan Red SANFORD - CAIXA C\/ 12 L\u00c1PIS VT 746 1\/2 - Loja Opening\" \/>\n<meta property=\"og:description\" content=\"Lapis Prismacolor Verithin 746 1\/2 Tuscan Red SANFORD - CAIXA C\/ 12 L\u00c1PISVT 746 1\/2\" \/>\n<meta property=\"og:url\" content=\"\" \/>\n<meta property=\"og:site_name\" content=\"Loja Opening\" \/>\n<meta property=\"article:modified_time\" content=\"2023-05-27T19:49:32+00:00\" \/>\n<meta property=\"og:image\" content=\"https:\/\/lojaopening.com.br\/wp-content\/uploads\/2020\/09\/Lapis-Prismacolor-Verithin-746-17B477D2-Tuscan-Red-SANFORD-252d-CAIXA-C7B477D-12-LC1PIS.jpg\" \/>\n\t<meta property=\"og:image:width\" content=\"200\" \/>\n\t<meta property=\"og:image:height\" content=\"200\" \/>\n\t<meta property=\"og:image:type\" content=\"image\/jpeg\" \/>\n<meta name=\"twitter:card\" content=\"summary_large_image\" \/>\n<script type=\"application\/ld+json\" class=\"yoast-schema-graph\">{\"@context\":\"https:\/\/schema.org\",\"@graph\":[{\"@type\":\"WebPage\",\"@id\":\"https:\/\/lojaopening.com.br\/shopp\/produto\/lapis-prismacolor-verithin-746-1%7b47%7d2-tuscan-red-sanford-%252d-caixa-c%7b47%7d-12-l%c1pis\/\",\"url\":\"https:\/\/lojaopening.com.br\/shopp\/produto\/lapis-prismacolor-verithin-746-1%7b47%7d2-tuscan-red-sanford-%252d-caixa-c%7b47%7d-12-l%c1pis\/\",\"name\":\"Lapis Prismacolor Verithin 746 1\/2 Tuscan Red SANFORD - CAIXA C\/ 12 L\u00c1PIS VT 746 1\/2 - Loja Opening\",\"isPartOf\":{\"@id\":\"https:\/\/lojaopening.com.br\/shopp\/#website\"},\"primaryImageOfPage\":{\"@id\":\"https:\/\/lojaopening.com.br\/shopp\/produto\/lapis-prismacolor-verithin-746-1%7b47%7d2-tuscan-red-sanford-%252d-caixa-c%7b47%7d-12-l%c1pis\/#primaryimage\"},\"image\":{\"@id\":\"https:\/\/lojaopening.com.br\/shopp\/produto\/lapis-prismacolor-verithin-746-1%7b47%7d2-tuscan-red-sanford-%252d-caixa-c%7b47%7d-12-l%c1pis\/#primaryimage\"},\"thumbnailUrl\":\"https:\/\/lojaopening.com.br\/wp-content\/uploads\/2020\/09\/Lapis-Prismacolor-Verithin-746-17B477D2-Tuscan-Red-SANFORD-252d-CAIXA-C7B477D-12-LC1PIS.jpg\",\"datePublished\":\"2020-09-04T03:59:54+00:00\",\"dateModified\":\"2023-05-27T19:49:32+00:00\",\"breadcrumb\":{\"@id\":\"https:\/\/lojaopening.com.br\/shopp\/produto\/lapis-prismacolor-verithin-746-1%7b47%7d2-tuscan-red-sanford-%252d-caixa-c%7b47%7d-12-l%c1pis\/#breadcrumb\"},\"inLanguage\":\"pt-PT\",\"potentialAction\":[{\"@type\":\"ReadAction\",\"target\":[\"https:\/\/lojaopening.com.br\/shopp\/produto\/lapis-prismacolor-verithin-746-1%7b47%7d2-tuscan-red-sanford-%252d-caixa-c%7b47%7d-12-l%c1pis\/\"]}]},{\"@type\":\"ImageObject\",\"inLanguage\":\"pt-PT\",\"@id\":\"https:\/\/lojaopening.com.br\/shopp\/produto\/lapis-prismacolor-verithin-746-1%7b47%7d2-tuscan-red-sanford-%252d-caixa-c%7b47%7d-12-l%c1pis\/#primaryimage\",\"url\":\"https:\/\/lojaopening.com.br\/wp-content\/uploads\/2020\/09\/Lapis-Prismacolor-Verithin-746-17B477D2-Tuscan-Red-SANFORD-252d-CAIXA-C7B477D-12-LC1PIS.jpg\",\"contentUrl\":\"https:\/\/lojaopening.com.br\/wp-content\/uploads\/2020\/09\/Lapis-Prismacolor-Verithin-746-17B477D2-Tuscan-Red-SANFORD-252d-CAIXA-C7B477D-12-LC1PIS.jpg\",\"width\":200,\"height\":200},{\"@type\":\"BreadcrumbList\",\"@id\":\"https:\/\/lojaopening.com.br\/shopp\/produto\/lapis-prismacolor-verithin-746-1%7b47%7d2-tuscan-red-sanford-%252d-caixa-c%7b47%7d-12-l%c1pis\/#breadcrumb\",\"itemListElement\":[{\"@type\":\"ListItem\",\"position\":1,\"name\":\"In\u00edcio\",\"item\":\"https:\/\/lojaopening.com.br\/shopp\/\"},{\"@type\":\"ListItem\",\"position\":2,\"name\":\"Shop\",\"item\":\"https:\/\/lojaopening.com.br\/shopp\/shopp\/\"},{\"@type\":\"ListItem\",\"position\":3,\"name\":\"Lapis Prismacolor Verithin 746 1\/2 Tuscan Red SANFORD &#8211; CAIXA C\/ 12 L\u00c1PIS VT 746 1\/2\"}]},{\"@type\":\"WebSite\",\"@id\":\"https:\/\/lojaopening.com.br\/shopp\/#website\",\"url\":\"https:\/\/lojaopening.com.br\/shopp\/\",\"name\":\"Loja Opening\",\"description\":\"\",\"publisher\":{\"@id\":\"https:\/\/lojaopening.com.br\/shopp\/#organization\"},\"potentialAction\":[{\"@type\":\"SearchAction\",\"target\":{\"@type\":\"EntryPoint\",\"urlTemplate\":\"https:\/\/lojaopening.com.br\/shopp\/?s={search_term_string}\"},\"query-input\":{\"@type\":\"PropertyValueSpecification\",\"valueRequired\":true,\"valueName\":\"search_term_string\"}}],\"inLanguage\":\"pt-PT\"},{\"@type\":\"Organization\",\"@id\":\"https:\/\/lojaopening.com.br\/shopp\/#organization\",\"name\":\"Opening World Coml Import Export Ltda\",\"url\":\"https:\/\/lojaopening.com.br\/shopp\/\",\"logo\":{\"@type\":\"ImageObject\",\"inLanguage\":\"pt-PT\",\"@id\":\"https:\/\/lojaopening.com.br\/shopp\/#\/schema\/logo\/image\/\",\"url\":\"https:\/\/lojaopening.com.br\/wp-content\/uploads\/2020\/09\/logo_header.png\",\"contentUrl\":\"https:\/\/lojaopening.com.br\/wp-content\/uploads\/2020\/09\/logo_header.png\",\"width\":1279,\"height\":328,\"caption\":\"Opening World Coml Import Export Ltda\"},\"image\":{\"@id\":\"https:\/\/lojaopening.com.br\/shopp\/#\/schema\/logo\/image\/\"}}]}<\/script>\n<!-- \/ Yoast SEO plugin. -->","yoast_head_json":{"title":"Lapis Prismacolor Verithin 746 1\/2 Tuscan Red SANFORD - CAIXA C\/ 12 L\u00c1PIS VT 746 1\/2 - Loja Opening","robots":{"index":"index","follow":"follow","max-snippet":"max-snippet:-1","max-image-preview":"max-image-preview:large","max-video-preview":"max-video-preview:-1"},"canonical":"https:\/\/lojaopening.com.br\/shopp\/produto\/lapis-prismacolor-verithin-746-1{47}2-tuscan-red-sanford-%2d-caixa-c{47}-12-l?pis\/","og_locale":"pt_PT","og_type":"article","og_title":"Lapis Prismacolor Verithin 746 1\/2 Tuscan Red SANFORD - CAIXA C\/ 12 L\u00c1PIS VT 746 1\/2 - Loja Opening","og_description":"Lapis Prismacolor Verithin 746 1\/2 Tuscan Red SANFORD - CAIXA C\/ 12 L\u00c1PISVT 746 1\/2","og_url":"https:\/\/lojaopening.com.br\/shopp\/produto\/lapis-prismacolor-verithin-746-1{47}2-tuscan-red-sanford-%2d-caixa-c{47}-12-l?pis\/","og_site_name":"Loja Opening","article_modified_time":"2023-05-27T19:49:32+00:00","og_image":[{"width":200,"height":200,"url":"https:\/\/lojaopening.com.br\/wp-content\/uploads\/2020\/09\/Lapis-Prismacolor-Verithin-746-17B477D2-Tuscan-Red-SANFORD-252d-CAIXA-C7B477D-12-LC1PIS.jpg","type":"image\/jpeg"}],"twitter_card":"summary_large_image","schema":{"@context":"https:\/\/schema.org","@graph":[{"@type":"WebPage","@id":"https:\/\/lojaopening.com.br\/shopp\/produto\/lapis-prismacolor-verithin-746-1%7b47%7d2-tuscan-red-sanford-%252d-caixa-c%7b47%7d-12-l%c1pis\/","url":"https:\/\/lojaopening.com.br\/shopp\/produto\/lapis-prismacolor-verithin-746-1%7b47%7d2-tuscan-red-sanford-%252d-caixa-c%7b47%7d-12-l%c1pis\/","name":"Lapis Prismacolor Verithin 746 1\/2 Tuscan Red SANFORD - CAIXA C\/ 12 L\u00c1PIS VT 746 1\/2 - Loja Opening","isPartOf":{"@id":"https:\/\/lojaopening.com.br\/shopp\/#website"},"primaryImageOfPage":{"@id":"https:\/\/lojaopening.com.br\/shopp\/produto\/lapis-prismacolor-verithin-746-1%7b47%7d2-tuscan-red-sanford-%252d-caixa-c%7b47%7d-12-l%c1pis\/#primaryimage"},"image":{"@id":"https:\/\/lojaopening.com.br\/shopp\/produto\/lapis-prismacolor-verithin-746-1%7b47%7d2-tuscan-red-sanford-%252d-caixa-c%7b47%7d-12-l%c1pis\/#primaryimage"},"thumbnailUrl":"https:\/\/lojaopening.com.br\/wp-content\/uploads\/2020\/09\/Lapis-Prismacolor-Verithin-746-17B477D2-Tuscan-Red-SANFORD-252d-CAIXA-C7B477D-12-LC1PIS.jpg","datePublished":"2020-09-04T03:59:54+00:00","dateModified":"2023-05-27T19:49:32+00:00","breadcrumb":{"@id":"https:\/\/lojaopening.com.br\/shopp\/produto\/lapis-prismacolor-verithin-746-1%7b47%7d2-tuscan-red-sanford-%252d-caixa-c%7b47%7d-12-l%c1pis\/#breadcrumb"},"inLanguage":"pt-PT","potentialAction":[{"@type":"ReadAction","target":["https:\/\/lojaopening.com.br\/shopp\/produto\/lapis-prismacolor-verithin-746-1%7b47%7d2-tuscan-red-sanford-%252d-caixa-c%7b47%7d-12-l%c1pis\/"]}]},{"@type":"ImageObject","inLanguage":"pt-PT","@id":"https:\/\/lojaopening.com.br\/shopp\/produto\/lapis-prismacolor-verithin-746-1%7b47%7d2-tuscan-red-sanford-%252d-caixa-c%7b47%7d-12-l%c1pis\/#primaryimage","url":"https:\/\/lojaopening.com.br\/wp-content\/uploads\/2020\/09\/Lapis-Prismacolor-Verithin-746-17B477D2-Tuscan-Red-SANFORD-252d-CAIXA-C7B477D-12-LC1PIS.jpg","contentUrl":"https:\/\/lojaopening.com.br\/wp-content\/uploads\/2020\/09\/Lapis-Prismacolor-Verithin-746-17B477D2-Tuscan-Red-SANFORD-252d-CAIXA-C7B477D-12-LC1PIS.jpg","width":200,"height":200},{"@type":"BreadcrumbList","@id":"https:\/\/lojaopening.com.br\/shopp\/produto\/lapis-prismacolor-verithin-746-1%7b47%7d2-tuscan-red-sanford-%252d-caixa-c%7b47%7d-12-l%c1pis\/#breadcrumb","itemListElement":[{"@type":"ListItem","position":1,"name":"In\u00edcio","item":"https:\/\/lojaopening.com.br\/shopp\/"},{"@type":"ListItem","position":2,"name":"Shop","item":"https:\/\/lojaopening.com.br\/shopp\/shopp\/"},{"@type":"ListItem","position":3,"name":"Lapis Prismacolor Verithin 746 1\/2 Tuscan Red SANFORD &#8211; CAIXA C\/ 12 L\u00c1PIS VT 746 1\/2"}]},{"@type":"WebSite","@id":"https:\/\/lojaopening.com.br\/shopp\/#website","url":"https:\/\/lojaopening.com.br\/shopp\/","name":"Loja Opening","description":"","publisher":{"@id":"https:\/\/lojaopening.com.br\/shopp\/#organization"},"potentialAction":[{"@type":"SearchAction","target":{"@type":"EntryPoint","urlTemplate":"https:\/\/lojaopening.com.br\/shopp\/?s={search_term_string}"},"query-input":{"@type":"PropertyValueSpecification","valueRequired":true,"valueName":"search_term_string"}}],"inLanguage":"pt-PT"},{"@type":"Organization","@id":"https:\/\/lojaopening.com.br\/shopp\/#organization","name":"Opening World Coml Import Export Ltda","url":"https:\/\/lojaopening.com.br\/shopp\/","logo":{"@type":"ImageObject","inLanguage":"pt-PT","@id":"https:\/\/lojaopening.com.br\/shopp\/#\/schema\/logo\/image\/","url":"https:\/\/lojaopening.com.br\/wp-content\/uploads\/2020\/09\/logo_header.png","contentUrl":"https:\/\/lojaopening.com.br\/wp-content\/uploads\/2020\/09\/logo_header.png","width":1279,"height":328,"caption":"Opening World Coml Import Export Ltda"},"image":{"@id":"https:\/\/lojaopening.com.br\/shopp\/#\/schema\/logo\/image\/"}}]}},"_links":{"self":[{"href":"https:\/\/lojaopening.com.br\/shopp\/wp-json\/wp\/v2\/product\/708","targetHints":{"allow":["GET"]}}],"collection":[{"href":"https:\/\/lojaopening.com.br\/shopp\/wp-json\/wp\/v2\/product"}],"about":[{"href":"https:\/\/lojaopening.com.br\/shopp\/wp-json\/wp\/v2\/types\/product"}],"wp:featuredmedia":[{"embeddable":true,"href":"https:\/\/lojaopening.com.br\/shopp\/wp-json\/wp\/v2\/media\/836"}],"wp:attachment":[{"href":"https:\/\/lojaopening.com.br\/shopp\/wp-json\/wp\/v2\/media?parent=708"}],"wp:term":[{"taxonomy":"product_brand","embeddable":true,"href":"https:\/\/lojaopening.com.br\/shopp\/wp-json\/wp\/v2\/product_brand?post=708"},{"taxonomy":"product_cat","embeddable":true,"href":"https:\/\/lojaopening.com.br\/shopp\/wp-json\/wp\/v2\/product_cat?post=708"},{"taxonomy":"product_tag","embeddable":true,"href":"https:\/\/lojaopening.com.br\/shopp\/wp-json\/wp\/v2\/product_tag?post=708"}],"curies":[{"name":"wp","href":"https:\/\/api.w.org\/{rel}","templated":true}]}}