{"id":714,"date":"2020-09-04T04:00:54","date_gmt":"2020-09-04T04:00:54","guid":{"rendered":"https:\/\/adsvance.me\/lojaopw\/produto\/pinnacle-studio-av-dv-version-9\/"},"modified":"2023-05-27T19:49:28","modified_gmt":"2023-05-27T19:49:28","slug":"pinnacle-studio-av-dv-version-9","status":"publish","type":"product","link":"https:\/\/lojaopening.com.br\/shopp\/produto\/pinnacle-studio-av-dv-version-9\/","title":{"rendered":"Pinnacle STUDIO AV\/DV Version 9"},"content":{"rendered":"<p>Pinnacle Studio AV \/ DV Vers\u00e3o 9\u00a0Edi\u00e7\u00e3o de V\u00eddeo, uma solu\u00e7\u00e3o com base em PC de edi\u00e7\u00e3o de v\u00eddeo e um an\u00e1logo de PCI e placa de captura de v\u00eddeo digital, para\u00a0cria\u00e7\u00e3o facil de\u00a0filmes com qualquer tipo de c\u00e2mera de v\u00eddeo.\u00a0Studio oferece uma impressionante variedade de recursos de edi\u00e7\u00e3o de v\u00eddeo e torna mais f\u00e1cil do que nunca adicionar t\u00edtulos, transi\u00e7\u00f5es efeitos sonoros e m\u00fasica de fundo para os seus filmes. Studio 9 tamb\u00e9m torna mais f\u00e1cil para preservar suas mem\u00f3rias preciosas adicionando ao\u00a0v\u00eddeo um poderoso toque de ferramentas de restaura\u00e7\u00e3o de \u00e1udio SmartMovie &trade;, edi\u00e7\u00e3o de v\u00eddeo automatizado e integrado sistema de cria\u00e7\u00e3o de videos em\u00a0DVD e CD. Pinnacle Studio AV \/ DV vers\u00e3o 9: f\u00e1cil &#8211; poderoso &#8211; edi\u00e7\u00e3o de v\u00eddeo criativo. \u00a0<\/p>\n","protected":false},"excerpt":{"rendered":"<p>Pinnacle STUDIO AV\/DV Version 9<\/p>\n","protected":false},"featured_media":0,"template":"","meta":[],"product_brand":[],"product_cat":[43,622],"product_tag":[],"class_list":{"0":"post-714","1":"product","2":"type-product","3":"status-publish","5":"product_cat-informatica","6":"product_cat-pinnacle","8":"first","9":"onbackorder","10":"shipping-taxable","11":"purchasable","12":"product-type-simple"},"yoast_head":"<!-- This site is optimized with the Yoast SEO plugin v27.2 - https:\/\/yoast.com\/product\/yoast-seo-wordpress\/ -->\n<title>Pinnacle STUDIO AV\/DV Version 9 - Loja Opening<\/title>\n<meta name=\"robots\" content=\"index, follow, max-snippet:-1, max-image-preview:large, max-video-preview:-1\" \/>\n<link rel=\"canonical\" href=\"https:\/\/lojaopening.com.br\/shopp\/produto\/pinnacle-studio-av-dv-version-9\/\" \/>\n<meta property=\"og:locale\" content=\"pt_PT\" \/>\n<meta property=\"og:type\" content=\"article\" \/>\n<meta property=\"og:title\" content=\"Pinnacle STUDIO AV\/DV Version 9 - Loja Opening\" \/>\n<meta property=\"og:description\" content=\"Pinnacle STUDIO AV\/DV Version 9\" \/>\n<meta property=\"og:url\" content=\"https:\/\/lojaopening.com.br\/shopp\/produto\/pinnacle-studio-av-dv-version-9\/\" \/>\n<meta property=\"og:site_name\" content=\"Loja Opening\" \/>\n<meta property=\"article:modified_time\" content=\"2023-05-27T19:49:28+00:00\" \/>\n<meta name=\"twitter:card\" content=\"summary_large_image\" \/>\n<meta name=\"twitter:label1\" content=\"Tempo estimado de leitura\" \/>\n\t<meta name=\"twitter:data1\" content=\"1 minuto\" \/>\n<script type=\"application\/ld+json\" class=\"yoast-schema-graph\">{\"@context\":\"https:\/\/schema.org\",\"@graph\":[{\"@type\":\"WebPage\",\"@id\":\"https:\/\/lojaopening.com.br\/shopp\/produto\/pinnacle-studio-av-dv-version-9\/\",\"url\":\"https:\/\/lojaopening.com.br\/shopp\/produto\/pinnacle-studio-av-dv-version-9\/\",\"name\":\"Pinnacle STUDIO AV\/DV Version 9 - Loja Opening\",\"isPartOf\":{\"@id\":\"https:\/\/lojaopening.com.br\/shopp\/#website\"},\"datePublished\":\"2020-09-04T04:00:54+00:00\",\"dateModified\":\"2023-05-27T19:49:28+00:00\",\"breadcrumb\":{\"@id\":\"https:\/\/lojaopening.com.br\/shopp\/produto\/pinnacle-studio-av-dv-version-9\/#breadcrumb\"},\"inLanguage\":\"pt-PT\",\"potentialAction\":[{\"@type\":\"ReadAction\",\"target\":[\"https:\/\/lojaopening.com.br\/shopp\/produto\/pinnacle-studio-av-dv-version-9\/\"]}]},{\"@type\":\"BreadcrumbList\",\"@id\":\"https:\/\/lojaopening.com.br\/shopp\/produto\/pinnacle-studio-av-dv-version-9\/#breadcrumb\",\"itemListElement\":[{\"@type\":\"ListItem\",\"position\":1,\"name\":\"In\u00edcio\",\"item\":\"https:\/\/lojaopening.com.br\/shopp\/\"},{\"@type\":\"ListItem\",\"position\":2,\"name\":\"Shop\",\"item\":\"https:\/\/lojaopening.com.br\/shopp\/shopp\/\"},{\"@type\":\"ListItem\",\"position\":3,\"name\":\"Pinnacle STUDIO AV\/DV Version 9\"}]},{\"@type\":\"WebSite\",\"@id\":\"https:\/\/lojaopening.com.br\/shopp\/#website\",\"url\":\"https:\/\/lojaopening.com.br\/shopp\/\",\"name\":\"Loja Opening\",\"description\":\"\",\"publisher\":{\"@id\":\"https:\/\/lojaopening.com.br\/shopp\/#organization\"},\"potentialAction\":[{\"@type\":\"SearchAction\",\"target\":{\"@type\":\"EntryPoint\",\"urlTemplate\":\"https:\/\/lojaopening.com.br\/shopp\/?s={search_term_string}\"},\"query-input\":{\"@type\":\"PropertyValueSpecification\",\"valueRequired\":true,\"valueName\":\"search_term_string\"}}],\"inLanguage\":\"pt-PT\"},{\"@type\":\"Organization\",\"@id\":\"https:\/\/lojaopening.com.br\/shopp\/#organization\",\"name\":\"Opening World Coml Import Export Ltda\",\"url\":\"https:\/\/lojaopening.com.br\/shopp\/\",\"logo\":{\"@type\":\"ImageObject\",\"inLanguage\":\"pt-PT\",\"@id\":\"https:\/\/lojaopening.com.br\/shopp\/#\/schema\/logo\/image\/\",\"url\":\"https:\/\/lojaopening.com.br\/wp-content\/uploads\/2020\/09\/logo_header.png\",\"contentUrl\":\"https:\/\/lojaopening.com.br\/wp-content\/uploads\/2020\/09\/logo_header.png\",\"width\":1279,\"height\":328,\"caption\":\"Opening World Coml Import Export Ltda\"},\"image\":{\"@id\":\"https:\/\/lojaopening.com.br\/shopp\/#\/schema\/logo\/image\/\"}}]}<\/script>\n<!-- \/ Yoast SEO plugin. -->","yoast_head_json":{"title":"Pinnacle STUDIO AV\/DV Version 9 - Loja Opening","robots":{"index":"index","follow":"follow","max-snippet":"max-snippet:-1","max-image-preview":"max-image-preview:large","max-video-preview":"max-video-preview:-1"},"canonical":"https:\/\/lojaopening.com.br\/shopp\/produto\/pinnacle-studio-av-dv-version-9\/","og_locale":"pt_PT","og_type":"article","og_title":"Pinnacle STUDIO AV\/DV Version 9 - Loja Opening","og_description":"Pinnacle STUDIO AV\/DV Version 9","og_url":"https:\/\/lojaopening.com.br\/shopp\/produto\/pinnacle-studio-av-dv-version-9\/","og_site_name":"Loja Opening","article_modified_time":"2023-05-27T19:49:28+00:00","twitter_card":"summary_large_image","twitter_misc":{"Tempo estimado de leitura":"1 minuto"},"schema":{"@context":"https:\/\/schema.org","@graph":[{"@type":"WebPage","@id":"https:\/\/lojaopening.com.br\/shopp\/produto\/pinnacle-studio-av-dv-version-9\/","url":"https:\/\/lojaopening.com.br\/shopp\/produto\/pinnacle-studio-av-dv-version-9\/","name":"Pinnacle STUDIO AV\/DV Version 9 - Loja Opening","isPartOf":{"@id":"https:\/\/lojaopening.com.br\/shopp\/#website"},"datePublished":"2020-09-04T04:00:54+00:00","dateModified":"2023-05-27T19:49:28+00:00","breadcrumb":{"@id":"https:\/\/lojaopening.com.br\/shopp\/produto\/pinnacle-studio-av-dv-version-9\/#breadcrumb"},"inLanguage":"pt-PT","potentialAction":[{"@type":"ReadAction","target":["https:\/\/lojaopening.com.br\/shopp\/produto\/pinnacle-studio-av-dv-version-9\/"]}]},{"@type":"BreadcrumbList","@id":"https:\/\/lojaopening.com.br\/shopp\/produto\/pinnacle-studio-av-dv-version-9\/#breadcrumb","itemListElement":[{"@type":"ListItem","position":1,"name":"In\u00edcio","item":"https:\/\/lojaopening.com.br\/shopp\/"},{"@type":"ListItem","position":2,"name":"Shop","item":"https:\/\/lojaopening.com.br\/shopp\/shopp\/"},{"@type":"ListItem","position":3,"name":"Pinnacle STUDIO AV\/DV Version 9"}]},{"@type":"WebSite","@id":"https:\/\/lojaopening.com.br\/shopp\/#website","url":"https:\/\/lojaopening.com.br\/shopp\/","name":"Loja Opening","description":"","publisher":{"@id":"https:\/\/lojaopening.com.br\/shopp\/#organization"},"potentialAction":[{"@type":"SearchAction","target":{"@type":"EntryPoint","urlTemplate":"https:\/\/lojaopening.com.br\/shopp\/?s={search_term_string}"},"query-input":{"@type":"PropertyValueSpecification","valueRequired":true,"valueName":"search_term_string"}}],"inLanguage":"pt-PT"},{"@type":"Organization","@id":"https:\/\/lojaopening.com.br\/shopp\/#organization","name":"Opening World Coml Import Export Ltda","url":"https:\/\/lojaopening.com.br\/shopp\/","logo":{"@type":"ImageObject","inLanguage":"pt-PT","@id":"https:\/\/lojaopening.com.br\/shopp\/#\/schema\/logo\/image\/","url":"https:\/\/lojaopening.com.br\/wp-content\/uploads\/2020\/09\/logo_header.png","contentUrl":"https:\/\/lojaopening.com.br\/wp-content\/uploads\/2020\/09\/logo_header.png","width":1279,"height":328,"caption":"Opening World Coml Import Export Ltda"},"image":{"@id":"https:\/\/lojaopening.com.br\/shopp\/#\/schema\/logo\/image\/"}}]}},"_links":{"self":[{"href":"https:\/\/lojaopening.com.br\/shopp\/wp-json\/wp\/v2\/product\/714","targetHints":{"allow":["GET"]}}],"collection":[{"href":"https:\/\/lojaopening.com.br\/shopp\/wp-json\/wp\/v2\/product"}],"about":[{"href":"https:\/\/lojaopening.com.br\/shopp\/wp-json\/wp\/v2\/types\/product"}],"wp:attachment":[{"href":"https:\/\/lojaopening.com.br\/shopp\/wp-json\/wp\/v2\/media?parent=714"}],"wp:term":[{"taxonomy":"product_brand","embeddable":true,"href":"https:\/\/lojaopening.com.br\/shopp\/wp-json\/wp\/v2\/product_brand?post=714"},{"taxonomy":"product_cat","embeddable":true,"href":"https:\/\/lojaopening.com.br\/shopp\/wp-json\/wp\/v2\/product_cat?post=714"},{"taxonomy":"product_tag","embeddable":true,"href":"https:\/\/lojaopening.com.br\/shopp\/wp-json\/wp\/v2\/product_tag?post=714"}],"curies":[{"name":"wp","href":"https:\/\/api.w.org\/{rel}","templated":true}]}}