{"id":718,"date":"2020-09-04T04:01:35","date_gmt":"2020-09-04T04:01:35","guid":{"rendered":"https:\/\/adsvance.me\/lojaopw\/produto\/kit-extensor-kvm-trendnet-tk-ex4\/"},"modified":"2023-05-27T19:49:27","modified_gmt":"2023-05-27T19:49:27","slug":"kit-extensor-kvm-trendnet-tk-ex4","status":"publish","type":"product","link":"https:\/\/lojaopening.com.br\/shopp\/produto\/kit-extensor-kvm-trendnet-tk-ex4\/","title":{"rendered":"KIT EXTENSOR KVM TRENDNET -TK-EX4"},"content":{"rendered":"<p>TRENDnet Kit Extensor p\/ chaveador KVM \u00a0 \u00a0 FICHA DO PRODUTO Part Number : TK-EX4 Fabricante : TRENDNET Garantia : 2 ANOS Peso Bruto : 1.5 Kg \u00a0 \u00a0\u00a0 \u00a0 \u00a0 \u00a0 DESCRI\u00c7\u00c3O COMERCIAL Kit Extensor KVM (TK-EX4) O robusto Kit Extensor KVM amplia o controle de teclado, monitor e mouse a dist\u00e2ncias de at\u00e9 100 m. Elimina o tempo dispendido em caminhar at\u00e9 a sala de controle, levando os controles KVM ao seu escrit\u00f3rio. Conecte o Kit Extensor KVM a um switch KVM TRENDnet para controlar diversos servidores de um local remoto. Nenhuma instala\u00e7\u00e3o de software \u00e9 necess\u00e1ria. Simplesmente conecte os equipamentos com os cabos fornecidos para pleno controle KVM. Use os controles adequados na frente da unidade remota de controle (receptor) para ajustar Ganho (ajuste de resolu\u00e7\u00e3o) e Equaliza\u00e7\u00e3o (corre\u00e7\u00e3o de contraste). Utilize comandos hot-key para controlar esta\u00e7\u00f5es console local e remota. A unidade remota (receptor) suporta mouse e teclado PS\/2 e monitores com porta VGA. A unidade local (transmissor) suporta conex\u00f5es USB, PS\/2 e VGA. O Kit extensor KVM TRENDnet, modelo TK-EX4, estende o controle de teclado, v\u00eddeo e mouse para dist\u00e2ncias de at\u00e9 100 m (328 p\u00e9s). N\u00e3o precisa de instala\u00e7\u00e3o de software\u2014simplesmente conectar o transmissor e o receptor para controle total de KVM. Elimine o desperd\u00edcio de tempo para caminhar \u00e0 sala de rede estendendo o controle KVM para a sua esta\u00e7\u00e3o. ESPECIFICA\u00c7\u00c3O T\u00c9CNICA \u00a0 Transmissor porta console Teclado: USB Mouse: USB Monitor: VGA Porta para atualiza\u00e7\u00e3o de firmware: USB Type B Extens\u00e3o: Porta Ethernet LED Indicadores Transmissor porta computador VGA Receptor porta console Teclado: USB Mouse: USB Monitor: VGA Porta para atualiza\u00e7\u00e3o de firmware: USB Type B Extens\u00e3o: Porta Ethernet LED Indicadores Receptor porta computador VGA Conex\u00f5es para computador Transmissor: VGA, USB ou PS\/2 Receptor: VGA, USB ou PS\/2 Resolu\u00e7\u00e3o do Monitor At\u00e9 1920 x 1200 Notifica\u00e7\u00e3o de Chaveamento Audio Controles de comuta\u00e7\u00e3o Transmissor: Bloqueio de acesso, acesso somente a visualiza\u00e7\u00e3o e controle total Receptor: Vis\u00e3o local ou vis\u00e3o remota OSD: Criar uma senha, definir auto logout do OSD, escolha entre quatro controles por tecla de atalho, defina timeout do OSD, defina fun\u00e7\u00e3o de retardo do console e emula\u00e7\u00e3o EDID Caracter\u00edsticas Especiais Estenda o controle KVM para dist\u00e2ncias de at\u00e9 100 m (328 p\u00e9s) Temperatura de Opera\u00e7\u00e3o 0 \u2013 40\u00b0C (32 \u2013 104\u00b0F) Umidade de Opera\u00e7\u00e3o M\u00e1x. 90% sem-condensa\u00e7\u00e3o Alimenta\u00e7\u00e3o Entrada: 100 &#8211; 240 V AC, 50 &#8211; 60 Hz, 0,2 A Sa\u00edda: 5 V DC, 2 A Consumo M\u00e1x.: Transmissor: 2,7 Watts, Receptor: 4,7 Watts Dimens\u00f5es Transmissor\/receptor: 130 x 65 x 25 mm (5,1 x 2,6 x 1,0 polegadas) Peso Transmissor: 285 g (10.1 on\u00e7as) Receptor: 290 g (10.2 on\u00e7as) Garantia Limitada de 2 anos Certifica\u00e7\u00f5es CE FCC \u00a0 Conte\u00fado da Embalagem TK-EX4 Transmissor TK-EX4 Receptor Guia de Instala\u00e7\u00e3o R\u00e1pida 2 Cconjuntos de 1,2 m (4 p\u00e9s) 3-em-1 cabos de combina\u00e7\u00e3o VGA 1 Cconjuntos de cabo USB Tipo A para B de 1,20 m (4 p\u00e9s) 2 Fontes de Tens\u00e3o Controles de comuta\u00e7\u00e3o<\/p>\n","protected":false},"excerpt":{"rendered":"<p>KIT EXTENSOR KVM TRENDNET -TK-EX4TK-EX4<\/p>\n","protected":false},"featured_media":847,"template":"","meta":[],"product_brand":[],"product_cat":[44,114],"product_tag":[],"class_list":{"0":"post-718","1":"product","2":"type-product","3":"status-publish","4":"has-post-thumbnail","6":"product_cat-informatica-industrial","7":"product_cat-trendnet","9":"first","10":"onbackorder","11":"shipping-taxable","12":"purchasable","13":"product-type-simple"},"yoast_head":"<!-- This site is optimized with the Yoast SEO plugin v27.2 - https:\/\/yoast.com\/product\/yoast-seo-wordpress\/ -->\n<title>KIT EXTENSOR KVM TRENDNET -TK-EX4 - Loja Opening<\/title>\n<meta name=\"robots\" content=\"index, follow, max-snippet:-1, max-image-preview:large, max-video-preview:-1\" \/>\n<link rel=\"canonical\" href=\"https:\/\/lojaopening.com.br\/shopp\/produto\/kit-extensor-kvm-trendnet-tk-ex4\/\" \/>\n<meta property=\"og:locale\" content=\"pt_PT\" \/>\n<meta property=\"og:type\" content=\"article\" \/>\n<meta property=\"og:title\" content=\"KIT EXTENSOR KVM TRENDNET -TK-EX4 - Loja Opening\" \/>\n<meta property=\"og:description\" content=\"KIT EXTENSOR KVM TRENDNET -TK-EX4TK-EX4\" \/>\n<meta property=\"og:url\" content=\"https:\/\/lojaopening.com.br\/shopp\/produto\/kit-extensor-kvm-trendnet-tk-ex4\/\" \/>\n<meta property=\"og:site_name\" content=\"Loja Opening\" \/>\n<meta property=\"article:modified_time\" content=\"2023-05-27T19:49:27+00:00\" \/>\n<meta property=\"og:image\" content=\"https:\/\/lojaopening.com.br\/wp-content\/uploads\/2020\/09\/KIT-EXTENSOR-KVM-TRENDNET-252dTK252dEX4.jpg\" \/>\n\t<meta property=\"og:image:width\" content=\"359\" \/>\n\t<meta property=\"og:image:height\" content=\"327\" \/>\n\t<meta property=\"og:image:type\" content=\"image\/jpeg\" \/>\n<meta name=\"twitter:card\" content=\"summary_large_image\" \/>\n<meta name=\"twitter:label1\" content=\"Tempo estimado de leitura\" \/>\n\t<meta name=\"twitter:data1\" content=\"2 minutos\" \/>\n<script type=\"application\/ld+json\" class=\"yoast-schema-graph\">{\"@context\":\"https:\/\/schema.org\",\"@graph\":[{\"@type\":\"WebPage\",\"@id\":\"https:\/\/lojaopening.com.br\/shopp\/produto\/kit-extensor-kvm-trendnet-tk-ex4\/\",\"url\":\"https:\/\/lojaopening.com.br\/shopp\/produto\/kit-extensor-kvm-trendnet-tk-ex4\/\",\"name\":\"KIT EXTENSOR KVM TRENDNET -TK-EX4 - Loja Opening\",\"isPartOf\":{\"@id\":\"https:\/\/lojaopening.com.br\/shopp\/#website\"},\"primaryImageOfPage\":{\"@id\":\"https:\/\/lojaopening.com.br\/shopp\/produto\/kit-extensor-kvm-trendnet-tk-ex4\/#primaryimage\"},\"image\":{\"@id\":\"https:\/\/lojaopening.com.br\/shopp\/produto\/kit-extensor-kvm-trendnet-tk-ex4\/#primaryimage\"},\"thumbnailUrl\":\"https:\/\/lojaopening.com.br\/wp-content\/uploads\/2020\/09\/KIT-EXTENSOR-KVM-TRENDNET-252dTK252dEX4.jpg\",\"datePublished\":\"2020-09-04T04:01:35+00:00\",\"dateModified\":\"2023-05-27T19:49:27+00:00\",\"breadcrumb\":{\"@id\":\"https:\/\/lojaopening.com.br\/shopp\/produto\/kit-extensor-kvm-trendnet-tk-ex4\/#breadcrumb\"},\"inLanguage\":\"pt-PT\",\"potentialAction\":[{\"@type\":\"ReadAction\",\"target\":[\"https:\/\/lojaopening.com.br\/shopp\/produto\/kit-extensor-kvm-trendnet-tk-ex4\/\"]}]},{\"@type\":\"ImageObject\",\"inLanguage\":\"pt-PT\",\"@id\":\"https:\/\/lojaopening.com.br\/shopp\/produto\/kit-extensor-kvm-trendnet-tk-ex4\/#primaryimage\",\"url\":\"https:\/\/lojaopening.com.br\/wp-content\/uploads\/2020\/09\/KIT-EXTENSOR-KVM-TRENDNET-252dTK252dEX4.jpg\",\"contentUrl\":\"https:\/\/lojaopening.com.br\/wp-content\/uploads\/2020\/09\/KIT-EXTENSOR-KVM-TRENDNET-252dTK252dEX4.jpg\",\"width\":359,\"height\":327},{\"@type\":\"BreadcrumbList\",\"@id\":\"https:\/\/lojaopening.com.br\/shopp\/produto\/kit-extensor-kvm-trendnet-tk-ex4\/#breadcrumb\",\"itemListElement\":[{\"@type\":\"ListItem\",\"position\":1,\"name\":\"In\u00edcio\",\"item\":\"https:\/\/lojaopening.com.br\/shopp\/\"},{\"@type\":\"ListItem\",\"position\":2,\"name\":\"Shop\",\"item\":\"https:\/\/lojaopening.com.br\/shopp\/shopp\/\"},{\"@type\":\"ListItem\",\"position\":3,\"name\":\"KIT EXTENSOR KVM TRENDNET -TK-EX4\"}]},{\"@type\":\"WebSite\",\"@id\":\"https:\/\/lojaopening.com.br\/shopp\/#website\",\"url\":\"https:\/\/lojaopening.com.br\/shopp\/\",\"name\":\"Loja Opening\",\"description\":\"\",\"publisher\":{\"@id\":\"https:\/\/lojaopening.com.br\/shopp\/#organization\"},\"potentialAction\":[{\"@type\":\"SearchAction\",\"target\":{\"@type\":\"EntryPoint\",\"urlTemplate\":\"https:\/\/lojaopening.com.br\/shopp\/?s={search_term_string}\"},\"query-input\":{\"@type\":\"PropertyValueSpecification\",\"valueRequired\":true,\"valueName\":\"search_term_string\"}}],\"inLanguage\":\"pt-PT\"},{\"@type\":\"Organization\",\"@id\":\"https:\/\/lojaopening.com.br\/shopp\/#organization\",\"name\":\"Opening World Coml Import Export Ltda\",\"url\":\"https:\/\/lojaopening.com.br\/shopp\/\",\"logo\":{\"@type\":\"ImageObject\",\"inLanguage\":\"pt-PT\",\"@id\":\"https:\/\/lojaopening.com.br\/shopp\/#\/schema\/logo\/image\/\",\"url\":\"https:\/\/lojaopening.com.br\/wp-content\/uploads\/2020\/09\/logo_header.png\",\"contentUrl\":\"https:\/\/lojaopening.com.br\/wp-content\/uploads\/2020\/09\/logo_header.png\",\"width\":1279,\"height\":328,\"caption\":\"Opening World Coml Import Export Ltda\"},\"image\":{\"@id\":\"https:\/\/lojaopening.com.br\/shopp\/#\/schema\/logo\/image\/\"}}]}<\/script>\n<!-- \/ Yoast SEO plugin. -->","yoast_head_json":{"title":"KIT EXTENSOR KVM TRENDNET -TK-EX4 - Loja Opening","robots":{"index":"index","follow":"follow","max-snippet":"max-snippet:-1","max-image-preview":"max-image-preview:large","max-video-preview":"max-video-preview:-1"},"canonical":"https:\/\/lojaopening.com.br\/shopp\/produto\/kit-extensor-kvm-trendnet-tk-ex4\/","og_locale":"pt_PT","og_type":"article","og_title":"KIT EXTENSOR KVM TRENDNET -TK-EX4 - Loja Opening","og_description":"KIT EXTENSOR KVM TRENDNET -TK-EX4TK-EX4","og_url":"https:\/\/lojaopening.com.br\/shopp\/produto\/kit-extensor-kvm-trendnet-tk-ex4\/","og_site_name":"Loja Opening","article_modified_time":"2023-05-27T19:49:27+00:00","og_image":[{"width":359,"height":327,"url":"https:\/\/lojaopening.com.br\/wp-content\/uploads\/2020\/09\/KIT-EXTENSOR-KVM-TRENDNET-252dTK252dEX4.jpg","type":"image\/jpeg"}],"twitter_card":"summary_large_image","twitter_misc":{"Tempo estimado de leitura":"2 minutos"},"schema":{"@context":"https:\/\/schema.org","@graph":[{"@type":"WebPage","@id":"https:\/\/lojaopening.com.br\/shopp\/produto\/kit-extensor-kvm-trendnet-tk-ex4\/","url":"https:\/\/lojaopening.com.br\/shopp\/produto\/kit-extensor-kvm-trendnet-tk-ex4\/","name":"KIT EXTENSOR KVM TRENDNET -TK-EX4 - Loja Opening","isPartOf":{"@id":"https:\/\/lojaopening.com.br\/shopp\/#website"},"primaryImageOfPage":{"@id":"https:\/\/lojaopening.com.br\/shopp\/produto\/kit-extensor-kvm-trendnet-tk-ex4\/#primaryimage"},"image":{"@id":"https:\/\/lojaopening.com.br\/shopp\/produto\/kit-extensor-kvm-trendnet-tk-ex4\/#primaryimage"},"thumbnailUrl":"https:\/\/lojaopening.com.br\/wp-content\/uploads\/2020\/09\/KIT-EXTENSOR-KVM-TRENDNET-252dTK252dEX4.jpg","datePublished":"2020-09-04T04:01:35+00:00","dateModified":"2023-05-27T19:49:27+00:00","breadcrumb":{"@id":"https:\/\/lojaopening.com.br\/shopp\/produto\/kit-extensor-kvm-trendnet-tk-ex4\/#breadcrumb"},"inLanguage":"pt-PT","potentialAction":[{"@type":"ReadAction","target":["https:\/\/lojaopening.com.br\/shopp\/produto\/kit-extensor-kvm-trendnet-tk-ex4\/"]}]},{"@type":"ImageObject","inLanguage":"pt-PT","@id":"https:\/\/lojaopening.com.br\/shopp\/produto\/kit-extensor-kvm-trendnet-tk-ex4\/#primaryimage","url":"https:\/\/lojaopening.com.br\/wp-content\/uploads\/2020\/09\/KIT-EXTENSOR-KVM-TRENDNET-252dTK252dEX4.jpg","contentUrl":"https:\/\/lojaopening.com.br\/wp-content\/uploads\/2020\/09\/KIT-EXTENSOR-KVM-TRENDNET-252dTK252dEX4.jpg","width":359,"height":327},{"@type":"BreadcrumbList","@id":"https:\/\/lojaopening.com.br\/shopp\/produto\/kit-extensor-kvm-trendnet-tk-ex4\/#breadcrumb","itemListElement":[{"@type":"ListItem","position":1,"name":"In\u00edcio","item":"https:\/\/lojaopening.com.br\/shopp\/"},{"@type":"ListItem","position":2,"name":"Shop","item":"https:\/\/lojaopening.com.br\/shopp\/shopp\/"},{"@type":"ListItem","position":3,"name":"KIT EXTENSOR KVM TRENDNET -TK-EX4"}]},{"@type":"WebSite","@id":"https:\/\/lojaopening.com.br\/shopp\/#website","url":"https:\/\/lojaopening.com.br\/shopp\/","name":"Loja Opening","description":"","publisher":{"@id":"https:\/\/lojaopening.com.br\/shopp\/#organization"},"potentialAction":[{"@type":"SearchAction","target":{"@type":"EntryPoint","urlTemplate":"https:\/\/lojaopening.com.br\/shopp\/?s={search_term_string}"},"query-input":{"@type":"PropertyValueSpecification","valueRequired":true,"valueName":"search_term_string"}}],"inLanguage":"pt-PT"},{"@type":"Organization","@id":"https:\/\/lojaopening.com.br\/shopp\/#organization","name":"Opening World Coml Import Export Ltda","url":"https:\/\/lojaopening.com.br\/shopp\/","logo":{"@type":"ImageObject","inLanguage":"pt-PT","@id":"https:\/\/lojaopening.com.br\/shopp\/#\/schema\/logo\/image\/","url":"https:\/\/lojaopening.com.br\/wp-content\/uploads\/2020\/09\/logo_header.png","contentUrl":"https:\/\/lojaopening.com.br\/wp-content\/uploads\/2020\/09\/logo_header.png","width":1279,"height":328,"caption":"Opening World Coml Import Export Ltda"},"image":{"@id":"https:\/\/lojaopening.com.br\/shopp\/#\/schema\/logo\/image\/"}}]}},"_links":{"self":[{"href":"https:\/\/lojaopening.com.br\/shopp\/wp-json\/wp\/v2\/product\/718","targetHints":{"allow":["GET"]}}],"collection":[{"href":"https:\/\/lojaopening.com.br\/shopp\/wp-json\/wp\/v2\/product"}],"about":[{"href":"https:\/\/lojaopening.com.br\/shopp\/wp-json\/wp\/v2\/types\/product"}],"wp:featuredmedia":[{"embeddable":true,"href":"https:\/\/lojaopening.com.br\/shopp\/wp-json\/wp\/v2\/media\/847"}],"wp:attachment":[{"href":"https:\/\/lojaopening.com.br\/shopp\/wp-json\/wp\/v2\/media?parent=718"}],"wp:term":[{"taxonomy":"product_brand","embeddable":true,"href":"https:\/\/lojaopening.com.br\/shopp\/wp-json\/wp\/v2\/product_brand?post=718"},{"taxonomy":"product_cat","embeddable":true,"href":"https:\/\/lojaopening.com.br\/shopp\/wp-json\/wp\/v2\/product_cat?post=718"},{"taxonomy":"product_tag","embeddable":true,"href":"https:\/\/lojaopening.com.br\/shopp\/wp-json\/wp\/v2\/product_tag?post=718"}],"curies":[{"name":"wp","href":"https:\/\/api.w.org\/{rel}","templated":true}]}}