{"id":722,"date":"2020-09-04T04:02:14","date_gmt":"2020-09-04T04:02:14","guid":{"rendered":"https:\/\/adsvance.me\/lojaopw\/produto\/pedestal-organizador-de-filas-neon-cromado-semi-brilho-retratil-base-ferro-fundido-rec-pead-fabricante-easyline-neon0001\/"},"modified":"2023-05-27T19:49:25","modified_gmt":"2023-05-27T19:49:25","slug":"pedestal-organizador-de-filas-neon-cromado-semi-brilho-retr%e1til-base-ferro-fundido-rec-pead-fabricante-easyline","status":"publish","type":"product","link":"https:\/\/lojaopening.com.br\/shopp\/produto\/pedestal-organizador-de-filas-neon-cromado-semi-brilho-retr%e1til-base-ferro-fundido-rec-pead-fabricante-easyline\/","title":{"rendered":"Pedestal ( Organizador de Filas)  Neon Cromado semi brilho  retr\u00e1til Base  ferro Fundido  Rec PEAD Fabricante: EasyLine  NEON0001"},"content":{"rendered":"<p>Condi\u00e7\u00f5es Comerciais: Valor unit\u00e1rio: R$ 278,00\u00a0\u00a0\u00a0\u00a0 Prazo de Entrega: 15\u00a0dias ap\u00f3s confirma\u00e7\u00e3o\u00a0 e aceite do Pedido de Compra Local de entrega: FOB \u2013 Belo Horizonte,MG \u2013 Informar sua transportadora de prefer\u00eancia ICMS: 18% &#8211;\u00a0( aplicar\u00a0o percentual de ICMS\u00a0para sua\u00a0regi\u00e3o\u00a0) CFOP- 5.102\u00a0 ( opera\u00e7\u00f5es Internas) e 6.102 ( Opera\u00e7\u00f5es Interestaduais ) CST: 000 &#8211; Nacional, Integralmente tributado IPI: \u00a00% &#8211; N\u00e3o incidente PIS: 0,65% e COFINS: 3% &#8211; INCLUSOS Classifica\u00e7\u00e3o Fiscal: 7616.99.00 Condi\u00e7\u00f5es de pagamento: A Prazo (\u00a0mediante aprova\u00e7\u00e3o Cadastral) \u00a0contra dep\u00f3sito no Banco do Brasil S\/A\u00a0\u00a0\u00a0 \u00a0 PEDESTAL ORGANIZADOR DE FILAS<\/p>\n","protected":false},"excerpt":{"rendered":"<p>Pedestal ( Organizador de Filas) Neon Cromado semi brilho retr\u00e1til Base ferro Fundido Rec PEAD Fabricante: EasyLine NEON0001<\/p>\n","protected":false},"featured_media":961,"template":"","meta":[],"product_brand":[],"product_cat":[37,313],"product_tag":[],"class_list":{"0":"post-722","1":"product","2":"type-product","3":"status-publish","4":"has-post-thumbnail","6":"product_cat-automacao-comercial","7":"product_cat-easyline","9":"first","10":"onbackorder","11":"shipping-taxable","12":"purchasable","13":"product-type-simple"},"yoast_head":"<!-- This site is optimized with the Yoast SEO plugin v27.2 - https:\/\/yoast.com\/product\/yoast-seo-wordpress\/ -->\n<title>Pedestal ( Organizador de Filas) Neon Cromado semi brilho retr\u00e1til Base ferro Fundido Rec PEAD Fabricante: EasyLine NEON0001 - Loja Opening<\/title>\n<meta name=\"robots\" content=\"index, follow, max-snippet:-1, max-image-preview:large, max-video-preview:-1\" \/>\n<link rel=\"canonical\" href=\"https:\/\/lojaopening.com.br\/shopp\/produto\/pedestal-organizador-de-filas-neon-cromado-semi-brilho-retr?til-base-ferro-fundido-rec-pead-fabricante-easyline\/\" \/>\n<meta property=\"og:locale\" content=\"pt_PT\" \/>\n<meta property=\"og:type\" content=\"article\" \/>\n<meta property=\"og:title\" content=\"Pedestal ( Organizador de Filas) Neon Cromado semi brilho retr\u00e1til Base ferro Fundido Rec PEAD Fabricante: EasyLine NEON0001 - Loja Opening\" \/>\n<meta property=\"og:description\" content=\"Pedestal ( Organizador de Filas) Neon Cromado semi brilho retr\u00e1til Base ferro Fundido Rec PEAD Fabricante: EasyLine NEON0001\" \/>\n<meta property=\"og:url\" content=\"\" \/>\n<meta property=\"og:site_name\" content=\"Loja Opening\" \/>\n<meta property=\"article:modified_time\" content=\"2023-05-27T19:49:25+00:00\" \/>\n<meta property=\"og:image\" content=\"https:\/\/lojaopening.com.br\/wp-content\/uploads\/2020\/09\/Pedestal-28-Organizador-de-Filas29-Neon-Cromado-semi-brilho-retrE1til-Base-ferro-Fundido-Rec-PEAD-Fabricante3A-EasyLine-1-1.png\" \/>\n\t<meta property=\"og:image:width\" content=\"3334\" \/>\n\t<meta property=\"og:image:height\" content=\"3335\" \/>\n\t<meta property=\"og:image:type\" content=\"image\/png\" \/>\n<meta name=\"twitter:card\" content=\"summary_large_image\" \/>\n<script type=\"application\/ld+json\" class=\"yoast-schema-graph\">{\"@context\":\"https:\/\/schema.org\",\"@graph\":[{\"@type\":\"WebPage\",\"@id\":\"https:\/\/lojaopening.com.br\/shopp\/produto\/pedestal-organizador-de-filas-neon-cromado-semi-brilho-retr%e1til-base-ferro-fundido-rec-pead-fabricante-easyline\/\",\"url\":\"https:\/\/lojaopening.com.br\/shopp\/produto\/pedestal-organizador-de-filas-neon-cromado-semi-brilho-retr%e1til-base-ferro-fundido-rec-pead-fabricante-easyline\/\",\"name\":\"Pedestal ( Organizador de Filas) Neon Cromado semi brilho retr\u00e1til Base ferro Fundido Rec PEAD Fabricante: EasyLine NEON0001 - Loja Opening\",\"isPartOf\":{\"@id\":\"https:\/\/lojaopening.com.br\/shopp\/#website\"},\"primaryImageOfPage\":{\"@id\":\"https:\/\/lojaopening.com.br\/shopp\/produto\/pedestal-organizador-de-filas-neon-cromado-semi-brilho-retr%e1til-base-ferro-fundido-rec-pead-fabricante-easyline\/#primaryimage\"},\"image\":{\"@id\":\"https:\/\/lojaopening.com.br\/shopp\/produto\/pedestal-organizador-de-filas-neon-cromado-semi-brilho-retr%e1til-base-ferro-fundido-rec-pead-fabricante-easyline\/#primaryimage\"},\"thumbnailUrl\":\"https:\/\/lojaopening.com.br\/wp-content\/uploads\/2020\/09\/Pedestal-28-Organizador-de-Filas29-Neon-Cromado-semi-brilho-retrE1til-Base-ferro-Fundido-Rec-PEAD-Fabricante3A-EasyLine-1-1.png\",\"datePublished\":\"2020-09-04T04:02:14+00:00\",\"dateModified\":\"2023-05-27T19:49:25+00:00\",\"breadcrumb\":{\"@id\":\"https:\/\/lojaopening.com.br\/shopp\/produto\/pedestal-organizador-de-filas-neon-cromado-semi-brilho-retr%e1til-base-ferro-fundido-rec-pead-fabricante-easyline\/#breadcrumb\"},\"inLanguage\":\"pt-PT\",\"potentialAction\":[{\"@type\":\"ReadAction\",\"target\":[\"https:\/\/lojaopening.com.br\/shopp\/produto\/pedestal-organizador-de-filas-neon-cromado-semi-brilho-retr%e1til-base-ferro-fundido-rec-pead-fabricante-easyline\/\"]}]},{\"@type\":\"ImageObject\",\"inLanguage\":\"pt-PT\",\"@id\":\"https:\/\/lojaopening.com.br\/shopp\/produto\/pedestal-organizador-de-filas-neon-cromado-semi-brilho-retr%e1til-base-ferro-fundido-rec-pead-fabricante-easyline\/#primaryimage\",\"url\":\"https:\/\/lojaopening.com.br\/wp-content\/uploads\/2020\/09\/Pedestal-28-Organizador-de-Filas29-Neon-Cromado-semi-brilho-retrE1til-Base-ferro-Fundido-Rec-PEAD-Fabricante3A-EasyLine-1-1.png\",\"contentUrl\":\"https:\/\/lojaopening.com.br\/wp-content\/uploads\/2020\/09\/Pedestal-28-Organizador-de-Filas29-Neon-Cromado-semi-brilho-retrE1til-Base-ferro-Fundido-Rec-PEAD-Fabricante3A-EasyLine-1-1.png\",\"width\":3334,\"height\":3335},{\"@type\":\"BreadcrumbList\",\"@id\":\"https:\/\/lojaopening.com.br\/shopp\/produto\/pedestal-organizador-de-filas-neon-cromado-semi-brilho-retr%e1til-base-ferro-fundido-rec-pead-fabricante-easyline\/#breadcrumb\",\"itemListElement\":[{\"@type\":\"ListItem\",\"position\":1,\"name\":\"In\u00edcio\",\"item\":\"https:\/\/lojaopening.com.br\/shopp\/\"},{\"@type\":\"ListItem\",\"position\":2,\"name\":\"Shop\",\"item\":\"https:\/\/lojaopening.com.br\/shopp\/shopp\/\"},{\"@type\":\"ListItem\",\"position\":3,\"name\":\"Pedestal ( Organizador de Filas) Neon Cromado semi brilho retr\u00e1til Base ferro Fundido Rec PEAD Fabricante: EasyLine NEON0001\"}]},{\"@type\":\"WebSite\",\"@id\":\"https:\/\/lojaopening.com.br\/shopp\/#website\",\"url\":\"https:\/\/lojaopening.com.br\/shopp\/\",\"name\":\"Loja Opening\",\"description\":\"\",\"publisher\":{\"@id\":\"https:\/\/lojaopening.com.br\/shopp\/#organization\"},\"potentialAction\":[{\"@type\":\"SearchAction\",\"target\":{\"@type\":\"EntryPoint\",\"urlTemplate\":\"https:\/\/lojaopening.com.br\/shopp\/?s={search_term_string}\"},\"query-input\":{\"@type\":\"PropertyValueSpecification\",\"valueRequired\":true,\"valueName\":\"search_term_string\"}}],\"inLanguage\":\"pt-PT\"},{\"@type\":\"Organization\",\"@id\":\"https:\/\/lojaopening.com.br\/shopp\/#organization\",\"name\":\"Opening World Coml Import Export Ltda\",\"url\":\"https:\/\/lojaopening.com.br\/shopp\/\",\"logo\":{\"@type\":\"ImageObject\",\"inLanguage\":\"pt-PT\",\"@id\":\"https:\/\/lojaopening.com.br\/shopp\/#\/schema\/logo\/image\/\",\"url\":\"https:\/\/lojaopening.com.br\/wp-content\/uploads\/2020\/09\/logo_header.png\",\"contentUrl\":\"https:\/\/lojaopening.com.br\/wp-content\/uploads\/2020\/09\/logo_header.png\",\"width\":1279,\"height\":328,\"caption\":\"Opening World Coml Import Export Ltda\"},\"image\":{\"@id\":\"https:\/\/lojaopening.com.br\/shopp\/#\/schema\/logo\/image\/\"}}]}<\/script>\n<!-- \/ Yoast SEO plugin. -->","yoast_head_json":{"title":"Pedestal ( Organizador de Filas) Neon Cromado semi brilho retr\u00e1til Base ferro Fundido Rec PEAD Fabricante: EasyLine NEON0001 - Loja Opening","robots":{"index":"index","follow":"follow","max-snippet":"max-snippet:-1","max-image-preview":"max-image-preview:large","max-video-preview":"max-video-preview:-1"},"canonical":"https:\/\/lojaopening.com.br\/shopp\/produto\/pedestal-organizador-de-filas-neon-cromado-semi-brilho-retr?til-base-ferro-fundido-rec-pead-fabricante-easyline\/","og_locale":"pt_PT","og_type":"article","og_title":"Pedestal ( Organizador de Filas) Neon Cromado semi brilho retr\u00e1til Base ferro Fundido Rec PEAD Fabricante: EasyLine NEON0001 - Loja Opening","og_description":"Pedestal ( Organizador de Filas) Neon Cromado semi brilho retr\u00e1til Base ferro Fundido Rec PEAD Fabricante: EasyLine NEON0001","og_url":"https:\/\/lojaopening.com.br\/shopp\/produto\/pedestal-organizador-de-filas-neon-cromado-semi-brilho-retr?til-base-ferro-fundido-rec-pead-fabricante-easyline\/","og_site_name":"Loja Opening","article_modified_time":"2023-05-27T19:49:25+00:00","og_image":[{"width":3334,"height":3335,"url":"https:\/\/lojaopening.com.br\/wp-content\/uploads\/2020\/09\/Pedestal-28-Organizador-de-Filas29-Neon-Cromado-semi-brilho-retrE1til-Base-ferro-Fundido-Rec-PEAD-Fabricante3A-EasyLine-1-1.png","type":"image\/png"}],"twitter_card":"summary_large_image","schema":{"@context":"https:\/\/schema.org","@graph":[{"@type":"WebPage","@id":"https:\/\/lojaopening.com.br\/shopp\/produto\/pedestal-organizador-de-filas-neon-cromado-semi-brilho-retr%e1til-base-ferro-fundido-rec-pead-fabricante-easyline\/","url":"https:\/\/lojaopening.com.br\/shopp\/produto\/pedestal-organizador-de-filas-neon-cromado-semi-brilho-retr%e1til-base-ferro-fundido-rec-pead-fabricante-easyline\/","name":"Pedestal ( Organizador de Filas) Neon Cromado semi brilho retr\u00e1til Base ferro Fundido Rec PEAD Fabricante: EasyLine NEON0001 - Loja Opening","isPartOf":{"@id":"https:\/\/lojaopening.com.br\/shopp\/#website"},"primaryImageOfPage":{"@id":"https:\/\/lojaopening.com.br\/shopp\/produto\/pedestal-organizador-de-filas-neon-cromado-semi-brilho-retr%e1til-base-ferro-fundido-rec-pead-fabricante-easyline\/#primaryimage"},"image":{"@id":"https:\/\/lojaopening.com.br\/shopp\/produto\/pedestal-organizador-de-filas-neon-cromado-semi-brilho-retr%e1til-base-ferro-fundido-rec-pead-fabricante-easyline\/#primaryimage"},"thumbnailUrl":"https:\/\/lojaopening.com.br\/wp-content\/uploads\/2020\/09\/Pedestal-28-Organizador-de-Filas29-Neon-Cromado-semi-brilho-retrE1til-Base-ferro-Fundido-Rec-PEAD-Fabricante3A-EasyLine-1-1.png","datePublished":"2020-09-04T04:02:14+00:00","dateModified":"2023-05-27T19:49:25+00:00","breadcrumb":{"@id":"https:\/\/lojaopening.com.br\/shopp\/produto\/pedestal-organizador-de-filas-neon-cromado-semi-brilho-retr%e1til-base-ferro-fundido-rec-pead-fabricante-easyline\/#breadcrumb"},"inLanguage":"pt-PT","potentialAction":[{"@type":"ReadAction","target":["https:\/\/lojaopening.com.br\/shopp\/produto\/pedestal-organizador-de-filas-neon-cromado-semi-brilho-retr%e1til-base-ferro-fundido-rec-pead-fabricante-easyline\/"]}]},{"@type":"ImageObject","inLanguage":"pt-PT","@id":"https:\/\/lojaopening.com.br\/shopp\/produto\/pedestal-organizador-de-filas-neon-cromado-semi-brilho-retr%e1til-base-ferro-fundido-rec-pead-fabricante-easyline\/#primaryimage","url":"https:\/\/lojaopening.com.br\/wp-content\/uploads\/2020\/09\/Pedestal-28-Organizador-de-Filas29-Neon-Cromado-semi-brilho-retrE1til-Base-ferro-Fundido-Rec-PEAD-Fabricante3A-EasyLine-1-1.png","contentUrl":"https:\/\/lojaopening.com.br\/wp-content\/uploads\/2020\/09\/Pedestal-28-Organizador-de-Filas29-Neon-Cromado-semi-brilho-retrE1til-Base-ferro-Fundido-Rec-PEAD-Fabricante3A-EasyLine-1-1.png","width":3334,"height":3335},{"@type":"BreadcrumbList","@id":"https:\/\/lojaopening.com.br\/shopp\/produto\/pedestal-organizador-de-filas-neon-cromado-semi-brilho-retr%e1til-base-ferro-fundido-rec-pead-fabricante-easyline\/#breadcrumb","itemListElement":[{"@type":"ListItem","position":1,"name":"In\u00edcio","item":"https:\/\/lojaopening.com.br\/shopp\/"},{"@type":"ListItem","position":2,"name":"Shop","item":"https:\/\/lojaopening.com.br\/shopp\/shopp\/"},{"@type":"ListItem","position":3,"name":"Pedestal ( Organizador de Filas) Neon Cromado semi brilho retr\u00e1til Base ferro Fundido Rec PEAD Fabricante: EasyLine NEON0001"}]},{"@type":"WebSite","@id":"https:\/\/lojaopening.com.br\/shopp\/#website","url":"https:\/\/lojaopening.com.br\/shopp\/","name":"Loja Opening","description":"","publisher":{"@id":"https:\/\/lojaopening.com.br\/shopp\/#organization"},"potentialAction":[{"@type":"SearchAction","target":{"@type":"EntryPoint","urlTemplate":"https:\/\/lojaopening.com.br\/shopp\/?s={search_term_string}"},"query-input":{"@type":"PropertyValueSpecification","valueRequired":true,"valueName":"search_term_string"}}],"inLanguage":"pt-PT"},{"@type":"Organization","@id":"https:\/\/lojaopening.com.br\/shopp\/#organization","name":"Opening World Coml Import Export Ltda","url":"https:\/\/lojaopening.com.br\/shopp\/","logo":{"@type":"ImageObject","inLanguage":"pt-PT","@id":"https:\/\/lojaopening.com.br\/shopp\/#\/schema\/logo\/image\/","url":"https:\/\/lojaopening.com.br\/wp-content\/uploads\/2020\/09\/logo_header.png","contentUrl":"https:\/\/lojaopening.com.br\/wp-content\/uploads\/2020\/09\/logo_header.png","width":1279,"height":328,"caption":"Opening World Coml Import Export Ltda"},"image":{"@id":"https:\/\/lojaopening.com.br\/shopp\/#\/schema\/logo\/image\/"}}]}},"_links":{"self":[{"href":"https:\/\/lojaopening.com.br\/shopp\/wp-json\/wp\/v2\/product\/722","targetHints":{"allow":["GET"]}}],"collection":[{"href":"https:\/\/lojaopening.com.br\/shopp\/wp-json\/wp\/v2\/product"}],"about":[{"href":"https:\/\/lojaopening.com.br\/shopp\/wp-json\/wp\/v2\/types\/product"}],"wp:featuredmedia":[{"embeddable":true,"href":"https:\/\/lojaopening.com.br\/shopp\/wp-json\/wp\/v2\/media\/961"}],"wp:attachment":[{"href":"https:\/\/lojaopening.com.br\/shopp\/wp-json\/wp\/v2\/media?parent=722"}],"wp:term":[{"taxonomy":"product_brand","embeddable":true,"href":"https:\/\/lojaopening.com.br\/shopp\/wp-json\/wp\/v2\/product_brand?post=722"},{"taxonomy":"product_cat","embeddable":true,"href":"https:\/\/lojaopening.com.br\/shopp\/wp-json\/wp\/v2\/product_cat?post=722"},{"taxonomy":"product_tag","embeddable":true,"href":"https:\/\/lojaopening.com.br\/shopp\/wp-json\/wp\/v2\/product_tag?post=722"}],"curies":[{"name":"wp","href":"https:\/\/api.w.org\/{rel}","templated":true}]}}