{"id":724,"date":"2020-09-04T04:02:35","date_gmt":"2020-09-04T04:02:35","guid":{"rendered":"https:\/\/adsvance.me\/lojaopw\/produto\/central-autonoma-de-iluminacao-de-emergencia-farois-alogenos-de-50w-com-bateria-12v-40ah-grau-de-protecao-ip-20-fabricante-wetzel-we-01\/"},"modified":"2023-05-27T19:49:24","modified_gmt":"2023-05-27T19:49:24","slug":"central-aut%f4noma-de-ilumina%e7%e3o-de-emerg%eancia%2c-far%f3is-al%f3genos-de-50w%2c-com-bateria-12v-%2c-40ah%2c-grau-de-prote%e7%e3o-ip%252d20-fabricante-%3a-wetzel","status":"publish","type":"product","link":"https:\/\/lojaopening.com.br\/shopp\/produto\/central-aut%f4noma-de-ilumina%e7%e3o-de-emerg%eancia%2c-far%f3is-al%f3genos-de-50w%2c-com-bateria-12v-%2c-40ah%2c-grau-de-prote%e7%e3o-ip%252d20-fabricante-%3a-wetzel\/","title":{"rendered":"Central Aut\u00f4noma de Ilumina\u00e7\u00e3o de Emerg\u00eancia, far\u00f3is al\u00f3genos de 50w, com bateria 12V , 40Ah, Grau de Prote\u00e7\u00e3o IP-20  Fabricante : Wetzel WE-01"},"content":{"rendered":"","protected":false},"excerpt":{"rendered":"<p>Central Aut\u00f4noma de Ilumina\u00e7\u00e3o de Emerg\u00eancia, far\u00f3is al\u00f3genos de 50w, com bateria 12V , 40Ah, Grau de Prote\u00e7\u00e3o IP-20 Fabricante : WetzelWE-01<\/p>\n","protected":false},"featured_media":913,"template":"","meta":[],"product_brand":[],"product_cat":[38,625],"product_tag":[],"class_list":{"0":"post-724","1":"product","2":"type-product","3":"status-publish","4":"has-post-thumbnail","6":"product_cat-automacao-industrial","7":"product_cat-wetzel","9":"first","10":"onbackorder","11":"shipping-taxable","12":"purchasable","13":"product-type-simple"},"yoast_head":"<!-- This site is optimized with the Yoast SEO plugin v27.2 - https:\/\/yoast.com\/product\/yoast-seo-wordpress\/ -->\n<title>Central Aut\u00f4noma de Ilumina\u00e7\u00e3o de Emerg\u00eancia, far\u00f3is al\u00f3genos de 50w, com bateria 12V , 40Ah, Grau de Prote\u00e7\u00e3o IP-20 Fabricante : Wetzel WE-01 - Loja Opening<\/title>\n<meta name=\"robots\" content=\"index, follow, max-snippet:-1, max-image-preview:large, max-video-preview:-1\" \/>\n<link rel=\"canonical\" href=\"https:\/\/lojaopening.com.br\/shopp\/produto\/central-aut?noma-de-ilumina??o-de-emerg?ncia,-far?is-al?genos-de-50w,-com-bateria-12v-,-40ah,-grau-de-prote??o-ip%2d20-fabricante-:-wetzel\/\" \/>\n<meta property=\"og:locale\" content=\"pt_PT\" \/>\n<meta property=\"og:type\" content=\"article\" \/>\n<meta property=\"og:title\" content=\"Central Aut\u00f4noma de Ilumina\u00e7\u00e3o de Emerg\u00eancia, far\u00f3is al\u00f3genos de 50w, com bateria 12V , 40Ah, Grau de Prote\u00e7\u00e3o IP-20 Fabricante : Wetzel WE-01 - Loja Opening\" \/>\n<meta property=\"og:description\" content=\"Central Aut\u00f4noma de Ilumina\u00e7\u00e3o de Emerg\u00eancia, far\u00f3is al\u00f3genos de 50w, com bateria 12V , 40Ah, Grau de Prote\u00e7\u00e3o IP-20 Fabricante : WetzelWE-01\" \/>\n<meta property=\"og:url\" content=\"\" \/>\n<meta property=\"og:site_name\" content=\"Loja Opening\" \/>\n<meta property=\"article:modified_time\" content=\"2023-05-27T19:49:24+00:00\" \/>\n<meta property=\"og:image\" content=\"https:\/\/lojaopening.com.br\/wp-content\/uploads\/2020\/09\/Central-AutF4noma-de-IluminaE7E3o-de-EmergEAncia2C-farF3is-alF3genos-de-50w2C-com-bateria-12V-2C-40Ah2C-Grau-de-ProteE7E3o-IP252d20-Fabricante-3A-Wetzel.jpg\" \/>\n\t<meta property=\"og:image:width\" content=\"247\" \/>\n\t<meta property=\"og:image:height\" content=\"263\" \/>\n\t<meta property=\"og:image:type\" content=\"image\/jpeg\" \/>\n<meta name=\"twitter:card\" content=\"summary_large_image\" \/>\n<script type=\"application\/ld+json\" class=\"yoast-schema-graph\">{\"@context\":\"https:\/\/schema.org\",\"@graph\":[{\"@type\":\"WebPage\",\"@id\":\"https:\/\/lojaopening.com.br\/shopp\/produto\/central-aut%f4noma-de-ilumina%e7%e3o-de-emerg%eancia%2c-far%f3is-al%f3genos-de-50w%2c-com-bateria-12v-%2c-40ah%2c-grau-de-prote%e7%e3o-ip%252d20-fabricante-%3a-wetzel\/\",\"url\":\"https:\/\/lojaopening.com.br\/shopp\/produto\/central-aut%f4noma-de-ilumina%e7%e3o-de-emerg%eancia%2c-far%f3is-al%f3genos-de-50w%2c-com-bateria-12v-%2c-40ah%2c-grau-de-prote%e7%e3o-ip%252d20-fabricante-%3a-wetzel\/\",\"name\":\"Central Aut\u00f4noma de Ilumina\u00e7\u00e3o de Emerg\u00eancia, far\u00f3is al\u00f3genos de 50w, com bateria 12V , 40Ah, Grau de Prote\u00e7\u00e3o IP-20 Fabricante : Wetzel WE-01 - Loja Opening\",\"isPartOf\":{\"@id\":\"https:\/\/lojaopening.com.br\/shopp\/#website\"},\"primaryImageOfPage\":{\"@id\":\"https:\/\/lojaopening.com.br\/shopp\/produto\/central-aut%f4noma-de-ilumina%e7%e3o-de-emerg%eancia%2c-far%f3is-al%f3genos-de-50w%2c-com-bateria-12v-%2c-40ah%2c-grau-de-prote%e7%e3o-ip%252d20-fabricante-%3a-wetzel\/#primaryimage\"},\"image\":{\"@id\":\"https:\/\/lojaopening.com.br\/shopp\/produto\/central-aut%f4noma-de-ilumina%e7%e3o-de-emerg%eancia%2c-far%f3is-al%f3genos-de-50w%2c-com-bateria-12v-%2c-40ah%2c-grau-de-prote%e7%e3o-ip%252d20-fabricante-%3a-wetzel\/#primaryimage\"},\"thumbnailUrl\":\"https:\/\/lojaopening.com.br\/wp-content\/uploads\/2020\/09\/Central-AutF4noma-de-IluminaE7E3o-de-EmergEAncia2C-farF3is-alF3genos-de-50w2C-com-bateria-12V-2C-40Ah2C-Grau-de-ProteE7E3o-IP252d20-Fabricante-3A-Wetzel.jpg\",\"datePublished\":\"2020-09-04T04:02:35+00:00\",\"dateModified\":\"2023-05-27T19:49:24+00:00\",\"breadcrumb\":{\"@id\":\"https:\/\/lojaopening.com.br\/shopp\/produto\/central-aut%f4noma-de-ilumina%e7%e3o-de-emerg%eancia%2c-far%f3is-al%f3genos-de-50w%2c-com-bateria-12v-%2c-40ah%2c-grau-de-prote%e7%e3o-ip%252d20-fabricante-%3a-wetzel\/#breadcrumb\"},\"inLanguage\":\"pt-PT\",\"potentialAction\":[{\"@type\":\"ReadAction\",\"target\":[\"https:\/\/lojaopening.com.br\/shopp\/produto\/central-aut%f4noma-de-ilumina%e7%e3o-de-emerg%eancia%2c-far%f3is-al%f3genos-de-50w%2c-com-bateria-12v-%2c-40ah%2c-grau-de-prote%e7%e3o-ip%252d20-fabricante-%3a-wetzel\/\"]}]},{\"@type\":\"ImageObject\",\"inLanguage\":\"pt-PT\",\"@id\":\"https:\/\/lojaopening.com.br\/shopp\/produto\/central-aut%f4noma-de-ilumina%e7%e3o-de-emerg%eancia%2c-far%f3is-al%f3genos-de-50w%2c-com-bateria-12v-%2c-40ah%2c-grau-de-prote%e7%e3o-ip%252d20-fabricante-%3a-wetzel\/#primaryimage\",\"url\":\"https:\/\/lojaopening.com.br\/wp-content\/uploads\/2020\/09\/Central-AutF4noma-de-IluminaE7E3o-de-EmergEAncia2C-farF3is-alF3genos-de-50w2C-com-bateria-12V-2C-40Ah2C-Grau-de-ProteE7E3o-IP252d20-Fabricante-3A-Wetzel.jpg\",\"contentUrl\":\"https:\/\/lojaopening.com.br\/wp-content\/uploads\/2020\/09\/Central-AutF4noma-de-IluminaE7E3o-de-EmergEAncia2C-farF3is-alF3genos-de-50w2C-com-bateria-12V-2C-40Ah2C-Grau-de-ProteE7E3o-IP252d20-Fabricante-3A-Wetzel.jpg\",\"width\":247,\"height\":263},{\"@type\":\"BreadcrumbList\",\"@id\":\"https:\/\/lojaopening.com.br\/shopp\/produto\/central-aut%f4noma-de-ilumina%e7%e3o-de-emerg%eancia%2c-far%f3is-al%f3genos-de-50w%2c-com-bateria-12v-%2c-40ah%2c-grau-de-prote%e7%e3o-ip%252d20-fabricante-%3a-wetzel\/#breadcrumb\",\"itemListElement\":[{\"@type\":\"ListItem\",\"position\":1,\"name\":\"In\u00edcio\",\"item\":\"https:\/\/lojaopening.com.br\/shopp\/\"},{\"@type\":\"ListItem\",\"position\":2,\"name\":\"Shop\",\"item\":\"https:\/\/lojaopening.com.br\/shopp\/shopp\/\"},{\"@type\":\"ListItem\",\"position\":3,\"name\":\"Central Aut\u00f4noma de Ilumina\u00e7\u00e3o de Emerg\u00eancia, far\u00f3is al\u00f3genos de 50w, com bateria 12V , 40Ah, Grau de Prote\u00e7\u00e3o IP-20 Fabricante : Wetzel WE-01\"}]},{\"@type\":\"WebSite\",\"@id\":\"https:\/\/lojaopening.com.br\/shopp\/#website\",\"url\":\"https:\/\/lojaopening.com.br\/shopp\/\",\"name\":\"Loja Opening\",\"description\":\"\",\"publisher\":{\"@id\":\"https:\/\/lojaopening.com.br\/shopp\/#organization\"},\"potentialAction\":[{\"@type\":\"SearchAction\",\"target\":{\"@type\":\"EntryPoint\",\"urlTemplate\":\"https:\/\/lojaopening.com.br\/shopp\/?s={search_term_string}\"},\"query-input\":{\"@type\":\"PropertyValueSpecification\",\"valueRequired\":true,\"valueName\":\"search_term_string\"}}],\"inLanguage\":\"pt-PT\"},{\"@type\":\"Organization\",\"@id\":\"https:\/\/lojaopening.com.br\/shopp\/#organization\",\"name\":\"Opening World Coml Import Export Ltda\",\"url\":\"https:\/\/lojaopening.com.br\/shopp\/\",\"logo\":{\"@type\":\"ImageObject\",\"inLanguage\":\"pt-PT\",\"@id\":\"https:\/\/lojaopening.com.br\/shopp\/#\/schema\/logo\/image\/\",\"url\":\"https:\/\/lojaopening.com.br\/wp-content\/uploads\/2020\/09\/logo_header.png\",\"contentUrl\":\"https:\/\/lojaopening.com.br\/wp-content\/uploads\/2020\/09\/logo_header.png\",\"width\":1279,\"height\":328,\"caption\":\"Opening World Coml Import Export Ltda\"},\"image\":{\"@id\":\"https:\/\/lojaopening.com.br\/shopp\/#\/schema\/logo\/image\/\"}}]}<\/script>\n<!-- \/ Yoast SEO plugin. -->","yoast_head_json":{"title":"Central Aut\u00f4noma de Ilumina\u00e7\u00e3o de Emerg\u00eancia, far\u00f3is al\u00f3genos de 50w, com bateria 12V , 40Ah, Grau de Prote\u00e7\u00e3o IP-20 Fabricante : Wetzel WE-01 - Loja Opening","robots":{"index":"index","follow":"follow","max-snippet":"max-snippet:-1","max-image-preview":"max-image-preview:large","max-video-preview":"max-video-preview:-1"},"canonical":"https:\/\/lojaopening.com.br\/shopp\/produto\/central-aut?noma-de-ilumina??o-de-emerg?ncia,-far?is-al?genos-de-50w,-com-bateria-12v-,-40ah,-grau-de-prote??o-ip%2d20-fabricante-:-wetzel\/","og_locale":"pt_PT","og_type":"article","og_title":"Central Aut\u00f4noma de Ilumina\u00e7\u00e3o de Emerg\u00eancia, far\u00f3is al\u00f3genos de 50w, com bateria 12V , 40Ah, Grau de Prote\u00e7\u00e3o IP-20 Fabricante : Wetzel WE-01 - Loja Opening","og_description":"Central Aut\u00f4noma de Ilumina\u00e7\u00e3o de Emerg\u00eancia, far\u00f3is al\u00f3genos de 50w, com bateria 12V , 40Ah, Grau de Prote\u00e7\u00e3o IP-20 Fabricante : WetzelWE-01","og_url":"https:\/\/lojaopening.com.br\/shopp\/produto\/central-aut?noma-de-ilumina??o-de-emerg?ncia,-far?is-al?genos-de-50w,-com-bateria-12v-,-40ah,-grau-de-prote??o-ip%2d20-fabricante-:-wetzel\/","og_site_name":"Loja Opening","article_modified_time":"2023-05-27T19:49:24+00:00","og_image":[{"width":247,"height":263,"url":"https:\/\/lojaopening.com.br\/wp-content\/uploads\/2020\/09\/Central-AutF4noma-de-IluminaE7E3o-de-EmergEAncia2C-farF3is-alF3genos-de-50w2C-com-bateria-12V-2C-40Ah2C-Grau-de-ProteE7E3o-IP252d20-Fabricante-3A-Wetzel.jpg","type":"image\/jpeg"}],"twitter_card":"summary_large_image","schema":{"@context":"https:\/\/schema.org","@graph":[{"@type":"WebPage","@id":"https:\/\/lojaopening.com.br\/shopp\/produto\/central-aut%f4noma-de-ilumina%e7%e3o-de-emerg%eancia%2c-far%f3is-al%f3genos-de-50w%2c-com-bateria-12v-%2c-40ah%2c-grau-de-prote%e7%e3o-ip%252d20-fabricante-%3a-wetzel\/","url":"https:\/\/lojaopening.com.br\/shopp\/produto\/central-aut%f4noma-de-ilumina%e7%e3o-de-emerg%eancia%2c-far%f3is-al%f3genos-de-50w%2c-com-bateria-12v-%2c-40ah%2c-grau-de-prote%e7%e3o-ip%252d20-fabricante-%3a-wetzel\/","name":"Central Aut\u00f4noma de Ilumina\u00e7\u00e3o de Emerg\u00eancia, far\u00f3is al\u00f3genos de 50w, com bateria 12V , 40Ah, Grau de Prote\u00e7\u00e3o IP-20 Fabricante : Wetzel WE-01 - Loja Opening","isPartOf":{"@id":"https:\/\/lojaopening.com.br\/shopp\/#website"},"primaryImageOfPage":{"@id":"https:\/\/lojaopening.com.br\/shopp\/produto\/central-aut%f4noma-de-ilumina%e7%e3o-de-emerg%eancia%2c-far%f3is-al%f3genos-de-50w%2c-com-bateria-12v-%2c-40ah%2c-grau-de-prote%e7%e3o-ip%252d20-fabricante-%3a-wetzel\/#primaryimage"},"image":{"@id":"https:\/\/lojaopening.com.br\/shopp\/produto\/central-aut%f4noma-de-ilumina%e7%e3o-de-emerg%eancia%2c-far%f3is-al%f3genos-de-50w%2c-com-bateria-12v-%2c-40ah%2c-grau-de-prote%e7%e3o-ip%252d20-fabricante-%3a-wetzel\/#primaryimage"},"thumbnailUrl":"https:\/\/lojaopening.com.br\/wp-content\/uploads\/2020\/09\/Central-AutF4noma-de-IluminaE7E3o-de-EmergEAncia2C-farF3is-alF3genos-de-50w2C-com-bateria-12V-2C-40Ah2C-Grau-de-ProteE7E3o-IP252d20-Fabricante-3A-Wetzel.jpg","datePublished":"2020-09-04T04:02:35+00:00","dateModified":"2023-05-27T19:49:24+00:00","breadcrumb":{"@id":"https:\/\/lojaopening.com.br\/shopp\/produto\/central-aut%f4noma-de-ilumina%e7%e3o-de-emerg%eancia%2c-far%f3is-al%f3genos-de-50w%2c-com-bateria-12v-%2c-40ah%2c-grau-de-prote%e7%e3o-ip%252d20-fabricante-%3a-wetzel\/#breadcrumb"},"inLanguage":"pt-PT","potentialAction":[{"@type":"ReadAction","target":["https:\/\/lojaopening.com.br\/shopp\/produto\/central-aut%f4noma-de-ilumina%e7%e3o-de-emerg%eancia%2c-far%f3is-al%f3genos-de-50w%2c-com-bateria-12v-%2c-40ah%2c-grau-de-prote%e7%e3o-ip%252d20-fabricante-%3a-wetzel\/"]}]},{"@type":"ImageObject","inLanguage":"pt-PT","@id":"https:\/\/lojaopening.com.br\/shopp\/produto\/central-aut%f4noma-de-ilumina%e7%e3o-de-emerg%eancia%2c-far%f3is-al%f3genos-de-50w%2c-com-bateria-12v-%2c-40ah%2c-grau-de-prote%e7%e3o-ip%252d20-fabricante-%3a-wetzel\/#primaryimage","url":"https:\/\/lojaopening.com.br\/wp-content\/uploads\/2020\/09\/Central-AutF4noma-de-IluminaE7E3o-de-EmergEAncia2C-farF3is-alF3genos-de-50w2C-com-bateria-12V-2C-40Ah2C-Grau-de-ProteE7E3o-IP252d20-Fabricante-3A-Wetzel.jpg","contentUrl":"https:\/\/lojaopening.com.br\/wp-content\/uploads\/2020\/09\/Central-AutF4noma-de-IluminaE7E3o-de-EmergEAncia2C-farF3is-alF3genos-de-50w2C-com-bateria-12V-2C-40Ah2C-Grau-de-ProteE7E3o-IP252d20-Fabricante-3A-Wetzel.jpg","width":247,"height":263},{"@type":"BreadcrumbList","@id":"https:\/\/lojaopening.com.br\/shopp\/produto\/central-aut%f4noma-de-ilumina%e7%e3o-de-emerg%eancia%2c-far%f3is-al%f3genos-de-50w%2c-com-bateria-12v-%2c-40ah%2c-grau-de-prote%e7%e3o-ip%252d20-fabricante-%3a-wetzel\/#breadcrumb","itemListElement":[{"@type":"ListItem","position":1,"name":"In\u00edcio","item":"https:\/\/lojaopening.com.br\/shopp\/"},{"@type":"ListItem","position":2,"name":"Shop","item":"https:\/\/lojaopening.com.br\/shopp\/shopp\/"},{"@type":"ListItem","position":3,"name":"Central Aut\u00f4noma de Ilumina\u00e7\u00e3o de Emerg\u00eancia, far\u00f3is al\u00f3genos de 50w, com bateria 12V , 40Ah, Grau de Prote\u00e7\u00e3o IP-20 Fabricante : Wetzel WE-01"}]},{"@type":"WebSite","@id":"https:\/\/lojaopening.com.br\/shopp\/#website","url":"https:\/\/lojaopening.com.br\/shopp\/","name":"Loja Opening","description":"","publisher":{"@id":"https:\/\/lojaopening.com.br\/shopp\/#organization"},"potentialAction":[{"@type":"SearchAction","target":{"@type":"EntryPoint","urlTemplate":"https:\/\/lojaopening.com.br\/shopp\/?s={search_term_string}"},"query-input":{"@type":"PropertyValueSpecification","valueRequired":true,"valueName":"search_term_string"}}],"inLanguage":"pt-PT"},{"@type":"Organization","@id":"https:\/\/lojaopening.com.br\/shopp\/#organization","name":"Opening World Coml Import Export Ltda","url":"https:\/\/lojaopening.com.br\/shopp\/","logo":{"@type":"ImageObject","inLanguage":"pt-PT","@id":"https:\/\/lojaopening.com.br\/shopp\/#\/schema\/logo\/image\/","url":"https:\/\/lojaopening.com.br\/wp-content\/uploads\/2020\/09\/logo_header.png","contentUrl":"https:\/\/lojaopening.com.br\/wp-content\/uploads\/2020\/09\/logo_header.png","width":1279,"height":328,"caption":"Opening World Coml Import Export Ltda"},"image":{"@id":"https:\/\/lojaopening.com.br\/shopp\/#\/schema\/logo\/image\/"}}]}},"_links":{"self":[{"href":"https:\/\/lojaopening.com.br\/shopp\/wp-json\/wp\/v2\/product\/724","targetHints":{"allow":["GET"]}}],"collection":[{"href":"https:\/\/lojaopening.com.br\/shopp\/wp-json\/wp\/v2\/product"}],"about":[{"href":"https:\/\/lojaopening.com.br\/shopp\/wp-json\/wp\/v2\/types\/product"}],"wp:featuredmedia":[{"embeddable":true,"href":"https:\/\/lojaopening.com.br\/shopp\/wp-json\/wp\/v2\/media\/913"}],"wp:attachment":[{"href":"https:\/\/lojaopening.com.br\/shopp\/wp-json\/wp\/v2\/media?parent=724"}],"wp:term":[{"taxonomy":"product_brand","embeddable":true,"href":"https:\/\/lojaopening.com.br\/shopp\/wp-json\/wp\/v2\/product_brand?post=724"},{"taxonomy":"product_cat","embeddable":true,"href":"https:\/\/lojaopening.com.br\/shopp\/wp-json\/wp\/v2\/product_cat?post=724"},{"taxonomy":"product_tag","embeddable":true,"href":"https:\/\/lojaopening.com.br\/shopp\/wp-json\/wp\/v2\/product_tag?post=724"}],"curies":[{"name":"wp","href":"https:\/\/api.w.org\/{rel}","templated":true}]}}