{"id":726,"date":"2020-09-04T04:02:54","date_gmt":"2020-09-04T04:02:54","guid":{"rendered":"https:\/\/adsvance.me\/lojaopw\/produto\/abridor-eletrico-automatico-de-latas-industrial-em-aco-inox-modelo-apribox-83802010\/"},"modified":"2023-10-31T00:10:15","modified_gmt":"2023-10-31T00:10:15","slug":"abridor-eletrico-automatico-de-latas-industrial-em-aco-inox-modelo-apribox-83802010","status":"publish","type":"product","link":"https:\/\/lojaopening.com.br\/shopp\/produto\/abridor-eletrico-automatico-de-latas-industrial-em-aco-inox-modelo-apribox-83802010\/","title":{"rendered":"Abridor El\u00e9trico Autom\u00e1tico de Latas Industrial  em a\u00e7o inox modelo Apribox 83802010"},"content":{"rendered":"<p><span class=\"YrbPuc WGKbId BBwThe\"><strong>Fabricante:<\/strong>\u00a0<\/span><span class=\"wHYlTd z8gr9e\">NILMA &#8211; IT\u00c1LIA<\/span><\/p>\n<p><span class=\"YrbPuc WGKbId BBwThe\"><strong>Data de entrega:<\/strong>\u00a0<\/span><span class=\"wHYlTd z8gr9e\">Imediato<\/span><\/p>\n<p><strong>Conex\u00e3o El\u00e9trica:<\/strong> 1\/N &#8211; 220V\/230V &#8211; 60HZ CONDI\u00c7\u00d5ES COMERCIAIS: NCM:8422.30.29<\/p>\n<p><strong>Local de entrega:<\/strong> Ex-Works &#8211; Belo Horizonte-MG &#8211; Informar transportadora de sua prefer\u00eancia<\/p>\n<p><strong>ICMS:<\/strong> 18% incluso &#8211; V\u00e1lido para Minas Gerais ( outros Estados converter para a al\u00edquota de ICMS de 4% conforme RESOLU\u00c7\u00c3O SENDADO FEDERAL 13\/2012)<\/p>\n<p><strong>PIS:<\/strong> 0,65% &#8211; Incluso<\/p>\n<p><strong>COFINS:<\/strong> 3%\u00a0 Incluso<\/p>\n<p><strong>IRPJ:<\/strong> 1% Incluso<\/p>\n<p><strong>CSSL:<\/strong> 1,2% Incluso<\/p>\n<p><strong>IPI:<\/strong> 0% &#8211; N\u00e3o Incidente<\/p>\n<p><strong>Condi\u00e7\u00f5es de Pagamento:<\/strong> A NEGOCIAR DE ACORDO COM O VOLUME DE COMPRAS &#8211;\u00a0 mediante aprova\u00e7\u00e3o Cadastral contra dep\u00f3sito no Banco do Brasil S\/A<\/p>\n<p><strong>Origem do Produto:<\/strong> Importado, Importa\u00e7\u00e3o Direta &#8211; CST-100<\/p>\n<p><strong>Fabricado de acordo com os seguintes padr\u00f5es:<\/strong> EN 60 335-1 and EN 60 335-2-64, with CE-mark<\/p>\n<p><strong>CNPJ de faturamento:<\/strong> 71.347.934\/0001-42 &#8211;\u00a0 Opening World Coml Import Export Ltda<\/p>\n<p>PRE\u00c7OS V\u00c1LIDOS PARA FATURAMENTO PARA\u00a0EMPRESAS COM CNPJ ATIVO, CONSUMIDOR FINAL. CONTRIBUINTE, PARA USO E CONSUMO PR\u00d3PRIO\/ATIVO NO ESTADO DE MINAS GERAIS. PARA OUTROS ESTADOS SOLICITE SUA COTA\u00c7\u00c3O PARA RECEBIMENTO DAS CONDI\u00c7\u00d5ES COMERCIAIS<\/p>\n<p><strong>Clique em Cotar para receber cota\u00e7\u00e3o t\u00e9cnica e comercial<\/strong><\/p>\n","protected":false},"excerpt":{"rendered":"<p>Abridor El\u00e9trico Autom\u00e1tico de Latas Industrial em a\u00e7o inox modelo Apribox83802010<\/p>\n","protected":false},"featured_media":837,"template":"","meta":[],"product_brand":[],"product_cat":[39,443],"product_tag":[],"class_list":{"0":"post-726","1":"product","2":"type-product","3":"status-publish","4":"has-post-thumbnail","6":"product_cat-cozinha-industrial","7":"product_cat-nilma","9":"first","10":"onbackorder","11":"featured","12":"shipping-taxable","13":"purchasable","14":"product-type-simple"},"yoast_head":"<!-- This site is optimized with the Yoast SEO plugin v27.2 - https:\/\/yoast.com\/product\/yoast-seo-wordpress\/ -->\n<title>Abridor El\u00e9trico Autom\u00e1tico de Latas Industrial em a\u00e7o inox modelo Apribox 83802010 - Loja Opening<\/title>\n<meta name=\"description\" content=\"Abridor El\u00e9trico Autom\u00e1tico de Latas Industrial em a\u00e7o inox modelo Apribox - Nilma. apribox_2.JPG Conex\u00e3o El\u00e9trica : 1\/N - 220V\/230V - 60HZ.\" \/>\n<meta name=\"robots\" content=\"index, follow, max-snippet:-1, max-image-preview:large, max-video-preview:-1\" \/>\n<link rel=\"canonical\" href=\"https:\/\/lojaopening.com.br\/shopp\/produto\/abridor-eletrico-automatico-de-latas-industrial-em-aco-inox-modelo-apribox-83802010\/\" \/>\n<meta property=\"og:locale\" content=\"pt_PT\" \/>\n<meta property=\"og:type\" content=\"article\" \/>\n<meta property=\"og:title\" content=\"Abridor El\u00e9trico Autom\u00e1tico de Latas Industrial em a\u00e7o inox modelo Apribox 83802010 - Loja Opening\" \/>\n<meta property=\"og:description\" content=\"Abridor El\u00e9trico Autom\u00e1tico de Latas Industrial em a\u00e7o inox modelo Apribox - Nilma. apribox_2.JPG Conex\u00e3o El\u00e9trica : 1\/N - 220V\/230V - 60HZ.\" \/>\n<meta property=\"og:url\" content=\"https:\/\/lojaopening.com.br\/shopp\/produto\/abridor-eletrico-automatico-de-latas-industrial-em-aco-inox-modelo-apribox-83802010\/\" \/>\n<meta property=\"og:site_name\" content=\"Loja Opening\" \/>\n<meta property=\"article:modified_time\" content=\"2023-10-31T00:10:15+00:00\" \/>\n<meta property=\"og:image\" content=\"https:\/\/lojaopening.com.br\/wp-content\/uploads\/2020\/09\/Abridor-ElE9trico-AutomE1tico-de-Latas-Industrial-em-aE7o-inox-modelo-Apribox-PRONTA-ENTREGA-252d-Nilma.jpg\" \/>\n\t<meta property=\"og:image:width\" content=\"302\" \/>\n\t<meta property=\"og:image:height\" content=\"303\" \/>\n\t<meta property=\"og:image:type\" content=\"image\/jpeg\" \/>\n<meta name=\"twitter:card\" content=\"summary_large_image\" \/>\n<meta name=\"twitter:label1\" content=\"Tempo estimado de leitura\" \/>\n\t<meta name=\"twitter:data1\" content=\"1 minuto\" \/>\n<script type=\"application\/ld+json\" class=\"yoast-schema-graph\">{\"@context\":\"https:\/\/schema.org\",\"@graph\":[{\"@type\":\"WebPage\",\"@id\":\"https:\/\/lojaopening.com.br\/shopp\/produto\/abridor-eletrico-automatico-de-latas-industrial-em-aco-inox-modelo-apribox-83802010\/\",\"url\":\"https:\/\/lojaopening.com.br\/shopp\/produto\/abridor-eletrico-automatico-de-latas-industrial-em-aco-inox-modelo-apribox-83802010\/\",\"name\":\"Abridor El\u00e9trico Autom\u00e1tico de Latas Industrial em a\u00e7o inox modelo Apribox 83802010 - Loja Opening\",\"isPartOf\":{\"@id\":\"https:\/\/lojaopening.com.br\/shopp\/#website\"},\"primaryImageOfPage\":{\"@id\":\"https:\/\/lojaopening.com.br\/shopp\/produto\/abridor-eletrico-automatico-de-latas-industrial-em-aco-inox-modelo-apribox-83802010\/#primaryimage\"},\"image\":{\"@id\":\"https:\/\/lojaopening.com.br\/shopp\/produto\/abridor-eletrico-automatico-de-latas-industrial-em-aco-inox-modelo-apribox-83802010\/#primaryimage\"},\"thumbnailUrl\":\"https:\/\/lojaopening.com.br\/wp-content\/uploads\/2020\/09\/Abridor-ElE9trico-AutomE1tico-de-Latas-Industrial-em-aE7o-inox-modelo-Apribox-PRONTA-ENTREGA-252d-Nilma.jpg\",\"datePublished\":\"2020-09-04T04:02:54+00:00\",\"dateModified\":\"2023-10-31T00:10:15+00:00\",\"description\":\"Abridor El\u00e9trico Autom\u00e1tico de Latas Industrial em a\u00e7o inox modelo Apribox - Nilma. apribox_2.JPG Conex\u00e3o El\u00e9trica : 1\/N - 220V\/230V - 60HZ.\",\"breadcrumb\":{\"@id\":\"https:\/\/lojaopening.com.br\/shopp\/produto\/abridor-eletrico-automatico-de-latas-industrial-em-aco-inox-modelo-apribox-83802010\/#breadcrumb\"},\"inLanguage\":\"pt-PT\",\"potentialAction\":[{\"@type\":\"ReadAction\",\"target\":[\"https:\/\/lojaopening.com.br\/shopp\/produto\/abridor-eletrico-automatico-de-latas-industrial-em-aco-inox-modelo-apribox-83802010\/\"]}]},{\"@type\":\"ImageObject\",\"inLanguage\":\"pt-PT\",\"@id\":\"https:\/\/lojaopening.com.br\/shopp\/produto\/abridor-eletrico-automatico-de-latas-industrial-em-aco-inox-modelo-apribox-83802010\/#primaryimage\",\"url\":\"https:\/\/lojaopening.com.br\/wp-content\/uploads\/2020\/09\/Abridor-ElE9trico-AutomE1tico-de-Latas-Industrial-em-aE7o-inox-modelo-Apribox-PRONTA-ENTREGA-252d-Nilma.jpg\",\"contentUrl\":\"https:\/\/lojaopening.com.br\/wp-content\/uploads\/2020\/09\/Abridor-ElE9trico-AutomE1tico-de-Latas-Industrial-em-aE7o-inox-modelo-Apribox-PRONTA-ENTREGA-252d-Nilma.jpg\",\"width\":302,\"height\":303},{\"@type\":\"BreadcrumbList\",\"@id\":\"https:\/\/lojaopening.com.br\/shopp\/produto\/abridor-eletrico-automatico-de-latas-industrial-em-aco-inox-modelo-apribox-83802010\/#breadcrumb\",\"itemListElement\":[{\"@type\":\"ListItem\",\"position\":1,\"name\":\"In\u00edcio\",\"item\":\"https:\/\/lojaopening.com.br\/shopp\/\"},{\"@type\":\"ListItem\",\"position\":2,\"name\":\"Shop\",\"item\":\"https:\/\/lojaopening.com.br\/shopp\/shopp\/\"},{\"@type\":\"ListItem\",\"position\":3,\"name\":\"Abridor El\u00e9trico Autom\u00e1tico de Latas Industrial em a\u00e7o inox modelo Apribox 83802010\"}]},{\"@type\":\"WebSite\",\"@id\":\"https:\/\/lojaopening.com.br\/shopp\/#website\",\"url\":\"https:\/\/lojaopening.com.br\/shopp\/\",\"name\":\"Loja Opening\",\"description\":\"\",\"publisher\":{\"@id\":\"https:\/\/lojaopening.com.br\/shopp\/#organization\"},\"potentialAction\":[{\"@type\":\"SearchAction\",\"target\":{\"@type\":\"EntryPoint\",\"urlTemplate\":\"https:\/\/lojaopening.com.br\/shopp\/?s={search_term_string}\"},\"query-input\":{\"@type\":\"PropertyValueSpecification\",\"valueRequired\":true,\"valueName\":\"search_term_string\"}}],\"inLanguage\":\"pt-PT\"},{\"@type\":\"Organization\",\"@id\":\"https:\/\/lojaopening.com.br\/shopp\/#organization\",\"name\":\"Opening World Coml Import Export Ltda\",\"url\":\"https:\/\/lojaopening.com.br\/shopp\/\",\"logo\":{\"@type\":\"ImageObject\",\"inLanguage\":\"pt-PT\",\"@id\":\"https:\/\/lojaopening.com.br\/shopp\/#\/schema\/logo\/image\/\",\"url\":\"https:\/\/lojaopening.com.br\/wp-content\/uploads\/2020\/09\/logo_header.png\",\"contentUrl\":\"https:\/\/lojaopening.com.br\/wp-content\/uploads\/2020\/09\/logo_header.png\",\"width\":1279,\"height\":328,\"caption\":\"Opening World Coml Import Export Ltda\"},\"image\":{\"@id\":\"https:\/\/lojaopening.com.br\/shopp\/#\/schema\/logo\/image\/\"}}]}<\/script>\n<!-- \/ Yoast SEO plugin. -->","yoast_head_json":{"title":"Abridor El\u00e9trico Autom\u00e1tico de Latas Industrial em a\u00e7o inox modelo Apribox 83802010 - Loja Opening","description":"Abridor El\u00e9trico Autom\u00e1tico de Latas Industrial em a\u00e7o inox modelo Apribox - Nilma. apribox_2.JPG Conex\u00e3o El\u00e9trica : 1\/N - 220V\/230V - 60HZ.","robots":{"index":"index","follow":"follow","max-snippet":"max-snippet:-1","max-image-preview":"max-image-preview:large","max-video-preview":"max-video-preview:-1"},"canonical":"https:\/\/lojaopening.com.br\/shopp\/produto\/abridor-eletrico-automatico-de-latas-industrial-em-aco-inox-modelo-apribox-83802010\/","og_locale":"pt_PT","og_type":"article","og_title":"Abridor El\u00e9trico Autom\u00e1tico de Latas Industrial em a\u00e7o inox modelo Apribox 83802010 - Loja Opening","og_description":"Abridor El\u00e9trico Autom\u00e1tico de Latas Industrial em a\u00e7o inox modelo Apribox - Nilma. apribox_2.JPG Conex\u00e3o El\u00e9trica : 1\/N - 220V\/230V - 60HZ.","og_url":"https:\/\/lojaopening.com.br\/shopp\/produto\/abridor-eletrico-automatico-de-latas-industrial-em-aco-inox-modelo-apribox-83802010\/","og_site_name":"Loja Opening","article_modified_time":"2023-10-31T00:10:15+00:00","og_image":[{"width":302,"height":303,"url":"https:\/\/lojaopening.com.br\/wp-content\/uploads\/2020\/09\/Abridor-ElE9trico-AutomE1tico-de-Latas-Industrial-em-aE7o-inox-modelo-Apribox-PRONTA-ENTREGA-252d-Nilma.jpg","type":"image\/jpeg"}],"twitter_card":"summary_large_image","twitter_misc":{"Tempo estimado de leitura":"1 minuto"},"schema":{"@context":"https:\/\/schema.org","@graph":[{"@type":"WebPage","@id":"https:\/\/lojaopening.com.br\/shopp\/produto\/abridor-eletrico-automatico-de-latas-industrial-em-aco-inox-modelo-apribox-83802010\/","url":"https:\/\/lojaopening.com.br\/shopp\/produto\/abridor-eletrico-automatico-de-latas-industrial-em-aco-inox-modelo-apribox-83802010\/","name":"Abridor El\u00e9trico Autom\u00e1tico de Latas Industrial em a\u00e7o inox modelo Apribox 83802010 - Loja Opening","isPartOf":{"@id":"https:\/\/lojaopening.com.br\/shopp\/#website"},"primaryImageOfPage":{"@id":"https:\/\/lojaopening.com.br\/shopp\/produto\/abridor-eletrico-automatico-de-latas-industrial-em-aco-inox-modelo-apribox-83802010\/#primaryimage"},"image":{"@id":"https:\/\/lojaopening.com.br\/shopp\/produto\/abridor-eletrico-automatico-de-latas-industrial-em-aco-inox-modelo-apribox-83802010\/#primaryimage"},"thumbnailUrl":"https:\/\/lojaopening.com.br\/wp-content\/uploads\/2020\/09\/Abridor-ElE9trico-AutomE1tico-de-Latas-Industrial-em-aE7o-inox-modelo-Apribox-PRONTA-ENTREGA-252d-Nilma.jpg","datePublished":"2020-09-04T04:02:54+00:00","dateModified":"2023-10-31T00:10:15+00:00","description":"Abridor El\u00e9trico Autom\u00e1tico de Latas Industrial em a\u00e7o inox modelo Apribox - Nilma. apribox_2.JPG Conex\u00e3o El\u00e9trica : 1\/N - 220V\/230V - 60HZ.","breadcrumb":{"@id":"https:\/\/lojaopening.com.br\/shopp\/produto\/abridor-eletrico-automatico-de-latas-industrial-em-aco-inox-modelo-apribox-83802010\/#breadcrumb"},"inLanguage":"pt-PT","potentialAction":[{"@type":"ReadAction","target":["https:\/\/lojaopening.com.br\/shopp\/produto\/abridor-eletrico-automatico-de-latas-industrial-em-aco-inox-modelo-apribox-83802010\/"]}]},{"@type":"ImageObject","inLanguage":"pt-PT","@id":"https:\/\/lojaopening.com.br\/shopp\/produto\/abridor-eletrico-automatico-de-latas-industrial-em-aco-inox-modelo-apribox-83802010\/#primaryimage","url":"https:\/\/lojaopening.com.br\/wp-content\/uploads\/2020\/09\/Abridor-ElE9trico-AutomE1tico-de-Latas-Industrial-em-aE7o-inox-modelo-Apribox-PRONTA-ENTREGA-252d-Nilma.jpg","contentUrl":"https:\/\/lojaopening.com.br\/wp-content\/uploads\/2020\/09\/Abridor-ElE9trico-AutomE1tico-de-Latas-Industrial-em-aE7o-inox-modelo-Apribox-PRONTA-ENTREGA-252d-Nilma.jpg","width":302,"height":303},{"@type":"BreadcrumbList","@id":"https:\/\/lojaopening.com.br\/shopp\/produto\/abridor-eletrico-automatico-de-latas-industrial-em-aco-inox-modelo-apribox-83802010\/#breadcrumb","itemListElement":[{"@type":"ListItem","position":1,"name":"In\u00edcio","item":"https:\/\/lojaopening.com.br\/shopp\/"},{"@type":"ListItem","position":2,"name":"Shop","item":"https:\/\/lojaopening.com.br\/shopp\/shopp\/"},{"@type":"ListItem","position":3,"name":"Abridor El\u00e9trico Autom\u00e1tico de Latas Industrial em a\u00e7o inox modelo Apribox 83802010"}]},{"@type":"WebSite","@id":"https:\/\/lojaopening.com.br\/shopp\/#website","url":"https:\/\/lojaopening.com.br\/shopp\/","name":"Loja Opening","description":"","publisher":{"@id":"https:\/\/lojaopening.com.br\/shopp\/#organization"},"potentialAction":[{"@type":"SearchAction","target":{"@type":"EntryPoint","urlTemplate":"https:\/\/lojaopening.com.br\/shopp\/?s={search_term_string}"},"query-input":{"@type":"PropertyValueSpecification","valueRequired":true,"valueName":"search_term_string"}}],"inLanguage":"pt-PT"},{"@type":"Organization","@id":"https:\/\/lojaopening.com.br\/shopp\/#organization","name":"Opening World Coml Import Export Ltda","url":"https:\/\/lojaopening.com.br\/shopp\/","logo":{"@type":"ImageObject","inLanguage":"pt-PT","@id":"https:\/\/lojaopening.com.br\/shopp\/#\/schema\/logo\/image\/","url":"https:\/\/lojaopening.com.br\/wp-content\/uploads\/2020\/09\/logo_header.png","contentUrl":"https:\/\/lojaopening.com.br\/wp-content\/uploads\/2020\/09\/logo_header.png","width":1279,"height":328,"caption":"Opening World Coml Import Export Ltda"},"image":{"@id":"https:\/\/lojaopening.com.br\/shopp\/#\/schema\/logo\/image\/"}}]}},"_links":{"self":[{"href":"https:\/\/lojaopening.com.br\/shopp\/wp-json\/wp\/v2\/product\/726","targetHints":{"allow":["GET"]}}],"collection":[{"href":"https:\/\/lojaopening.com.br\/shopp\/wp-json\/wp\/v2\/product"}],"about":[{"href":"https:\/\/lojaopening.com.br\/shopp\/wp-json\/wp\/v2\/types\/product"}],"wp:featuredmedia":[{"embeddable":true,"href":"https:\/\/lojaopening.com.br\/shopp\/wp-json\/wp\/v2\/media\/837"}],"wp:attachment":[{"href":"https:\/\/lojaopening.com.br\/shopp\/wp-json\/wp\/v2\/media?parent=726"}],"wp:term":[{"taxonomy":"product_brand","embeddable":true,"href":"https:\/\/lojaopening.com.br\/shopp\/wp-json\/wp\/v2\/product_brand?post=726"},{"taxonomy":"product_cat","embeddable":true,"href":"https:\/\/lojaopening.com.br\/shopp\/wp-json\/wp\/v2\/product_cat?post=726"},{"taxonomy":"product_tag","embeddable":true,"href":"https:\/\/lojaopening.com.br\/shopp\/wp-json\/wp\/v2\/product_tag?post=726"}],"curies":[{"name":"wp","href":"https:\/\/api.w.org\/{rel}","templated":true}]}}