{"id":730,"date":"2020-09-04T04:03:35","date_gmt":"2020-09-04T04:03:35","guid":{"rendered":"https:\/\/adsvance.me\/lojaopw\/produto\/fita-magnetica-para-gravacao-de-dados-dds-1-verbatim-datalife-4mm-dl-60m-certificado-1-3gb-2-6gb-storage-media-p-n-88038\/"},"modified":"2023-05-27T19:49:21","modified_gmt":"2023-05-27T19:49:21","slug":"fita-magn%e9tica-para-grava%e7%e3o-de-dados-dds%252d1-verbatim-datalife-4mm%252ddl%252d60m-certificado-1-3gb-%7b47%7d-2-6gb-storage-media-p%7b47%7dn%3a-88038","status":"publish","type":"product","link":"https:\/\/lojaopening.com.br\/shopp\/produto\/fita-magn%e9tica-para-grava%e7%e3o-de-dados-dds%252d1-verbatim-datalife-4mm%252ddl%252d60m-certificado-1-3gb-%7b47%7d-2-6gb-storage-media-p%7b47%7dn%3a-88038\/","title":{"rendered":"Fita Magn\u00e9tica para grava\u00e7\u00e3o de dados DDS-1 VERBATIM DATALIFE 4MM-DL-60M CERTIFICADO 1.3GB \/ 2.6GB STORAGE MEDIA P\/N: 88038"},"content":{"rendered":"<p>\u00a0 NCM: 8523.29.29\u00a0  ICMS incluso: 12%  CST: 200  \u00a0Pre\u00e7os v\u00e1lidos para faturamento para empresas com CNPJ ativo, CONSUMIDOR FINAL, CONTRIBUINTE para uso e consumo pr\u00f3prio<\/p>\n","protected":false},"excerpt":{"rendered":"<p>Fita Magn\u00e9tica para grava\u00e7\u00e3o de dados DDS-1 VERBATIM DATALIFE 4MM-DL-60M CERTIFICADO 1.3GB \/ 2.6GB STORAGE MEDIA P\/N: 880384MM-DL-60M<\/p>\n","protected":false},"featured_media":894,"template":"","meta":[],"product_brand":[],"product_cat":[44,626],"product_tag":[],"class_list":{"0":"post-730","1":"product","2":"type-product","3":"status-publish","4":"has-post-thumbnail","6":"product_cat-informatica-industrial","7":"product_cat-verbatim","9":"first","10":"onbackorder","11":"shipping-taxable","12":"purchasable","13":"product-type-simple"},"yoast_head":"<!-- This site is optimized with the Yoast SEO plugin v27.2 - https:\/\/yoast.com\/product\/yoast-seo-wordpress\/ -->\n<title>Fita Magn\u00e9tica para grava\u00e7\u00e3o de dados DDS-1 VERBATIM DATALIFE 4MM-DL-60M CERTIFICADO 1.3GB \/ 2.6GB STORAGE MEDIA P\/N: 88038 - Loja Opening<\/title>\n<meta name=\"robots\" content=\"index, follow, max-snippet:-1, max-image-preview:large, max-video-preview:-1\" \/>\n<link rel=\"canonical\" href=\"https:\/\/lojaopening.com.br\/shopp\/produto\/fita-magn?tica-para-grava??o-de-dados-dds%2d1-verbatim-datalife-4mm%2ddl%2d60m-certificado-1-3gb-47-2-6gb-storage-media-p47n:-88038\/\" \/>\n<meta property=\"og:locale\" content=\"pt_PT\" \/>\n<meta property=\"og:type\" content=\"article\" \/>\n<meta property=\"og:title\" content=\"Fita Magn\u00e9tica para grava\u00e7\u00e3o de dados DDS-1 VERBATIM DATALIFE 4MM-DL-60M CERTIFICADO 1.3GB \/ 2.6GB STORAGE MEDIA P\/N: 88038 - Loja Opening\" \/>\n<meta property=\"og:description\" content=\"Fita Magn\u00e9tica para grava\u00e7\u00e3o de dados DDS-1 VERBATIM DATALIFE 4MM-DL-60M CERTIFICADO 1.3GB \/ 2.6GB STORAGE MEDIA P\/N: 880384MM-DL-60M\" \/>\n<meta property=\"og:url\" content=\"\" \/>\n<meta property=\"og:site_name\" content=\"Loja Opening\" \/>\n<meta property=\"article:modified_time\" content=\"2023-05-27T19:49:21+00:00\" \/>\n<meta property=\"og:image\" content=\"https:\/\/lojaopening.com.br\/wp-content\/uploads\/2020\/09\/Fita-MagnE9tica-para-gravaE7E3o-de-dados-DDS252d1-VERBATIM-DATALIFE-4MM252dDL252d60M-CERTIFICADO-1.3GB-7B477D-2.6GB-STORAGE-MEDIA-P7B477DN3A-88038.jpg\" \/>\n\t<meta property=\"og:image:width\" content=\"380\" \/>\n\t<meta property=\"og:image:height\" content=\"182\" \/>\n\t<meta property=\"og:image:type\" content=\"image\/jpeg\" \/>\n<meta name=\"twitter:card\" content=\"summary_large_image\" \/>\n<script type=\"application\/ld+json\" class=\"yoast-schema-graph\">{\"@context\":\"https:\/\/schema.org\",\"@graph\":[{\"@type\":\"WebPage\",\"@id\":\"https:\/\/lojaopening.com.br\/shopp\/produto\/fita-magn%e9tica-para-grava%e7%e3o-de-dados-dds%252d1-verbatim-datalife-4mm%252ddl%252d60m-certificado-1-3gb-%7b47%7d-2-6gb-storage-media-p%7b47%7dn%3a-88038\/\",\"url\":\"https:\/\/lojaopening.com.br\/shopp\/produto\/fita-magn%e9tica-para-grava%e7%e3o-de-dados-dds%252d1-verbatim-datalife-4mm%252ddl%252d60m-certificado-1-3gb-%7b47%7d-2-6gb-storage-media-p%7b47%7dn%3a-88038\/\",\"name\":\"Fita Magn\u00e9tica para grava\u00e7\u00e3o de dados DDS-1 VERBATIM DATALIFE 4MM-DL-60M CERTIFICADO 1.3GB \/ 2.6GB STORAGE MEDIA P\/N: 88038 - Loja Opening\",\"isPartOf\":{\"@id\":\"https:\/\/lojaopening.com.br\/shopp\/#website\"},\"primaryImageOfPage\":{\"@id\":\"https:\/\/lojaopening.com.br\/shopp\/produto\/fita-magn%e9tica-para-grava%e7%e3o-de-dados-dds%252d1-verbatim-datalife-4mm%252ddl%252d60m-certificado-1-3gb-%7b47%7d-2-6gb-storage-media-p%7b47%7dn%3a-88038\/#primaryimage\"},\"image\":{\"@id\":\"https:\/\/lojaopening.com.br\/shopp\/produto\/fita-magn%e9tica-para-grava%e7%e3o-de-dados-dds%252d1-verbatim-datalife-4mm%252ddl%252d60m-certificado-1-3gb-%7b47%7d-2-6gb-storage-media-p%7b47%7dn%3a-88038\/#primaryimage\"},\"thumbnailUrl\":\"https:\/\/lojaopening.com.br\/wp-content\/uploads\/2020\/09\/Fita-MagnE9tica-para-gravaE7E3o-de-dados-DDS252d1-VERBATIM-DATALIFE-4MM252dDL252d60M-CERTIFICADO-1.3GB-7B477D-2.6GB-STORAGE-MEDIA-P7B477DN3A-88038.jpg\",\"datePublished\":\"2020-09-04T04:03:35+00:00\",\"dateModified\":\"2023-05-27T19:49:21+00:00\",\"breadcrumb\":{\"@id\":\"https:\/\/lojaopening.com.br\/shopp\/produto\/fita-magn%e9tica-para-grava%e7%e3o-de-dados-dds%252d1-verbatim-datalife-4mm%252ddl%252d60m-certificado-1-3gb-%7b47%7d-2-6gb-storage-media-p%7b47%7dn%3a-88038\/#breadcrumb\"},\"inLanguage\":\"pt-PT\",\"potentialAction\":[{\"@type\":\"ReadAction\",\"target\":[\"https:\/\/lojaopening.com.br\/shopp\/produto\/fita-magn%e9tica-para-grava%e7%e3o-de-dados-dds%252d1-verbatim-datalife-4mm%252ddl%252d60m-certificado-1-3gb-%7b47%7d-2-6gb-storage-media-p%7b47%7dn%3a-88038\/\"]}]},{\"@type\":\"ImageObject\",\"inLanguage\":\"pt-PT\",\"@id\":\"https:\/\/lojaopening.com.br\/shopp\/produto\/fita-magn%e9tica-para-grava%e7%e3o-de-dados-dds%252d1-verbatim-datalife-4mm%252ddl%252d60m-certificado-1-3gb-%7b47%7d-2-6gb-storage-media-p%7b47%7dn%3a-88038\/#primaryimage\",\"url\":\"https:\/\/lojaopening.com.br\/wp-content\/uploads\/2020\/09\/Fita-MagnE9tica-para-gravaE7E3o-de-dados-DDS252d1-VERBATIM-DATALIFE-4MM252dDL252d60M-CERTIFICADO-1.3GB-7B477D-2.6GB-STORAGE-MEDIA-P7B477DN3A-88038.jpg\",\"contentUrl\":\"https:\/\/lojaopening.com.br\/wp-content\/uploads\/2020\/09\/Fita-MagnE9tica-para-gravaE7E3o-de-dados-DDS252d1-VERBATIM-DATALIFE-4MM252dDL252d60M-CERTIFICADO-1.3GB-7B477D-2.6GB-STORAGE-MEDIA-P7B477DN3A-88038.jpg\",\"width\":380,\"height\":182},{\"@type\":\"BreadcrumbList\",\"@id\":\"https:\/\/lojaopening.com.br\/shopp\/produto\/fita-magn%e9tica-para-grava%e7%e3o-de-dados-dds%252d1-verbatim-datalife-4mm%252ddl%252d60m-certificado-1-3gb-%7b47%7d-2-6gb-storage-media-p%7b47%7dn%3a-88038\/#breadcrumb\",\"itemListElement\":[{\"@type\":\"ListItem\",\"position\":1,\"name\":\"In\u00edcio\",\"item\":\"https:\/\/lojaopening.com.br\/shopp\/\"},{\"@type\":\"ListItem\",\"position\":2,\"name\":\"Shop\",\"item\":\"https:\/\/lojaopening.com.br\/shopp\/shopp\/\"},{\"@type\":\"ListItem\",\"position\":3,\"name\":\"Fita Magn\u00e9tica para grava\u00e7\u00e3o de dados DDS-1 VERBATIM DATALIFE 4MM-DL-60M CERTIFICADO 1.3GB \/ 2.6GB STORAGE MEDIA P\/N: 88038\"}]},{\"@type\":\"WebSite\",\"@id\":\"https:\/\/lojaopening.com.br\/shopp\/#website\",\"url\":\"https:\/\/lojaopening.com.br\/shopp\/\",\"name\":\"Loja Opening\",\"description\":\"\",\"publisher\":{\"@id\":\"https:\/\/lojaopening.com.br\/shopp\/#organization\"},\"potentialAction\":[{\"@type\":\"SearchAction\",\"target\":{\"@type\":\"EntryPoint\",\"urlTemplate\":\"https:\/\/lojaopening.com.br\/shopp\/?s={search_term_string}\"},\"query-input\":{\"@type\":\"PropertyValueSpecification\",\"valueRequired\":true,\"valueName\":\"search_term_string\"}}],\"inLanguage\":\"pt-PT\"},{\"@type\":\"Organization\",\"@id\":\"https:\/\/lojaopening.com.br\/shopp\/#organization\",\"name\":\"Opening World Coml Import Export Ltda\",\"url\":\"https:\/\/lojaopening.com.br\/shopp\/\",\"logo\":{\"@type\":\"ImageObject\",\"inLanguage\":\"pt-PT\",\"@id\":\"https:\/\/lojaopening.com.br\/shopp\/#\/schema\/logo\/image\/\",\"url\":\"https:\/\/lojaopening.com.br\/wp-content\/uploads\/2020\/09\/logo_header.png\",\"contentUrl\":\"https:\/\/lojaopening.com.br\/wp-content\/uploads\/2020\/09\/logo_header.png\",\"width\":1279,\"height\":328,\"caption\":\"Opening World Coml Import Export Ltda\"},\"image\":{\"@id\":\"https:\/\/lojaopening.com.br\/shopp\/#\/schema\/logo\/image\/\"}}]}<\/script>\n<!-- \/ Yoast SEO plugin. -->","yoast_head_json":{"title":"Fita Magn\u00e9tica para grava\u00e7\u00e3o de dados DDS-1 VERBATIM DATALIFE 4MM-DL-60M CERTIFICADO 1.3GB \/ 2.6GB STORAGE MEDIA P\/N: 88038 - Loja Opening","robots":{"index":"index","follow":"follow","max-snippet":"max-snippet:-1","max-image-preview":"max-image-preview:large","max-video-preview":"max-video-preview:-1"},"canonical":"https:\/\/lojaopening.com.br\/shopp\/produto\/fita-magn?tica-para-grava??o-de-dados-dds%2d1-verbatim-datalife-4mm%2ddl%2d60m-certificado-1-3gb-{47}-2-6gb-storage-media-p{47}n:-88038\/","og_locale":"pt_PT","og_type":"article","og_title":"Fita Magn\u00e9tica para grava\u00e7\u00e3o de dados DDS-1 VERBATIM DATALIFE 4MM-DL-60M CERTIFICADO 1.3GB \/ 2.6GB STORAGE MEDIA P\/N: 88038 - Loja Opening","og_description":"Fita Magn\u00e9tica para grava\u00e7\u00e3o de dados DDS-1 VERBATIM DATALIFE 4MM-DL-60M CERTIFICADO 1.3GB \/ 2.6GB STORAGE MEDIA P\/N: 880384MM-DL-60M","og_url":"https:\/\/lojaopening.com.br\/shopp\/produto\/fita-magn?tica-para-grava??o-de-dados-dds%2d1-verbatim-datalife-4mm%2ddl%2d60m-certificado-1-3gb-{47}-2-6gb-storage-media-p{47}n:-88038\/","og_site_name":"Loja Opening","article_modified_time":"2023-05-27T19:49:21+00:00","og_image":[{"width":380,"height":182,"url":"https:\/\/lojaopening.com.br\/wp-content\/uploads\/2020\/09\/Fita-MagnE9tica-para-gravaE7E3o-de-dados-DDS252d1-VERBATIM-DATALIFE-4MM252dDL252d60M-CERTIFICADO-1.3GB-7B477D-2.6GB-STORAGE-MEDIA-P7B477DN3A-88038.jpg","type":"image\/jpeg"}],"twitter_card":"summary_large_image","schema":{"@context":"https:\/\/schema.org","@graph":[{"@type":"WebPage","@id":"https:\/\/lojaopening.com.br\/shopp\/produto\/fita-magn%e9tica-para-grava%e7%e3o-de-dados-dds%252d1-verbatim-datalife-4mm%252ddl%252d60m-certificado-1-3gb-%7b47%7d-2-6gb-storage-media-p%7b47%7dn%3a-88038\/","url":"https:\/\/lojaopening.com.br\/shopp\/produto\/fita-magn%e9tica-para-grava%e7%e3o-de-dados-dds%252d1-verbatim-datalife-4mm%252ddl%252d60m-certificado-1-3gb-%7b47%7d-2-6gb-storage-media-p%7b47%7dn%3a-88038\/","name":"Fita Magn\u00e9tica para grava\u00e7\u00e3o de dados DDS-1 VERBATIM DATALIFE 4MM-DL-60M CERTIFICADO 1.3GB \/ 2.6GB STORAGE MEDIA P\/N: 88038 - Loja Opening","isPartOf":{"@id":"https:\/\/lojaopening.com.br\/shopp\/#website"},"primaryImageOfPage":{"@id":"https:\/\/lojaopening.com.br\/shopp\/produto\/fita-magn%e9tica-para-grava%e7%e3o-de-dados-dds%252d1-verbatim-datalife-4mm%252ddl%252d60m-certificado-1-3gb-%7b47%7d-2-6gb-storage-media-p%7b47%7dn%3a-88038\/#primaryimage"},"image":{"@id":"https:\/\/lojaopening.com.br\/shopp\/produto\/fita-magn%e9tica-para-grava%e7%e3o-de-dados-dds%252d1-verbatim-datalife-4mm%252ddl%252d60m-certificado-1-3gb-%7b47%7d-2-6gb-storage-media-p%7b47%7dn%3a-88038\/#primaryimage"},"thumbnailUrl":"https:\/\/lojaopening.com.br\/wp-content\/uploads\/2020\/09\/Fita-MagnE9tica-para-gravaE7E3o-de-dados-DDS252d1-VERBATIM-DATALIFE-4MM252dDL252d60M-CERTIFICADO-1.3GB-7B477D-2.6GB-STORAGE-MEDIA-P7B477DN3A-88038.jpg","datePublished":"2020-09-04T04:03:35+00:00","dateModified":"2023-05-27T19:49:21+00:00","breadcrumb":{"@id":"https:\/\/lojaopening.com.br\/shopp\/produto\/fita-magn%e9tica-para-grava%e7%e3o-de-dados-dds%252d1-verbatim-datalife-4mm%252ddl%252d60m-certificado-1-3gb-%7b47%7d-2-6gb-storage-media-p%7b47%7dn%3a-88038\/#breadcrumb"},"inLanguage":"pt-PT","potentialAction":[{"@type":"ReadAction","target":["https:\/\/lojaopening.com.br\/shopp\/produto\/fita-magn%e9tica-para-grava%e7%e3o-de-dados-dds%252d1-verbatim-datalife-4mm%252ddl%252d60m-certificado-1-3gb-%7b47%7d-2-6gb-storage-media-p%7b47%7dn%3a-88038\/"]}]},{"@type":"ImageObject","inLanguage":"pt-PT","@id":"https:\/\/lojaopening.com.br\/shopp\/produto\/fita-magn%e9tica-para-grava%e7%e3o-de-dados-dds%252d1-verbatim-datalife-4mm%252ddl%252d60m-certificado-1-3gb-%7b47%7d-2-6gb-storage-media-p%7b47%7dn%3a-88038\/#primaryimage","url":"https:\/\/lojaopening.com.br\/wp-content\/uploads\/2020\/09\/Fita-MagnE9tica-para-gravaE7E3o-de-dados-DDS252d1-VERBATIM-DATALIFE-4MM252dDL252d60M-CERTIFICADO-1.3GB-7B477D-2.6GB-STORAGE-MEDIA-P7B477DN3A-88038.jpg","contentUrl":"https:\/\/lojaopening.com.br\/wp-content\/uploads\/2020\/09\/Fita-MagnE9tica-para-gravaE7E3o-de-dados-DDS252d1-VERBATIM-DATALIFE-4MM252dDL252d60M-CERTIFICADO-1.3GB-7B477D-2.6GB-STORAGE-MEDIA-P7B477DN3A-88038.jpg","width":380,"height":182},{"@type":"BreadcrumbList","@id":"https:\/\/lojaopening.com.br\/shopp\/produto\/fita-magn%e9tica-para-grava%e7%e3o-de-dados-dds%252d1-verbatim-datalife-4mm%252ddl%252d60m-certificado-1-3gb-%7b47%7d-2-6gb-storage-media-p%7b47%7dn%3a-88038\/#breadcrumb","itemListElement":[{"@type":"ListItem","position":1,"name":"In\u00edcio","item":"https:\/\/lojaopening.com.br\/shopp\/"},{"@type":"ListItem","position":2,"name":"Shop","item":"https:\/\/lojaopening.com.br\/shopp\/shopp\/"},{"@type":"ListItem","position":3,"name":"Fita Magn\u00e9tica para grava\u00e7\u00e3o de dados DDS-1 VERBATIM DATALIFE 4MM-DL-60M CERTIFICADO 1.3GB \/ 2.6GB STORAGE MEDIA P\/N: 88038"}]},{"@type":"WebSite","@id":"https:\/\/lojaopening.com.br\/shopp\/#website","url":"https:\/\/lojaopening.com.br\/shopp\/","name":"Loja Opening","description":"","publisher":{"@id":"https:\/\/lojaopening.com.br\/shopp\/#organization"},"potentialAction":[{"@type":"SearchAction","target":{"@type":"EntryPoint","urlTemplate":"https:\/\/lojaopening.com.br\/shopp\/?s={search_term_string}"},"query-input":{"@type":"PropertyValueSpecification","valueRequired":true,"valueName":"search_term_string"}}],"inLanguage":"pt-PT"},{"@type":"Organization","@id":"https:\/\/lojaopening.com.br\/shopp\/#organization","name":"Opening World Coml Import Export Ltda","url":"https:\/\/lojaopening.com.br\/shopp\/","logo":{"@type":"ImageObject","inLanguage":"pt-PT","@id":"https:\/\/lojaopening.com.br\/shopp\/#\/schema\/logo\/image\/","url":"https:\/\/lojaopening.com.br\/wp-content\/uploads\/2020\/09\/logo_header.png","contentUrl":"https:\/\/lojaopening.com.br\/wp-content\/uploads\/2020\/09\/logo_header.png","width":1279,"height":328,"caption":"Opening World Coml Import Export Ltda"},"image":{"@id":"https:\/\/lojaopening.com.br\/shopp\/#\/schema\/logo\/image\/"}}]}},"_links":{"self":[{"href":"https:\/\/lojaopening.com.br\/shopp\/wp-json\/wp\/v2\/product\/730","targetHints":{"allow":["GET"]}}],"collection":[{"href":"https:\/\/lojaopening.com.br\/shopp\/wp-json\/wp\/v2\/product"}],"about":[{"href":"https:\/\/lojaopening.com.br\/shopp\/wp-json\/wp\/v2\/types\/product"}],"wp:featuredmedia":[{"embeddable":true,"href":"https:\/\/lojaopening.com.br\/shopp\/wp-json\/wp\/v2\/media\/894"}],"wp:attachment":[{"href":"https:\/\/lojaopening.com.br\/shopp\/wp-json\/wp\/v2\/media?parent=730"}],"wp:term":[{"taxonomy":"product_brand","embeddable":true,"href":"https:\/\/lojaopening.com.br\/shopp\/wp-json\/wp\/v2\/product_brand?post=730"},{"taxonomy":"product_cat","embeddable":true,"href":"https:\/\/lojaopening.com.br\/shopp\/wp-json\/wp\/v2\/product_cat?post=730"},{"taxonomy":"product_tag","embeddable":true,"href":"https:\/\/lojaopening.com.br\/shopp\/wp-json\/wp\/v2\/product_tag?post=730"}],"curies":[{"name":"wp","href":"https:\/\/api.w.org\/{rel}","templated":true}]}}