{"id":731,"date":"2020-09-04T04:03:44","date_gmt":"2020-09-04T04:03:44","guid":{"rendered":"https:\/\/adsvance.me\/lojaopw\/produto\/sensor-eletromagnetico-magnescale-de-cabeca-leitora-com-cabo-de-25m-e-conector-distancia-sensora-150mm-ref-ha-705lk-905-sony\/"},"modified":"2023-05-27T19:49:21","modified_gmt":"2023-05-27T19:49:21","slug":"sensor-eletromagn%c9tico-magnescale-de-cabe%c7a-leitora-com-cabo-de-25m-e-conector-dist%c2ncia-sensora-150mm-ref-ha%252d705lk%252d905-%252d-sony","status":"publish","type":"product","link":"https:\/\/lojaopening.com.br\/shopp\/produto\/sensor-eletromagn%c9tico-magnescale-de-cabe%c7a-leitora-com-cabo-de-25m-e-conector-dist%c2ncia-sensora-150mm-ref-ha%252d705lk%252d905-%252d-sony\/","title":{"rendered":"SENSOR ELETROMAGN\u00c9TICO MAGNESCALE  DE CABE\u00c7A LEITORA  COM CABO DE 2,5M E CONECTOR, DIST\u00c2NCIA SENSORA 150MM REF. HA-705LK-905 &#8211; SONY"},"content":{"rendered":"<p>COMPAT\u00cdVEL COM A ESCALA MSS976R NCM: 9031.80.99\u00a0 ICMS incluso: 18% CST: 100 \u00a0Pre\u00e7os v\u00e1lidos para faturamento para empresas com CNPJ ativo, CONSUMIDOR FINAL, CONTRIBUINTE para uso e consumo pr\u00f3prio<\/p>\n","protected":false},"excerpt":{"rendered":"<p>SENSOR ELETROMAGN\u00c9TICO MAGNESCALE DE CABE\u00c7A LEITORA COM CABO DE 2,5M E CONECTOR, DIST\u00c2NCIA SENSORA 150MM REF. HA-705LK-905 &#8211; SONYHA-705LK-905<\/p>\n","protected":false},"featured_media":842,"template":"","meta":[],"product_brand":[],"product_cat":[38,627],"product_tag":[],"class_list":{"0":"post-731","1":"product","2":"type-product","3":"status-publish","4":"has-post-thumbnail","6":"product_cat-automacao-industrial","7":"product_cat-sony-magnescale","9":"first","10":"onbackorder","11":"shipping-taxable","12":"purchasable","13":"product-type-simple"},"yoast_head":"<!-- This site is optimized with the Yoast SEO plugin v27.2 - https:\/\/yoast.com\/product\/yoast-seo-wordpress\/ -->\n<title>SENSOR ELETROMAGN\u00c9TICO MAGNESCALE DE CABE\u00c7A LEITORA COM CABO DE 2,5M E CONECTOR, DIST\u00c2NCIA SENSORA 150MM REF. HA-705LK-905 - SONY - Loja Opening<\/title>\n<meta name=\"robots\" content=\"index, follow, max-snippet:-1, max-image-preview:large, max-video-preview:-1\" \/>\n<link rel=\"canonical\" href=\"https:\/\/lojaopening.com.br\/shopp\/produto\/sensor-eletromagn?tico-magnescale-de-cabe?a-leitora-com-cabo-de-25m-e-conector-dist?ncia-sensora-150mm-ref-ha%2d705lk%2d905-%2d-sony\/\" \/>\n<meta property=\"og:locale\" content=\"pt_PT\" \/>\n<meta property=\"og:type\" content=\"article\" \/>\n<meta property=\"og:title\" content=\"SENSOR ELETROMAGN\u00c9TICO MAGNESCALE DE CABE\u00c7A LEITORA COM CABO DE 2,5M E CONECTOR, DIST\u00c2NCIA SENSORA 150MM REF. HA-705LK-905 - SONY - Loja Opening\" \/>\n<meta property=\"og:description\" content=\"SENSOR ELETROMAGN\u00c9TICO MAGNESCALE DE CABE\u00c7A LEITORA COM CABO DE 2,5M E CONECTOR, DIST\u00c2NCIA SENSORA 150MM REF. HA-705LK-905 - SONYHA-705LK-905\" \/>\n<meta property=\"og:url\" content=\"\" \/>\n<meta property=\"og:site_name\" content=\"Loja Opening\" \/>\n<meta property=\"article:modified_time\" content=\"2023-05-27T19:49:21+00:00\" \/>\n<meta property=\"og:image\" content=\"https:\/\/lojaopening.com.br\/wp-content\/uploads\/2020\/09\/SENSOR-ELETROMAGNC9TICO-MAGNESCALE-DE-CABEC7A-LEITORA-COM-CABO-DE-22C5M-E-CONECTOR2C-DISTC2NCIA-SENSORA-150MM-REF.-HA252d705LK252d905-252d-SONY.jpg\" \/>\n\t<meta property=\"og:image:width\" content=\"246\" \/>\n\t<meta property=\"og:image:height\" content=\"189\" \/>\n\t<meta property=\"og:image:type\" content=\"image\/jpeg\" \/>\n<meta name=\"twitter:card\" content=\"summary_large_image\" \/>\n<script type=\"application\/ld+json\" class=\"yoast-schema-graph\">{\"@context\":\"https:\/\/schema.org\",\"@graph\":[{\"@type\":\"WebPage\",\"@id\":\"https:\/\/lojaopening.com.br\/shopp\/produto\/sensor-eletromagn%c9tico-magnescale-de-cabe%c7a-leitora-com-cabo-de-25m-e-conector-dist%c2ncia-sensora-150mm-ref-ha%252d705lk%252d905-%252d-sony\/\",\"url\":\"https:\/\/lojaopening.com.br\/shopp\/produto\/sensor-eletromagn%c9tico-magnescale-de-cabe%c7a-leitora-com-cabo-de-25m-e-conector-dist%c2ncia-sensora-150mm-ref-ha%252d705lk%252d905-%252d-sony\/\",\"name\":\"SENSOR ELETROMAGN\u00c9TICO MAGNESCALE DE CABE\u00c7A LEITORA COM CABO DE 2,5M E CONECTOR, DIST\u00c2NCIA SENSORA 150MM REF. HA-705LK-905 - SONY - Loja Opening\",\"isPartOf\":{\"@id\":\"https:\/\/lojaopening.com.br\/shopp\/#website\"},\"primaryImageOfPage\":{\"@id\":\"https:\/\/lojaopening.com.br\/shopp\/produto\/sensor-eletromagn%c9tico-magnescale-de-cabe%c7a-leitora-com-cabo-de-25m-e-conector-dist%c2ncia-sensora-150mm-ref-ha%252d705lk%252d905-%252d-sony\/#primaryimage\"},\"image\":{\"@id\":\"https:\/\/lojaopening.com.br\/shopp\/produto\/sensor-eletromagn%c9tico-magnescale-de-cabe%c7a-leitora-com-cabo-de-25m-e-conector-dist%c2ncia-sensora-150mm-ref-ha%252d705lk%252d905-%252d-sony\/#primaryimage\"},\"thumbnailUrl\":\"https:\/\/lojaopening.com.br\/wp-content\/uploads\/2020\/09\/SENSOR-ELETROMAGNC9TICO-MAGNESCALE-DE-CABEC7A-LEITORA-COM-CABO-DE-22C5M-E-CONECTOR2C-DISTC2NCIA-SENSORA-150MM-REF.-HA252d705LK252d905-252d-SONY.jpg\",\"datePublished\":\"2020-09-04T04:03:44+00:00\",\"dateModified\":\"2023-05-27T19:49:21+00:00\",\"breadcrumb\":{\"@id\":\"https:\/\/lojaopening.com.br\/shopp\/produto\/sensor-eletromagn%c9tico-magnescale-de-cabe%c7a-leitora-com-cabo-de-25m-e-conector-dist%c2ncia-sensora-150mm-ref-ha%252d705lk%252d905-%252d-sony\/#breadcrumb\"},\"inLanguage\":\"pt-PT\",\"potentialAction\":[{\"@type\":\"ReadAction\",\"target\":[\"https:\/\/lojaopening.com.br\/shopp\/produto\/sensor-eletromagn%c9tico-magnescale-de-cabe%c7a-leitora-com-cabo-de-25m-e-conector-dist%c2ncia-sensora-150mm-ref-ha%252d705lk%252d905-%252d-sony\/\"]}]},{\"@type\":\"ImageObject\",\"inLanguage\":\"pt-PT\",\"@id\":\"https:\/\/lojaopening.com.br\/shopp\/produto\/sensor-eletromagn%c9tico-magnescale-de-cabe%c7a-leitora-com-cabo-de-25m-e-conector-dist%c2ncia-sensora-150mm-ref-ha%252d705lk%252d905-%252d-sony\/#primaryimage\",\"url\":\"https:\/\/lojaopening.com.br\/wp-content\/uploads\/2020\/09\/SENSOR-ELETROMAGNC9TICO-MAGNESCALE-DE-CABEC7A-LEITORA-COM-CABO-DE-22C5M-E-CONECTOR2C-DISTC2NCIA-SENSORA-150MM-REF.-HA252d705LK252d905-252d-SONY.jpg\",\"contentUrl\":\"https:\/\/lojaopening.com.br\/wp-content\/uploads\/2020\/09\/SENSOR-ELETROMAGNC9TICO-MAGNESCALE-DE-CABEC7A-LEITORA-COM-CABO-DE-22C5M-E-CONECTOR2C-DISTC2NCIA-SENSORA-150MM-REF.-HA252d705LK252d905-252d-SONY.jpg\",\"width\":246,\"height\":189},{\"@type\":\"BreadcrumbList\",\"@id\":\"https:\/\/lojaopening.com.br\/shopp\/produto\/sensor-eletromagn%c9tico-magnescale-de-cabe%c7a-leitora-com-cabo-de-25m-e-conector-dist%c2ncia-sensora-150mm-ref-ha%252d705lk%252d905-%252d-sony\/#breadcrumb\",\"itemListElement\":[{\"@type\":\"ListItem\",\"position\":1,\"name\":\"In\u00edcio\",\"item\":\"https:\/\/lojaopening.com.br\/shopp\/\"},{\"@type\":\"ListItem\",\"position\":2,\"name\":\"Shop\",\"item\":\"https:\/\/lojaopening.com.br\/shopp\/shopp\/\"},{\"@type\":\"ListItem\",\"position\":3,\"name\":\"SENSOR ELETROMAGN\u00c9TICO MAGNESCALE DE CABE\u00c7A LEITORA COM CABO DE 2,5M E CONECTOR, DIST\u00c2NCIA SENSORA 150MM REF. HA-705LK-905 &#8211; SONY\"}]},{\"@type\":\"WebSite\",\"@id\":\"https:\/\/lojaopening.com.br\/shopp\/#website\",\"url\":\"https:\/\/lojaopening.com.br\/shopp\/\",\"name\":\"Loja Opening\",\"description\":\"\",\"publisher\":{\"@id\":\"https:\/\/lojaopening.com.br\/shopp\/#organization\"},\"potentialAction\":[{\"@type\":\"SearchAction\",\"target\":{\"@type\":\"EntryPoint\",\"urlTemplate\":\"https:\/\/lojaopening.com.br\/shopp\/?s={search_term_string}\"},\"query-input\":{\"@type\":\"PropertyValueSpecification\",\"valueRequired\":true,\"valueName\":\"search_term_string\"}}],\"inLanguage\":\"pt-PT\"},{\"@type\":\"Organization\",\"@id\":\"https:\/\/lojaopening.com.br\/shopp\/#organization\",\"name\":\"Opening World Coml Import Export Ltda\",\"url\":\"https:\/\/lojaopening.com.br\/shopp\/\",\"logo\":{\"@type\":\"ImageObject\",\"inLanguage\":\"pt-PT\",\"@id\":\"https:\/\/lojaopening.com.br\/shopp\/#\/schema\/logo\/image\/\",\"url\":\"https:\/\/lojaopening.com.br\/wp-content\/uploads\/2020\/09\/logo_header.png\",\"contentUrl\":\"https:\/\/lojaopening.com.br\/wp-content\/uploads\/2020\/09\/logo_header.png\",\"width\":1279,\"height\":328,\"caption\":\"Opening World Coml Import Export Ltda\"},\"image\":{\"@id\":\"https:\/\/lojaopening.com.br\/shopp\/#\/schema\/logo\/image\/\"}}]}<\/script>\n<!-- \/ Yoast SEO plugin. -->","yoast_head_json":{"title":"SENSOR ELETROMAGN\u00c9TICO MAGNESCALE DE CABE\u00c7A LEITORA COM CABO DE 2,5M E CONECTOR, DIST\u00c2NCIA SENSORA 150MM REF. HA-705LK-905 - SONY - Loja Opening","robots":{"index":"index","follow":"follow","max-snippet":"max-snippet:-1","max-image-preview":"max-image-preview:large","max-video-preview":"max-video-preview:-1"},"canonical":"https:\/\/lojaopening.com.br\/shopp\/produto\/sensor-eletromagn?tico-magnescale-de-cabe?a-leitora-com-cabo-de-25m-e-conector-dist?ncia-sensora-150mm-ref-ha%2d705lk%2d905-%2d-sony\/","og_locale":"pt_PT","og_type":"article","og_title":"SENSOR ELETROMAGN\u00c9TICO MAGNESCALE DE CABE\u00c7A LEITORA COM CABO DE 2,5M E CONECTOR, DIST\u00c2NCIA SENSORA 150MM REF. HA-705LK-905 - SONY - Loja Opening","og_description":"SENSOR ELETROMAGN\u00c9TICO MAGNESCALE DE CABE\u00c7A LEITORA COM CABO DE 2,5M E CONECTOR, DIST\u00c2NCIA SENSORA 150MM REF. HA-705LK-905 - SONYHA-705LK-905","og_url":"https:\/\/lojaopening.com.br\/shopp\/produto\/sensor-eletromagn?tico-magnescale-de-cabe?a-leitora-com-cabo-de-25m-e-conector-dist?ncia-sensora-150mm-ref-ha%2d705lk%2d905-%2d-sony\/","og_site_name":"Loja Opening","article_modified_time":"2023-05-27T19:49:21+00:00","og_image":[{"width":246,"height":189,"url":"https:\/\/lojaopening.com.br\/wp-content\/uploads\/2020\/09\/SENSOR-ELETROMAGNC9TICO-MAGNESCALE-DE-CABEC7A-LEITORA-COM-CABO-DE-22C5M-E-CONECTOR2C-DISTC2NCIA-SENSORA-150MM-REF.-HA252d705LK252d905-252d-SONY.jpg","type":"image\/jpeg"}],"twitter_card":"summary_large_image","schema":{"@context":"https:\/\/schema.org","@graph":[{"@type":"WebPage","@id":"https:\/\/lojaopening.com.br\/shopp\/produto\/sensor-eletromagn%c9tico-magnescale-de-cabe%c7a-leitora-com-cabo-de-25m-e-conector-dist%c2ncia-sensora-150mm-ref-ha%252d705lk%252d905-%252d-sony\/","url":"https:\/\/lojaopening.com.br\/shopp\/produto\/sensor-eletromagn%c9tico-magnescale-de-cabe%c7a-leitora-com-cabo-de-25m-e-conector-dist%c2ncia-sensora-150mm-ref-ha%252d705lk%252d905-%252d-sony\/","name":"SENSOR ELETROMAGN\u00c9TICO MAGNESCALE DE CABE\u00c7A LEITORA COM CABO DE 2,5M E CONECTOR, DIST\u00c2NCIA SENSORA 150MM REF. HA-705LK-905 - SONY - Loja Opening","isPartOf":{"@id":"https:\/\/lojaopening.com.br\/shopp\/#website"},"primaryImageOfPage":{"@id":"https:\/\/lojaopening.com.br\/shopp\/produto\/sensor-eletromagn%c9tico-magnescale-de-cabe%c7a-leitora-com-cabo-de-25m-e-conector-dist%c2ncia-sensora-150mm-ref-ha%252d705lk%252d905-%252d-sony\/#primaryimage"},"image":{"@id":"https:\/\/lojaopening.com.br\/shopp\/produto\/sensor-eletromagn%c9tico-magnescale-de-cabe%c7a-leitora-com-cabo-de-25m-e-conector-dist%c2ncia-sensora-150mm-ref-ha%252d705lk%252d905-%252d-sony\/#primaryimage"},"thumbnailUrl":"https:\/\/lojaopening.com.br\/wp-content\/uploads\/2020\/09\/SENSOR-ELETROMAGNC9TICO-MAGNESCALE-DE-CABEC7A-LEITORA-COM-CABO-DE-22C5M-E-CONECTOR2C-DISTC2NCIA-SENSORA-150MM-REF.-HA252d705LK252d905-252d-SONY.jpg","datePublished":"2020-09-04T04:03:44+00:00","dateModified":"2023-05-27T19:49:21+00:00","breadcrumb":{"@id":"https:\/\/lojaopening.com.br\/shopp\/produto\/sensor-eletromagn%c9tico-magnescale-de-cabe%c7a-leitora-com-cabo-de-25m-e-conector-dist%c2ncia-sensora-150mm-ref-ha%252d705lk%252d905-%252d-sony\/#breadcrumb"},"inLanguage":"pt-PT","potentialAction":[{"@type":"ReadAction","target":["https:\/\/lojaopening.com.br\/shopp\/produto\/sensor-eletromagn%c9tico-magnescale-de-cabe%c7a-leitora-com-cabo-de-25m-e-conector-dist%c2ncia-sensora-150mm-ref-ha%252d705lk%252d905-%252d-sony\/"]}]},{"@type":"ImageObject","inLanguage":"pt-PT","@id":"https:\/\/lojaopening.com.br\/shopp\/produto\/sensor-eletromagn%c9tico-magnescale-de-cabe%c7a-leitora-com-cabo-de-25m-e-conector-dist%c2ncia-sensora-150mm-ref-ha%252d705lk%252d905-%252d-sony\/#primaryimage","url":"https:\/\/lojaopening.com.br\/wp-content\/uploads\/2020\/09\/SENSOR-ELETROMAGNC9TICO-MAGNESCALE-DE-CABEC7A-LEITORA-COM-CABO-DE-22C5M-E-CONECTOR2C-DISTC2NCIA-SENSORA-150MM-REF.-HA252d705LK252d905-252d-SONY.jpg","contentUrl":"https:\/\/lojaopening.com.br\/wp-content\/uploads\/2020\/09\/SENSOR-ELETROMAGNC9TICO-MAGNESCALE-DE-CABEC7A-LEITORA-COM-CABO-DE-22C5M-E-CONECTOR2C-DISTC2NCIA-SENSORA-150MM-REF.-HA252d705LK252d905-252d-SONY.jpg","width":246,"height":189},{"@type":"BreadcrumbList","@id":"https:\/\/lojaopening.com.br\/shopp\/produto\/sensor-eletromagn%c9tico-magnescale-de-cabe%c7a-leitora-com-cabo-de-25m-e-conector-dist%c2ncia-sensora-150mm-ref-ha%252d705lk%252d905-%252d-sony\/#breadcrumb","itemListElement":[{"@type":"ListItem","position":1,"name":"In\u00edcio","item":"https:\/\/lojaopening.com.br\/shopp\/"},{"@type":"ListItem","position":2,"name":"Shop","item":"https:\/\/lojaopening.com.br\/shopp\/shopp\/"},{"@type":"ListItem","position":3,"name":"SENSOR ELETROMAGN\u00c9TICO MAGNESCALE DE CABE\u00c7A LEITORA COM CABO DE 2,5M E CONECTOR, DIST\u00c2NCIA SENSORA 150MM REF. HA-705LK-905 &#8211; SONY"}]},{"@type":"WebSite","@id":"https:\/\/lojaopening.com.br\/shopp\/#website","url":"https:\/\/lojaopening.com.br\/shopp\/","name":"Loja Opening","description":"","publisher":{"@id":"https:\/\/lojaopening.com.br\/shopp\/#organization"},"potentialAction":[{"@type":"SearchAction","target":{"@type":"EntryPoint","urlTemplate":"https:\/\/lojaopening.com.br\/shopp\/?s={search_term_string}"},"query-input":{"@type":"PropertyValueSpecification","valueRequired":true,"valueName":"search_term_string"}}],"inLanguage":"pt-PT"},{"@type":"Organization","@id":"https:\/\/lojaopening.com.br\/shopp\/#organization","name":"Opening World Coml Import Export Ltda","url":"https:\/\/lojaopening.com.br\/shopp\/","logo":{"@type":"ImageObject","inLanguage":"pt-PT","@id":"https:\/\/lojaopening.com.br\/shopp\/#\/schema\/logo\/image\/","url":"https:\/\/lojaopening.com.br\/wp-content\/uploads\/2020\/09\/logo_header.png","contentUrl":"https:\/\/lojaopening.com.br\/wp-content\/uploads\/2020\/09\/logo_header.png","width":1279,"height":328,"caption":"Opening World Coml Import Export Ltda"},"image":{"@id":"https:\/\/lojaopening.com.br\/shopp\/#\/schema\/logo\/image\/"}}]}},"_links":{"self":[{"href":"https:\/\/lojaopening.com.br\/shopp\/wp-json\/wp\/v2\/product\/731","targetHints":{"allow":["GET"]}}],"collection":[{"href":"https:\/\/lojaopening.com.br\/shopp\/wp-json\/wp\/v2\/product"}],"about":[{"href":"https:\/\/lojaopening.com.br\/shopp\/wp-json\/wp\/v2\/types\/product"}],"wp:featuredmedia":[{"embeddable":true,"href":"https:\/\/lojaopening.com.br\/shopp\/wp-json\/wp\/v2\/media\/842"}],"wp:attachment":[{"href":"https:\/\/lojaopening.com.br\/shopp\/wp-json\/wp\/v2\/media?parent=731"}],"wp:term":[{"taxonomy":"product_brand","embeddable":true,"href":"https:\/\/lojaopening.com.br\/shopp\/wp-json\/wp\/v2\/product_brand?post=731"},{"taxonomy":"product_cat","embeddable":true,"href":"https:\/\/lojaopening.com.br\/shopp\/wp-json\/wp\/v2\/product_cat?post=731"},{"taxonomy":"product_tag","embeddable":true,"href":"https:\/\/lojaopening.com.br\/shopp\/wp-json\/wp\/v2\/product_tag?post=731"}],"curies":[{"name":"wp","href":"https:\/\/api.w.org\/{rel}","templated":true}]}}