{"id":732,"date":"2020-09-04T04:03:54","date_gmt":"2020-09-04T04:03:54","guid":{"rendered":"https:\/\/adsvance.me\/lojaopw\/produto\/smartphone-samsung-galaxy-young-plus-tv-branco-dual-chip-tv-digital-android-4-1-processador-dual-core-tela-3-2-camera-3mp-memoria-4gb-gt-s6293-t-gt-s6293t\/"},"modified":"2023-05-27T19:49:20","modified_gmt":"2023-05-27T19:49:20","slug":"smartphone-samsung-galaxy-young-plus-tv-branco-dual-chip-tv-digital-android-4-1-processador-dual-core-tela-3-2%22-c%e2mera-3mp-mem%f3ria-4gb-%252d-gt%252ds6293%252dt","status":"publish","type":"product","link":"https:\/\/lojaopening.com.br\/shopp\/produto\/smartphone-samsung-galaxy-young-plus-tv-branco-dual-chip-tv-digital-android-4-1-processador-dual-core-tela-3-2%22-c%e2mera-3mp-mem%f3ria-4gb-%252d-gt%252ds6293%252dt\/","title":{"rendered":"Smartphone Samsung Galaxy Young Plus TV Branco, Dual Chip, TV Digital, Android 4.1, Processador Dual Core, Tela 3.2&#8243;, C\u00e2mera 3MP, Mem\u00f3ria 4GB &#8211; GT-S6293-T GT-S6293T"},"content":{"rendered":"<p>Smartphone Samsung Galaxy Young Plus TV Branco, Dual Chip, TV Digital, Android 4.1, Processador Dual Core, Tela 3.2&#8243;, C\u00e2mera 3MP, Mem\u00f3ria 4GB &#8211; GT-S6293-T \u00a0 O Galaxy Young Duos \u00e9 um smartphone totalmente moderno e um belo design para pessoas que gostam de tecnologia e de interagir com o mundo!Dual Chip:- Com o Smartphone Samsung Duos voc\u00ea ter\u00e1 mais facilidade e flexibilidade, podendo utilizar dois chips de qualquer operadora em um \u00fanico aparelho. Com esse sistema, voc\u00ea ter\u00e1 mais praticidade e economia nos custos com as promo\u00e7\u00f5es oferecidas pelas operadoras.- Dois chips proporcionam toda a conveni\u00eancia de ter dois celulares em um. \u00c9 uma excelente maneira de economizar ao combinar dois planos ou operadoras diferentes, para que voc\u00ea possa ter uma conta profissional e uma pessoal no mesmo aparelho ou at\u00e9 mesmo compartilh\u00e1-lo com algu\u00e9m e tudo isso sem nem precisar desligar o celular para trocar de chip. Compartilhe:- Compartilhe m\u00fasicas, fotos e os mais diversos conte\u00fados com seus amigos ou com quem queira pelo Bluetooth. Com ele, voc\u00ea pode trocar arquivos com o computador utilizando a conex\u00e3o via cabo USB.TV Digital e Aplicativos- Desenvolvido com TV Digital, o Young Duos TV da Samsung permite que voc\u00ea assista \u00e0 jogos, novelas ou qualquer outra programa\u00e7\u00e3o onde estiver. Dessa forma, voc\u00ea n\u00e3o deixar\u00e1 de assistir a seus programas favoritos por n\u00e3o estar perto de uma TV.- Tudo isso para proporcionar mais entretenimento no seu dia a dia e na palma da sua m\u00e3o e ainda milhares de aplicativos para Download.Android 4.1 e Aplicativos Google:- O Samsung Galaxy Young Duos TV vem com Android 4.1 e diversos aplicativos Google embarcados de f\u00e1brica. Tenha acesso aos seus e-mails atrav\u00e9s do link para o Gmail.\u00a0 \u00a0\u00a0 &#8211; Descubra com precis\u00e3o a sua localiza\u00e7\u00e3o com o Google Maps. Fa\u00e7a pesquisas r\u00e1pidas na internet usando o Google Search e tenha r\u00e1pido acesso \u00e0 v\u00eddeos com o link para o You Tube.Performance:- Muita performance com Processador Dual Core 1.0 Ghz, 2 Chips, Internet 3G, Conex\u00e3o Wi-Fi e Tela de 3.26&#8242; \u00a0\u00a0 Caracter\u00edsticas do produto \u00a0 \u00a0 Ocultar caracter\u00edsticas Aviso sobre o produto Imagem Meramente Ilustrativa Dimens\u00f5es aproximadas do produto (A x L x P): 10,9 x 5,9 x 1,32 cm. Peso aproximado do produto 112 g. Dimens\u00f5es aproximadas do produto com embalagem 366 g. Peso aproximado do produto com embalagem (A x L x P): 13,0 x 7,2 x 7,3 cm. Alimenta\u00e7\u00e3o Energia El\u00e9trica &#8211; Bivolt Conte\u00fado da Embalagem &#8211; 01 Smartphone; &#8211; 01 Bateria; &#8211; 01 Carregador; &#8211; 01 Cabo USB; &#8211; 01 Fone de Ouvido. Plataforma Android Mem\u00f3ria interna At\u00e9 4 GB Mem\u00f3ria expansivel At\u00e9 64 GB Conex\u00e3o Wi-fi Conex\u00e3o 3G C\u00e2mera 3 Megapixels N\u00famero de chips Dual chip Modelo Galaxy Processador Broadcom | BCM2093 Dual Core 1.0GHz. Formato Barra Tela 3.26&#8242; Recursos Gerais Bluetooth Recursos de Foto N\u00famero de pixels &#8211; 3.0 Zoom digital &#8211; 4x Foco autom\u00e1tico &#8211; n\u00e3o Recursos Extras &#8211; Efeitos de Foto. C\u00e2mera frontal &#8211; n\u00e3o Flash &#8211; n\u00e3o Recursos de V\u00eddeo Grava v\u00eddeos &#8211; sim no m\u00e1ximo em 60 min. Resolu\u00e7\u00e3o do V\u00eddeo &#8211; VGA. Formatos de v\u00eddeo &#8211; H.263 + AMR NB \/ H.264 + AAC. Rede de Dados 3G HSDPA; &#8211; GSM; &#8211; GPRS; &#8211; EDGE. Bateria Ions de L\u00edtio &#8211; 1300 mAh Dura\u00e7\u00e3o: em espera at\u00e9 17 dias. Em conversa\u00e7\u00e3o at\u00e9 10 horas. Tipo de Cart\u00e3o de Mem\u00f3ria MicroSD \u00a0 \u00a0 \u00a0 \u00a0 Smartphone Samsung Galaxy Young Plus TV Branco, Dual Chip, TV Digital, Android 4.1, Processador Dual Core, Tela 3.2&#8243;, C\u00e2mera 3MP, Mem\u00f3ria 4GB &#8211; GT-S6293-T \u00a0 O Galaxy Young Duos \u00e9 um smartphone totalmente moderno e um belo design para pessoas que gostam de tecnologia e de interagir com o mundo!Dual Chip:- Com o Smartphone Samsung Duos voc\u00ea ter\u00e1 mais facilidade e flexibilidade, podendo utilizar dois chips de qualquer operadora em um \u00fanico aparelho. Com esse sistema, voc\u00ea ter\u00e1 mais praticidade e economia nos custos com as promo\u00e7\u00f5es oferecidas pelas operadoras.- Dois chips proporcionam toda a conveni\u00eancia de ter dois celulares em um. \u00c9 uma excelente maneira de economizar ao combinar dois planos ou operadoras diferentes, para que voc\u00ea possa ter uma conta profissional e uma pessoal no mesmo aparelho ou at\u00e9 mesmo compartilh\u00e1-lo com algu\u00e9m e tudo isso sem nem precisar desligar o celular para trocar de chip.Compartilhe:- Compartilhe m\u00fasicas, fotos e os mais diversos conte\u00fados com seus amigos ou com quem queira pelo Bluetooth. Com ele, voc\u00ea pode trocar arquivos com o computador utilizando a conex\u00e3o via cabo USB.TV Digital e Aplicativos- Desenvolvido com TV Digital, o Young Duos TV da Samsung permite que voc\u00ea assista \u00e0 jogos, novelas ou qualquer outra programa\u00e7\u00e3o onde estiver. Dessa forma, voc\u00ea n\u00e3o deixar\u00e1 de assistir a seus programas favoritos por n\u00e3o estar perto de uma TV.- Tudo isso para proporcionar mais entretenimento no seu dia a dia e na palma da sua m\u00e3o e ainda milhares de aplicativos para Download.Android 4.1 e Aplicativos Google:- O Samsung Galaxy Young Duos TV vem com Android 4.1 e diversos aplicativos Google embarcados de f\u00e1brica. Tenha acesso aos seus e-mails atrav\u00e9s do link para o Gmail.\u00a0 &#8211; Descubra com precis\u00e3o a sua localiza\u00e7\u00e3o com o Google Maps. Fa\u00e7a pesquisas r\u00e1pidas na internet usando o Google Search e tenha r\u00e1pido acesso \u00e0 v\u00eddeos com o link para o You Tube.Performance:- Muita performance com Processador Dual Core 1.0 Ghz, 2 Chips, Internet 3G, Conex\u00e3o Wi-Fi e Tela de 3.26&#8242; Caracter\u00edsticas do produto Ocultar caracter\u00edsticas Aviso sobre o produto Imagem Meramente Ilustrativa Dimens\u00f5es aproximadas do produto (A x L x P): 10,9 x 5,9 x 1,32 cm. Peso aproximado do produto 112 g. Dimens\u00f5es aproximadas do produto com embalagem 366 g. Peso aproximado do produto com embalagem (A x L x P): 13,0 x 7,2 x 7,3 cm. Alimenta\u00e7\u00e3o Energia El\u00e9trica &#8211; Bivolt Conte\u00fado da Embalagem &#8211; 01 Smartphone; &#8211; 01 Bateria; &#8211; 01 Carregador; &#8211; 01 Cabo USB; &#8211; 01 Fone de Ouvido. Plataforma Android Mem\u00f3ria interna At\u00e9 4 GB Mem\u00f3ria expansivel At\u00e9 64 GB Conex\u00e3o Wi-fi Conex\u00e3o 3G C\u00e2mera 3 Megapixels N\u00famero de chips Dual chip Modelo Galaxy Processador Broadcom | BCM2093 Dual Core 1.0GHz. Formato Barra Tela 3.26&#8242; Recursos Gerais Bluetooth Recursos de Foto N\u00famero de pixels &#8211; 3.0 Zoom digital &#8211; 4x Foco autom\u00e1tico &#8211; n\u00e3o Recursos Extras &#8211; Efeitos de Foto. C\u00e2mera frontal &#8211; n\u00e3o Flash &#8211; n\u00e3o Recursos de V\u00eddeo Grava v\u00eddeos &#8211; sim no m\u00e1ximo em 60 min. Resolu\u00e7\u00e3o do V\u00eddeo &#8211; VGA. Formatos de v\u00eddeo &#8211; H.263 + AMR NB \/ H.264 + AAC. Rede de Dados 3G HSDPA; &#8211; GSM; &#8211; GPRS; &#8211; EDGE. Bateria Ions de L\u00edtio &#8211; 1300 mAh Dura\u00e7\u00e3o: em espera at\u00e9 17 dias. Em conversa\u00e7\u00e3o at\u00e9 10 horas. Tipo de Cart\u00e3o de Mem\u00f3ria MicroSD \u00a0 NCM: 8517.12.31\u00a0  ICMS incluso: 18%  CST: 000  \u00a0Pre\u00e7os v\u00e1lidos para faturamento para empresas com CNPJ ativo, CONSUMIDOR FINAL, CONTRIBUINTE para uso e consumo pr\u00f3prio<\/p>\n","protected":false},"excerpt":{"rendered":"<p>Smartphone Samsung Galaxy Young Plus TV Branco, Dual Chip, TV Digital, Android 4.1, Processador Dual Core, Tela 3.2&#8243;, C\u00e2mera 3MP, Mem\u00f3ria 4GB &#8211; GT-S6293-TGT-S6293T<\/p>\n","protected":false},"featured_media":0,"template":"","meta":[],"product_brand":[],"product_cat":[149,52],"product_tag":[],"class_list":{"0":"post-732","1":"product","2":"type-product","3":"status-publish","5":"product_cat-samsung","6":"product_cat-telefonia","8":"first","9":"onbackorder","10":"shipping-taxable","11":"purchasable","12":"product-type-simple"},"yoast_head":"<!-- This site is optimized with the Yoast SEO plugin v27.2 - https:\/\/yoast.com\/product\/yoast-seo-wordpress\/ -->\n<title>Smartphone Samsung Galaxy Young Plus TV Branco, Dual Chip, TV Digital, Android 4.1, Processador Dual Core, Tela 3.2&quot;, C\u00e2mera 3MP, Mem\u00f3ria 4GB - GT-S6293-T GT-S6293T - Loja Opening<\/title>\n<meta name=\"robots\" content=\"index, follow, max-snippet:-1, max-image-preview:large, max-video-preview:-1\" \/>\n<link rel=\"canonical\" href=\"https:\/\/lojaopening.com.br\/shopp\/produto\/smartphone-samsung-galaxy-young-plus-tv-branco-dual-chip-tv-digital-android-4-1-processador-dual-core-tela-3-2-c?mera-3mp-mem?ria-4gb-%2d-gt%2ds6293%2dt\/\" \/>\n<meta property=\"og:locale\" content=\"pt_PT\" \/>\n<meta property=\"og:type\" content=\"article\" \/>\n<meta property=\"og:title\" content=\"Smartphone Samsung Galaxy Young Plus TV Branco, Dual Chip, TV Digital, Android 4.1, Processador Dual Core, Tela 3.2&quot;, C\u00e2mera 3MP, Mem\u00f3ria 4GB - GT-S6293-T GT-S6293T - Loja Opening\" \/>\n<meta property=\"og:description\" content=\"Smartphone Samsung Galaxy Young Plus TV Branco, Dual Chip, TV Digital, Android 4.1, Processador Dual Core, Tela 3.2&quot;, C\u00e2mera 3MP, Mem\u00f3ria 4GB - GT-S6293-TGT-S6293T\" \/>\n<meta property=\"og:url\" content=\"\" \/>\n<meta property=\"og:site_name\" content=\"Loja Opening\" \/>\n<meta property=\"article:modified_time\" content=\"2023-05-27T19:49:20+00:00\" \/>\n<meta name=\"twitter:card\" content=\"summary_large_image\" \/>\n<meta name=\"twitter:label1\" content=\"Tempo estimado de leitura\" \/>\n\t<meta name=\"twitter:data1\" content=\"6 minutos\" \/>\n<script type=\"application\/ld+json\" class=\"yoast-schema-graph\">{\"@context\":\"https:\/\/schema.org\",\"@graph\":[{\"@type\":\"WebPage\",\"@id\":\"https:\/\/lojaopening.com.br\/shopp\/produto\/smartphone-samsung-galaxy-young-plus-tv-branco-dual-chip-tv-digital-android-4-1-processador-dual-core-tela-3-2%22-c%e2mera-3mp-mem%f3ria-4gb-%252d-gt%252ds6293%252dt\/\",\"url\":\"https:\/\/lojaopening.com.br\/shopp\/produto\/smartphone-samsung-galaxy-young-plus-tv-branco-dual-chip-tv-digital-android-4-1-processador-dual-core-tela-3-2%22-c%e2mera-3mp-mem%f3ria-4gb-%252d-gt%252ds6293%252dt\/\",\"name\":\"Smartphone Samsung Galaxy Young Plus TV Branco, Dual Chip, TV Digital, Android 4.1, Processador Dual Core, Tela 3.2\\\", C\u00e2mera 3MP, Mem\u00f3ria 4GB - GT-S6293-T GT-S6293T - Loja Opening\",\"isPartOf\":{\"@id\":\"https:\/\/lojaopening.com.br\/shopp\/#website\"},\"datePublished\":\"2020-09-04T04:03:54+00:00\",\"dateModified\":\"2023-05-27T19:49:20+00:00\",\"breadcrumb\":{\"@id\":\"https:\/\/lojaopening.com.br\/shopp\/produto\/smartphone-samsung-galaxy-young-plus-tv-branco-dual-chip-tv-digital-android-4-1-processador-dual-core-tela-3-2%22-c%e2mera-3mp-mem%f3ria-4gb-%252d-gt%252ds6293%252dt\/#breadcrumb\"},\"inLanguage\":\"pt-PT\",\"potentialAction\":[{\"@type\":\"ReadAction\",\"target\":[\"https:\/\/lojaopening.com.br\/shopp\/produto\/smartphone-samsung-galaxy-young-plus-tv-branco-dual-chip-tv-digital-android-4-1-processador-dual-core-tela-3-2%22-c%e2mera-3mp-mem%f3ria-4gb-%252d-gt%252ds6293%252dt\/\"]}]},{\"@type\":\"BreadcrumbList\",\"@id\":\"https:\/\/lojaopening.com.br\/shopp\/produto\/smartphone-samsung-galaxy-young-plus-tv-branco-dual-chip-tv-digital-android-4-1-processador-dual-core-tela-3-2%22-c%e2mera-3mp-mem%f3ria-4gb-%252d-gt%252ds6293%252dt\/#breadcrumb\",\"itemListElement\":[{\"@type\":\"ListItem\",\"position\":1,\"name\":\"In\u00edcio\",\"item\":\"https:\/\/lojaopening.com.br\/shopp\/\"},{\"@type\":\"ListItem\",\"position\":2,\"name\":\"Shop\",\"item\":\"https:\/\/lojaopening.com.br\/shopp\/shopp\/\"},{\"@type\":\"ListItem\",\"position\":3,\"name\":\"Smartphone Samsung Galaxy Young Plus TV Branco, Dual Chip, TV Digital, Android 4.1, Processador Dual Core, Tela 3.2&#8243;, C\u00e2mera 3MP, Mem\u00f3ria 4GB &#8211; GT-S6293-T GT-S6293T\"}]},{\"@type\":\"WebSite\",\"@id\":\"https:\/\/lojaopening.com.br\/shopp\/#website\",\"url\":\"https:\/\/lojaopening.com.br\/shopp\/\",\"name\":\"Loja Opening\",\"description\":\"\",\"publisher\":{\"@id\":\"https:\/\/lojaopening.com.br\/shopp\/#organization\"},\"potentialAction\":[{\"@type\":\"SearchAction\",\"target\":{\"@type\":\"EntryPoint\",\"urlTemplate\":\"https:\/\/lojaopening.com.br\/shopp\/?s={search_term_string}\"},\"query-input\":{\"@type\":\"PropertyValueSpecification\",\"valueRequired\":true,\"valueName\":\"search_term_string\"}}],\"inLanguage\":\"pt-PT\"},{\"@type\":\"Organization\",\"@id\":\"https:\/\/lojaopening.com.br\/shopp\/#organization\",\"name\":\"Opening World Coml Import Export Ltda\",\"url\":\"https:\/\/lojaopening.com.br\/shopp\/\",\"logo\":{\"@type\":\"ImageObject\",\"inLanguage\":\"pt-PT\",\"@id\":\"https:\/\/lojaopening.com.br\/shopp\/#\/schema\/logo\/image\/\",\"url\":\"https:\/\/lojaopening.com.br\/wp-content\/uploads\/2020\/09\/logo_header.png\",\"contentUrl\":\"https:\/\/lojaopening.com.br\/wp-content\/uploads\/2020\/09\/logo_header.png\",\"width\":1279,\"height\":328,\"caption\":\"Opening World Coml Import Export Ltda\"},\"image\":{\"@id\":\"https:\/\/lojaopening.com.br\/shopp\/#\/schema\/logo\/image\/\"}}]}<\/script>\n<!-- \/ Yoast SEO plugin. -->","yoast_head_json":{"title":"Smartphone Samsung Galaxy Young Plus TV Branco, Dual Chip, TV Digital, Android 4.1, Processador Dual Core, Tela 3.2\", C\u00e2mera 3MP, Mem\u00f3ria 4GB - GT-S6293-T GT-S6293T - Loja Opening","robots":{"index":"index","follow":"follow","max-snippet":"max-snippet:-1","max-image-preview":"max-image-preview:large","max-video-preview":"max-video-preview:-1"},"canonical":"https:\/\/lojaopening.com.br\/shopp\/produto\/smartphone-samsung-galaxy-young-plus-tv-branco-dual-chip-tv-digital-android-4-1-processador-dual-core-tela-3-2\"-c?mera-3mp-mem?ria-4gb-%2d-gt%2ds6293%2dt\/","og_locale":"pt_PT","og_type":"article","og_title":"Smartphone Samsung Galaxy Young Plus TV Branco, Dual Chip, TV Digital, Android 4.1, Processador Dual Core, Tela 3.2\", C\u00e2mera 3MP, Mem\u00f3ria 4GB - GT-S6293-T GT-S6293T - Loja Opening","og_description":"Smartphone Samsung Galaxy Young Plus TV Branco, Dual Chip, TV Digital, Android 4.1, Processador Dual Core, Tela 3.2\", C\u00e2mera 3MP, Mem\u00f3ria 4GB - GT-S6293-TGT-S6293T","og_url":"https:\/\/lojaopening.com.br\/shopp\/produto\/smartphone-samsung-galaxy-young-plus-tv-branco-dual-chip-tv-digital-android-4-1-processador-dual-core-tela-3-2\"-c?mera-3mp-mem?ria-4gb-%2d-gt%2ds6293%2dt\/","og_site_name":"Loja Opening","article_modified_time":"2023-05-27T19:49:20+00:00","twitter_card":"summary_large_image","twitter_misc":{"Tempo estimado de leitura":"6 minutos"},"schema":{"@context":"https:\/\/schema.org","@graph":[{"@type":"WebPage","@id":"https:\/\/lojaopening.com.br\/shopp\/produto\/smartphone-samsung-galaxy-young-plus-tv-branco-dual-chip-tv-digital-android-4-1-processador-dual-core-tela-3-2%22-c%e2mera-3mp-mem%f3ria-4gb-%252d-gt%252ds6293%252dt\/","url":"https:\/\/lojaopening.com.br\/shopp\/produto\/smartphone-samsung-galaxy-young-plus-tv-branco-dual-chip-tv-digital-android-4-1-processador-dual-core-tela-3-2%22-c%e2mera-3mp-mem%f3ria-4gb-%252d-gt%252ds6293%252dt\/","name":"Smartphone Samsung Galaxy Young Plus TV Branco, Dual Chip, TV Digital, Android 4.1, Processador Dual Core, Tela 3.2\", C\u00e2mera 3MP, Mem\u00f3ria 4GB - GT-S6293-T GT-S6293T - Loja Opening","isPartOf":{"@id":"https:\/\/lojaopening.com.br\/shopp\/#website"},"datePublished":"2020-09-04T04:03:54+00:00","dateModified":"2023-05-27T19:49:20+00:00","breadcrumb":{"@id":"https:\/\/lojaopening.com.br\/shopp\/produto\/smartphone-samsung-galaxy-young-plus-tv-branco-dual-chip-tv-digital-android-4-1-processador-dual-core-tela-3-2%22-c%e2mera-3mp-mem%f3ria-4gb-%252d-gt%252ds6293%252dt\/#breadcrumb"},"inLanguage":"pt-PT","potentialAction":[{"@type":"ReadAction","target":["https:\/\/lojaopening.com.br\/shopp\/produto\/smartphone-samsung-galaxy-young-plus-tv-branco-dual-chip-tv-digital-android-4-1-processador-dual-core-tela-3-2%22-c%e2mera-3mp-mem%f3ria-4gb-%252d-gt%252ds6293%252dt\/"]}]},{"@type":"BreadcrumbList","@id":"https:\/\/lojaopening.com.br\/shopp\/produto\/smartphone-samsung-galaxy-young-plus-tv-branco-dual-chip-tv-digital-android-4-1-processador-dual-core-tela-3-2%22-c%e2mera-3mp-mem%f3ria-4gb-%252d-gt%252ds6293%252dt\/#breadcrumb","itemListElement":[{"@type":"ListItem","position":1,"name":"In\u00edcio","item":"https:\/\/lojaopening.com.br\/shopp\/"},{"@type":"ListItem","position":2,"name":"Shop","item":"https:\/\/lojaopening.com.br\/shopp\/shopp\/"},{"@type":"ListItem","position":3,"name":"Smartphone Samsung Galaxy Young Plus TV Branco, Dual Chip, TV Digital, Android 4.1, Processador Dual Core, Tela 3.2&#8243;, C\u00e2mera 3MP, Mem\u00f3ria 4GB &#8211; GT-S6293-T GT-S6293T"}]},{"@type":"WebSite","@id":"https:\/\/lojaopening.com.br\/shopp\/#website","url":"https:\/\/lojaopening.com.br\/shopp\/","name":"Loja Opening","description":"","publisher":{"@id":"https:\/\/lojaopening.com.br\/shopp\/#organization"},"potentialAction":[{"@type":"SearchAction","target":{"@type":"EntryPoint","urlTemplate":"https:\/\/lojaopening.com.br\/shopp\/?s={search_term_string}"},"query-input":{"@type":"PropertyValueSpecification","valueRequired":true,"valueName":"search_term_string"}}],"inLanguage":"pt-PT"},{"@type":"Organization","@id":"https:\/\/lojaopening.com.br\/shopp\/#organization","name":"Opening World Coml Import Export Ltda","url":"https:\/\/lojaopening.com.br\/shopp\/","logo":{"@type":"ImageObject","inLanguage":"pt-PT","@id":"https:\/\/lojaopening.com.br\/shopp\/#\/schema\/logo\/image\/","url":"https:\/\/lojaopening.com.br\/wp-content\/uploads\/2020\/09\/logo_header.png","contentUrl":"https:\/\/lojaopening.com.br\/wp-content\/uploads\/2020\/09\/logo_header.png","width":1279,"height":328,"caption":"Opening World Coml Import Export Ltda"},"image":{"@id":"https:\/\/lojaopening.com.br\/shopp\/#\/schema\/logo\/image\/"}}]}},"_links":{"self":[{"href":"https:\/\/lojaopening.com.br\/shopp\/wp-json\/wp\/v2\/product\/732","targetHints":{"allow":["GET"]}}],"collection":[{"href":"https:\/\/lojaopening.com.br\/shopp\/wp-json\/wp\/v2\/product"}],"about":[{"href":"https:\/\/lojaopening.com.br\/shopp\/wp-json\/wp\/v2\/types\/product"}],"wp:attachment":[{"href":"https:\/\/lojaopening.com.br\/shopp\/wp-json\/wp\/v2\/media?parent=732"}],"wp:term":[{"taxonomy":"product_brand","embeddable":true,"href":"https:\/\/lojaopening.com.br\/shopp\/wp-json\/wp\/v2\/product_brand?post=732"},{"taxonomy":"product_cat","embeddable":true,"href":"https:\/\/lojaopening.com.br\/shopp\/wp-json\/wp\/v2\/product_cat?post=732"},{"taxonomy":"product_tag","embeddable":true,"href":"https:\/\/lojaopening.com.br\/shopp\/wp-json\/wp\/v2\/product_tag?post=732"}],"curies":[{"name":"wp","href":"https:\/\/api.w.org\/{rel}","templated":true}]}}