{"id":735,"date":"2020-09-04T04:04:54","date_gmt":"2020-09-04T04:04:54","guid":{"rendered":"https:\/\/adsvance.me\/lojaopw\/produto\/bebedouro-pressao-inox-press-baby-40-50l-h-110v-libell-pressbaby\/"},"modified":"2023-05-27T19:21:27","modified_gmt":"2023-05-27T19:21:27","slug":"bebedouro-pressao-inox-press-baby-40-50l-h-110v-libell-pressbaby","status":"publish","type":"product","link":"https:\/\/lojaopening.com.br\/shopp\/produto\/bebedouro-pressao-inox-press-baby-40-50l-h-110v-libell-pressbaby\/","title":{"rendered":"Bebedouro press\u00e3o INOX Press Baby 40\/50L\/h 110V Libell PRESSBABY"},"content":{"rendered":"<p>Purificador Press Baby Com refrigera\u00e7\u00e3o semelhante aos grandes purificadores e com sistema de filtra\u00e7\u00e3o sintetizado de tripla filtragem, o Press Baby ocupa pouco espa\u00e7o no ambiente e oferece \u00e1gua de alt\u00edssima qualidade e sabor. Compacto e discreto, o Press Baby tem grau de prote\u00e7\u00e3o IPX4 e refrigera at\u00e9 6 litros de \u00e1gua por hora. Caracter\u00edsticas &#8211; Gabinete sem emendas.- Gabinete em a\u00e7o inox ou a\u00e7o eletrozincado branco, oferecendo mais vida \u00fatil ao produto.- Base pl\u00e1stica de alto impacto.- Pia em a\u00e7o inox polido.- Torneiras para copo e jato cromadas, com regulagem de jato d\u00b4\u00e1gua.- Conex\u00f5es hidr\u00e1ulicas internas em material at\u00f3xico.- Reservat\u00f3rio para \u00e1gua gelada em a\u00e7o inox 304. &#8211; Serpentina em a\u00e7o inox localizada na parte interna do reservat\u00f3rio.- Refrigerado por compressor.- Controlador de temperatura entre 4 e 15\u00baC, com sete n\u00edveis de temperatura.- Sistema interno de filtra\u00e7\u00e3o, com 3 etapas de filtragem.- Vida \u00fatil do elemento filtrante: 4.000 litros ou m\u00e1ximo 6 meses. Dados T\u00e9cnicos Medidas: Com embalagemAltura: 990mmLargura: 315mmProfundidade: 290mmPeso: 13,9kg Sem embalagemAltura: 1065mmLargura: 265mmProfundidade: 295mmPeso: 12,9kg Sistema de voltagem: Refrigera\u00e7\u00e3o por compressor herm\u00e9ticoPot\u00eancia: 154WVoltagem: 127V ou 220V \u00a0 Consumo M\u00e9dio: 127V: 24,80 kWh\/m\u00eas220V: 23,00 kWh\/m\u00eas Capacidade de resfriamento: 6 l\/h (ambientes a 25\u00b0C)Reservat\u00f3rio de \u00e1gua gelada: 3,6 litrosDisponivel na cor:\u00a0Inox NCM: 8421.21.69 ICMS incluso: ST PARA MINAS GERAIS CST: 060 Pre\u00e7os v\u00e1lidos para faturamento para empresas com CNPJ ativo, CONSUMIDOR FINAL, CONTRIBUINTE para uso e consumo pr\u00f3prio<\/p>\n","protected":false},"excerpt":{"rendered":"<p>Bebedouro press\u00e3o INOX Press Baby 40\/50L\/h 110V LibellPRESSBABY<\/p>\n","protected":false},"featured_media":882,"template":"","meta":[],"product_brand":[],"product_cat":[39,341],"product_tag":[],"class_list":{"0":"post-735","1":"product","2":"type-product","3":"status-publish","4":"has-post-thumbnail","6":"product_cat-cozinha-industrial","7":"product_cat-libell","9":"first","10":"onbackorder","11":"shipping-taxable","12":"purchasable","13":"product-type-simple"},"yoast_head":"<!-- This site is optimized with the Yoast SEO plugin v27.2 - https:\/\/yoast.com\/product\/yoast-seo-wordpress\/ -->\n<title>Bebedouro press\u00e3o INOX Press Baby 40\/50L\/h 110V Libell PRESSBABY - Loja Opening<\/title>\n<meta name=\"robots\" content=\"index, follow, max-snippet:-1, max-image-preview:large, max-video-preview:-1\" \/>\n<link rel=\"canonical\" href=\"https:\/\/lojaopening.com.br\/shopp\/produto\/bebedouro-pressao-inox-press-baby-40-50l-h-110v-libell-pressbaby\/\" \/>\n<meta property=\"og:locale\" content=\"pt_PT\" \/>\n<meta property=\"og:type\" content=\"article\" \/>\n<meta property=\"og:title\" content=\"Bebedouro press\u00e3o INOX Press Baby 40\/50L\/h 110V Libell PRESSBABY - Loja Opening\" \/>\n<meta property=\"og:description\" content=\"Bebedouro press\u00e3o INOX Press Baby 40\/50L\/h 110V LibellPRESSBABY\" \/>\n<meta property=\"og:url\" content=\"https:\/\/lojaopening.com.br\/shopp\/produto\/bebedouro-pressao-inox-press-baby-40-50l-h-110v-libell-pressbaby\/\" \/>\n<meta property=\"og:site_name\" content=\"Loja Opening\" \/>\n<meta property=\"article:modified_time\" content=\"2023-05-27T19:21:27+00:00\" \/>\n<meta property=\"og:image\" content=\"https:\/\/lojaopening.com.br\/wp-content\/uploads\/2020\/09\/Bebedouro-pressE3o-INOX-Press-Baby-407B477D50L7B477Dh-110V-Libell.jpg\" \/>\n\t<meta property=\"og:image:width\" content=\"228\" \/>\n\t<meta property=\"og:image:height\" content=\"356\" \/>\n\t<meta property=\"og:image:type\" content=\"image\/jpeg\" \/>\n<meta name=\"twitter:card\" content=\"summary_large_image\" \/>\n<meta name=\"twitter:label1\" content=\"Tempo estimado de leitura\" \/>\n\t<meta name=\"twitter:data1\" content=\"1 minuto\" \/>\n<script type=\"application\/ld+json\" class=\"yoast-schema-graph\">{\"@context\":\"https:\/\/schema.org\",\"@graph\":[{\"@type\":\"WebPage\",\"@id\":\"https:\/\/lojaopening.com.br\/shopp\/produto\/bebedouro-pressao-inox-press-baby-40-50l-h-110v-libell-pressbaby\/\",\"url\":\"https:\/\/lojaopening.com.br\/shopp\/produto\/bebedouro-pressao-inox-press-baby-40-50l-h-110v-libell-pressbaby\/\",\"name\":\"Bebedouro press\u00e3o INOX Press Baby 40\/50L\/h 110V Libell PRESSBABY - Loja Opening\",\"isPartOf\":{\"@id\":\"https:\/\/lojaopening.com.br\/shopp\/#website\"},\"primaryImageOfPage\":{\"@id\":\"https:\/\/lojaopening.com.br\/shopp\/produto\/bebedouro-pressao-inox-press-baby-40-50l-h-110v-libell-pressbaby\/#primaryimage\"},\"image\":{\"@id\":\"https:\/\/lojaopening.com.br\/shopp\/produto\/bebedouro-pressao-inox-press-baby-40-50l-h-110v-libell-pressbaby\/#primaryimage\"},\"thumbnailUrl\":\"https:\/\/lojaopening.com.br\/wp-content\/uploads\/2020\/09\/Bebedouro-pressE3o-INOX-Press-Baby-407B477D50L7B477Dh-110V-Libell.jpg\",\"datePublished\":\"2020-09-04T04:04:54+00:00\",\"dateModified\":\"2023-05-27T19:21:27+00:00\",\"breadcrumb\":{\"@id\":\"https:\/\/lojaopening.com.br\/shopp\/produto\/bebedouro-pressao-inox-press-baby-40-50l-h-110v-libell-pressbaby\/#breadcrumb\"},\"inLanguage\":\"pt-PT\",\"potentialAction\":[{\"@type\":\"ReadAction\",\"target\":[\"https:\/\/lojaopening.com.br\/shopp\/produto\/bebedouro-pressao-inox-press-baby-40-50l-h-110v-libell-pressbaby\/\"]}]},{\"@type\":\"ImageObject\",\"inLanguage\":\"pt-PT\",\"@id\":\"https:\/\/lojaopening.com.br\/shopp\/produto\/bebedouro-pressao-inox-press-baby-40-50l-h-110v-libell-pressbaby\/#primaryimage\",\"url\":\"https:\/\/lojaopening.com.br\/wp-content\/uploads\/2020\/09\/Bebedouro-pressE3o-INOX-Press-Baby-407B477D50L7B477Dh-110V-Libell.jpg\",\"contentUrl\":\"https:\/\/lojaopening.com.br\/wp-content\/uploads\/2020\/09\/Bebedouro-pressE3o-INOX-Press-Baby-407B477D50L7B477Dh-110V-Libell.jpg\",\"width\":228,\"height\":356},{\"@type\":\"BreadcrumbList\",\"@id\":\"https:\/\/lojaopening.com.br\/shopp\/produto\/bebedouro-pressao-inox-press-baby-40-50l-h-110v-libell-pressbaby\/#breadcrumb\",\"itemListElement\":[{\"@type\":\"ListItem\",\"position\":1,\"name\":\"In\u00edcio\",\"item\":\"https:\/\/lojaopening.com.br\/shopp\/\"},{\"@type\":\"ListItem\",\"position\":2,\"name\":\"Shop\",\"item\":\"https:\/\/lojaopening.com.br\/shopp\/shopp\/\"},{\"@type\":\"ListItem\",\"position\":3,\"name\":\"Bebedouro press\u00e3o INOX Press Baby 40\/50L\/h 110V Libell PRESSBABY\"}]},{\"@type\":\"WebSite\",\"@id\":\"https:\/\/lojaopening.com.br\/shopp\/#website\",\"url\":\"https:\/\/lojaopening.com.br\/shopp\/\",\"name\":\"Loja Opening\",\"description\":\"\",\"publisher\":{\"@id\":\"https:\/\/lojaopening.com.br\/shopp\/#organization\"},\"potentialAction\":[{\"@type\":\"SearchAction\",\"target\":{\"@type\":\"EntryPoint\",\"urlTemplate\":\"https:\/\/lojaopening.com.br\/shopp\/?s={search_term_string}\"},\"query-input\":{\"@type\":\"PropertyValueSpecification\",\"valueRequired\":true,\"valueName\":\"search_term_string\"}}],\"inLanguage\":\"pt-PT\"},{\"@type\":\"Organization\",\"@id\":\"https:\/\/lojaopening.com.br\/shopp\/#organization\",\"name\":\"Opening World Coml Import Export Ltda\",\"url\":\"https:\/\/lojaopening.com.br\/shopp\/\",\"logo\":{\"@type\":\"ImageObject\",\"inLanguage\":\"pt-PT\",\"@id\":\"https:\/\/lojaopening.com.br\/shopp\/#\/schema\/logo\/image\/\",\"url\":\"https:\/\/lojaopening.com.br\/wp-content\/uploads\/2020\/09\/logo_header.png\",\"contentUrl\":\"https:\/\/lojaopening.com.br\/wp-content\/uploads\/2020\/09\/logo_header.png\",\"width\":1279,\"height\":328,\"caption\":\"Opening World Coml Import Export Ltda\"},\"image\":{\"@id\":\"https:\/\/lojaopening.com.br\/shopp\/#\/schema\/logo\/image\/\"}}]}<\/script>\n<!-- \/ Yoast SEO plugin. -->","yoast_head_json":{"title":"Bebedouro press\u00e3o INOX Press Baby 40\/50L\/h 110V Libell PRESSBABY - Loja Opening","robots":{"index":"index","follow":"follow","max-snippet":"max-snippet:-1","max-image-preview":"max-image-preview:large","max-video-preview":"max-video-preview:-1"},"canonical":"https:\/\/lojaopening.com.br\/shopp\/produto\/bebedouro-pressao-inox-press-baby-40-50l-h-110v-libell-pressbaby\/","og_locale":"pt_PT","og_type":"article","og_title":"Bebedouro press\u00e3o INOX Press Baby 40\/50L\/h 110V Libell PRESSBABY - Loja Opening","og_description":"Bebedouro press\u00e3o INOX Press Baby 40\/50L\/h 110V LibellPRESSBABY","og_url":"https:\/\/lojaopening.com.br\/shopp\/produto\/bebedouro-pressao-inox-press-baby-40-50l-h-110v-libell-pressbaby\/","og_site_name":"Loja Opening","article_modified_time":"2023-05-27T19:21:27+00:00","og_image":[{"width":228,"height":356,"url":"https:\/\/lojaopening.com.br\/wp-content\/uploads\/2020\/09\/Bebedouro-pressE3o-INOX-Press-Baby-407B477D50L7B477Dh-110V-Libell.jpg","type":"image\/jpeg"}],"twitter_card":"summary_large_image","twitter_misc":{"Tempo estimado de leitura":"1 minuto"},"schema":{"@context":"https:\/\/schema.org","@graph":[{"@type":"WebPage","@id":"https:\/\/lojaopening.com.br\/shopp\/produto\/bebedouro-pressao-inox-press-baby-40-50l-h-110v-libell-pressbaby\/","url":"https:\/\/lojaopening.com.br\/shopp\/produto\/bebedouro-pressao-inox-press-baby-40-50l-h-110v-libell-pressbaby\/","name":"Bebedouro press\u00e3o INOX Press Baby 40\/50L\/h 110V Libell PRESSBABY - Loja Opening","isPartOf":{"@id":"https:\/\/lojaopening.com.br\/shopp\/#website"},"primaryImageOfPage":{"@id":"https:\/\/lojaopening.com.br\/shopp\/produto\/bebedouro-pressao-inox-press-baby-40-50l-h-110v-libell-pressbaby\/#primaryimage"},"image":{"@id":"https:\/\/lojaopening.com.br\/shopp\/produto\/bebedouro-pressao-inox-press-baby-40-50l-h-110v-libell-pressbaby\/#primaryimage"},"thumbnailUrl":"https:\/\/lojaopening.com.br\/wp-content\/uploads\/2020\/09\/Bebedouro-pressE3o-INOX-Press-Baby-407B477D50L7B477Dh-110V-Libell.jpg","datePublished":"2020-09-04T04:04:54+00:00","dateModified":"2023-05-27T19:21:27+00:00","breadcrumb":{"@id":"https:\/\/lojaopening.com.br\/shopp\/produto\/bebedouro-pressao-inox-press-baby-40-50l-h-110v-libell-pressbaby\/#breadcrumb"},"inLanguage":"pt-PT","potentialAction":[{"@type":"ReadAction","target":["https:\/\/lojaopening.com.br\/shopp\/produto\/bebedouro-pressao-inox-press-baby-40-50l-h-110v-libell-pressbaby\/"]}]},{"@type":"ImageObject","inLanguage":"pt-PT","@id":"https:\/\/lojaopening.com.br\/shopp\/produto\/bebedouro-pressao-inox-press-baby-40-50l-h-110v-libell-pressbaby\/#primaryimage","url":"https:\/\/lojaopening.com.br\/wp-content\/uploads\/2020\/09\/Bebedouro-pressE3o-INOX-Press-Baby-407B477D50L7B477Dh-110V-Libell.jpg","contentUrl":"https:\/\/lojaopening.com.br\/wp-content\/uploads\/2020\/09\/Bebedouro-pressE3o-INOX-Press-Baby-407B477D50L7B477Dh-110V-Libell.jpg","width":228,"height":356},{"@type":"BreadcrumbList","@id":"https:\/\/lojaopening.com.br\/shopp\/produto\/bebedouro-pressao-inox-press-baby-40-50l-h-110v-libell-pressbaby\/#breadcrumb","itemListElement":[{"@type":"ListItem","position":1,"name":"In\u00edcio","item":"https:\/\/lojaopening.com.br\/shopp\/"},{"@type":"ListItem","position":2,"name":"Shop","item":"https:\/\/lojaopening.com.br\/shopp\/shopp\/"},{"@type":"ListItem","position":3,"name":"Bebedouro press\u00e3o INOX Press Baby 40\/50L\/h 110V Libell PRESSBABY"}]},{"@type":"WebSite","@id":"https:\/\/lojaopening.com.br\/shopp\/#website","url":"https:\/\/lojaopening.com.br\/shopp\/","name":"Loja Opening","description":"","publisher":{"@id":"https:\/\/lojaopening.com.br\/shopp\/#organization"},"potentialAction":[{"@type":"SearchAction","target":{"@type":"EntryPoint","urlTemplate":"https:\/\/lojaopening.com.br\/shopp\/?s={search_term_string}"},"query-input":{"@type":"PropertyValueSpecification","valueRequired":true,"valueName":"search_term_string"}}],"inLanguage":"pt-PT"},{"@type":"Organization","@id":"https:\/\/lojaopening.com.br\/shopp\/#organization","name":"Opening World Coml Import Export Ltda","url":"https:\/\/lojaopening.com.br\/shopp\/","logo":{"@type":"ImageObject","inLanguage":"pt-PT","@id":"https:\/\/lojaopening.com.br\/shopp\/#\/schema\/logo\/image\/","url":"https:\/\/lojaopening.com.br\/wp-content\/uploads\/2020\/09\/logo_header.png","contentUrl":"https:\/\/lojaopening.com.br\/wp-content\/uploads\/2020\/09\/logo_header.png","width":1279,"height":328,"caption":"Opening World Coml Import Export Ltda"},"image":{"@id":"https:\/\/lojaopening.com.br\/shopp\/#\/schema\/logo\/image\/"}}]}},"_links":{"self":[{"href":"https:\/\/lojaopening.com.br\/shopp\/wp-json\/wp\/v2\/product\/735","targetHints":{"allow":["GET"]}}],"collection":[{"href":"https:\/\/lojaopening.com.br\/shopp\/wp-json\/wp\/v2\/product"}],"about":[{"href":"https:\/\/lojaopening.com.br\/shopp\/wp-json\/wp\/v2\/types\/product"}],"wp:featuredmedia":[{"embeddable":true,"href":"https:\/\/lojaopening.com.br\/shopp\/wp-json\/wp\/v2\/media\/882"}],"wp:attachment":[{"href":"https:\/\/lojaopening.com.br\/shopp\/wp-json\/wp\/v2\/media?parent=735"}],"wp:term":[{"taxonomy":"product_brand","embeddable":true,"href":"https:\/\/lojaopening.com.br\/shopp\/wp-json\/wp\/v2\/product_brand?post=735"},{"taxonomy":"product_cat","embeddable":true,"href":"https:\/\/lojaopening.com.br\/shopp\/wp-json\/wp\/v2\/product_cat?post=735"},{"taxonomy":"product_tag","embeddable":true,"href":"https:\/\/lojaopening.com.br\/shopp\/wp-json\/wp\/v2\/product_tag?post=735"}],"curies":[{"name":"wp","href":"https:\/\/api.w.org\/{rel}","templated":true}]}}