{"id":736,"date":"2020-09-04T04:05:04","date_gmt":"2020-09-04T04:05:04","guid":{"rendered":"https:\/\/adsvance.me\/lojaopw\/produto\/celula-de-conductividade-sensor-horiba-esh-01-c-s-st-faixa-de-trabalho-0-a-20-elet-aco-inox-aisi316-conexao-ao-processo-3-4-pp-c-conector-cabo-ck-y10m\/"},"modified":"2023-05-27T19:21:27","modified_gmt":"2023-05-27T19:21:27","slug":"c%e9lula-de-conductividade-sensor-horiba-esh%252d01%252dc%252ds%252dst-faixa-de-trabalho-0-a-20-elet-a%e7o-inox-aisi316-conex%c3o-ao-processo-3%7b47%7d4-pp-c%7b47%7d-conector-%252d-cabo-ck%252dy1","status":"publish","type":"product","link":"https:\/\/lojaopening.com.br\/shopp\/produto\/c%e9lula-de-conductividade-sensor-horiba-esh%252d01%252dc%252ds%252dst-faixa-de-trabalho-0-a-20-elet-a%e7o-inox-aisi316-conex%c3o-ao-processo-3%7b47%7d4-pp-c%7b47%7d-conector-%252d-cabo-ck%252dy1\/","title":{"rendered":"C\u00e9lula de conductividade ( Sensor )  Horiba ESH-01-C-S-ST Faixa de trabalho 0 a 20 elet a\u00e7o Inox AISI316 CONEX\u00c3O AO PROCESSO 3\/4 PP C\/ CONECTOR &#8211; CABO CK-Y10M"},"content":{"rendered":"<p>C\u00e9lula de Condutividade Faixa de trabalho 0 a 20 elet a\u00e7o Inox AISI316 CONEX\u00c3O AO PROCESSO 3\/4 PP C\/ CONECTOR &#8211; CABO CK-Y10M \u00a0 \u00a0 \u00a0 \u00a0 NCM: 9027.90.99 ICMS incluso: 18% CST: 200 Pre\u00e7os v\u00e1lidos para faturamento para empresas com CNPJ ativo, CONSUMIDOR FINAL, CONTRIBUINTE para uso e consumo pr\u00f3prio\/ATIVO<\/p>\n","protected":false},"excerpt":{"rendered":"<p>C\u00e9lula de conductividade ( Sensor ) Horiba ESH-01-C-S-ST Faixa de trabalho 0 a 20 elet a\u00e7o Inox AISI316 CONEX\u00c3O AO PROCESSO 3\/4 PP C\/ CONECTOR &#8211; CABO CK-Y10M ESH-01-C-S-ST<\/p>\n","protected":false},"featured_media":844,"template":"","meta":[],"product_brand":[],"product_cat":[38,489],"product_tag":[],"class_list":{"0":"post-736","1":"product","2":"type-product","3":"status-publish","4":"has-post-thumbnail","6":"product_cat-automacao-industrial","7":"product_cat-horiba","9":"first","10":"onbackorder","11":"shipping-taxable","12":"purchasable","13":"product-type-simple"},"yoast_head":"<!-- This site is optimized with the Yoast SEO plugin v27.2 - https:\/\/yoast.com\/product\/yoast-seo-wordpress\/ -->\n<title>C\u00e9lula de conductividade ( Sensor ) Horiba ESH-01-C-S-ST Faixa de trabalho 0 a 20 elet a\u00e7o Inox AISI316 CONEX\u00c3O AO PROCESSO 3\/4 PP C\/ CONECTOR - CABO CK-Y10M - Loja Opening<\/title>\n<meta name=\"robots\" content=\"index, follow, max-snippet:-1, max-image-preview:large, max-video-preview:-1\" \/>\n<link rel=\"canonical\" href=\"https:\/\/lojaopening.com.br\/shopp\/produto\/c?lula-de-conductividade-sensor-horiba-esh%2d01%2dc%2ds%2dst-faixa-de-trabalho-0-a-20-elet-a?o-inox-aisi316-conex?o-ao-processo-3474-pp-c47-conector-%2d-cabo-ck%2dy1\/\" \/>\n<meta property=\"og:locale\" content=\"pt_PT\" \/>\n<meta property=\"og:type\" content=\"article\" \/>\n<meta property=\"og:title\" content=\"C\u00e9lula de conductividade ( Sensor ) Horiba ESH-01-C-S-ST Faixa de trabalho 0 a 20 elet a\u00e7o Inox AISI316 CONEX\u00c3O AO PROCESSO 3\/4 PP C\/ CONECTOR - CABO CK-Y10M - Loja Opening\" \/>\n<meta property=\"og:description\" content=\"C\u00e9lula de conductividade ( Sensor ) Horiba ESH-01-C-S-ST Faixa de trabalho 0 a 20 elet a\u00e7o Inox AISI316 CONEX\u00c3O AO PROCESSO 3\/4 PP C\/ CONECTOR - CABO CK-Y10M ESH-01-C-S-ST\" \/>\n<meta property=\"og:url\" content=\"\" \/>\n<meta property=\"og:site_name\" content=\"Loja Opening\" \/>\n<meta property=\"article:modified_time\" content=\"2023-05-27T19:21:27+00:00\" \/>\n<meta property=\"og:image\" content=\"https:\/\/lojaopening.com.br\/wp-content\/uploads\/2020\/09\/CE9lula-de-conductividade-28-Sensor-29-Horiba-ESH252d01252dC252dS252dST-Faixa-de-trabalho-0-a-20-elet-aE7o-Inox-AISI316-CONEXC3O-AO-PROCESSO-37B477D4-PP-C7B477D-CONECTOR-252d-CABO-CK252dY10M.jpg\" \/>\n\t<meta property=\"og:image:width\" content=\"251\" \/>\n\t<meta property=\"og:image:height\" content=\"138\" \/>\n\t<meta property=\"og:image:type\" content=\"image\/jpeg\" \/>\n<meta name=\"twitter:card\" content=\"summary_large_image\" \/>\n<script type=\"application\/ld+json\" class=\"yoast-schema-graph\">{\"@context\":\"https:\/\/schema.org\",\"@graph\":[{\"@type\":\"WebPage\",\"@id\":\"https:\/\/lojaopening.com.br\/shopp\/produto\/c%e9lula-de-conductividade-sensor-horiba-esh%252d01%252dc%252ds%252dst-faixa-de-trabalho-0-a-20-elet-a%e7o-inox-aisi316-conex%c3o-ao-processo-3%7b47%7d4-pp-c%7b47%7d-conector-%252d-cabo-ck%252dy1\/\",\"url\":\"https:\/\/lojaopening.com.br\/shopp\/produto\/c%e9lula-de-conductividade-sensor-horiba-esh%252d01%252dc%252ds%252dst-faixa-de-trabalho-0-a-20-elet-a%e7o-inox-aisi316-conex%c3o-ao-processo-3%7b47%7d4-pp-c%7b47%7d-conector-%252d-cabo-ck%252dy1\/\",\"name\":\"C\u00e9lula de conductividade ( Sensor ) Horiba ESH-01-C-S-ST Faixa de trabalho 0 a 20 elet a\u00e7o Inox AISI316 CONEX\u00c3O AO PROCESSO 3\/4 PP C\/ CONECTOR - CABO CK-Y10M - Loja Opening\",\"isPartOf\":{\"@id\":\"https:\/\/lojaopening.com.br\/shopp\/#website\"},\"primaryImageOfPage\":{\"@id\":\"https:\/\/lojaopening.com.br\/shopp\/produto\/c%e9lula-de-conductividade-sensor-horiba-esh%252d01%252dc%252ds%252dst-faixa-de-trabalho-0-a-20-elet-a%e7o-inox-aisi316-conex%c3o-ao-processo-3%7b47%7d4-pp-c%7b47%7d-conector-%252d-cabo-ck%252dy1\/#primaryimage\"},\"image\":{\"@id\":\"https:\/\/lojaopening.com.br\/shopp\/produto\/c%e9lula-de-conductividade-sensor-horiba-esh%252d01%252dc%252ds%252dst-faixa-de-trabalho-0-a-20-elet-a%e7o-inox-aisi316-conex%c3o-ao-processo-3%7b47%7d4-pp-c%7b47%7d-conector-%252d-cabo-ck%252dy1\/#primaryimage\"},\"thumbnailUrl\":\"https:\/\/lojaopening.com.br\/wp-content\/uploads\/2020\/09\/CE9lula-de-conductividade-28-Sensor-29-Horiba-ESH252d01252dC252dS252dST-Faixa-de-trabalho-0-a-20-elet-aE7o-Inox-AISI316-CONEXC3O-AO-PROCESSO-37B477D4-PP-C7B477D-CONECTOR-252d-CABO-CK252dY10M.jpg\",\"datePublished\":\"2020-09-04T04:05:04+00:00\",\"dateModified\":\"2023-05-27T19:21:27+00:00\",\"breadcrumb\":{\"@id\":\"https:\/\/lojaopening.com.br\/shopp\/produto\/c%e9lula-de-conductividade-sensor-horiba-esh%252d01%252dc%252ds%252dst-faixa-de-trabalho-0-a-20-elet-a%e7o-inox-aisi316-conex%c3o-ao-processo-3%7b47%7d4-pp-c%7b47%7d-conector-%252d-cabo-ck%252dy1\/#breadcrumb\"},\"inLanguage\":\"pt-PT\",\"potentialAction\":[{\"@type\":\"ReadAction\",\"target\":[\"https:\/\/lojaopening.com.br\/shopp\/produto\/c%e9lula-de-conductividade-sensor-horiba-esh%252d01%252dc%252ds%252dst-faixa-de-trabalho-0-a-20-elet-a%e7o-inox-aisi316-conex%c3o-ao-processo-3%7b47%7d4-pp-c%7b47%7d-conector-%252d-cabo-ck%252dy1\/\"]}]},{\"@type\":\"ImageObject\",\"inLanguage\":\"pt-PT\",\"@id\":\"https:\/\/lojaopening.com.br\/shopp\/produto\/c%e9lula-de-conductividade-sensor-horiba-esh%252d01%252dc%252ds%252dst-faixa-de-trabalho-0-a-20-elet-a%e7o-inox-aisi316-conex%c3o-ao-processo-3%7b47%7d4-pp-c%7b47%7d-conector-%252d-cabo-ck%252dy1\/#primaryimage\",\"url\":\"https:\/\/lojaopening.com.br\/wp-content\/uploads\/2020\/09\/CE9lula-de-conductividade-28-Sensor-29-Horiba-ESH252d01252dC252dS252dST-Faixa-de-trabalho-0-a-20-elet-aE7o-Inox-AISI316-CONEXC3O-AO-PROCESSO-37B477D4-PP-C7B477D-CONECTOR-252d-CABO-CK252dY10M.jpg\",\"contentUrl\":\"https:\/\/lojaopening.com.br\/wp-content\/uploads\/2020\/09\/CE9lula-de-conductividade-28-Sensor-29-Horiba-ESH252d01252dC252dS252dST-Faixa-de-trabalho-0-a-20-elet-aE7o-Inox-AISI316-CONEXC3O-AO-PROCESSO-37B477D4-PP-C7B477D-CONECTOR-252d-CABO-CK252dY10M.jpg\",\"width\":251,\"height\":138},{\"@type\":\"BreadcrumbList\",\"@id\":\"https:\/\/lojaopening.com.br\/shopp\/produto\/c%e9lula-de-conductividade-sensor-horiba-esh%252d01%252dc%252ds%252dst-faixa-de-trabalho-0-a-20-elet-a%e7o-inox-aisi316-conex%c3o-ao-processo-3%7b47%7d4-pp-c%7b47%7d-conector-%252d-cabo-ck%252dy1\/#breadcrumb\",\"itemListElement\":[{\"@type\":\"ListItem\",\"position\":1,\"name\":\"In\u00edcio\",\"item\":\"https:\/\/lojaopening.com.br\/shopp\/\"},{\"@type\":\"ListItem\",\"position\":2,\"name\":\"Shop\",\"item\":\"https:\/\/lojaopening.com.br\/shopp\/shopp\/\"},{\"@type\":\"ListItem\",\"position\":3,\"name\":\"C\u00e9lula de conductividade ( Sensor ) Horiba ESH-01-C-S-ST Faixa de trabalho 0 a 20 elet a\u00e7o Inox AISI316 CONEX\u00c3O AO PROCESSO 3\/4 PP C\/ CONECTOR &#8211; CABO CK-Y10M\"}]},{\"@type\":\"WebSite\",\"@id\":\"https:\/\/lojaopening.com.br\/shopp\/#website\",\"url\":\"https:\/\/lojaopening.com.br\/shopp\/\",\"name\":\"Loja Opening\",\"description\":\"\",\"publisher\":{\"@id\":\"https:\/\/lojaopening.com.br\/shopp\/#organization\"},\"potentialAction\":[{\"@type\":\"SearchAction\",\"target\":{\"@type\":\"EntryPoint\",\"urlTemplate\":\"https:\/\/lojaopening.com.br\/shopp\/?s={search_term_string}\"},\"query-input\":{\"@type\":\"PropertyValueSpecification\",\"valueRequired\":true,\"valueName\":\"search_term_string\"}}],\"inLanguage\":\"pt-PT\"},{\"@type\":\"Organization\",\"@id\":\"https:\/\/lojaopening.com.br\/shopp\/#organization\",\"name\":\"Opening World Coml Import Export Ltda\",\"url\":\"https:\/\/lojaopening.com.br\/shopp\/\",\"logo\":{\"@type\":\"ImageObject\",\"inLanguage\":\"pt-PT\",\"@id\":\"https:\/\/lojaopening.com.br\/shopp\/#\/schema\/logo\/image\/\",\"url\":\"https:\/\/lojaopening.com.br\/wp-content\/uploads\/2020\/09\/logo_header.png\",\"contentUrl\":\"https:\/\/lojaopening.com.br\/wp-content\/uploads\/2020\/09\/logo_header.png\",\"width\":1279,\"height\":328,\"caption\":\"Opening World Coml Import Export Ltda\"},\"image\":{\"@id\":\"https:\/\/lojaopening.com.br\/shopp\/#\/schema\/logo\/image\/\"}}]}<\/script>\n<!-- \/ Yoast SEO plugin. -->","yoast_head_json":{"title":"C\u00e9lula de conductividade ( Sensor ) Horiba ESH-01-C-S-ST Faixa de trabalho 0 a 20 elet a\u00e7o Inox AISI316 CONEX\u00c3O AO PROCESSO 3\/4 PP C\/ CONECTOR - CABO CK-Y10M - Loja Opening","robots":{"index":"index","follow":"follow","max-snippet":"max-snippet:-1","max-image-preview":"max-image-preview:large","max-video-preview":"max-video-preview:-1"},"canonical":"https:\/\/lojaopening.com.br\/shopp\/produto\/c?lula-de-conductividade-sensor-horiba-esh%2d01%2dc%2ds%2dst-faixa-de-trabalho-0-a-20-elet-a?o-inox-aisi316-conex?o-ao-processo-3{47}4-pp-c{47}-conector-%2d-cabo-ck%2dy1\/","og_locale":"pt_PT","og_type":"article","og_title":"C\u00e9lula de conductividade ( Sensor ) Horiba ESH-01-C-S-ST Faixa de trabalho 0 a 20 elet a\u00e7o Inox AISI316 CONEX\u00c3O AO PROCESSO 3\/4 PP C\/ CONECTOR - CABO CK-Y10M - Loja Opening","og_description":"C\u00e9lula de conductividade ( Sensor ) Horiba ESH-01-C-S-ST Faixa de trabalho 0 a 20 elet a\u00e7o Inox AISI316 CONEX\u00c3O AO PROCESSO 3\/4 PP C\/ CONECTOR - CABO CK-Y10M ESH-01-C-S-ST","og_url":"https:\/\/lojaopening.com.br\/shopp\/produto\/c?lula-de-conductividade-sensor-horiba-esh%2d01%2dc%2ds%2dst-faixa-de-trabalho-0-a-20-elet-a?o-inox-aisi316-conex?o-ao-processo-3{47}4-pp-c{47}-conector-%2d-cabo-ck%2dy1\/","og_site_name":"Loja Opening","article_modified_time":"2023-05-27T19:21:27+00:00","og_image":[{"width":251,"height":138,"url":"https:\/\/lojaopening.com.br\/wp-content\/uploads\/2020\/09\/CE9lula-de-conductividade-28-Sensor-29-Horiba-ESH252d01252dC252dS252dST-Faixa-de-trabalho-0-a-20-elet-aE7o-Inox-AISI316-CONEXC3O-AO-PROCESSO-37B477D4-PP-C7B477D-CONECTOR-252d-CABO-CK252dY10M.jpg","type":"image\/jpeg"}],"twitter_card":"summary_large_image","schema":{"@context":"https:\/\/schema.org","@graph":[{"@type":"WebPage","@id":"https:\/\/lojaopening.com.br\/shopp\/produto\/c%e9lula-de-conductividade-sensor-horiba-esh%252d01%252dc%252ds%252dst-faixa-de-trabalho-0-a-20-elet-a%e7o-inox-aisi316-conex%c3o-ao-processo-3%7b47%7d4-pp-c%7b47%7d-conector-%252d-cabo-ck%252dy1\/","url":"https:\/\/lojaopening.com.br\/shopp\/produto\/c%e9lula-de-conductividade-sensor-horiba-esh%252d01%252dc%252ds%252dst-faixa-de-trabalho-0-a-20-elet-a%e7o-inox-aisi316-conex%c3o-ao-processo-3%7b47%7d4-pp-c%7b47%7d-conector-%252d-cabo-ck%252dy1\/","name":"C\u00e9lula de conductividade ( Sensor ) Horiba ESH-01-C-S-ST Faixa de trabalho 0 a 20 elet a\u00e7o Inox AISI316 CONEX\u00c3O AO PROCESSO 3\/4 PP C\/ CONECTOR - CABO CK-Y10M - Loja Opening","isPartOf":{"@id":"https:\/\/lojaopening.com.br\/shopp\/#website"},"primaryImageOfPage":{"@id":"https:\/\/lojaopening.com.br\/shopp\/produto\/c%e9lula-de-conductividade-sensor-horiba-esh%252d01%252dc%252ds%252dst-faixa-de-trabalho-0-a-20-elet-a%e7o-inox-aisi316-conex%c3o-ao-processo-3%7b47%7d4-pp-c%7b47%7d-conector-%252d-cabo-ck%252dy1\/#primaryimage"},"image":{"@id":"https:\/\/lojaopening.com.br\/shopp\/produto\/c%e9lula-de-conductividade-sensor-horiba-esh%252d01%252dc%252ds%252dst-faixa-de-trabalho-0-a-20-elet-a%e7o-inox-aisi316-conex%c3o-ao-processo-3%7b47%7d4-pp-c%7b47%7d-conector-%252d-cabo-ck%252dy1\/#primaryimage"},"thumbnailUrl":"https:\/\/lojaopening.com.br\/wp-content\/uploads\/2020\/09\/CE9lula-de-conductividade-28-Sensor-29-Horiba-ESH252d01252dC252dS252dST-Faixa-de-trabalho-0-a-20-elet-aE7o-Inox-AISI316-CONEXC3O-AO-PROCESSO-37B477D4-PP-C7B477D-CONECTOR-252d-CABO-CK252dY10M.jpg","datePublished":"2020-09-04T04:05:04+00:00","dateModified":"2023-05-27T19:21:27+00:00","breadcrumb":{"@id":"https:\/\/lojaopening.com.br\/shopp\/produto\/c%e9lula-de-conductividade-sensor-horiba-esh%252d01%252dc%252ds%252dst-faixa-de-trabalho-0-a-20-elet-a%e7o-inox-aisi316-conex%c3o-ao-processo-3%7b47%7d4-pp-c%7b47%7d-conector-%252d-cabo-ck%252dy1\/#breadcrumb"},"inLanguage":"pt-PT","potentialAction":[{"@type":"ReadAction","target":["https:\/\/lojaopening.com.br\/shopp\/produto\/c%e9lula-de-conductividade-sensor-horiba-esh%252d01%252dc%252ds%252dst-faixa-de-trabalho-0-a-20-elet-a%e7o-inox-aisi316-conex%c3o-ao-processo-3%7b47%7d4-pp-c%7b47%7d-conector-%252d-cabo-ck%252dy1\/"]}]},{"@type":"ImageObject","inLanguage":"pt-PT","@id":"https:\/\/lojaopening.com.br\/shopp\/produto\/c%e9lula-de-conductividade-sensor-horiba-esh%252d01%252dc%252ds%252dst-faixa-de-trabalho-0-a-20-elet-a%e7o-inox-aisi316-conex%c3o-ao-processo-3%7b47%7d4-pp-c%7b47%7d-conector-%252d-cabo-ck%252dy1\/#primaryimage","url":"https:\/\/lojaopening.com.br\/wp-content\/uploads\/2020\/09\/CE9lula-de-conductividade-28-Sensor-29-Horiba-ESH252d01252dC252dS252dST-Faixa-de-trabalho-0-a-20-elet-aE7o-Inox-AISI316-CONEXC3O-AO-PROCESSO-37B477D4-PP-C7B477D-CONECTOR-252d-CABO-CK252dY10M.jpg","contentUrl":"https:\/\/lojaopening.com.br\/wp-content\/uploads\/2020\/09\/CE9lula-de-conductividade-28-Sensor-29-Horiba-ESH252d01252dC252dS252dST-Faixa-de-trabalho-0-a-20-elet-aE7o-Inox-AISI316-CONEXC3O-AO-PROCESSO-37B477D4-PP-C7B477D-CONECTOR-252d-CABO-CK252dY10M.jpg","width":251,"height":138},{"@type":"BreadcrumbList","@id":"https:\/\/lojaopening.com.br\/shopp\/produto\/c%e9lula-de-conductividade-sensor-horiba-esh%252d01%252dc%252ds%252dst-faixa-de-trabalho-0-a-20-elet-a%e7o-inox-aisi316-conex%c3o-ao-processo-3%7b47%7d4-pp-c%7b47%7d-conector-%252d-cabo-ck%252dy1\/#breadcrumb","itemListElement":[{"@type":"ListItem","position":1,"name":"In\u00edcio","item":"https:\/\/lojaopening.com.br\/shopp\/"},{"@type":"ListItem","position":2,"name":"Shop","item":"https:\/\/lojaopening.com.br\/shopp\/shopp\/"},{"@type":"ListItem","position":3,"name":"C\u00e9lula de conductividade ( Sensor ) Horiba ESH-01-C-S-ST Faixa de trabalho 0 a 20 elet a\u00e7o Inox AISI316 CONEX\u00c3O AO PROCESSO 3\/4 PP C\/ CONECTOR &#8211; CABO CK-Y10M"}]},{"@type":"WebSite","@id":"https:\/\/lojaopening.com.br\/shopp\/#website","url":"https:\/\/lojaopening.com.br\/shopp\/","name":"Loja Opening","description":"","publisher":{"@id":"https:\/\/lojaopening.com.br\/shopp\/#organization"},"potentialAction":[{"@type":"SearchAction","target":{"@type":"EntryPoint","urlTemplate":"https:\/\/lojaopening.com.br\/shopp\/?s={search_term_string}"},"query-input":{"@type":"PropertyValueSpecification","valueRequired":true,"valueName":"search_term_string"}}],"inLanguage":"pt-PT"},{"@type":"Organization","@id":"https:\/\/lojaopening.com.br\/shopp\/#organization","name":"Opening World Coml Import Export Ltda","url":"https:\/\/lojaopening.com.br\/shopp\/","logo":{"@type":"ImageObject","inLanguage":"pt-PT","@id":"https:\/\/lojaopening.com.br\/shopp\/#\/schema\/logo\/image\/","url":"https:\/\/lojaopening.com.br\/wp-content\/uploads\/2020\/09\/logo_header.png","contentUrl":"https:\/\/lojaopening.com.br\/wp-content\/uploads\/2020\/09\/logo_header.png","width":1279,"height":328,"caption":"Opening World Coml Import Export Ltda"},"image":{"@id":"https:\/\/lojaopening.com.br\/shopp\/#\/schema\/logo\/image\/"}}]}},"_links":{"self":[{"href":"https:\/\/lojaopening.com.br\/shopp\/wp-json\/wp\/v2\/product\/736","targetHints":{"allow":["GET"]}}],"collection":[{"href":"https:\/\/lojaopening.com.br\/shopp\/wp-json\/wp\/v2\/product"}],"about":[{"href":"https:\/\/lojaopening.com.br\/shopp\/wp-json\/wp\/v2\/types\/product"}],"wp:featuredmedia":[{"embeddable":true,"href":"https:\/\/lojaopening.com.br\/shopp\/wp-json\/wp\/v2\/media\/844"}],"wp:attachment":[{"href":"https:\/\/lojaopening.com.br\/shopp\/wp-json\/wp\/v2\/media?parent=736"}],"wp:term":[{"taxonomy":"product_brand","embeddable":true,"href":"https:\/\/lojaopening.com.br\/shopp\/wp-json\/wp\/v2\/product_brand?post=736"},{"taxonomy":"product_cat","embeddable":true,"href":"https:\/\/lojaopening.com.br\/shopp\/wp-json\/wp\/v2\/product_cat?post=736"},{"taxonomy":"product_tag","embeddable":true,"href":"https:\/\/lojaopening.com.br\/shopp\/wp-json\/wp\/v2\/product_tag?post=736"}],"curies":[{"name":"wp","href":"https:\/\/api.w.org\/{rel}","templated":true}]}}