{"id":738,"date":"2020-09-04T04:05:24","date_gmt":"2020-09-04T04:05:24","guid":{"rendered":"https:\/\/adsvance.me\/lojaopw\/produto\/rebocador-eletrico-power-pusher-para-movimentacao-de-pecas-e-equipamentos-pesados-193\/"},"modified":"2024-03-03T14:17:17","modified_gmt":"2024-03-03T14:17:17","slug":"rebocador-eletrico-power-pusher-para-movimentacao-de-pecas-e-equipamentos-pesados-193","status":"publish","type":"product","link":"https:\/\/lojaopening.com.br\/shopp\/produto\/rebocador-eletrico-power-pusher-para-movimentacao-de-pecas-e-equipamentos-pesados-193\/","title":{"rendered":"Rebocador El\u00e9trico Power Pusher para movimenta\u00e7\u00e3o de pe\u00e7as e equipamentos pesados 193"},"content":{"rendered":"<div id=\"div2\" class=\"divTabArea on\">\n<blockquote>\n<p style=\"text-align: left;\">Pre\u00e7o: R$126.840 (confira impostos e condi\u00e7\u00f5es ao final da p\u00e1gina)<\/p>\n<\/blockquote>\n<p>O Rebocador El\u00e9trico Automotivo Super PowerPusher\u2122 \u00e9 um poderoso empurrador de ve\u00edculos el\u00e9trico que oferece in\u00fameros benef\u00edcios para empresas agr\u00edcolas. Como importadora e exportadora com mais de 10 anos de experi\u00eancia, a Opening World pode ajudar qualquer empresa a melhorar sua produtividade com este produto.<\/p>\n<p>O Rebocador El\u00e9trico Automotivo Super PowerPusher\u2122 n\u00e3o \u00e9 apenas um equipamento adicional, mas sim um membro de trabalho da sua equipe. Com baixa necessidade de manuten\u00e7\u00e3o, ele \u00e9 a ferramenta mais eficiente que um departamento de servi\u00e7os ou frota pode utilizar.<\/p>\n<p>Ao utilizar o Rebocador El\u00e9trico Automotivo Super PowerPusher\u2122, voc\u00ea aumenta a produtividade e reduz os custos diretos com m\u00e3o de obra em atividades n\u00e3o rent\u00e1veis. Ele permite realizar o trabalho em menos tempo e com menos pessoas, otimizando a efici\u00eancia operacional.<\/p>\n<p>Esse empurrador\/puxador de ve\u00edculos est\u00e1 sempre pronto para uso, gra\u00e7as ao seu carregador de bateria embutido. Basta conect\u00e1-lo a uma tomada de 115V quando n\u00e3o estiver em uso. Al\u00e9m disso, o Rebocador El\u00e9trico Automotivo Super PowerPusher\u2122 \u00e9 dur\u00e1vel, m\u00f3vel e se encaixa facilmente na maioria das portas padr\u00e3o. Sua facilidade de armazenamento torna-o altamente conveniente.<\/p>\n<p>Al\u00e9m dos benef\u00edcios mencionados, o Rebocador El\u00e9trico Automotivo Super PowerPusher\u2122 cria um ambiente de trabalho mais seguro para os funcion\u00e1rios, reduzindo o risco de les\u00f5es causadas pelo empurrar ou puxar de ve\u00edculos pesados.<\/p>\n<p><strong>Especifica\u00e7\u00f5es:<\/strong><\/p>\n<ul>\n<li>Capacidade de empurrar de at\u00e9 55.000 libras (25.000 kg) em superf\u00edcies planas e de 22.000 (10.000 kg) libras em uma inclina\u00e7\u00e3o de 5%<\/li>\n<li>Controle de velocidade vari\u00e1vel, de f\u00e1cil manuseio<\/li>\n<li>Freio autom\u00e1tico com dispositivo anti-deslizamento<\/li>\n<li>Motor de opera\u00e7\u00e3o cont\u00ednua<\/li>\n<\/ul>\n<p><strong>Itens inclusos:<\/strong><\/p>\n<ul>\n<li>Baterias (2 necess\u00e1rias)<\/li>\n<li>Cabos de liga\u00e7\u00e3o r\u00e1pida de 8 p\u00e9s (2,5 metros) de alta resist\u00eancia<\/li>\n<li>Correntes para pneus<\/li>\n<li>Pacote de alto torque com conjunto de cubo de bloqueio (necess\u00e1rio para elevadores com acionamento)<\/li>\n<li>Acess\u00f3rios personalizados dispon\u00edveis<\/li>\n<\/ul>\n<p><strong>Depoimentos:<\/strong><\/p>\n<p>&#8220;Um trabalhador agora movimenta os trilhos de carne o dia todo sem nem mesmo suar.&#8221; Tim S. &#8211; Aurora Packing<\/p>\n<p>&#8220;O empurrador \u00e9 uma solu\u00e7\u00e3o segura e conveniente para movimentar alum\u00ednio em v\u00e1rias formas, desde chapas planas at\u00e9 barcos conclu\u00eddos. Ele n\u00e3o requer treinamento especial e nos economiza tempo e trabalho.&#8221; Anna D. &#8211; Alumacraft Boat Co.<\/p>\n<p>&#8220;Obtemos maior produ\u00e7\u00e3o de nossa equipe, concluindo projetos de 20% a 30% mais r\u00e1pido. A moral \u00e9 melhorada e eles ficam mais felizes e menos cansados no final do dia.&#8221; Shasta Frandrup, propriet\u00e1ria &#8211; Timberland Outdoor Services, Inc.<\/p>\n<p>&#8220;Muito f\u00e1cil de controlar e manobrar, eu gosto muito dos mecanismos de seguran\u00e7a embutidos que nem mesmo havia considerado.&#8221; Timmy H. &#8211; Eli Lilly and Company<\/p>\n<p>Com o Rebocador El\u00e9trico Automotivo Super PowerPusher\u2122, a Opening World pode ajudar sua empresa agr\u00edcola a alcan\u00e7ar maior produtividade, efici\u00eancia e seguran\u00e7a. Contate-nos para saber mais sobre como implementar esse poderoso empurrador de ve\u00edculos em sua opera\u00e7\u00e3o.<\/p>\n<p class=\"clearfix content\" style=\"text-align: left;\"><span style=\"font-size: small;\">\u00a0<\/span><span style=\"font-size: small;\">\u00a0<\/span><\/p>\n<p class=\"clearfix content\" style=\"text-align: center;\"><span style=\"font-size: small;\"><span style=\"font-family: arial,helvetica,sans-serif;\"><span style=\"font-size: large;\"><em>Se rola, podemos mov\u00ea-lo!!!<\/em><\/span><\/span><\/span><\/p>\n<p class=\"clearfix content\" style=\"text-align: left;\"><span style=\"font-size: small;\"><span style=\"font-family: arial,helvetica,sans-serif;\"><span style=\"font-size: large;\">V\u00eddeos <\/span><\/span><\/span><\/p>\n<p class=\"clearfix content\" style=\"text-align: left;\"><span style=\"font-size: small;\"><span style=\"font-family: arial,helvetica,sans-serif;\"><span style=\"font-size: large;\"><span lang=\"EN-US\" style=\"font-size: 11pt; font-family: &amp;amp; amp; mso-fareast-font-family: Calibri; mso-fareast-theme-font: minor-latin; mso-bidi-font-family: &amp;amp; amp; mso-ansi-language: EN-US; mso-fareast-language: PT-BR; mso-bidi-language: AR-SA;\">https:\/\/youtu.be\/64kTfuZ6-9w Demonstra\u00e7\u00e3o Pusher<\/span><\/span><\/span><\/span><\/p>\n<ul>\n<li><span lang=\"PT\" style=\"font-size: 12pt;\">NCM: 8709.11.00 &#8211; Ve\u00edculos autom\u00f3veis sem dispositivo de eleva\u00e7\u00e3o, dos tipos utilizados em f\u00e1bricas, armaz\u00e9ns, portos ou aeroportos, para transporte de mercadorias a curtas dist\u00e2ncias; carros-tratores dos tipos utilizados nas esta\u00e7\u00f5es ferrovi\u00e1rias; suas partes &#8211; El\u00e9tricos<\/span><\/li>\n<li><span lang=\"PT\" style=\"font-size: 12pt;\">ICMS incluso: 4% (pre\u00e7o pode variar dependendo do Estado de envio)<\/span><\/li>\n<li><span lang=\"PT\" style=\"font-size: 12pt;\">CST: 100 &#8211; Importado dos Estados Unidos\u00a0<\/span><\/li>\n<li>DIFAL n\u00e3o incluso.<\/li>\n<li>Prazo de entrega: 125 dias.<\/li>\n<li><em><span style=\"font-size: 12pt;\">Pre\u00e7os v\u00e1lidos para faturamento para empresas com CNPJ ativo, CONSUMIDOR FINAL, CONTRIBUINTE para uso e consumo pr\u00f3prio\/ATIVO<\/span><\/em><\/li>\n<\/ul>\n<p class=\"clearfix content\" style=\"text-align: left;\"><span style=\"font-family: arial, helvetica, sans-serif;\"><span style=\"font-size: 14.6667px;\">Prazo de entrega passa a valer mediante confirma\u00e7\u00e3o de pagamento.<\/span><\/span><\/p>\n<p>Para enviar um pedido de compra, entre em contato conosco ou clicando em Comprar e preencher com os dados de comprador. Respondemos em at\u00e9 24 horas.<\/p>\n<div id=\"ProductWarranty\" class=\"Block Moveable Panel\">\n<h3>Informa\u00e7\u00f5es sobre garantia<\/h3>\n<div class=\"ProductWarrantyContainer\">1 ano<\/div>\n<hr class=\"ProductSectionSeparator\" \/>\n<\/div>\n<\/div>\n","protected":false},"excerpt":{"rendered":"<p>Rebocador El\u00e9trico Power Pusher para movimenta\u00e7\u00e3o de pe\u00e7as e equipamentos pesados193<\/p>\n","protected":false},"featured_media":1159,"template":"","meta":[],"product_brand":[],"product_cat":[38,629],"product_tag":[],"class_list":{"0":"post-738","1":"product","2":"type-product","3":"status-publish","4":"has-post-thumbnail","6":"product_cat-automacao-industrial","7":"product_cat-nu-star","9":"first","10":"instock","11":"sale","12":"featured","13":"shipping-taxable","14":"purchasable","15":"product-type-simple"},"yoast_head":"<!-- This site is optimized with the Yoast SEO plugin v27.2 - https:\/\/yoast.com\/product\/yoast-seo-wordpress\/ -->\n<title>Rebocador El\u00e9trico Power Pusher para movimenta\u00e7\u00e3o de pe\u00e7as e equipamentos pesados 193<\/title>\n<meta name=\"description\" content=\"O Rebocador El\u00e9trico Automotivo Super PowerPusher\u2122 \u00e9 um poderoso empurrador de ve\u00edculos el\u00e9trico que oferece in\u00fameros benef\u00edcios para empresas agr\u00edcolas.\" \/>\n<meta name=\"robots\" content=\"index, follow, max-snippet:-1, max-image-preview:large, max-video-preview:-1\" \/>\n<link rel=\"canonical\" href=\"https:\/\/lojaopening.com.br\/shopp\/produto\/rebocador-eletrico-power-pusher-para-movimentacao-de-pecas-e-equipamentos-pesados-193\/\" \/>\n<meta property=\"og:locale\" content=\"pt_PT\" \/>\n<meta property=\"og:type\" content=\"article\" \/>\n<meta property=\"og:title\" content=\"Rebocador El\u00e9trico Power Pusher para movimenta\u00e7\u00e3o de pe\u00e7as e equipamentos pesados 193\" \/>\n<meta property=\"og:description\" content=\"O Rebocador El\u00e9trico Automotivo Super PowerPusher\u2122 \u00e9 um poderoso empurrador de ve\u00edculos el\u00e9trico que oferece in\u00fameros benef\u00edcios para empresas agr\u00edcolas.\" \/>\n<meta property=\"og:url\" content=\"https:\/\/lojaopening.com.br\/shopp\/produto\/rebocador-eletrico-power-pusher-para-movimentacao-de-pecas-e-equipamentos-pesados-193\/\" \/>\n<meta property=\"og:site_name\" content=\"Loja Opening\" \/>\n<meta property=\"article:modified_time\" content=\"2024-03-03T14:17:17+00:00\" \/>\n<meta property=\"og:image\" content=\"https:\/\/lojaopening.com.br\/wp-content\/uploads\/2023\/05\/automotive-power-pusher-1-1024x970.png\" \/>\n\t<meta property=\"og:image:width\" content=\"1024\" \/>\n\t<meta property=\"og:image:height\" content=\"970\" \/>\n\t<meta property=\"og:image:type\" content=\"image\/png\" \/>\n<meta name=\"twitter:card\" content=\"summary_large_image\" \/>\n<meta name=\"twitter:label1\" content=\"Tempo estimado de leitura\" \/>\n\t<meta name=\"twitter:data1\" content=\"4 minutos\" \/>\n<script type=\"application\/ld+json\" class=\"yoast-schema-graph\">{\"@context\":\"https:\/\/schema.org\",\"@graph\":[{\"@type\":\"WebPage\",\"@id\":\"https:\/\/lojaopening.com.br\/shopp\/produto\/rebocador-eletrico-power-pusher-para-movimentacao-de-pecas-e-equipamentos-pesados-193\/\",\"url\":\"https:\/\/lojaopening.com.br\/shopp\/produto\/rebocador-eletrico-power-pusher-para-movimentacao-de-pecas-e-equipamentos-pesados-193\/\",\"name\":\"Rebocador El\u00e9trico Power Pusher para movimenta\u00e7\u00e3o de pe\u00e7as e equipamentos pesados 193\",\"isPartOf\":{\"@id\":\"https:\/\/lojaopening.com.br\/shopp\/#website\"},\"primaryImageOfPage\":{\"@id\":\"https:\/\/lojaopening.com.br\/shopp\/produto\/rebocador-eletrico-power-pusher-para-movimentacao-de-pecas-e-equipamentos-pesados-193\/#primaryimage\"},\"image\":{\"@id\":\"https:\/\/lojaopening.com.br\/shopp\/produto\/rebocador-eletrico-power-pusher-para-movimentacao-de-pecas-e-equipamentos-pesados-193\/#primaryimage\"},\"thumbnailUrl\":\"https:\/\/lojaopening.com.br\/wp-content\/uploads\/2023\/05\/automotive-power-pusher-1.png\",\"datePublished\":\"2020-09-04T04:05:24+00:00\",\"dateModified\":\"2024-03-03T14:17:17+00:00\",\"description\":\"O Rebocador El\u00e9trico Automotivo Super PowerPusher\u2122 \u00e9 um poderoso empurrador de ve\u00edculos el\u00e9trico que oferece in\u00fameros benef\u00edcios para empresas agr\u00edcolas.\",\"breadcrumb\":{\"@id\":\"https:\/\/lojaopening.com.br\/shopp\/produto\/rebocador-eletrico-power-pusher-para-movimentacao-de-pecas-e-equipamentos-pesados-193\/#breadcrumb\"},\"inLanguage\":\"pt-PT\",\"potentialAction\":[{\"@type\":\"ReadAction\",\"target\":[\"https:\/\/lojaopening.com.br\/shopp\/produto\/rebocador-eletrico-power-pusher-para-movimentacao-de-pecas-e-equipamentos-pesados-193\/\"]}]},{\"@type\":\"ImageObject\",\"inLanguage\":\"pt-PT\",\"@id\":\"https:\/\/lojaopening.com.br\/shopp\/produto\/rebocador-eletrico-power-pusher-para-movimentacao-de-pecas-e-equipamentos-pesados-193\/#primaryimage\",\"url\":\"https:\/\/lojaopening.com.br\/wp-content\/uploads\/2023\/05\/automotive-power-pusher-1.png\",\"contentUrl\":\"https:\/\/lojaopening.com.br\/wp-content\/uploads\/2023\/05\/automotive-power-pusher-1.png\",\"width\":1280,\"height\":1212,\"caption\":\"Extra Duty Power Pusher\"},{\"@type\":\"BreadcrumbList\",\"@id\":\"https:\/\/lojaopening.com.br\/shopp\/produto\/rebocador-eletrico-power-pusher-para-movimentacao-de-pecas-e-equipamentos-pesados-193\/#breadcrumb\",\"itemListElement\":[{\"@type\":\"ListItem\",\"position\":1,\"name\":\"In\u00edcio\",\"item\":\"https:\/\/lojaopening.com.br\/shopp\/\"},{\"@type\":\"ListItem\",\"position\":2,\"name\":\"Shop\",\"item\":\"https:\/\/lojaopening.com.br\/shopp\/shopp\/\"},{\"@type\":\"ListItem\",\"position\":3,\"name\":\"Rebocador El\u00e9trico Power Pusher para movimenta\u00e7\u00e3o de pe\u00e7as e equipamentos pesados 193\"}]},{\"@type\":\"WebSite\",\"@id\":\"https:\/\/lojaopening.com.br\/shopp\/#website\",\"url\":\"https:\/\/lojaopening.com.br\/shopp\/\",\"name\":\"Loja Opening\",\"description\":\"\",\"publisher\":{\"@id\":\"https:\/\/lojaopening.com.br\/shopp\/#organization\"},\"potentialAction\":[{\"@type\":\"SearchAction\",\"target\":{\"@type\":\"EntryPoint\",\"urlTemplate\":\"https:\/\/lojaopening.com.br\/shopp\/?s={search_term_string}\"},\"query-input\":{\"@type\":\"PropertyValueSpecification\",\"valueRequired\":true,\"valueName\":\"search_term_string\"}}],\"inLanguage\":\"pt-PT\"},{\"@type\":\"Organization\",\"@id\":\"https:\/\/lojaopening.com.br\/shopp\/#organization\",\"name\":\"Opening World Coml Import Export Ltda\",\"url\":\"https:\/\/lojaopening.com.br\/shopp\/\",\"logo\":{\"@type\":\"ImageObject\",\"inLanguage\":\"pt-PT\",\"@id\":\"https:\/\/lojaopening.com.br\/shopp\/#\/schema\/logo\/image\/\",\"url\":\"https:\/\/lojaopening.com.br\/wp-content\/uploads\/2020\/09\/logo_header.png\",\"contentUrl\":\"https:\/\/lojaopening.com.br\/wp-content\/uploads\/2020\/09\/logo_header.png\",\"width\":1279,\"height\":328,\"caption\":\"Opening World Coml Import Export Ltda\"},\"image\":{\"@id\":\"https:\/\/lojaopening.com.br\/shopp\/#\/schema\/logo\/image\/\"}}]}<\/script>\n<!-- \/ Yoast SEO plugin. -->","yoast_head_json":{"title":"Rebocador El\u00e9trico Power Pusher para movimenta\u00e7\u00e3o de pe\u00e7as e equipamentos pesados 193","description":"O Rebocador El\u00e9trico Automotivo Super PowerPusher\u2122 \u00e9 um poderoso empurrador de ve\u00edculos el\u00e9trico que oferece in\u00fameros benef\u00edcios para empresas agr\u00edcolas.","robots":{"index":"index","follow":"follow","max-snippet":"max-snippet:-1","max-image-preview":"max-image-preview:large","max-video-preview":"max-video-preview:-1"},"canonical":"https:\/\/lojaopening.com.br\/shopp\/produto\/rebocador-eletrico-power-pusher-para-movimentacao-de-pecas-e-equipamentos-pesados-193\/","og_locale":"pt_PT","og_type":"article","og_title":"Rebocador El\u00e9trico Power Pusher para movimenta\u00e7\u00e3o de pe\u00e7as e equipamentos pesados 193","og_description":"O Rebocador El\u00e9trico Automotivo Super PowerPusher\u2122 \u00e9 um poderoso empurrador de ve\u00edculos el\u00e9trico que oferece in\u00fameros benef\u00edcios para empresas agr\u00edcolas.","og_url":"https:\/\/lojaopening.com.br\/shopp\/produto\/rebocador-eletrico-power-pusher-para-movimentacao-de-pecas-e-equipamentos-pesados-193\/","og_site_name":"Loja Opening","article_modified_time":"2024-03-03T14:17:17+00:00","og_image":[{"width":1024,"height":970,"url":"https:\/\/lojaopening.com.br\/wp-content\/uploads\/2023\/05\/automotive-power-pusher-1-1024x970.png","type":"image\/png"}],"twitter_card":"summary_large_image","twitter_misc":{"Tempo estimado de leitura":"4 minutos"},"schema":{"@context":"https:\/\/schema.org","@graph":[{"@type":"WebPage","@id":"https:\/\/lojaopening.com.br\/shopp\/produto\/rebocador-eletrico-power-pusher-para-movimentacao-de-pecas-e-equipamentos-pesados-193\/","url":"https:\/\/lojaopening.com.br\/shopp\/produto\/rebocador-eletrico-power-pusher-para-movimentacao-de-pecas-e-equipamentos-pesados-193\/","name":"Rebocador El\u00e9trico Power Pusher para movimenta\u00e7\u00e3o de pe\u00e7as e equipamentos pesados 193","isPartOf":{"@id":"https:\/\/lojaopening.com.br\/shopp\/#website"},"primaryImageOfPage":{"@id":"https:\/\/lojaopening.com.br\/shopp\/produto\/rebocador-eletrico-power-pusher-para-movimentacao-de-pecas-e-equipamentos-pesados-193\/#primaryimage"},"image":{"@id":"https:\/\/lojaopening.com.br\/shopp\/produto\/rebocador-eletrico-power-pusher-para-movimentacao-de-pecas-e-equipamentos-pesados-193\/#primaryimage"},"thumbnailUrl":"https:\/\/lojaopening.com.br\/wp-content\/uploads\/2023\/05\/automotive-power-pusher-1.png","datePublished":"2020-09-04T04:05:24+00:00","dateModified":"2024-03-03T14:17:17+00:00","description":"O Rebocador El\u00e9trico Automotivo Super PowerPusher\u2122 \u00e9 um poderoso empurrador de ve\u00edculos el\u00e9trico que oferece in\u00fameros benef\u00edcios para empresas agr\u00edcolas.","breadcrumb":{"@id":"https:\/\/lojaopening.com.br\/shopp\/produto\/rebocador-eletrico-power-pusher-para-movimentacao-de-pecas-e-equipamentos-pesados-193\/#breadcrumb"},"inLanguage":"pt-PT","potentialAction":[{"@type":"ReadAction","target":["https:\/\/lojaopening.com.br\/shopp\/produto\/rebocador-eletrico-power-pusher-para-movimentacao-de-pecas-e-equipamentos-pesados-193\/"]}]},{"@type":"ImageObject","inLanguage":"pt-PT","@id":"https:\/\/lojaopening.com.br\/shopp\/produto\/rebocador-eletrico-power-pusher-para-movimentacao-de-pecas-e-equipamentos-pesados-193\/#primaryimage","url":"https:\/\/lojaopening.com.br\/wp-content\/uploads\/2023\/05\/automotive-power-pusher-1.png","contentUrl":"https:\/\/lojaopening.com.br\/wp-content\/uploads\/2023\/05\/automotive-power-pusher-1.png","width":1280,"height":1212,"caption":"Extra Duty Power Pusher"},{"@type":"BreadcrumbList","@id":"https:\/\/lojaopening.com.br\/shopp\/produto\/rebocador-eletrico-power-pusher-para-movimentacao-de-pecas-e-equipamentos-pesados-193\/#breadcrumb","itemListElement":[{"@type":"ListItem","position":1,"name":"In\u00edcio","item":"https:\/\/lojaopening.com.br\/shopp\/"},{"@type":"ListItem","position":2,"name":"Shop","item":"https:\/\/lojaopening.com.br\/shopp\/shopp\/"},{"@type":"ListItem","position":3,"name":"Rebocador El\u00e9trico Power Pusher para movimenta\u00e7\u00e3o de pe\u00e7as e equipamentos pesados 193"}]},{"@type":"WebSite","@id":"https:\/\/lojaopening.com.br\/shopp\/#website","url":"https:\/\/lojaopening.com.br\/shopp\/","name":"Loja Opening","description":"","publisher":{"@id":"https:\/\/lojaopening.com.br\/shopp\/#organization"},"potentialAction":[{"@type":"SearchAction","target":{"@type":"EntryPoint","urlTemplate":"https:\/\/lojaopening.com.br\/shopp\/?s={search_term_string}"},"query-input":{"@type":"PropertyValueSpecification","valueRequired":true,"valueName":"search_term_string"}}],"inLanguage":"pt-PT"},{"@type":"Organization","@id":"https:\/\/lojaopening.com.br\/shopp\/#organization","name":"Opening World Coml Import Export Ltda","url":"https:\/\/lojaopening.com.br\/shopp\/","logo":{"@type":"ImageObject","inLanguage":"pt-PT","@id":"https:\/\/lojaopening.com.br\/shopp\/#\/schema\/logo\/image\/","url":"https:\/\/lojaopening.com.br\/wp-content\/uploads\/2020\/09\/logo_header.png","contentUrl":"https:\/\/lojaopening.com.br\/wp-content\/uploads\/2020\/09\/logo_header.png","width":1279,"height":328,"caption":"Opening World Coml Import Export Ltda"},"image":{"@id":"https:\/\/lojaopening.com.br\/shopp\/#\/schema\/logo\/image\/"}}]}},"_links":{"self":[{"href":"https:\/\/lojaopening.com.br\/shopp\/wp-json\/wp\/v2\/product\/738","targetHints":{"allow":["GET"]}}],"collection":[{"href":"https:\/\/lojaopening.com.br\/shopp\/wp-json\/wp\/v2\/product"}],"about":[{"href":"https:\/\/lojaopening.com.br\/shopp\/wp-json\/wp\/v2\/types\/product"}],"wp:featuredmedia":[{"embeddable":true,"href":"https:\/\/lojaopening.com.br\/shopp\/wp-json\/wp\/v2\/media\/1159"}],"wp:attachment":[{"href":"https:\/\/lojaopening.com.br\/shopp\/wp-json\/wp\/v2\/media?parent=738"}],"wp:term":[{"taxonomy":"product_brand","embeddable":true,"href":"https:\/\/lojaopening.com.br\/shopp\/wp-json\/wp\/v2\/product_brand?post=738"},{"taxonomy":"product_cat","embeddable":true,"href":"https:\/\/lojaopening.com.br\/shopp\/wp-json\/wp\/v2\/product_cat?post=738"},{"taxonomy":"product_tag","embeddable":true,"href":"https:\/\/lojaopening.com.br\/shopp\/wp-json\/wp\/v2\/product_tag?post=738"}],"curies":[{"name":"wp","href":"https:\/\/api.w.org\/{rel}","templated":true}]}}