{"id":739,"date":"2020-09-04T04:05:35","date_gmt":"2020-09-04T04:05:35","guid":{"rendered":"https:\/\/adsvance.me\/lojaopw\/produto\/caixa-plastica-fechada-44-litros-nc-480-monobloco-cor-branca-fabr-bolivar-zotti-310-nw\/"},"modified":"2023-05-27T19:21:26","modified_gmt":"2023-05-27T19:21:26","slug":"caixa-pl%e1stica-fechada-44-litros-nc%252d480-monobloco-cor-branca-fabr-bolivar-zotti","status":"publish","type":"product","link":"https:\/\/lojaopening.com.br\/shopp\/produto\/caixa-pl%e1stica-fechada-44-litros-nc%252d480-monobloco-cor-branca-fabr-bolivar-zotti\/","title":{"rendered":"Caixa Pl\u00e1stica Fechada 44 Litros NC-480 monobloco cor Branca Fabr.: Bolivar Zotti 310-NW"},"content":{"rendered":"<p>Caixa Branca 44 litros NC &#8211; 480 fechada\u00a0\u00a0\u00a0\u00a0\u00a0 Refer\u00eancia: 310-NWMedidas: 24x40x60 cm. &#8211; Al\u00e7a Aberta Al\u00e7a fechada opcional \u00a0 \u00a0 NCM: 3923.10.90 ICMS incluso: 18% CST: 000 Pre\u00e7os v\u00e1lidos para faturamento para empresas com CNPJ ativo, CONSUMIDOR FINAL, CONTRIBUINTE para uso e consumo pr\u00f3prio\/ATIVO<\/p>\n","protected":false},"excerpt":{"rendered":"<p>Caixa Pl\u00e1stica Fechada 44 Litros NC-480 monobloco cor Branca Fabr.: Bolivar Zotti310-NW<\/p>\n","protected":false},"featured_media":830,"template":"","meta":[],"product_brand":[],"product_cat":[630,41],"product_tag":[],"class_list":{"0":"post-739","1":"product","2":"type-product","3":"status-publish","4":"has-post-thumbnail","6":"product_cat-bolivar-zotti","7":"product_cat-embalagens","9":"first","10":"onbackorder","11":"shipping-taxable","12":"purchasable","13":"product-type-simple"},"yoast_head":"<!-- This site is optimized with the Yoast SEO plugin v27.2 - https:\/\/yoast.com\/product\/yoast-seo-wordpress\/ -->\n<title>Caixa Pl\u00e1stica Fechada 44 Litros NC-480 monobloco cor Branca Fabr.: Bolivar Zotti 310-NW - Loja Opening<\/title>\n<meta name=\"robots\" content=\"index, follow, max-snippet:-1, max-image-preview:large, max-video-preview:-1\" \/>\n<link rel=\"canonical\" href=\"https:\/\/lojaopening.com.br\/shopp\/produto\/caixa-pl?stica-fechada-44-litros-nc%2d480-monobloco-cor-branca-fabr-bolivar-zotti\/\" \/>\n<meta property=\"og:locale\" content=\"pt_PT\" \/>\n<meta property=\"og:type\" content=\"article\" \/>\n<meta property=\"og:title\" content=\"Caixa Pl\u00e1stica Fechada 44 Litros NC-480 monobloco cor Branca Fabr.: Bolivar Zotti 310-NW - Loja Opening\" \/>\n<meta property=\"og:description\" content=\"Caixa Pl\u00e1stica Fechada 44 Litros NC-480 monobloco cor Branca Fabr.: Bolivar Zotti310-NW\" \/>\n<meta property=\"og:url\" content=\"\" \/>\n<meta property=\"og:site_name\" content=\"Loja Opening\" \/>\n<meta property=\"article:modified_time\" content=\"2023-05-27T19:21:26+00:00\" \/>\n<meta property=\"og:image\" content=\"https:\/\/lojaopening.com.br\/wp-content\/uploads\/2020\/09\/Caixa-PlE1stica-Fechada-44-Litros-NC252d480-monobloco-cor-Branca-Fabr.3A-Bolivar-Zotti.jpg\" \/>\n\t<meta property=\"og:image:width\" content=\"267\" \/>\n\t<meta property=\"og:image:height\" content=\"152\" \/>\n\t<meta property=\"og:image:type\" content=\"image\/jpeg\" \/>\n<meta name=\"twitter:card\" content=\"summary_large_image\" \/>\n<script type=\"application\/ld+json\" class=\"yoast-schema-graph\">{\"@context\":\"https:\/\/schema.org\",\"@graph\":[{\"@type\":\"WebPage\",\"@id\":\"https:\/\/lojaopening.com.br\/shopp\/produto\/caixa-pl%e1stica-fechada-44-litros-nc%252d480-monobloco-cor-branca-fabr-bolivar-zotti\/\",\"url\":\"https:\/\/lojaopening.com.br\/shopp\/produto\/caixa-pl%e1stica-fechada-44-litros-nc%252d480-monobloco-cor-branca-fabr-bolivar-zotti\/\",\"name\":\"Caixa Pl\u00e1stica Fechada 44 Litros NC-480 monobloco cor Branca Fabr.: Bolivar Zotti 310-NW - Loja Opening\",\"isPartOf\":{\"@id\":\"https:\/\/lojaopening.com.br\/shopp\/#website\"},\"primaryImageOfPage\":{\"@id\":\"https:\/\/lojaopening.com.br\/shopp\/produto\/caixa-pl%e1stica-fechada-44-litros-nc%252d480-monobloco-cor-branca-fabr-bolivar-zotti\/#primaryimage\"},\"image\":{\"@id\":\"https:\/\/lojaopening.com.br\/shopp\/produto\/caixa-pl%e1stica-fechada-44-litros-nc%252d480-monobloco-cor-branca-fabr-bolivar-zotti\/#primaryimage\"},\"thumbnailUrl\":\"https:\/\/lojaopening.com.br\/wp-content\/uploads\/2020\/09\/Caixa-PlE1stica-Fechada-44-Litros-NC252d480-monobloco-cor-Branca-Fabr.3A-Bolivar-Zotti.jpg\",\"datePublished\":\"2020-09-04T04:05:35+00:00\",\"dateModified\":\"2023-05-27T19:21:26+00:00\",\"breadcrumb\":{\"@id\":\"https:\/\/lojaopening.com.br\/shopp\/produto\/caixa-pl%e1stica-fechada-44-litros-nc%252d480-monobloco-cor-branca-fabr-bolivar-zotti\/#breadcrumb\"},\"inLanguage\":\"pt-PT\",\"potentialAction\":[{\"@type\":\"ReadAction\",\"target\":[\"https:\/\/lojaopening.com.br\/shopp\/produto\/caixa-pl%e1stica-fechada-44-litros-nc%252d480-monobloco-cor-branca-fabr-bolivar-zotti\/\"]}]},{\"@type\":\"ImageObject\",\"inLanguage\":\"pt-PT\",\"@id\":\"https:\/\/lojaopening.com.br\/shopp\/produto\/caixa-pl%e1stica-fechada-44-litros-nc%252d480-monobloco-cor-branca-fabr-bolivar-zotti\/#primaryimage\",\"url\":\"https:\/\/lojaopening.com.br\/wp-content\/uploads\/2020\/09\/Caixa-PlE1stica-Fechada-44-Litros-NC252d480-monobloco-cor-Branca-Fabr.3A-Bolivar-Zotti.jpg\",\"contentUrl\":\"https:\/\/lojaopening.com.br\/wp-content\/uploads\/2020\/09\/Caixa-PlE1stica-Fechada-44-Litros-NC252d480-monobloco-cor-Branca-Fabr.3A-Bolivar-Zotti.jpg\",\"width\":267,\"height\":152},{\"@type\":\"BreadcrumbList\",\"@id\":\"https:\/\/lojaopening.com.br\/shopp\/produto\/caixa-pl%e1stica-fechada-44-litros-nc%252d480-monobloco-cor-branca-fabr-bolivar-zotti\/#breadcrumb\",\"itemListElement\":[{\"@type\":\"ListItem\",\"position\":1,\"name\":\"In\u00edcio\",\"item\":\"https:\/\/lojaopening.com.br\/shopp\/\"},{\"@type\":\"ListItem\",\"position\":2,\"name\":\"Shop\",\"item\":\"https:\/\/lojaopening.com.br\/shopp\/shopp\/\"},{\"@type\":\"ListItem\",\"position\":3,\"name\":\"Caixa Pl\u00e1stica Fechada 44 Litros NC-480 monobloco cor Branca Fabr.: Bolivar Zotti 310-NW\"}]},{\"@type\":\"WebSite\",\"@id\":\"https:\/\/lojaopening.com.br\/shopp\/#website\",\"url\":\"https:\/\/lojaopening.com.br\/shopp\/\",\"name\":\"Loja Opening\",\"description\":\"\",\"publisher\":{\"@id\":\"https:\/\/lojaopening.com.br\/shopp\/#organization\"},\"potentialAction\":[{\"@type\":\"SearchAction\",\"target\":{\"@type\":\"EntryPoint\",\"urlTemplate\":\"https:\/\/lojaopening.com.br\/shopp\/?s={search_term_string}\"},\"query-input\":{\"@type\":\"PropertyValueSpecification\",\"valueRequired\":true,\"valueName\":\"search_term_string\"}}],\"inLanguage\":\"pt-PT\"},{\"@type\":\"Organization\",\"@id\":\"https:\/\/lojaopening.com.br\/shopp\/#organization\",\"name\":\"Opening World Coml Import Export Ltda\",\"url\":\"https:\/\/lojaopening.com.br\/shopp\/\",\"logo\":{\"@type\":\"ImageObject\",\"inLanguage\":\"pt-PT\",\"@id\":\"https:\/\/lojaopening.com.br\/shopp\/#\/schema\/logo\/image\/\",\"url\":\"https:\/\/lojaopening.com.br\/wp-content\/uploads\/2020\/09\/logo_header.png\",\"contentUrl\":\"https:\/\/lojaopening.com.br\/wp-content\/uploads\/2020\/09\/logo_header.png\",\"width\":1279,\"height\":328,\"caption\":\"Opening World Coml Import Export Ltda\"},\"image\":{\"@id\":\"https:\/\/lojaopening.com.br\/shopp\/#\/schema\/logo\/image\/\"}}]}<\/script>\n<!-- \/ Yoast SEO plugin. -->","yoast_head_json":{"title":"Caixa Pl\u00e1stica Fechada 44 Litros NC-480 monobloco cor Branca Fabr.: Bolivar Zotti 310-NW - Loja Opening","robots":{"index":"index","follow":"follow","max-snippet":"max-snippet:-1","max-image-preview":"max-image-preview:large","max-video-preview":"max-video-preview:-1"},"canonical":"https:\/\/lojaopening.com.br\/shopp\/produto\/caixa-pl?stica-fechada-44-litros-nc%2d480-monobloco-cor-branca-fabr-bolivar-zotti\/","og_locale":"pt_PT","og_type":"article","og_title":"Caixa Pl\u00e1stica Fechada 44 Litros NC-480 monobloco cor Branca Fabr.: Bolivar Zotti 310-NW - Loja Opening","og_description":"Caixa Pl\u00e1stica Fechada 44 Litros NC-480 monobloco cor Branca Fabr.: Bolivar Zotti310-NW","og_url":"https:\/\/lojaopening.com.br\/shopp\/produto\/caixa-pl?stica-fechada-44-litros-nc%2d480-monobloco-cor-branca-fabr-bolivar-zotti\/","og_site_name":"Loja Opening","article_modified_time":"2023-05-27T19:21:26+00:00","og_image":[{"width":267,"height":152,"url":"https:\/\/lojaopening.com.br\/wp-content\/uploads\/2020\/09\/Caixa-PlE1stica-Fechada-44-Litros-NC252d480-monobloco-cor-Branca-Fabr.3A-Bolivar-Zotti.jpg","type":"image\/jpeg"}],"twitter_card":"summary_large_image","schema":{"@context":"https:\/\/schema.org","@graph":[{"@type":"WebPage","@id":"https:\/\/lojaopening.com.br\/shopp\/produto\/caixa-pl%e1stica-fechada-44-litros-nc%252d480-monobloco-cor-branca-fabr-bolivar-zotti\/","url":"https:\/\/lojaopening.com.br\/shopp\/produto\/caixa-pl%e1stica-fechada-44-litros-nc%252d480-monobloco-cor-branca-fabr-bolivar-zotti\/","name":"Caixa Pl\u00e1stica Fechada 44 Litros NC-480 monobloco cor Branca Fabr.: Bolivar Zotti 310-NW - Loja Opening","isPartOf":{"@id":"https:\/\/lojaopening.com.br\/shopp\/#website"},"primaryImageOfPage":{"@id":"https:\/\/lojaopening.com.br\/shopp\/produto\/caixa-pl%e1stica-fechada-44-litros-nc%252d480-monobloco-cor-branca-fabr-bolivar-zotti\/#primaryimage"},"image":{"@id":"https:\/\/lojaopening.com.br\/shopp\/produto\/caixa-pl%e1stica-fechada-44-litros-nc%252d480-monobloco-cor-branca-fabr-bolivar-zotti\/#primaryimage"},"thumbnailUrl":"https:\/\/lojaopening.com.br\/wp-content\/uploads\/2020\/09\/Caixa-PlE1stica-Fechada-44-Litros-NC252d480-monobloco-cor-Branca-Fabr.3A-Bolivar-Zotti.jpg","datePublished":"2020-09-04T04:05:35+00:00","dateModified":"2023-05-27T19:21:26+00:00","breadcrumb":{"@id":"https:\/\/lojaopening.com.br\/shopp\/produto\/caixa-pl%e1stica-fechada-44-litros-nc%252d480-monobloco-cor-branca-fabr-bolivar-zotti\/#breadcrumb"},"inLanguage":"pt-PT","potentialAction":[{"@type":"ReadAction","target":["https:\/\/lojaopening.com.br\/shopp\/produto\/caixa-pl%e1stica-fechada-44-litros-nc%252d480-monobloco-cor-branca-fabr-bolivar-zotti\/"]}]},{"@type":"ImageObject","inLanguage":"pt-PT","@id":"https:\/\/lojaopening.com.br\/shopp\/produto\/caixa-pl%e1stica-fechada-44-litros-nc%252d480-monobloco-cor-branca-fabr-bolivar-zotti\/#primaryimage","url":"https:\/\/lojaopening.com.br\/wp-content\/uploads\/2020\/09\/Caixa-PlE1stica-Fechada-44-Litros-NC252d480-monobloco-cor-Branca-Fabr.3A-Bolivar-Zotti.jpg","contentUrl":"https:\/\/lojaopening.com.br\/wp-content\/uploads\/2020\/09\/Caixa-PlE1stica-Fechada-44-Litros-NC252d480-monobloco-cor-Branca-Fabr.3A-Bolivar-Zotti.jpg","width":267,"height":152},{"@type":"BreadcrumbList","@id":"https:\/\/lojaopening.com.br\/shopp\/produto\/caixa-pl%e1stica-fechada-44-litros-nc%252d480-monobloco-cor-branca-fabr-bolivar-zotti\/#breadcrumb","itemListElement":[{"@type":"ListItem","position":1,"name":"In\u00edcio","item":"https:\/\/lojaopening.com.br\/shopp\/"},{"@type":"ListItem","position":2,"name":"Shop","item":"https:\/\/lojaopening.com.br\/shopp\/shopp\/"},{"@type":"ListItem","position":3,"name":"Caixa Pl\u00e1stica Fechada 44 Litros NC-480 monobloco cor Branca Fabr.: Bolivar Zotti 310-NW"}]},{"@type":"WebSite","@id":"https:\/\/lojaopening.com.br\/shopp\/#website","url":"https:\/\/lojaopening.com.br\/shopp\/","name":"Loja Opening","description":"","publisher":{"@id":"https:\/\/lojaopening.com.br\/shopp\/#organization"},"potentialAction":[{"@type":"SearchAction","target":{"@type":"EntryPoint","urlTemplate":"https:\/\/lojaopening.com.br\/shopp\/?s={search_term_string}"},"query-input":{"@type":"PropertyValueSpecification","valueRequired":true,"valueName":"search_term_string"}}],"inLanguage":"pt-PT"},{"@type":"Organization","@id":"https:\/\/lojaopening.com.br\/shopp\/#organization","name":"Opening World Coml Import Export Ltda","url":"https:\/\/lojaopening.com.br\/shopp\/","logo":{"@type":"ImageObject","inLanguage":"pt-PT","@id":"https:\/\/lojaopening.com.br\/shopp\/#\/schema\/logo\/image\/","url":"https:\/\/lojaopening.com.br\/wp-content\/uploads\/2020\/09\/logo_header.png","contentUrl":"https:\/\/lojaopening.com.br\/wp-content\/uploads\/2020\/09\/logo_header.png","width":1279,"height":328,"caption":"Opening World Coml Import Export Ltda"},"image":{"@id":"https:\/\/lojaopening.com.br\/shopp\/#\/schema\/logo\/image\/"}}]}},"_links":{"self":[{"href":"https:\/\/lojaopening.com.br\/shopp\/wp-json\/wp\/v2\/product\/739","targetHints":{"allow":["GET"]}}],"collection":[{"href":"https:\/\/lojaopening.com.br\/shopp\/wp-json\/wp\/v2\/product"}],"about":[{"href":"https:\/\/lojaopening.com.br\/shopp\/wp-json\/wp\/v2\/types\/product"}],"wp:featuredmedia":[{"embeddable":true,"href":"https:\/\/lojaopening.com.br\/shopp\/wp-json\/wp\/v2\/media\/830"}],"wp:attachment":[{"href":"https:\/\/lojaopening.com.br\/shopp\/wp-json\/wp\/v2\/media?parent=739"}],"wp:term":[{"taxonomy":"product_brand","embeddable":true,"href":"https:\/\/lojaopening.com.br\/shopp\/wp-json\/wp\/v2\/product_brand?post=739"},{"taxonomy":"product_cat","embeddable":true,"href":"https:\/\/lojaopening.com.br\/shopp\/wp-json\/wp\/v2\/product_cat?post=739"},{"taxonomy":"product_tag","embeddable":true,"href":"https:\/\/lojaopening.com.br\/shopp\/wp-json\/wp\/v2\/product_tag?post=739"}],"curies":[{"name":"wp","href":"https:\/\/api.w.org\/{rel}","templated":true}]}}